{"id":1488,"date":"2026-04-10T18:40:05","date_gmt":"2026-04-10T16:40:05","guid":{"rendered":"https:\/\/boutiquebeautyclub.ch\/rueckgabe-und-rueckerstattungsrichtlinie\/"},"modified":"2026-04-10T19:01:17","modified_gmt":"2026-04-10T17:01:17","slug":"rueckgabe-und-rueckerstattungsrichtlinie","status":"publish","type":"page","link":"https:\/\/boutiquebeautyclub.ch\/de\/rueckgabe-und-rueckerstattungsrichtlinie\/","title":{"rendered":"R\u00fcckgabe- und R\u00fcckerstattungsrichtlinie"},"content":{"rendered":"\n<p><b>Dies ist eine Beispielseite.<\/b><\/p>\n\n<h2 class=\"wp-block-heading\">\u00dcbersicht<\/h2>\n\n<p>Unsere R\u00fcckgabe- und R\u00fcckerstattungsrichtlinie gilt 30 Tage. Wenn seit deinem Kauf 30 Tage vergangen sind, k\u00f6nnen wir dir keine vollst\u00e4ndige R\u00fcckerstattung oder einen Umtausch anbieten. <\/p>\n\n<p>Um f\u00fcr eine R\u00fcckgabe berechtigt zu sein, muss dein Artikel unbenutzt und in demselben Zustand sein, in dem du ihn erhalten hast. Er muss sich auch in der Originalverpackung befinden. <\/p>\n\n<p>Mehrere Arten von Waren sind von der R\u00fcckgabe ausgeschlossen. Verderbliche Waren wie Lebensmittel, Blumen, Zeitungen oder Zeitschriften k\u00f6nnen nicht zur\u00fcckgegeben werden. Wir akzeptieren auch keine Produkte, die intim oder hygienisch sind, Gefahrstoffe oder brennbare Fl\u00fcssigkeiten oder Gase.  <\/p>\n\n<p>Weitere nicht r\u00fcckgabef\u00e4hige Artikel:<\/p>\n\n<ul class=\"wp-block-list\">\n<li>Geschenkkarten<\/li>\n<li>Herunterladbare Softwareprodukte<\/li>\n<li>Einige Gesundheits- und K\u00f6rperpflegeartikel<\/li>\n<\/ul>\n\n<p>Um deine R\u00fcckgabe abzuschlie\u00dfen, ben\u00f6tigen wir eine Quittung oder einen Kaufbeleg.<\/p>\n\n<p>Bitte sende deinen Kauf nicht an den Hersteller zur\u00fcck.<\/p>\n\n<p>Es gibt bestimmte Situationen, in denen nur teilweise R\u00fcckerstattungen gew\u00e4hrt werden:<\/p>\n\n<ul class=\"wp-block-list\">\n<li>Buch mit offensichtlichen Gebrauchsspuren<\/li>\n<li>CD, DVD, VHS-Kassette, Software, Videospiel, Kassette oder Schallplatte, die ge\u00f6ffnet wurde.<\/li>\n<li>Jeder Artikel, der sich nicht im Originalzustand befindet, besch\u00e4digt ist oder Teile fehlen aus Gr\u00fcnden, die nicht auf unseren Fehler zur\u00fcckzuf\u00fchren sind.<\/li>\n<li>Jeder Artikel, der mehr als 30 Tage nach Lieferung zur\u00fcckgegeben wird<\/li>\n<\/ul>\n\n<h2 class=\"wp-block-heading\">R\u00fcckerstattungen<\/h2>\n\n<p>Sobald deine R\u00fccksendung eingegangen und gepr\u00fcft wurde, senden wir dir eine E-Mail, um dich dar\u00fcber zu informieren, dass wir deinen zur\u00fcckgesendeten Artikel erhalten haben. Wir werden dich auch \u00fcber die Genehmigung oder Ablehnung deiner R\u00fcckerstattung informieren. <\/p>\n\n<p>Wenn du genehmigt wirst, wird deine R\u00fcckerstattung bearbeitet und eine Gutschrift wird innerhalb einer bestimmten Anzahl von Tagen automatisch auf deine Kreditkarte oder die urspr\u00fcngliche Zahlungsmethode angewendet.<\/p>\n\n<h3 class=\"wp-block-heading\">Versp\u00e4tete oder fehlende R\u00fcckerstattungen<\/h3>\n\n<p>Wenn du noch keine R\u00fcckerstattung erhalten hast, \u00fcberpr\u00fcfe zuerst noch einmal dein Bankkonto.<\/p>\n\n<p>Kontaktiere dann dein Kreditkartenunternehmen, es kann einige Zeit dauern, bis deine R\u00fcckerstattung offiziell gebucht wird.<\/p>\n\n<p>Kontaktiere als N\u00e4chstes deine Bank. Es gibt oft eine Bearbeitungszeit, bevor eine R\u00fcckerstattung gebucht wird. <\/p>\n\n<p>Wenn du all dies getan hast und du deine R\u00fcckerstattung immer noch nicht erhalten hast, kontaktiere uns bitte unter {email address}.<\/p>\n\n<h3 class=\"wp-block-heading\">Reduzierte Artikel<\/h3>\n\n<p>Nur Artikel zum regul\u00e4ren Preis k\u00f6nnen erstattet werden. Reduzierte Artikel k\u00f6nnen nicht erstattet werden. <\/p>\n\n<h2 class=\"wp-block-heading\">Umtausch<\/h2>\n\n<p>Wir ersetzen Artikel nur, wenn sie defekt oder besch\u00e4digt sind. Wenn du ihn gegen denselben Artikel umtauschen musst, sende uns eine E-Mail an {email address} und sende deinen Artikel an: {physical address}. <\/p>\n\n<h2 class=\"wp-block-heading\">Geschenke<\/h2>\n\n<p>Wenn der Artikel beim Kauf als Geschenk gekennzeichnet und direkt an dich versandt wurde, erh\u00e4ltst du eine Geschenkgutschrift f\u00fcr den Wert deiner R\u00fccksendung. Sobald der zur\u00fcckgesendete Artikel eingegangen ist, wird dir ein Geschenkgutschein zugesandt. <\/p>\n\n<p>Wenn der Artikel beim Kauf nicht als Geschenk gekennzeichnet wurde oder der Schenkende die Bestellung an sich selbst versenden lie\u00df, um sie dir sp\u00e4ter zu geben, senden wir eine R\u00fcckerstattung an den Schenkenden und er wird von deiner R\u00fccksendung erfahren.<\/p>\n\n<h2 class=\"wp-block-heading\">Versand von R\u00fccksendungen<\/h2>\n\n<p>Um dein Produkt zur\u00fcckzusenden, solltest du dein Produkt an folgende Adresse senden: {physical address}.<\/p>\n\n<p>Du bist f\u00fcr die Zahlung deiner eigenen Versandkosten f\u00fcr die R\u00fccksendung deines Artikels verantwortlich. Versandkosten sind nicht erstattungsf\u00e4hig. Wenn du eine R\u00fcckerstattung erh\u00e4ltst, werden die Kosten f\u00fcr den R\u00fcckversand von deiner R\u00fcckerstattung abgezogen.  <\/p>\n\n<p>Je nachdem, wo du wohnst, kann die Zeit variieren, bis dein umgetauschtes Produkt bei dir ankommt.<\/p>\n\n<p>Wenn du teurere Artikel zur\u00fccksendest, solltest du in Betracht ziehen, einen nachverfolgbaren Versandservice zu nutzen oder eine Versandversicherung abzuschlie\u00dfen. Wir garantieren nicht, dass wir deinen zur\u00fcckgesendeten Artikel erhalten. <\/p>\n\n<h2 class=\"wp-block-heading\">Brauchst du Hilfe?<\/h2>\n\n<p>Kontaktiere uns unter {email} bei Fragen zu R\u00fcckerstattungen und R\u00fccksendungen.<\/p>\n","protected":false},"excerpt":{"rendered":"<p>Dies ist eine Beispielseite. \u00dcbersicht Unsere R\u00fcckgabe- und R\u00fcckerstattungsrichtlinie gilt 30 Tage. Wenn seit deinem Kauf 30 Tage vergangen sind, k\u00f6nnen wir dir keine vollst\u00e4ndige R\u00fcckerstattung oder einen Umtausch anbieten. Um f\u00fcr eine R\u00fcckgabe berechtigt zu sein, muss dein Artikel unbenutzt und in demselben Zustand sein, in dem du ihn erhalten hast. Er muss sich auch in der Originalverpackung befinden.  [&#8230;]<\/p>\n","protected":false},"author":1,"featured_media":0,"parent":0,"menu_order":0,"comment_status":"closed","ping_status":"closed","template":"","meta":{"footnotes":""},"class_list":["post-1488","page","type-page","status-publish","hentry"],"yoast_head":"<!-- This site is optimized with the Yoast SEO plugin v27.6 - https:\/\/yoast.com\/product\/yoast-seo-wordpress\/ -->\n<title>R\u00fcckgabe- und R\u00fcckerstattungsrichtlinie - Boutique Beauty Club<\/title>\n<meta name=\"robots\" content=\"index, follow, max-snippet:-1, max-image-preview:large, max-video-preview:-1\" \/>\n<link rel=\"canonical\" href=\"https:\/\/boutiquebeautyclub.ch\/de\/rueckgabe-und-rueckerstattungsrichtlinie\/\" \/>\n<meta property=\"og:locale\" content=\"de_DE\" \/>\n<meta property=\"og:type\" content=\"article\" \/>\n<meta property=\"og:title\" content=\"R\u00fcckgabe- und R\u00fcckerstattungsrichtlinie - Boutique Beauty Club\" \/>\n<meta property=\"og:description\" content=\"Dies ist eine Beispielseite. \u00dcbersicht Unsere R\u00fcckgabe- und R\u00fcckerstattungsrichtlinie gilt 30 Tage. Wenn seit deinem Kauf 30 Tage vergangen sind, k\u00f6nnen wir dir keine vollst\u00e4ndige R\u00fcckerstattung oder einen Umtausch anbieten. Um f\u00fcr eine R\u00fcckgabe berechtigt zu sein, muss dein Artikel unbenutzt und in demselben Zustand sein, in dem du ihn erhalten hast. Er muss sich auch in der Originalverpackung befinden. [...]\" \/>\n<meta property=\"og:url\" content=\"https:\/\/boutiquebeautyclub.ch\/de\/rueckgabe-und-rueckerstattungsrichtlinie\/\" \/>\n<meta property=\"og:site_name\" content=\"Boutique Beauty Club\" \/>\n<meta property=\"article:publisher\" content=\"https:\/\/www.facebook.com\/beautyclubesteticalosone\/\" \/>\n<meta property=\"article:modified_time\" content=\"2026-04-10T17:01:17+00:00\" \/>\n<meta name=\"twitter:card\" content=\"summary_large_image\" \/>\n<meta name=\"twitter:label1\" content=\"Gesch\u00e4tzte Lesezeit\" \/>\n\t<meta name=\"twitter:data1\" content=\"3\u00a0Minuten\" \/>\n<script type=\"application\/ld+json\" class=\"yoast-schema-graph\">{\"@context\":\"https:\\\/\\\/schema.org\",\"@graph\":[{\"@type\":\"WebPage\",\"@id\":\"https:\\\/\\\/boutiquebeautyclub.ch\\\/de\\\/rueckgabe-und-rueckerstattungsrichtlinie\\\/\",\"url\":\"https:\\\/\\\/boutiquebeautyclub.ch\\\/de\\\/rueckgabe-und-rueckerstattungsrichtlinie\\\/\",\"name\":\"R\u00fcckgabe- und R\u00fcckerstattungsrichtlinie - Boutique Beauty Club\",\"isPartOf\":{\"@id\":\"https:\\\/\\\/boutiquebeautyclub.ch\\\/de\\\/#website\"},\"datePublished\":\"2026-04-10T16:40:05+00:00\",\"dateModified\":\"2026-04-10T17:01:17+00:00\",\"breadcrumb\":{\"@id\":\"https:\\\/\\\/boutiquebeautyclub.ch\\\/de\\\/rueckgabe-und-rueckerstattungsrichtlinie\\\/#breadcrumb\"},\"inLanguage\":\"de\",\"potentialAction\":[{\"@type\":\"ReadAction\",\"target\":[\"https:\\\/\\\/boutiquebeautyclub.ch\\\/de\\\/rueckgabe-und-rueckerstattungsrichtlinie\\\/\"]}]},{\"@type\":\"BreadcrumbList\",\"@id\":\"https:\\\/\\\/boutiquebeautyclub.ch\\\/de\\\/rueckgabe-und-rueckerstattungsrichtlinie\\\/#breadcrumb\",\"itemListElement\":[{\"@type\":\"ListItem\",\"position\":1,\"name\":\"Home\",\"item\":\"https:\\\/\\\/boutiquebeautyclub.ch\\\/de\\\/\"},{\"@type\":\"ListItem\",\"position\":2,\"name\":\"R\u00fcckgabe- und R\u00fcckerstattungsrichtlinie\"}]},{\"@type\":\"WebSite\",\"@id\":\"https:\\\/\\\/boutiquebeautyclub.ch\\\/de\\\/#website\",\"url\":\"https:\\\/\\\/boutiquebeautyclub.ch\\\/de\\\/\",\"name\":\"Boutique Beauty Club\",\"description\":\"Il tuo punto di riferimento per la bellezza e il benessere.\",\"publisher\":{\"@id\":\"https:\\\/\\\/boutiquebeautyclub.ch\\\/de\\\/#organization\"},\"potentialAction\":[{\"@type\":\"SearchAction\",\"target\":{\"@type\":\"EntryPoint\",\"urlTemplate\":\"https:\\\/\\\/boutiquebeautyclub.ch\\\/de\\\/?s={search_term_string}\"},\"query-input\":{\"@type\":\"PropertyValueSpecification\",\"valueRequired\":true,\"valueName\":\"search_term_string\"}}],\"inLanguage\":\"de\"},{\"@type\":\"Organization\",\"@id\":\"https:\\\/\\\/boutiquebeautyclub.ch\\\/de\\\/#organization\",\"name\":\"Boutique Beauty Club\",\"url\":\"https:\\\/\\\/boutiquebeautyclub.ch\\\/de\\\/\",\"logo\":{\"@type\":\"ImageObject\",\"inLanguage\":\"de\",\"@id\":\"https:\\\/\\\/boutiquebeautyclub.ch\\\/de\\\/#\\\/schema\\\/logo\\\/image\\\/\",\"url\":\"https:\\\/\\\/boutiquebeautyclub.ch\\\/wp-content\\\/uploads\\\/2025\\\/07\\\/logo.png\",\"contentUrl\":\"https:\\\/\\\/boutiquebeautyclub.ch\\\/wp-content\\\/uploads\\\/2025\\\/07\\\/logo.png\",\"width\":600,\"height\":248,\"caption\":\"Boutique Beauty Club\"},\"image\":{\"@id\":\"https:\\\/\\\/boutiquebeautyclub.ch\\\/de\\\/#\\\/schema\\\/logo\\\/image\\\/\"},\"sameAs\":[\"https:\\\/\\\/www.facebook.com\\\/beautyclubesteticalosone\\\/\",\"https:\\\/\\\/www.instagram.com\\\/beautyclubestetica\\\/?hl=it\"]}]}<\/script>\n<!-- \/ Yoast SEO plugin. -->","yoast_head_json":{"title":"R\u00fcckgabe- und R\u00fcckerstattungsrichtlinie - Boutique Beauty Club","robots":{"index":"index","follow":"follow","max-snippet":"max-snippet:-1","max-image-preview":"max-image-preview:large","max-video-preview":"max-video-preview:-1"},"canonical":"https:\/\/boutiquebeautyclub.ch\/de\/rueckgabe-und-rueckerstattungsrichtlinie\/","og_locale":"de_DE","og_type":"article","og_title":"R\u00fcckgabe- und R\u00fcckerstattungsrichtlinie - Boutique Beauty Club","og_description":"Dies ist eine Beispielseite. \u00dcbersicht Unsere R\u00fcckgabe- und R\u00fcckerstattungsrichtlinie gilt 30 Tage. Wenn seit deinem Kauf 30 Tage vergangen sind, k\u00f6nnen wir dir keine vollst\u00e4ndige R\u00fcckerstattung oder einen Umtausch anbieten. Um f\u00fcr eine R\u00fcckgabe berechtigt zu sein, muss dein Artikel unbenutzt und in demselben Zustand sein, in dem du ihn erhalten hast. Er muss sich auch in der Originalverpackung befinden. [...]","og_url":"https:\/\/boutiquebeautyclub.ch\/de\/rueckgabe-und-rueckerstattungsrichtlinie\/","og_site_name":"Boutique Beauty Club","article_publisher":"https:\/\/www.facebook.com\/beautyclubesteticalosone\/","article_modified_time":"2026-04-10T17:01:17+00:00","twitter_card":"summary_large_image","twitter_misc":{"Gesch\u00e4tzte Lesezeit":"3\u00a0Minuten"},"schema":{"@context":"https:\/\/schema.org","@graph":[{"@type":"WebPage","@id":"https:\/\/boutiquebeautyclub.ch\/de\/rueckgabe-und-rueckerstattungsrichtlinie\/","url":"https:\/\/boutiquebeautyclub.ch\/de\/rueckgabe-und-rueckerstattungsrichtlinie\/","name":"R\u00fcckgabe- und R\u00fcckerstattungsrichtlinie - Boutique Beauty Club","isPartOf":{"@id":"https:\/\/boutiquebeautyclub.ch\/de\/#website"},"datePublished":"2026-04-10T16:40:05+00:00","dateModified":"2026-04-10T17:01:17+00:00","breadcrumb":{"@id":"https:\/\/boutiquebeautyclub.ch\/de\/rueckgabe-und-rueckerstattungsrichtlinie\/#breadcrumb"},"inLanguage":"de","potentialAction":[{"@type":"ReadAction","target":["https:\/\/boutiquebeautyclub.ch\/de\/rueckgabe-und-rueckerstattungsrichtlinie\/"]}]},{"@type":"BreadcrumbList","@id":"https:\/\/boutiquebeautyclub.ch\/de\/rueckgabe-und-rueckerstattungsrichtlinie\/#breadcrumb","itemListElement":[{"@type":"ListItem","position":1,"name":"Home","item":"https:\/\/boutiquebeautyclub.ch\/de\/"},{"@type":"ListItem","position":2,"name":"R\u00fcckgabe- und R\u00fcckerstattungsrichtlinie"}]},{"@type":"WebSite","@id":"https:\/\/boutiquebeautyclub.ch\/de\/#website","url":"https:\/\/boutiquebeautyclub.ch\/de\/","name":"Boutique Beauty Club","description":"Il tuo punto di riferimento per la bellezza e il benessere.","publisher":{"@id":"https:\/\/boutiquebeautyclub.ch\/de\/#organization"},"potentialAction":[{"@type":"SearchAction","target":{"@type":"EntryPoint","urlTemplate":"https:\/\/boutiquebeautyclub.ch\/de\/?s={search_term_string}"},"query-input":{"@type":"PropertyValueSpecification","valueRequired":true,"valueName":"search_term_string"}}],"inLanguage":"de"},{"@type":"Organization","@id":"https:\/\/boutiquebeautyclub.ch\/de\/#organization","name":"Boutique Beauty Club","url":"https:\/\/boutiquebeautyclub.ch\/de\/","logo":{"@type":"ImageObject","inLanguage":"de","@id":"https:\/\/boutiquebeautyclub.ch\/de\/#\/schema\/logo\/image\/","url":"https:\/\/boutiquebeautyclub.ch\/wp-content\/uploads\/2025\/07\/logo.png","contentUrl":"https:\/\/boutiquebeautyclub.ch\/wp-content\/uploads\/2025\/07\/logo.png","width":600,"height":248,"caption":"Boutique Beauty Club"},"image":{"@id":"https:\/\/boutiquebeautyclub.ch\/de\/#\/schema\/logo\/image\/"},"sameAs":["https:\/\/www.facebook.com\/beautyclubesteticalosone\/","https:\/\/www.instagram.com\/beautyclubestetica\/?hl=it"]}]}},"_links":{"self":[{"href":"https:\/\/boutiquebeautyclub.ch\/de\/wp-json\/wp\/v2\/pages\/1488","targetHints":{"allow":["GET"]}}],"collection":[{"href":"https:\/\/boutiquebeautyclub.ch\/de\/wp-json\/wp\/v2\/pages"}],"about":[{"href":"https:\/\/boutiquebeautyclub.ch\/de\/wp-json\/wp\/v2\/types\/page"}],"author":[{"embeddable":true,"href":"https:\/\/boutiquebeautyclub.ch\/de\/wp-json\/wp\/v2\/users\/1"}],"replies":[{"embeddable":true,"href":"https:\/\/boutiquebeautyclub.ch\/de\/wp-json\/wp\/v2\/comments?post=1488"}],"version-history":[{"count":0,"href":"https:\/\/boutiquebeautyclub.ch\/de\/wp-json\/wp\/v2\/pages\/1488\/revisions"}],"wp:attachment":[{"href":"https:\/\/boutiquebeautyclub.ch\/de\/wp-json\/wp\/v2\/media?parent=1488"}],"curies":[{"name":"wp","href":"https:\/\/api.w.org\/{rel}","templated":true}]}}