{"id":2351,"date":"2025-07-16T13:51:41","date_gmt":"2025-07-16T11:51:41","guid":{"rendered":"https:\/\/boutiquebeautyclub.ch\/allgemeine-geschaeftsbedingungen\/"},"modified":"2026-04-10T19:28:33","modified_gmt":"2026-04-10T17:28:33","slug":"allgemeine-geschaeftsbedingungen","status":"publish","type":"page","link":"https:\/\/boutiquebeautyclub.ch\/de\/allgemeine-geschaeftsbedingungen\/","title":{"rendered":"Allgemeine Gesch\u00e4ftsbedingungen"},"content":{"rendered":"<div class=\"fusion-fullwidth fullwidth-box fusion-builder-row-1 fusion-flex-container has-pattern-background has-mask-background nonhundred-percent-fullwidth non-hundred-percent-height-scrolling text-normal\" style=\"--awb-border-radius-top-left:0px;--awb-border-radius-top-right:0px;--awb-border-radius-bottom-right:0px;--awb-border-radius-bottom-left:0px;--awb-padding-top:40px;--awb-padding-right:80px;--awb-padding-bottom:40px;--awb-padding-left:80px;--awb-padding-top-medium:35px;--awb-padding-right-medium:70px;--awb-padding-bottom-medium:35px;--awb-padding-left-medium:70px;--awb-padding-top-small:80px;--awb-padding-right-small:40px;--awb-padding-bottom-small:40px;--awb-padding-left-small:40px;--awb-flex-wrap:wrap;\" ><div class=\"fusion-builder-row fusion-row fusion-flex-align-items-center fusion-flex-justify-content-center fusion-flex-content-wrap\" style=\"max-width:2080px;margin-left: calc(-4% \/ 2 );margin-right: calc(-4% \/ 2 );\"><div class=\"fusion-layout-column fusion_builder_column fusion-builder-column-0 fusion_builder_column_3_4 3_4 fusion-flex-column\" style=\"--awb-bg-size:cover;--awb-width-large:75%;--awb-margin-top-large:0px;--awb-spacing-right-large:2.56%;--awb-margin-bottom-large:20px;--awb-spacing-left-large:2.56%;--awb-width-medium:100%;--awb-order-medium:0;--awb-spacing-right-medium:1.92%;--awb-spacing-left-medium:1.92%;--awb-width-small:100%;--awb-order-small:0;--awb-spacing-right-small:1.92%;--awb-spacing-left-small:1.92%;\" data-scroll-devices=\"small-visibility,medium-visibility,large-visibility\"><div class=\"fusion-column-wrapper fusion-column-has-shadow fusion-flex-justify-content-flex-start fusion-content-layout-column\"><div class=\"fusion-title title fusion-title-1 fusion-sep-none fusion-title-text fusion-title-size-two\" style=\"--awb-text-color:var(--awb-color8);--awb-margin-top:40px;--awb-margin-bottom:40px;--awb-margin-top-small:10px;--awb-margin-right-small:0px;--awb-margin-bottom-small:40px;--awb-margin-left-small:0px;--awb-margin-bottom-medium:20px;\"><h2 class=\"fusion-title-heading title-heading-left\" style=\"margin:0;\">Allgemeine Gesch\u00e4ftsbedingungen<\/h2><\/div><div class=\"fusion-text fusion-text-1\" style=\"--awb-content-alignment:left;\"><p><strong>Allgemeine Verkaufsbedingungen<\/strong><\/p>\n<p>Diese Allgemeinen Verkaufsbedingungen (AGB) gelten f\u00fcr die Gesch\u00e4ftsbeziehungen zwischen K\u00e4ufern und Beauty Club Estetica. Mit der Bestellung der von Beauty Club Estetica angebotenen Produkte und Dienstleistungen erkl\u00e4rt der Kunde, dass er die nachfolgenden Bedingungen zur Kenntnis genommen hat und diese ohne jegliche \u00c4nderung vollst\u00e4ndig akzeptiert. Der K\u00e4ufer der Produkte erkennt an, dass die Originalsprache dieser Bedingungen Italienisch ist. Im Falle von Abweichungen oder Widerspr\u00fcchen zwischen den \u00dcbersetzungen und dem italienischen Originaltext hat letzterer Vorrang.  <\/p>\n<p><strong>Allgemeines<\/strong><\/p>\n<p>Beauty Club Estetica verwaltet den Verkauf von Produkten und Dienstleistungen aus dem Kosmetikbereich auf dem Schweizer Gebiet. Gegenstand dieser AGB ist der Kauf von Produkten und Dienstleistungen bei Beauty Club Estetica \u00fcber die Website Beauty Club Boutique (im Folgenden: Webshop). Unter Produkten versteht man alle kosmetischen Produkte und Ger\u00e4te, die im Webshop zum Verkauf angeboten werden.  <\/p>\n<p><strong>Produkte<\/strong><\/p>\n<p>Die Bedingungen von Beauty Club Estetica, die \u00fcber den Webshop zug\u00e4nglich sind, gelten f\u00fcr alle von ihr verkauften Produkte. Beauty Club Estetica kann jederzeit das Produktsortiment \u00e4ndern oder die Lieferung aussetzen. Die Fotos und Beschreibungen der Produkte und Dienstleistungen im Webshop sind rein informativ. In bestimmten F\u00e4llen beh\u00e4lt sich Beauty Club Estetica das Recht vor, gleichwertige Produkte anzubieten, die von den im Webshop abgebildeten oder beschriebenen abweichen k\u00f6nnen.   <\/p>\n<p><strong>Vertragsabschluss<\/strong><\/p>\n<p>Der Kunde gibt seine Bestellung von Produkten \u00fcber den Webshop auf. Die getroffene Auswahl wird im Warenkorb angezeigt, bevor sie verarbeitet wird. Der Kunde ist verpflichtet, alle f\u00fcr den Bestellvorgang erforderlichen Daten korrekt und wahrheitsgem\u00e4\u00df anzugeben sowie eventuelle \u00c4nderungen bei zuk\u00fcnftigen Bestellungen mitzuteilen.  <\/p>\n<p>Um eine Online-Bestellung aufzugeben, muss der Kunde seine E-Mail-Adresse und pers\u00f6nliche Daten f\u00fcr den Versand des Produkts eingeben. Nach Abschluss des Bestellvorgangs erh\u00e4lt er per E-Mail eine Bestellbest\u00e4tigung. Der Vertrag gilt als abgeschlossen, sobald Beauty Club Estetica die Bestellung annimmt.  <\/p>\n<p><strong>Produktlieferung<\/strong><\/p>\n<p>Die Lieferfristen sind rein informativ. Die Lieferung der Produkte erfolgt in der Regel \u00fcber die Post. Eventuelle Transportsch\u00e4den m\u00fcssen unverz\u00fcglich schriftlich dem Transportunternehmen und Beauty Club Estetica gemeldet werden. H\u00f6here Gewalt oder andere au\u00dfergew\u00f6hnliche oder unvorhersehbare Umst\u00e4nde, die Beauty Club Estetica oder unsere Lieferanten betreffen, setzen die Lieferfristen aus, ohne dass Beauty Club Estetica daf\u00fcr verantwortlich ist.   <\/p>\n<p>Gegen\u00fcber Beauty Club Estetica k\u00f6nnen in keinem Fall Schadenersatz- und\/oder R\u00fccktrittsanspr\u00fcche wegen eventueller Sch\u00e4den oder Lieferverz\u00f6gerungen aufgrund von Transportproblemen geltend gemacht werden.<\/p>\n<p>Der Kunde hat nach Vereinbarung mit Beauty Club Estetica die M\u00f6glichkeit, die Ware direkt am Sitz von Beauty Club Estetica abzuholen. In diesem Fall ist die Lieferung kostenlos. <\/p>\n<p>Der Kunde ist verpflichtet, die Produkte zu \u00fcberpr\u00fcfen, sobald er sie erh\u00e4lt. Der Kunde muss Beauty Club Estetica innerhalb von 3 Werktagen ab Erhaltsdatum schriftlich \u00fcber eventuelle versteckte Sch\u00e4den an den Produkten oder Nicht\u00fcbereinstimmung mit der Bestellung informieren. Falls der Kunde dies nicht tut, gelten die gelieferten Produkte als akzeptiert und konform.  <\/p>\n<p><strong>Preise<\/strong><\/p>\n<p>Die Preise der Produkte verstehen sich in Schweizer Franken (CHF), inklusive MwSt. Die Versandkosten f\u00fcr Produkte betragen CHF 12,00 inklusive MwSt. f\u00fcr Bestellungen unter CHF 99,99. Ab CHF 100,00 ist der Versand kostenlos.  <\/p>\n<p>Der im Webshop angezeigte Verkaufspreis beinhaltet eventuelle Kosten f\u00fcr die Zahlungsart. Beauty Club Estetica beh\u00e4lt sich das Recht vor, besondere Rabatte oder Aktionen auf ein \u00fcber den Webshop gekauftes Produkt oder eine Dienstleistung anzuwenden. <\/p>\n<p><strong>Zahlungen<\/strong><\/p>\n<p>Die Zahlungsmodalit\u00e4ten werden w\u00e4hrend der Bestellung ausdr\u00fccklich angegeben, aber grunds\u00e4tzlich muss die Zahlung im Voraus innerhalb von 10 Tagen nach Bestellbest\u00e4tigung auf das auf der Rechnung angegebene Konto von Beauty Med Swiss Shop erfolgen. Zahlungen gelten erst dann als erfolgt, wenn der Betrag endg\u00fcltig auf dem Konto verf\u00fcgbar ist. Die Produkte werden erst nach Gutschrift des Betrags versandt.  <\/p>\n<p><strong>Eigentumsvorbehalt<\/strong><\/p>\n<p>Das Eigentum an den Produkten verbleibt bei Beauty Med Swiss bis zur vollst\u00e4ndigen Zahlung aller aus dem get\u00e4tigten Kauf resultierenden Betr\u00e4ge. Beauty Med Swiss hat das Recht, den Eigentumsvorbehalt am Wohnsitz des Kunden gem\u00e4\u00df dem Schweizerischen Zivilgesetzbuch einzutragen. <\/p>\n<p><strong>Produktgarantie<\/strong><\/p>\n<p>Die Garantie gilt f\u00fcr die Produkte und ist auf die vom Hersteller garantierten Eigenschaften und Merkmale beschr\u00e4nkt. Die Garantie gilt nicht bei Sch\u00e4den, die durch fehlerhafte Verwendung, fehlerhafte Handhabung oder aus anderen dem Kunden zuzurechnenden Gr\u00fcnden verursacht wurden. <\/p>\n<p><strong>Haftung<\/strong><\/p>\n<p>Im Falle einer Verletzung der vertraglichen Verpflichtungen aus diesen AGB haftet Boutique Beauty Club gegen\u00fcber dem Kunden f\u00fcr direkte und nachgewiesene Sch\u00e4den, die von Boutique Beauty Club vors\u00e4tzlich rechtswidrig oder durch grobe Fahrl\u00e4ssigkeit verursacht wurden.<\/p>\n<p>Der Kunde hat ausschlie\u00dflich die unter Punkt 8 ausdr\u00fccklich angegebenen Rechte. Weitere nicht ausdr\u00fccklich angegebene Anspr\u00fcche des Kunden sind ausgeschlossen. <\/p>\n<p>Die Haftung von Boutique Beauty Club f\u00fcr leichte Fahrl\u00e4ssigkeit sowie f\u00fcr indirekte Sch\u00e4den oder Folgesch\u00e4den wird ausdr\u00fccklich ausgeschlossen. Als Folgesch\u00e4den gelten insbesondere entgangener Gewinn, Reputationssch\u00e4den und Datenverlust, die durch eine vor\u00fcbergehende Unterbrechung der Verf\u00fcgbarkeit von Produkten von Boutique Beauty Club sowie durch Unterbrechungen der Vertriebskan\u00e4le, \u00dcbertragungsfehler, versp\u00e4tete Lieferung von Produkten, Fehler bei der Angabe von Preisen oder Produktbeschreibungen verursacht wurden. <\/p>\n<p>Beauty Club Estetica ist nicht verantwortlich f\u00fcr Links zu anderen Websites, den Inhalt der entsprechenden Seiten, die dort angebotenen Produkte, Dienstleistungen oder andere Angebote.<\/p>\n<p><strong>Schlussbestimmungen<\/strong><\/p>\n<p>Beauty Club Estetica beh\u00e4lt sich das Recht vor, diese AGB jederzeit zu \u00e4ndern. Die \u00c4nderungen werden im Webshop von Boutique Beauty Club zug\u00e4nglich gemacht und treten zum Zeitpunkt ihrer Online-Ver\u00f6ffentlichung in Kraft. <\/p>\n<p><strong>Versand<\/strong><\/p>\n<p>Die Pakete werden normalerweise 2 Tage nach Zahlungseingang per UPS mit Sendungsverfolgung und Zustellung ohne Unterschrift geliefert. Wenn du eine UPS-Sendung per Einschreiben bevorzugst, fallen zus\u00e4tzliche Kosten an. Kontaktiere uns, bevor du diese Versandart w\u00e4hlst. Wir senden dir unabh\u00e4ngig von der gew\u00e4hlten Versandart einen Link zur Sendungsverfolgung.   <\/p>\n<p>Die Versandkosten umfassen die Lade- und Verpackungskosten sowie die Versandkosten. Die Ladekosten sind fix, w\u00e4hrend die Transportkosten je nach Gesamtgewicht des Pakets variieren. Wir empfehlen dir, mehrere Artikel in einer Bestellung zu kombinieren. Es ist nicht m\u00f6glich, zwei verschiedene Bestellungen zu kombinieren, und die Versandkosten werden f\u00fcr jede Bestellung separat berechnet. Dein Paket wird auf dein Risiko versandt, aber zerbrechliche Waren werden mit besonderer Sorgfalt behandelt.    <\/p>\n<p>Die Versandkartons sind gro\u00dfz\u00fcgig bemessen und deine Waren sind gut gesch\u00fctzt verpackt.<\/p>\n<p><u>R\u00fccksendung<\/u><\/p>\n<p>Boutique Beauty Club gew\u00e4hrt eine Frist von 5 Werktagen ab Erhalt der Ware, um das Widerrufsrecht geltend zu machen. Es ist erforderlich, die R\u00fccksendung des gekauften Produkts zu beantragen, indem du das entsprechende Formular auf dieser Online-Seite ausf\u00fcllst: <a href=\"https:\/\/boutiquebeautyclub.ch\/richiesta-reso\/\"><i>R\u00fccksendung beantragen<\/i><\/a> <\/p>\n<p>Das Widerrufsrecht gilt nur innerhalb der genannten Fristen und f\u00fcr Ware, die in allen Teilen vollkommen intakt, unbenutzt, verpackt und wiederverk\u00e4uflich ist. Eventuelle R\u00fccksendungen von Ware wegen M\u00e4ngeln oder Nichtkonformit\u00e4t sind mit Boutique Beauty Club zu vereinbaren. R\u00fccksendungen von Produkten, die nicht zuvor autorisiert wurden, werden nicht akzeptiert.  <\/p>\n<p>Generell k\u00f6nnen nicht zur\u00fcckgegeben werden:<\/p>\n<ul>\n<li>gebrauchte oder ge\u00f6ffnete Produkte;<\/li>\n<li>Produkte im Sonderangebot;<\/li>\n<li>ge\u00f6ffnete Verbrauchsmaterialien.<\/li>\n<\/ul>\n<p>Sofern keine nachgewiesene Verantwortung seitens Beauty Med Swiss vorliegt, beispielsweise bei fehlerhaftem Versand, gehen die Kosten f\u00fcr die R\u00fccksendung von Produkten zu Lasten des Kunden, auch im Falle eines Widerrufs.<\/p>\n<p>Im Falle der Annahme einer R\u00fccksendung durch Boutique Beauty Club wird Boutique Beauty Club, sobald festgestellt wurde, dass das Produkt in einwandfreiem Zustand und wiederverk\u00e4uflich ist, innerhalb von 4 Wochen den entsprechenden Betrag auf das vom Kunden angegebene Bankkonto erstatten.<\/p>\n<\/div><\/div><\/div><\/div><\/div>\n","protected":false},"excerpt":{"rendered":"","protected":false},"author":1,"featured_media":0,"parent":0,"menu_order":100,"comment_status":"closed","ping_status":"closed","template":"100-width.php","meta":{"footnotes":""},"class_list":["post-2351","page","type-page","status-publish","hentry"],"yoast_head":"<!-- This site is optimized with the Yoast SEO plugin v27.6 - https:\/\/yoast.com\/product\/yoast-seo-wordpress\/ -->\n<title>Allgemeine Gesch\u00e4ftsbedingungen - Boutique Beauty Club<\/title>\n<meta name=\"description\" content=\"Lies die Allgemeinen Gesch\u00e4ftsbedingungen von Beauty Club Estetica: Informationen zu K\u00e4ufen, Versand, R\u00fccksendungen und der Nutzung unseres Online-Shops.\" \/>\n<meta name=\"robots\" content=\"index, follow, max-snippet:-1, max-image-preview:large, max-video-preview:-1\" \/>\n<link rel=\"canonical\" href=\"https:\/\/boutiquebeautyclub.ch\/de\/allgemeine-geschaeftsbedingungen\/\" \/>\n<meta property=\"og:locale\" content=\"de_DE\" \/>\n<meta property=\"og:type\" content=\"article\" \/>\n<meta property=\"og:title\" content=\"Allgemeine Gesch\u00e4ftsbedingungen - Boutique Beauty Club\" \/>\n<meta property=\"og:description\" content=\"Lies die Allgemeinen Gesch\u00e4ftsbedingungen von Beauty Club Estetica: Informationen zu K\u00e4ufen, Versand, R\u00fccksendungen und der Nutzung unseres Online-Shops.\" \/>\n<meta property=\"og:url\" content=\"https:\/\/boutiquebeautyclub.ch\/de\/allgemeine-geschaeftsbedingungen\/\" \/>\n<meta property=\"og:site_name\" content=\"Boutique Beauty Club\" \/>\n<meta property=\"article:publisher\" content=\"https:\/\/www.facebook.com\/beautyclubesteticalosone\/\" \/>\n<meta property=\"article:modified_time\" content=\"2026-04-10T17:28:33+00:00\" \/>\n<meta name=\"twitter:card\" content=\"summary_large_image\" \/>\n<meta name=\"twitter:label1\" content=\"Gesch\u00e4tzte Lesezeit\" \/>\n\t<meta name=\"twitter:data1\" content=\"13\u00a0Minuten\" \/>\n<script type=\"application\/ld+json\" class=\"yoast-schema-graph\">{\"@context\":\"https:\\\/\\\/schema.org\",\"@graph\":[{\"@type\":\"WebPage\",\"@id\":\"https:\\\/\\\/boutiquebeautyclub.ch\\\/de\\\/allgemeine-geschaeftsbedingungen\\\/\",\"url\":\"https:\\\/\\\/boutiquebeautyclub.ch\\\/de\\\/allgemeine-geschaeftsbedingungen\\\/\",\"name\":\"Allgemeine Gesch\u00e4ftsbedingungen - Boutique Beauty Club\",\"isPartOf\":{\"@id\":\"https:\\\/\\\/boutiquebeautyclub.ch\\\/de\\\/#website\"},\"datePublished\":\"2025-07-16T11:51:41+00:00\",\"dateModified\":\"2026-04-10T17:28:33+00:00\",\"description\":\"Lies die Allgemeinen Gesch\u00e4ftsbedingungen von Beauty Club Estetica: Informationen zu K\u00e4ufen, Versand, R\u00fccksendungen und der Nutzung unseres Online-Shops.\",\"breadcrumb\":{\"@id\":\"https:\\\/\\\/boutiquebeautyclub.ch\\\/de\\\/allgemeine-geschaeftsbedingungen\\\/#breadcrumb\"},\"inLanguage\":\"de\",\"potentialAction\":[{\"@type\":\"ReadAction\",\"target\":[\"https:\\\/\\\/boutiquebeautyclub.ch\\\/de\\\/allgemeine-geschaeftsbedingungen\\\/\"]}]},{\"@type\":\"BreadcrumbList\",\"@id\":\"https:\\\/\\\/boutiquebeautyclub.ch\\\/de\\\/allgemeine-geschaeftsbedingungen\\\/#breadcrumb\",\"itemListElement\":[{\"@type\":\"ListItem\",\"position\":1,\"name\":\"Home\",\"item\":\"https:\\\/\\\/boutiquebeautyclub.ch\\\/de\\\/\"},{\"@type\":\"ListItem\",\"position\":2,\"name\":\"Allgemeine Gesch\u00e4ftsbedingungen\"}]},{\"@type\":\"WebSite\",\"@id\":\"https:\\\/\\\/boutiquebeautyclub.ch\\\/de\\\/#website\",\"url\":\"https:\\\/\\\/boutiquebeautyclub.ch\\\/de\\\/\",\"name\":\"Boutique Beauty Club\",\"description\":\"Il tuo punto di riferimento per la bellezza e il benessere.\",\"publisher\":{\"@id\":\"https:\\\/\\\/boutiquebeautyclub.ch\\\/de\\\/#organization\"},\"potentialAction\":[{\"@type\":\"SearchAction\",\"target\":{\"@type\":\"EntryPoint\",\"urlTemplate\":\"https:\\\/\\\/boutiquebeautyclub.ch\\\/de\\\/?s={search_term_string}\"},\"query-input\":{\"@type\":\"PropertyValueSpecification\",\"valueRequired\":true,\"valueName\":\"search_term_string\"}}],\"inLanguage\":\"de\"},{\"@type\":\"Organization\",\"@id\":\"https:\\\/\\\/boutiquebeautyclub.ch\\\/de\\\/#organization\",\"name\":\"Boutique Beauty Club\",\"url\":\"https:\\\/\\\/boutiquebeautyclub.ch\\\/de\\\/\",\"logo\":{\"@type\":\"ImageObject\",\"inLanguage\":\"de\",\"@id\":\"https:\\\/\\\/boutiquebeautyclub.ch\\\/de\\\/#\\\/schema\\\/logo\\\/image\\\/\",\"url\":\"https:\\\/\\\/boutiquebeautyclub.ch\\\/wp-content\\\/uploads\\\/2025\\\/07\\\/logo.png\",\"contentUrl\":\"https:\\\/\\\/boutiquebeautyclub.ch\\\/wp-content\\\/uploads\\\/2025\\\/07\\\/logo.png\",\"width\":600,\"height\":248,\"caption\":\"Boutique Beauty Club\"},\"image\":{\"@id\":\"https:\\\/\\\/boutiquebeautyclub.ch\\\/de\\\/#\\\/schema\\\/logo\\\/image\\\/\"},\"sameAs\":[\"https:\\\/\\\/www.facebook.com\\\/beautyclubesteticalosone\\\/\",\"https:\\\/\\\/www.instagram.com\\\/beautyclubestetica\\\/?hl=it\"]}]}<\/script>\n<!-- \/ Yoast SEO plugin. -->","yoast_head_json":{"title":"Allgemeine Gesch\u00e4ftsbedingungen - Boutique Beauty Club","description":"Lies die Allgemeinen Gesch\u00e4ftsbedingungen von Beauty Club Estetica: Informationen zu K\u00e4ufen, Versand, R\u00fccksendungen und der Nutzung unseres Online-Shops.","robots":{"index":"index","follow":"follow","max-snippet":"max-snippet:-1","max-image-preview":"max-image-preview:large","max-video-preview":"max-video-preview:-1"},"canonical":"https:\/\/boutiquebeautyclub.ch\/de\/allgemeine-geschaeftsbedingungen\/","og_locale":"de_DE","og_type":"article","og_title":"Allgemeine Gesch\u00e4ftsbedingungen - Boutique Beauty Club","og_description":"Lies die Allgemeinen Gesch\u00e4ftsbedingungen von Beauty Club Estetica: Informationen zu K\u00e4ufen, Versand, R\u00fccksendungen und der Nutzung unseres Online-Shops.","og_url":"https:\/\/boutiquebeautyclub.ch\/de\/allgemeine-geschaeftsbedingungen\/","og_site_name":"Boutique Beauty Club","article_publisher":"https:\/\/www.facebook.com\/beautyclubesteticalosone\/","article_modified_time":"2026-04-10T17:28:33+00:00","twitter_card":"summary_large_image","twitter_misc":{"Gesch\u00e4tzte Lesezeit":"13\u00a0Minuten"},"schema":{"@context":"https:\/\/schema.org","@graph":[{"@type":"WebPage","@id":"https:\/\/boutiquebeautyclub.ch\/de\/allgemeine-geschaeftsbedingungen\/","url":"https:\/\/boutiquebeautyclub.ch\/de\/allgemeine-geschaeftsbedingungen\/","name":"Allgemeine Gesch\u00e4ftsbedingungen - Boutique Beauty Club","isPartOf":{"@id":"https:\/\/boutiquebeautyclub.ch\/de\/#website"},"datePublished":"2025-07-16T11:51:41+00:00","dateModified":"2026-04-10T17:28:33+00:00","description":"Lies die Allgemeinen Gesch\u00e4ftsbedingungen von Beauty Club Estetica: Informationen zu K\u00e4ufen, Versand, R\u00fccksendungen und der Nutzung unseres Online-Shops.","breadcrumb":{"@id":"https:\/\/boutiquebeautyclub.ch\/de\/allgemeine-geschaeftsbedingungen\/#breadcrumb"},"inLanguage":"de","potentialAction":[{"@type":"ReadAction","target":["https:\/\/boutiquebeautyclub.ch\/de\/allgemeine-geschaeftsbedingungen\/"]}]},{"@type":"BreadcrumbList","@id":"https:\/\/boutiquebeautyclub.ch\/de\/allgemeine-geschaeftsbedingungen\/#breadcrumb","itemListElement":[{"@type":"ListItem","position":1,"name":"Home","item":"https:\/\/boutiquebeautyclub.ch\/de\/"},{"@type":"ListItem","position":2,"name":"Allgemeine Gesch\u00e4ftsbedingungen"}]},{"@type":"WebSite","@id":"https:\/\/boutiquebeautyclub.ch\/de\/#website","url":"https:\/\/boutiquebeautyclub.ch\/de\/","name":"Boutique Beauty Club","description":"Il tuo punto di riferimento per la bellezza e il benessere.","publisher":{"@id":"https:\/\/boutiquebeautyclub.ch\/de\/#organization"},"potentialAction":[{"@type":"SearchAction","target":{"@type":"EntryPoint","urlTemplate":"https:\/\/boutiquebeautyclub.ch\/de\/?s={search_term_string}"},"query-input":{"@type":"PropertyValueSpecification","valueRequired":true,"valueName":"search_term_string"}}],"inLanguage":"de"},{"@type":"Organization","@id":"https:\/\/boutiquebeautyclub.ch\/de\/#organization","name":"Boutique Beauty Club","url":"https:\/\/boutiquebeautyclub.ch\/de\/","logo":{"@type":"ImageObject","inLanguage":"de","@id":"https:\/\/boutiquebeautyclub.ch\/de\/#\/schema\/logo\/image\/","url":"https:\/\/boutiquebeautyclub.ch\/wp-content\/uploads\/2025\/07\/logo.png","contentUrl":"https:\/\/boutiquebeautyclub.ch\/wp-content\/uploads\/2025\/07\/logo.png","width":600,"height":248,"caption":"Boutique Beauty Club"},"image":{"@id":"https:\/\/boutiquebeautyclub.ch\/de\/#\/schema\/logo\/image\/"},"sameAs":["https:\/\/www.facebook.com\/beautyclubesteticalosone\/","https:\/\/www.instagram.com\/beautyclubestetica\/?hl=it"]}]}},"_links":{"self":[{"href":"https:\/\/boutiquebeautyclub.ch\/de\/wp-json\/wp\/v2\/pages\/2351","targetHints":{"allow":["GET"]}}],"collection":[{"href":"https:\/\/boutiquebeautyclub.ch\/de\/wp-json\/wp\/v2\/pages"}],"about":[{"href":"https:\/\/boutiquebeautyclub.ch\/de\/wp-json\/wp\/v2\/types\/page"}],"author":[{"embeddable":true,"href":"https:\/\/boutiquebeautyclub.ch\/de\/wp-json\/wp\/v2\/users\/1"}],"replies":[{"embeddable":true,"href":"https:\/\/boutiquebeautyclub.ch\/de\/wp-json\/wp\/v2\/comments?post=2351"}],"version-history":[{"count":0,"href":"https:\/\/boutiquebeautyclub.ch\/de\/wp-json\/wp\/v2\/pages\/2351\/revisions"}],"wp:attachment":[{"href":"https:\/\/boutiquebeautyclub.ch\/de\/wp-json\/wp\/v2\/media?parent=2351"}],"curies":[{"name":"wp","href":"https:\/\/api.w.org\/{rel}","templated":true}]}}