{"id":1707,"date":"2025-10-21T14:53:03","date_gmt":"2025-10-21T12:53:03","guid":{"rendered":"https:\/\/boutiquebeautyclub.ch\/prodotto\/luminant-defense-fluid-spf-50\/"},"modified":"2026-04-10T19:09:42","modified_gmt":"2026-04-10T17:09:42","slug":"luminant-defense-fluid-spf-50","status":"publish","type":"product","link":"https:\/\/boutiquebeautyclub.ch\/de\/prodotto\/luminant-defense-fluid-spf-50\/","title":{"rendered":"Luminant Defense Fluid SPF 50"},"content":{"rendered":"","protected":false},"excerpt":{"rendered":"<p>Sch\u00fctze deine Haut jeden Tag mit dem Anti-Pigmentflecken-Sonnenfluid Luminant. Der perfekte Verb\u00fcndete, um sie vor UVA-UVB-Strahlen und st\u00e4dtischer Luftverschmutzung zu sch\u00fctzen und die Bildung von Pigmentflecken vorzubeugen. Sch\u00fcttle das Produkt, um die perfekte Formulierung f\u00fcr ein trockenes Finish und schnelle Absorption zu erhalten \u2013 ideal, um deine Beauty-Routine zu vervollst\u00e4ndigen und deine Haut \u00fcberall zu sch\u00fctzen! Dermatologisch getestet, ideal f\u00fcr alle Hauttypen. Kann in der Schwangerschaft verwendet werden.<br \/>\nVegane Formel mit 65,6 % Inhaltsstoffen nat\u00fcrlichen Ursprungs.    <\/p>\n","protected":false},"featured_media":766,"template":"","meta":[],"product_brand":[],"product_cat":[407,398],"product_tag":[580,575,590,433,592,581,591,559,444,445,446],"class_list":{"0":"post-1707","1":"product","2":"type-product","3":"status-publish","4":"has-post-thumbnail","6":"product_cat-gesicht","7":"product_cat-kosmetik","8":"product_tag-anti-aging","9":"product_tag-aufhellend","10":"product_tag-fluid","11":"product_tag-gesicht","12":"product_tag-luftverschmutzung","13":"product_tag-pigmentflecken","14":"product_tag-schnelle-absorption","15":"product_tag-schutz","16":"product_tag-uv","17":"product_tag-uva","18":"product_tag-uvb","20":"first","21":"instock","22":"shipping-taxable","23":"purchasable","24":"product-type-variable","25":"has-default-attributes"},"yoast_head":"<!-- This site is optimized with the Yoast SEO plugin v27.6 - https:\/\/yoast.com\/product\/yoast-seo-wordpress\/ -->\n<title>Luminant Defense Fluid SPF 50 - Boutique Beauty Club<\/title>\n<meta name=\"robots\" content=\"index, follow, max-snippet:-1, max-image-preview:large, max-video-preview:-1\" \/>\n<link rel=\"canonical\" href=\"https:\/\/boutiquebeautyclub.ch\/de\/prodotto\/luminant-defense-fluid-spf-50\/\" \/>\n<meta property=\"og:locale\" content=\"de_DE\" \/>\n<meta property=\"og:type\" content=\"article\" \/>\n<meta property=\"og:title\" content=\"Luminant Defense Fluid SPF 50 - Boutique Beauty Club\" \/>\n<meta property=\"og:description\" content=\"Sch\u00fctze deine Haut jeden Tag mit dem Anti-Pigmentflecken-Sonnenfluid Luminant. Der perfekte Verb\u00fcndete, um sie vor UVA-UVB-Strahlen und st\u00e4dtischer Luftverschmutzung zu sch\u00fctzen und die Bildung von Pigmentflecken vorzubeugen. Sch\u00fcttle das Produkt, um die perfekte Formulierung f\u00fcr ein trockenes Finish und schnelle Absorption zu erhalten \u2013 ideal, um deine Beauty-Routine zu vervollst\u00e4ndigen und deine Haut \u00fcberall zu sch\u00fctzen! Dermatologisch getestet, ideal f\u00fcr alle Hauttypen. Kann in der Schwangerschaft verwendet werden. Vegane Formel mit 65,6 % Inhaltsstoffen nat\u00fcrlichen Ursprungs.\" \/>\n<meta property=\"og:url\" content=\"https:\/\/boutiquebeautyclub.ch\/de\/prodotto\/luminant-defense-fluid-spf-50\/\" \/>\n<meta property=\"og:site_name\" content=\"Boutique Beauty Club\" \/>\n<meta property=\"article:publisher\" content=\"https:\/\/www.facebook.com\/beautyclubesteticalosone\/\" \/>\n<meta property=\"article:modified_time\" content=\"2026-04-10T17:09:42+00:00\" \/>\n<meta property=\"og:image\" content=\"https:\/\/boutiquebeautyclub.ch\/wp-content\/uploads\/2025\/10\/CZ0042.jpg\" \/>\n\t<meta property=\"og:image:width\" content=\"1200\" \/>\n\t<meta property=\"og:image:height\" content=\"1200\" \/>\n\t<meta property=\"og:image:type\" content=\"image\/jpeg\" \/>\n<meta name=\"twitter:card\" content=\"summary_large_image\" \/>\n<script type=\"application\/ld+json\" class=\"yoast-schema-graph\">{\"@context\":\"https:\\\/\\\/schema.org\",\"@graph\":[{\"@type\":\"WebPage\",\"@id\":\"https:\\\/\\\/boutiquebeautyclub.ch\\\/de\\\/prodotto\\\/luminant-defense-fluid-spf-50\\\/\",\"url\":\"https:\\\/\\\/boutiquebeautyclub.ch\\\/de\\\/prodotto\\\/luminant-defense-fluid-spf-50\\\/\",\"name\":\"Luminant Defense Fluid SPF 50 - Boutique Beauty Club\",\"isPartOf\":{\"@id\":\"https:\\\/\\\/boutiquebeautyclub.ch\\\/de\\\/#website\"},\"primaryImageOfPage\":{\"@id\":\"https:\\\/\\\/boutiquebeautyclub.ch\\\/de\\\/prodotto\\\/luminant-defense-fluid-spf-50\\\/#primaryimage\"},\"image\":{\"@id\":\"https:\\\/\\\/boutiquebeautyclub.ch\\\/de\\\/prodotto\\\/luminant-defense-fluid-spf-50\\\/#primaryimage\"},\"thumbnailUrl\":\"https:\\\/\\\/boutiquebeautyclub.ch\\\/wp-content\\\/uploads\\\/2025\\\/10\\\/CZ0042.jpg\",\"datePublished\":\"2025-10-21T12:53:03+00:00\",\"dateModified\":\"2026-04-10T17:09:42+00:00\",\"breadcrumb\":{\"@id\":\"https:\\\/\\\/boutiquebeautyclub.ch\\\/de\\\/prodotto\\\/luminant-defense-fluid-spf-50\\\/#breadcrumb\"},\"inLanguage\":\"de\",\"potentialAction\":[{\"@type\":\"ReadAction\",\"target\":[\"https:\\\/\\\/boutiquebeautyclub.ch\\\/de\\\/prodotto\\\/luminant-defense-fluid-spf-50\\\/\"]}]},{\"@type\":\"ImageObject\",\"inLanguage\":\"de\",\"@id\":\"https:\\\/\\\/boutiquebeautyclub.ch\\\/de\\\/prodotto\\\/luminant-defense-fluid-spf-50\\\/#primaryimage\",\"url\":\"https:\\\/\\\/boutiquebeautyclub.ch\\\/wp-content\\\/uploads\\\/2025\\\/10\\\/CZ0042.jpg\",\"contentUrl\":\"https:\\\/\\\/boutiquebeautyclub.ch\\\/wp-content\\\/uploads\\\/2025\\\/10\\\/CZ0042.jpg\",\"width\":1200,\"height\":1200},{\"@type\":\"BreadcrumbList\",\"@id\":\"https:\\\/\\\/boutiquebeautyclub.ch\\\/de\\\/prodotto\\\/luminant-defense-fluid-spf-50\\\/#breadcrumb\",\"itemListElement\":[{\"@type\":\"ListItem\",\"position\":1,\"name\":\"Home\",\"item\":\"https:\\\/\\\/boutiquebeautyclub.ch\\\/de\\\/\"},{\"@type\":\"ListItem\",\"position\":2,\"name\":\"Shop\",\"item\":\"https:\\\/\\\/boutiquebeautyclub.ch\\\/de\\\/shop\\\/\"},{\"@type\":\"ListItem\",\"position\":3,\"name\":\"Luminant Defense Fluid SPF 50\"}]},{\"@type\":\"WebSite\",\"@id\":\"https:\\\/\\\/boutiquebeautyclub.ch\\\/de\\\/#website\",\"url\":\"https:\\\/\\\/boutiquebeautyclub.ch\\\/de\\\/\",\"name\":\"Boutique Beauty Club\",\"description\":\"Il tuo punto di riferimento per la bellezza e il benessere.\",\"publisher\":{\"@id\":\"https:\\\/\\\/boutiquebeautyclub.ch\\\/de\\\/#organization\"},\"potentialAction\":[{\"@type\":\"SearchAction\",\"target\":{\"@type\":\"EntryPoint\",\"urlTemplate\":\"https:\\\/\\\/boutiquebeautyclub.ch\\\/de\\\/?s={search_term_string}\"},\"query-input\":{\"@type\":\"PropertyValueSpecification\",\"valueRequired\":true,\"valueName\":\"search_term_string\"}}],\"inLanguage\":\"de\"},{\"@type\":\"Organization\",\"@id\":\"https:\\\/\\\/boutiquebeautyclub.ch\\\/de\\\/#organization\",\"name\":\"Boutique Beauty Club\",\"url\":\"https:\\\/\\\/boutiquebeautyclub.ch\\\/de\\\/\",\"logo\":{\"@type\":\"ImageObject\",\"inLanguage\":\"de\",\"@id\":\"https:\\\/\\\/boutiquebeautyclub.ch\\\/de\\\/#\\\/schema\\\/logo\\\/image\\\/\",\"url\":\"https:\\\/\\\/boutiquebeautyclub.ch\\\/wp-content\\\/uploads\\\/2025\\\/07\\\/logo.png\",\"contentUrl\":\"https:\\\/\\\/boutiquebeautyclub.ch\\\/wp-content\\\/uploads\\\/2025\\\/07\\\/logo.png\",\"width\":600,\"height\":248,\"caption\":\"Boutique Beauty Club\"},\"image\":{\"@id\":\"https:\\\/\\\/boutiquebeautyclub.ch\\\/de\\\/#\\\/schema\\\/logo\\\/image\\\/\"},\"sameAs\":[\"https:\\\/\\\/www.facebook.com\\\/beautyclubesteticalosone\\\/\",\"https:\\\/\\\/www.instagram.com\\\/beautyclubestetica\\\/?hl=it\"]}]}<\/script>\n<!-- \/ Yoast SEO plugin. -->","yoast_head_json":{"title":"Luminant Defense Fluid SPF 50 - Boutique Beauty Club","robots":{"index":"index","follow":"follow","max-snippet":"max-snippet:-1","max-image-preview":"max-image-preview:large","max-video-preview":"max-video-preview:-1"},"canonical":"https:\/\/boutiquebeautyclub.ch\/de\/prodotto\/luminant-defense-fluid-spf-50\/","og_locale":"de_DE","og_type":"article","og_title":"Luminant Defense Fluid SPF 50 - Boutique Beauty Club","og_description":"Sch\u00fctze deine Haut jeden Tag mit dem Anti-Pigmentflecken-Sonnenfluid Luminant. Der perfekte Verb\u00fcndete, um sie vor UVA-UVB-Strahlen und st\u00e4dtischer Luftverschmutzung zu sch\u00fctzen und die Bildung von Pigmentflecken vorzubeugen. Sch\u00fcttle das Produkt, um die perfekte Formulierung f\u00fcr ein trockenes Finish und schnelle Absorption zu erhalten \u2013 ideal, um deine Beauty-Routine zu vervollst\u00e4ndigen und deine Haut \u00fcberall zu sch\u00fctzen! Dermatologisch getestet, ideal f\u00fcr alle Hauttypen. Kann in der Schwangerschaft verwendet werden. Vegane Formel mit 65,6 % Inhaltsstoffen nat\u00fcrlichen Ursprungs.","og_url":"https:\/\/boutiquebeautyclub.ch\/de\/prodotto\/luminant-defense-fluid-spf-50\/","og_site_name":"Boutique Beauty Club","article_publisher":"https:\/\/www.facebook.com\/beautyclubesteticalosone\/","article_modified_time":"2026-04-10T17:09:42+00:00","og_image":[{"width":1200,"height":1200,"url":"https:\/\/boutiquebeautyclub.ch\/wp-content\/uploads\/2025\/10\/CZ0042.jpg","type":"image\/jpeg"}],"twitter_card":"summary_large_image","schema":{"@context":"https:\/\/schema.org","@graph":[{"@type":"WebPage","@id":"https:\/\/boutiquebeautyclub.ch\/de\/prodotto\/luminant-defense-fluid-spf-50\/","url":"https:\/\/boutiquebeautyclub.ch\/de\/prodotto\/luminant-defense-fluid-spf-50\/","name":"Luminant Defense Fluid SPF 50 - Boutique Beauty Club","isPartOf":{"@id":"https:\/\/boutiquebeautyclub.ch\/de\/#website"},"primaryImageOfPage":{"@id":"https:\/\/boutiquebeautyclub.ch\/de\/prodotto\/luminant-defense-fluid-spf-50\/#primaryimage"},"image":{"@id":"https:\/\/boutiquebeautyclub.ch\/de\/prodotto\/luminant-defense-fluid-spf-50\/#primaryimage"},"thumbnailUrl":"https:\/\/boutiquebeautyclub.ch\/wp-content\/uploads\/2025\/10\/CZ0042.jpg","datePublished":"2025-10-21T12:53:03+00:00","dateModified":"2026-04-10T17:09:42+00:00","breadcrumb":{"@id":"https:\/\/boutiquebeautyclub.ch\/de\/prodotto\/luminant-defense-fluid-spf-50\/#breadcrumb"},"inLanguage":"de","potentialAction":[{"@type":"ReadAction","target":["https:\/\/boutiquebeautyclub.ch\/de\/prodotto\/luminant-defense-fluid-spf-50\/"]}]},{"@type":"ImageObject","inLanguage":"de","@id":"https:\/\/boutiquebeautyclub.ch\/de\/prodotto\/luminant-defense-fluid-spf-50\/#primaryimage","url":"https:\/\/boutiquebeautyclub.ch\/wp-content\/uploads\/2025\/10\/CZ0042.jpg","contentUrl":"https:\/\/boutiquebeautyclub.ch\/wp-content\/uploads\/2025\/10\/CZ0042.jpg","width":1200,"height":1200},{"@type":"BreadcrumbList","@id":"https:\/\/boutiquebeautyclub.ch\/de\/prodotto\/luminant-defense-fluid-spf-50\/#breadcrumb","itemListElement":[{"@type":"ListItem","position":1,"name":"Home","item":"https:\/\/boutiquebeautyclub.ch\/de\/"},{"@type":"ListItem","position":2,"name":"Shop","item":"https:\/\/boutiquebeautyclub.ch\/de\/shop\/"},{"@type":"ListItem","position":3,"name":"Luminant Defense Fluid SPF 50"}]},{"@type":"WebSite","@id":"https:\/\/boutiquebeautyclub.ch\/de\/#website","url":"https:\/\/boutiquebeautyclub.ch\/de\/","name":"Boutique Beauty Club","description":"Il tuo punto di riferimento per la bellezza e il benessere.","publisher":{"@id":"https:\/\/boutiquebeautyclub.ch\/de\/#organization"},"potentialAction":[{"@type":"SearchAction","target":{"@type":"EntryPoint","urlTemplate":"https:\/\/boutiquebeautyclub.ch\/de\/?s={search_term_string}"},"query-input":{"@type":"PropertyValueSpecification","valueRequired":true,"valueName":"search_term_string"}}],"inLanguage":"de"},{"@type":"Organization","@id":"https:\/\/boutiquebeautyclub.ch\/de\/#organization","name":"Boutique Beauty Club","url":"https:\/\/boutiquebeautyclub.ch\/de\/","logo":{"@type":"ImageObject","inLanguage":"de","@id":"https:\/\/boutiquebeautyclub.ch\/de\/#\/schema\/logo\/image\/","url":"https:\/\/boutiquebeautyclub.ch\/wp-content\/uploads\/2025\/07\/logo.png","contentUrl":"https:\/\/boutiquebeautyclub.ch\/wp-content\/uploads\/2025\/07\/logo.png","width":600,"height":248,"caption":"Boutique Beauty Club"},"image":{"@id":"https:\/\/boutiquebeautyclub.ch\/de\/#\/schema\/logo\/image\/"},"sameAs":["https:\/\/www.facebook.com\/beautyclubesteticalosone\/","https:\/\/www.instagram.com\/beautyclubestetica\/?hl=it"]}]}},"_links":{"self":[{"href":"https:\/\/boutiquebeautyclub.ch\/de\/wp-json\/wp\/v2\/product\/1707","targetHints":{"allow":["GET"]}}],"collection":[{"href":"https:\/\/boutiquebeautyclub.ch\/de\/wp-json\/wp\/v2\/product"}],"about":[{"href":"https:\/\/boutiquebeautyclub.ch\/de\/wp-json\/wp\/v2\/types\/product"}],"wp:featuredmedia":[{"embeddable":true,"href":"https:\/\/boutiquebeautyclub.ch\/de\/wp-json\/wp\/v2\/media\/766"}],"wp:attachment":[{"href":"https:\/\/boutiquebeautyclub.ch\/de\/wp-json\/wp\/v2\/media?parent=1707"}],"wp:term":[{"taxonomy":"product_brand","embeddable":true,"href":"https:\/\/boutiquebeautyclub.ch\/de\/wp-json\/wp\/v2\/product_brand?post=1707"},{"taxonomy":"product_cat","embeddable":true,"href":"https:\/\/boutiquebeautyclub.ch\/de\/wp-json\/wp\/v2\/product_cat?post=1707"},{"taxonomy":"product_tag","embeddable":true,"href":"https:\/\/boutiquebeautyclub.ch\/de\/wp-json\/wp\/v2\/product_tag?post=1707"}],"curies":[{"name":"wp","href":"https:\/\/api.w.org\/{rel}","templated":true}]}}