{"id":1785,"date":"2025-10-21T15:02:26","date_gmt":"2025-10-21T13:02:26","guid":{"rendered":"https:\/\/boutiquebeautyclub.ch\/prodotto\/bb-cream-natural\/"},"modified":"2025-10-21T15:02:26","modified_gmt":"2025-10-21T13:02:26","slug":"bb-cream-natural","status":"publish","type":"product","link":"https:\/\/boutiquebeautyclub.ch\/de\/prodotto\/bb-cream-natural\/","title":{"rendered":"BB Cream Natural"},"content":{"rendered":"","protected":false},"excerpt":{"rendered":"<p>Das Blemish Balm verleiht mit seinen wertvollen Inhaltsstoffen ein nat\u00fcrliches Aussehen und einen ebenm\u00e4\u00dfigen, frischen Teint. Die innovative Formel hilft, R\u00f6tungen, dunkle Flecken und Hautunreinheiten zu mildern. <\/p>\n","protected":false},"featured_media":1788,"template":"","meta":[],"product_brand":[],"product_cat":[407,398],"product_tag":[552,581,621,507],"class_list":{"0":"post-1785","1":"product","2":"type-product","3":"status-publish","4":"has-post-thumbnail","6":"product_cat-gesicht","7":"product_cat-kosmetik","8":"product_tag-anti-pigmentflecken","9":"product_tag-pigmentflecken","10":"product_tag-rotungen","11":"product_tag-unreinheiten-2","13":"first","14":"instock","15":"sale","16":"shipping-taxable","17":"purchasable","18":"product-type-simple"},"yoast_head":"<!-- This site is optimized with the Yoast SEO plugin v27.6 - https:\/\/yoast.com\/product\/yoast-seo-wordpress\/ -->\n<title>BB Cream Natural - Boutique Beauty Club<\/title>\n<meta name=\"robots\" content=\"index, follow, max-snippet:-1, max-image-preview:large, max-video-preview:-1\" \/>\n<link rel=\"canonical\" href=\"https:\/\/boutiquebeautyclub.ch\/de\/prodotto\/bb-cream-natural\/\" \/>\n<meta property=\"og:locale\" content=\"de_DE\" \/>\n<meta property=\"og:type\" content=\"article\" \/>\n<meta property=\"og:title\" content=\"BB Cream Natural - Boutique Beauty Club\" \/>\n<meta property=\"og:description\" content=\"Das Blemish Balm verleiht mit seinen wertvollen Inhaltsstoffen ein nat\u00fcrliches Aussehen und einen ebenm\u00e4\u00dfigen, frischen Teint. Die innovative Formel hilft, R\u00f6tungen, dunkle Flecken und Hautunreinheiten zu mildern.\" \/>\n<meta property=\"og:url\" content=\"https:\/\/boutiquebeautyclub.ch\/de\/prodotto\/bb-cream-natural\/\" \/>\n<meta property=\"og:site_name\" content=\"Boutique Beauty Club\" \/>\n<meta property=\"article:publisher\" content=\"https:\/\/www.facebook.com\/beautyclubesteticalosone\/\" \/>\n<meta property=\"og:image\" content=\"https:\/\/boutiquebeautyclub.ch\/wp-content\/uploads\/2025\/10\/GCL264.jpg\" \/>\n\t<meta property=\"og:image:width\" content=\"800\" \/>\n\t<meta property=\"og:image:height\" content=\"800\" \/>\n\t<meta property=\"og:image:type\" content=\"image\/jpeg\" \/>\n<meta name=\"twitter:card\" content=\"summary_large_image\" \/>\n<script type=\"application\/ld+json\" class=\"yoast-schema-graph\">{\"@context\":\"https:\\\/\\\/schema.org\",\"@graph\":[{\"@type\":\"WebPage\",\"@id\":\"https:\\\/\\\/boutiquebeautyclub.ch\\\/de\\\/prodotto\\\/bb-cream-natural\\\/\",\"url\":\"https:\\\/\\\/boutiquebeautyclub.ch\\\/de\\\/prodotto\\\/bb-cream-natural\\\/\",\"name\":\"BB Cream Natural - Boutique Beauty Club\",\"isPartOf\":{\"@id\":\"https:\\\/\\\/boutiquebeautyclub.ch\\\/de\\\/#website\"},\"primaryImageOfPage\":{\"@id\":\"https:\\\/\\\/boutiquebeautyclub.ch\\\/de\\\/prodotto\\\/bb-cream-natural\\\/#primaryimage\"},\"image\":{\"@id\":\"https:\\\/\\\/boutiquebeautyclub.ch\\\/de\\\/prodotto\\\/bb-cream-natural\\\/#primaryimage\"},\"thumbnailUrl\":\"https:\\\/\\\/boutiquebeautyclub.ch\\\/wp-content\\\/uploads\\\/2025\\\/10\\\/GCL264.jpg\",\"datePublished\":\"2025-10-21T13:02:26+00:00\",\"breadcrumb\":{\"@id\":\"https:\\\/\\\/boutiquebeautyclub.ch\\\/de\\\/prodotto\\\/bb-cream-natural\\\/#breadcrumb\"},\"inLanguage\":\"de\",\"potentialAction\":[{\"@type\":\"ReadAction\",\"target\":[\"https:\\\/\\\/boutiquebeautyclub.ch\\\/de\\\/prodotto\\\/bb-cream-natural\\\/\"]}]},{\"@type\":\"ImageObject\",\"inLanguage\":\"de\",\"@id\":\"https:\\\/\\\/boutiquebeautyclub.ch\\\/de\\\/prodotto\\\/bb-cream-natural\\\/#primaryimage\",\"url\":\"https:\\\/\\\/boutiquebeautyclub.ch\\\/wp-content\\\/uploads\\\/2025\\\/10\\\/GCL264.jpg\",\"contentUrl\":\"https:\\\/\\\/boutiquebeautyclub.ch\\\/wp-content\\\/uploads\\\/2025\\\/10\\\/GCL264.jpg\",\"width\":800,\"height\":800},{\"@type\":\"BreadcrumbList\",\"@id\":\"https:\\\/\\\/boutiquebeautyclub.ch\\\/de\\\/prodotto\\\/bb-cream-natural\\\/#breadcrumb\",\"itemListElement\":[{\"@type\":\"ListItem\",\"position\":1,\"name\":\"Home\",\"item\":\"https:\\\/\\\/boutiquebeautyclub.ch\\\/de\\\/\"},{\"@type\":\"ListItem\",\"position\":2,\"name\":\"Shop\",\"item\":\"https:\\\/\\\/boutiquebeautyclub.ch\\\/de\\\/shop\\\/\"},{\"@type\":\"ListItem\",\"position\":3,\"name\":\"BB Cream Natural\"}]},{\"@type\":\"WebSite\",\"@id\":\"https:\\\/\\\/boutiquebeautyclub.ch\\\/de\\\/#website\",\"url\":\"https:\\\/\\\/boutiquebeautyclub.ch\\\/de\\\/\",\"name\":\"Boutique Beauty Club\",\"description\":\"Il tuo punto di riferimento per la bellezza e il benessere.\",\"publisher\":{\"@id\":\"https:\\\/\\\/boutiquebeautyclub.ch\\\/de\\\/#organization\"},\"potentialAction\":[{\"@type\":\"SearchAction\",\"target\":{\"@type\":\"EntryPoint\",\"urlTemplate\":\"https:\\\/\\\/boutiquebeautyclub.ch\\\/de\\\/?s={search_term_string}\"},\"query-input\":{\"@type\":\"PropertyValueSpecification\",\"valueRequired\":true,\"valueName\":\"search_term_string\"}}],\"inLanguage\":\"de\"},{\"@type\":\"Organization\",\"@id\":\"https:\\\/\\\/boutiquebeautyclub.ch\\\/de\\\/#organization\",\"name\":\"Boutique Beauty Club\",\"url\":\"https:\\\/\\\/boutiquebeautyclub.ch\\\/de\\\/\",\"logo\":{\"@type\":\"ImageObject\",\"inLanguage\":\"de\",\"@id\":\"https:\\\/\\\/boutiquebeautyclub.ch\\\/de\\\/#\\\/schema\\\/logo\\\/image\\\/\",\"url\":\"https:\\\/\\\/boutiquebeautyclub.ch\\\/wp-content\\\/uploads\\\/2025\\\/07\\\/logo.png\",\"contentUrl\":\"https:\\\/\\\/boutiquebeautyclub.ch\\\/wp-content\\\/uploads\\\/2025\\\/07\\\/logo.png\",\"width\":600,\"height\":248,\"caption\":\"Boutique Beauty Club\"},\"image\":{\"@id\":\"https:\\\/\\\/boutiquebeautyclub.ch\\\/de\\\/#\\\/schema\\\/logo\\\/image\\\/\"},\"sameAs\":[\"https:\\\/\\\/www.facebook.com\\\/beautyclubesteticalosone\\\/\",\"https:\\\/\\\/www.instagram.com\\\/beautyclubestetica\\\/?hl=it\"]}]}<\/script>\n<!-- \/ Yoast SEO plugin. -->","yoast_head_json":{"title":"BB Cream Natural - Boutique Beauty Club","robots":{"index":"index","follow":"follow","max-snippet":"max-snippet:-1","max-image-preview":"max-image-preview:large","max-video-preview":"max-video-preview:-1"},"canonical":"https:\/\/boutiquebeautyclub.ch\/de\/prodotto\/bb-cream-natural\/","og_locale":"de_DE","og_type":"article","og_title":"BB Cream Natural - Boutique Beauty Club","og_description":"Das Blemish Balm verleiht mit seinen wertvollen Inhaltsstoffen ein nat\u00fcrliches Aussehen und einen ebenm\u00e4\u00dfigen, frischen Teint. Die innovative Formel hilft, R\u00f6tungen, dunkle Flecken und Hautunreinheiten zu mildern.","og_url":"https:\/\/boutiquebeautyclub.ch\/de\/prodotto\/bb-cream-natural\/","og_site_name":"Boutique Beauty Club","article_publisher":"https:\/\/www.facebook.com\/beautyclubesteticalosone\/","og_image":[{"width":800,"height":800,"url":"https:\/\/boutiquebeautyclub.ch\/wp-content\/uploads\/2025\/10\/GCL264.jpg","type":"image\/jpeg"}],"twitter_card":"summary_large_image","schema":{"@context":"https:\/\/schema.org","@graph":[{"@type":"WebPage","@id":"https:\/\/boutiquebeautyclub.ch\/de\/prodotto\/bb-cream-natural\/","url":"https:\/\/boutiquebeautyclub.ch\/de\/prodotto\/bb-cream-natural\/","name":"BB Cream Natural - Boutique Beauty Club","isPartOf":{"@id":"https:\/\/boutiquebeautyclub.ch\/de\/#website"},"primaryImageOfPage":{"@id":"https:\/\/boutiquebeautyclub.ch\/de\/prodotto\/bb-cream-natural\/#primaryimage"},"image":{"@id":"https:\/\/boutiquebeautyclub.ch\/de\/prodotto\/bb-cream-natural\/#primaryimage"},"thumbnailUrl":"https:\/\/boutiquebeautyclub.ch\/wp-content\/uploads\/2025\/10\/GCL264.jpg","datePublished":"2025-10-21T13:02:26+00:00","breadcrumb":{"@id":"https:\/\/boutiquebeautyclub.ch\/de\/prodotto\/bb-cream-natural\/#breadcrumb"},"inLanguage":"de","potentialAction":[{"@type":"ReadAction","target":["https:\/\/boutiquebeautyclub.ch\/de\/prodotto\/bb-cream-natural\/"]}]},{"@type":"ImageObject","inLanguage":"de","@id":"https:\/\/boutiquebeautyclub.ch\/de\/prodotto\/bb-cream-natural\/#primaryimage","url":"https:\/\/boutiquebeautyclub.ch\/wp-content\/uploads\/2025\/10\/GCL264.jpg","contentUrl":"https:\/\/boutiquebeautyclub.ch\/wp-content\/uploads\/2025\/10\/GCL264.jpg","width":800,"height":800},{"@type":"BreadcrumbList","@id":"https:\/\/boutiquebeautyclub.ch\/de\/prodotto\/bb-cream-natural\/#breadcrumb","itemListElement":[{"@type":"ListItem","position":1,"name":"Home","item":"https:\/\/boutiquebeautyclub.ch\/de\/"},{"@type":"ListItem","position":2,"name":"Shop","item":"https:\/\/boutiquebeautyclub.ch\/de\/shop\/"},{"@type":"ListItem","position":3,"name":"BB Cream Natural"}]},{"@type":"WebSite","@id":"https:\/\/boutiquebeautyclub.ch\/de\/#website","url":"https:\/\/boutiquebeautyclub.ch\/de\/","name":"Boutique Beauty Club","description":"Il tuo punto di riferimento per la bellezza e il benessere.","publisher":{"@id":"https:\/\/boutiquebeautyclub.ch\/de\/#organization"},"potentialAction":[{"@type":"SearchAction","target":{"@type":"EntryPoint","urlTemplate":"https:\/\/boutiquebeautyclub.ch\/de\/?s={search_term_string}"},"query-input":{"@type":"PropertyValueSpecification","valueRequired":true,"valueName":"search_term_string"}}],"inLanguage":"de"},{"@type":"Organization","@id":"https:\/\/boutiquebeautyclub.ch\/de\/#organization","name":"Boutique Beauty Club","url":"https:\/\/boutiquebeautyclub.ch\/de\/","logo":{"@type":"ImageObject","inLanguage":"de","@id":"https:\/\/boutiquebeautyclub.ch\/de\/#\/schema\/logo\/image\/","url":"https:\/\/boutiquebeautyclub.ch\/wp-content\/uploads\/2025\/07\/logo.png","contentUrl":"https:\/\/boutiquebeautyclub.ch\/wp-content\/uploads\/2025\/07\/logo.png","width":600,"height":248,"caption":"Boutique Beauty Club"},"image":{"@id":"https:\/\/boutiquebeautyclub.ch\/de\/#\/schema\/logo\/image\/"},"sameAs":["https:\/\/www.facebook.com\/beautyclubesteticalosone\/","https:\/\/www.instagram.com\/beautyclubestetica\/?hl=it"]}]}},"_links":{"self":[{"href":"https:\/\/boutiquebeautyclub.ch\/de\/wp-json\/wp\/v2\/product\/1785","targetHints":{"allow":["GET"]}}],"collection":[{"href":"https:\/\/boutiquebeautyclub.ch\/de\/wp-json\/wp\/v2\/product"}],"about":[{"href":"https:\/\/boutiquebeautyclub.ch\/de\/wp-json\/wp\/v2\/types\/product"}],"wp:featuredmedia":[{"embeddable":true,"href":"https:\/\/boutiquebeautyclub.ch\/de\/wp-json\/wp\/v2\/media\/1788"}],"wp:attachment":[{"href":"https:\/\/boutiquebeautyclub.ch\/de\/wp-json\/wp\/v2\/media?parent=1785"}],"wp:term":[{"taxonomy":"product_brand","embeddable":true,"href":"https:\/\/boutiquebeautyclub.ch\/de\/wp-json\/wp\/v2\/product_brand?post=1785"},{"taxonomy":"product_cat","embeddable":true,"href":"https:\/\/boutiquebeautyclub.ch\/de\/wp-json\/wp\/v2\/product_cat?post=1785"},{"taxonomy":"product_tag","embeddable":true,"href":"https:\/\/boutiquebeautyclub.ch\/de\/wp-json\/wp\/v2\/product_tag?post=1785"}],"curies":[{"name":"wp","href":"https:\/\/api.w.org\/{rel}","templated":true}]}}