{"id":1808,"date":"2025-10-21T15:02:45","date_gmt":"2025-10-21T13:02:45","guid":{"rendered":"https:\/\/boutiquebeautyclub.ch\/prodotto\/body-lotion-plus\/"},"modified":"2025-10-21T15:02:45","modified_gmt":"2025-10-21T13:02:45","slug":"body-lotion-plus","status":"publish","type":"product","link":"https:\/\/boutiquebeautyclub.ch\/de\/prodotto\/body-lotion-plus\/","title":{"rendered":"Body Lotion Plus"},"content":{"rendered":"","protected":false},"excerpt":{"rendered":"<p>Diese schnell einziehende K\u00f6rperlotion mit hochkonzentrierten nat\u00fcrlichen Fruchts\u00e4uren verleiht deiner Haut neue Frische und Geschmeidigkeit. \u00dcbersch\u00fcssige Hautsch\u00fcppchen werden entfernt und trockene Haut wird wieder mit Feuchtigkeit versorgt. Ideal bei trockener, rauer Haut und eingewachsenen Haaren.  <\/p>\n","protected":false},"featured_media":1811,"template":"","meta":[],"product_brand":[],"product_cat":[399,398],"product_tag":[651,400,537,403,409,650,593],"class_list":{"0":"post-1808","1":"product","2":"type-product","3":"status-publish","4":"has-post-thumbnail","6":"product_cat-korper","7":"product_cat-kosmetik","8":"product_tag-eingewachsene-haare","9":"product_tag-feuchtigkeitsspendend","10":"product_tag-glattend","11":"product_tag-korper","12":"product_tag-lotion","13":"product_tag-raue-haut","14":"product_tag-trockene-haut","16":"first","17":"instock","18":"shipping-taxable","19":"purchasable","20":"product-type-simple"},"yoast_head":"<!-- This site is optimized with the Yoast SEO plugin v27.6 - https:\/\/yoast.com\/product\/yoast-seo-wordpress\/ -->\n<title>Body Lotion Plus - Boutique Beauty Club<\/title>\n<meta name=\"robots\" content=\"index, follow, max-snippet:-1, max-image-preview:large, max-video-preview:-1\" \/>\n<link rel=\"canonical\" href=\"https:\/\/boutiquebeautyclub.ch\/de\/prodotto\/body-lotion-plus\/\" \/>\n<meta property=\"og:locale\" content=\"de_DE\" \/>\n<meta property=\"og:type\" content=\"article\" \/>\n<meta property=\"og:title\" content=\"Body Lotion Plus - Boutique Beauty Club\" \/>\n<meta property=\"og:description\" content=\"Diese schnell einziehende K\u00f6rperlotion mit hochkonzentrierten nat\u00fcrlichen Fruchts\u00e4uren verleiht deiner Haut neue Frische und Geschmeidigkeit. \u00dcbersch\u00fcssige Hautsch\u00fcppchen werden entfernt und trockene Haut wird wieder mit Feuchtigkeit versorgt. Ideal bei trockener, rauer Haut und eingewachsenen Haaren.\" \/>\n<meta property=\"og:url\" content=\"https:\/\/boutiquebeautyclub.ch\/de\/prodotto\/body-lotion-plus\/\" \/>\n<meta property=\"og:site_name\" content=\"Boutique Beauty Club\" \/>\n<meta property=\"article:publisher\" content=\"https:\/\/www.facebook.com\/beautyclubesteticalosone\/\" \/>\n<meta property=\"og:image\" content=\"https:\/\/boutiquebeautyclub.ch\/wp-content\/uploads\/2025\/10\/GSK122.jpg\" \/>\n\t<meta property=\"og:image:width\" content=\"800\" \/>\n\t<meta property=\"og:image:height\" content=\"800\" \/>\n\t<meta property=\"og:image:type\" content=\"image\/jpeg\" \/>\n<meta name=\"twitter:card\" content=\"summary_large_image\" \/>\n<script type=\"application\/ld+json\" class=\"yoast-schema-graph\">{\"@context\":\"https:\\\/\\\/schema.org\",\"@graph\":[{\"@type\":\"WebPage\",\"@id\":\"https:\\\/\\\/boutiquebeautyclub.ch\\\/de\\\/prodotto\\\/body-lotion-plus\\\/\",\"url\":\"https:\\\/\\\/boutiquebeautyclub.ch\\\/de\\\/prodotto\\\/body-lotion-plus\\\/\",\"name\":\"Body Lotion Plus - Boutique Beauty Club\",\"isPartOf\":{\"@id\":\"https:\\\/\\\/boutiquebeautyclub.ch\\\/de\\\/#website\"},\"primaryImageOfPage\":{\"@id\":\"https:\\\/\\\/boutiquebeautyclub.ch\\\/de\\\/prodotto\\\/body-lotion-plus\\\/#primaryimage\"},\"image\":{\"@id\":\"https:\\\/\\\/boutiquebeautyclub.ch\\\/de\\\/prodotto\\\/body-lotion-plus\\\/#primaryimage\"},\"thumbnailUrl\":\"https:\\\/\\\/boutiquebeautyclub.ch\\\/wp-content\\\/uploads\\\/2025\\\/10\\\/GSK122.jpg\",\"datePublished\":\"2025-10-21T13:02:45+00:00\",\"breadcrumb\":{\"@id\":\"https:\\\/\\\/boutiquebeautyclub.ch\\\/de\\\/prodotto\\\/body-lotion-plus\\\/#breadcrumb\"},\"inLanguage\":\"de\",\"potentialAction\":[{\"@type\":\"ReadAction\",\"target\":[\"https:\\\/\\\/boutiquebeautyclub.ch\\\/de\\\/prodotto\\\/body-lotion-plus\\\/\"]}]},{\"@type\":\"ImageObject\",\"inLanguage\":\"de\",\"@id\":\"https:\\\/\\\/boutiquebeautyclub.ch\\\/de\\\/prodotto\\\/body-lotion-plus\\\/#primaryimage\",\"url\":\"https:\\\/\\\/boutiquebeautyclub.ch\\\/wp-content\\\/uploads\\\/2025\\\/10\\\/GSK122.jpg\",\"contentUrl\":\"https:\\\/\\\/boutiquebeautyclub.ch\\\/wp-content\\\/uploads\\\/2025\\\/10\\\/GSK122.jpg\",\"width\":800,\"height\":800},{\"@type\":\"BreadcrumbList\",\"@id\":\"https:\\\/\\\/boutiquebeautyclub.ch\\\/de\\\/prodotto\\\/body-lotion-plus\\\/#breadcrumb\",\"itemListElement\":[{\"@type\":\"ListItem\",\"position\":1,\"name\":\"Home\",\"item\":\"https:\\\/\\\/boutiquebeautyclub.ch\\\/de\\\/\"},{\"@type\":\"ListItem\",\"position\":2,\"name\":\"Shop\",\"item\":\"https:\\\/\\\/boutiquebeautyclub.ch\\\/de\\\/shop\\\/\"},{\"@type\":\"ListItem\",\"position\":3,\"name\":\"Body Lotion Plus\"}]},{\"@type\":\"WebSite\",\"@id\":\"https:\\\/\\\/boutiquebeautyclub.ch\\\/de\\\/#website\",\"url\":\"https:\\\/\\\/boutiquebeautyclub.ch\\\/de\\\/\",\"name\":\"Boutique Beauty Club\",\"description\":\"Il tuo punto di riferimento per la bellezza e il benessere.\",\"publisher\":{\"@id\":\"https:\\\/\\\/boutiquebeautyclub.ch\\\/de\\\/#organization\"},\"potentialAction\":[{\"@type\":\"SearchAction\",\"target\":{\"@type\":\"EntryPoint\",\"urlTemplate\":\"https:\\\/\\\/boutiquebeautyclub.ch\\\/de\\\/?s={search_term_string}\"},\"query-input\":{\"@type\":\"PropertyValueSpecification\",\"valueRequired\":true,\"valueName\":\"search_term_string\"}}],\"inLanguage\":\"de\"},{\"@type\":\"Organization\",\"@id\":\"https:\\\/\\\/boutiquebeautyclub.ch\\\/de\\\/#organization\",\"name\":\"Boutique Beauty Club\",\"url\":\"https:\\\/\\\/boutiquebeautyclub.ch\\\/de\\\/\",\"logo\":{\"@type\":\"ImageObject\",\"inLanguage\":\"de\",\"@id\":\"https:\\\/\\\/boutiquebeautyclub.ch\\\/de\\\/#\\\/schema\\\/logo\\\/image\\\/\",\"url\":\"https:\\\/\\\/boutiquebeautyclub.ch\\\/wp-content\\\/uploads\\\/2025\\\/07\\\/logo.png\",\"contentUrl\":\"https:\\\/\\\/boutiquebeautyclub.ch\\\/wp-content\\\/uploads\\\/2025\\\/07\\\/logo.png\",\"width\":600,\"height\":248,\"caption\":\"Boutique Beauty Club\"},\"image\":{\"@id\":\"https:\\\/\\\/boutiquebeautyclub.ch\\\/de\\\/#\\\/schema\\\/logo\\\/image\\\/\"},\"sameAs\":[\"https:\\\/\\\/www.facebook.com\\\/beautyclubesteticalosone\\\/\",\"https:\\\/\\\/www.instagram.com\\\/beautyclubestetica\\\/?hl=it\"]}]}<\/script>\n<!-- \/ Yoast SEO plugin. -->","yoast_head_json":{"title":"Body Lotion Plus - Boutique Beauty Club","robots":{"index":"index","follow":"follow","max-snippet":"max-snippet:-1","max-image-preview":"max-image-preview:large","max-video-preview":"max-video-preview:-1"},"canonical":"https:\/\/boutiquebeautyclub.ch\/de\/prodotto\/body-lotion-plus\/","og_locale":"de_DE","og_type":"article","og_title":"Body Lotion Plus - Boutique Beauty Club","og_description":"Diese schnell einziehende K\u00f6rperlotion mit hochkonzentrierten nat\u00fcrlichen Fruchts\u00e4uren verleiht deiner Haut neue Frische und Geschmeidigkeit. \u00dcbersch\u00fcssige Hautsch\u00fcppchen werden entfernt und trockene Haut wird wieder mit Feuchtigkeit versorgt. Ideal bei trockener, rauer Haut und eingewachsenen Haaren.","og_url":"https:\/\/boutiquebeautyclub.ch\/de\/prodotto\/body-lotion-plus\/","og_site_name":"Boutique Beauty Club","article_publisher":"https:\/\/www.facebook.com\/beautyclubesteticalosone\/","og_image":[{"width":800,"height":800,"url":"https:\/\/boutiquebeautyclub.ch\/wp-content\/uploads\/2025\/10\/GSK122.jpg","type":"image\/jpeg"}],"twitter_card":"summary_large_image","schema":{"@context":"https:\/\/schema.org","@graph":[{"@type":"WebPage","@id":"https:\/\/boutiquebeautyclub.ch\/de\/prodotto\/body-lotion-plus\/","url":"https:\/\/boutiquebeautyclub.ch\/de\/prodotto\/body-lotion-plus\/","name":"Body Lotion Plus - Boutique Beauty Club","isPartOf":{"@id":"https:\/\/boutiquebeautyclub.ch\/de\/#website"},"primaryImageOfPage":{"@id":"https:\/\/boutiquebeautyclub.ch\/de\/prodotto\/body-lotion-plus\/#primaryimage"},"image":{"@id":"https:\/\/boutiquebeautyclub.ch\/de\/prodotto\/body-lotion-plus\/#primaryimage"},"thumbnailUrl":"https:\/\/boutiquebeautyclub.ch\/wp-content\/uploads\/2025\/10\/GSK122.jpg","datePublished":"2025-10-21T13:02:45+00:00","breadcrumb":{"@id":"https:\/\/boutiquebeautyclub.ch\/de\/prodotto\/body-lotion-plus\/#breadcrumb"},"inLanguage":"de","potentialAction":[{"@type":"ReadAction","target":["https:\/\/boutiquebeautyclub.ch\/de\/prodotto\/body-lotion-plus\/"]}]},{"@type":"ImageObject","inLanguage":"de","@id":"https:\/\/boutiquebeautyclub.ch\/de\/prodotto\/body-lotion-plus\/#primaryimage","url":"https:\/\/boutiquebeautyclub.ch\/wp-content\/uploads\/2025\/10\/GSK122.jpg","contentUrl":"https:\/\/boutiquebeautyclub.ch\/wp-content\/uploads\/2025\/10\/GSK122.jpg","width":800,"height":800},{"@type":"BreadcrumbList","@id":"https:\/\/boutiquebeautyclub.ch\/de\/prodotto\/body-lotion-plus\/#breadcrumb","itemListElement":[{"@type":"ListItem","position":1,"name":"Home","item":"https:\/\/boutiquebeautyclub.ch\/de\/"},{"@type":"ListItem","position":2,"name":"Shop","item":"https:\/\/boutiquebeautyclub.ch\/de\/shop\/"},{"@type":"ListItem","position":3,"name":"Body Lotion Plus"}]},{"@type":"WebSite","@id":"https:\/\/boutiquebeautyclub.ch\/de\/#website","url":"https:\/\/boutiquebeautyclub.ch\/de\/","name":"Boutique Beauty Club","description":"Il tuo punto di riferimento per la bellezza e il benessere.","publisher":{"@id":"https:\/\/boutiquebeautyclub.ch\/de\/#organization"},"potentialAction":[{"@type":"SearchAction","target":{"@type":"EntryPoint","urlTemplate":"https:\/\/boutiquebeautyclub.ch\/de\/?s={search_term_string}"},"query-input":{"@type":"PropertyValueSpecification","valueRequired":true,"valueName":"search_term_string"}}],"inLanguage":"de"},{"@type":"Organization","@id":"https:\/\/boutiquebeautyclub.ch\/de\/#organization","name":"Boutique Beauty Club","url":"https:\/\/boutiquebeautyclub.ch\/de\/","logo":{"@type":"ImageObject","inLanguage":"de","@id":"https:\/\/boutiquebeautyclub.ch\/de\/#\/schema\/logo\/image\/","url":"https:\/\/boutiquebeautyclub.ch\/wp-content\/uploads\/2025\/07\/logo.png","contentUrl":"https:\/\/boutiquebeautyclub.ch\/wp-content\/uploads\/2025\/07\/logo.png","width":600,"height":248,"caption":"Boutique Beauty Club"},"image":{"@id":"https:\/\/boutiquebeautyclub.ch\/de\/#\/schema\/logo\/image\/"},"sameAs":["https:\/\/www.facebook.com\/beautyclubesteticalosone\/","https:\/\/www.instagram.com\/beautyclubestetica\/?hl=it"]}]}},"_links":{"self":[{"href":"https:\/\/boutiquebeautyclub.ch\/de\/wp-json\/wp\/v2\/product\/1808","targetHints":{"allow":["GET"]}}],"collection":[{"href":"https:\/\/boutiquebeautyclub.ch\/de\/wp-json\/wp\/v2\/product"}],"about":[{"href":"https:\/\/boutiquebeautyclub.ch\/de\/wp-json\/wp\/v2\/types\/product"}],"wp:featuredmedia":[{"embeddable":true,"href":"https:\/\/boutiquebeautyclub.ch\/de\/wp-json\/wp\/v2\/media\/1811"}],"wp:attachment":[{"href":"https:\/\/boutiquebeautyclub.ch\/de\/wp-json\/wp\/v2\/media?parent=1808"}],"wp:term":[{"taxonomy":"product_brand","embeddable":true,"href":"https:\/\/boutiquebeautyclub.ch\/de\/wp-json\/wp\/v2\/product_brand?post=1808"},{"taxonomy":"product_cat","embeddable":true,"href":"https:\/\/boutiquebeautyclub.ch\/de\/wp-json\/wp\/v2\/product_cat?post=1808"},{"taxonomy":"product_tag","embeddable":true,"href":"https:\/\/boutiquebeautyclub.ch\/de\/wp-json\/wp\/v2\/product_tag?post=1808"}],"curies":[{"name":"wp","href":"https:\/\/api.w.org\/{rel}","templated":true}]}}