{"id":1979,"date":"2025-10-21T14:52:23","date_gmt":"2025-10-21T12:52:23","guid":{"rendered":"https:\/\/boutiquebeautyclub.ch\/prodotto\/hydramemory-water-source-serum-nachfuellung\/"},"modified":"2025-10-21T14:52:23","modified_gmt":"2025-10-21T12:52:23","slug":"hydramemory-water-source-serum-nachfuellung","status":"publish","type":"product","link":"https:\/\/boutiquebeautyclub.ch\/de\/prodotto\/hydramemory-water-source-serum-nachfuellung\/","title":{"rendered":"Hydramemory Water Source Serum Nachf\u00fcllung"},"content":{"rendered":"","protected":false},"excerpt":{"rendered":"<p>Ein Wasserfall der Feuchtigkeit in einer Flasche. Das neue Hydramemory Water Source Serum ist ein frisches und leichtes Serum mit einer durstl\u00f6schenden Formel, die sofortige Feuchtigkeit und Leuchtkraft selbst f\u00fcr die trockenste und stumpfeste Haut liefert. Die schnell einziehende Textur macht dieses Produkt perfekt, um die Wirksamkeit der Rich und Light Sorbet Cream zu verst\u00e4rken. Die vegane Formel ist angereichert mit der SKIN-ADAPTIVE HYDRATION Technologie: Feigenkaktus-Extrakt aus regenerativer Bio-Landwirtschaft, Makro-Hyalurons\u00e4ure* und biomimetische Textur, um der Haut sofortige Geschmeidigkeit und Spannkraft zu verleihen. Die nachf\u00fcllbare Verpackung ist eine nachhaltige L\u00f6sung zur Reduzierung der Umweltbelastung. **97,9 % Inhaltsstoffe nat\u00fcrlichen Ursprungs *Natriumhyaluronat **-91 % verwendete Verpackungsmaterialien beim Kauf der Nachf\u00fcllung vs. Erstkauf     <\/p>\n","protected":false},"featured_media":737,"template":"","meta":[],"product_brand":[],"product_cat":[407,398],"product_tag":[575,736,714,433,732,721,570],"class_list":{"0":"post-1979","1":"product","2":"type-product","3":"status-publish","4":"has-post-thumbnail","6":"product_cat-gesicht","7":"product_cat-kosmetik","8":"product_tag-aufhellend","9":"product_tag-feuchtigkeit","10":"product_tag-frische","11":"product_tag-gesicht","12":"product_tag-nachfullung","13":"product_tag-schnelle-absorption-2","14":"product_tag-serum","16":"first","17":"instock","18":"shipping-taxable","19":"purchasable","20":"product-type-variable","21":"has-default-attributes"},"yoast_head":"<!-- This site is optimized with the Yoast SEO plugin v27.6 - https:\/\/yoast.com\/product\/yoast-seo-wordpress\/ -->\n<title>Hydramemory Water Source Serum Nachf\u00fcllung - Boutique Beauty Club<\/title>\n<meta name=\"robots\" content=\"index, follow, max-snippet:-1, max-image-preview:large, max-video-preview:-1\" \/>\n<link rel=\"canonical\" href=\"https:\/\/boutiquebeautyclub.ch\/de\/prodotto\/hydramemory-water-source-serum-nachfuellung\/\" \/>\n<meta property=\"og:locale\" content=\"de_DE\" \/>\n<meta property=\"og:type\" content=\"article\" \/>\n<meta property=\"og:title\" content=\"Hydramemory Water Source Serum Nachf\u00fcllung - Boutique Beauty Club\" \/>\n<meta property=\"og:description\" content=\"Ein Wasserfall der Feuchtigkeit in einer Flasche. Das neue Hydramemory Water Source Serum ist ein frisches und leichtes Serum mit einer durstl\u00f6schenden Formel, die sofortige Feuchtigkeit und Leuchtkraft selbst f\u00fcr die trockenste und stumpfeste Haut liefert. Die schnell einziehende Textur macht dieses Produkt perfekt, um die Wirksamkeit der Rich und Light Sorbet Cream zu verst\u00e4rken. Die vegane Formel ist angereichert mit der SKIN-ADAPTIVE HYDRATION Technologie: Feigenkaktus-Extrakt aus regenerativer Bio-Landwirtschaft, Makro-Hyalurons\u00e4ure* und biomimetische Textur, um der Haut sofortige Geschmeidigkeit und Spannkraft zu verleihen. Die nachf\u00fcllbare Verpackung ist eine nachhaltige L\u00f6sung zur Reduzierung der Umweltbelastung. **97,9 % Inhaltsstoffe nat\u00fcrlichen Ursprungs *Natriumhyaluronat **-91 % verwendete Verpackungsmaterialien beim Kauf der Nachf\u00fcllung vs. Erstkauf\" \/>\n<meta property=\"og:url\" content=\"https:\/\/boutiquebeautyclub.ch\/de\/prodotto\/hydramemory-water-source-serum-nachfuellung\/\" \/>\n<meta property=\"og:site_name\" content=\"Boutique Beauty Club\" \/>\n<meta property=\"article:publisher\" content=\"https:\/\/www.facebook.com\/beautyclubesteticalosone\/\" \/>\n<meta property=\"og:image\" content=\"https:\/\/boutiquebeautyclub.ch\/wp-content\/uploads\/2025\/10\/CZ0014.jpg\" \/>\n\t<meta property=\"og:image:width\" content=\"1200\" \/>\n\t<meta property=\"og:image:height\" content=\"1200\" \/>\n\t<meta property=\"og:image:type\" content=\"image\/jpeg\" \/>\n<meta name=\"twitter:card\" content=\"summary_large_image\" \/>\n<script type=\"application\/ld+json\" class=\"yoast-schema-graph\">{\"@context\":\"https:\\\/\\\/schema.org\",\"@graph\":[{\"@type\":\"WebPage\",\"@id\":\"https:\\\/\\\/boutiquebeautyclub.ch\\\/de\\\/prodotto\\\/hydramemory-water-source-serum-nachfuellung\\\/\",\"url\":\"https:\\\/\\\/boutiquebeautyclub.ch\\\/de\\\/prodotto\\\/hydramemory-water-source-serum-nachfuellung\\\/\",\"name\":\"Hydramemory Water Source Serum Nachf\u00fcllung - Boutique Beauty Club\",\"isPartOf\":{\"@id\":\"https:\\\/\\\/boutiquebeautyclub.ch\\\/de\\\/#website\"},\"primaryImageOfPage\":{\"@id\":\"https:\\\/\\\/boutiquebeautyclub.ch\\\/de\\\/prodotto\\\/hydramemory-water-source-serum-nachfuellung\\\/#primaryimage\"},\"image\":{\"@id\":\"https:\\\/\\\/boutiquebeautyclub.ch\\\/de\\\/prodotto\\\/hydramemory-water-source-serum-nachfuellung\\\/#primaryimage\"},\"thumbnailUrl\":\"https:\\\/\\\/boutiquebeautyclub.ch\\\/wp-content\\\/uploads\\\/2025\\\/10\\\/CZ0014.jpg\",\"datePublished\":\"2025-10-21T12:52:23+00:00\",\"breadcrumb\":{\"@id\":\"https:\\\/\\\/boutiquebeautyclub.ch\\\/de\\\/prodotto\\\/hydramemory-water-source-serum-nachfuellung\\\/#breadcrumb\"},\"inLanguage\":\"de\",\"potentialAction\":[{\"@type\":\"ReadAction\",\"target\":[\"https:\\\/\\\/boutiquebeautyclub.ch\\\/de\\\/prodotto\\\/hydramemory-water-source-serum-nachfuellung\\\/\"]}]},{\"@type\":\"ImageObject\",\"inLanguage\":\"de\",\"@id\":\"https:\\\/\\\/boutiquebeautyclub.ch\\\/de\\\/prodotto\\\/hydramemory-water-source-serum-nachfuellung\\\/#primaryimage\",\"url\":\"https:\\\/\\\/boutiquebeautyclub.ch\\\/wp-content\\\/uploads\\\/2025\\\/10\\\/CZ0014.jpg\",\"contentUrl\":\"https:\\\/\\\/boutiquebeautyclub.ch\\\/wp-content\\\/uploads\\\/2025\\\/10\\\/CZ0014.jpg\",\"width\":1200,\"height\":1200},{\"@type\":\"BreadcrumbList\",\"@id\":\"https:\\\/\\\/boutiquebeautyclub.ch\\\/de\\\/prodotto\\\/hydramemory-water-source-serum-nachfuellung\\\/#breadcrumb\",\"itemListElement\":[{\"@type\":\"ListItem\",\"position\":1,\"name\":\"Home\",\"item\":\"https:\\\/\\\/boutiquebeautyclub.ch\\\/de\\\/\"},{\"@type\":\"ListItem\",\"position\":2,\"name\":\"Shop\",\"item\":\"https:\\\/\\\/boutiquebeautyclub.ch\\\/de\\\/shop\\\/\"},{\"@type\":\"ListItem\",\"position\":3,\"name\":\"Hydramemory Water Source Serum Nachf\u00fcllung\"}]},{\"@type\":\"WebSite\",\"@id\":\"https:\\\/\\\/boutiquebeautyclub.ch\\\/de\\\/#website\",\"url\":\"https:\\\/\\\/boutiquebeautyclub.ch\\\/de\\\/\",\"name\":\"Boutique Beauty Club\",\"description\":\"Il tuo punto di riferimento per la bellezza e il benessere.\",\"publisher\":{\"@id\":\"https:\\\/\\\/boutiquebeautyclub.ch\\\/de\\\/#organization\"},\"potentialAction\":[{\"@type\":\"SearchAction\",\"target\":{\"@type\":\"EntryPoint\",\"urlTemplate\":\"https:\\\/\\\/boutiquebeautyclub.ch\\\/de\\\/?s={search_term_string}\"},\"query-input\":{\"@type\":\"PropertyValueSpecification\",\"valueRequired\":true,\"valueName\":\"search_term_string\"}}],\"inLanguage\":\"de\"},{\"@type\":\"Organization\",\"@id\":\"https:\\\/\\\/boutiquebeautyclub.ch\\\/de\\\/#organization\",\"name\":\"Boutique Beauty Club\",\"url\":\"https:\\\/\\\/boutiquebeautyclub.ch\\\/de\\\/\",\"logo\":{\"@type\":\"ImageObject\",\"inLanguage\":\"de\",\"@id\":\"https:\\\/\\\/boutiquebeautyclub.ch\\\/de\\\/#\\\/schema\\\/logo\\\/image\\\/\",\"url\":\"https:\\\/\\\/boutiquebeautyclub.ch\\\/wp-content\\\/uploads\\\/2025\\\/07\\\/logo.png\",\"contentUrl\":\"https:\\\/\\\/boutiquebeautyclub.ch\\\/wp-content\\\/uploads\\\/2025\\\/07\\\/logo.png\",\"width\":600,\"height\":248,\"caption\":\"Boutique Beauty Club\"},\"image\":{\"@id\":\"https:\\\/\\\/boutiquebeautyclub.ch\\\/de\\\/#\\\/schema\\\/logo\\\/image\\\/\"},\"sameAs\":[\"https:\\\/\\\/www.facebook.com\\\/beautyclubesteticalosone\\\/\",\"https:\\\/\\\/www.instagram.com\\\/beautyclubestetica\\\/?hl=it\"]}]}<\/script>\n<!-- \/ Yoast SEO plugin. -->","yoast_head_json":{"title":"Hydramemory Water Source Serum Nachf\u00fcllung - Boutique Beauty Club","robots":{"index":"index","follow":"follow","max-snippet":"max-snippet:-1","max-image-preview":"max-image-preview:large","max-video-preview":"max-video-preview:-1"},"canonical":"https:\/\/boutiquebeautyclub.ch\/de\/prodotto\/hydramemory-water-source-serum-nachfuellung\/","og_locale":"de_DE","og_type":"article","og_title":"Hydramemory Water Source Serum Nachf\u00fcllung - Boutique Beauty Club","og_description":"Ein Wasserfall der Feuchtigkeit in einer Flasche. Das neue Hydramemory Water Source Serum ist ein frisches und leichtes Serum mit einer durstl\u00f6schenden Formel, die sofortige Feuchtigkeit und Leuchtkraft selbst f\u00fcr die trockenste und stumpfeste Haut liefert. Die schnell einziehende Textur macht dieses Produkt perfekt, um die Wirksamkeit der Rich und Light Sorbet Cream zu verst\u00e4rken. Die vegane Formel ist angereichert mit der SKIN-ADAPTIVE HYDRATION Technologie: Feigenkaktus-Extrakt aus regenerativer Bio-Landwirtschaft, Makro-Hyalurons\u00e4ure* und biomimetische Textur, um der Haut sofortige Geschmeidigkeit und Spannkraft zu verleihen. Die nachf\u00fcllbare Verpackung ist eine nachhaltige L\u00f6sung zur Reduzierung der Umweltbelastung. **97,9 % Inhaltsstoffe nat\u00fcrlichen Ursprungs *Natriumhyaluronat **-91 % verwendete Verpackungsmaterialien beim Kauf der Nachf\u00fcllung vs. Erstkauf","og_url":"https:\/\/boutiquebeautyclub.ch\/de\/prodotto\/hydramemory-water-source-serum-nachfuellung\/","og_site_name":"Boutique Beauty Club","article_publisher":"https:\/\/www.facebook.com\/beautyclubesteticalosone\/","og_image":[{"width":1200,"height":1200,"url":"https:\/\/boutiquebeautyclub.ch\/wp-content\/uploads\/2025\/10\/CZ0014.jpg","type":"image\/jpeg"}],"twitter_card":"summary_large_image","schema":{"@context":"https:\/\/schema.org","@graph":[{"@type":"WebPage","@id":"https:\/\/boutiquebeautyclub.ch\/de\/prodotto\/hydramemory-water-source-serum-nachfuellung\/","url":"https:\/\/boutiquebeautyclub.ch\/de\/prodotto\/hydramemory-water-source-serum-nachfuellung\/","name":"Hydramemory Water Source Serum Nachf\u00fcllung - Boutique Beauty Club","isPartOf":{"@id":"https:\/\/boutiquebeautyclub.ch\/de\/#website"},"primaryImageOfPage":{"@id":"https:\/\/boutiquebeautyclub.ch\/de\/prodotto\/hydramemory-water-source-serum-nachfuellung\/#primaryimage"},"image":{"@id":"https:\/\/boutiquebeautyclub.ch\/de\/prodotto\/hydramemory-water-source-serum-nachfuellung\/#primaryimage"},"thumbnailUrl":"https:\/\/boutiquebeautyclub.ch\/wp-content\/uploads\/2025\/10\/CZ0014.jpg","datePublished":"2025-10-21T12:52:23+00:00","breadcrumb":{"@id":"https:\/\/boutiquebeautyclub.ch\/de\/prodotto\/hydramemory-water-source-serum-nachfuellung\/#breadcrumb"},"inLanguage":"de","potentialAction":[{"@type":"ReadAction","target":["https:\/\/boutiquebeautyclub.ch\/de\/prodotto\/hydramemory-water-source-serum-nachfuellung\/"]}]},{"@type":"ImageObject","inLanguage":"de","@id":"https:\/\/boutiquebeautyclub.ch\/de\/prodotto\/hydramemory-water-source-serum-nachfuellung\/#primaryimage","url":"https:\/\/boutiquebeautyclub.ch\/wp-content\/uploads\/2025\/10\/CZ0014.jpg","contentUrl":"https:\/\/boutiquebeautyclub.ch\/wp-content\/uploads\/2025\/10\/CZ0014.jpg","width":1200,"height":1200},{"@type":"BreadcrumbList","@id":"https:\/\/boutiquebeautyclub.ch\/de\/prodotto\/hydramemory-water-source-serum-nachfuellung\/#breadcrumb","itemListElement":[{"@type":"ListItem","position":1,"name":"Home","item":"https:\/\/boutiquebeautyclub.ch\/de\/"},{"@type":"ListItem","position":2,"name":"Shop","item":"https:\/\/boutiquebeautyclub.ch\/de\/shop\/"},{"@type":"ListItem","position":3,"name":"Hydramemory Water Source Serum Nachf\u00fcllung"}]},{"@type":"WebSite","@id":"https:\/\/boutiquebeautyclub.ch\/de\/#website","url":"https:\/\/boutiquebeautyclub.ch\/de\/","name":"Boutique Beauty Club","description":"Il tuo punto di riferimento per la bellezza e il benessere.","publisher":{"@id":"https:\/\/boutiquebeautyclub.ch\/de\/#organization"},"potentialAction":[{"@type":"SearchAction","target":{"@type":"EntryPoint","urlTemplate":"https:\/\/boutiquebeautyclub.ch\/de\/?s={search_term_string}"},"query-input":{"@type":"PropertyValueSpecification","valueRequired":true,"valueName":"search_term_string"}}],"inLanguage":"de"},{"@type":"Organization","@id":"https:\/\/boutiquebeautyclub.ch\/de\/#organization","name":"Boutique Beauty Club","url":"https:\/\/boutiquebeautyclub.ch\/de\/","logo":{"@type":"ImageObject","inLanguage":"de","@id":"https:\/\/boutiquebeautyclub.ch\/de\/#\/schema\/logo\/image\/","url":"https:\/\/boutiquebeautyclub.ch\/wp-content\/uploads\/2025\/07\/logo.png","contentUrl":"https:\/\/boutiquebeautyclub.ch\/wp-content\/uploads\/2025\/07\/logo.png","width":600,"height":248,"caption":"Boutique Beauty Club"},"image":{"@id":"https:\/\/boutiquebeautyclub.ch\/de\/#\/schema\/logo\/image\/"},"sameAs":["https:\/\/www.facebook.com\/beautyclubesteticalosone\/","https:\/\/www.instagram.com\/beautyclubestetica\/?hl=it"]}]}},"_links":{"self":[{"href":"https:\/\/boutiquebeautyclub.ch\/de\/wp-json\/wp\/v2\/product\/1979","targetHints":{"allow":["GET"]}}],"collection":[{"href":"https:\/\/boutiquebeautyclub.ch\/de\/wp-json\/wp\/v2\/product"}],"about":[{"href":"https:\/\/boutiquebeautyclub.ch\/de\/wp-json\/wp\/v2\/types\/product"}],"wp:featuredmedia":[{"embeddable":true,"href":"https:\/\/boutiquebeautyclub.ch\/de\/wp-json\/wp\/v2\/media\/737"}],"wp:attachment":[{"href":"https:\/\/boutiquebeautyclub.ch\/de\/wp-json\/wp\/v2\/media?parent=1979"}],"wp:term":[{"taxonomy":"product_brand","embeddable":true,"href":"https:\/\/boutiquebeautyclub.ch\/de\/wp-json\/wp\/v2\/product_brand?post=1979"},{"taxonomy":"product_cat","embeddable":true,"href":"https:\/\/boutiquebeautyclub.ch\/de\/wp-json\/wp\/v2\/product_cat?post=1979"},{"taxonomy":"product_tag","embeddable":true,"href":"https:\/\/boutiquebeautyclub.ch\/de\/wp-json\/wp\/v2\/product_tag?post=1979"}],"curies":[{"name":"wp","href":"https:\/\/api.w.org\/{rel}","templated":true}]}}