{"id":2196,"date":"2025-10-21T14:53:01","date_gmt":"2025-10-21T12:53:01","guid":{"rendered":"https:\/\/boutiquebeautyclub.ch\/prodotto\/sublime-skin-rich-cream\/"},"modified":"2025-10-21T14:53:01","modified_gmt":"2025-10-21T12:53:01","slug":"sublime-skin-rich-cream","status":"publish","type":"product","link":"https:\/\/boutiquebeautyclub.ch\/de\/prodotto\/sublime-skin-rich-cream\/","title":{"rendered":"Sublime Skin Rich Cream"},"content":{"rendered":"","protected":false},"excerpt":{"rendered":"<p>Mit der Zeit und durch hormonelle Ver\u00e4nderungen neigt die Haut dazu, d\u00fcnner zu werden und besonders trocken zu sein. Probiere Sublime Skin Rich Cream, eine Gesichtscreme mit reichhaltiger und sehr n\u00e4hrender Textur, die in den Laboren von [ comfort zone ] entwickelt wurde, um Dehydrierung, Ausd\u00fcnnung und Dichteverlust entgegenzuwirken, den Teint strahlender zu machen und die Spannkraft wiederherzustellen. <\/p>\n<p>Diese Formel ist angereichert mit wichtigen Anti-Aging-Wirkstoffen wie Schafgarben-Extrakt aus regenerativer Landwirtschaft und einem biotechnologischen Meeresextrakt, die ein strafferes Aussehen der Gesichtshaut f\u00f6rdern. Die biomimetische Textur imitiert die nat\u00fcrliche Struktur der Haut f\u00fcr eine optimale Absorption und verleiht einen strahlenden Teint. Die Haut ist sichtbar straffer, gefestigt und gen\u00e4hrt.  <\/p>\n<p>98,8 % Inhaltsstoffe nat\u00fcrlichen Ursprungs.<\/p>\n","protected":false},"featured_media":757,"template":"","meta":[],"product_brand":[],"product_cat":[407,398],"product_tag":[580,758,434,690,433,537,627],"class_list":{"0":"post-2196","1":"product","2":"type-product","3":"status-publish","4":"has-post-thumbnail","6":"product_cat-gesicht","7":"product_cat-kosmetik","8":"product_tag-anti-aging","9":"product_tag-aufpolsternd","10":"product_tag-creme","11":"product_tag-falten","12":"product_tag-gesicht","13":"product_tag-glattend","14":"product_tag-straffend","16":"first","17":"instock","18":"shipping-taxable","19":"purchasable","20":"product-type-variable"},"yoast_head":"<!-- This site is optimized with the Yoast SEO plugin v27.6 - https:\/\/yoast.com\/product\/yoast-seo-wordpress\/ -->\n<title>Sublime Skin Rich Cream - Boutique Beauty Club<\/title>\n<meta name=\"robots\" content=\"index, follow, max-snippet:-1, max-image-preview:large, max-video-preview:-1\" \/>\n<link rel=\"canonical\" href=\"https:\/\/boutiquebeautyclub.ch\/de\/prodotto\/sublime-skin-rich-cream\/\" \/>\n<meta property=\"og:locale\" content=\"de_DE\" \/>\n<meta property=\"og:type\" content=\"article\" \/>\n<meta property=\"og:title\" content=\"Sublime Skin Rich Cream - Boutique Beauty Club\" \/>\n<meta property=\"og:description\" content=\"Mit der Zeit und durch hormonelle Ver\u00e4nderungen neigt die Haut dazu, d\u00fcnner zu werden und besonders trocken zu sein. Probiere Sublime Skin Rich Cream, eine Gesichtscreme mit reichhaltiger und sehr n\u00e4hrender Textur, die in den Laboren von [ comfort zone ] entwickelt wurde, um Dehydrierung, Ausd\u00fcnnung und Dichteverlust entgegenzuwirken, den Teint strahlender zu machen und die Spannkraft wiederherzustellen.  Diese Formel ist angereichert mit wichtigen Anti-Aging-Wirkstoffen wie Schafgarben-Extrakt aus regenerativer Landwirtschaft und einem biotechnologischen Meeresextrakt, die ein strafferes Aussehen der Gesichtshaut f\u00f6rdern. Die biomimetische Textur imitiert die nat\u00fcrliche Struktur der Haut f\u00fcr eine optimale Absorption und verleiht einen strahlenden Teint. Die Haut ist sichtbar straffer, gefestigt und gen\u00e4hrt.  98,8 % Inhaltsstoffe nat\u00fcrlichen Ursprungs.\" \/>\n<meta property=\"og:url\" content=\"https:\/\/boutiquebeautyclub.ch\/de\/prodotto\/sublime-skin-rich-cream\/\" \/>\n<meta property=\"og:site_name\" content=\"Boutique Beauty Club\" \/>\n<meta property=\"article:publisher\" content=\"https:\/\/www.facebook.com\/beautyclubesteticalosone\/\" \/>\n<meta property=\"og:image\" content=\"https:\/\/boutiquebeautyclub.ch\/wp-content\/uploads\/2025\/10\/CZ0034.jpg\" \/>\n\t<meta property=\"og:image:width\" content=\"1200\" \/>\n\t<meta property=\"og:image:height\" content=\"1200\" \/>\n\t<meta property=\"og:image:type\" content=\"image\/jpeg\" \/>\n<meta name=\"twitter:card\" content=\"summary_large_image\" \/>\n<script type=\"application\/ld+json\" class=\"yoast-schema-graph\">{\"@context\":\"https:\\\/\\\/schema.org\",\"@graph\":[{\"@type\":\"WebPage\",\"@id\":\"https:\\\/\\\/boutiquebeautyclub.ch\\\/de\\\/prodotto\\\/sublime-skin-rich-cream\\\/\",\"url\":\"https:\\\/\\\/boutiquebeautyclub.ch\\\/de\\\/prodotto\\\/sublime-skin-rich-cream\\\/\",\"name\":\"Sublime Skin Rich Cream - Boutique Beauty Club\",\"isPartOf\":{\"@id\":\"https:\\\/\\\/boutiquebeautyclub.ch\\\/de\\\/#website\"},\"primaryImageOfPage\":{\"@id\":\"https:\\\/\\\/boutiquebeautyclub.ch\\\/de\\\/prodotto\\\/sublime-skin-rich-cream\\\/#primaryimage\"},\"image\":{\"@id\":\"https:\\\/\\\/boutiquebeautyclub.ch\\\/de\\\/prodotto\\\/sublime-skin-rich-cream\\\/#primaryimage\"},\"thumbnailUrl\":\"https:\\\/\\\/boutiquebeautyclub.ch\\\/wp-content\\\/uploads\\\/2025\\\/10\\\/CZ0034.jpg\",\"datePublished\":\"2025-10-21T12:53:01+00:00\",\"breadcrumb\":{\"@id\":\"https:\\\/\\\/boutiquebeautyclub.ch\\\/de\\\/prodotto\\\/sublime-skin-rich-cream\\\/#breadcrumb\"},\"inLanguage\":\"de\",\"potentialAction\":[{\"@type\":\"ReadAction\",\"target\":[\"https:\\\/\\\/boutiquebeautyclub.ch\\\/de\\\/prodotto\\\/sublime-skin-rich-cream\\\/\"]}]},{\"@type\":\"ImageObject\",\"inLanguage\":\"de\",\"@id\":\"https:\\\/\\\/boutiquebeautyclub.ch\\\/de\\\/prodotto\\\/sublime-skin-rich-cream\\\/#primaryimage\",\"url\":\"https:\\\/\\\/boutiquebeautyclub.ch\\\/wp-content\\\/uploads\\\/2025\\\/10\\\/CZ0034.jpg\",\"contentUrl\":\"https:\\\/\\\/boutiquebeautyclub.ch\\\/wp-content\\\/uploads\\\/2025\\\/10\\\/CZ0034.jpg\",\"width\":1200,\"height\":1200},{\"@type\":\"BreadcrumbList\",\"@id\":\"https:\\\/\\\/boutiquebeautyclub.ch\\\/de\\\/prodotto\\\/sublime-skin-rich-cream\\\/#breadcrumb\",\"itemListElement\":[{\"@type\":\"ListItem\",\"position\":1,\"name\":\"Home\",\"item\":\"https:\\\/\\\/boutiquebeautyclub.ch\\\/de\\\/\"},{\"@type\":\"ListItem\",\"position\":2,\"name\":\"Shop\",\"item\":\"https:\\\/\\\/boutiquebeautyclub.ch\\\/de\\\/shop\\\/\"},{\"@type\":\"ListItem\",\"position\":3,\"name\":\"Sublime Skin Rich Cream\"}]},{\"@type\":\"WebSite\",\"@id\":\"https:\\\/\\\/boutiquebeautyclub.ch\\\/de\\\/#website\",\"url\":\"https:\\\/\\\/boutiquebeautyclub.ch\\\/de\\\/\",\"name\":\"Boutique Beauty Club\",\"description\":\"Il tuo punto di riferimento per la bellezza e il benessere.\",\"publisher\":{\"@id\":\"https:\\\/\\\/boutiquebeautyclub.ch\\\/de\\\/#organization\"},\"potentialAction\":[{\"@type\":\"SearchAction\",\"target\":{\"@type\":\"EntryPoint\",\"urlTemplate\":\"https:\\\/\\\/boutiquebeautyclub.ch\\\/de\\\/?s={search_term_string}\"},\"query-input\":{\"@type\":\"PropertyValueSpecification\",\"valueRequired\":true,\"valueName\":\"search_term_string\"}}],\"inLanguage\":\"de\"},{\"@type\":\"Organization\",\"@id\":\"https:\\\/\\\/boutiquebeautyclub.ch\\\/de\\\/#organization\",\"name\":\"Boutique Beauty Club\",\"url\":\"https:\\\/\\\/boutiquebeautyclub.ch\\\/de\\\/\",\"logo\":{\"@type\":\"ImageObject\",\"inLanguage\":\"de\",\"@id\":\"https:\\\/\\\/boutiquebeautyclub.ch\\\/de\\\/#\\\/schema\\\/logo\\\/image\\\/\",\"url\":\"https:\\\/\\\/boutiquebeautyclub.ch\\\/wp-content\\\/uploads\\\/2025\\\/07\\\/logo.png\",\"contentUrl\":\"https:\\\/\\\/boutiquebeautyclub.ch\\\/wp-content\\\/uploads\\\/2025\\\/07\\\/logo.png\",\"width\":600,\"height\":248,\"caption\":\"Boutique Beauty Club\"},\"image\":{\"@id\":\"https:\\\/\\\/boutiquebeautyclub.ch\\\/de\\\/#\\\/schema\\\/logo\\\/image\\\/\"},\"sameAs\":[\"https:\\\/\\\/www.facebook.com\\\/beautyclubesteticalosone\\\/\",\"https:\\\/\\\/www.instagram.com\\\/beautyclubestetica\\\/?hl=it\"]}]}<\/script>\n<!-- \/ Yoast SEO plugin. -->","yoast_head_json":{"title":"Sublime Skin Rich Cream - Boutique Beauty Club","robots":{"index":"index","follow":"follow","max-snippet":"max-snippet:-1","max-image-preview":"max-image-preview:large","max-video-preview":"max-video-preview:-1"},"canonical":"https:\/\/boutiquebeautyclub.ch\/de\/prodotto\/sublime-skin-rich-cream\/","og_locale":"de_DE","og_type":"article","og_title":"Sublime Skin Rich Cream - Boutique Beauty Club","og_description":"Mit der Zeit und durch hormonelle Ver\u00e4nderungen neigt die Haut dazu, d\u00fcnner zu werden und besonders trocken zu sein. Probiere Sublime Skin Rich Cream, eine Gesichtscreme mit reichhaltiger und sehr n\u00e4hrender Textur, die in den Laboren von [ comfort zone ] entwickelt wurde, um Dehydrierung, Ausd\u00fcnnung und Dichteverlust entgegenzuwirken, den Teint strahlender zu machen und die Spannkraft wiederherzustellen.  Diese Formel ist angereichert mit wichtigen Anti-Aging-Wirkstoffen wie Schafgarben-Extrakt aus regenerativer Landwirtschaft und einem biotechnologischen Meeresextrakt, die ein strafferes Aussehen der Gesichtshaut f\u00f6rdern. Die biomimetische Textur imitiert die nat\u00fcrliche Struktur der Haut f\u00fcr eine optimale Absorption und verleiht einen strahlenden Teint. Die Haut ist sichtbar straffer, gefestigt und gen\u00e4hrt.  98,8 % Inhaltsstoffe nat\u00fcrlichen Ursprungs.","og_url":"https:\/\/boutiquebeautyclub.ch\/de\/prodotto\/sublime-skin-rich-cream\/","og_site_name":"Boutique Beauty Club","article_publisher":"https:\/\/www.facebook.com\/beautyclubesteticalosone\/","og_image":[{"width":1200,"height":1200,"url":"https:\/\/boutiquebeautyclub.ch\/wp-content\/uploads\/2025\/10\/CZ0034.jpg","type":"image\/jpeg"}],"twitter_card":"summary_large_image","schema":{"@context":"https:\/\/schema.org","@graph":[{"@type":"WebPage","@id":"https:\/\/boutiquebeautyclub.ch\/de\/prodotto\/sublime-skin-rich-cream\/","url":"https:\/\/boutiquebeautyclub.ch\/de\/prodotto\/sublime-skin-rich-cream\/","name":"Sublime Skin Rich Cream - Boutique Beauty Club","isPartOf":{"@id":"https:\/\/boutiquebeautyclub.ch\/de\/#website"},"primaryImageOfPage":{"@id":"https:\/\/boutiquebeautyclub.ch\/de\/prodotto\/sublime-skin-rich-cream\/#primaryimage"},"image":{"@id":"https:\/\/boutiquebeautyclub.ch\/de\/prodotto\/sublime-skin-rich-cream\/#primaryimage"},"thumbnailUrl":"https:\/\/boutiquebeautyclub.ch\/wp-content\/uploads\/2025\/10\/CZ0034.jpg","datePublished":"2025-10-21T12:53:01+00:00","breadcrumb":{"@id":"https:\/\/boutiquebeautyclub.ch\/de\/prodotto\/sublime-skin-rich-cream\/#breadcrumb"},"inLanguage":"de","potentialAction":[{"@type":"ReadAction","target":["https:\/\/boutiquebeautyclub.ch\/de\/prodotto\/sublime-skin-rich-cream\/"]}]},{"@type":"ImageObject","inLanguage":"de","@id":"https:\/\/boutiquebeautyclub.ch\/de\/prodotto\/sublime-skin-rich-cream\/#primaryimage","url":"https:\/\/boutiquebeautyclub.ch\/wp-content\/uploads\/2025\/10\/CZ0034.jpg","contentUrl":"https:\/\/boutiquebeautyclub.ch\/wp-content\/uploads\/2025\/10\/CZ0034.jpg","width":1200,"height":1200},{"@type":"BreadcrumbList","@id":"https:\/\/boutiquebeautyclub.ch\/de\/prodotto\/sublime-skin-rich-cream\/#breadcrumb","itemListElement":[{"@type":"ListItem","position":1,"name":"Home","item":"https:\/\/boutiquebeautyclub.ch\/de\/"},{"@type":"ListItem","position":2,"name":"Shop","item":"https:\/\/boutiquebeautyclub.ch\/de\/shop\/"},{"@type":"ListItem","position":3,"name":"Sublime Skin Rich Cream"}]},{"@type":"WebSite","@id":"https:\/\/boutiquebeautyclub.ch\/de\/#website","url":"https:\/\/boutiquebeautyclub.ch\/de\/","name":"Boutique Beauty Club","description":"Il tuo punto di riferimento per la bellezza e il benessere.","publisher":{"@id":"https:\/\/boutiquebeautyclub.ch\/de\/#organization"},"potentialAction":[{"@type":"SearchAction","target":{"@type":"EntryPoint","urlTemplate":"https:\/\/boutiquebeautyclub.ch\/de\/?s={search_term_string}"},"query-input":{"@type":"PropertyValueSpecification","valueRequired":true,"valueName":"search_term_string"}}],"inLanguage":"de"},{"@type":"Organization","@id":"https:\/\/boutiquebeautyclub.ch\/de\/#organization","name":"Boutique Beauty Club","url":"https:\/\/boutiquebeautyclub.ch\/de\/","logo":{"@type":"ImageObject","inLanguage":"de","@id":"https:\/\/boutiquebeautyclub.ch\/de\/#\/schema\/logo\/image\/","url":"https:\/\/boutiquebeautyclub.ch\/wp-content\/uploads\/2025\/07\/logo.png","contentUrl":"https:\/\/boutiquebeautyclub.ch\/wp-content\/uploads\/2025\/07\/logo.png","width":600,"height":248,"caption":"Boutique Beauty Club"},"image":{"@id":"https:\/\/boutiquebeautyclub.ch\/de\/#\/schema\/logo\/image\/"},"sameAs":["https:\/\/www.facebook.com\/beautyclubesteticalosone\/","https:\/\/www.instagram.com\/beautyclubestetica\/?hl=it"]}]}},"_links":{"self":[{"href":"https:\/\/boutiquebeautyclub.ch\/de\/wp-json\/wp\/v2\/product\/2196","targetHints":{"allow":["GET"]}}],"collection":[{"href":"https:\/\/boutiquebeautyclub.ch\/de\/wp-json\/wp\/v2\/product"}],"about":[{"href":"https:\/\/boutiquebeautyclub.ch\/de\/wp-json\/wp\/v2\/types\/product"}],"wp:featuredmedia":[{"embeddable":true,"href":"https:\/\/boutiquebeautyclub.ch\/de\/wp-json\/wp\/v2\/media\/757"}],"wp:attachment":[{"href":"https:\/\/boutiquebeautyclub.ch\/de\/wp-json\/wp\/v2\/media?parent=2196"}],"wp:term":[{"taxonomy":"product_brand","embeddable":true,"href":"https:\/\/boutiquebeautyclub.ch\/de\/wp-json\/wp\/v2\/product_brand?post=2196"},{"taxonomy":"product_cat","embeddable":true,"href":"https:\/\/boutiquebeautyclub.ch\/de\/wp-json\/wp\/v2\/product_cat?post=2196"},{"taxonomy":"product_tag","embeddable":true,"href":"https:\/\/boutiquebeautyclub.ch\/de\/wp-json\/wp\/v2\/product_tag?post=2196"}],"curies":[{"name":"wp","href":"https:\/\/api.w.org\/{rel}","templated":true}]}}