{"id":2248,"date":"2025-10-21T14:53:00","date_gmt":"2025-10-21T12:53:00","guid":{"rendered":"https:\/\/boutiquebeautyclub.ch\/prodotto\/sublime-skin-intensive-serum-refill\/"},"modified":"2025-10-21T14:53:00","modified_gmt":"2025-10-21T12:53:00","slug":"sublime-skin-intensive-serum-refill","status":"publish","type":"product","link":"https:\/\/boutiquebeautyclub.ch\/de\/prodotto\/sublime-skin-intensive-serum-refill\/","title":{"rendered":"Sublime Skin Intensive Serum Refill"},"content":{"rendered":"","protected":false},"excerpt":{"rendered":"<p>Basierend auf Studien zur Zellseneszenz haben die [ comfort zone ] Labore das SUBLIME SKIN INTENSIVE SERUM entwickelt \u2013 eine kosmetische Gesichtspflege mit spezifischen straffenden und Anti-Falten-Inhaltsstoffen wie dem Hexapeptid mit Tensoreffekt, Makro-Hyalurons\u00e4ure* und botanischem Anti-Aging-Extrakt aus Schafgarbe aus regenerativem Bio-Anbau.<br \/>\nDieses Produkt zeichnet sich durch WIRKSAMKEIT und NACHHALTIGKEIT aus: Klinisch getestet, um die Faltentiefe um 25 % zu reduzieren** und die Haut straffer, glatter und fester zu machen. Formuliert mit 99 % Inhaltsstoffen nat\u00fcrlichen Ursprungs und einer biomimetischen Textur, die die nat\u00fcrliche Hautstruktur f\u00fcr eine optimale Aufnahme nachahmt.<br \/>\nDie innovative, wiederverwendbare Verpackung mit Nachf\u00fcllsystem erm\u00f6glicht eine geringere Umweltbelastung und reduziert den Materialverbrauch um 91 %, wenn du dich beim Wiederkauf f\u00fcr das Refill entscheidest.<\/p>\n<p>*Sodium hyaluronate **unabh\u00e4ngiges Labor, instrumentelle Bewertung, 40 Frauen, 28 Tage Anwendung.<\/p>\n","protected":false},"featured_media":754,"template":"","meta":[],"product_brand":[],"product_cat":[407,398],"product_tag":[580,690,400,433,732,484,570,701],"class_list":{"0":"post-2248","1":"product","2":"type-product","3":"status-publish","4":"has-post-thumbnail","6":"product_cat-gesicht","7":"product_cat-kosmetik","8":"product_tag-anti-aging","9":"product_tag-falten","10":"product_tag-feuchtigkeitsspendend","11":"product_tag-gesicht","12":"product_tag-nachfullung","13":"product_tag-regenerierend","14":"product_tag-serum","15":"product_tag-tensor-effekt","17":"first","18":"instock","19":"shipping-taxable","20":"purchasable","21":"product-type-variable","22":"has-default-attributes"},"yoast_head":"<!-- This site is optimized with the Yoast SEO plugin v27.6 - https:\/\/yoast.com\/product\/yoast-seo-wordpress\/ -->\n<title>Sublime Skin Intensive Serum Refill - Boutique Beauty Club<\/title>\n<meta name=\"robots\" content=\"index, follow, max-snippet:-1, max-image-preview:large, max-video-preview:-1\" \/>\n<link rel=\"canonical\" href=\"https:\/\/boutiquebeautyclub.ch\/de\/prodotto\/sublime-skin-intensive-serum-refill\/\" \/>\n<meta property=\"og:locale\" content=\"de_DE\" \/>\n<meta property=\"og:type\" content=\"article\" \/>\n<meta property=\"og:title\" content=\"Sublime Skin Intensive Serum Refill - Boutique Beauty Club\" \/>\n<meta property=\"og:description\" content=\"Basierend auf Studien zur Zellseneszenz haben die [ comfort zone ] Labore das SUBLIME SKIN INTENSIVE SERUM entwickelt \u2013 eine kosmetische Gesichtspflege mit spezifischen straffenden und Anti-Falten-Inhaltsstoffen wie dem Hexapeptid mit Tensoreffekt, Makro-Hyalurons\u00e4ure* und botanischem Anti-Aging-Extrakt aus Schafgarbe aus regenerativem Bio-Anbau. Dieses Produkt zeichnet sich durch WIRKSAMKEIT und NACHHALTIGKEIT aus: Klinisch getestet, um die Faltentiefe um 25 % zu reduzieren** und die Haut straffer, glatter und fester zu machen. Formuliert mit 99 % Inhaltsstoffen nat\u00fcrlichen Ursprungs und einer biomimetischen Textur, die die nat\u00fcrliche Hautstruktur f\u00fcr eine optimale Aufnahme nachahmt. Die innovative, wiederverwendbare Verpackung mit Nachf\u00fcllsystem erm\u00f6glicht eine geringere Umweltbelastung und reduziert den Materialverbrauch um 91 %, wenn du dich beim Wiederkauf f\u00fcr das Refill entscheidest. *Sodium hyaluronate **unabh\u00e4ngiges Labor, instrumentelle Bewertung, 40 Frauen, 28 Tage Anwendung.\" \/>\n<meta property=\"og:url\" content=\"https:\/\/boutiquebeautyclub.ch\/de\/prodotto\/sublime-skin-intensive-serum-refill\/\" \/>\n<meta property=\"og:site_name\" content=\"Boutique Beauty Club\" \/>\n<meta property=\"article:publisher\" content=\"https:\/\/www.facebook.com\/beautyclubesteticalosone\/\" \/>\n<meta property=\"og:image\" content=\"https:\/\/boutiquebeautyclub.ch\/wp-content\/uploads\/2025\/10\/CZ0031.jpg\" \/>\n\t<meta property=\"og:image:width\" content=\"1200\" \/>\n\t<meta property=\"og:image:height\" content=\"1200\" \/>\n\t<meta property=\"og:image:type\" content=\"image\/jpeg\" \/>\n<meta name=\"twitter:card\" content=\"summary_large_image\" \/>\n<script type=\"application\/ld+json\" class=\"yoast-schema-graph\">{\"@context\":\"https:\\\/\\\/schema.org\",\"@graph\":[{\"@type\":\"WebPage\",\"@id\":\"https:\\\/\\\/boutiquebeautyclub.ch\\\/de\\\/prodotto\\\/sublime-skin-intensive-serum-refill\\\/\",\"url\":\"https:\\\/\\\/boutiquebeautyclub.ch\\\/de\\\/prodotto\\\/sublime-skin-intensive-serum-refill\\\/\",\"name\":\"Sublime Skin Intensive Serum Refill - Boutique Beauty Club\",\"isPartOf\":{\"@id\":\"https:\\\/\\\/boutiquebeautyclub.ch\\\/de\\\/#website\"},\"primaryImageOfPage\":{\"@id\":\"https:\\\/\\\/boutiquebeautyclub.ch\\\/de\\\/prodotto\\\/sublime-skin-intensive-serum-refill\\\/#primaryimage\"},\"image\":{\"@id\":\"https:\\\/\\\/boutiquebeautyclub.ch\\\/de\\\/prodotto\\\/sublime-skin-intensive-serum-refill\\\/#primaryimage\"},\"thumbnailUrl\":\"https:\\\/\\\/boutiquebeautyclub.ch\\\/wp-content\\\/uploads\\\/2025\\\/10\\\/CZ0031.jpg\",\"datePublished\":\"2025-10-21T12:53:00+00:00\",\"breadcrumb\":{\"@id\":\"https:\\\/\\\/boutiquebeautyclub.ch\\\/de\\\/prodotto\\\/sublime-skin-intensive-serum-refill\\\/#breadcrumb\"},\"inLanguage\":\"de\",\"potentialAction\":[{\"@type\":\"ReadAction\",\"target\":[\"https:\\\/\\\/boutiquebeautyclub.ch\\\/de\\\/prodotto\\\/sublime-skin-intensive-serum-refill\\\/\"]}]},{\"@type\":\"ImageObject\",\"inLanguage\":\"de\",\"@id\":\"https:\\\/\\\/boutiquebeautyclub.ch\\\/de\\\/prodotto\\\/sublime-skin-intensive-serum-refill\\\/#primaryimage\",\"url\":\"https:\\\/\\\/boutiquebeautyclub.ch\\\/wp-content\\\/uploads\\\/2025\\\/10\\\/CZ0031.jpg\",\"contentUrl\":\"https:\\\/\\\/boutiquebeautyclub.ch\\\/wp-content\\\/uploads\\\/2025\\\/10\\\/CZ0031.jpg\",\"width\":1200,\"height\":1200},{\"@type\":\"BreadcrumbList\",\"@id\":\"https:\\\/\\\/boutiquebeautyclub.ch\\\/de\\\/prodotto\\\/sublime-skin-intensive-serum-refill\\\/#breadcrumb\",\"itemListElement\":[{\"@type\":\"ListItem\",\"position\":1,\"name\":\"Home\",\"item\":\"https:\\\/\\\/boutiquebeautyclub.ch\\\/de\\\/\"},{\"@type\":\"ListItem\",\"position\":2,\"name\":\"Shop\",\"item\":\"https:\\\/\\\/boutiquebeautyclub.ch\\\/de\\\/shop\\\/\"},{\"@type\":\"ListItem\",\"position\":3,\"name\":\"Sublime Skin Intensive Serum Refill\"}]},{\"@type\":\"WebSite\",\"@id\":\"https:\\\/\\\/boutiquebeautyclub.ch\\\/de\\\/#website\",\"url\":\"https:\\\/\\\/boutiquebeautyclub.ch\\\/de\\\/\",\"name\":\"Boutique Beauty Club\",\"description\":\"Il tuo punto di riferimento per la bellezza e il benessere.\",\"publisher\":{\"@id\":\"https:\\\/\\\/boutiquebeautyclub.ch\\\/de\\\/#organization\"},\"potentialAction\":[{\"@type\":\"SearchAction\",\"target\":{\"@type\":\"EntryPoint\",\"urlTemplate\":\"https:\\\/\\\/boutiquebeautyclub.ch\\\/de\\\/?s={search_term_string}\"},\"query-input\":{\"@type\":\"PropertyValueSpecification\",\"valueRequired\":true,\"valueName\":\"search_term_string\"}}],\"inLanguage\":\"de\"},{\"@type\":\"Organization\",\"@id\":\"https:\\\/\\\/boutiquebeautyclub.ch\\\/de\\\/#organization\",\"name\":\"Boutique Beauty Club\",\"url\":\"https:\\\/\\\/boutiquebeautyclub.ch\\\/de\\\/\",\"logo\":{\"@type\":\"ImageObject\",\"inLanguage\":\"de\",\"@id\":\"https:\\\/\\\/boutiquebeautyclub.ch\\\/de\\\/#\\\/schema\\\/logo\\\/image\\\/\",\"url\":\"https:\\\/\\\/boutiquebeautyclub.ch\\\/wp-content\\\/uploads\\\/2025\\\/07\\\/logo.png\",\"contentUrl\":\"https:\\\/\\\/boutiquebeautyclub.ch\\\/wp-content\\\/uploads\\\/2025\\\/07\\\/logo.png\",\"width\":600,\"height\":248,\"caption\":\"Boutique Beauty Club\"},\"image\":{\"@id\":\"https:\\\/\\\/boutiquebeautyclub.ch\\\/de\\\/#\\\/schema\\\/logo\\\/image\\\/\"},\"sameAs\":[\"https:\\\/\\\/www.facebook.com\\\/beautyclubesteticalosone\\\/\",\"https:\\\/\\\/www.instagram.com\\\/beautyclubestetica\\\/?hl=it\"]}]}<\/script>\n<!-- \/ Yoast SEO plugin. -->","yoast_head_json":{"title":"Sublime Skin Intensive Serum Refill - Boutique Beauty Club","robots":{"index":"index","follow":"follow","max-snippet":"max-snippet:-1","max-image-preview":"max-image-preview:large","max-video-preview":"max-video-preview:-1"},"canonical":"https:\/\/boutiquebeautyclub.ch\/de\/prodotto\/sublime-skin-intensive-serum-refill\/","og_locale":"de_DE","og_type":"article","og_title":"Sublime Skin Intensive Serum Refill - Boutique Beauty Club","og_description":"Basierend auf Studien zur Zellseneszenz haben die [ comfort zone ] Labore das SUBLIME SKIN INTENSIVE SERUM entwickelt \u2013 eine kosmetische Gesichtspflege mit spezifischen straffenden und Anti-Falten-Inhaltsstoffen wie dem Hexapeptid mit Tensoreffekt, Makro-Hyalurons\u00e4ure* und botanischem Anti-Aging-Extrakt aus Schafgarbe aus regenerativem Bio-Anbau. Dieses Produkt zeichnet sich durch WIRKSAMKEIT und NACHHALTIGKEIT aus: Klinisch getestet, um die Faltentiefe um 25 % zu reduzieren** und die Haut straffer, glatter und fester zu machen. Formuliert mit 99 % Inhaltsstoffen nat\u00fcrlichen Ursprungs und einer biomimetischen Textur, die die nat\u00fcrliche Hautstruktur f\u00fcr eine optimale Aufnahme nachahmt. Die innovative, wiederverwendbare Verpackung mit Nachf\u00fcllsystem erm\u00f6glicht eine geringere Umweltbelastung und reduziert den Materialverbrauch um 91 %, wenn du dich beim Wiederkauf f\u00fcr das Refill entscheidest. *Sodium hyaluronate **unabh\u00e4ngiges Labor, instrumentelle Bewertung, 40 Frauen, 28 Tage Anwendung.","og_url":"https:\/\/boutiquebeautyclub.ch\/de\/prodotto\/sublime-skin-intensive-serum-refill\/","og_site_name":"Boutique Beauty Club","article_publisher":"https:\/\/www.facebook.com\/beautyclubesteticalosone\/","og_image":[{"width":1200,"height":1200,"url":"https:\/\/boutiquebeautyclub.ch\/wp-content\/uploads\/2025\/10\/CZ0031.jpg","type":"image\/jpeg"}],"twitter_card":"summary_large_image","schema":{"@context":"https:\/\/schema.org","@graph":[{"@type":"WebPage","@id":"https:\/\/boutiquebeautyclub.ch\/de\/prodotto\/sublime-skin-intensive-serum-refill\/","url":"https:\/\/boutiquebeautyclub.ch\/de\/prodotto\/sublime-skin-intensive-serum-refill\/","name":"Sublime Skin Intensive Serum Refill - Boutique Beauty Club","isPartOf":{"@id":"https:\/\/boutiquebeautyclub.ch\/de\/#website"},"primaryImageOfPage":{"@id":"https:\/\/boutiquebeautyclub.ch\/de\/prodotto\/sublime-skin-intensive-serum-refill\/#primaryimage"},"image":{"@id":"https:\/\/boutiquebeautyclub.ch\/de\/prodotto\/sublime-skin-intensive-serum-refill\/#primaryimage"},"thumbnailUrl":"https:\/\/boutiquebeautyclub.ch\/wp-content\/uploads\/2025\/10\/CZ0031.jpg","datePublished":"2025-10-21T12:53:00+00:00","breadcrumb":{"@id":"https:\/\/boutiquebeautyclub.ch\/de\/prodotto\/sublime-skin-intensive-serum-refill\/#breadcrumb"},"inLanguage":"de","potentialAction":[{"@type":"ReadAction","target":["https:\/\/boutiquebeautyclub.ch\/de\/prodotto\/sublime-skin-intensive-serum-refill\/"]}]},{"@type":"ImageObject","inLanguage":"de","@id":"https:\/\/boutiquebeautyclub.ch\/de\/prodotto\/sublime-skin-intensive-serum-refill\/#primaryimage","url":"https:\/\/boutiquebeautyclub.ch\/wp-content\/uploads\/2025\/10\/CZ0031.jpg","contentUrl":"https:\/\/boutiquebeautyclub.ch\/wp-content\/uploads\/2025\/10\/CZ0031.jpg","width":1200,"height":1200},{"@type":"BreadcrumbList","@id":"https:\/\/boutiquebeautyclub.ch\/de\/prodotto\/sublime-skin-intensive-serum-refill\/#breadcrumb","itemListElement":[{"@type":"ListItem","position":1,"name":"Home","item":"https:\/\/boutiquebeautyclub.ch\/de\/"},{"@type":"ListItem","position":2,"name":"Shop","item":"https:\/\/boutiquebeautyclub.ch\/de\/shop\/"},{"@type":"ListItem","position":3,"name":"Sublime Skin Intensive Serum Refill"}]},{"@type":"WebSite","@id":"https:\/\/boutiquebeautyclub.ch\/de\/#website","url":"https:\/\/boutiquebeautyclub.ch\/de\/","name":"Boutique Beauty Club","description":"Il tuo punto di riferimento per la bellezza e il benessere.","publisher":{"@id":"https:\/\/boutiquebeautyclub.ch\/de\/#organization"},"potentialAction":[{"@type":"SearchAction","target":{"@type":"EntryPoint","urlTemplate":"https:\/\/boutiquebeautyclub.ch\/de\/?s={search_term_string}"},"query-input":{"@type":"PropertyValueSpecification","valueRequired":true,"valueName":"search_term_string"}}],"inLanguage":"de"},{"@type":"Organization","@id":"https:\/\/boutiquebeautyclub.ch\/de\/#organization","name":"Boutique Beauty Club","url":"https:\/\/boutiquebeautyclub.ch\/de\/","logo":{"@type":"ImageObject","inLanguage":"de","@id":"https:\/\/boutiquebeautyclub.ch\/de\/#\/schema\/logo\/image\/","url":"https:\/\/boutiquebeautyclub.ch\/wp-content\/uploads\/2025\/07\/logo.png","contentUrl":"https:\/\/boutiquebeautyclub.ch\/wp-content\/uploads\/2025\/07\/logo.png","width":600,"height":248,"caption":"Boutique Beauty Club"},"image":{"@id":"https:\/\/boutiquebeautyclub.ch\/de\/#\/schema\/logo\/image\/"},"sameAs":["https:\/\/www.facebook.com\/beautyclubesteticalosone\/","https:\/\/www.instagram.com\/beautyclubestetica\/?hl=it"]}]}},"_links":{"self":[{"href":"https:\/\/boutiquebeautyclub.ch\/de\/wp-json\/wp\/v2\/product\/2248","targetHints":{"allow":["GET"]}}],"collection":[{"href":"https:\/\/boutiquebeautyclub.ch\/de\/wp-json\/wp\/v2\/product"}],"about":[{"href":"https:\/\/boutiquebeautyclub.ch\/de\/wp-json\/wp\/v2\/types\/product"}],"wp:featuredmedia":[{"embeddable":true,"href":"https:\/\/boutiquebeautyclub.ch\/de\/wp-json\/wp\/v2\/media\/754"}],"wp:attachment":[{"href":"https:\/\/boutiquebeautyclub.ch\/de\/wp-json\/wp\/v2\/media?parent=2248"}],"wp:term":[{"taxonomy":"product_brand","embeddable":true,"href":"https:\/\/boutiquebeautyclub.ch\/de\/wp-json\/wp\/v2\/product_brand?post=2248"},{"taxonomy":"product_cat","embeddable":true,"href":"https:\/\/boutiquebeautyclub.ch\/de\/wp-json\/wp\/v2\/product_cat?post=2248"},{"taxonomy":"product_tag","embeddable":true,"href":"https:\/\/boutiquebeautyclub.ch\/de\/wp-json\/wp\/v2\/product_tag?post=2248"}],"curies":[{"name":"wp","href":"https:\/\/api.w.org\/{rel}","templated":true}]}}