{"id":2280,"date":"2025-10-21T14:53:20","date_gmt":"2025-10-21T12:53:20","guid":{"rendered":"https:\/\/boutiquebeautyclub.ch\/prodotto\/sun-soul-protective-mist-spf-30\/"},"modified":"2025-10-21T14:53:20","modified_gmt":"2025-10-21T12:53:20","slug":"sun-soul-protective-mist-spf-30","status":"publish","type":"product","link":"https:\/\/boutiquebeautyclub.ch\/de\/prodotto\/sun-soul-protective-mist-spf-30\/","title":{"rendered":"Sun Soul Protective Mist SPF 30"},"content":{"rendered":"","protected":false},"excerpt":{"rendered":"<p>SUN SOUL Protective Mist SPF30 ist der neue Sonnenschutz von [ comfort zone ], der eine schnelle Anwendung und ein federleichtes Hautgef\u00fchl bietet! Eine schnell einziehende, wasserfeste Textur mit einer sorgf\u00e4ltigen Auswahl an Filtern, um die Auswirkungen auf das aquatische \u00d6kosystem zu reduzieren. Die Formel ist angereichert mit dem beliebten Duft der SUN SOUL Linie und bietet einen hohen Breitband-UVA\/UVB-Schutz, der dazu beitr\u00e4gt, den Zeichen der Lichtalterung der Haut entgegenzuwirken \u2013 f\u00fcr ein unvergessliches Erlebnis in der Sonne.<br \/>\nDas innovative Non-Stop-Spray-System, das eine maximale Entleerung der Flasche und damit die vollst\u00e4ndige Nutzung des Produkts garantiert, wird nur durch Druckluft aktiviert, um die Umweltbelastung zu reduzieren. Entdecke Sun Soul Protective Mist SPF30, den praktischen, schnellen und effektiven Hautschutz!   <\/p>\n<p>78 % Inhaltsstoffe nat\u00fcrlichen Ursprungs.<\/p>\n","protected":false},"featured_media":777,"template":"","meta":[],"product_brand":[],"product_cat":[407,399,398],"product_tag":[433,403,591,597,715,444,445,446],"class_list":{"0":"post-2280","1":"product","2":"type-product","3":"status-publish","4":"has-post-thumbnail","6":"product_cat-gesicht","7":"product_cat-korper","8":"product_cat-kosmetik","9":"product_tag-gesicht","10":"product_tag-korper","11":"product_tag-schnelle-absorption","12":"product_tag-sonnenschutz","13":"product_tag-spray","14":"product_tag-uv","15":"product_tag-uva","16":"product_tag-uvb","18":"first","19":"instock","20":"shipping-taxable","21":"purchasable","22":"product-type-variable","23":"has-default-attributes"},"yoast_head":"<!-- This site is optimized with the Yoast SEO plugin v27.6 - https:\/\/yoast.com\/product\/yoast-seo-wordpress\/ -->\n<title>Sun Soul Protective Mist SPF 30 - Boutique Beauty Club<\/title>\n<meta name=\"robots\" content=\"index, follow, max-snippet:-1, max-image-preview:large, max-video-preview:-1\" \/>\n<link rel=\"canonical\" href=\"https:\/\/boutiquebeautyclub.ch\/de\/prodotto\/sun-soul-protective-mist-spf-30\/\" \/>\n<meta property=\"og:locale\" content=\"de_DE\" \/>\n<meta property=\"og:type\" content=\"article\" \/>\n<meta property=\"og:title\" content=\"Sun Soul Protective Mist SPF 30 - Boutique Beauty Club\" \/>\n<meta property=\"og:description\" content=\"SUN SOUL Protective Mist SPF30 ist der neue Sonnenschutz von [ comfort zone ], der eine schnelle Anwendung und ein federleichtes Hautgef\u00fchl bietet! Eine schnell einziehende, wasserfeste Textur mit einer sorgf\u00e4ltigen Auswahl an Filtern, um die Auswirkungen auf das aquatische \u00d6kosystem zu reduzieren. Die Formel ist angereichert mit dem beliebten Duft der SUN SOUL Linie und bietet einen hohen Breitband-UVA\/UVB-Schutz, der dazu beitr\u00e4gt, den Zeichen der Lichtalterung der Haut entgegenzuwirken \u2013 f\u00fcr ein unvergessliches Erlebnis in der Sonne. Das innovative Non-Stop-Spray-System, das eine maximale Entleerung der Flasche und damit die vollst\u00e4ndige Nutzung des Produkts garantiert, wird nur durch Druckluft aktiviert, um die Umweltbelastung zu reduzieren. Entdecke Sun Soul Protective Mist SPF30, den praktischen, schnellen und effektiven Hautschutz!   78 % Inhaltsstoffe nat\u00fcrlichen Ursprungs.\" \/>\n<meta property=\"og:url\" content=\"https:\/\/boutiquebeautyclub.ch\/de\/prodotto\/sun-soul-protective-mist-spf-30\/\" \/>\n<meta property=\"og:site_name\" content=\"Boutique Beauty Club\" \/>\n<meta property=\"article:publisher\" content=\"https:\/\/www.facebook.com\/beautyclubesteticalosone\/\" \/>\n<meta property=\"og:image\" content=\"https:\/\/boutiquebeautyclub.ch\/wp-content\/uploads\/2025\/10\/CZ0053.jpg\" \/>\n\t<meta property=\"og:image:width\" content=\"1200\" \/>\n\t<meta property=\"og:image:height\" content=\"1200\" \/>\n\t<meta property=\"og:image:type\" content=\"image\/jpeg\" \/>\n<meta name=\"twitter:card\" content=\"summary_large_image\" \/>\n<script type=\"application\/ld+json\" class=\"yoast-schema-graph\">{\"@context\":\"https:\\\/\\\/schema.org\",\"@graph\":[{\"@type\":\"WebPage\",\"@id\":\"https:\\\/\\\/boutiquebeautyclub.ch\\\/de\\\/prodotto\\\/sun-soul-protective-mist-spf-30\\\/\",\"url\":\"https:\\\/\\\/boutiquebeautyclub.ch\\\/de\\\/prodotto\\\/sun-soul-protective-mist-spf-30\\\/\",\"name\":\"Sun Soul Protective Mist SPF 30 - Boutique Beauty Club\",\"isPartOf\":{\"@id\":\"https:\\\/\\\/boutiquebeautyclub.ch\\\/de\\\/#website\"},\"primaryImageOfPage\":{\"@id\":\"https:\\\/\\\/boutiquebeautyclub.ch\\\/de\\\/prodotto\\\/sun-soul-protective-mist-spf-30\\\/#primaryimage\"},\"image\":{\"@id\":\"https:\\\/\\\/boutiquebeautyclub.ch\\\/de\\\/prodotto\\\/sun-soul-protective-mist-spf-30\\\/#primaryimage\"},\"thumbnailUrl\":\"https:\\\/\\\/boutiquebeautyclub.ch\\\/wp-content\\\/uploads\\\/2025\\\/10\\\/CZ0053.jpg\",\"datePublished\":\"2025-10-21T12:53:20+00:00\",\"breadcrumb\":{\"@id\":\"https:\\\/\\\/boutiquebeautyclub.ch\\\/de\\\/prodotto\\\/sun-soul-protective-mist-spf-30\\\/#breadcrumb\"},\"inLanguage\":\"de\",\"potentialAction\":[{\"@type\":\"ReadAction\",\"target\":[\"https:\\\/\\\/boutiquebeautyclub.ch\\\/de\\\/prodotto\\\/sun-soul-protective-mist-spf-30\\\/\"]}]},{\"@type\":\"ImageObject\",\"inLanguage\":\"de\",\"@id\":\"https:\\\/\\\/boutiquebeautyclub.ch\\\/de\\\/prodotto\\\/sun-soul-protective-mist-spf-30\\\/#primaryimage\",\"url\":\"https:\\\/\\\/boutiquebeautyclub.ch\\\/wp-content\\\/uploads\\\/2025\\\/10\\\/CZ0053.jpg\",\"contentUrl\":\"https:\\\/\\\/boutiquebeautyclub.ch\\\/wp-content\\\/uploads\\\/2025\\\/10\\\/CZ0053.jpg\",\"width\":1200,\"height\":1200},{\"@type\":\"BreadcrumbList\",\"@id\":\"https:\\\/\\\/boutiquebeautyclub.ch\\\/de\\\/prodotto\\\/sun-soul-protective-mist-spf-30\\\/#breadcrumb\",\"itemListElement\":[{\"@type\":\"ListItem\",\"position\":1,\"name\":\"Home\",\"item\":\"https:\\\/\\\/boutiquebeautyclub.ch\\\/de\\\/\"},{\"@type\":\"ListItem\",\"position\":2,\"name\":\"Shop\",\"item\":\"https:\\\/\\\/boutiquebeautyclub.ch\\\/de\\\/shop\\\/\"},{\"@type\":\"ListItem\",\"position\":3,\"name\":\"Sun Soul Protective Mist SPF 30\"}]},{\"@type\":\"WebSite\",\"@id\":\"https:\\\/\\\/boutiquebeautyclub.ch\\\/de\\\/#website\",\"url\":\"https:\\\/\\\/boutiquebeautyclub.ch\\\/de\\\/\",\"name\":\"Boutique Beauty Club\",\"description\":\"Il tuo punto di riferimento per la bellezza e il benessere.\",\"publisher\":{\"@id\":\"https:\\\/\\\/boutiquebeautyclub.ch\\\/de\\\/#organization\"},\"potentialAction\":[{\"@type\":\"SearchAction\",\"target\":{\"@type\":\"EntryPoint\",\"urlTemplate\":\"https:\\\/\\\/boutiquebeautyclub.ch\\\/de\\\/?s={search_term_string}\"},\"query-input\":{\"@type\":\"PropertyValueSpecification\",\"valueRequired\":true,\"valueName\":\"search_term_string\"}}],\"inLanguage\":\"de\"},{\"@type\":\"Organization\",\"@id\":\"https:\\\/\\\/boutiquebeautyclub.ch\\\/de\\\/#organization\",\"name\":\"Boutique Beauty Club\",\"url\":\"https:\\\/\\\/boutiquebeautyclub.ch\\\/de\\\/\",\"logo\":{\"@type\":\"ImageObject\",\"inLanguage\":\"de\",\"@id\":\"https:\\\/\\\/boutiquebeautyclub.ch\\\/de\\\/#\\\/schema\\\/logo\\\/image\\\/\",\"url\":\"https:\\\/\\\/boutiquebeautyclub.ch\\\/wp-content\\\/uploads\\\/2025\\\/07\\\/logo.png\",\"contentUrl\":\"https:\\\/\\\/boutiquebeautyclub.ch\\\/wp-content\\\/uploads\\\/2025\\\/07\\\/logo.png\",\"width\":600,\"height\":248,\"caption\":\"Boutique Beauty Club\"},\"image\":{\"@id\":\"https:\\\/\\\/boutiquebeautyclub.ch\\\/de\\\/#\\\/schema\\\/logo\\\/image\\\/\"},\"sameAs\":[\"https:\\\/\\\/www.facebook.com\\\/beautyclubesteticalosone\\\/\",\"https:\\\/\\\/www.instagram.com\\\/beautyclubestetica\\\/?hl=it\"]}]}<\/script>\n<!-- \/ Yoast SEO plugin. -->","yoast_head_json":{"title":"Sun Soul Protective Mist SPF 30 - Boutique Beauty Club","robots":{"index":"index","follow":"follow","max-snippet":"max-snippet:-1","max-image-preview":"max-image-preview:large","max-video-preview":"max-video-preview:-1"},"canonical":"https:\/\/boutiquebeautyclub.ch\/de\/prodotto\/sun-soul-protective-mist-spf-30\/","og_locale":"de_DE","og_type":"article","og_title":"Sun Soul Protective Mist SPF 30 - Boutique Beauty Club","og_description":"SUN SOUL Protective Mist SPF30 ist der neue Sonnenschutz von [ comfort zone ], der eine schnelle Anwendung und ein federleichtes Hautgef\u00fchl bietet! Eine schnell einziehende, wasserfeste Textur mit einer sorgf\u00e4ltigen Auswahl an Filtern, um die Auswirkungen auf das aquatische \u00d6kosystem zu reduzieren. Die Formel ist angereichert mit dem beliebten Duft der SUN SOUL Linie und bietet einen hohen Breitband-UVA\/UVB-Schutz, der dazu beitr\u00e4gt, den Zeichen der Lichtalterung der Haut entgegenzuwirken \u2013 f\u00fcr ein unvergessliches Erlebnis in der Sonne. Das innovative Non-Stop-Spray-System, das eine maximale Entleerung der Flasche und damit die vollst\u00e4ndige Nutzung des Produkts garantiert, wird nur durch Druckluft aktiviert, um die Umweltbelastung zu reduzieren. Entdecke Sun Soul Protective Mist SPF30, den praktischen, schnellen und effektiven Hautschutz!   78 % Inhaltsstoffe nat\u00fcrlichen Ursprungs.","og_url":"https:\/\/boutiquebeautyclub.ch\/de\/prodotto\/sun-soul-protective-mist-spf-30\/","og_site_name":"Boutique Beauty Club","article_publisher":"https:\/\/www.facebook.com\/beautyclubesteticalosone\/","og_image":[{"width":1200,"height":1200,"url":"https:\/\/boutiquebeautyclub.ch\/wp-content\/uploads\/2025\/10\/CZ0053.jpg","type":"image\/jpeg"}],"twitter_card":"summary_large_image","schema":{"@context":"https:\/\/schema.org","@graph":[{"@type":"WebPage","@id":"https:\/\/boutiquebeautyclub.ch\/de\/prodotto\/sun-soul-protective-mist-spf-30\/","url":"https:\/\/boutiquebeautyclub.ch\/de\/prodotto\/sun-soul-protective-mist-spf-30\/","name":"Sun Soul Protective Mist SPF 30 - Boutique Beauty Club","isPartOf":{"@id":"https:\/\/boutiquebeautyclub.ch\/de\/#website"},"primaryImageOfPage":{"@id":"https:\/\/boutiquebeautyclub.ch\/de\/prodotto\/sun-soul-protective-mist-spf-30\/#primaryimage"},"image":{"@id":"https:\/\/boutiquebeautyclub.ch\/de\/prodotto\/sun-soul-protective-mist-spf-30\/#primaryimage"},"thumbnailUrl":"https:\/\/boutiquebeautyclub.ch\/wp-content\/uploads\/2025\/10\/CZ0053.jpg","datePublished":"2025-10-21T12:53:20+00:00","breadcrumb":{"@id":"https:\/\/boutiquebeautyclub.ch\/de\/prodotto\/sun-soul-protective-mist-spf-30\/#breadcrumb"},"inLanguage":"de","potentialAction":[{"@type":"ReadAction","target":["https:\/\/boutiquebeautyclub.ch\/de\/prodotto\/sun-soul-protective-mist-spf-30\/"]}]},{"@type":"ImageObject","inLanguage":"de","@id":"https:\/\/boutiquebeautyclub.ch\/de\/prodotto\/sun-soul-protective-mist-spf-30\/#primaryimage","url":"https:\/\/boutiquebeautyclub.ch\/wp-content\/uploads\/2025\/10\/CZ0053.jpg","contentUrl":"https:\/\/boutiquebeautyclub.ch\/wp-content\/uploads\/2025\/10\/CZ0053.jpg","width":1200,"height":1200},{"@type":"BreadcrumbList","@id":"https:\/\/boutiquebeautyclub.ch\/de\/prodotto\/sun-soul-protective-mist-spf-30\/#breadcrumb","itemListElement":[{"@type":"ListItem","position":1,"name":"Home","item":"https:\/\/boutiquebeautyclub.ch\/de\/"},{"@type":"ListItem","position":2,"name":"Shop","item":"https:\/\/boutiquebeautyclub.ch\/de\/shop\/"},{"@type":"ListItem","position":3,"name":"Sun Soul Protective Mist SPF 30"}]},{"@type":"WebSite","@id":"https:\/\/boutiquebeautyclub.ch\/de\/#website","url":"https:\/\/boutiquebeautyclub.ch\/de\/","name":"Boutique Beauty Club","description":"Il tuo punto di riferimento per la bellezza e il benessere.","publisher":{"@id":"https:\/\/boutiquebeautyclub.ch\/de\/#organization"},"potentialAction":[{"@type":"SearchAction","target":{"@type":"EntryPoint","urlTemplate":"https:\/\/boutiquebeautyclub.ch\/de\/?s={search_term_string}"},"query-input":{"@type":"PropertyValueSpecification","valueRequired":true,"valueName":"search_term_string"}}],"inLanguage":"de"},{"@type":"Organization","@id":"https:\/\/boutiquebeautyclub.ch\/de\/#organization","name":"Boutique Beauty Club","url":"https:\/\/boutiquebeautyclub.ch\/de\/","logo":{"@type":"ImageObject","inLanguage":"de","@id":"https:\/\/boutiquebeautyclub.ch\/de\/#\/schema\/logo\/image\/","url":"https:\/\/boutiquebeautyclub.ch\/wp-content\/uploads\/2025\/07\/logo.png","contentUrl":"https:\/\/boutiquebeautyclub.ch\/wp-content\/uploads\/2025\/07\/logo.png","width":600,"height":248,"caption":"Boutique Beauty Club"},"image":{"@id":"https:\/\/boutiquebeautyclub.ch\/de\/#\/schema\/logo\/image\/"},"sameAs":["https:\/\/www.facebook.com\/beautyclubesteticalosone\/","https:\/\/www.instagram.com\/beautyclubestetica\/?hl=it"]}]}},"_links":{"self":[{"href":"https:\/\/boutiquebeautyclub.ch\/de\/wp-json\/wp\/v2\/product\/2280","targetHints":{"allow":["GET"]}}],"collection":[{"href":"https:\/\/boutiquebeautyclub.ch\/de\/wp-json\/wp\/v2\/product"}],"about":[{"href":"https:\/\/boutiquebeautyclub.ch\/de\/wp-json\/wp\/v2\/types\/product"}],"wp:featuredmedia":[{"embeddable":true,"href":"https:\/\/boutiquebeautyclub.ch\/de\/wp-json\/wp\/v2\/media\/777"}],"wp:attachment":[{"href":"https:\/\/boutiquebeautyclub.ch\/de\/wp-json\/wp\/v2\/media?parent=2280"}],"wp:term":[{"taxonomy":"product_brand","embeddable":true,"href":"https:\/\/boutiquebeautyclub.ch\/de\/wp-json\/wp\/v2\/product_brand?post=2280"},{"taxonomy":"product_cat","embeddable":true,"href":"https:\/\/boutiquebeautyclub.ch\/de\/wp-json\/wp\/v2\/product_cat?post=2280"},{"taxonomy":"product_tag","embeddable":true,"href":"https:\/\/boutiquebeautyclub.ch\/de\/wp-json\/wp\/v2\/product_tag?post=2280"}],"curies":[{"name":"wp","href":"https:\/\/api.w.org\/{rel}","templated":true}]}}