{"id":2337,"date":"2026-03-23T16:18:07","date_gmt":"2026-03-23T15:18:07","guid":{"rendered":"https:\/\/boutiquebeautyclub.ch\/prodotto\/pro-age-retin-serum\/"},"modified":"2026-03-23T16:18:07","modified_gmt":"2026-03-23T15:18:07","slug":"pro-age-retin-serum","status":"publish","type":"product","link":"https:\/\/boutiquebeautyclub.ch\/de\/prodotto\/pro-age-retin-serum\/","title":{"rendered":"Pro Age &#8211; Retin Serum"},"content":{"rendered":"<p>Ein leichtes, seidiges Serum, das die Haut nach dem Auftragen gen\u00e4hrt und wunderbar weich hinterl\u00e4sst. Bestehend aus einem Komplex verschiedener Wirkstoffe auf Basis von pflanzlichem Retinol und liposomalem Retinaldehyd, bietet es einen hervorragenden straffenden und Anti-Falten-Effekt. <\/p>\n<p>Die Kombination aus liposomalem Retinaldehyd und retinol\u00e4hnlichen Wirkstoffen aus verschiedenen Pflanzen stimuliert die Kollagenproduktion, reduziert Mimikfalten, verbessert die Elastizit\u00e4t und minimiert Unreinheiten. Das Serum ist nicht lichtempfindlich und verursacht keine Reizungen oder R\u00f6tungen. <\/p>\n<p><strong>Indikationen:<\/strong><\/p>\n<p>&#8211; Behandlung der Hautalterung durch interne und externe Faktoren<\/p>\n<p>&#8211; F\u00fcr Haut mit einem biologischen Alter zwischen 30 und 45 Jahren<\/p>\n<p><strong>Wirkung<\/strong><\/p>\n<p>&#8211; Faltenreduktion<\/p>\n<p>&#8211; Gl\u00e4ttender Effekt<\/p>\n<p>&#8211; Gleicht den Hautton aus<\/p>\n<p>&#8211; Strafft die Haut<\/p>\n<p><strong>Wirkstoffe<\/strong>:<\/p>\n<p>Retinaldehyd (Vitamin-A-Derivat \u00e4hnlich der Retins\u00e4ure), pflanzliches Retinol aus der Pflanze Nicotiana benthamiana, Bakuchiol (ebenfalls pflanzlich), Pflanzenextrakt aus Tara und Rotalgen<\/p>\n","protected":false},"excerpt":{"rendered":"<p>Ein leichtes, seidiges Serum, das die Haut nach dem Auftragen gen\u00e4hrt und wunderbar weich hinterl\u00e4sst. Bestehend aus einem Komplex verschiedener Wirkstoffe auf Basis von pflanzlichem Retinol und liposomalem Retinaldehyd, bietet es einen hervorragenden straffenden und Anti-Falten-Effekt. <\/p>\n<p>Die Kombination aus liposomalem Retinaldehyd und retinol\u00e4hnlichen Wirkstoffen aus verschiedenen Pflanzen stimuliert die Kollagenproduktion, reduziert Mimikfalten, verbessert die Elastizit\u00e4t und minimiert Unreinheiten. Das Serum ist nicht lichtempfindlich und verursacht keine Reizungen oder R\u00f6tungen. <\/p>\n<p><strong>Indikationen:<\/strong><\/p>\n<p>&#8211; Behandlung der Hautalterung durch interne und externe Faktoren<\/p>\n<p>&#8211; F\u00fcr Haut mit einem biologischen Alter zwischen 30 und 45 Jahren<\/p>\n<p><strong>Wirkung<\/strong><\/p>\n<p>&#8211; Faltenreduktion<\/p>\n<p>&#8211; Gl\u00e4ttender Effekt<\/p>\n<p>&#8211; Gleicht den Hautton aus<\/p>\n<p>&#8211; Strafft die Haut<\/p>\n<p><strong>Wirkstoffe<\/strong>:<\/p>\n<p>Retinaldehyd (Vitamin-A-Derivat \u00e4hnlich der Retins\u00e4ure), pflanzliches Retinol aus der Pflanze Nicotiana benthamiana, Bakuchiol (ebenfalls pflanzlich), Pflanzenextrakt aus Tara und Rotalgen<\/p>\n","protected":false},"featured_media":1444,"template":"","meta":[],"product_brand":[],"product_cat":[407],"product_tag":[],"class_list":{"0":"post-2337","1":"product","2":"type-product","3":"status-publish","4":"has-post-thumbnail","6":"product_cat-gesicht","8":"first","9":"instock","10":"shipping-taxable","11":"purchasable","12":"product-type-simple"},"yoast_head":"<!-- This site is optimized with the Yoast SEO plugin v27.6 - https:\/\/yoast.com\/product\/yoast-seo-wordpress\/ -->\n<title>Pro Age - Retin Serum - Boutique Beauty Club<\/title>\n<meta name=\"robots\" content=\"index, follow, max-snippet:-1, max-image-preview:large, max-video-preview:-1\" \/>\n<link rel=\"canonical\" href=\"https:\/\/boutiquebeautyclub.ch\/de\/prodotto\/pro-age-retin-serum\/\" \/>\n<meta property=\"og:locale\" content=\"de_DE\" \/>\n<meta property=\"og:type\" content=\"article\" \/>\n<meta property=\"og:title\" content=\"Pro Age - Retin Serum - Boutique Beauty Club\" \/>\n<meta property=\"og:description\" content=\"Ein leichtes, seidiges Serum, das die Haut nach dem Auftragen gen\u00e4hrt und wunderbar weich hinterl\u00e4sst. Bestehend aus einem Komplex verschiedener Wirkstoffe auf Basis von pflanzlichem Retinol und liposomalem Retinaldehyd, bietet es einen hervorragenden straffenden und Anti-Falten-Effekt.  Die Kombination aus liposomalem Retinaldehyd und retinol\u00e4hnlichen Wirkstoffen aus verschiedenen Pflanzen stimuliert die Kollagenproduktion, reduziert Mimikfalten, verbessert die Elastizit\u00e4t und minimiert Unreinheiten. Das Serum ist nicht lichtempfindlich und verursacht keine Reizungen oder R\u00f6tungen.  Indikationen: - Behandlung der Hautalterung durch interne und externe Faktoren - F\u00fcr Haut mit einem biologischen Alter zwischen 30 und 45 Jahren Wirkung - Faltenreduktion - Gl\u00e4ttender Effekt - Gleicht den Hautton aus - Strafft die Haut Wirkstoffe: Retinaldehyd (Vitamin-A-Derivat \u00e4hnlich der Retins\u00e4ure), pflanzliches Retinol aus der Pflanze Nicotiana benthamiana, Bakuchiol (ebenfalls pflanzlich), Pflanzenextrakt aus Tara und Rotalgen\" \/>\n<meta property=\"og:url\" content=\"https:\/\/boutiquebeautyclub.ch\/de\/prodotto\/pro-age-retin-serum\/\" \/>\n<meta property=\"og:site_name\" content=\"Boutique Beauty Club\" \/>\n<meta property=\"article:publisher\" content=\"https:\/\/www.facebook.com\/beautyclubesteticalosone\/\" \/>\n<meta property=\"og:image\" content=\"https:\/\/boutiquebeautyclub.ch\/wp-content\/uploads\/2026\/03\/WhatsApp-Image-2026-03-23-at-15.02.31.jpeg\" \/>\n\t<meta property=\"og:image:width\" content=\"1600\" \/>\n\t<meta property=\"og:image:height\" content=\"1600\" \/>\n\t<meta property=\"og:image:type\" content=\"image\/jpeg\" \/>\n<meta name=\"twitter:card\" content=\"summary_large_image\" \/>\n<meta name=\"twitter:label1\" content=\"Gesch\u00e4tzte Lesezeit\" \/>\n\t<meta name=\"twitter:data1\" content=\"1\u00a0Minute\" \/>\n<script type=\"application\/ld+json\" class=\"yoast-schema-graph\">{\"@context\":\"https:\\\/\\\/schema.org\",\"@graph\":[{\"@type\":\"WebPage\",\"@id\":\"https:\\\/\\\/boutiquebeautyclub.ch\\\/de\\\/prodotto\\\/pro-age-retin-serum\\\/\",\"url\":\"https:\\\/\\\/boutiquebeautyclub.ch\\\/de\\\/prodotto\\\/pro-age-retin-serum\\\/\",\"name\":\"Pro Age - Retin Serum - Boutique Beauty Club\",\"isPartOf\":{\"@id\":\"https:\\\/\\\/boutiquebeautyclub.ch\\\/de\\\/#website\"},\"primaryImageOfPage\":{\"@id\":\"https:\\\/\\\/boutiquebeautyclub.ch\\\/de\\\/prodotto\\\/pro-age-retin-serum\\\/#primaryimage\"},\"image\":{\"@id\":\"https:\\\/\\\/boutiquebeautyclub.ch\\\/de\\\/prodotto\\\/pro-age-retin-serum\\\/#primaryimage\"},\"thumbnailUrl\":\"https:\\\/\\\/boutiquebeautyclub.ch\\\/wp-content\\\/uploads\\\/2026\\\/03\\\/WhatsApp-Image-2026-03-23-at-15.02.31.jpeg\",\"datePublished\":\"2026-03-23T15:18:07+00:00\",\"breadcrumb\":{\"@id\":\"https:\\\/\\\/boutiquebeautyclub.ch\\\/de\\\/prodotto\\\/pro-age-retin-serum\\\/#breadcrumb\"},\"inLanguage\":\"de\",\"potentialAction\":[{\"@type\":\"ReadAction\",\"target\":[\"https:\\\/\\\/boutiquebeautyclub.ch\\\/de\\\/prodotto\\\/pro-age-retin-serum\\\/\"]}]},{\"@type\":\"ImageObject\",\"inLanguage\":\"de\",\"@id\":\"https:\\\/\\\/boutiquebeautyclub.ch\\\/de\\\/prodotto\\\/pro-age-retin-serum\\\/#primaryimage\",\"url\":\"https:\\\/\\\/boutiquebeautyclub.ch\\\/wp-content\\\/uploads\\\/2026\\\/03\\\/WhatsApp-Image-2026-03-23-at-15.02.31.jpeg\",\"contentUrl\":\"https:\\\/\\\/boutiquebeautyclub.ch\\\/wp-content\\\/uploads\\\/2026\\\/03\\\/WhatsApp-Image-2026-03-23-at-15.02.31.jpeg\",\"width\":1600,\"height\":1600},{\"@type\":\"BreadcrumbList\",\"@id\":\"https:\\\/\\\/boutiquebeautyclub.ch\\\/de\\\/prodotto\\\/pro-age-retin-serum\\\/#breadcrumb\",\"itemListElement\":[{\"@type\":\"ListItem\",\"position\":1,\"name\":\"Home\",\"item\":\"https:\\\/\\\/boutiquebeautyclub.ch\\\/de\\\/\"},{\"@type\":\"ListItem\",\"position\":2,\"name\":\"Shop\",\"item\":\"https:\\\/\\\/boutiquebeautyclub.ch\\\/de\\\/shop\\\/\"},{\"@type\":\"ListItem\",\"position\":3,\"name\":\"Pro Age &#8211; Retin Serum\"}]},{\"@type\":\"WebSite\",\"@id\":\"https:\\\/\\\/boutiquebeautyclub.ch\\\/de\\\/#website\",\"url\":\"https:\\\/\\\/boutiquebeautyclub.ch\\\/de\\\/\",\"name\":\"Boutique Beauty Club\",\"description\":\"Il tuo punto di riferimento per la bellezza e il benessere.\",\"publisher\":{\"@id\":\"https:\\\/\\\/boutiquebeautyclub.ch\\\/de\\\/#organization\"},\"potentialAction\":[{\"@type\":\"SearchAction\",\"target\":{\"@type\":\"EntryPoint\",\"urlTemplate\":\"https:\\\/\\\/boutiquebeautyclub.ch\\\/de\\\/?s={search_term_string}\"},\"query-input\":{\"@type\":\"PropertyValueSpecification\",\"valueRequired\":true,\"valueName\":\"search_term_string\"}}],\"inLanguage\":\"de\"},{\"@type\":\"Organization\",\"@id\":\"https:\\\/\\\/boutiquebeautyclub.ch\\\/de\\\/#organization\",\"name\":\"Boutique Beauty Club\",\"url\":\"https:\\\/\\\/boutiquebeautyclub.ch\\\/de\\\/\",\"logo\":{\"@type\":\"ImageObject\",\"inLanguage\":\"de\",\"@id\":\"https:\\\/\\\/boutiquebeautyclub.ch\\\/de\\\/#\\\/schema\\\/logo\\\/image\\\/\",\"url\":\"https:\\\/\\\/boutiquebeautyclub.ch\\\/wp-content\\\/uploads\\\/2025\\\/07\\\/logo.png\",\"contentUrl\":\"https:\\\/\\\/boutiquebeautyclub.ch\\\/wp-content\\\/uploads\\\/2025\\\/07\\\/logo.png\",\"width\":600,\"height\":248,\"caption\":\"Boutique Beauty Club\"},\"image\":{\"@id\":\"https:\\\/\\\/boutiquebeautyclub.ch\\\/de\\\/#\\\/schema\\\/logo\\\/image\\\/\"},\"sameAs\":[\"https:\\\/\\\/www.facebook.com\\\/beautyclubesteticalosone\\\/\",\"https:\\\/\\\/www.instagram.com\\\/beautyclubestetica\\\/?hl=it\"]}]}<\/script>\n<!-- \/ Yoast SEO plugin. -->","yoast_head_json":{"title":"Pro Age - Retin Serum - Boutique Beauty Club","robots":{"index":"index","follow":"follow","max-snippet":"max-snippet:-1","max-image-preview":"max-image-preview:large","max-video-preview":"max-video-preview:-1"},"canonical":"https:\/\/boutiquebeautyclub.ch\/de\/prodotto\/pro-age-retin-serum\/","og_locale":"de_DE","og_type":"article","og_title":"Pro Age - Retin Serum - Boutique Beauty Club","og_description":"Ein leichtes, seidiges Serum, das die Haut nach dem Auftragen gen\u00e4hrt und wunderbar weich hinterl\u00e4sst. Bestehend aus einem Komplex verschiedener Wirkstoffe auf Basis von pflanzlichem Retinol und liposomalem Retinaldehyd, bietet es einen hervorragenden straffenden und Anti-Falten-Effekt.  Die Kombination aus liposomalem Retinaldehyd und retinol\u00e4hnlichen Wirkstoffen aus verschiedenen Pflanzen stimuliert die Kollagenproduktion, reduziert Mimikfalten, verbessert die Elastizit\u00e4t und minimiert Unreinheiten. Das Serum ist nicht lichtempfindlich und verursacht keine Reizungen oder R\u00f6tungen.  Indikationen: - Behandlung der Hautalterung durch interne und externe Faktoren - F\u00fcr Haut mit einem biologischen Alter zwischen 30 und 45 Jahren Wirkung - Faltenreduktion - Gl\u00e4ttender Effekt - Gleicht den Hautton aus - Strafft die Haut Wirkstoffe: Retinaldehyd (Vitamin-A-Derivat \u00e4hnlich der Retins\u00e4ure), pflanzliches Retinol aus der Pflanze Nicotiana benthamiana, Bakuchiol (ebenfalls pflanzlich), Pflanzenextrakt aus Tara und Rotalgen","og_url":"https:\/\/boutiquebeautyclub.ch\/de\/prodotto\/pro-age-retin-serum\/","og_site_name":"Boutique Beauty Club","article_publisher":"https:\/\/www.facebook.com\/beautyclubesteticalosone\/","og_image":[{"width":1600,"height":1600,"url":"https:\/\/boutiquebeautyclub.ch\/wp-content\/uploads\/2026\/03\/WhatsApp-Image-2026-03-23-at-15.02.31.jpeg","type":"image\/jpeg"}],"twitter_card":"summary_large_image","twitter_misc":{"Gesch\u00e4tzte Lesezeit":"1\u00a0Minute"},"schema":{"@context":"https:\/\/schema.org","@graph":[{"@type":"WebPage","@id":"https:\/\/boutiquebeautyclub.ch\/de\/prodotto\/pro-age-retin-serum\/","url":"https:\/\/boutiquebeautyclub.ch\/de\/prodotto\/pro-age-retin-serum\/","name":"Pro Age - Retin Serum - Boutique Beauty Club","isPartOf":{"@id":"https:\/\/boutiquebeautyclub.ch\/de\/#website"},"primaryImageOfPage":{"@id":"https:\/\/boutiquebeautyclub.ch\/de\/prodotto\/pro-age-retin-serum\/#primaryimage"},"image":{"@id":"https:\/\/boutiquebeautyclub.ch\/de\/prodotto\/pro-age-retin-serum\/#primaryimage"},"thumbnailUrl":"https:\/\/boutiquebeautyclub.ch\/wp-content\/uploads\/2026\/03\/WhatsApp-Image-2026-03-23-at-15.02.31.jpeg","datePublished":"2026-03-23T15:18:07+00:00","breadcrumb":{"@id":"https:\/\/boutiquebeautyclub.ch\/de\/prodotto\/pro-age-retin-serum\/#breadcrumb"},"inLanguage":"de","potentialAction":[{"@type":"ReadAction","target":["https:\/\/boutiquebeautyclub.ch\/de\/prodotto\/pro-age-retin-serum\/"]}]},{"@type":"ImageObject","inLanguage":"de","@id":"https:\/\/boutiquebeautyclub.ch\/de\/prodotto\/pro-age-retin-serum\/#primaryimage","url":"https:\/\/boutiquebeautyclub.ch\/wp-content\/uploads\/2026\/03\/WhatsApp-Image-2026-03-23-at-15.02.31.jpeg","contentUrl":"https:\/\/boutiquebeautyclub.ch\/wp-content\/uploads\/2026\/03\/WhatsApp-Image-2026-03-23-at-15.02.31.jpeg","width":1600,"height":1600},{"@type":"BreadcrumbList","@id":"https:\/\/boutiquebeautyclub.ch\/de\/prodotto\/pro-age-retin-serum\/#breadcrumb","itemListElement":[{"@type":"ListItem","position":1,"name":"Home","item":"https:\/\/boutiquebeautyclub.ch\/de\/"},{"@type":"ListItem","position":2,"name":"Shop","item":"https:\/\/boutiquebeautyclub.ch\/de\/shop\/"},{"@type":"ListItem","position":3,"name":"Pro Age &#8211; Retin Serum"}]},{"@type":"WebSite","@id":"https:\/\/boutiquebeautyclub.ch\/de\/#website","url":"https:\/\/boutiquebeautyclub.ch\/de\/","name":"Boutique Beauty Club","description":"Il tuo punto di riferimento per la bellezza e il benessere.","publisher":{"@id":"https:\/\/boutiquebeautyclub.ch\/de\/#organization"},"potentialAction":[{"@type":"SearchAction","target":{"@type":"EntryPoint","urlTemplate":"https:\/\/boutiquebeautyclub.ch\/de\/?s={search_term_string}"},"query-input":{"@type":"PropertyValueSpecification","valueRequired":true,"valueName":"search_term_string"}}],"inLanguage":"de"},{"@type":"Organization","@id":"https:\/\/boutiquebeautyclub.ch\/de\/#organization","name":"Boutique Beauty Club","url":"https:\/\/boutiquebeautyclub.ch\/de\/","logo":{"@type":"ImageObject","inLanguage":"de","@id":"https:\/\/boutiquebeautyclub.ch\/de\/#\/schema\/logo\/image\/","url":"https:\/\/boutiquebeautyclub.ch\/wp-content\/uploads\/2025\/07\/logo.png","contentUrl":"https:\/\/boutiquebeautyclub.ch\/wp-content\/uploads\/2025\/07\/logo.png","width":600,"height":248,"caption":"Boutique Beauty Club"},"image":{"@id":"https:\/\/boutiquebeautyclub.ch\/de\/#\/schema\/logo\/image\/"},"sameAs":["https:\/\/www.facebook.com\/beautyclubesteticalosone\/","https:\/\/www.instagram.com\/beautyclubestetica\/?hl=it"]}]}},"_links":{"self":[{"href":"https:\/\/boutiquebeautyclub.ch\/de\/wp-json\/wp\/v2\/product\/2337","targetHints":{"allow":["GET"]}}],"collection":[{"href":"https:\/\/boutiquebeautyclub.ch\/de\/wp-json\/wp\/v2\/product"}],"about":[{"href":"https:\/\/boutiquebeautyclub.ch\/de\/wp-json\/wp\/v2\/types\/product"}],"wp:featuredmedia":[{"embeddable":true,"href":"https:\/\/boutiquebeautyclub.ch\/de\/wp-json\/wp\/v2\/media\/1444"}],"wp:attachment":[{"href":"https:\/\/boutiquebeautyclub.ch\/de\/wp-json\/wp\/v2\/media?parent=2337"}],"wp:term":[{"taxonomy":"product_brand","embeddable":true,"href":"https:\/\/boutiquebeautyclub.ch\/de\/wp-json\/wp\/v2\/product_brand?post=2337"},{"taxonomy":"product_cat","embeddable":true,"href":"https:\/\/boutiquebeautyclub.ch\/de\/wp-json\/wp\/v2\/product_cat?post=2337"},{"taxonomy":"product_tag","embeddable":true,"href":"https:\/\/boutiquebeautyclub.ch\/de\/wp-json\/wp\/v2\/product_tag?post=2337"}],"curies":[{"name":"wp","href":"https:\/\/api.w.org\/{rel}","templated":true}]}}