{"id":2466,"date":"2026-03-23T16:10:06","date_gmt":"2026-03-23T15:10:06","guid":{"rendered":"https:\/\/boutiquebeautyclub.ch\/prodotto\/pro-age-glacier-serum\/"},"modified":"2026-03-23T16:10:06","modified_gmt":"2026-03-23T15:10:06","slug":"pro-age-glacier-serum","status":"publish","type":"product","link":"https:\/\/boutiquebeautyclub.ch\/de\/prodotto\/pro-age-glacier-serum\/","title":{"rendered":"Pro Age &#8211; Glacier Serum"},"content":{"rendered":"<p>Ein leichtes Serum, das der Haut dank seiner feuchtigkeitsspendenden Inhaltsstoffe ein Frischegef\u00fchl verleiht. Enth\u00e4lt glaziales Thermalwasser und Meeresextrakte, die helfen, Falten zu gl\u00e4tten und der Haut Festigkeit, Feuchtigkeit und Elastizit\u00e4t zur\u00fcckzugeben. <\/p>\n<p>Enth\u00e4lt glaziales Thermalwasser aus den Alpen, angereichert mit Mineralsalzen, haupts\u00e4chlich Kalzium und Magnesium, die zur St\u00e4rkung der Hautbarriere beitragen.<\/p>\n<p><strong>Anwendungsgebiete:<\/strong><\/p>\n<p>&#8211; Vorbeugung der ersten Zeichen der Hautalterung<\/p>\n<p>&#8211; F\u00fcr junge und trockene Haut<\/p>\n<p><strong>Wirkung:<\/strong><\/p>\n<p>&#8211; 24-Stunden-Feuchtigkeitsversorgung<\/p>\n<p>&#8211; Beugt den ersten Zeichen der Hautalterung vor<\/p>\n<p>&#8211; St\u00e4rkt die Hautbarriere<\/p>\n<p>&#8211; Erh\u00f6ht die Leuchtkraft<\/p>\n<p><strong>Wirkstoffe:<\/strong><\/p>\n<p>Glaziales Thermalwasser, reich an Kalzium und Magnesium, das die Hautbarriere st\u00e4rkt.<\/p>\n<p>Wirkstoffe marinen Ursprungs.<\/p>\n<p>Vitamin-Cocktail mit Niacinamid (Vitamin B3) und Vitamin C.<\/p>\n<p>Feuchtigkeits-Cocktail f\u00fcr maximale Hydratation.<\/p>\n","protected":false},"excerpt":{"rendered":"<p>Ein leichtes Serum, das der Haut dank seiner feuchtigkeitsspendenden Inhaltsstoffe ein Frischegef\u00fchl verleiht. Enth\u00e4lt glaziales Thermalwasser und Meeresextrakte, die helfen, Falten zu gl\u00e4tten und der Haut Festigkeit, Feuchtigkeit und Elastizit\u00e4t zur\u00fcckzugeben. <\/p>\n<p>Enth\u00e4lt glaziales Thermalwasser aus den Alpen, angereichert mit Mineralsalzen, haupts\u00e4chlich Kalzium und Magnesium, die zur St\u00e4rkung der Hautbarriere beitragen.<\/p>\n<p><strong>Anwendungsgebiete:<\/strong><\/p>\n<p>&#8211; Vorbeugung der ersten Zeichen der Hautalterung<\/p>\n<p>&#8211; F\u00fcr junge und trockene Haut<\/p>\n<p><strong>Wirkung:<\/strong><\/p>\n<p>&#8211; 24-Stunden-Feuchtigkeitsversorgung<\/p>\n<p>&#8211; Beugt den ersten Zeichen der Hautalterung vor<\/p>\n<p>&#8211; St\u00e4rkt die Hautbarriere<\/p>\n<p>&#8211; Erh\u00f6ht die Leuchtkraft<\/p>\n<p><strong>Wirkstoffe:<\/strong><\/p>\n<p>Glaziales Thermalwasser, reich an Kalzium und Magnesium, das die Hautbarriere st\u00e4rkt.<\/p>\n<p>Wirkstoffe marinen Ursprungs.<\/p>\n<p>Vitamin-Cocktail mit Niacinamid (Vitamin B3) und Vitamin C.<\/p>\n<p>Feuchtigkeits-Cocktail f\u00fcr maximale Hydratation.<\/p>\n","protected":false},"featured_media":1439,"template":"","meta":[],"product_brand":[],"product_cat":[407],"product_tag":[],"class_list":{"0":"post-2466","1":"product","2":"type-product","3":"status-publish","4":"has-post-thumbnail","6":"product_cat-gesicht","8":"first","9":"instock","10":"shipping-taxable","11":"purchasable","12":"product-type-simple"},"yoast_head":"<!-- This site is optimized with the Yoast SEO plugin v27.6 - https:\/\/yoast.com\/product\/yoast-seo-wordpress\/ -->\n<title>Pro Age - Glacier Serum - Boutique Beauty Club<\/title>\n<meta name=\"robots\" content=\"index, follow, max-snippet:-1, max-image-preview:large, max-video-preview:-1\" \/>\n<link rel=\"canonical\" href=\"https:\/\/boutiquebeautyclub.ch\/de\/prodotto\/pro-age-glacier-serum\/\" \/>\n<meta property=\"og:locale\" content=\"de_DE\" \/>\n<meta property=\"og:type\" content=\"article\" \/>\n<meta property=\"og:title\" content=\"Pro Age - Glacier Serum - Boutique Beauty Club\" \/>\n<meta property=\"og:description\" content=\"Ein leichtes Serum, das der Haut dank seiner feuchtigkeitsspendenden Inhaltsstoffe ein Frischegef\u00fchl verleiht. Enth\u00e4lt glaziales Thermalwasser und Meeresextrakte, die helfen, Falten zu gl\u00e4tten und der Haut Festigkeit, Feuchtigkeit und Elastizit\u00e4t zur\u00fcckzugeben.  Enth\u00e4lt glaziales Thermalwasser aus den Alpen, angereichert mit Mineralsalzen, haupts\u00e4chlich Kalzium und Magnesium, die zur St\u00e4rkung der Hautbarriere beitragen. Anwendungsgebiete: - Vorbeugung der ersten Zeichen der Hautalterung - F\u00fcr junge und trockene Haut Wirkung: - 24-Stunden-Feuchtigkeitsversorgung - Beugt den ersten Zeichen der Hautalterung vor - St\u00e4rkt die Hautbarriere - Erh\u00f6ht die Leuchtkraft Wirkstoffe: Glaziales Thermalwasser, reich an Kalzium und Magnesium, das die Hautbarriere st\u00e4rkt. Wirkstoffe marinen Ursprungs. Vitamin-Cocktail mit Niacinamid (Vitamin B3) und Vitamin C. Feuchtigkeits-Cocktail f\u00fcr maximale Hydratation.\" \/>\n<meta property=\"og:url\" content=\"https:\/\/boutiquebeautyclub.ch\/de\/prodotto\/pro-age-glacier-serum\/\" \/>\n<meta property=\"og:site_name\" content=\"Boutique Beauty Club\" \/>\n<meta property=\"article:publisher\" content=\"https:\/\/www.facebook.com\/beautyclubesteticalosone\/\" \/>\n<meta property=\"og:image\" content=\"https:\/\/boutiquebeautyclub.ch\/wp-content\/uploads\/2026\/03\/WhatsApp-Image-2026-03-23-at-15.04.11.jpeg\" \/>\n\t<meta property=\"og:image:width\" content=\"1600\" \/>\n\t<meta property=\"og:image:height\" content=\"1600\" \/>\n\t<meta property=\"og:image:type\" content=\"image\/jpeg\" \/>\n<meta name=\"twitter:card\" content=\"summary_large_image\" \/>\n<meta name=\"twitter:label1\" content=\"Gesch\u00e4tzte Lesezeit\" \/>\n\t<meta name=\"twitter:data1\" content=\"1\u00a0Minute\" \/>\n<script type=\"application\/ld+json\" class=\"yoast-schema-graph\">{\"@context\":\"https:\\\/\\\/schema.org\",\"@graph\":[{\"@type\":\"WebPage\",\"@id\":\"https:\\\/\\\/boutiquebeautyclub.ch\\\/de\\\/prodotto\\\/pro-age-glacier-serum\\\/\",\"url\":\"https:\\\/\\\/boutiquebeautyclub.ch\\\/de\\\/prodotto\\\/pro-age-glacier-serum\\\/\",\"name\":\"Pro Age - Glacier Serum - Boutique Beauty Club\",\"isPartOf\":{\"@id\":\"https:\\\/\\\/boutiquebeautyclub.ch\\\/de\\\/#website\"},\"primaryImageOfPage\":{\"@id\":\"https:\\\/\\\/boutiquebeautyclub.ch\\\/de\\\/prodotto\\\/pro-age-glacier-serum\\\/#primaryimage\"},\"image\":{\"@id\":\"https:\\\/\\\/boutiquebeautyclub.ch\\\/de\\\/prodotto\\\/pro-age-glacier-serum\\\/#primaryimage\"},\"thumbnailUrl\":\"https:\\\/\\\/boutiquebeautyclub.ch\\\/wp-content\\\/uploads\\\/2026\\\/03\\\/WhatsApp-Image-2026-03-23-at-15.04.11.jpeg\",\"datePublished\":\"2026-03-23T15:10:06+00:00\",\"breadcrumb\":{\"@id\":\"https:\\\/\\\/boutiquebeautyclub.ch\\\/de\\\/prodotto\\\/pro-age-glacier-serum\\\/#breadcrumb\"},\"inLanguage\":\"de\",\"potentialAction\":[{\"@type\":\"ReadAction\",\"target\":[\"https:\\\/\\\/boutiquebeautyclub.ch\\\/de\\\/prodotto\\\/pro-age-glacier-serum\\\/\"]}]},{\"@type\":\"ImageObject\",\"inLanguage\":\"de\",\"@id\":\"https:\\\/\\\/boutiquebeautyclub.ch\\\/de\\\/prodotto\\\/pro-age-glacier-serum\\\/#primaryimage\",\"url\":\"https:\\\/\\\/boutiquebeautyclub.ch\\\/wp-content\\\/uploads\\\/2026\\\/03\\\/WhatsApp-Image-2026-03-23-at-15.04.11.jpeg\",\"contentUrl\":\"https:\\\/\\\/boutiquebeautyclub.ch\\\/wp-content\\\/uploads\\\/2026\\\/03\\\/WhatsApp-Image-2026-03-23-at-15.04.11.jpeg\",\"width\":1600,\"height\":1600},{\"@type\":\"BreadcrumbList\",\"@id\":\"https:\\\/\\\/boutiquebeautyclub.ch\\\/de\\\/prodotto\\\/pro-age-glacier-serum\\\/#breadcrumb\",\"itemListElement\":[{\"@type\":\"ListItem\",\"position\":1,\"name\":\"Home\",\"item\":\"https:\\\/\\\/boutiquebeautyclub.ch\\\/de\\\/\"},{\"@type\":\"ListItem\",\"position\":2,\"name\":\"Shop\",\"item\":\"https:\\\/\\\/boutiquebeautyclub.ch\\\/de\\\/shop\\\/\"},{\"@type\":\"ListItem\",\"position\":3,\"name\":\"Pro Age &#8211; Glacier Serum\"}]},{\"@type\":\"WebSite\",\"@id\":\"https:\\\/\\\/boutiquebeautyclub.ch\\\/de\\\/#website\",\"url\":\"https:\\\/\\\/boutiquebeautyclub.ch\\\/de\\\/\",\"name\":\"Boutique Beauty Club\",\"description\":\"Il tuo punto di riferimento per la bellezza e il benessere.\",\"publisher\":{\"@id\":\"https:\\\/\\\/boutiquebeautyclub.ch\\\/de\\\/#organization\"},\"potentialAction\":[{\"@type\":\"SearchAction\",\"target\":{\"@type\":\"EntryPoint\",\"urlTemplate\":\"https:\\\/\\\/boutiquebeautyclub.ch\\\/de\\\/?s={search_term_string}\"},\"query-input\":{\"@type\":\"PropertyValueSpecification\",\"valueRequired\":true,\"valueName\":\"search_term_string\"}}],\"inLanguage\":\"de\"},{\"@type\":\"Organization\",\"@id\":\"https:\\\/\\\/boutiquebeautyclub.ch\\\/de\\\/#organization\",\"name\":\"Boutique Beauty Club\",\"url\":\"https:\\\/\\\/boutiquebeautyclub.ch\\\/de\\\/\",\"logo\":{\"@type\":\"ImageObject\",\"inLanguage\":\"de\",\"@id\":\"https:\\\/\\\/boutiquebeautyclub.ch\\\/de\\\/#\\\/schema\\\/logo\\\/image\\\/\",\"url\":\"https:\\\/\\\/boutiquebeautyclub.ch\\\/wp-content\\\/uploads\\\/2025\\\/07\\\/logo.png\",\"contentUrl\":\"https:\\\/\\\/boutiquebeautyclub.ch\\\/wp-content\\\/uploads\\\/2025\\\/07\\\/logo.png\",\"width\":600,\"height\":248,\"caption\":\"Boutique Beauty Club\"},\"image\":{\"@id\":\"https:\\\/\\\/boutiquebeautyclub.ch\\\/de\\\/#\\\/schema\\\/logo\\\/image\\\/\"},\"sameAs\":[\"https:\\\/\\\/www.facebook.com\\\/beautyclubesteticalosone\\\/\",\"https:\\\/\\\/www.instagram.com\\\/beautyclubestetica\\\/?hl=it\"]}]}<\/script>\n<!-- \/ Yoast SEO plugin. -->","yoast_head_json":{"title":"Pro Age - Glacier Serum - Boutique Beauty Club","robots":{"index":"index","follow":"follow","max-snippet":"max-snippet:-1","max-image-preview":"max-image-preview:large","max-video-preview":"max-video-preview:-1"},"canonical":"https:\/\/boutiquebeautyclub.ch\/de\/prodotto\/pro-age-glacier-serum\/","og_locale":"de_DE","og_type":"article","og_title":"Pro Age - Glacier Serum - Boutique Beauty Club","og_description":"Ein leichtes Serum, das der Haut dank seiner feuchtigkeitsspendenden Inhaltsstoffe ein Frischegef\u00fchl verleiht. Enth\u00e4lt glaziales Thermalwasser und Meeresextrakte, die helfen, Falten zu gl\u00e4tten und der Haut Festigkeit, Feuchtigkeit und Elastizit\u00e4t zur\u00fcckzugeben.  Enth\u00e4lt glaziales Thermalwasser aus den Alpen, angereichert mit Mineralsalzen, haupts\u00e4chlich Kalzium und Magnesium, die zur St\u00e4rkung der Hautbarriere beitragen. Anwendungsgebiete: - Vorbeugung der ersten Zeichen der Hautalterung - F\u00fcr junge und trockene Haut Wirkung: - 24-Stunden-Feuchtigkeitsversorgung - Beugt den ersten Zeichen der Hautalterung vor - St\u00e4rkt die Hautbarriere - Erh\u00f6ht die Leuchtkraft Wirkstoffe: Glaziales Thermalwasser, reich an Kalzium und Magnesium, das die Hautbarriere st\u00e4rkt. Wirkstoffe marinen Ursprungs. Vitamin-Cocktail mit Niacinamid (Vitamin B3) und Vitamin C. Feuchtigkeits-Cocktail f\u00fcr maximale Hydratation.","og_url":"https:\/\/boutiquebeautyclub.ch\/de\/prodotto\/pro-age-glacier-serum\/","og_site_name":"Boutique Beauty Club","article_publisher":"https:\/\/www.facebook.com\/beautyclubesteticalosone\/","og_image":[{"width":1600,"height":1600,"url":"https:\/\/boutiquebeautyclub.ch\/wp-content\/uploads\/2026\/03\/WhatsApp-Image-2026-03-23-at-15.04.11.jpeg","type":"image\/jpeg"}],"twitter_card":"summary_large_image","twitter_misc":{"Gesch\u00e4tzte Lesezeit":"1\u00a0Minute"},"schema":{"@context":"https:\/\/schema.org","@graph":[{"@type":"WebPage","@id":"https:\/\/boutiquebeautyclub.ch\/de\/prodotto\/pro-age-glacier-serum\/","url":"https:\/\/boutiquebeautyclub.ch\/de\/prodotto\/pro-age-glacier-serum\/","name":"Pro Age - Glacier Serum - Boutique Beauty Club","isPartOf":{"@id":"https:\/\/boutiquebeautyclub.ch\/de\/#website"},"primaryImageOfPage":{"@id":"https:\/\/boutiquebeautyclub.ch\/de\/prodotto\/pro-age-glacier-serum\/#primaryimage"},"image":{"@id":"https:\/\/boutiquebeautyclub.ch\/de\/prodotto\/pro-age-glacier-serum\/#primaryimage"},"thumbnailUrl":"https:\/\/boutiquebeautyclub.ch\/wp-content\/uploads\/2026\/03\/WhatsApp-Image-2026-03-23-at-15.04.11.jpeg","datePublished":"2026-03-23T15:10:06+00:00","breadcrumb":{"@id":"https:\/\/boutiquebeautyclub.ch\/de\/prodotto\/pro-age-glacier-serum\/#breadcrumb"},"inLanguage":"de","potentialAction":[{"@type":"ReadAction","target":["https:\/\/boutiquebeautyclub.ch\/de\/prodotto\/pro-age-glacier-serum\/"]}]},{"@type":"ImageObject","inLanguage":"de","@id":"https:\/\/boutiquebeautyclub.ch\/de\/prodotto\/pro-age-glacier-serum\/#primaryimage","url":"https:\/\/boutiquebeautyclub.ch\/wp-content\/uploads\/2026\/03\/WhatsApp-Image-2026-03-23-at-15.04.11.jpeg","contentUrl":"https:\/\/boutiquebeautyclub.ch\/wp-content\/uploads\/2026\/03\/WhatsApp-Image-2026-03-23-at-15.04.11.jpeg","width":1600,"height":1600},{"@type":"BreadcrumbList","@id":"https:\/\/boutiquebeautyclub.ch\/de\/prodotto\/pro-age-glacier-serum\/#breadcrumb","itemListElement":[{"@type":"ListItem","position":1,"name":"Home","item":"https:\/\/boutiquebeautyclub.ch\/de\/"},{"@type":"ListItem","position":2,"name":"Shop","item":"https:\/\/boutiquebeautyclub.ch\/de\/shop\/"},{"@type":"ListItem","position":3,"name":"Pro Age &#8211; Glacier Serum"}]},{"@type":"WebSite","@id":"https:\/\/boutiquebeautyclub.ch\/de\/#website","url":"https:\/\/boutiquebeautyclub.ch\/de\/","name":"Boutique Beauty Club","description":"Il tuo punto di riferimento per la bellezza e il benessere.","publisher":{"@id":"https:\/\/boutiquebeautyclub.ch\/de\/#organization"},"potentialAction":[{"@type":"SearchAction","target":{"@type":"EntryPoint","urlTemplate":"https:\/\/boutiquebeautyclub.ch\/de\/?s={search_term_string}"},"query-input":{"@type":"PropertyValueSpecification","valueRequired":true,"valueName":"search_term_string"}}],"inLanguage":"de"},{"@type":"Organization","@id":"https:\/\/boutiquebeautyclub.ch\/de\/#organization","name":"Boutique Beauty Club","url":"https:\/\/boutiquebeautyclub.ch\/de\/","logo":{"@type":"ImageObject","inLanguage":"de","@id":"https:\/\/boutiquebeautyclub.ch\/de\/#\/schema\/logo\/image\/","url":"https:\/\/boutiquebeautyclub.ch\/wp-content\/uploads\/2025\/07\/logo.png","contentUrl":"https:\/\/boutiquebeautyclub.ch\/wp-content\/uploads\/2025\/07\/logo.png","width":600,"height":248,"caption":"Boutique Beauty Club"},"image":{"@id":"https:\/\/boutiquebeautyclub.ch\/de\/#\/schema\/logo\/image\/"},"sameAs":["https:\/\/www.facebook.com\/beautyclubesteticalosone\/","https:\/\/www.instagram.com\/beautyclubestetica\/?hl=it"]}]}},"_links":{"self":[{"href":"https:\/\/boutiquebeautyclub.ch\/de\/wp-json\/wp\/v2\/product\/2466","targetHints":{"allow":["GET"]}}],"collection":[{"href":"https:\/\/boutiquebeautyclub.ch\/de\/wp-json\/wp\/v2\/product"}],"about":[{"href":"https:\/\/boutiquebeautyclub.ch\/de\/wp-json\/wp\/v2\/types\/product"}],"wp:featuredmedia":[{"embeddable":true,"href":"https:\/\/boutiquebeautyclub.ch\/de\/wp-json\/wp\/v2\/media\/1439"}],"wp:attachment":[{"href":"https:\/\/boutiquebeautyclub.ch\/de\/wp-json\/wp\/v2\/media?parent=2466"}],"wp:term":[{"taxonomy":"product_brand","embeddable":true,"href":"https:\/\/boutiquebeautyclub.ch\/de\/wp-json\/wp\/v2\/product_brand?post=2466"},{"taxonomy":"product_cat","embeddable":true,"href":"https:\/\/boutiquebeautyclub.ch\/de\/wp-json\/wp\/v2\/product_cat?post=2466"},{"taxonomy":"product_tag","embeddable":true,"href":"https:\/\/boutiquebeautyclub.ch\/de\/wp-json\/wp\/v2\/product_tag?post=2466"}],"curies":[{"name":"wp","href":"https:\/\/api.w.org\/{rel}","templated":true}]}}