{"id":2509,"date":"2026-03-23T16:15:49","date_gmt":"2026-03-23T15:15:49","guid":{"rendered":"https:\/\/boutiquebeautyclub.ch\/prodotto\/pro-age-unique-cream\/"},"modified":"2026-03-23T16:15:49","modified_gmt":"2026-03-23T15:15:49","slug":"pro-age-unique-cream","status":"publish","type":"product","link":"https:\/\/boutiquebeautyclub.ch\/de\/prodotto\/pro-age-unique-cream\/","title":{"rendered":"Pro Age &#8211; Unique Cream"},"content":{"rendered":"<p>N\u00e4hrende Tagescreme mit einer breiten Palette an Anti-Aging-Wirkstoffen, die gezielt auf kritische Problemzonen wirken: Spannkraft, Kr\u00e4henf\u00fc\u00dfe, Marionettenfalten, Y-Zone und Hals.<\/p>\n<p><strong>Indikationen:<\/strong><\/p>\n<p>&#8211; Zur Behandlung von Anzeichen der Hautalterung (Falten, Mimikfalten, Hauterschlaffung)<\/p>\n<p>&#8211; F\u00fcr reife und trockene Haut<\/p>\n<p>&#8211; F\u00fcr ein biologisches Alter ab 45 Jahren<\/p>\n<p><strong>Wirkung<\/strong><\/p>\n<p>&#8211; Umfassende Anti-Aging-Pflege f\u00fcr Gesicht, Hals und Y-Zone<\/p>\n<p>&#8211; Strafft die Haut und bek\u00e4mpft Falten<\/p>\n<p>&#8211; Spendet intensiv Feuchtigkeit und wirkt straffend<\/p>\n<p>&#8211; Exklusive Pflege f\u00fcr die Haut<\/p>\n<p><strong>Wirkstoffe:<\/strong><\/p>\n<p>Mannose-6-phosphat (pflanzlicher Wirkstoff), Aminobutters\u00e4ure, Hyalurons\u00e4ure, 4D-Polyglutamin, Bacuri-Butter, verschiedene reichhaltige und feuchtigkeitsspendende \u00d6le<\/p>\n","protected":false},"excerpt":{"rendered":"<p>N\u00e4hrende Tagescreme mit einer breiten Palette an Anti-Aging-Wirkstoffen, die gezielt auf kritische Problemzonen wirken: Spannkraft, Kr\u00e4henf\u00fc\u00dfe, Marionettenfalten, Y-Zone und Hals.<\/p>\n<p><strong>Indikationen:<\/strong><\/p>\n<p>&#8211; Zur Behandlung von Anzeichen der Hautalterung (Falten, Mimikfalten, Hauterschlaffung)<\/p>\n<p>&#8211; F\u00fcr reife und trockene Haut<\/p>\n<p>&#8211; F\u00fcr ein biologisches Alter ab 45 Jahren<\/p>\n<p><strong>Wirkung<\/strong><\/p>\n<p>&#8211; Umfassende Anti-Aging-Pflege f\u00fcr Gesicht, Hals und Y-Zone<\/p>\n<p>&#8211; Strafft die Haut und bek\u00e4mpft Falten<\/p>\n<p>&#8211; Spendet intensiv Feuchtigkeit und wirkt straffend<\/p>\n<p>&#8211; Exklusive Pflege f\u00fcr die Haut<\/p>\n<p><strong>Wirkstoffe:<\/strong><\/p>\n<p>Mannose-6-phosphat (pflanzlicher Wirkstoff), Aminobutters\u00e4ure, Hyalurons\u00e4ure, 4D-Polyglutamin, Bacuri-Butter, verschiedene reichhaltige und feuchtigkeitsspendende \u00d6le<\/p>\n","protected":false},"featured_media":1442,"template":"","meta":[],"product_brand":[],"product_cat":[407],"product_tag":[],"class_list":{"0":"post-2509","1":"product","2":"type-product","3":"status-publish","4":"has-post-thumbnail","6":"product_cat-gesicht","8":"first","9":"instock","10":"shipping-taxable","11":"purchasable","12":"product-type-simple"},"yoast_head":"<!-- This site is optimized with the Yoast SEO plugin v27.6 - https:\/\/yoast.com\/product\/yoast-seo-wordpress\/ -->\n<title>Pro Age - Unique Cream - Boutique Beauty Club<\/title>\n<meta name=\"robots\" content=\"index, follow, max-snippet:-1, max-image-preview:large, max-video-preview:-1\" \/>\n<link rel=\"canonical\" href=\"https:\/\/boutiquebeautyclub.ch\/de\/prodotto\/pro-age-unique-cream\/\" \/>\n<meta property=\"og:locale\" content=\"de_DE\" \/>\n<meta property=\"og:type\" content=\"article\" \/>\n<meta property=\"og:title\" content=\"Pro Age - Unique Cream - Boutique Beauty Club\" \/>\n<meta property=\"og:description\" content=\"N\u00e4hrende Tagescreme mit einer breiten Palette an Anti-Aging-Wirkstoffen, die gezielt auf kritische Problemzonen wirken: Spannkraft, Kr\u00e4henf\u00fc\u00dfe, Marionettenfalten, Y-Zone und Hals. Indikationen: - Zur Behandlung von Anzeichen der Hautalterung (Falten, Mimikfalten, Hauterschlaffung) - F\u00fcr reife und trockene Haut - F\u00fcr ein biologisches Alter ab 45 Jahren Wirkung - Umfassende Anti-Aging-Pflege f\u00fcr Gesicht, Hals und Y-Zone - Strafft die Haut und bek\u00e4mpft Falten - Spendet intensiv Feuchtigkeit und wirkt straffend - Exklusive Pflege f\u00fcr die Haut Wirkstoffe: Mannose-6-phosphat (pflanzlicher Wirkstoff), Aminobutters\u00e4ure, Hyalurons\u00e4ure, 4D-Polyglutamin, Bacuri-Butter, verschiedene reichhaltige und feuchtigkeitsspendende \u00d6le\" \/>\n<meta property=\"og:url\" content=\"https:\/\/boutiquebeautyclub.ch\/de\/prodotto\/pro-age-unique-cream\/\" \/>\n<meta property=\"og:site_name\" content=\"Boutique Beauty Club\" \/>\n<meta property=\"article:publisher\" content=\"https:\/\/www.facebook.com\/beautyclubesteticalosone\/\" \/>\n<meta property=\"og:image\" content=\"https:\/\/boutiquebeautyclub.ch\/wp-content\/uploads\/2026\/03\/WhatsApp-Image-2026-03-23-at-15.03.14.jpeg\" \/>\n\t<meta property=\"og:image:width\" content=\"1600\" \/>\n\t<meta property=\"og:image:height\" content=\"1600\" \/>\n\t<meta property=\"og:image:type\" content=\"image\/jpeg\" \/>\n<meta name=\"twitter:card\" content=\"summary_large_image\" \/>\n<script type=\"application\/ld+json\" class=\"yoast-schema-graph\">{\"@context\":\"https:\\\/\\\/schema.org\",\"@graph\":[{\"@type\":\"WebPage\",\"@id\":\"https:\\\/\\\/boutiquebeautyclub.ch\\\/de\\\/prodotto\\\/pro-age-unique-cream\\\/\",\"url\":\"https:\\\/\\\/boutiquebeautyclub.ch\\\/de\\\/prodotto\\\/pro-age-unique-cream\\\/\",\"name\":\"Pro Age - Unique Cream - Boutique Beauty Club\",\"isPartOf\":{\"@id\":\"https:\\\/\\\/boutiquebeautyclub.ch\\\/de\\\/#website\"},\"primaryImageOfPage\":{\"@id\":\"https:\\\/\\\/boutiquebeautyclub.ch\\\/de\\\/prodotto\\\/pro-age-unique-cream\\\/#primaryimage\"},\"image\":{\"@id\":\"https:\\\/\\\/boutiquebeautyclub.ch\\\/de\\\/prodotto\\\/pro-age-unique-cream\\\/#primaryimage\"},\"thumbnailUrl\":\"https:\\\/\\\/boutiquebeautyclub.ch\\\/wp-content\\\/uploads\\\/2026\\\/03\\\/WhatsApp-Image-2026-03-23-at-15.03.14.jpeg\",\"datePublished\":\"2026-03-23T15:15:49+00:00\",\"breadcrumb\":{\"@id\":\"https:\\\/\\\/boutiquebeautyclub.ch\\\/de\\\/prodotto\\\/pro-age-unique-cream\\\/#breadcrumb\"},\"inLanguage\":\"de\",\"potentialAction\":[{\"@type\":\"ReadAction\",\"target\":[\"https:\\\/\\\/boutiquebeautyclub.ch\\\/de\\\/prodotto\\\/pro-age-unique-cream\\\/\"]}]},{\"@type\":\"ImageObject\",\"inLanguage\":\"de\",\"@id\":\"https:\\\/\\\/boutiquebeautyclub.ch\\\/de\\\/prodotto\\\/pro-age-unique-cream\\\/#primaryimage\",\"url\":\"https:\\\/\\\/boutiquebeautyclub.ch\\\/wp-content\\\/uploads\\\/2026\\\/03\\\/WhatsApp-Image-2026-03-23-at-15.03.14.jpeg\",\"contentUrl\":\"https:\\\/\\\/boutiquebeautyclub.ch\\\/wp-content\\\/uploads\\\/2026\\\/03\\\/WhatsApp-Image-2026-03-23-at-15.03.14.jpeg\",\"width\":1600,\"height\":1600},{\"@type\":\"BreadcrumbList\",\"@id\":\"https:\\\/\\\/boutiquebeautyclub.ch\\\/de\\\/prodotto\\\/pro-age-unique-cream\\\/#breadcrumb\",\"itemListElement\":[{\"@type\":\"ListItem\",\"position\":1,\"name\":\"Home\",\"item\":\"https:\\\/\\\/boutiquebeautyclub.ch\\\/de\\\/\"},{\"@type\":\"ListItem\",\"position\":2,\"name\":\"Shop\",\"item\":\"https:\\\/\\\/boutiquebeautyclub.ch\\\/de\\\/shop\\\/\"},{\"@type\":\"ListItem\",\"position\":3,\"name\":\"Pro Age &#8211; Unique Cream\"}]},{\"@type\":\"WebSite\",\"@id\":\"https:\\\/\\\/boutiquebeautyclub.ch\\\/de\\\/#website\",\"url\":\"https:\\\/\\\/boutiquebeautyclub.ch\\\/de\\\/\",\"name\":\"Boutique Beauty Club\",\"description\":\"Il tuo punto di riferimento per la bellezza e il benessere.\",\"publisher\":{\"@id\":\"https:\\\/\\\/boutiquebeautyclub.ch\\\/de\\\/#organization\"},\"potentialAction\":[{\"@type\":\"SearchAction\",\"target\":{\"@type\":\"EntryPoint\",\"urlTemplate\":\"https:\\\/\\\/boutiquebeautyclub.ch\\\/de\\\/?s={search_term_string}\"},\"query-input\":{\"@type\":\"PropertyValueSpecification\",\"valueRequired\":true,\"valueName\":\"search_term_string\"}}],\"inLanguage\":\"de\"},{\"@type\":\"Organization\",\"@id\":\"https:\\\/\\\/boutiquebeautyclub.ch\\\/de\\\/#organization\",\"name\":\"Boutique Beauty Club\",\"url\":\"https:\\\/\\\/boutiquebeautyclub.ch\\\/de\\\/\",\"logo\":{\"@type\":\"ImageObject\",\"inLanguage\":\"de\",\"@id\":\"https:\\\/\\\/boutiquebeautyclub.ch\\\/de\\\/#\\\/schema\\\/logo\\\/image\\\/\",\"url\":\"https:\\\/\\\/boutiquebeautyclub.ch\\\/wp-content\\\/uploads\\\/2025\\\/07\\\/logo.png\",\"contentUrl\":\"https:\\\/\\\/boutiquebeautyclub.ch\\\/wp-content\\\/uploads\\\/2025\\\/07\\\/logo.png\",\"width\":600,\"height\":248,\"caption\":\"Boutique Beauty Club\"},\"image\":{\"@id\":\"https:\\\/\\\/boutiquebeautyclub.ch\\\/de\\\/#\\\/schema\\\/logo\\\/image\\\/\"},\"sameAs\":[\"https:\\\/\\\/www.facebook.com\\\/beautyclubesteticalosone\\\/\",\"https:\\\/\\\/www.instagram.com\\\/beautyclubestetica\\\/?hl=it\"]}]}<\/script>\n<!-- \/ Yoast SEO plugin. -->","yoast_head_json":{"title":"Pro Age - Unique Cream - Boutique Beauty Club","robots":{"index":"index","follow":"follow","max-snippet":"max-snippet:-1","max-image-preview":"max-image-preview:large","max-video-preview":"max-video-preview:-1"},"canonical":"https:\/\/boutiquebeautyclub.ch\/de\/prodotto\/pro-age-unique-cream\/","og_locale":"de_DE","og_type":"article","og_title":"Pro Age - Unique Cream - Boutique Beauty Club","og_description":"N\u00e4hrende Tagescreme mit einer breiten Palette an Anti-Aging-Wirkstoffen, die gezielt auf kritische Problemzonen wirken: Spannkraft, Kr\u00e4henf\u00fc\u00dfe, Marionettenfalten, Y-Zone und Hals. Indikationen: - Zur Behandlung von Anzeichen der Hautalterung (Falten, Mimikfalten, Hauterschlaffung) - F\u00fcr reife und trockene Haut - F\u00fcr ein biologisches Alter ab 45 Jahren Wirkung - Umfassende Anti-Aging-Pflege f\u00fcr Gesicht, Hals und Y-Zone - Strafft die Haut und bek\u00e4mpft Falten - Spendet intensiv Feuchtigkeit und wirkt straffend - Exklusive Pflege f\u00fcr die Haut Wirkstoffe: Mannose-6-phosphat (pflanzlicher Wirkstoff), Aminobutters\u00e4ure, Hyalurons\u00e4ure, 4D-Polyglutamin, Bacuri-Butter, verschiedene reichhaltige und feuchtigkeitsspendende \u00d6le","og_url":"https:\/\/boutiquebeautyclub.ch\/de\/prodotto\/pro-age-unique-cream\/","og_site_name":"Boutique Beauty Club","article_publisher":"https:\/\/www.facebook.com\/beautyclubesteticalosone\/","og_image":[{"width":1600,"height":1600,"url":"https:\/\/boutiquebeautyclub.ch\/wp-content\/uploads\/2026\/03\/WhatsApp-Image-2026-03-23-at-15.03.14.jpeg","type":"image\/jpeg"}],"twitter_card":"summary_large_image","schema":{"@context":"https:\/\/schema.org","@graph":[{"@type":"WebPage","@id":"https:\/\/boutiquebeautyclub.ch\/de\/prodotto\/pro-age-unique-cream\/","url":"https:\/\/boutiquebeautyclub.ch\/de\/prodotto\/pro-age-unique-cream\/","name":"Pro Age - Unique Cream - Boutique Beauty Club","isPartOf":{"@id":"https:\/\/boutiquebeautyclub.ch\/de\/#website"},"primaryImageOfPage":{"@id":"https:\/\/boutiquebeautyclub.ch\/de\/prodotto\/pro-age-unique-cream\/#primaryimage"},"image":{"@id":"https:\/\/boutiquebeautyclub.ch\/de\/prodotto\/pro-age-unique-cream\/#primaryimage"},"thumbnailUrl":"https:\/\/boutiquebeautyclub.ch\/wp-content\/uploads\/2026\/03\/WhatsApp-Image-2026-03-23-at-15.03.14.jpeg","datePublished":"2026-03-23T15:15:49+00:00","breadcrumb":{"@id":"https:\/\/boutiquebeautyclub.ch\/de\/prodotto\/pro-age-unique-cream\/#breadcrumb"},"inLanguage":"de","potentialAction":[{"@type":"ReadAction","target":["https:\/\/boutiquebeautyclub.ch\/de\/prodotto\/pro-age-unique-cream\/"]}]},{"@type":"ImageObject","inLanguage":"de","@id":"https:\/\/boutiquebeautyclub.ch\/de\/prodotto\/pro-age-unique-cream\/#primaryimage","url":"https:\/\/boutiquebeautyclub.ch\/wp-content\/uploads\/2026\/03\/WhatsApp-Image-2026-03-23-at-15.03.14.jpeg","contentUrl":"https:\/\/boutiquebeautyclub.ch\/wp-content\/uploads\/2026\/03\/WhatsApp-Image-2026-03-23-at-15.03.14.jpeg","width":1600,"height":1600},{"@type":"BreadcrumbList","@id":"https:\/\/boutiquebeautyclub.ch\/de\/prodotto\/pro-age-unique-cream\/#breadcrumb","itemListElement":[{"@type":"ListItem","position":1,"name":"Home","item":"https:\/\/boutiquebeautyclub.ch\/de\/"},{"@type":"ListItem","position":2,"name":"Shop","item":"https:\/\/boutiquebeautyclub.ch\/de\/shop\/"},{"@type":"ListItem","position":3,"name":"Pro Age &#8211; Unique Cream"}]},{"@type":"WebSite","@id":"https:\/\/boutiquebeautyclub.ch\/de\/#website","url":"https:\/\/boutiquebeautyclub.ch\/de\/","name":"Boutique Beauty Club","description":"Il tuo punto di riferimento per la bellezza e il benessere.","publisher":{"@id":"https:\/\/boutiquebeautyclub.ch\/de\/#organization"},"potentialAction":[{"@type":"SearchAction","target":{"@type":"EntryPoint","urlTemplate":"https:\/\/boutiquebeautyclub.ch\/de\/?s={search_term_string}"},"query-input":{"@type":"PropertyValueSpecification","valueRequired":true,"valueName":"search_term_string"}}],"inLanguage":"de"},{"@type":"Organization","@id":"https:\/\/boutiquebeautyclub.ch\/de\/#organization","name":"Boutique Beauty Club","url":"https:\/\/boutiquebeautyclub.ch\/de\/","logo":{"@type":"ImageObject","inLanguage":"de","@id":"https:\/\/boutiquebeautyclub.ch\/de\/#\/schema\/logo\/image\/","url":"https:\/\/boutiquebeautyclub.ch\/wp-content\/uploads\/2025\/07\/logo.png","contentUrl":"https:\/\/boutiquebeautyclub.ch\/wp-content\/uploads\/2025\/07\/logo.png","width":600,"height":248,"caption":"Boutique Beauty Club"},"image":{"@id":"https:\/\/boutiquebeautyclub.ch\/de\/#\/schema\/logo\/image\/"},"sameAs":["https:\/\/www.facebook.com\/beautyclubesteticalosone\/","https:\/\/www.instagram.com\/beautyclubestetica\/?hl=it"]}]}},"_links":{"self":[{"href":"https:\/\/boutiquebeautyclub.ch\/de\/wp-json\/wp\/v2\/product\/2509","targetHints":{"allow":["GET"]}}],"collection":[{"href":"https:\/\/boutiquebeautyclub.ch\/de\/wp-json\/wp\/v2\/product"}],"about":[{"href":"https:\/\/boutiquebeautyclub.ch\/de\/wp-json\/wp\/v2\/types\/product"}],"wp:featuredmedia":[{"embeddable":true,"href":"https:\/\/boutiquebeautyclub.ch\/de\/wp-json\/wp\/v2\/media\/1442"}],"wp:attachment":[{"href":"https:\/\/boutiquebeautyclub.ch\/de\/wp-json\/wp\/v2\/media?parent=2509"}],"wp:term":[{"taxonomy":"product_brand","embeddable":true,"href":"https:\/\/boutiquebeautyclub.ch\/de\/wp-json\/wp\/v2\/product_brand?post=2509"},{"taxonomy":"product_cat","embeddable":true,"href":"https:\/\/boutiquebeautyclub.ch\/de\/wp-json\/wp\/v2\/product_cat?post=2509"},{"taxonomy":"product_tag","embeddable":true,"href":"https:\/\/boutiquebeautyclub.ch\/de\/wp-json\/wp\/v2\/product_tag?post=2509"}],"curies":[{"name":"wp","href":"https:\/\/api.w.org\/{rel}","templated":true}]}}