{"id":2522,"date":"2026-03-23T15:28:19","date_gmt":"2026-03-23T14:28:19","guid":{"rendered":"https:\/\/boutiquebeautyclub.ch\/prodotto\/body-contour\/"},"modified":"2026-03-23T15:28:19","modified_gmt":"2026-03-23T14:28:19","slug":"body-contour","status":"publish","type":"product","link":"https:\/\/boutiquebeautyclub.ch\/de\/prodotto\/body-contour\/","title":{"rendered":"Body Contour"},"content":{"rendered":"<p><strong>MEDSPA BODY CONTOUR:<\/strong><\/p>\n<p>Die gezielten Wirkstoffe von swiss medSpa BODY CONTOUR sind auf den weiblichen Hormonzyklus abgestimmt und tragen zu sichtbaren Ergebnissen bei.<\/p>\n<p>Swiss medSpa hat die folgenden vier aufeinander abgestimmten Produkte f\u00fcr die verschiedenen Phasen des weiblichen Zyklus entwickelt, die nat\u00fcrlich auch von M\u00e4nnern unabh\u00e4ngig von ihrer Zyklusphase verwendet werden k\u00f6nnen.<\/p>\n<p>Das Konzentrat verhindert die Ablagerung von Schlackenstoffen in den Zellw\u00e4nden der Hypodermis sowie die Vergr\u00f6\u00dferung der Fettzellen selbst.<\/p>\n<p>In der zweiten Phase des Menstruationszyklus beginnt der K\u00f6rper, Wasser einzulagern, was zu Stauungen und einer leichten Zunahme von Gewicht und Umfang f\u00fchrt. Hormonelle Ver\u00e4nderungen verursachen oft auch Empfindlichkeit und die Neigung zu emotionalem Essen. <\/p>\n<p>Die schrittweise K\u00fchlung von Problemzonen wie Oberschenkeln und Bauch stimuliert den Stoffwechsel und das Lymphsystem. Sie entstaut und belebt m\u00fcde Beine. <\/p>\n<p><strong>Wirkung und Anwendung<\/strong><\/p>\n<p>Es ist wichtig, Wassereinlagerungen im Bindegewebe vorzubeugen und den Fettstoffwechsel zu aktivieren.<\/p>\n<p>Wenn eine Frau keinen regelm\u00e4\u00dfigen Menstruationszyklus hat oder in der Menopause\/Postmenopause ist, wird empfohlen, mit Phase II, dem BODY REMODELLING, zu beginnen.<\/p>\n<p>Schwere und schmerzende Beine: BODY CONTOUR ist auch perfekt f\u00fcr die Schwangerschaft geeignet.<\/p>\n<p>Brennende F\u00fc\u00dfe, schmerzende Waden, geschwollene Kn\u00f6chel in der Nacht: BODY CONTOUR wirkt und l\u00e4sst dich bequemer schlafen.<\/p>\n<p>Wirkt der Lipogenese entgegen<\/p>\n<p>&nbsp;<\/p>\n<p><strong>Wirkstoffe<\/strong>: Menthol, Kampfer, pflanzliches Glycerin<\/p>\n","protected":false},"excerpt":{"rendered":"<p><strong>MEDSPA BODY CONTOUR:<\/strong><\/p>\n<p>Die gezielten Wirkstoffe von swiss medSpa BODY CONTOUR sind auf den weiblichen Hormonzyklus abgestimmt und tragen zu sichtbaren Ergebnissen bei.<\/p>\n<p>Swiss medSpa hat die folgenden vier aufeinander abgestimmten Produkte f\u00fcr die verschiedenen Phasen des weiblichen Zyklus entwickelt, die nat\u00fcrlich auch von M\u00e4nnern unabh\u00e4ngig von ihrer Zyklusphase verwendet werden k\u00f6nnen.<\/p>\n<p>Das Konzentrat verhindert die Ablagerung von Schlackenstoffen in den Zellw\u00e4nden der Hypodermis sowie die Vergr\u00f6\u00dferung der Fettzellen selbst.<\/p>\n<p>In der zweiten Phase des Menstruationszyklus beginnt der K\u00f6rper, Wasser einzulagern, was zu Stauungen und einer leichten Zunahme von Gewicht und Umfang f\u00fchrt. Hormonelle Ver\u00e4nderungen verursachen oft auch Empfindlichkeit und die Neigung zu emotionalem Essen. <\/p>\n<p>Die schrittweise K\u00fchlung von Problemzonen wie Oberschenkeln und Bauch stimuliert den Stoffwechsel und das Lymphsystem. Sie entstaut und belebt m\u00fcde Beine. <\/p>\n<p><strong>Wirkung und Anwendung<\/strong><\/p>\n<p>Es ist wichtig, Wassereinlagerungen im Bindegewebe vorzubeugen und den Fettstoffwechsel zu aktivieren.<\/p>\n<p>Wenn eine Frau keinen regelm\u00e4\u00dfigen Menstruationszyklus hat oder in der Menopause\/Postmenopause ist, wird empfohlen, mit Phase II, dem BODY REMODELLING, zu beginnen.<\/p>\n<p>Schwere und schmerzende Beine: BODY CONTOUR ist auch perfekt f\u00fcr die Schwangerschaft geeignet.<\/p>\n<p>Brennende F\u00fc\u00dfe, schmerzende Waden, geschwollene Kn\u00f6chel in der Nacht: BODY CONTOUR wirkt und l\u00e4sst dich bequemer schlafen.<\/p>\n<p>Wirkt der Lipogenese entgegen<\/p>\n<p>&nbsp;<\/p>\n<p><strong>Wirkstoffe<\/strong>: Menthol, Kampfer, pflanzliches Glycerin<\/p>\n","protected":false},"featured_media":1430,"template":"","meta":[],"product_brand":[],"product_cat":[399],"product_tag":[],"class_list":{"0":"post-2522","1":"product","2":"type-product","3":"status-publish","4":"has-post-thumbnail","6":"product_cat-korper","8":"first","9":"instock","10":"shipping-taxable","11":"purchasable","12":"product-type-simple"},"yoast_head":"<!-- This site is optimized with the Yoast SEO plugin v27.6 - https:\/\/yoast.com\/product\/yoast-seo-wordpress\/ -->\n<title>Body Contour - Boutique Beauty Club<\/title>\n<meta name=\"robots\" content=\"index, follow, max-snippet:-1, max-image-preview:large, max-video-preview:-1\" \/>\n<link rel=\"canonical\" href=\"https:\/\/boutiquebeautyclub.ch\/de\/prodotto\/body-contour\/\" \/>\n<meta property=\"og:locale\" content=\"de_DE\" \/>\n<meta property=\"og:type\" content=\"article\" \/>\n<meta property=\"og:title\" content=\"Body Contour - Boutique Beauty Club\" \/>\n<meta property=\"og:description\" content=\"MEDSPA BODY CONTOUR: Die gezielten Wirkstoffe von swiss medSpa BODY CONTOUR sind auf den weiblichen Hormonzyklus abgestimmt und tragen zu sichtbaren Ergebnissen bei. Swiss medSpa hat die folgenden vier aufeinander abgestimmten Produkte f\u00fcr die verschiedenen Phasen des weiblichen Zyklus entwickelt, die nat\u00fcrlich auch von M\u00e4nnern unabh\u00e4ngig von ihrer Zyklusphase verwendet werden k\u00f6nnen. Das Konzentrat verhindert die Ablagerung von Schlackenstoffen in den Zellw\u00e4nden der Hypodermis sowie die Vergr\u00f6\u00dferung der Fettzellen selbst. In der zweiten Phase des Menstruationszyklus beginnt der K\u00f6rper, Wasser einzulagern, was zu Stauungen und einer leichten Zunahme von Gewicht und Umfang f\u00fchrt. Hormonelle Ver\u00e4nderungen verursachen oft auch Empfindlichkeit und die Neigung zu emotionalem Essen.  Die schrittweise K\u00fchlung von Problemzonen wie Oberschenkeln und Bauch stimuliert den Stoffwechsel und das Lymphsystem. Sie entstaut und belebt m\u00fcde Beine.  Wirkung und Anwendung Es ist wichtig, Wassereinlagerungen im Bindegewebe vorzubeugen und den Fettstoffwechsel zu aktivieren. Wenn eine Frau keinen regelm\u00e4\u00dfigen Menstruationszyklus hat oder in der Menopause\/Postmenopause ist, wird empfohlen, mit Phase II, dem BODY REMODELLING, zu beginnen. Schwere und schmerzende Beine: BODY CONTOUR ist auch perfekt f\u00fcr die Schwangerschaft geeignet. Brennende F\u00fc\u00dfe, schmerzende Waden, geschwollene Kn\u00f6chel in der Nacht: BODY CONTOUR wirkt und l\u00e4sst dich bequemer schlafen. Wirkt der Lipogenese entgegen &nbsp; Wirkstoffe: Menthol, Kampfer, pflanzliches Glycerin\" \/>\n<meta property=\"og:url\" content=\"https:\/\/boutiquebeautyclub.ch\/de\/prodotto\/body-contour\/\" \/>\n<meta property=\"og:site_name\" content=\"Boutique Beauty Club\" \/>\n<meta property=\"article:publisher\" content=\"https:\/\/www.facebook.com\/beautyclubesteticalosone\/\" \/>\n<meta property=\"og:image\" content=\"https:\/\/boutiquebeautyclub.ch\/wp-content\/uploads\/2026\/03\/WhatsApp-Image-2026-03-23-at-14.59.37.jpeg\" \/>\n\t<meta property=\"og:image:width\" content=\"1080\" \/>\n\t<meta property=\"og:image:height\" content=\"1080\" \/>\n\t<meta property=\"og:image:type\" content=\"image\/jpeg\" \/>\n<meta name=\"twitter:card\" content=\"summary_large_image\" \/>\n<meta name=\"twitter:label1\" content=\"Gesch\u00e4tzte Lesezeit\" \/>\n\t<meta name=\"twitter:data1\" content=\"1\u00a0Minute\" \/>\n<script type=\"application\/ld+json\" class=\"yoast-schema-graph\">{\"@context\":\"https:\\\/\\\/schema.org\",\"@graph\":[{\"@type\":\"WebPage\",\"@id\":\"https:\\\/\\\/boutiquebeautyclub.ch\\\/de\\\/prodotto\\\/body-contour\\\/\",\"url\":\"https:\\\/\\\/boutiquebeautyclub.ch\\\/de\\\/prodotto\\\/body-contour\\\/\",\"name\":\"Body Contour - Boutique Beauty Club\",\"isPartOf\":{\"@id\":\"https:\\\/\\\/boutiquebeautyclub.ch\\\/de\\\/#website\"},\"primaryImageOfPage\":{\"@id\":\"https:\\\/\\\/boutiquebeautyclub.ch\\\/de\\\/prodotto\\\/body-contour\\\/#primaryimage\"},\"image\":{\"@id\":\"https:\\\/\\\/boutiquebeautyclub.ch\\\/de\\\/prodotto\\\/body-contour\\\/#primaryimage\"},\"thumbnailUrl\":\"https:\\\/\\\/boutiquebeautyclub.ch\\\/wp-content\\\/uploads\\\/2026\\\/03\\\/WhatsApp-Image-2026-03-23-at-14.59.37.jpeg\",\"datePublished\":\"2026-03-23T14:28:19+00:00\",\"breadcrumb\":{\"@id\":\"https:\\\/\\\/boutiquebeautyclub.ch\\\/de\\\/prodotto\\\/body-contour\\\/#breadcrumb\"},\"inLanguage\":\"de\",\"potentialAction\":[{\"@type\":\"ReadAction\",\"target\":[\"https:\\\/\\\/boutiquebeautyclub.ch\\\/de\\\/prodotto\\\/body-contour\\\/\"]}]},{\"@type\":\"ImageObject\",\"inLanguage\":\"de\",\"@id\":\"https:\\\/\\\/boutiquebeautyclub.ch\\\/de\\\/prodotto\\\/body-contour\\\/#primaryimage\",\"url\":\"https:\\\/\\\/boutiquebeautyclub.ch\\\/wp-content\\\/uploads\\\/2026\\\/03\\\/WhatsApp-Image-2026-03-23-at-14.59.37.jpeg\",\"contentUrl\":\"https:\\\/\\\/boutiquebeautyclub.ch\\\/wp-content\\\/uploads\\\/2026\\\/03\\\/WhatsApp-Image-2026-03-23-at-14.59.37.jpeg\",\"width\":1080,\"height\":1080},{\"@type\":\"BreadcrumbList\",\"@id\":\"https:\\\/\\\/boutiquebeautyclub.ch\\\/de\\\/prodotto\\\/body-contour\\\/#breadcrumb\",\"itemListElement\":[{\"@type\":\"ListItem\",\"position\":1,\"name\":\"Home\",\"item\":\"https:\\\/\\\/boutiquebeautyclub.ch\\\/de\\\/\"},{\"@type\":\"ListItem\",\"position\":2,\"name\":\"Shop\",\"item\":\"https:\\\/\\\/boutiquebeautyclub.ch\\\/de\\\/shop\\\/\"},{\"@type\":\"ListItem\",\"position\":3,\"name\":\"Body Contour\"}]},{\"@type\":\"WebSite\",\"@id\":\"https:\\\/\\\/boutiquebeautyclub.ch\\\/de\\\/#website\",\"url\":\"https:\\\/\\\/boutiquebeautyclub.ch\\\/de\\\/\",\"name\":\"Boutique Beauty Club\",\"description\":\"Il tuo punto di riferimento per la bellezza e il benessere.\",\"publisher\":{\"@id\":\"https:\\\/\\\/boutiquebeautyclub.ch\\\/de\\\/#organization\"},\"potentialAction\":[{\"@type\":\"SearchAction\",\"target\":{\"@type\":\"EntryPoint\",\"urlTemplate\":\"https:\\\/\\\/boutiquebeautyclub.ch\\\/de\\\/?s={search_term_string}\"},\"query-input\":{\"@type\":\"PropertyValueSpecification\",\"valueRequired\":true,\"valueName\":\"search_term_string\"}}],\"inLanguage\":\"de\"},{\"@type\":\"Organization\",\"@id\":\"https:\\\/\\\/boutiquebeautyclub.ch\\\/de\\\/#organization\",\"name\":\"Boutique Beauty Club\",\"url\":\"https:\\\/\\\/boutiquebeautyclub.ch\\\/de\\\/\",\"logo\":{\"@type\":\"ImageObject\",\"inLanguage\":\"de\",\"@id\":\"https:\\\/\\\/boutiquebeautyclub.ch\\\/de\\\/#\\\/schema\\\/logo\\\/image\\\/\",\"url\":\"https:\\\/\\\/boutiquebeautyclub.ch\\\/wp-content\\\/uploads\\\/2025\\\/07\\\/logo.png\",\"contentUrl\":\"https:\\\/\\\/boutiquebeautyclub.ch\\\/wp-content\\\/uploads\\\/2025\\\/07\\\/logo.png\",\"width\":600,\"height\":248,\"caption\":\"Boutique Beauty Club\"},\"image\":{\"@id\":\"https:\\\/\\\/boutiquebeautyclub.ch\\\/de\\\/#\\\/schema\\\/logo\\\/image\\\/\"},\"sameAs\":[\"https:\\\/\\\/www.facebook.com\\\/beautyclubesteticalosone\\\/\",\"https:\\\/\\\/www.instagram.com\\\/beautyclubestetica\\\/?hl=it\"]}]}<\/script>\n<!-- \/ Yoast SEO plugin. -->","yoast_head_json":{"title":"Body Contour - Boutique Beauty Club","robots":{"index":"index","follow":"follow","max-snippet":"max-snippet:-1","max-image-preview":"max-image-preview:large","max-video-preview":"max-video-preview:-1"},"canonical":"https:\/\/boutiquebeautyclub.ch\/de\/prodotto\/body-contour\/","og_locale":"de_DE","og_type":"article","og_title":"Body Contour - Boutique Beauty Club","og_description":"MEDSPA BODY CONTOUR: Die gezielten Wirkstoffe von swiss medSpa BODY CONTOUR sind auf den weiblichen Hormonzyklus abgestimmt und tragen zu sichtbaren Ergebnissen bei. Swiss medSpa hat die folgenden vier aufeinander abgestimmten Produkte f\u00fcr die verschiedenen Phasen des weiblichen Zyklus entwickelt, die nat\u00fcrlich auch von M\u00e4nnern unabh\u00e4ngig von ihrer Zyklusphase verwendet werden k\u00f6nnen. Das Konzentrat verhindert die Ablagerung von Schlackenstoffen in den Zellw\u00e4nden der Hypodermis sowie die Vergr\u00f6\u00dferung der Fettzellen selbst. In der zweiten Phase des Menstruationszyklus beginnt der K\u00f6rper, Wasser einzulagern, was zu Stauungen und einer leichten Zunahme von Gewicht und Umfang f\u00fchrt. Hormonelle Ver\u00e4nderungen verursachen oft auch Empfindlichkeit und die Neigung zu emotionalem Essen.  Die schrittweise K\u00fchlung von Problemzonen wie Oberschenkeln und Bauch stimuliert den Stoffwechsel und das Lymphsystem. Sie entstaut und belebt m\u00fcde Beine.  Wirkung und Anwendung Es ist wichtig, Wassereinlagerungen im Bindegewebe vorzubeugen und den Fettstoffwechsel zu aktivieren. Wenn eine Frau keinen regelm\u00e4\u00dfigen Menstruationszyklus hat oder in der Menopause\/Postmenopause ist, wird empfohlen, mit Phase II, dem BODY REMODELLING, zu beginnen. Schwere und schmerzende Beine: BODY CONTOUR ist auch perfekt f\u00fcr die Schwangerschaft geeignet. Brennende F\u00fc\u00dfe, schmerzende Waden, geschwollene Kn\u00f6chel in der Nacht: BODY CONTOUR wirkt und l\u00e4sst dich bequemer schlafen. Wirkt der Lipogenese entgegen &nbsp; Wirkstoffe: Menthol, Kampfer, pflanzliches Glycerin","og_url":"https:\/\/boutiquebeautyclub.ch\/de\/prodotto\/body-contour\/","og_site_name":"Boutique Beauty Club","article_publisher":"https:\/\/www.facebook.com\/beautyclubesteticalosone\/","og_image":[{"width":1080,"height":1080,"url":"https:\/\/boutiquebeautyclub.ch\/wp-content\/uploads\/2026\/03\/WhatsApp-Image-2026-03-23-at-14.59.37.jpeg","type":"image\/jpeg"}],"twitter_card":"summary_large_image","twitter_misc":{"Gesch\u00e4tzte Lesezeit":"1\u00a0Minute"},"schema":{"@context":"https:\/\/schema.org","@graph":[{"@type":"WebPage","@id":"https:\/\/boutiquebeautyclub.ch\/de\/prodotto\/body-contour\/","url":"https:\/\/boutiquebeautyclub.ch\/de\/prodotto\/body-contour\/","name":"Body Contour - Boutique Beauty Club","isPartOf":{"@id":"https:\/\/boutiquebeautyclub.ch\/de\/#website"},"primaryImageOfPage":{"@id":"https:\/\/boutiquebeautyclub.ch\/de\/prodotto\/body-contour\/#primaryimage"},"image":{"@id":"https:\/\/boutiquebeautyclub.ch\/de\/prodotto\/body-contour\/#primaryimage"},"thumbnailUrl":"https:\/\/boutiquebeautyclub.ch\/wp-content\/uploads\/2026\/03\/WhatsApp-Image-2026-03-23-at-14.59.37.jpeg","datePublished":"2026-03-23T14:28:19+00:00","breadcrumb":{"@id":"https:\/\/boutiquebeautyclub.ch\/de\/prodotto\/body-contour\/#breadcrumb"},"inLanguage":"de","potentialAction":[{"@type":"ReadAction","target":["https:\/\/boutiquebeautyclub.ch\/de\/prodotto\/body-contour\/"]}]},{"@type":"ImageObject","inLanguage":"de","@id":"https:\/\/boutiquebeautyclub.ch\/de\/prodotto\/body-contour\/#primaryimage","url":"https:\/\/boutiquebeautyclub.ch\/wp-content\/uploads\/2026\/03\/WhatsApp-Image-2026-03-23-at-14.59.37.jpeg","contentUrl":"https:\/\/boutiquebeautyclub.ch\/wp-content\/uploads\/2026\/03\/WhatsApp-Image-2026-03-23-at-14.59.37.jpeg","width":1080,"height":1080},{"@type":"BreadcrumbList","@id":"https:\/\/boutiquebeautyclub.ch\/de\/prodotto\/body-contour\/#breadcrumb","itemListElement":[{"@type":"ListItem","position":1,"name":"Home","item":"https:\/\/boutiquebeautyclub.ch\/de\/"},{"@type":"ListItem","position":2,"name":"Shop","item":"https:\/\/boutiquebeautyclub.ch\/de\/shop\/"},{"@type":"ListItem","position":3,"name":"Body Contour"}]},{"@type":"WebSite","@id":"https:\/\/boutiquebeautyclub.ch\/de\/#website","url":"https:\/\/boutiquebeautyclub.ch\/de\/","name":"Boutique Beauty Club","description":"Il tuo punto di riferimento per la bellezza e il benessere.","publisher":{"@id":"https:\/\/boutiquebeautyclub.ch\/de\/#organization"},"potentialAction":[{"@type":"SearchAction","target":{"@type":"EntryPoint","urlTemplate":"https:\/\/boutiquebeautyclub.ch\/de\/?s={search_term_string}"},"query-input":{"@type":"PropertyValueSpecification","valueRequired":true,"valueName":"search_term_string"}}],"inLanguage":"de"},{"@type":"Organization","@id":"https:\/\/boutiquebeautyclub.ch\/de\/#organization","name":"Boutique Beauty Club","url":"https:\/\/boutiquebeautyclub.ch\/de\/","logo":{"@type":"ImageObject","inLanguage":"de","@id":"https:\/\/boutiquebeautyclub.ch\/de\/#\/schema\/logo\/image\/","url":"https:\/\/boutiquebeautyclub.ch\/wp-content\/uploads\/2025\/07\/logo.png","contentUrl":"https:\/\/boutiquebeautyclub.ch\/wp-content\/uploads\/2025\/07\/logo.png","width":600,"height":248,"caption":"Boutique Beauty Club"},"image":{"@id":"https:\/\/boutiquebeautyclub.ch\/de\/#\/schema\/logo\/image\/"},"sameAs":["https:\/\/www.facebook.com\/beautyclubesteticalosone\/","https:\/\/www.instagram.com\/beautyclubestetica\/?hl=it"]}]}},"_links":{"self":[{"href":"https:\/\/boutiquebeautyclub.ch\/de\/wp-json\/wp\/v2\/product\/2522","targetHints":{"allow":["GET"]}}],"collection":[{"href":"https:\/\/boutiquebeautyclub.ch\/de\/wp-json\/wp\/v2\/product"}],"about":[{"href":"https:\/\/boutiquebeautyclub.ch\/de\/wp-json\/wp\/v2\/types\/product"}],"wp:featuredmedia":[{"embeddable":true,"href":"https:\/\/boutiquebeautyclub.ch\/de\/wp-json\/wp\/v2\/media\/1430"}],"wp:attachment":[{"href":"https:\/\/boutiquebeautyclub.ch\/de\/wp-json\/wp\/v2\/media?parent=2522"}],"wp:term":[{"taxonomy":"product_brand","embeddable":true,"href":"https:\/\/boutiquebeautyclub.ch\/de\/wp-json\/wp\/v2\/product_brand?post=2522"},{"taxonomy":"product_cat","embeddable":true,"href":"https:\/\/boutiquebeautyclub.ch\/de\/wp-json\/wp\/v2\/product_cat?post=2522"},{"taxonomy":"product_tag","embeddable":true,"href":"https:\/\/boutiquebeautyclub.ch\/de\/wp-json\/wp\/v2\/product_tag?post=2522"}],"curies":[{"name":"wp","href":"https:\/\/api.w.org\/{rel}","templated":true}]}}