{"id":2524,"date":"2026-03-23T15:41:12","date_gmt":"2026-03-23T14:41:12","guid":{"rendered":"https:\/\/boutiquebeautyclub.ch\/prodotto\/body-detox\/"},"modified":"2026-03-23T15:41:12","modified_gmt":"2026-03-23T14:41:12","slug":"body-detox","status":"publish","type":"product","link":"https:\/\/boutiquebeautyclub.ch\/de\/prodotto\/body-detox\/","title":{"rendered":"Body Detox"},"content":{"rendered":"<p><strong>MEDSPA BODY DETOX:<\/strong><\/p>\n<p>Ein effektives Paket mit zwei verschiedenen Wirkstoffkombinationen. Swiss medSpa hat die folgenden vier aufeinander abgestimmten Produkte f\u00fcr die verschiedenen Phasen des weiblichen Zyklus entwickelt, die nat\u00fcrlich auch von M\u00e4nnern unabh\u00e4ngig von ihrem Zyklus verwendet werden k\u00f6nnen. <\/p>\n<p>Nur fettfreie und emulgatorfreie Gel-Liposomen sind stabil und in der Lage, die Wirkstoffe in die tieferen Hautschichten zu transportieren. Da unsere Forschung aus dem medizinischen Bereich stammt, war dies schon immer ein Grundprinzip f\u00fcr die Wirksamkeit der Swiss medSpa Seren. BODY DETOX kann als Basisprodukt oder von j\u00fcngeren Personen verwendet werden. Es kann im Fr\u00fchjahr in Kombination mit anderen Detox- und Schlankheitsprogrammen oder in Synergie mit anderen Swiss medSpa Produkten verwendet werden.   <\/p>\n<p>Das Wirkstoffkonzentrat 1<\/p>\n<p>enth\u00e4lt Inhaltsstoffe, die das Wachstum von Fettzellen hemmen und das Bindegewebe st\u00e4rken. Es aktiviert das Enzym ATGL (Adipozyten-Triglycerid-Lipase), das f\u00fcr die Fettspaltung verantwortlich ist. Dies f\u00fchrt zu einer strafferen Haut und festerem Gewebe.  <\/p>\n<p>Wirkstoffkonzentrat 2:<\/p>\n<p>Dieses steigert schrittweise die Durchblutung, erh\u00f6ht so die Sauerstoffkonzentration und f\u00f6rdert ma\u00dfgeblich den Abtransport von Stoffwechselabf\u00e4llen. Diese Konzentrate wirken synergetisch. Die Aktivit\u00e4t im Unterhautgewebe wird verst\u00e4rkt und die Mitochondrien werden stimuliert.  <\/p>\n<p><strong>Textur<\/strong>:<\/p>\n<p>Die Haut f\u00fchlt sich bereits nach wenigen Anwendungen sichtbar weicher und straffer an.<\/p>\n<p><strong>Wirkstoffe:<\/strong><\/p>\n<p>Genistein wirkt der Adipogenese und Lipolyse entgegen. Genistein ist ein pflanzliches Kollagen und st\u00e4rkt das Bindegewebe. <\/p>\n<p>Spirulina plantensis Extrakt ist eine S\u00fc\u00dfwasseralge, die entw\u00e4ssernd und alkalisierend wirkt. Sie strafft und restrukturiert das Gewebe. <\/p>\n<p>Carnitin wirkt als Antioxidans und soll Fettzellen reduzieren.<\/p>\n<p>Koffein f\u00f6rdert die Durchblutung und hilft beim Abbau von Fettzellen.<\/p>\n<p>Die Wirkstoffe werden mittels Tr\u00e4gern (Liposomen) in die tieferen Hautschichten transportiert.<\/p>\n<p>Kontraindikationen \/ Zusatzinformationen:<\/p>\n<p>Da die Wirkstoffkomplexe intensiv sind, kann sehr empfindliche Haut st\u00e4rker reagieren. Diese Reaktion ist normal und l\u00e4sst nach einigen Anwendungen nach. Frauen in den Wechseljahren mit ausgepr\u00e4gten Hitzewallungen k\u00f6nnten intensiver reagieren. Nur lokal anwenden.   <\/p>\n<p>Die BODY DETOX Behandlung kann an spezifischen Zonen angewendet werden: Arme (innen und au\u00dfen), Bauch, Ges\u00e4\u00df und Oberschenkel (innen und au\u00dfen). Die Durchblutung variiert von Person zu Person. Bereiche mit ausgepr\u00e4gten Krampfadern meiden.  <\/p>\n","protected":false},"excerpt":{"rendered":"<p><strong>MEDSPA BODY DETOX:<\/strong><\/p>\n<p>Ein effektives Paket mit zwei verschiedenen Wirkstoffkombinationen. Swiss medSpa hat die folgenden vier aufeinander abgestimmten Produkte f\u00fcr die verschiedenen Phasen des weiblichen Zyklus entwickelt, die nat\u00fcrlich auch von M\u00e4nnern unabh\u00e4ngig von ihrem Zyklus verwendet werden k\u00f6nnen. <\/p>\n<p>Nur fettfreie und emulgatorfreie Gel-Liposomen sind stabil und in der Lage, die Wirkstoffe in die tieferen Hautschichten zu transportieren. Da unsere Forschung aus dem medizinischen Bereich stammt, war dies schon immer ein Grundprinzip f\u00fcr die Wirksamkeit der Swiss medSpa Seren. BODY DETOX kann als Basisprodukt oder von j\u00fcngeren Personen verwendet werden. Es kann im Fr\u00fchjahr in Kombination mit anderen Detox- und Schlankheitsprogrammen oder in Synergie mit anderen Swiss medSpa Produkten verwendet werden.   <\/p>\n<p>Das Wirkstoffkonzentrat 1<\/p>\n<p>enth\u00e4lt Inhaltsstoffe, die das Wachstum von Fettzellen hemmen und das Bindegewebe st\u00e4rken. Es aktiviert das Enzym ATGL (Adipozyten-Triglycerid-Lipase), das f\u00fcr die Fettspaltung verantwortlich ist. Dies f\u00fchrt zu einer strafferen Haut und festerem Gewebe.  <\/p>\n<p>Wirkstoffkonzentrat 2:<\/p>\n<p>Dieses steigert schrittweise die Durchblutung, erh\u00f6ht so die Sauerstoffkonzentration und f\u00f6rdert ma\u00dfgeblich den Abtransport von Stoffwechselabf\u00e4llen. Diese Konzentrate wirken synergetisch. Die Aktivit\u00e4t im Unterhautgewebe wird verst\u00e4rkt und die Mitochondrien werden stimuliert.  <\/p>\n<p><strong>Textur<\/strong>:<\/p>\n<p>Die Haut f\u00fchlt sich bereits nach wenigen Anwendungen sichtbar weicher und straffer an.<\/p>\n<p><strong>Wirkstoffe:<\/strong><\/p>\n<p>Genistein wirkt der Adipogenese und Lipolyse entgegen. Genistein ist ein pflanzliches Kollagen und st\u00e4rkt das Bindegewebe. <\/p>\n<p>Spirulina plantensis Extrakt ist eine S\u00fc\u00dfwasseralge, die entw\u00e4ssernd und alkalisierend wirkt. Sie strafft und restrukturiert das Gewebe. <\/p>\n<p>Carnitin wirkt als Antioxidans und soll Fettzellen reduzieren.<\/p>\n<p>Koffein f\u00f6rdert die Durchblutung und hilft beim Abbau von Fettzellen.<\/p>\n<p>Die Wirkstoffe werden mittels Tr\u00e4gern (Liposomen) in die tieferen Hautschichten transportiert.<\/p>\n<p>Kontraindikationen \/ Zusatzinformationen:<\/p>\n<p>Da die Wirkstoffkomplexe intensiv sind, kann sehr empfindliche Haut st\u00e4rker reagieren. Diese Reaktion ist normal und l\u00e4sst nach einigen Anwendungen nach. Frauen in den Wechseljahren mit ausgepr\u00e4gten Hitzewallungen k\u00f6nnten intensiver reagieren. Nur lokal anwenden.   <\/p>\n<p>Die BODY DETOX Behandlung kann an spezifischen Zonen angewendet werden: Arme (innen und au\u00dfen), Bauch, Ges\u00e4\u00df und Oberschenkel (innen und au\u00dfen). Die Durchblutung variiert von Person zu Person. Bereiche mit ausgepr\u00e4gten Krampfadern meiden.  <\/p>\n","protected":false},"featured_media":1433,"template":"","meta":[],"product_brand":[],"product_cat":[399],"product_tag":[],"class_list":{"0":"post-2524","1":"product","2":"type-product","3":"status-publish","4":"has-post-thumbnail","6":"product_cat-korper","8":"first","9":"instock","10":"shipping-taxable","11":"purchasable","12":"product-type-simple"},"yoast_head":"<!-- This site is optimized with the Yoast SEO plugin v27.6 - https:\/\/yoast.com\/product\/yoast-seo-wordpress\/ -->\n<title>Body Detox - Boutique Beauty Club<\/title>\n<meta name=\"robots\" content=\"index, follow, max-snippet:-1, max-image-preview:large, max-video-preview:-1\" \/>\n<link rel=\"canonical\" href=\"https:\/\/boutiquebeautyclub.ch\/de\/prodotto\/body-detox\/\" \/>\n<meta property=\"og:locale\" content=\"de_DE\" \/>\n<meta property=\"og:type\" content=\"article\" \/>\n<meta property=\"og:title\" content=\"Body Detox - Boutique Beauty Club\" \/>\n<meta property=\"og:description\" content=\"MEDSPA BODY DETOX: Ein effektives Paket mit zwei verschiedenen Wirkstoffkombinationen. Swiss medSpa hat die folgenden vier aufeinander abgestimmten Produkte f\u00fcr die verschiedenen Phasen des weiblichen Zyklus entwickelt, die nat\u00fcrlich auch von M\u00e4nnern unabh\u00e4ngig von ihrem Zyklus verwendet werden k\u00f6nnen.  Nur fettfreie und emulgatorfreie Gel-Liposomen sind stabil und in der Lage, die Wirkstoffe in die tieferen Hautschichten zu transportieren. Da unsere Forschung aus dem medizinischen Bereich stammt, war dies schon immer ein Grundprinzip f\u00fcr die Wirksamkeit der Swiss medSpa Seren. BODY DETOX kann als Basisprodukt oder von j\u00fcngeren Personen verwendet werden. Es kann im Fr\u00fchjahr in Kombination mit anderen Detox- und Schlankheitsprogrammen oder in Synergie mit anderen Swiss medSpa Produkten verwendet werden.   Das Wirkstoffkonzentrat 1 enth\u00e4lt Inhaltsstoffe, die das Wachstum von Fettzellen hemmen und das Bindegewebe st\u00e4rken. Es aktiviert das Enzym ATGL (Adipozyten-Triglycerid-Lipase), das f\u00fcr die Fettspaltung verantwortlich ist. Dies f\u00fchrt zu einer strafferen Haut und festerem Gewebe.  Wirkstoffkonzentrat 2: Dieses steigert schrittweise die Durchblutung, erh\u00f6ht so die Sauerstoffkonzentration und f\u00f6rdert ma\u00dfgeblich den Abtransport von Stoffwechselabf\u00e4llen. Diese Konzentrate wirken synergetisch. Die Aktivit\u00e4t im Unterhautgewebe wird verst\u00e4rkt und die Mitochondrien werden stimuliert.  Textur: Die Haut f\u00fchlt sich bereits nach wenigen Anwendungen sichtbar weicher und straffer an. Wirkstoffe: Genistein wirkt der Adipogenese und Lipolyse entgegen. Genistein ist ein pflanzliches Kollagen und st\u00e4rkt das Bindegewebe.  Spirulina plantensis Extrakt ist eine S\u00fc\u00dfwasseralge, die entw\u00e4ssernd und alkalisierend wirkt. Sie strafft und restrukturiert das Gewebe.  Carnitin wirkt als Antioxidans und soll Fettzellen reduzieren. Koffein f\u00f6rdert die Durchblutung und hilft beim Abbau von Fettzellen. Die Wirkstoffe werden mittels Tr\u00e4gern (Liposomen) in die tieferen Hautschichten transportiert. Kontraindikationen \/ Zusatzinformationen: Da die Wirkstoffkomplexe intensiv sind, kann sehr empfindliche Haut st\u00e4rker reagieren. Diese Reaktion ist normal und l\u00e4sst nach einigen Anwendungen nach. Frauen in den Wechseljahren mit ausgepr\u00e4gten Hitzewallungen k\u00f6nnten intensiver reagieren. Nur lokal anwenden.   Die BODY DETOX Behandlung kann an spezifischen Zonen angewendet werden: Arme (innen und au\u00dfen), Bauch, Ges\u00e4\u00df und Oberschenkel (innen und au\u00dfen). Die Durchblutung variiert von Person zu Person. Bereiche mit ausgepr\u00e4gten Krampfadern meiden.\" \/>\n<meta property=\"og:url\" content=\"https:\/\/boutiquebeautyclub.ch\/de\/prodotto\/body-detox\/\" \/>\n<meta property=\"og:site_name\" content=\"Boutique Beauty Club\" \/>\n<meta property=\"article:publisher\" content=\"https:\/\/www.facebook.com\/beautyclubesteticalosone\/\" \/>\n<meta property=\"og:image\" content=\"https:\/\/boutiquebeautyclub.ch\/wp-content\/uploads\/2026\/03\/WhatsApp-Image-2026-03-23-at-14.57.24.jpeg\" \/>\n\t<meta property=\"og:image:width\" content=\"1165\" \/>\n\t<meta property=\"og:image:height\" content=\"1284\" \/>\n\t<meta property=\"og:image:type\" content=\"image\/jpeg\" \/>\n<meta name=\"twitter:card\" content=\"summary_large_image\" \/>\n<meta name=\"twitter:label1\" content=\"Gesch\u00e4tzte Lesezeit\" \/>\n\t<meta name=\"twitter:data1\" content=\"2\u00a0Minuten\" \/>\n<script type=\"application\/ld+json\" class=\"yoast-schema-graph\">{\"@context\":\"https:\\\/\\\/schema.org\",\"@graph\":[{\"@type\":\"WebPage\",\"@id\":\"https:\\\/\\\/boutiquebeautyclub.ch\\\/de\\\/prodotto\\\/body-detox\\\/\",\"url\":\"https:\\\/\\\/boutiquebeautyclub.ch\\\/de\\\/prodotto\\\/body-detox\\\/\",\"name\":\"Body Detox - Boutique Beauty Club\",\"isPartOf\":{\"@id\":\"https:\\\/\\\/boutiquebeautyclub.ch\\\/de\\\/#website\"},\"primaryImageOfPage\":{\"@id\":\"https:\\\/\\\/boutiquebeautyclub.ch\\\/de\\\/prodotto\\\/body-detox\\\/#primaryimage\"},\"image\":{\"@id\":\"https:\\\/\\\/boutiquebeautyclub.ch\\\/de\\\/prodotto\\\/body-detox\\\/#primaryimage\"},\"thumbnailUrl\":\"https:\\\/\\\/boutiquebeautyclub.ch\\\/wp-content\\\/uploads\\\/2026\\\/03\\\/WhatsApp-Image-2026-03-23-at-14.57.24.jpeg\",\"datePublished\":\"2026-03-23T14:41:12+00:00\",\"breadcrumb\":{\"@id\":\"https:\\\/\\\/boutiquebeautyclub.ch\\\/de\\\/prodotto\\\/body-detox\\\/#breadcrumb\"},\"inLanguage\":\"de\",\"potentialAction\":[{\"@type\":\"ReadAction\",\"target\":[\"https:\\\/\\\/boutiquebeautyclub.ch\\\/de\\\/prodotto\\\/body-detox\\\/\"]}]},{\"@type\":\"ImageObject\",\"inLanguage\":\"de\",\"@id\":\"https:\\\/\\\/boutiquebeautyclub.ch\\\/de\\\/prodotto\\\/body-detox\\\/#primaryimage\",\"url\":\"https:\\\/\\\/boutiquebeautyclub.ch\\\/wp-content\\\/uploads\\\/2026\\\/03\\\/WhatsApp-Image-2026-03-23-at-14.57.24.jpeg\",\"contentUrl\":\"https:\\\/\\\/boutiquebeautyclub.ch\\\/wp-content\\\/uploads\\\/2026\\\/03\\\/WhatsApp-Image-2026-03-23-at-14.57.24.jpeg\",\"width\":1165,\"height\":1284},{\"@type\":\"BreadcrumbList\",\"@id\":\"https:\\\/\\\/boutiquebeautyclub.ch\\\/de\\\/prodotto\\\/body-detox\\\/#breadcrumb\",\"itemListElement\":[{\"@type\":\"ListItem\",\"position\":1,\"name\":\"Home\",\"item\":\"https:\\\/\\\/boutiquebeautyclub.ch\\\/de\\\/\"},{\"@type\":\"ListItem\",\"position\":2,\"name\":\"Shop\",\"item\":\"https:\\\/\\\/boutiquebeautyclub.ch\\\/de\\\/shop\\\/\"},{\"@type\":\"ListItem\",\"position\":3,\"name\":\"Body Detox\"}]},{\"@type\":\"WebSite\",\"@id\":\"https:\\\/\\\/boutiquebeautyclub.ch\\\/de\\\/#website\",\"url\":\"https:\\\/\\\/boutiquebeautyclub.ch\\\/de\\\/\",\"name\":\"Boutique Beauty Club\",\"description\":\"Il tuo punto di riferimento per la bellezza e il benessere.\",\"publisher\":{\"@id\":\"https:\\\/\\\/boutiquebeautyclub.ch\\\/de\\\/#organization\"},\"potentialAction\":[{\"@type\":\"SearchAction\",\"target\":{\"@type\":\"EntryPoint\",\"urlTemplate\":\"https:\\\/\\\/boutiquebeautyclub.ch\\\/de\\\/?s={search_term_string}\"},\"query-input\":{\"@type\":\"PropertyValueSpecification\",\"valueRequired\":true,\"valueName\":\"search_term_string\"}}],\"inLanguage\":\"de\"},{\"@type\":\"Organization\",\"@id\":\"https:\\\/\\\/boutiquebeautyclub.ch\\\/de\\\/#organization\",\"name\":\"Boutique Beauty Club\",\"url\":\"https:\\\/\\\/boutiquebeautyclub.ch\\\/de\\\/\",\"logo\":{\"@type\":\"ImageObject\",\"inLanguage\":\"de\",\"@id\":\"https:\\\/\\\/boutiquebeautyclub.ch\\\/de\\\/#\\\/schema\\\/logo\\\/image\\\/\",\"url\":\"https:\\\/\\\/boutiquebeautyclub.ch\\\/wp-content\\\/uploads\\\/2025\\\/07\\\/logo.png\",\"contentUrl\":\"https:\\\/\\\/boutiquebeautyclub.ch\\\/wp-content\\\/uploads\\\/2025\\\/07\\\/logo.png\",\"width\":600,\"height\":248,\"caption\":\"Boutique Beauty Club\"},\"image\":{\"@id\":\"https:\\\/\\\/boutiquebeautyclub.ch\\\/de\\\/#\\\/schema\\\/logo\\\/image\\\/\"},\"sameAs\":[\"https:\\\/\\\/www.facebook.com\\\/beautyclubesteticalosone\\\/\",\"https:\\\/\\\/www.instagram.com\\\/beautyclubestetica\\\/?hl=it\"]}]}<\/script>\n<!-- \/ Yoast SEO plugin. -->","yoast_head_json":{"title":"Body Detox - Boutique Beauty Club","robots":{"index":"index","follow":"follow","max-snippet":"max-snippet:-1","max-image-preview":"max-image-preview:large","max-video-preview":"max-video-preview:-1"},"canonical":"https:\/\/boutiquebeautyclub.ch\/de\/prodotto\/body-detox\/","og_locale":"de_DE","og_type":"article","og_title":"Body Detox - Boutique Beauty Club","og_description":"MEDSPA BODY DETOX: Ein effektives Paket mit zwei verschiedenen Wirkstoffkombinationen. Swiss medSpa hat die folgenden vier aufeinander abgestimmten Produkte f\u00fcr die verschiedenen Phasen des weiblichen Zyklus entwickelt, die nat\u00fcrlich auch von M\u00e4nnern unabh\u00e4ngig von ihrem Zyklus verwendet werden k\u00f6nnen.  Nur fettfreie und emulgatorfreie Gel-Liposomen sind stabil und in der Lage, die Wirkstoffe in die tieferen Hautschichten zu transportieren. Da unsere Forschung aus dem medizinischen Bereich stammt, war dies schon immer ein Grundprinzip f\u00fcr die Wirksamkeit der Swiss medSpa Seren. BODY DETOX kann als Basisprodukt oder von j\u00fcngeren Personen verwendet werden. Es kann im Fr\u00fchjahr in Kombination mit anderen Detox- und Schlankheitsprogrammen oder in Synergie mit anderen Swiss medSpa Produkten verwendet werden.   Das Wirkstoffkonzentrat 1 enth\u00e4lt Inhaltsstoffe, die das Wachstum von Fettzellen hemmen und das Bindegewebe st\u00e4rken. Es aktiviert das Enzym ATGL (Adipozyten-Triglycerid-Lipase), das f\u00fcr die Fettspaltung verantwortlich ist. Dies f\u00fchrt zu einer strafferen Haut und festerem Gewebe.  Wirkstoffkonzentrat 2: Dieses steigert schrittweise die Durchblutung, erh\u00f6ht so die Sauerstoffkonzentration und f\u00f6rdert ma\u00dfgeblich den Abtransport von Stoffwechselabf\u00e4llen. Diese Konzentrate wirken synergetisch. Die Aktivit\u00e4t im Unterhautgewebe wird verst\u00e4rkt und die Mitochondrien werden stimuliert.  Textur: Die Haut f\u00fchlt sich bereits nach wenigen Anwendungen sichtbar weicher und straffer an. Wirkstoffe: Genistein wirkt der Adipogenese und Lipolyse entgegen. Genistein ist ein pflanzliches Kollagen und st\u00e4rkt das Bindegewebe.  Spirulina plantensis Extrakt ist eine S\u00fc\u00dfwasseralge, die entw\u00e4ssernd und alkalisierend wirkt. Sie strafft und restrukturiert das Gewebe.  Carnitin wirkt als Antioxidans und soll Fettzellen reduzieren. Koffein f\u00f6rdert die Durchblutung und hilft beim Abbau von Fettzellen. Die Wirkstoffe werden mittels Tr\u00e4gern (Liposomen) in die tieferen Hautschichten transportiert. Kontraindikationen \/ Zusatzinformationen: Da die Wirkstoffkomplexe intensiv sind, kann sehr empfindliche Haut st\u00e4rker reagieren. Diese Reaktion ist normal und l\u00e4sst nach einigen Anwendungen nach. Frauen in den Wechseljahren mit ausgepr\u00e4gten Hitzewallungen k\u00f6nnten intensiver reagieren. Nur lokal anwenden.   Die BODY DETOX Behandlung kann an spezifischen Zonen angewendet werden: Arme (innen und au\u00dfen), Bauch, Ges\u00e4\u00df und Oberschenkel (innen und au\u00dfen). Die Durchblutung variiert von Person zu Person. Bereiche mit ausgepr\u00e4gten Krampfadern meiden.","og_url":"https:\/\/boutiquebeautyclub.ch\/de\/prodotto\/body-detox\/","og_site_name":"Boutique Beauty Club","article_publisher":"https:\/\/www.facebook.com\/beautyclubesteticalosone\/","og_image":[{"width":1165,"height":1284,"url":"https:\/\/boutiquebeautyclub.ch\/wp-content\/uploads\/2026\/03\/WhatsApp-Image-2026-03-23-at-14.57.24.jpeg","type":"image\/jpeg"}],"twitter_card":"summary_large_image","twitter_misc":{"Gesch\u00e4tzte Lesezeit":"2\u00a0Minuten"},"schema":{"@context":"https:\/\/schema.org","@graph":[{"@type":"WebPage","@id":"https:\/\/boutiquebeautyclub.ch\/de\/prodotto\/body-detox\/","url":"https:\/\/boutiquebeautyclub.ch\/de\/prodotto\/body-detox\/","name":"Body Detox - Boutique Beauty Club","isPartOf":{"@id":"https:\/\/boutiquebeautyclub.ch\/de\/#website"},"primaryImageOfPage":{"@id":"https:\/\/boutiquebeautyclub.ch\/de\/prodotto\/body-detox\/#primaryimage"},"image":{"@id":"https:\/\/boutiquebeautyclub.ch\/de\/prodotto\/body-detox\/#primaryimage"},"thumbnailUrl":"https:\/\/boutiquebeautyclub.ch\/wp-content\/uploads\/2026\/03\/WhatsApp-Image-2026-03-23-at-14.57.24.jpeg","datePublished":"2026-03-23T14:41:12+00:00","breadcrumb":{"@id":"https:\/\/boutiquebeautyclub.ch\/de\/prodotto\/body-detox\/#breadcrumb"},"inLanguage":"de","potentialAction":[{"@type":"ReadAction","target":["https:\/\/boutiquebeautyclub.ch\/de\/prodotto\/body-detox\/"]}]},{"@type":"ImageObject","inLanguage":"de","@id":"https:\/\/boutiquebeautyclub.ch\/de\/prodotto\/body-detox\/#primaryimage","url":"https:\/\/boutiquebeautyclub.ch\/wp-content\/uploads\/2026\/03\/WhatsApp-Image-2026-03-23-at-14.57.24.jpeg","contentUrl":"https:\/\/boutiquebeautyclub.ch\/wp-content\/uploads\/2026\/03\/WhatsApp-Image-2026-03-23-at-14.57.24.jpeg","width":1165,"height":1284},{"@type":"BreadcrumbList","@id":"https:\/\/boutiquebeautyclub.ch\/de\/prodotto\/body-detox\/#breadcrumb","itemListElement":[{"@type":"ListItem","position":1,"name":"Home","item":"https:\/\/boutiquebeautyclub.ch\/de\/"},{"@type":"ListItem","position":2,"name":"Shop","item":"https:\/\/boutiquebeautyclub.ch\/de\/shop\/"},{"@type":"ListItem","position":3,"name":"Body Detox"}]},{"@type":"WebSite","@id":"https:\/\/boutiquebeautyclub.ch\/de\/#website","url":"https:\/\/boutiquebeautyclub.ch\/de\/","name":"Boutique Beauty Club","description":"Il tuo punto di riferimento per la bellezza e il benessere.","publisher":{"@id":"https:\/\/boutiquebeautyclub.ch\/de\/#organization"},"potentialAction":[{"@type":"SearchAction","target":{"@type":"EntryPoint","urlTemplate":"https:\/\/boutiquebeautyclub.ch\/de\/?s={search_term_string}"},"query-input":{"@type":"PropertyValueSpecification","valueRequired":true,"valueName":"search_term_string"}}],"inLanguage":"de"},{"@type":"Organization","@id":"https:\/\/boutiquebeautyclub.ch\/de\/#organization","name":"Boutique Beauty Club","url":"https:\/\/boutiquebeautyclub.ch\/de\/","logo":{"@type":"ImageObject","inLanguage":"de","@id":"https:\/\/boutiquebeautyclub.ch\/de\/#\/schema\/logo\/image\/","url":"https:\/\/boutiquebeautyclub.ch\/wp-content\/uploads\/2025\/07\/logo.png","contentUrl":"https:\/\/boutiquebeautyclub.ch\/wp-content\/uploads\/2025\/07\/logo.png","width":600,"height":248,"caption":"Boutique Beauty Club"},"image":{"@id":"https:\/\/boutiquebeautyclub.ch\/de\/#\/schema\/logo\/image\/"},"sameAs":["https:\/\/www.facebook.com\/beautyclubesteticalosone\/","https:\/\/www.instagram.com\/beautyclubestetica\/?hl=it"]}]}},"_links":{"self":[{"href":"https:\/\/boutiquebeautyclub.ch\/de\/wp-json\/wp\/v2\/product\/2524","targetHints":{"allow":["GET"]}}],"collection":[{"href":"https:\/\/boutiquebeautyclub.ch\/de\/wp-json\/wp\/v2\/product"}],"about":[{"href":"https:\/\/boutiquebeautyclub.ch\/de\/wp-json\/wp\/v2\/types\/product"}],"wp:featuredmedia":[{"embeddable":true,"href":"https:\/\/boutiquebeautyclub.ch\/de\/wp-json\/wp\/v2\/media\/1433"}],"wp:attachment":[{"href":"https:\/\/boutiquebeautyclub.ch\/de\/wp-json\/wp\/v2\/media?parent=2524"}],"wp:term":[{"taxonomy":"product_brand","embeddable":true,"href":"https:\/\/boutiquebeautyclub.ch\/de\/wp-json\/wp\/v2\/product_brand?post=2524"},{"taxonomy":"product_cat","embeddable":true,"href":"https:\/\/boutiquebeautyclub.ch\/de\/wp-json\/wp\/v2\/product_cat?post=2524"},{"taxonomy":"product_tag","embeddable":true,"href":"https:\/\/boutiquebeautyclub.ch\/de\/wp-json\/wp\/v2\/product_tag?post=2524"}],"curies":[{"name":"wp","href":"https:\/\/api.w.org\/{rel}","templated":true}]}}