{"id":2526,"date":"2026-03-23T15:33:37","date_gmt":"2026-03-23T14:33:37","guid":{"rendered":"https:\/\/boutiquebeautyclub.ch\/prodotto\/body-slim\/"},"modified":"2026-03-23T15:33:37","modified_gmt":"2026-03-23T14:33:37","slug":"body-slim","status":"publish","type":"product","link":"https:\/\/boutiquebeautyclub.ch\/de\/prodotto\/body-slim\/","title":{"rendered":"Body Slim"},"content":{"rendered":"<p><strong>MED SPA BODY SLIM<\/strong>:<\/p>\n<p>Diese K\u00f6rpercreme f\u00f6rdert die Reduzierung von Cellulite und strafft die Haut.:<\/p>\n<p>Die hohe Konzentration exklusiver Wirkstoffe revitalisiert die Haut, unabh\u00e4ngig vom Menstruationszyklus. Gleichzeitig wirkt diese Anti-Aging-Behandlung vorzeitiger Hautalterung entgegen. Bei Umfangs- und\/oder Gewichtsverlust hilft BODY SLIM, die Hautelastizit\u00e4t wiederherzustellen. Kann als t\u00e4gliche Feuchtigkeitscreme in Kombination mit DETOX, RE LIFT oder CONTOUR verwendet werden.   <\/p>\n<p>G\u00f6nn dir seidig glatte Haut!<\/p>\n<p>BODY SLIM ist eine Tagescreme f\u00fcr den ganzen K\u00f6rper, entwickelt f\u00fcr Frauen, die mehr als nur Feuchtigkeit w\u00fcnschen.<\/p>\n<p>Anwendungen:<\/p>\n<p>Zur Reduzierung von Cellulite in den Anfangsstadien<\/p>\n<p>Ideale Behandlung auch f\u00fcr Brust, Arme usw.<\/p>\n<p>Geeignet f\u00fcr alle Hauttypen, auch f\u00fcr sehr trockene Haut.<\/p>\n<p>Enth\u00e4lt keine Mineral\u00f6le, Parabene und PEG, daher ideal auch f\u00fcr empfindliche Haut.<\/p>\n<p>Ideal f\u00fcr:<\/p>\n<p>Als Abschlussphase der Cellulite-Behandlung. Basiscreme zur Cellulite-Pr\u00e4vention. Abschlussbehandlung nach dem kompletten K\u00f6rperpeeling. Ausgleichende Detox-K\u00f6rperpackung. T\u00e4gliche Pflege f\u00fcr empfindliche Haut wie bei Psoriasis. Rosskastanie kann die Venenw\u00e4nde st\u00e4rken.     <\/p>\n<p>Wirkung:<\/p>\n<p>Revitalisierende Wirkung, Reduziert Cellulite, F\u00f6rdert die Hautstraffung, Kann auch w\u00e4hrend der Stillzeit verwendet werden. Beugt Dehnungsstreifen vor, wichtig vor der Schwangerschaft. Beugt vorzeitiger Hautalterung vor.  <\/p>\n<p>Wirkstoffe: Aesculus Hippocastanum Samenextrakt, Algenextrakt, Pullulan, Tocopherol, Soja\u00f6le<\/p>\n<p>&nbsp;<\/p>\n<p>Allgemeine Informationen:<\/p>\n<p>Idealerweise solltest du mit der Anwendung der Wirkstoffe von Swiss medSpa mit einer Behandlung in einem unserer zertifizierten Kosmetikstudios beginnen, wo wir dir auch zeigen, wie du die Wirkung mit der Wickelmethode optimal verst\u00e4rken kannst. Dar\u00fcber hinaus kann das Kosmetikstudio dir die besten Ergebnisse auch mit Lymphdrainage garantieren, sowohl mit speziellen Drainagestr\u00fcmpfen als auch manuell. <\/p>\n","protected":false},"excerpt":{"rendered":"<p><strong>MED SPA BODY SLIM<\/strong>:<\/p>\n<p>Diese K\u00f6rpercreme f\u00f6rdert die Reduzierung von Cellulite und strafft die Haut.:<\/p>\n<p>Die hohe Konzentration exklusiver Wirkstoffe revitalisiert die Haut, unabh\u00e4ngig vom Menstruationszyklus. Gleichzeitig wirkt diese Anti-Aging-Behandlung vorzeitiger Hautalterung entgegen. Bei Umfangs- und\/oder Gewichtsverlust hilft BODY SLIM, die Hautelastizit\u00e4t wiederherzustellen. Kann als t\u00e4gliche Feuchtigkeitscreme in Kombination mit DETOX, RE LIFT oder CONTOUR verwendet werden.   <\/p>\n<p>G\u00f6nn dir seidig glatte Haut!<\/p>\n<p>BODY SLIM ist eine Tagescreme f\u00fcr den ganzen K\u00f6rper, entwickelt f\u00fcr Frauen, die mehr als nur Feuchtigkeit w\u00fcnschen.<\/p>\n<p>Anwendungen:<\/p>\n<p>Zur Reduzierung von Cellulite in den Anfangsstadien<\/p>\n<p>Ideale Behandlung auch f\u00fcr Brust, Arme usw.<\/p>\n<p>Geeignet f\u00fcr alle Hauttypen, auch f\u00fcr sehr trockene Haut.<\/p>\n<p>Enth\u00e4lt keine Mineral\u00f6le, Parabene und PEG, daher ideal auch f\u00fcr empfindliche Haut.<\/p>\n<p>Ideal f\u00fcr:<\/p>\n<p>Als Abschlussphase der Cellulite-Behandlung. Basiscreme zur Cellulite-Pr\u00e4vention. Abschlussbehandlung nach dem kompletten K\u00f6rperpeeling. Ausgleichende Detox-K\u00f6rperpackung. T\u00e4gliche Pflege f\u00fcr empfindliche Haut wie bei Psoriasis. Rosskastanie kann die Venenw\u00e4nde st\u00e4rken.     <\/p>\n<p>Wirkung:<\/p>\n<p>Revitalisierende Wirkung, Reduziert Cellulite, F\u00f6rdert die Hautstraffung, Kann auch w\u00e4hrend der Stillzeit verwendet werden. Beugt Dehnungsstreifen vor, wichtig vor der Schwangerschaft. Beugt vorzeitiger Hautalterung vor.  <\/p>\n<p>Wirkstoffe: Aesculus Hippocastanum Samenextrakt, Algenextrakt, Pullulan, Tocopherol, Soja\u00f6le<\/p>\n<p>Allgemeine Informationen:<\/p>\n<p>Idealerweise solltest du mit der Anwendung der Wirkstoffe von Swiss medSpa mit einer Behandlung in einem unserer zertifizierten Kosmetikstudios beginnen, wo wir dir auch zeigen, wie du die Wirkung mit der Wickelmethode optimal verst\u00e4rken kannst. Dar\u00fcber hinaus kann das Kosmetikstudio dir die besten Ergebnisse auch mit Lymphdrainage garantieren, sowohl mit speziellen Drainagestr\u00fcmpfen als auch manuell. <\/p>\n","protected":false},"featured_media":1432,"template":"","meta":[],"product_brand":[],"product_cat":[399],"product_tag":[],"class_list":{"0":"post-2526","1":"product","2":"type-product","3":"status-publish","4":"has-post-thumbnail","6":"product_cat-korper","8":"first","9":"instock","10":"shipping-taxable","11":"purchasable","12":"product-type-simple"},"yoast_head":"<!-- This site is optimized with the Yoast SEO plugin v27.6 - https:\/\/yoast.com\/product\/yoast-seo-wordpress\/ -->\n<title>Body Slim - Boutique Beauty Club<\/title>\n<meta name=\"robots\" content=\"index, follow, max-snippet:-1, max-image-preview:large, max-video-preview:-1\" \/>\n<link rel=\"canonical\" href=\"https:\/\/boutiquebeautyclub.ch\/de\/prodotto\/body-slim\/\" \/>\n<meta property=\"og:locale\" content=\"de_DE\" \/>\n<meta property=\"og:type\" content=\"article\" \/>\n<meta property=\"og:title\" content=\"Body Slim - Boutique Beauty Club\" \/>\n<meta property=\"og:description\" content=\"MED SPA BODY SLIM: Diese K\u00f6rpercreme f\u00f6rdert die Reduzierung von Cellulite und strafft die Haut.: Die hohe Konzentration exklusiver Wirkstoffe revitalisiert die Haut, unabh\u00e4ngig vom Menstruationszyklus. Gleichzeitig wirkt diese Anti-Aging-Behandlung vorzeitiger Hautalterung entgegen. Bei Umfangs- und\/oder Gewichtsverlust hilft BODY SLIM, die Hautelastizit\u00e4t wiederherzustellen. Kann als t\u00e4gliche Feuchtigkeitscreme in Kombination mit DETOX, RE LIFT oder CONTOUR verwendet werden.   G\u00f6nn dir seidig glatte Haut! BODY SLIM ist eine Tagescreme f\u00fcr den ganzen K\u00f6rper, entwickelt f\u00fcr Frauen, die mehr als nur Feuchtigkeit w\u00fcnschen. Anwendungen: Zur Reduzierung von Cellulite in den Anfangsstadien Ideale Behandlung auch f\u00fcr Brust, Arme usw. Geeignet f\u00fcr alle Hauttypen, auch f\u00fcr sehr trockene Haut. Enth\u00e4lt keine Mineral\u00f6le, Parabene und PEG, daher ideal auch f\u00fcr empfindliche Haut. Ideal f\u00fcr: Als Abschlussphase der Cellulite-Behandlung. Basiscreme zur Cellulite-Pr\u00e4vention. Abschlussbehandlung nach dem kompletten K\u00f6rperpeeling. Ausgleichende Detox-K\u00f6rperpackung. T\u00e4gliche Pflege f\u00fcr empfindliche Haut wie bei Psoriasis. Rosskastanie kann die Venenw\u00e4nde st\u00e4rken.    Wirkung: Revitalisierende Wirkung, Reduziert Cellulite, F\u00f6rdert die Hautstraffung, Kann auch w\u00e4hrend der Stillzeit verwendet werden. Beugt Dehnungsstreifen vor, wichtig vor der Schwangerschaft. Beugt vorzeitiger Hautalterung vor.  Wirkstoffe: Aesculus Hippocastanum Samenextrakt, Algenextrakt, Pullulan, Tocopherol, Soja\u00f6le Allgemeine Informationen: Idealerweise solltest du mit der Anwendung der Wirkstoffe von Swiss medSpa mit einer Behandlung in einem unserer zertifizierten Kosmetikstudios beginnen, wo wir dir auch zeigen, wie du die Wirkung mit der Wickelmethode optimal verst\u00e4rken kannst. Dar\u00fcber hinaus kann das Kosmetikstudio dir die besten Ergebnisse auch mit Lymphdrainage garantieren, sowohl mit speziellen Drainagestr\u00fcmpfen als auch manuell.\" \/>\n<meta property=\"og:url\" content=\"https:\/\/boutiquebeautyclub.ch\/de\/prodotto\/body-slim\/\" \/>\n<meta property=\"og:site_name\" content=\"Boutique Beauty Club\" \/>\n<meta property=\"article:publisher\" content=\"https:\/\/www.facebook.com\/beautyclubesteticalosone\/\" \/>\n<meta property=\"og:image\" content=\"https:\/\/boutiquebeautyclub.ch\/wp-content\/uploads\/2026\/03\/WhatsApp-Image-2026-03-23-at-14.58.12.jpeg\" \/>\n\t<meta property=\"og:image:width\" content=\"1165\" \/>\n\t<meta property=\"og:image:height\" content=\"1284\" \/>\n\t<meta property=\"og:image:type\" content=\"image\/jpeg\" \/>\n<meta name=\"twitter:card\" content=\"summary_large_image\" \/>\n<meta name=\"twitter:label1\" content=\"Gesch\u00e4tzte Lesezeit\" \/>\n\t<meta name=\"twitter:data1\" content=\"1\u00a0Minute\" \/>\n<script type=\"application\/ld+json\" class=\"yoast-schema-graph\">{\"@context\":\"https:\\\/\\\/schema.org\",\"@graph\":[{\"@type\":\"WebPage\",\"@id\":\"https:\\\/\\\/boutiquebeautyclub.ch\\\/de\\\/prodotto\\\/body-slim\\\/\",\"url\":\"https:\\\/\\\/boutiquebeautyclub.ch\\\/de\\\/prodotto\\\/body-slim\\\/\",\"name\":\"Body Slim - Boutique Beauty Club\",\"isPartOf\":{\"@id\":\"https:\\\/\\\/boutiquebeautyclub.ch\\\/de\\\/#website\"},\"primaryImageOfPage\":{\"@id\":\"https:\\\/\\\/boutiquebeautyclub.ch\\\/de\\\/prodotto\\\/body-slim\\\/#primaryimage\"},\"image\":{\"@id\":\"https:\\\/\\\/boutiquebeautyclub.ch\\\/de\\\/prodotto\\\/body-slim\\\/#primaryimage\"},\"thumbnailUrl\":\"https:\\\/\\\/boutiquebeautyclub.ch\\\/wp-content\\\/uploads\\\/2026\\\/03\\\/WhatsApp-Image-2026-03-23-at-14.58.12.jpeg\",\"datePublished\":\"2026-03-23T14:33:37+00:00\",\"breadcrumb\":{\"@id\":\"https:\\\/\\\/boutiquebeautyclub.ch\\\/de\\\/prodotto\\\/body-slim\\\/#breadcrumb\"},\"inLanguage\":\"de\",\"potentialAction\":[{\"@type\":\"ReadAction\",\"target\":[\"https:\\\/\\\/boutiquebeautyclub.ch\\\/de\\\/prodotto\\\/body-slim\\\/\"]}]},{\"@type\":\"ImageObject\",\"inLanguage\":\"de\",\"@id\":\"https:\\\/\\\/boutiquebeautyclub.ch\\\/de\\\/prodotto\\\/body-slim\\\/#primaryimage\",\"url\":\"https:\\\/\\\/boutiquebeautyclub.ch\\\/wp-content\\\/uploads\\\/2026\\\/03\\\/WhatsApp-Image-2026-03-23-at-14.58.12.jpeg\",\"contentUrl\":\"https:\\\/\\\/boutiquebeautyclub.ch\\\/wp-content\\\/uploads\\\/2026\\\/03\\\/WhatsApp-Image-2026-03-23-at-14.58.12.jpeg\",\"width\":1165,\"height\":1284},{\"@type\":\"BreadcrumbList\",\"@id\":\"https:\\\/\\\/boutiquebeautyclub.ch\\\/de\\\/prodotto\\\/body-slim\\\/#breadcrumb\",\"itemListElement\":[{\"@type\":\"ListItem\",\"position\":1,\"name\":\"Home\",\"item\":\"https:\\\/\\\/boutiquebeautyclub.ch\\\/de\\\/\"},{\"@type\":\"ListItem\",\"position\":2,\"name\":\"Shop\",\"item\":\"https:\\\/\\\/boutiquebeautyclub.ch\\\/de\\\/shop\\\/\"},{\"@type\":\"ListItem\",\"position\":3,\"name\":\"Body Slim\"}]},{\"@type\":\"WebSite\",\"@id\":\"https:\\\/\\\/boutiquebeautyclub.ch\\\/de\\\/#website\",\"url\":\"https:\\\/\\\/boutiquebeautyclub.ch\\\/de\\\/\",\"name\":\"Boutique Beauty Club\",\"description\":\"Il tuo punto di riferimento per la bellezza e il benessere.\",\"publisher\":{\"@id\":\"https:\\\/\\\/boutiquebeautyclub.ch\\\/de\\\/#organization\"},\"potentialAction\":[{\"@type\":\"SearchAction\",\"target\":{\"@type\":\"EntryPoint\",\"urlTemplate\":\"https:\\\/\\\/boutiquebeautyclub.ch\\\/de\\\/?s={search_term_string}\"},\"query-input\":{\"@type\":\"PropertyValueSpecification\",\"valueRequired\":true,\"valueName\":\"search_term_string\"}}],\"inLanguage\":\"de\"},{\"@type\":\"Organization\",\"@id\":\"https:\\\/\\\/boutiquebeautyclub.ch\\\/de\\\/#organization\",\"name\":\"Boutique Beauty Club\",\"url\":\"https:\\\/\\\/boutiquebeautyclub.ch\\\/de\\\/\",\"logo\":{\"@type\":\"ImageObject\",\"inLanguage\":\"de\",\"@id\":\"https:\\\/\\\/boutiquebeautyclub.ch\\\/de\\\/#\\\/schema\\\/logo\\\/image\\\/\",\"url\":\"https:\\\/\\\/boutiquebeautyclub.ch\\\/wp-content\\\/uploads\\\/2025\\\/07\\\/logo.png\",\"contentUrl\":\"https:\\\/\\\/boutiquebeautyclub.ch\\\/wp-content\\\/uploads\\\/2025\\\/07\\\/logo.png\",\"width\":600,\"height\":248,\"caption\":\"Boutique Beauty Club\"},\"image\":{\"@id\":\"https:\\\/\\\/boutiquebeautyclub.ch\\\/de\\\/#\\\/schema\\\/logo\\\/image\\\/\"},\"sameAs\":[\"https:\\\/\\\/www.facebook.com\\\/beautyclubesteticalosone\\\/\",\"https:\\\/\\\/www.instagram.com\\\/beautyclubestetica\\\/?hl=it\"]}]}<\/script>\n<!-- \/ Yoast SEO plugin. -->","yoast_head_json":{"title":"Body Slim - Boutique Beauty Club","robots":{"index":"index","follow":"follow","max-snippet":"max-snippet:-1","max-image-preview":"max-image-preview:large","max-video-preview":"max-video-preview:-1"},"canonical":"https:\/\/boutiquebeautyclub.ch\/de\/prodotto\/body-slim\/","og_locale":"de_DE","og_type":"article","og_title":"Body Slim - Boutique Beauty Club","og_description":"MED SPA BODY SLIM: Diese K\u00f6rpercreme f\u00f6rdert die Reduzierung von Cellulite und strafft die Haut.: Die hohe Konzentration exklusiver Wirkstoffe revitalisiert die Haut, unabh\u00e4ngig vom Menstruationszyklus. Gleichzeitig wirkt diese Anti-Aging-Behandlung vorzeitiger Hautalterung entgegen. Bei Umfangs- und\/oder Gewichtsverlust hilft BODY SLIM, die Hautelastizit\u00e4t wiederherzustellen. Kann als t\u00e4gliche Feuchtigkeitscreme in Kombination mit DETOX, RE LIFT oder CONTOUR verwendet werden.   G\u00f6nn dir seidig glatte Haut! BODY SLIM ist eine Tagescreme f\u00fcr den ganzen K\u00f6rper, entwickelt f\u00fcr Frauen, die mehr als nur Feuchtigkeit w\u00fcnschen. Anwendungen: Zur Reduzierung von Cellulite in den Anfangsstadien Ideale Behandlung auch f\u00fcr Brust, Arme usw. Geeignet f\u00fcr alle Hauttypen, auch f\u00fcr sehr trockene Haut. Enth\u00e4lt keine Mineral\u00f6le, Parabene und PEG, daher ideal auch f\u00fcr empfindliche Haut. Ideal f\u00fcr: Als Abschlussphase der Cellulite-Behandlung. Basiscreme zur Cellulite-Pr\u00e4vention. Abschlussbehandlung nach dem kompletten K\u00f6rperpeeling. Ausgleichende Detox-K\u00f6rperpackung. T\u00e4gliche Pflege f\u00fcr empfindliche Haut wie bei Psoriasis. Rosskastanie kann die Venenw\u00e4nde st\u00e4rken.    Wirkung: Revitalisierende Wirkung, Reduziert Cellulite, F\u00f6rdert die Hautstraffung, Kann auch w\u00e4hrend der Stillzeit verwendet werden. Beugt Dehnungsstreifen vor, wichtig vor der Schwangerschaft. Beugt vorzeitiger Hautalterung vor.  Wirkstoffe: Aesculus Hippocastanum Samenextrakt, Algenextrakt, Pullulan, Tocopherol, Soja\u00f6le Allgemeine Informationen: Idealerweise solltest du mit der Anwendung der Wirkstoffe von Swiss medSpa mit einer Behandlung in einem unserer zertifizierten Kosmetikstudios beginnen, wo wir dir auch zeigen, wie du die Wirkung mit der Wickelmethode optimal verst\u00e4rken kannst. Dar\u00fcber hinaus kann das Kosmetikstudio dir die besten Ergebnisse auch mit Lymphdrainage garantieren, sowohl mit speziellen Drainagestr\u00fcmpfen als auch manuell.","og_url":"https:\/\/boutiquebeautyclub.ch\/de\/prodotto\/body-slim\/","og_site_name":"Boutique Beauty Club","article_publisher":"https:\/\/www.facebook.com\/beautyclubesteticalosone\/","og_image":[{"width":1165,"height":1284,"url":"https:\/\/boutiquebeautyclub.ch\/wp-content\/uploads\/2026\/03\/WhatsApp-Image-2026-03-23-at-14.58.12.jpeg","type":"image\/jpeg"}],"twitter_card":"summary_large_image","twitter_misc":{"Gesch\u00e4tzte Lesezeit":"1\u00a0Minute"},"schema":{"@context":"https:\/\/schema.org","@graph":[{"@type":"WebPage","@id":"https:\/\/boutiquebeautyclub.ch\/de\/prodotto\/body-slim\/","url":"https:\/\/boutiquebeautyclub.ch\/de\/prodotto\/body-slim\/","name":"Body Slim - Boutique Beauty Club","isPartOf":{"@id":"https:\/\/boutiquebeautyclub.ch\/de\/#website"},"primaryImageOfPage":{"@id":"https:\/\/boutiquebeautyclub.ch\/de\/prodotto\/body-slim\/#primaryimage"},"image":{"@id":"https:\/\/boutiquebeautyclub.ch\/de\/prodotto\/body-slim\/#primaryimage"},"thumbnailUrl":"https:\/\/boutiquebeautyclub.ch\/wp-content\/uploads\/2026\/03\/WhatsApp-Image-2026-03-23-at-14.58.12.jpeg","datePublished":"2026-03-23T14:33:37+00:00","breadcrumb":{"@id":"https:\/\/boutiquebeautyclub.ch\/de\/prodotto\/body-slim\/#breadcrumb"},"inLanguage":"de","potentialAction":[{"@type":"ReadAction","target":["https:\/\/boutiquebeautyclub.ch\/de\/prodotto\/body-slim\/"]}]},{"@type":"ImageObject","inLanguage":"de","@id":"https:\/\/boutiquebeautyclub.ch\/de\/prodotto\/body-slim\/#primaryimage","url":"https:\/\/boutiquebeautyclub.ch\/wp-content\/uploads\/2026\/03\/WhatsApp-Image-2026-03-23-at-14.58.12.jpeg","contentUrl":"https:\/\/boutiquebeautyclub.ch\/wp-content\/uploads\/2026\/03\/WhatsApp-Image-2026-03-23-at-14.58.12.jpeg","width":1165,"height":1284},{"@type":"BreadcrumbList","@id":"https:\/\/boutiquebeautyclub.ch\/de\/prodotto\/body-slim\/#breadcrumb","itemListElement":[{"@type":"ListItem","position":1,"name":"Home","item":"https:\/\/boutiquebeautyclub.ch\/de\/"},{"@type":"ListItem","position":2,"name":"Shop","item":"https:\/\/boutiquebeautyclub.ch\/de\/shop\/"},{"@type":"ListItem","position":3,"name":"Body Slim"}]},{"@type":"WebSite","@id":"https:\/\/boutiquebeautyclub.ch\/de\/#website","url":"https:\/\/boutiquebeautyclub.ch\/de\/","name":"Boutique Beauty Club","description":"Il tuo punto di riferimento per la bellezza e il benessere.","publisher":{"@id":"https:\/\/boutiquebeautyclub.ch\/de\/#organization"},"potentialAction":[{"@type":"SearchAction","target":{"@type":"EntryPoint","urlTemplate":"https:\/\/boutiquebeautyclub.ch\/de\/?s={search_term_string}"},"query-input":{"@type":"PropertyValueSpecification","valueRequired":true,"valueName":"search_term_string"}}],"inLanguage":"de"},{"@type":"Organization","@id":"https:\/\/boutiquebeautyclub.ch\/de\/#organization","name":"Boutique Beauty Club","url":"https:\/\/boutiquebeautyclub.ch\/de\/","logo":{"@type":"ImageObject","inLanguage":"de","@id":"https:\/\/boutiquebeautyclub.ch\/de\/#\/schema\/logo\/image\/","url":"https:\/\/boutiquebeautyclub.ch\/wp-content\/uploads\/2025\/07\/logo.png","contentUrl":"https:\/\/boutiquebeautyclub.ch\/wp-content\/uploads\/2025\/07\/logo.png","width":600,"height":248,"caption":"Boutique Beauty Club"},"image":{"@id":"https:\/\/boutiquebeautyclub.ch\/de\/#\/schema\/logo\/image\/"},"sameAs":["https:\/\/www.facebook.com\/beautyclubesteticalosone\/","https:\/\/www.instagram.com\/beautyclubestetica\/?hl=it"]}]}},"_links":{"self":[{"href":"https:\/\/boutiquebeautyclub.ch\/de\/wp-json\/wp\/v2\/product\/2526","targetHints":{"allow":["GET"]}}],"collection":[{"href":"https:\/\/boutiquebeautyclub.ch\/de\/wp-json\/wp\/v2\/product"}],"about":[{"href":"https:\/\/boutiquebeautyclub.ch\/de\/wp-json\/wp\/v2\/types\/product"}],"wp:featuredmedia":[{"embeddable":true,"href":"https:\/\/boutiquebeautyclub.ch\/de\/wp-json\/wp\/v2\/media\/1432"}],"wp:attachment":[{"href":"https:\/\/boutiquebeautyclub.ch\/de\/wp-json\/wp\/v2\/media?parent=2526"}],"wp:term":[{"taxonomy":"product_brand","embeddable":true,"href":"https:\/\/boutiquebeautyclub.ch\/de\/wp-json\/wp\/v2\/product_brand?post=2526"},{"taxonomy":"product_cat","embeddable":true,"href":"https:\/\/boutiquebeautyclub.ch\/de\/wp-json\/wp\/v2\/product_cat?post=2526"},{"taxonomy":"product_tag","embeddable":true,"href":"https:\/\/boutiquebeautyclub.ch\/de\/wp-json\/wp\/v2\/product_tag?post=2526"}],"curies":[{"name":"wp","href":"https:\/\/api.w.org\/{rel}","templated":true}]}}