{"id":2552,"date":"2026-03-23T15:19:53","date_gmt":"2026-03-23T14:19:53","guid":{"rendered":"https:\/\/boutiquebeautyclub.ch\/prodotto\/body-relift\/"},"modified":"2026-03-23T15:19:53","modified_gmt":"2026-03-23T14:19:53","slug":"body-relift","status":"publish","type":"product","link":"https:\/\/boutiquebeautyclub.ch\/de\/prodotto\/body-relift\/","title":{"rendered":"Body Relift"},"content":{"rendered":"<p><strong>MEDSPA BODY RE LIFT:<\/strong><\/p>\n<p>Hochwirksam, mit sp\u00fcrbarer Erfahrung und greifbarem Erfolg. Swiss medSpa hat die folgenden vier aufeinander abgestimmten Produkte f\u00fcr die verschiedenen Phasen des weiblichen Zyklus entwickelt, die selbstverst\u00e4ndlich auch von M\u00e4nnern unabh\u00e4ngig von ihrer Zyklusphase verwendet werden k\u00f6nnen. <\/p>\n<p>Die Wirkstoffe wurden in technisch innovative und winzig kleine w\u00e4ssrige Transportvesikel eingekapselt, n\u00e4mlich haut\u00e4hnliche nat\u00fcrliche Liposomen.<\/p>\n<p>In der ersten Phase des Menstruationszyklus sind Cellulite, Dehnungsstreifen und Hauterschlaffung gut sichtbar. Die Haut ist in dieser Phase besonders aufnahmef\u00e4hig. BODY RE LIFT hat eine angenehme Konsistenz und zieht schnell ein.  <\/p>\n<p>BODY RE LIFT wurde entwickelt, um die komplexesten Bed\u00fcrfnisse von Frauen zu erf\u00fcllen:<\/p>\n<p>Das Produkt f\u00f6rdert die biochemische Lipolyse, die den Stoffwechsel beschleunigt.<\/p>\n<p>Hautunreinheiten durch Cellulite, Dehnungsstreifen und Hauterschlaffung (durch Schwangerschaft oder Gewichtsverlust) werden reduziert.<\/p>\n<p>Altersbedingte oder vorzeitige Hauterschlaffung; die Wirkstoffe regenerieren und straffen die Haut.<\/p>\n<p>Die Kollagenproduktion wird aktiviert<\/p>\n<p>Wirkung:<\/p>\n<p>Sichtbare und sp\u00fcrbare Ergebnisse in kurzer Zeit. Cellulite und Orangenhaut werden reduziert. Hautstraffung und Kollagenproduktion werden gef\u00f6rdert. Regt den Stoffwechsel an. Dehnungsstreifen werden reduziert. Der Fettabbau wird stimuliert. Die anf\u00e4nglichen Hautreaktionen k\u00f6nnen variieren. Manche Menschen sp\u00fcren direkt nach dem Auftragen eine verst\u00e4rkte Durchblutung und R\u00f6tung, aber diese Effekte verschwinden schnell. Bei regelm\u00e4\u00dfiger Anwendung r\u00f6tet sich die Epidermis nicht mehr. Das Unterhautgewebe erf\u00e4hrt jedoch weiterhin eine langanhaltende Aktivierung. Das ist der Schl\u00fcssel zum Erfolg.          <\/p>\n<p>Wirkstoffe: Fucus vesiculosus, Laminaria Digitata, Spirulina Platensis, Genistein, Carnitin, Urea, Koffein, Vitamin C<\/p>\n","protected":false},"excerpt":{"rendered":"<p><strong>MEDSPA BODY RE LIFT:<\/strong><\/p>\n<p>Hochwirksam, mit sp\u00fcrbarer Erfahrung und greifbarem Erfolg. Swiss medSpa hat die folgenden vier aufeinander abgestimmten Produkte f\u00fcr die verschiedenen Phasen des weiblichen Zyklus entwickelt, die selbstverst\u00e4ndlich auch von M\u00e4nnern unabh\u00e4ngig von ihrer Zyklusphase verwendet werden k\u00f6nnen. <\/p>\n<p>Die Wirkstoffe wurden in technisch innovative und winzig kleine w\u00e4ssrige Transportvesikel eingekapselt, n\u00e4mlich haut\u00e4hnliche nat\u00fcrliche Liposomen.<\/p>\n<p>In der ersten Phase des Menstruationszyklus sind Cellulite, Dehnungsstreifen und Hauterschlaffung gut sichtbar. Die Haut ist in dieser Phase besonders aufnahmef\u00e4hig. BODY RE LIFT hat eine angenehme Konsistenz und zieht schnell ein.  <\/p>\n<p>BODY RE LIFT wurde entwickelt, um die komplexesten Bed\u00fcrfnisse von Frauen zu erf\u00fcllen:<\/p>\n<p>Das Produkt f\u00f6rdert die biochemische Lipolyse, die den Stoffwechsel beschleunigt.<\/p>\n<p>Hautunreinheiten durch Cellulite, Dehnungsstreifen und Hauterschlaffung (durch Schwangerschaft oder Gewichtsverlust) werden reduziert.<\/p>\n<p>Altersbedingte oder vorzeitige Hauterschlaffung; die Wirkstoffe regenerieren und straffen die Haut.<\/p>\n<p>Die Kollagenproduktion wird aktiviert<\/p>\n<p>Wirkung:<\/p>\n<p>Sichtbare und sp\u00fcrbare Ergebnisse in kurzer Zeit. Cellulite und Orangenhaut werden reduziert. Hautstraffung und Kollagenproduktion werden gef\u00f6rdert. Regt den Stoffwechsel an. Dehnungsstreifen werden reduziert. Der Fettabbau wird stimuliert. Die anf\u00e4nglichen Hautreaktionen k\u00f6nnen variieren. Manche Menschen sp\u00fcren direkt nach dem Auftragen eine verst\u00e4rkte Durchblutung und R\u00f6tung, aber diese Effekte verschwinden schnell. Bei regelm\u00e4\u00dfiger Anwendung r\u00f6tet sich die Epidermis nicht mehr. Das Unterhautgewebe erf\u00e4hrt jedoch weiterhin eine langanhaltende Aktivierung. Das ist der Schl\u00fcssel zum Erfolg.          <\/p>\n<p>Wirkstoffe: Fucus vesiculosus, Laminaria Digitata, Spirulina Platensis, Genistein, Carnitin, Urea, Koffein, Vitamin C<\/p>\n","protected":false},"featured_media":1431,"template":"","meta":[],"product_brand":[],"product_cat":[399],"product_tag":[],"class_list":{"0":"post-2552","1":"product","2":"type-product","3":"status-publish","4":"has-post-thumbnail","6":"product_cat-korper","8":"first","9":"instock","10":"shipping-taxable","11":"purchasable","12":"product-type-simple"},"yoast_head":"<!-- This site is optimized with the Yoast SEO plugin v27.6 - https:\/\/yoast.com\/product\/yoast-seo-wordpress\/ -->\n<title>Body Relift - Boutique Beauty Club<\/title>\n<meta name=\"robots\" content=\"index, follow, max-snippet:-1, max-image-preview:large, max-video-preview:-1\" \/>\n<link rel=\"canonical\" href=\"https:\/\/boutiquebeautyclub.ch\/de\/prodotto\/body-relift\/\" \/>\n<meta property=\"og:locale\" content=\"de_DE\" \/>\n<meta property=\"og:type\" content=\"article\" \/>\n<meta property=\"og:title\" content=\"Body Relift - Boutique Beauty Club\" \/>\n<meta property=\"og:description\" content=\"MEDSPA BODY RE LIFT: Hochwirksam, mit sp\u00fcrbarer Erfahrung und greifbarem Erfolg. Swiss medSpa hat die folgenden vier aufeinander abgestimmten Produkte f\u00fcr die verschiedenen Phasen des weiblichen Zyklus entwickelt, die selbstverst\u00e4ndlich auch von M\u00e4nnern unabh\u00e4ngig von ihrer Zyklusphase verwendet werden k\u00f6nnen.  Die Wirkstoffe wurden in technisch innovative und winzig kleine w\u00e4ssrige Transportvesikel eingekapselt, n\u00e4mlich haut\u00e4hnliche nat\u00fcrliche Liposomen. In der ersten Phase des Menstruationszyklus sind Cellulite, Dehnungsstreifen und Hauterschlaffung gut sichtbar. Die Haut ist in dieser Phase besonders aufnahmef\u00e4hig. BODY RE LIFT hat eine angenehme Konsistenz und zieht schnell ein.  BODY RE LIFT wurde entwickelt, um die komplexesten Bed\u00fcrfnisse von Frauen zu erf\u00fcllen: Das Produkt f\u00f6rdert die biochemische Lipolyse, die den Stoffwechsel beschleunigt. Hautunreinheiten durch Cellulite, Dehnungsstreifen und Hauterschlaffung (durch Schwangerschaft oder Gewichtsverlust) werden reduziert. Altersbedingte oder vorzeitige Hauterschlaffung; die Wirkstoffe regenerieren und straffen die Haut. Die Kollagenproduktion wird aktiviert Wirkung: Sichtbare und sp\u00fcrbare Ergebnisse in kurzer Zeit. Cellulite und Orangenhaut werden reduziert. Hautstraffung und Kollagenproduktion werden gef\u00f6rdert. Regt den Stoffwechsel an. Dehnungsstreifen werden reduziert. Der Fettabbau wird stimuliert. Die anf\u00e4nglichen Hautreaktionen k\u00f6nnen variieren. Manche Menschen sp\u00fcren direkt nach dem Auftragen eine verst\u00e4rkte Durchblutung und R\u00f6tung, aber diese Effekte verschwinden schnell. Bei regelm\u00e4\u00dfiger Anwendung r\u00f6tet sich die Epidermis nicht mehr. Das Unterhautgewebe erf\u00e4hrt jedoch weiterhin eine langanhaltende Aktivierung. Das ist der Schl\u00fcssel zum Erfolg.      Wirkstoffe: Fucus vesiculosus, Laminaria Digitata, Spirulina Platensis, Genistein, Carnitin, Urea, Koffein, Vitamin C\" \/>\n<meta property=\"og:url\" content=\"https:\/\/boutiquebeautyclub.ch\/de\/prodotto\/body-relift\/\" \/>\n<meta property=\"og:site_name\" content=\"Boutique Beauty Club\" \/>\n<meta property=\"article:publisher\" content=\"https:\/\/www.facebook.com\/beautyclubesteticalosone\/\" \/>\n<meta property=\"og:image\" content=\"https:\/\/boutiquebeautyclub.ch\/wp-content\/uploads\/2026\/03\/WhatsApp-Image-2026-03-23-at-14.59.00.jpeg\" \/>\n\t<meta property=\"og:image:width\" content=\"1165\" \/>\n\t<meta property=\"og:image:height\" content=\"1284\" \/>\n\t<meta property=\"og:image:type\" content=\"image\/jpeg\" \/>\n<meta name=\"twitter:card\" content=\"summary_large_image\" \/>\n<meta name=\"twitter:label1\" content=\"Gesch\u00e4tzte Lesezeit\" \/>\n\t<meta name=\"twitter:data1\" content=\"1\u00a0Minute\" \/>\n<script type=\"application\/ld+json\" class=\"yoast-schema-graph\">{\"@context\":\"https:\\\/\\\/schema.org\",\"@graph\":[{\"@type\":\"WebPage\",\"@id\":\"https:\\\/\\\/boutiquebeautyclub.ch\\\/de\\\/prodotto\\\/body-relift\\\/\",\"url\":\"https:\\\/\\\/boutiquebeautyclub.ch\\\/de\\\/prodotto\\\/body-relift\\\/\",\"name\":\"Body Relift - Boutique Beauty Club\",\"isPartOf\":{\"@id\":\"https:\\\/\\\/boutiquebeautyclub.ch\\\/de\\\/#website\"},\"primaryImageOfPage\":{\"@id\":\"https:\\\/\\\/boutiquebeautyclub.ch\\\/de\\\/prodotto\\\/body-relift\\\/#primaryimage\"},\"image\":{\"@id\":\"https:\\\/\\\/boutiquebeautyclub.ch\\\/de\\\/prodotto\\\/body-relift\\\/#primaryimage\"},\"thumbnailUrl\":\"https:\\\/\\\/boutiquebeautyclub.ch\\\/wp-content\\\/uploads\\\/2026\\\/03\\\/WhatsApp-Image-2026-03-23-at-14.59.00.jpeg\",\"datePublished\":\"2026-03-23T14:19:53+00:00\",\"breadcrumb\":{\"@id\":\"https:\\\/\\\/boutiquebeautyclub.ch\\\/de\\\/prodotto\\\/body-relift\\\/#breadcrumb\"},\"inLanguage\":\"de\",\"potentialAction\":[{\"@type\":\"ReadAction\",\"target\":[\"https:\\\/\\\/boutiquebeautyclub.ch\\\/de\\\/prodotto\\\/body-relift\\\/\"]}]},{\"@type\":\"ImageObject\",\"inLanguage\":\"de\",\"@id\":\"https:\\\/\\\/boutiquebeautyclub.ch\\\/de\\\/prodotto\\\/body-relift\\\/#primaryimage\",\"url\":\"https:\\\/\\\/boutiquebeautyclub.ch\\\/wp-content\\\/uploads\\\/2026\\\/03\\\/WhatsApp-Image-2026-03-23-at-14.59.00.jpeg\",\"contentUrl\":\"https:\\\/\\\/boutiquebeautyclub.ch\\\/wp-content\\\/uploads\\\/2026\\\/03\\\/WhatsApp-Image-2026-03-23-at-14.59.00.jpeg\",\"width\":1165,\"height\":1284},{\"@type\":\"BreadcrumbList\",\"@id\":\"https:\\\/\\\/boutiquebeautyclub.ch\\\/de\\\/prodotto\\\/body-relift\\\/#breadcrumb\",\"itemListElement\":[{\"@type\":\"ListItem\",\"position\":1,\"name\":\"Home\",\"item\":\"https:\\\/\\\/boutiquebeautyclub.ch\\\/de\\\/\"},{\"@type\":\"ListItem\",\"position\":2,\"name\":\"Shop\",\"item\":\"https:\\\/\\\/boutiquebeautyclub.ch\\\/de\\\/shop\\\/\"},{\"@type\":\"ListItem\",\"position\":3,\"name\":\"Body Relift\"}]},{\"@type\":\"WebSite\",\"@id\":\"https:\\\/\\\/boutiquebeautyclub.ch\\\/de\\\/#website\",\"url\":\"https:\\\/\\\/boutiquebeautyclub.ch\\\/de\\\/\",\"name\":\"Boutique Beauty Club\",\"description\":\"Il tuo punto di riferimento per la bellezza e il benessere.\",\"publisher\":{\"@id\":\"https:\\\/\\\/boutiquebeautyclub.ch\\\/de\\\/#organization\"},\"potentialAction\":[{\"@type\":\"SearchAction\",\"target\":{\"@type\":\"EntryPoint\",\"urlTemplate\":\"https:\\\/\\\/boutiquebeautyclub.ch\\\/de\\\/?s={search_term_string}\"},\"query-input\":{\"@type\":\"PropertyValueSpecification\",\"valueRequired\":true,\"valueName\":\"search_term_string\"}}],\"inLanguage\":\"de\"},{\"@type\":\"Organization\",\"@id\":\"https:\\\/\\\/boutiquebeautyclub.ch\\\/de\\\/#organization\",\"name\":\"Boutique Beauty Club\",\"url\":\"https:\\\/\\\/boutiquebeautyclub.ch\\\/de\\\/\",\"logo\":{\"@type\":\"ImageObject\",\"inLanguage\":\"de\",\"@id\":\"https:\\\/\\\/boutiquebeautyclub.ch\\\/de\\\/#\\\/schema\\\/logo\\\/image\\\/\",\"url\":\"https:\\\/\\\/boutiquebeautyclub.ch\\\/wp-content\\\/uploads\\\/2025\\\/07\\\/logo.png\",\"contentUrl\":\"https:\\\/\\\/boutiquebeautyclub.ch\\\/wp-content\\\/uploads\\\/2025\\\/07\\\/logo.png\",\"width\":600,\"height\":248,\"caption\":\"Boutique Beauty Club\"},\"image\":{\"@id\":\"https:\\\/\\\/boutiquebeautyclub.ch\\\/de\\\/#\\\/schema\\\/logo\\\/image\\\/\"},\"sameAs\":[\"https:\\\/\\\/www.facebook.com\\\/beautyclubesteticalosone\\\/\",\"https:\\\/\\\/www.instagram.com\\\/beautyclubestetica\\\/?hl=it\"]}]}<\/script>\n<!-- \/ Yoast SEO plugin. -->","yoast_head_json":{"title":"Body Relift - Boutique Beauty Club","robots":{"index":"index","follow":"follow","max-snippet":"max-snippet:-1","max-image-preview":"max-image-preview:large","max-video-preview":"max-video-preview:-1"},"canonical":"https:\/\/boutiquebeautyclub.ch\/de\/prodotto\/body-relift\/","og_locale":"de_DE","og_type":"article","og_title":"Body Relift - Boutique Beauty Club","og_description":"MEDSPA BODY RE LIFT: Hochwirksam, mit sp\u00fcrbarer Erfahrung und greifbarem Erfolg. Swiss medSpa hat die folgenden vier aufeinander abgestimmten Produkte f\u00fcr die verschiedenen Phasen des weiblichen Zyklus entwickelt, die selbstverst\u00e4ndlich auch von M\u00e4nnern unabh\u00e4ngig von ihrer Zyklusphase verwendet werden k\u00f6nnen.  Die Wirkstoffe wurden in technisch innovative und winzig kleine w\u00e4ssrige Transportvesikel eingekapselt, n\u00e4mlich haut\u00e4hnliche nat\u00fcrliche Liposomen. In der ersten Phase des Menstruationszyklus sind Cellulite, Dehnungsstreifen und Hauterschlaffung gut sichtbar. Die Haut ist in dieser Phase besonders aufnahmef\u00e4hig. BODY RE LIFT hat eine angenehme Konsistenz und zieht schnell ein.  BODY RE LIFT wurde entwickelt, um die komplexesten Bed\u00fcrfnisse von Frauen zu erf\u00fcllen: Das Produkt f\u00f6rdert die biochemische Lipolyse, die den Stoffwechsel beschleunigt. Hautunreinheiten durch Cellulite, Dehnungsstreifen und Hauterschlaffung (durch Schwangerschaft oder Gewichtsverlust) werden reduziert. Altersbedingte oder vorzeitige Hauterschlaffung; die Wirkstoffe regenerieren und straffen die Haut. Die Kollagenproduktion wird aktiviert Wirkung: Sichtbare und sp\u00fcrbare Ergebnisse in kurzer Zeit. Cellulite und Orangenhaut werden reduziert. Hautstraffung und Kollagenproduktion werden gef\u00f6rdert. Regt den Stoffwechsel an. Dehnungsstreifen werden reduziert. Der Fettabbau wird stimuliert. Die anf\u00e4nglichen Hautreaktionen k\u00f6nnen variieren. Manche Menschen sp\u00fcren direkt nach dem Auftragen eine verst\u00e4rkte Durchblutung und R\u00f6tung, aber diese Effekte verschwinden schnell. Bei regelm\u00e4\u00dfiger Anwendung r\u00f6tet sich die Epidermis nicht mehr. Das Unterhautgewebe erf\u00e4hrt jedoch weiterhin eine langanhaltende Aktivierung. Das ist der Schl\u00fcssel zum Erfolg.      Wirkstoffe: Fucus vesiculosus, Laminaria Digitata, Spirulina Platensis, Genistein, Carnitin, Urea, Koffein, Vitamin C","og_url":"https:\/\/boutiquebeautyclub.ch\/de\/prodotto\/body-relift\/","og_site_name":"Boutique Beauty Club","article_publisher":"https:\/\/www.facebook.com\/beautyclubesteticalosone\/","og_image":[{"width":1165,"height":1284,"url":"https:\/\/boutiquebeautyclub.ch\/wp-content\/uploads\/2026\/03\/WhatsApp-Image-2026-03-23-at-14.59.00.jpeg","type":"image\/jpeg"}],"twitter_card":"summary_large_image","twitter_misc":{"Gesch\u00e4tzte Lesezeit":"1\u00a0Minute"},"schema":{"@context":"https:\/\/schema.org","@graph":[{"@type":"WebPage","@id":"https:\/\/boutiquebeautyclub.ch\/de\/prodotto\/body-relift\/","url":"https:\/\/boutiquebeautyclub.ch\/de\/prodotto\/body-relift\/","name":"Body Relift - Boutique Beauty Club","isPartOf":{"@id":"https:\/\/boutiquebeautyclub.ch\/de\/#website"},"primaryImageOfPage":{"@id":"https:\/\/boutiquebeautyclub.ch\/de\/prodotto\/body-relift\/#primaryimage"},"image":{"@id":"https:\/\/boutiquebeautyclub.ch\/de\/prodotto\/body-relift\/#primaryimage"},"thumbnailUrl":"https:\/\/boutiquebeautyclub.ch\/wp-content\/uploads\/2026\/03\/WhatsApp-Image-2026-03-23-at-14.59.00.jpeg","datePublished":"2026-03-23T14:19:53+00:00","breadcrumb":{"@id":"https:\/\/boutiquebeautyclub.ch\/de\/prodotto\/body-relift\/#breadcrumb"},"inLanguage":"de","potentialAction":[{"@type":"ReadAction","target":["https:\/\/boutiquebeautyclub.ch\/de\/prodotto\/body-relift\/"]}]},{"@type":"ImageObject","inLanguage":"de","@id":"https:\/\/boutiquebeautyclub.ch\/de\/prodotto\/body-relift\/#primaryimage","url":"https:\/\/boutiquebeautyclub.ch\/wp-content\/uploads\/2026\/03\/WhatsApp-Image-2026-03-23-at-14.59.00.jpeg","contentUrl":"https:\/\/boutiquebeautyclub.ch\/wp-content\/uploads\/2026\/03\/WhatsApp-Image-2026-03-23-at-14.59.00.jpeg","width":1165,"height":1284},{"@type":"BreadcrumbList","@id":"https:\/\/boutiquebeautyclub.ch\/de\/prodotto\/body-relift\/#breadcrumb","itemListElement":[{"@type":"ListItem","position":1,"name":"Home","item":"https:\/\/boutiquebeautyclub.ch\/de\/"},{"@type":"ListItem","position":2,"name":"Shop","item":"https:\/\/boutiquebeautyclub.ch\/de\/shop\/"},{"@type":"ListItem","position":3,"name":"Body Relift"}]},{"@type":"WebSite","@id":"https:\/\/boutiquebeautyclub.ch\/de\/#website","url":"https:\/\/boutiquebeautyclub.ch\/de\/","name":"Boutique Beauty Club","description":"Il tuo punto di riferimento per la bellezza e il benessere.","publisher":{"@id":"https:\/\/boutiquebeautyclub.ch\/de\/#organization"},"potentialAction":[{"@type":"SearchAction","target":{"@type":"EntryPoint","urlTemplate":"https:\/\/boutiquebeautyclub.ch\/de\/?s={search_term_string}"},"query-input":{"@type":"PropertyValueSpecification","valueRequired":true,"valueName":"search_term_string"}}],"inLanguage":"de"},{"@type":"Organization","@id":"https:\/\/boutiquebeautyclub.ch\/de\/#organization","name":"Boutique Beauty Club","url":"https:\/\/boutiquebeautyclub.ch\/de\/","logo":{"@type":"ImageObject","inLanguage":"de","@id":"https:\/\/boutiquebeautyclub.ch\/de\/#\/schema\/logo\/image\/","url":"https:\/\/boutiquebeautyclub.ch\/wp-content\/uploads\/2025\/07\/logo.png","contentUrl":"https:\/\/boutiquebeautyclub.ch\/wp-content\/uploads\/2025\/07\/logo.png","width":600,"height":248,"caption":"Boutique Beauty Club"},"image":{"@id":"https:\/\/boutiquebeautyclub.ch\/de\/#\/schema\/logo\/image\/"},"sameAs":["https:\/\/www.facebook.com\/beautyclubesteticalosone\/","https:\/\/www.instagram.com\/beautyclubestetica\/?hl=it"]}]}},"_links":{"self":[{"href":"https:\/\/boutiquebeautyclub.ch\/de\/wp-json\/wp\/v2\/product\/2552","targetHints":{"allow":["GET"]}}],"collection":[{"href":"https:\/\/boutiquebeautyclub.ch\/de\/wp-json\/wp\/v2\/product"}],"about":[{"href":"https:\/\/boutiquebeautyclub.ch\/de\/wp-json\/wp\/v2\/types\/product"}],"wp:featuredmedia":[{"embeddable":true,"href":"https:\/\/boutiquebeautyclub.ch\/de\/wp-json\/wp\/v2\/media\/1431"}],"wp:attachment":[{"href":"https:\/\/boutiquebeautyclub.ch\/de\/wp-json\/wp\/v2\/media?parent=2552"}],"wp:term":[{"taxonomy":"product_brand","embeddable":true,"href":"https:\/\/boutiquebeautyclub.ch\/de\/wp-json\/wp\/v2\/product_brand?post=2552"},{"taxonomy":"product_cat","embeddable":true,"href":"https:\/\/boutiquebeautyclub.ch\/de\/wp-json\/wp\/v2\/product_cat?post=2552"},{"taxonomy":"product_tag","embeddable":true,"href":"https:\/\/boutiquebeautyclub.ch\/de\/wp-json\/wp\/v2\/product_tag?post=2552"}],"curies":[{"name":"wp","href":"https:\/\/api.w.org\/{rel}","templated":true}]}}