{"id":2633,"date":"2025-10-21T14:53:38","date_gmt":"2025-10-21T12:53:38","guid":{"rendered":"https:\/\/boutiquebeautyclub.ch\/prodotto\/tranquillity-blend\/"},"modified":"2025-10-21T14:53:38","modified_gmt":"2025-10-21T12:53:38","slug":"tranquillity-blend","status":"publish","type":"product","link":"https:\/\/boutiquebeautyclub.ch\/de\/prodotto\/tranquillity-blend\/","title":{"rendered":"Tranquillity Blend"},"content":{"rendered":"","protected":false},"excerpt":{"rendered":"<p>Um Stress- und M\u00fcdigkeitsgef\u00fchle zu bek\u00e4mpfen, die durch den hektischen Rhythmus des Alltags verursacht werden, probiere TRANQUILLITY\u2122 Blend, eine Kombination aus ausgew\u00e4hlten \u00e4therischen \u00d6len, insbesondere Zedernholz und S\u00fc\u00dforange, die einen zarten Duft auf der Haut hinterlassen und ein Gef\u00fchl von Entspannung und Harmonie f\u00f6rdern. Die Formel kann allein oder in Kombination mit anderen K\u00f6rpercremes verwendet werden, um Geist und K\u00f6rper ein allgemeines Wohlbefinden zu verleihen. Die Farbe des Duftes kann variieren, ohne die Duftnote des Produkts zu beeinflussen.  <\/p>\n<p>79,9 % Inhaltsstoffe nat\u00fcrlichen Ursprungs.<\/p>\n","protected":false},"featured_media":791,"template":"","meta":[],"product_brand":[],"product_cat":[399,398],"product_tag":[906,910,909,403,908,877,789,878],"class_list":{"0":"post-2633","1":"product","2":"type-product","3":"status-publish","4":"has-post-thumbnail","6":"product_cat-korper","7":"product_cat-kosmetik","8":"product_tag-anti-stress","9":"product_tag-geist","10":"product_tag-konzentration","11":"product_tag-korper","12":"product_tag-mudigkeit","13":"product_tag-relax","14":"product_tag-stress","15":"product_tag-wohlbefinden","17":"first","18":"instock","19":"shipping-taxable","20":"purchasable","21":"product-type-variable","22":"has-default-attributes"},"yoast_head":"<!-- This site is optimized with the Yoast SEO plugin v27.6 - https:\/\/yoast.com\/product\/yoast-seo-wordpress\/ -->\n<title>Tranquillity Blend - Boutique Beauty Club<\/title>\n<meta name=\"robots\" content=\"index, follow, max-snippet:-1, max-image-preview:large, max-video-preview:-1\" \/>\n<link rel=\"canonical\" href=\"https:\/\/boutiquebeautyclub.ch\/de\/prodotto\/tranquillity-blend\/\" \/>\n<meta property=\"og:locale\" content=\"de_DE\" \/>\n<meta property=\"og:type\" content=\"article\" \/>\n<meta property=\"og:title\" content=\"Tranquillity Blend - Boutique Beauty Club\" \/>\n<meta property=\"og:description\" content=\"Um Stress- und M\u00fcdigkeitsgef\u00fchle zu bek\u00e4mpfen, die durch den hektischen Rhythmus des Alltags verursacht werden, probiere TRANQUILLITY\u2122 Blend, eine Kombination aus ausgew\u00e4hlten \u00e4therischen \u00d6len, insbesondere Zedernholz und S\u00fc\u00dforange, die einen zarten Duft auf der Haut hinterlassen und ein Gef\u00fchl von Entspannung und Harmonie f\u00f6rdern. Die Formel kann allein oder in Kombination mit anderen K\u00f6rpercremes verwendet werden, um Geist und K\u00f6rper ein allgemeines Wohlbefinden zu verleihen. Die Farbe des Duftes kann variieren, ohne die Duftnote des Produkts zu beeinflussen.  79,9 % Inhaltsstoffe nat\u00fcrlichen Ursprungs.\" \/>\n<meta property=\"og:url\" content=\"https:\/\/boutiquebeautyclub.ch\/de\/prodotto\/tranquillity-blend\/\" \/>\n<meta property=\"og:site_name\" content=\"Boutique Beauty Club\" \/>\n<meta property=\"article:publisher\" content=\"https:\/\/www.facebook.com\/beautyclubesteticalosone\/\" \/>\n<meta property=\"og:image\" content=\"https:\/\/boutiquebeautyclub.ch\/wp-content\/uploads\/2025\/10\/CZ0066.jpg\" \/>\n\t<meta property=\"og:image:width\" content=\"1200\" \/>\n\t<meta property=\"og:image:height\" content=\"1200\" \/>\n\t<meta property=\"og:image:type\" content=\"image\/jpeg\" \/>\n<meta name=\"twitter:card\" content=\"summary_large_image\" \/>\n<script type=\"application\/ld+json\" class=\"yoast-schema-graph\">{\"@context\":\"https:\\\/\\\/schema.org\",\"@graph\":[{\"@type\":\"WebPage\",\"@id\":\"https:\\\/\\\/boutiquebeautyclub.ch\\\/de\\\/prodotto\\\/tranquillity-blend\\\/\",\"url\":\"https:\\\/\\\/boutiquebeautyclub.ch\\\/de\\\/prodotto\\\/tranquillity-blend\\\/\",\"name\":\"Tranquillity Blend - Boutique Beauty Club\",\"isPartOf\":{\"@id\":\"https:\\\/\\\/boutiquebeautyclub.ch\\\/de\\\/#website\"},\"primaryImageOfPage\":{\"@id\":\"https:\\\/\\\/boutiquebeautyclub.ch\\\/de\\\/prodotto\\\/tranquillity-blend\\\/#primaryimage\"},\"image\":{\"@id\":\"https:\\\/\\\/boutiquebeautyclub.ch\\\/de\\\/prodotto\\\/tranquillity-blend\\\/#primaryimage\"},\"thumbnailUrl\":\"https:\\\/\\\/boutiquebeautyclub.ch\\\/wp-content\\\/uploads\\\/2025\\\/10\\\/CZ0066.jpg\",\"datePublished\":\"2025-10-21T12:53:38+00:00\",\"breadcrumb\":{\"@id\":\"https:\\\/\\\/boutiquebeautyclub.ch\\\/de\\\/prodotto\\\/tranquillity-blend\\\/#breadcrumb\"},\"inLanguage\":\"de\",\"potentialAction\":[{\"@type\":\"ReadAction\",\"target\":[\"https:\\\/\\\/boutiquebeautyclub.ch\\\/de\\\/prodotto\\\/tranquillity-blend\\\/\"]}]},{\"@type\":\"ImageObject\",\"inLanguage\":\"de\",\"@id\":\"https:\\\/\\\/boutiquebeautyclub.ch\\\/de\\\/prodotto\\\/tranquillity-blend\\\/#primaryimage\",\"url\":\"https:\\\/\\\/boutiquebeautyclub.ch\\\/wp-content\\\/uploads\\\/2025\\\/10\\\/CZ0066.jpg\",\"contentUrl\":\"https:\\\/\\\/boutiquebeautyclub.ch\\\/wp-content\\\/uploads\\\/2025\\\/10\\\/CZ0066.jpg\",\"width\":1200,\"height\":1200},{\"@type\":\"BreadcrumbList\",\"@id\":\"https:\\\/\\\/boutiquebeautyclub.ch\\\/de\\\/prodotto\\\/tranquillity-blend\\\/#breadcrumb\",\"itemListElement\":[{\"@type\":\"ListItem\",\"position\":1,\"name\":\"Home\",\"item\":\"https:\\\/\\\/boutiquebeautyclub.ch\\\/de\\\/\"},{\"@type\":\"ListItem\",\"position\":2,\"name\":\"Shop\",\"item\":\"https:\\\/\\\/boutiquebeautyclub.ch\\\/de\\\/shop\\\/\"},{\"@type\":\"ListItem\",\"position\":3,\"name\":\"Tranquillity Blend\"}]},{\"@type\":\"WebSite\",\"@id\":\"https:\\\/\\\/boutiquebeautyclub.ch\\\/de\\\/#website\",\"url\":\"https:\\\/\\\/boutiquebeautyclub.ch\\\/de\\\/\",\"name\":\"Boutique Beauty Club\",\"description\":\"Il tuo punto di riferimento per la bellezza e il benessere.\",\"publisher\":{\"@id\":\"https:\\\/\\\/boutiquebeautyclub.ch\\\/de\\\/#organization\"},\"potentialAction\":[{\"@type\":\"SearchAction\",\"target\":{\"@type\":\"EntryPoint\",\"urlTemplate\":\"https:\\\/\\\/boutiquebeautyclub.ch\\\/de\\\/?s={search_term_string}\"},\"query-input\":{\"@type\":\"PropertyValueSpecification\",\"valueRequired\":true,\"valueName\":\"search_term_string\"}}],\"inLanguage\":\"de\"},{\"@type\":\"Organization\",\"@id\":\"https:\\\/\\\/boutiquebeautyclub.ch\\\/de\\\/#organization\",\"name\":\"Boutique Beauty Club\",\"url\":\"https:\\\/\\\/boutiquebeautyclub.ch\\\/de\\\/\",\"logo\":{\"@type\":\"ImageObject\",\"inLanguage\":\"de\",\"@id\":\"https:\\\/\\\/boutiquebeautyclub.ch\\\/de\\\/#\\\/schema\\\/logo\\\/image\\\/\",\"url\":\"https:\\\/\\\/boutiquebeautyclub.ch\\\/wp-content\\\/uploads\\\/2025\\\/07\\\/logo.png\",\"contentUrl\":\"https:\\\/\\\/boutiquebeautyclub.ch\\\/wp-content\\\/uploads\\\/2025\\\/07\\\/logo.png\",\"width\":600,\"height\":248,\"caption\":\"Boutique Beauty Club\"},\"image\":{\"@id\":\"https:\\\/\\\/boutiquebeautyclub.ch\\\/de\\\/#\\\/schema\\\/logo\\\/image\\\/\"},\"sameAs\":[\"https:\\\/\\\/www.facebook.com\\\/beautyclubesteticalosone\\\/\",\"https:\\\/\\\/www.instagram.com\\\/beautyclubestetica\\\/?hl=it\"]}]}<\/script>\n<!-- \/ Yoast SEO plugin. -->","yoast_head_json":{"title":"Tranquillity Blend - Boutique Beauty Club","robots":{"index":"index","follow":"follow","max-snippet":"max-snippet:-1","max-image-preview":"max-image-preview:large","max-video-preview":"max-video-preview:-1"},"canonical":"https:\/\/boutiquebeautyclub.ch\/de\/prodotto\/tranquillity-blend\/","og_locale":"de_DE","og_type":"article","og_title":"Tranquillity Blend - Boutique Beauty Club","og_description":"Um Stress- und M\u00fcdigkeitsgef\u00fchle zu bek\u00e4mpfen, die durch den hektischen Rhythmus des Alltags verursacht werden, probiere TRANQUILLITY\u2122 Blend, eine Kombination aus ausgew\u00e4hlten \u00e4therischen \u00d6len, insbesondere Zedernholz und S\u00fc\u00dforange, die einen zarten Duft auf der Haut hinterlassen und ein Gef\u00fchl von Entspannung und Harmonie f\u00f6rdern. Die Formel kann allein oder in Kombination mit anderen K\u00f6rpercremes verwendet werden, um Geist und K\u00f6rper ein allgemeines Wohlbefinden zu verleihen. Die Farbe des Duftes kann variieren, ohne die Duftnote des Produkts zu beeinflussen.  79,9 % Inhaltsstoffe nat\u00fcrlichen Ursprungs.","og_url":"https:\/\/boutiquebeautyclub.ch\/de\/prodotto\/tranquillity-blend\/","og_site_name":"Boutique Beauty Club","article_publisher":"https:\/\/www.facebook.com\/beautyclubesteticalosone\/","og_image":[{"width":1200,"height":1200,"url":"https:\/\/boutiquebeautyclub.ch\/wp-content\/uploads\/2025\/10\/CZ0066.jpg","type":"image\/jpeg"}],"twitter_card":"summary_large_image","schema":{"@context":"https:\/\/schema.org","@graph":[{"@type":"WebPage","@id":"https:\/\/boutiquebeautyclub.ch\/de\/prodotto\/tranquillity-blend\/","url":"https:\/\/boutiquebeautyclub.ch\/de\/prodotto\/tranquillity-blend\/","name":"Tranquillity Blend - Boutique Beauty Club","isPartOf":{"@id":"https:\/\/boutiquebeautyclub.ch\/de\/#website"},"primaryImageOfPage":{"@id":"https:\/\/boutiquebeautyclub.ch\/de\/prodotto\/tranquillity-blend\/#primaryimage"},"image":{"@id":"https:\/\/boutiquebeautyclub.ch\/de\/prodotto\/tranquillity-blend\/#primaryimage"},"thumbnailUrl":"https:\/\/boutiquebeautyclub.ch\/wp-content\/uploads\/2025\/10\/CZ0066.jpg","datePublished":"2025-10-21T12:53:38+00:00","breadcrumb":{"@id":"https:\/\/boutiquebeautyclub.ch\/de\/prodotto\/tranquillity-blend\/#breadcrumb"},"inLanguage":"de","potentialAction":[{"@type":"ReadAction","target":["https:\/\/boutiquebeautyclub.ch\/de\/prodotto\/tranquillity-blend\/"]}]},{"@type":"ImageObject","inLanguage":"de","@id":"https:\/\/boutiquebeautyclub.ch\/de\/prodotto\/tranquillity-blend\/#primaryimage","url":"https:\/\/boutiquebeautyclub.ch\/wp-content\/uploads\/2025\/10\/CZ0066.jpg","contentUrl":"https:\/\/boutiquebeautyclub.ch\/wp-content\/uploads\/2025\/10\/CZ0066.jpg","width":1200,"height":1200},{"@type":"BreadcrumbList","@id":"https:\/\/boutiquebeautyclub.ch\/de\/prodotto\/tranquillity-blend\/#breadcrumb","itemListElement":[{"@type":"ListItem","position":1,"name":"Home","item":"https:\/\/boutiquebeautyclub.ch\/de\/"},{"@type":"ListItem","position":2,"name":"Shop","item":"https:\/\/boutiquebeautyclub.ch\/de\/shop\/"},{"@type":"ListItem","position":3,"name":"Tranquillity Blend"}]},{"@type":"WebSite","@id":"https:\/\/boutiquebeautyclub.ch\/de\/#website","url":"https:\/\/boutiquebeautyclub.ch\/de\/","name":"Boutique Beauty Club","description":"Il tuo punto di riferimento per la bellezza e il benessere.","publisher":{"@id":"https:\/\/boutiquebeautyclub.ch\/de\/#organization"},"potentialAction":[{"@type":"SearchAction","target":{"@type":"EntryPoint","urlTemplate":"https:\/\/boutiquebeautyclub.ch\/de\/?s={search_term_string}"},"query-input":{"@type":"PropertyValueSpecification","valueRequired":true,"valueName":"search_term_string"}}],"inLanguage":"de"},{"@type":"Organization","@id":"https:\/\/boutiquebeautyclub.ch\/de\/#organization","name":"Boutique Beauty Club","url":"https:\/\/boutiquebeautyclub.ch\/de\/","logo":{"@type":"ImageObject","inLanguage":"de","@id":"https:\/\/boutiquebeautyclub.ch\/de\/#\/schema\/logo\/image\/","url":"https:\/\/boutiquebeautyclub.ch\/wp-content\/uploads\/2025\/07\/logo.png","contentUrl":"https:\/\/boutiquebeautyclub.ch\/wp-content\/uploads\/2025\/07\/logo.png","width":600,"height":248,"caption":"Boutique Beauty Club"},"image":{"@id":"https:\/\/boutiquebeautyclub.ch\/de\/#\/schema\/logo\/image\/"},"sameAs":["https:\/\/www.facebook.com\/beautyclubesteticalosone\/","https:\/\/www.instagram.com\/beautyclubestetica\/?hl=it"]}]}},"_links":{"self":[{"href":"https:\/\/boutiquebeautyclub.ch\/de\/wp-json\/wp\/v2\/product\/2633","targetHints":{"allow":["GET"]}}],"collection":[{"href":"https:\/\/boutiquebeautyclub.ch\/de\/wp-json\/wp\/v2\/product"}],"about":[{"href":"https:\/\/boutiquebeautyclub.ch\/de\/wp-json\/wp\/v2\/types\/product"}],"wp:featuredmedia":[{"embeddable":true,"href":"https:\/\/boutiquebeautyclub.ch\/de\/wp-json\/wp\/v2\/media\/791"}],"wp:attachment":[{"href":"https:\/\/boutiquebeautyclub.ch\/de\/wp-json\/wp\/v2\/media?parent=2633"}],"wp:term":[{"taxonomy":"product_brand","embeddable":true,"href":"https:\/\/boutiquebeautyclub.ch\/de\/wp-json\/wp\/v2\/product_brand?post=2633"},{"taxonomy":"product_cat","embeddable":true,"href":"https:\/\/boutiquebeautyclub.ch\/de\/wp-json\/wp\/v2\/product_cat?post=2633"},{"taxonomy":"product_tag","embeddable":true,"href":"https:\/\/boutiquebeautyclub.ch\/de\/wp-json\/wp\/v2\/product_tag?post=2633"}],"curies":[{"name":"wp","href":"https:\/\/api.w.org\/{rel}","templated":true}]}}