{"id":2733,"date":"2026-01-23T14:25:00","date_gmt":"2026-01-23T13:25:00","guid":{"rendered":"https:\/\/boutiquebeautyclub.ch\/prodotto\/kraeutertee-17-flacher-bauch\/"},"modified":"2026-01-23T14:25:00","modified_gmt":"2026-01-23T13:25:00","slug":"kraeutertee-17-flacher-bauch","status":"publish","type":"product","link":"https:\/\/boutiquebeautyclub.ch\/de\/prodotto\/kraeutertee-17-flacher-bauch\/","title":{"rendered":"Kr\u00e4utertee #17 FLACHER BAUCH"},"content":{"rendered":"<p>Empfohlen bei Darm- und Bauchbl\u00e4hungen, insbesondere nach den Mahlzeiten. Auch geeignet bei Fl\u00fcssigkeitsstau mit Schweregef\u00fchl in den unteren Gliedma\u00dfen. <\/p>\n<p>Wirkstoffe und Vorteile: BIRKENBL\u00c4TTER F\u00d6RDERN DIE ENTW\u00c4SSERUNG DER K\u00d6RPERFL\u00dcSSIGKEITEN. SCHAFGARBENKRAUT UND FENCHELFR\u00dcCHTE F\u00d6RDERN DIE NORMALE MAGEN-DARM-MOTILIT\u00c4T UND DIE AUSSCHEIDUNG VON GASEN <\/p>\n","protected":false},"excerpt":{"rendered":"<p>Empfohlen bei Darm- und Bauchbl\u00e4hungen, insbesondere nach den Mahlzeiten. Auch geeignet bei Fl\u00fcssigkeitsstau mit Schweregef\u00fchl in den unteren Gliedma\u00dfen. Wirkstoffe und Vorteile: BIRKENBL\u00c4TTER F\u00d6RDERN DIE ENTW\u00c4SSERUNG DER K\u00d6RPERFL\u00dcSSIGKEITEN. SCHAFGARBENKRAUT UND FENCHELFR\u00dcCHTE F\u00d6RDERN DIE NORMALE MAGEN-DARM-MOTILIT\u00c4T UND DIE AUSSCHEIDUNG VON GASEN<\/p>\n","protected":false},"featured_media":1346,"template":"","meta":[],"product_brand":[],"product_cat":[399,957,861],"product_tag":[],"class_list":{"0":"post-2733","1":"product","2":"type-product","3":"status-publish","4":"has-post-thumbnail","6":"product_cat-korper","7":"product_cat-krautertees","8":"product_cat-wohlbefinden","10":"first","11":"instock","12":"shipping-taxable","13":"purchasable","14":"product-type-simple"},"yoast_head":"<!-- This site is optimized with the Yoast SEO plugin v27.6 - https:\/\/yoast.com\/product\/yoast-seo-wordpress\/ -->\n<title>Kr\u00e4utertee #17 FLACHER BAUCH - Boutique Beauty Club<\/title>\n<meta name=\"description\" content=\"Empfohlen bei Darm- und Bauchbl\u00e4hungen, insbesondere nach den Mahlzeiten. Auch geeignet bei Fl\u00fcssigkeitsstau mit Schweregef\u00fchl in den unteren Gliedma\u00dfen. Wirkstoffe und Vorteile: BIRKENBL\u00c4TTER F\u00d6RDERN DIE ENTW\u00c4SSERUNG DER K\u00d6RPERFL\u00dcSSIGKEITEN. SCHAFGARBENKRAUT UND FENCHELFR\u00dcCHTE F\u00d6RDERN DIE NORMALE MAGEN-DARM-MOTILIT\u00c4T UND DIE AUSSCHEIDUNG VON GASEN\" \/>\n<meta name=\"robots\" content=\"index, follow, max-snippet:-1, max-image-preview:large, max-video-preview:-1\" \/>\n<link rel=\"canonical\" href=\"https:\/\/boutiquebeautyclub.ch\/de\/prodotto\/kraeutertee-17-flacher-bauch\/\" \/>\n<meta property=\"og:locale\" content=\"de_DE\" \/>\n<meta property=\"og:type\" content=\"article\" \/>\n<meta property=\"og:title\" content=\"Kr\u00e4utertee #17 FLACHER BAUCH - Boutique Beauty Club\" \/>\n<meta property=\"og:description\" content=\"Empfohlen bei Darm- und Bauchbl\u00e4hungen, insbesondere nach den Mahlzeiten. Auch geeignet bei Fl\u00fcssigkeitsstau mit Schweregef\u00fchl in den unteren Gliedma\u00dfen. Wirkstoffe und Vorteile: BIRKENBL\u00c4TTER F\u00d6RDERN DIE ENTW\u00c4SSERUNG DER K\u00d6RPERFL\u00dcSSIGKEITEN. SCHAFGARBENKRAUT UND FENCHELFR\u00dcCHTE F\u00d6RDERN DIE NORMALE MAGEN-DARM-MOTILIT\u00c4T UND DIE AUSSCHEIDUNG VON GASEN\" \/>\n<meta property=\"og:url\" content=\"https:\/\/boutiquebeautyclub.ch\/de\/prodotto\/kraeutertee-17-flacher-bauch\/\" \/>\n<meta property=\"og:site_name\" content=\"Boutique Beauty Club\" \/>\n<meta property=\"article:publisher\" content=\"https:\/\/www.facebook.com\/beautyclubesteticalosone\/\" \/>\n<meta property=\"og:image\" content=\"https:\/\/boutiquebeautyclub.ch\/wp-content\/uploads\/2026\/01\/Tisana-17.jpg\" \/>\n\t<meta property=\"og:image:width\" content=\"722\" \/>\n\t<meta property=\"og:image:height\" content=\"720\" \/>\n\t<meta property=\"og:image:type\" content=\"image\/jpeg\" \/>\n<meta name=\"twitter:card\" content=\"summary_large_image\" \/>\n<script type=\"application\/ld+json\" class=\"yoast-schema-graph\">{\"@context\":\"https:\\\/\\\/schema.org\",\"@graph\":[{\"@type\":\"WebPage\",\"@id\":\"https:\\\/\\\/boutiquebeautyclub.ch\\\/de\\\/prodotto\\\/kraeutertee-17-flacher-bauch\\\/\",\"url\":\"https:\\\/\\\/boutiquebeautyclub.ch\\\/de\\\/prodotto\\\/kraeutertee-17-flacher-bauch\\\/\",\"name\":\"Kr\u00e4utertee #17 FLACHER BAUCH - Boutique Beauty Club\",\"isPartOf\":{\"@id\":\"https:\\\/\\\/boutiquebeautyclub.ch\\\/de\\\/#website\"},\"primaryImageOfPage\":{\"@id\":\"https:\\\/\\\/boutiquebeautyclub.ch\\\/de\\\/prodotto\\\/kraeutertee-17-flacher-bauch\\\/#primaryimage\"},\"image\":{\"@id\":\"https:\\\/\\\/boutiquebeautyclub.ch\\\/de\\\/prodotto\\\/kraeutertee-17-flacher-bauch\\\/#primaryimage\"},\"thumbnailUrl\":\"https:\\\/\\\/boutiquebeautyclub.ch\\\/wp-content\\\/uploads\\\/2026\\\/01\\\/Tisana-17.jpg\",\"datePublished\":\"2026-01-23T13:25:00+00:00\",\"description\":\"Empfohlen bei Darm- und Bauchbl\u00e4hungen, insbesondere nach den Mahlzeiten. Auch geeignet bei Fl\u00fcssigkeitsstau mit Schweregef\u00fchl in den unteren Gliedma\u00dfen. Wirkstoffe und Vorteile: BIRKENBL\u00c4TTER F\u00d6RDERN DIE ENTW\u00c4SSERUNG DER K\u00d6RPERFL\u00dcSSIGKEITEN. SCHAFGARBENKRAUT UND FENCHELFR\u00dcCHTE F\u00d6RDERN DIE NORMALE MAGEN-DARM-MOTILIT\u00c4T UND DIE AUSSCHEIDUNG VON GASEN\",\"breadcrumb\":{\"@id\":\"https:\\\/\\\/boutiquebeautyclub.ch\\\/de\\\/prodotto\\\/kraeutertee-17-flacher-bauch\\\/#breadcrumb\"},\"inLanguage\":\"de\",\"potentialAction\":[{\"@type\":\"ReadAction\",\"target\":[\"https:\\\/\\\/boutiquebeautyclub.ch\\\/de\\\/prodotto\\\/kraeutertee-17-flacher-bauch\\\/\"]}]},{\"@type\":\"ImageObject\",\"inLanguage\":\"de\",\"@id\":\"https:\\\/\\\/boutiquebeautyclub.ch\\\/de\\\/prodotto\\\/kraeutertee-17-flacher-bauch\\\/#primaryimage\",\"url\":\"https:\\\/\\\/boutiquebeautyclub.ch\\\/wp-content\\\/uploads\\\/2026\\\/01\\\/Tisana-17.jpg\",\"contentUrl\":\"https:\\\/\\\/boutiquebeautyclub.ch\\\/wp-content\\\/uploads\\\/2026\\\/01\\\/Tisana-17.jpg\",\"width\":722,\"height\":720},{\"@type\":\"BreadcrumbList\",\"@id\":\"https:\\\/\\\/boutiquebeautyclub.ch\\\/de\\\/prodotto\\\/kraeutertee-17-flacher-bauch\\\/#breadcrumb\",\"itemListElement\":[{\"@type\":\"ListItem\",\"position\":1,\"name\":\"Home\",\"item\":\"https:\\\/\\\/boutiquebeautyclub.ch\\\/de\\\/\"},{\"@type\":\"ListItem\",\"position\":2,\"name\":\"Shop\",\"item\":\"https:\\\/\\\/boutiquebeautyclub.ch\\\/de\\\/shop\\\/\"},{\"@type\":\"ListItem\",\"position\":3,\"name\":\"Kr\u00e4utertee #17 FLACHER BAUCH\"}]},{\"@type\":\"WebSite\",\"@id\":\"https:\\\/\\\/boutiquebeautyclub.ch\\\/de\\\/#website\",\"url\":\"https:\\\/\\\/boutiquebeautyclub.ch\\\/de\\\/\",\"name\":\"Boutique Beauty Club\",\"description\":\"Il tuo punto di riferimento per la bellezza e il benessere.\",\"publisher\":{\"@id\":\"https:\\\/\\\/boutiquebeautyclub.ch\\\/de\\\/#organization\"},\"potentialAction\":[{\"@type\":\"SearchAction\",\"target\":{\"@type\":\"EntryPoint\",\"urlTemplate\":\"https:\\\/\\\/boutiquebeautyclub.ch\\\/de\\\/?s={search_term_string}\"},\"query-input\":{\"@type\":\"PropertyValueSpecification\",\"valueRequired\":true,\"valueName\":\"search_term_string\"}}],\"inLanguage\":\"de\"},{\"@type\":\"Organization\",\"@id\":\"https:\\\/\\\/boutiquebeautyclub.ch\\\/de\\\/#organization\",\"name\":\"Boutique Beauty Club\",\"url\":\"https:\\\/\\\/boutiquebeautyclub.ch\\\/de\\\/\",\"logo\":{\"@type\":\"ImageObject\",\"inLanguage\":\"de\",\"@id\":\"https:\\\/\\\/boutiquebeautyclub.ch\\\/de\\\/#\\\/schema\\\/logo\\\/image\\\/\",\"url\":\"https:\\\/\\\/boutiquebeautyclub.ch\\\/wp-content\\\/uploads\\\/2025\\\/07\\\/logo.png\",\"contentUrl\":\"https:\\\/\\\/boutiquebeautyclub.ch\\\/wp-content\\\/uploads\\\/2025\\\/07\\\/logo.png\",\"width\":600,\"height\":248,\"caption\":\"Boutique Beauty Club\"},\"image\":{\"@id\":\"https:\\\/\\\/boutiquebeautyclub.ch\\\/de\\\/#\\\/schema\\\/logo\\\/image\\\/\"},\"sameAs\":[\"https:\\\/\\\/www.facebook.com\\\/beautyclubesteticalosone\\\/\",\"https:\\\/\\\/www.instagram.com\\\/beautyclubestetica\\\/?hl=it\"]}]}<\/script>\n<!-- \/ Yoast SEO plugin. -->","yoast_head_json":{"title":"Kr\u00e4utertee #17 FLACHER BAUCH - Boutique Beauty Club","description":"Empfohlen bei Darm- und Bauchbl\u00e4hungen, insbesondere nach den Mahlzeiten. Auch geeignet bei Fl\u00fcssigkeitsstau mit Schweregef\u00fchl in den unteren Gliedma\u00dfen. Wirkstoffe und Vorteile: BIRKENBL\u00c4TTER F\u00d6RDERN DIE ENTW\u00c4SSERUNG DER K\u00d6RPERFL\u00dcSSIGKEITEN. SCHAFGARBENKRAUT UND FENCHELFR\u00dcCHTE F\u00d6RDERN DIE NORMALE MAGEN-DARM-MOTILIT\u00c4T UND DIE AUSSCHEIDUNG VON GASEN","robots":{"index":"index","follow":"follow","max-snippet":"max-snippet:-1","max-image-preview":"max-image-preview:large","max-video-preview":"max-video-preview:-1"},"canonical":"https:\/\/boutiquebeautyclub.ch\/de\/prodotto\/kraeutertee-17-flacher-bauch\/","og_locale":"de_DE","og_type":"article","og_title":"Kr\u00e4utertee #17 FLACHER BAUCH - Boutique Beauty Club","og_description":"Empfohlen bei Darm- und Bauchbl\u00e4hungen, insbesondere nach den Mahlzeiten. Auch geeignet bei Fl\u00fcssigkeitsstau mit Schweregef\u00fchl in den unteren Gliedma\u00dfen. Wirkstoffe und Vorteile: BIRKENBL\u00c4TTER F\u00d6RDERN DIE ENTW\u00c4SSERUNG DER K\u00d6RPERFL\u00dcSSIGKEITEN. SCHAFGARBENKRAUT UND FENCHELFR\u00dcCHTE F\u00d6RDERN DIE NORMALE MAGEN-DARM-MOTILIT\u00c4T UND DIE AUSSCHEIDUNG VON GASEN","og_url":"https:\/\/boutiquebeautyclub.ch\/de\/prodotto\/kraeutertee-17-flacher-bauch\/","og_site_name":"Boutique Beauty Club","article_publisher":"https:\/\/www.facebook.com\/beautyclubesteticalosone\/","og_image":[{"width":722,"height":720,"url":"https:\/\/boutiquebeautyclub.ch\/wp-content\/uploads\/2026\/01\/Tisana-17.jpg","type":"image\/jpeg"}],"twitter_card":"summary_large_image","schema":{"@context":"https:\/\/schema.org","@graph":[{"@type":"WebPage","@id":"https:\/\/boutiquebeautyclub.ch\/de\/prodotto\/kraeutertee-17-flacher-bauch\/","url":"https:\/\/boutiquebeautyclub.ch\/de\/prodotto\/kraeutertee-17-flacher-bauch\/","name":"Kr\u00e4utertee #17 FLACHER BAUCH - Boutique Beauty Club","isPartOf":{"@id":"https:\/\/boutiquebeautyclub.ch\/de\/#website"},"primaryImageOfPage":{"@id":"https:\/\/boutiquebeautyclub.ch\/de\/prodotto\/kraeutertee-17-flacher-bauch\/#primaryimage"},"image":{"@id":"https:\/\/boutiquebeautyclub.ch\/de\/prodotto\/kraeutertee-17-flacher-bauch\/#primaryimage"},"thumbnailUrl":"https:\/\/boutiquebeautyclub.ch\/wp-content\/uploads\/2026\/01\/Tisana-17.jpg","datePublished":"2026-01-23T13:25:00+00:00","description":"Empfohlen bei Darm- und Bauchbl\u00e4hungen, insbesondere nach den Mahlzeiten. Auch geeignet bei Fl\u00fcssigkeitsstau mit Schweregef\u00fchl in den unteren Gliedma\u00dfen. Wirkstoffe und Vorteile: BIRKENBL\u00c4TTER F\u00d6RDERN DIE ENTW\u00c4SSERUNG DER K\u00d6RPERFL\u00dcSSIGKEITEN. SCHAFGARBENKRAUT UND FENCHELFR\u00dcCHTE F\u00d6RDERN DIE NORMALE MAGEN-DARM-MOTILIT\u00c4T UND DIE AUSSCHEIDUNG VON GASEN","breadcrumb":{"@id":"https:\/\/boutiquebeautyclub.ch\/de\/prodotto\/kraeutertee-17-flacher-bauch\/#breadcrumb"},"inLanguage":"de","potentialAction":[{"@type":"ReadAction","target":["https:\/\/boutiquebeautyclub.ch\/de\/prodotto\/kraeutertee-17-flacher-bauch\/"]}]},{"@type":"ImageObject","inLanguage":"de","@id":"https:\/\/boutiquebeautyclub.ch\/de\/prodotto\/kraeutertee-17-flacher-bauch\/#primaryimage","url":"https:\/\/boutiquebeautyclub.ch\/wp-content\/uploads\/2026\/01\/Tisana-17.jpg","contentUrl":"https:\/\/boutiquebeautyclub.ch\/wp-content\/uploads\/2026\/01\/Tisana-17.jpg","width":722,"height":720},{"@type":"BreadcrumbList","@id":"https:\/\/boutiquebeautyclub.ch\/de\/prodotto\/kraeutertee-17-flacher-bauch\/#breadcrumb","itemListElement":[{"@type":"ListItem","position":1,"name":"Home","item":"https:\/\/boutiquebeautyclub.ch\/de\/"},{"@type":"ListItem","position":2,"name":"Shop","item":"https:\/\/boutiquebeautyclub.ch\/de\/shop\/"},{"@type":"ListItem","position":3,"name":"Kr\u00e4utertee #17 FLACHER BAUCH"}]},{"@type":"WebSite","@id":"https:\/\/boutiquebeautyclub.ch\/de\/#website","url":"https:\/\/boutiquebeautyclub.ch\/de\/","name":"Boutique Beauty Club","description":"Il tuo punto di riferimento per la bellezza e il benessere.","publisher":{"@id":"https:\/\/boutiquebeautyclub.ch\/de\/#organization"},"potentialAction":[{"@type":"SearchAction","target":{"@type":"EntryPoint","urlTemplate":"https:\/\/boutiquebeautyclub.ch\/de\/?s={search_term_string}"},"query-input":{"@type":"PropertyValueSpecification","valueRequired":true,"valueName":"search_term_string"}}],"inLanguage":"de"},{"@type":"Organization","@id":"https:\/\/boutiquebeautyclub.ch\/de\/#organization","name":"Boutique Beauty Club","url":"https:\/\/boutiquebeautyclub.ch\/de\/","logo":{"@type":"ImageObject","inLanguage":"de","@id":"https:\/\/boutiquebeautyclub.ch\/de\/#\/schema\/logo\/image\/","url":"https:\/\/boutiquebeautyclub.ch\/wp-content\/uploads\/2025\/07\/logo.png","contentUrl":"https:\/\/boutiquebeautyclub.ch\/wp-content\/uploads\/2025\/07\/logo.png","width":600,"height":248,"caption":"Boutique Beauty Club"},"image":{"@id":"https:\/\/boutiquebeautyclub.ch\/de\/#\/schema\/logo\/image\/"},"sameAs":["https:\/\/www.facebook.com\/beautyclubesteticalosone\/","https:\/\/www.instagram.com\/beautyclubestetica\/?hl=it"]}]}},"_links":{"self":[{"href":"https:\/\/boutiquebeautyclub.ch\/de\/wp-json\/wp\/v2\/product\/2733","targetHints":{"allow":["GET"]}}],"collection":[{"href":"https:\/\/boutiquebeautyclub.ch\/de\/wp-json\/wp\/v2\/product"}],"about":[{"href":"https:\/\/boutiquebeautyclub.ch\/de\/wp-json\/wp\/v2\/types\/product"}],"wp:featuredmedia":[{"embeddable":true,"href":"https:\/\/boutiquebeautyclub.ch\/de\/wp-json\/wp\/v2\/media\/1346"}],"wp:attachment":[{"href":"https:\/\/boutiquebeautyclub.ch\/de\/wp-json\/wp\/v2\/media?parent=2733"}],"wp:term":[{"taxonomy":"product_brand","embeddable":true,"href":"https:\/\/boutiquebeautyclub.ch\/de\/wp-json\/wp\/v2\/product_brand?post=2733"},{"taxonomy":"product_cat","embeddable":true,"href":"https:\/\/boutiquebeautyclub.ch\/de\/wp-json\/wp\/v2\/product_cat?post=2733"},{"taxonomy":"product_tag","embeddable":true,"href":"https:\/\/boutiquebeautyclub.ch\/de\/wp-json\/wp\/v2\/product_tag?post=2733"}],"curies":[{"name":"wp","href":"https:\/\/api.w.org\/{rel}","templated":true}]}}