{"id":2306,"date":"2025-07-16T13:50:51","date_gmt":"2025-07-16T11:50:51","guid":{"rendered":"https:\/\/boutiquebeautyclub.ch\/qui-sommes-nous\/"},"modified":"2026-04-10T19:25:45","modified_gmt":"2026-04-10T17:25:45","slug":"qui-sommes-nous","status":"publish","type":"page","link":"https:\/\/boutiquebeautyclub.ch\/fr\/qui-sommes-nous\/","title":{"rendered":"Qui sommes-nous"},"content":{"rendered":"<p><div class=\"fusion-fullwidth fullwidth-box fusion-builder-row-1 fusion-flex-container has-pattern-background has-mask-background fusion-parallax-none hundred-percent-fullwidth non-hundred-percent-height-scrolling fusion-no-small-visibility lazyload\" style=\"--awb-background-position:left center;--awb-border-radius-top-left:0px;--awb-border-radius-top-right:0px;--awb-border-radius-bottom-right:0px;--awb-border-radius-bottom-left:0px;--awb-min-height:calc(100vh - 200px);--awb-background-size:cover;--awb-flex-wrap:wrap;--awb-filter:contrast(100%);--awb-filter-transition:filter 0.3s ease;--awb-filter-hover:contrast(120%);\" data-bg=\"https:\/\/boutiquebeautyclub.ch\/wp-content\/uploads\/2025\/08\/chi-siamo-scaled.jpg\" ><div class=\"fusion-builder-row fusion-row fusion-flex-align-items-flex-end fusion-flex-content-wrap\" style=\"width:104% !important;max-width:104% !important;margin-left: calc(-4% \/ 2 );margin-right: calc(-4% \/ 2 );\"><div class=\"fusion-layout-column fusion_builder_column fusion-builder-column-0 fusion_builder_column_1_2 1_2 fusion-flex-column\" style=\"--awb-padding-top:80px;--awb-padding-right:80px;--awb-padding-bottom:80px;--awb-padding-left:80px;--awb-padding-top-medium:40px;--awb-padding-right-medium:40px;--awb-padding-bottom-medium:40px;--awb-padding-left-medium:40px;--awb-padding-top-small:10px;--awb-padding-right-small:10px;--awb-padding-bottom-small:10px;--awb-padding-left-small:10px;--awb-bg-size:cover;--awb-width-large:50%;--awb-margin-top-large:0px;--awb-spacing-right-large:3.84%;--awb-margin-bottom-large:20px;--awb-spacing-left-large:3.84%;--awb-width-medium:100%;--awb-order-medium:0;--awb-spacing-right-medium:1.92%;--awb-spacing-left-medium:1.92%;--awb-width-small:100%;--awb-order-small:0;--awb-spacing-right-small:1.92%;--awb-spacing-left-small:1.92%;\" data-scroll-devices=\"small-visibility,medium-visibility,large-visibility\"><div class=\"fusion-column-wrapper fusion-column-has-shadow fusion-flex-justify-content-flex-start fusion-content-layout-column\"><div class=\"fusion-title title fusion-title-1 fusion-sep-none fusion-title-text fusion-title-size-one\" style=\"--awb-text-color:var(--awb-color8);--awb-margin-top-small:10px;--awb-margin-right-small:0px;--awb-margin-bottom-small:10px;--awb-margin-left-small:0px;\"><h1 class=\"fusion-title-heading title-heading-left\" style=\"margin:0;\">Qui sommes-nous<\/h1><\/div><div class=\"fusion-title title fusion-title-2 fusion-sep-none fusion-title-text fusion-title-size-four\" style=\"--awb-text-color:var(--awb-color8);--awb-margin-top-small:10px;--awb-margin-right-small:0px;--awb-margin-bottom-small:10px;--awb-margin-left-small:0px;\"><h4 class=\"fusion-title-heading title-heading-left\" style=\"margin:0;\">Beauty Club Boutique est ton shop en ligne de confiance pour des produits cosm\u00e9tiques et de beaut\u00e9 s\u00e9lectionn\u00e9s avec soin.<\/h4><\/div><\/div><\/div><\/div><\/div><div class=\"fusion-fullwidth fullwidth-box fusion-builder-row-2 fusion-flex-container has-pattern-background has-mask-background hundred-percent-fullwidth non-hundred-percent-height-scrolling fusion-no-medium-visibility fusion-no-large-visibility\" style=\"--awb-background-position:left center;--awb-border-radius-top-left:0px;--awb-border-radius-top-right:0px;--awb-border-radius-bottom-right:0px;--awb-border-radius-bottom-left:0px;--awb-flex-wrap:wrap;--awb-filter:contrast(100%);--awb-filter-transition:filter 0.3s ease;--awb-filter-hover:contrast(120%);\" ><div class=\"fusion-builder-row fusion-row fusion-flex-align-items-flex-end fusion-flex-content-wrap\" style=\"width:104% !important;max-width:104% !important;margin-left: calc(-4% \/ 2 );margin-right: calc(-4% \/ 2 );\"><div class=\"fusion-layout-column fusion_builder_column fusion-builder-column-1 fusion_builder_column_1_1 1_1 fusion-flex-column\" style=\"--awb-padding-top:80px;--awb-padding-right:80px;--awb-padding-bottom:80px;--awb-padding-left:80px;--awb-padding-top-medium:40px;--awb-padding-right-medium:40px;--awb-padding-bottom-medium:40px;--awb-padding-left-medium:40px;--awb-padding-top-small:10px;--awb-padding-right-small:10px;--awb-padding-bottom-small:10px;--awb-padding-left-small:10px;--awb-bg-size:cover;--awb-width-large:100%;--awb-margin-top-large:0px;--awb-spacing-right-large:1.92%;--awb-margin-bottom-large:20px;--awb-spacing-left-large:1.92%;--awb-width-medium:100%;--awb-order-medium:0;--awb-spacing-right-medium:1.92%;--awb-spacing-left-medium:1.92%;--awb-width-small:100%;--awb-order-small:0;--awb-spacing-right-small:1.92%;--awb-spacing-left-small:1.92%;\" data-scroll-devices=\"small-visibility,medium-visibility,large-visibility\"><div class=\"fusion-column-wrapper fusion-column-has-shadow fusion-flex-justify-content-flex-start fusion-content-layout-column\"><div class=\"fusion-image-element \" style=\"--awb-margin-bottom:20px;--awb-max-width:100%;--awb-caption-title-font-family:var(--h2_typography-font-family);--awb-caption-title-font-weight:var(--h2_typography-font-weight);--awb-caption-title-font-style:var(--h2_typography-font-style);--awb-caption-title-size:var(--h2_typography-font-size);--awb-caption-title-transform:var(--h2_typography-text-transform);--awb-caption-title-line-height:var(--h2_typography-line-height);--awb-caption-title-letter-spacing:var(--h2_typography-letter-spacing);\"><span class=\" fusion-imageframe imageframe-none imageframe-1 hover-type-none\"><img decoding=\"async\" width=\"2560\" height=\"1516\" title=\"qui-sommes-nous\" src=\"https:\/\/boutiquebeautyclub.ch\/wp-content\/uploads\/2025\/08\/chi-siamo-scaled.jpg\" data-orig-src=\"https:\/\/boutiquebeautyclub.ch\/wp-content\/uploads\/2025\/08\/chi-siamo-scaled.jpg\" alt class=\"lazyload img-responsive wp-image-2307\" srcset=\"data:image\/svg+xml,%3Csvg%20xmlns%3D%27http%3A%2F%2Fwww.w3.org%2F2000%2Fsvg%27%20width%3D%272560%27%20height%3D%271516%27%20viewBox%3D%270%200%202560%201516%27%3E%3Crect%20width%3D%272560%27%20height%3D%271516%27%20fill-opacity%3D%220%22%2F%3E%3C%2Fsvg%3E\" data-srcset=\"https:\/\/boutiquebeautyclub.ch\/wp-content\/uploads\/2025\/08\/chi-siamo-200x118.jpg 200w, https:\/\/boutiquebeautyclub.ch\/wp-content\/uploads\/2025\/08\/chi-siamo-600x355.jpg 600w, https:\/\/boutiquebeautyclub.ch\/wp-content\/uploads\/2025\/08\/chi-siamo-1200x710.jpg 1200w, https:\/\/boutiquebeautyclub.ch\/wp-content\/uploads\/2025\/08\/chi-siamo-scaled.jpg 2560w\" data-sizes=\"auto\" data-orig-sizes=\"(max-width: 740px) 100vw, 2560px\" \/><\/span><\/div><div class=\"fusion-title title fusion-title-3 fusion-sep-none fusion-title-text fusion-title-size-one\" style=\"--awb-text-color:var(--awb-color8);--awb-margin-top-small:10px;--awb-margin-right-small:0px;--awb-margin-bottom-small:10px;--awb-margin-left-small:0px;\"><h1 class=\"fusion-title-heading title-heading-left\" style=\"margin:0;\">Qui sommes-nous<\/h1><\/div><div class=\"fusion-title title fusion-title-4 fusion-sep-none fusion-title-text fusion-title-size-four\" style=\"--awb-text-color:var(--awb-color8);--awb-margin-top-small:10px;--awb-margin-right-small:0px;--awb-margin-bottom-small:10px;--awb-margin-left-small:0px;\"><h4 class=\"fusion-title-heading title-heading-left\" style=\"margin:0;\">Beauty Club Boutique est ton shop en ligne de confiance pour des produits cosm\u00e9tiques et de beaut\u00e9 s\u00e9lectionn\u00e9s avec soin.<\/h4><\/div><\/div><\/div><\/div><\/div><div class=\"fusion-fullwidth fullwidth-box fusion-builder-row-3 fusion-flex-container has-pattern-background has-mask-background nonhundred-percent-fullwidth non-hundred-percent-height-scrolling\" style=\"--awb-border-radius-top-left:0px;--awb-border-radius-top-right:0px;--awb-border-radius-bottom-right:0px;--awb-border-radius-bottom-left:0px;--awb-padding-top:80px;--awb-padding-right:80px;--awb-padding-bottom:60px;--awb-padding-left:80px;--awb-padding-top-medium:70px;--awb-padding-right-medium:70px;--awb-padding-bottom-medium:35px;--awb-padding-left-medium:70px;--awb-padding-top-small:80px;--awb-padding-right-small:40px;--awb-padding-bottom-small:40px;--awb-padding-left-small:40px;--awb-flex-wrap:wrap;\" ><div class=\"fusion-builder-row fusion-row fusion-flex-align-items-center fusion-flex-justify-content-center fusion-flex-content-wrap\" style=\"max-width:2080px;margin-left: calc(-4% \/ 2 );margin-right: calc(-4% \/ 2 );\"><div class=\"fusion-layout-column fusion_builder_column fusion-builder-column-2 fusion_builder_column_3_4 3_4 fusion-flex-column\" style=\"--awb-bg-size:cover;--awb-width-large:75%;--awb-margin-top-large:0px;--awb-spacing-right-large:2.56%;--awb-margin-bottom-large:20px;--awb-spacing-left-large:2.56%;--awb-width-medium:100%;--awb-order-medium:0;--awb-spacing-right-medium:1.92%;--awb-spacing-left-medium:1.92%;--awb-width-small:100%;--awb-order-small:0;--awb-spacing-right-small:1.92%;--awb-spacing-left-small:1.92%;\" data-scroll-devices=\"small-visibility,medium-visibility,large-visibility\"><div class=\"fusion-column-wrapper fusion-column-has-shadow fusion-flex-justify-content-flex-start fusion-content-layout-column\"><div class=\"fusion-image-element \" style=\"text-align:center;--awb-margin-bottom:40px;--awb-max-width:200px;--awb-caption-title-font-family:var(--h2_typography-font-family);--awb-caption-title-font-weight:var(--h2_typography-font-weight);--awb-caption-title-font-style:var(--h2_typography-font-style);--awb-caption-title-size:var(--h2_typography-font-size);--awb-caption-title-transform:var(--h2_typography-text-transform);--awb-caption-title-line-height:var(--h2_typography-line-height);--awb-caption-title-letter-spacing:var(--h2_typography-letter-spacing);\"><span class=\" fusion-imageframe imageframe-none imageframe-2 hover-type-none\"><a class=\"fusion-no-lightbox\" href=\"https:\/\/beautyclubestetica.ch\/\" target=\"_blank\" aria-label=\"logo-beauty-club-estetica\" rel=\"noopener noreferrer\"><img decoding=\"async\" width=\"600\" height=\"285\" src=\"https:\/\/boutiquebeautyclub.ch\/wp-content\/uploads\/2025\/07\/logo-beauty-club-estetica.png\" data-orig-src=\"https:\/\/boutiquebeautyclub.ch\/wp-content\/uploads\/2025\/07\/logo-beauty-club-estetica.png\" alt class=\"lazyload img-responsive wp-image-2300\" srcset=\"data:image\/svg+xml,%3Csvg%20xmlns%3D%27http%3A%2F%2Fwww.w3.org%2F2000%2Fsvg%27%20width%3D%27600%27%20height%3D%27285%27%20viewBox%3D%270%200%20600%20285%27%3E%3Crect%20width%3D%27600%27%20height%3D%27285%27%20fill-opacity%3D%220%22%2F%3E%3C%2Fsvg%3E\" data-srcset=\"https:\/\/boutiquebeautyclub.ch\/wp-content\/uploads\/2025\/07\/logo-beauty-club-estetica-200x95.png 200w, https:\/\/boutiquebeautyclub.ch\/wp-content\/uploads\/2025\/07\/logo-beauty-club-estetica.png 600w\" data-sizes=\"auto\" data-orig-sizes=\"(max-width: 740px) 100vw, 600px\" \/><\/a><\/span><\/div><div class=\"fusion-text fusion-text-1\"><p>Derri\u00e8re notre e-commerce se cachent la <strong>passion et l\u2019exp\u00e9rience de plusieurs d\u00e9cennies de <a href=\"https:\/\/beautyclubestetica.ch\/\" target=\"_blank\" rel=\"noopener\">Beauty Club Estetica<\/a><\/strong>, un centre d\u2019esth\u00e9tique bas\u00e9 \u00e0 Losone actif depuis plus de 40 ans dans le secteur de la beaut\u00e9 et du bien-\u00eatre. Chaque produit que tu trouves dans notre shop <strong>est le fruit d\u2019une s\u00e9lection attentive m\u00fbrie gr\u00e2ce \u00e0 l\u2019exp\u00e9rience directe avec notre client\u00e8le<\/strong> en salon. <\/p>\n<p>Nous choisissons uniquement des <strong>marques innovantes, s\u00fbres et de haute qualit\u00e9,<\/strong> con\u00e7ues pour offrir des soins efficaces et d\u00e9licats pour chaque type de peau. Notre objectif est de t\u2019aider \u00e0 prendre soin de ta beaut\u00e9 au quotidien, m\u00eame \u00e0 la maison, avec les m\u00eames standards professionnels que nous appliquons lors de nos soins en institut.<\/p>\n<\/div><\/div><\/div><\/div><\/div><div class=\"fusion-fullwidth fullwidth-box fusion-builder-row-4 fusion-flex-container has-pattern-background has-mask-background nonhundred-percent-fullwidth non-hundred-percent-height-scrolling\" style=\"--awb-border-radius-top-left:0px;--awb-border-radius-top-right:0px;--awb-border-radius-bottom-right:0px;--awb-border-radius-bottom-left:0px;--awb-padding-top:40px;--awb-padding-right:80px;--awb-padding-bottom:40px;--awb-padding-left:80px;--awb-padding-top-medium:35px;--awb-padding-right-medium:70px;--awb-padding-bottom-medium:35px;--awb-padding-left-medium:70px;--awb-padding-top-small:80px;--awb-padding-right-small:40px;--awb-padding-bottom-small:40px;--awb-padding-left-small:40px;--awb-background-image:radial-gradient(circle at left bottom, rgba(225,202,194,0.3) 0%,rgba(193,129,91,0.3) 100%);--awb-flex-wrap:wrap;\" ><div class=\"fusion-builder-row fusion-row fusion-flex-align-items-center fusion-flex-justify-content-center fusion-flex-content-wrap\" style=\"max-width:2080px;margin-left: calc(-4% \/ 2 );margin-right: calc(-4% \/ 2 );\"><div class=\"fusion-layout-column fusion_builder_column fusion-builder-column-3 fusion_builder_column_3_4 3_4 fusion-flex-column\" style=\"--awb-bg-size:cover;--awb-width-large:75%;--awb-margin-top-large:0px;--awb-spacing-right-large:2.56%;--awb-margin-bottom-large:20px;--awb-spacing-left-large:2.56%;--awb-width-medium:100%;--awb-order-medium:0;--awb-spacing-right-medium:1.92%;--awb-spacing-left-medium:1.92%;--awb-width-small:100%;--awb-order-small:0;--awb-spacing-right-small:1.92%;--awb-spacing-left-small:1.92%;\" data-scroll-devices=\"small-visibility,medium-visibility,large-visibility\"><div class=\"fusion-column-wrapper fusion-column-has-shadow fusion-flex-justify-content-flex-start fusion-content-layout-column\"><div class=\"fusion-title title fusion-title-5 fusion-sep-none fusion-title-text fusion-title-size-two\" style=\"--awb-text-color:var(--awb-color8);--awb-margin-top:40px;--awb-margin-bottom:20px;--awb-margin-top-small:10px;--awb-margin-right-small:0px;--awb-margin-bottom-small:40px;--awb-margin-left-small:0px;--awb-margin-bottom-medium:20px;\"><h2 class=\"fusion-title-heading title-heading-left\" style=\"margin:0;\">Vous h\u00e9sitez sur le choix d\u2019un produit ?<\/h2><\/div><div class=\"fusion-text fusion-text-2\" style=\"--awb-content-alignment:left;\"><p>Aucun probl\u00e8me ! Vous pouvez nous contacter pour un conseil personnalis\u00e9 :<\/p>\n<\/div><ul style=\"--awb-iconcolor:var(--awb-color8);--awb-line-height:27.2px;--awb-icon-width:27.2px;--awb-icon-height:27.2px;--awb-icon-margin:11.2px;--awb-content-margin:38.4px;\" class=\"fusion-checklist fusion-checklist-1 fusion-checklist-default type-icons\"><li class=\"fusion-li-item\" style=\"\"><span class=\"icon-wrapper circle-no\"><i class=\"fusion-li-icon fa-at fas\" aria-hidden=\"true\"><\/i><\/span><div class=\"fusion-li-item-content\">\n<p>par e-mail : <a href=\"mailto:info@beautyclubestetica.ch\">info@beautyclubestetica.ch<\/a><\/p>\n<\/div><\/li><li class=\"fusion-li-item\" style=\"\"><span class=\"icon-wrapper circle-no\"><i class=\"fusion-li-icon fa-mobile-alt fas\" aria-hidden=\"true\"><\/i><\/span><div class=\"fusion-li-item-content\">\n<p>par t\u00e9l\u00e9phone : <a href=\"tel:+41%2091%20751%2028%2036\">+41 91 751 28 36<\/a><\/p>\n<\/div><\/li><li class=\"fusion-li-item\" style=\"\"><span class=\"icon-wrapper circle-no\"><i class=\"fusion-li-icon fa-file-import fas\" aria-hidden=\"true\"><\/i><\/span><div class=\"fusion-li-item-content\">\n<p><a href=\"https:\/\/boutiquebeautyclub.ch\/contatti\/\">en remplissant le formulaire d\u00e9di\u00e9<\/a><\/p>\n<\/div><\/li><li class=\"fusion-li-item\" style=\"\"><span class=\"icon-wrapper circle-no\"><i class=\"fusion-li-icon fa-thumbtack fas\" aria-hidden=\"true\"><\/i><\/span><div class=\"fusion-li-item-content\">\n<p>en personne au Stabile Bauhaus au 1er \u00e9tage :<br \/>\n<em>Beauty Club Estetica Sagl<\/em><br \/>\nvia dei Pioppi, 2a<br \/>\n6616 &#8211; Losone<br \/>\nSuisse<\/p>\n<\/div><\/li><\/ul><\/div><\/div><\/div><\/div><div class=\"fusion-fullwidth fullwidth-box fusion-builder-row-5 fusion-flex-container has-pattern-background has-mask-background nonhundred-percent-fullwidth non-hundred-percent-height-scrolling\" style=\"--awb-border-radius-top-left:0px;--awb-border-radius-top-right:0px;--awb-border-radius-bottom-right:0px;--awb-border-radius-bottom-left:0px;--awb-padding-top:80px;--awb-padding-right:80px;--awb-padding-bottom:40px;--awb-padding-left:80px;--awb-padding-top-medium:70px;--awb-padding-right-medium:70px;--awb-padding-bottom-medium:35px;--awb-padding-left-medium:70px;--awb-padding-top-small:80px;--awb-padding-right-small:40px;--awb-padding-bottom-small:40px;--awb-padding-left-small:40px;--awb-flex-wrap:wrap;\" ><div class=\"fusion-builder-row fusion-row fusion-flex-align-items-center fusion-flex-justify-content-center fusion-flex-content-wrap\" style=\"max-width:2080px;margin-left: calc(-4% \/ 2 );margin-right: calc(-4% \/ 2 );\"><div class=\"fusion-layout-column fusion_builder_column fusion-builder-column-4 fusion_builder_column_3_4 3_4 fusion-flex-column\" style=\"--awb-bg-size:cover;--awb-width-large:75%;--awb-margin-top-large:0px;--awb-spacing-right-large:2.56%;--awb-margin-bottom-large:20px;--awb-spacing-left-large:2.56%;--awb-width-medium:100%;--awb-order-medium:0;--awb-spacing-right-medium:1.92%;--awb-spacing-left-medium:1.92%;--awb-width-small:100%;--awb-order-small:0;--awb-spacing-right-small:1.92%;--awb-spacing-left-small:1.92%;\" data-scroll-devices=\"small-visibility,medium-visibility,large-visibility\"><div class=\"fusion-column-wrapper fusion-column-has-shadow fusion-flex-justify-content-flex-start fusion-content-layout-column\"><div class=\"fusion-text fusion-text-3\"><p>Gr\u00e2ce \u00e0 nos technologies de diagnostic avanc\u00e9es <strong>(Skin-Test et Body-Test)<\/strong>, nous sommes en mesure d\u2019effectuer une analyse d\u00e9taill\u00e9e et scientifique de ta peau et de ton corps, pour <strong>te conseiller les soins et les produits les plus adapt\u00e9s \u00e0 tes besoins.<br \/>\n<\/strong><\/p>\n<p><em>Avec Beauty Club Boutique, la beaut\u00e9 est entre tes mains et dans notre c\u0153ur !<\/em><\/p>\n<\/div><\/div><\/div><\/div><\/div><\/p>\n","protected":false},"excerpt":{"rendered":"","protected":false},"author":1,"featured_media":0,"parent":0,"menu_order":2,"comment_status":"closed","ping_status":"closed","template":"100-width.php","meta":{"footnotes":""},"class_list":["post-2306","page","type-page","status-publish","hentry"],"yoast_head":"<!-- This site is optimized with the Yoast SEO plugin v27.6 - https:\/\/yoast.com\/product\/yoast-seo-wordpress\/ -->\n<title>Qui sommes-nous - Boutique Beauty Club<\/title>\n<meta name=\"description\" content=\"Depuis plus de 40 ans \u00e0 Losone, Beauty Club Estetica s\u00e9lectionne des cosm\u00e9tiques innovants et s\u00fbrs pour le soin quotidien de ta beaut\u00e9.\" \/>\n<meta name=\"robots\" content=\"index, follow, max-snippet:-1, max-image-preview:large, max-video-preview:-1\" \/>\n<link rel=\"canonical\" href=\"https:\/\/boutiquebeautyclub.ch\/fr\/qui-sommes-nous\/\" \/>\n<meta property=\"og:locale\" content=\"fr_FR\" \/>\n<meta property=\"og:type\" content=\"article\" \/>\n<meta property=\"og:title\" content=\"Qui sommes-nous - Boutique Beauty Club\" \/>\n<meta property=\"og:description\" content=\"Depuis plus de 40 ans \u00e0 Losone, Beauty Club Estetica s\u00e9lectionne des cosm\u00e9tiques innovants et s\u00fbrs pour le soin quotidien de ta beaut\u00e9.\" \/>\n<meta property=\"og:url\" content=\"https:\/\/boutiquebeautyclub.ch\/fr\/qui-sommes-nous\/\" \/>\n<meta property=\"og:site_name\" content=\"Boutique Beauty Club\" \/>\n<meta property=\"article:publisher\" content=\"https:\/\/www.facebook.com\/beautyclubesteticalosone\/\" \/>\n<meta property=\"article:modified_time\" content=\"2026-04-10T17:25:45+00:00\" \/>\n<meta name=\"twitter:card\" content=\"summary_large_image\" \/>\n<meta name=\"twitter:label1\" content=\"Dur\u00e9e de lecture estim\u00e9e\" \/>\n\t<meta name=\"twitter:data1\" content=\"39 minutes\" \/>\n<script type=\"application\/ld+json\" class=\"yoast-schema-graph\">{\"@context\":\"https:\\\/\\\/schema.org\",\"@graph\":[{\"@type\":\"WebPage\",\"@id\":\"https:\\\/\\\/boutiquebeautyclub.ch\\\/fr\\\/qui-sommes-nous\\\/\",\"url\":\"https:\\\/\\\/boutiquebeautyclub.ch\\\/fr\\\/qui-sommes-nous\\\/\",\"name\":\"Qui sommes-nous - Boutique Beauty Club\",\"isPartOf\":{\"@id\":\"https:\\\/\\\/boutiquebeautyclub.ch\\\/fr\\\/#website\"},\"datePublished\":\"2025-07-16T11:50:51+00:00\",\"dateModified\":\"2026-04-10T17:25:45+00:00\",\"description\":\"Depuis plus de 40 ans \u00e0 Losone, Beauty Club Estetica s\u00e9lectionne des cosm\u00e9tiques innovants et s\u00fbrs pour le soin quotidien de ta beaut\u00e9.\",\"breadcrumb\":{\"@id\":\"https:\\\/\\\/boutiquebeautyclub.ch\\\/fr\\\/qui-sommes-nous\\\/#breadcrumb\"},\"inLanguage\":\"fr-FR\",\"potentialAction\":[{\"@type\":\"ReadAction\",\"target\":[\"https:\\\/\\\/boutiquebeautyclub.ch\\\/fr\\\/qui-sommes-nous\\\/\"]}]},{\"@type\":\"BreadcrumbList\",\"@id\":\"https:\\\/\\\/boutiquebeautyclub.ch\\\/fr\\\/qui-sommes-nous\\\/#breadcrumb\",\"itemListElement\":[{\"@type\":\"ListItem\",\"position\":1,\"name\":\"Home\",\"item\":\"https:\\\/\\\/boutiquebeautyclub.ch\\\/fr\\\/\"},{\"@type\":\"ListItem\",\"position\":2,\"name\":\"Qui sommes-nous\"}]},{\"@type\":\"WebSite\",\"@id\":\"https:\\\/\\\/boutiquebeautyclub.ch\\\/fr\\\/#website\",\"url\":\"https:\\\/\\\/boutiquebeautyclub.ch\\\/fr\\\/\",\"name\":\"Boutique Beauty Club\",\"description\":\"Il tuo punto di riferimento per la bellezza e il benessere.\",\"publisher\":{\"@id\":\"https:\\\/\\\/boutiquebeautyclub.ch\\\/fr\\\/#organization\"},\"potentialAction\":[{\"@type\":\"SearchAction\",\"target\":{\"@type\":\"EntryPoint\",\"urlTemplate\":\"https:\\\/\\\/boutiquebeautyclub.ch\\\/fr\\\/?s={search_term_string}\"},\"query-input\":{\"@type\":\"PropertyValueSpecification\",\"valueRequired\":true,\"valueName\":\"search_term_string\"}}],\"inLanguage\":\"fr-FR\"},{\"@type\":\"Organization\",\"@id\":\"https:\\\/\\\/boutiquebeautyclub.ch\\\/fr\\\/#organization\",\"name\":\"Boutique Beauty Club\",\"url\":\"https:\\\/\\\/boutiquebeautyclub.ch\\\/fr\\\/\",\"logo\":{\"@type\":\"ImageObject\",\"inLanguage\":\"fr-FR\",\"@id\":\"https:\\\/\\\/boutiquebeautyclub.ch\\\/fr\\\/#\\\/schema\\\/logo\\\/image\\\/\",\"url\":\"https:\\\/\\\/boutiquebeautyclub.ch\\\/wp-content\\\/uploads\\\/2025\\\/07\\\/logo.png\",\"contentUrl\":\"https:\\\/\\\/boutiquebeautyclub.ch\\\/wp-content\\\/uploads\\\/2025\\\/07\\\/logo.png\",\"width\":600,\"height\":248,\"caption\":\"Boutique Beauty Club\"},\"image\":{\"@id\":\"https:\\\/\\\/boutiquebeautyclub.ch\\\/fr\\\/#\\\/schema\\\/logo\\\/image\\\/\"},\"sameAs\":[\"https:\\\/\\\/www.facebook.com\\\/beautyclubesteticalosone\\\/\",\"https:\\\/\\\/www.instagram.com\\\/beautyclubestetica\\\/?hl=it\"]}]}<\/script>\n<!-- \/ Yoast SEO plugin. -->","yoast_head_json":{"title":"Qui sommes-nous - Boutique Beauty Club","description":"Depuis plus de 40 ans \u00e0 Losone, Beauty Club Estetica s\u00e9lectionne des cosm\u00e9tiques innovants et s\u00fbrs pour le soin quotidien de ta beaut\u00e9.","robots":{"index":"index","follow":"follow","max-snippet":"max-snippet:-1","max-image-preview":"max-image-preview:large","max-video-preview":"max-video-preview:-1"},"canonical":"https:\/\/boutiquebeautyclub.ch\/fr\/qui-sommes-nous\/","og_locale":"fr_FR","og_type":"article","og_title":"Qui sommes-nous - Boutique Beauty Club","og_description":"Depuis plus de 40 ans \u00e0 Losone, Beauty Club Estetica s\u00e9lectionne des cosm\u00e9tiques innovants et s\u00fbrs pour le soin quotidien de ta beaut\u00e9.","og_url":"https:\/\/boutiquebeautyclub.ch\/fr\/qui-sommes-nous\/","og_site_name":"Boutique Beauty Club","article_publisher":"https:\/\/www.facebook.com\/beautyclubesteticalosone\/","article_modified_time":"2026-04-10T17:25:45+00:00","twitter_card":"summary_large_image","twitter_misc":{"Dur\u00e9e de lecture estim\u00e9e":"39 minutes"},"schema":{"@context":"https:\/\/schema.org","@graph":[{"@type":"WebPage","@id":"https:\/\/boutiquebeautyclub.ch\/fr\/qui-sommes-nous\/","url":"https:\/\/boutiquebeautyclub.ch\/fr\/qui-sommes-nous\/","name":"Qui sommes-nous - Boutique Beauty Club","isPartOf":{"@id":"https:\/\/boutiquebeautyclub.ch\/fr\/#website"},"datePublished":"2025-07-16T11:50:51+00:00","dateModified":"2026-04-10T17:25:45+00:00","description":"Depuis plus de 40 ans \u00e0 Losone, Beauty Club Estetica s\u00e9lectionne des cosm\u00e9tiques innovants et s\u00fbrs pour le soin quotidien de ta beaut\u00e9.","breadcrumb":{"@id":"https:\/\/boutiquebeautyclub.ch\/fr\/qui-sommes-nous\/#breadcrumb"},"inLanguage":"fr-FR","potentialAction":[{"@type":"ReadAction","target":["https:\/\/boutiquebeautyclub.ch\/fr\/qui-sommes-nous\/"]}]},{"@type":"BreadcrumbList","@id":"https:\/\/boutiquebeautyclub.ch\/fr\/qui-sommes-nous\/#breadcrumb","itemListElement":[{"@type":"ListItem","position":1,"name":"Home","item":"https:\/\/boutiquebeautyclub.ch\/fr\/"},{"@type":"ListItem","position":2,"name":"Qui sommes-nous"}]},{"@type":"WebSite","@id":"https:\/\/boutiquebeautyclub.ch\/fr\/#website","url":"https:\/\/boutiquebeautyclub.ch\/fr\/","name":"Boutique Beauty Club","description":"Il tuo punto di riferimento per la bellezza e il benessere.","publisher":{"@id":"https:\/\/boutiquebeautyclub.ch\/fr\/#organization"},"potentialAction":[{"@type":"SearchAction","target":{"@type":"EntryPoint","urlTemplate":"https:\/\/boutiquebeautyclub.ch\/fr\/?s={search_term_string}"},"query-input":{"@type":"PropertyValueSpecification","valueRequired":true,"valueName":"search_term_string"}}],"inLanguage":"fr-FR"},{"@type":"Organization","@id":"https:\/\/boutiquebeautyclub.ch\/fr\/#organization","name":"Boutique Beauty Club","url":"https:\/\/boutiquebeautyclub.ch\/fr\/","logo":{"@type":"ImageObject","inLanguage":"fr-FR","@id":"https:\/\/boutiquebeautyclub.ch\/fr\/#\/schema\/logo\/image\/","url":"https:\/\/boutiquebeautyclub.ch\/wp-content\/uploads\/2025\/07\/logo.png","contentUrl":"https:\/\/boutiquebeautyclub.ch\/wp-content\/uploads\/2025\/07\/logo.png","width":600,"height":248,"caption":"Boutique Beauty Club"},"image":{"@id":"https:\/\/boutiquebeautyclub.ch\/fr\/#\/schema\/logo\/image\/"},"sameAs":["https:\/\/www.facebook.com\/beautyclubesteticalosone\/","https:\/\/www.instagram.com\/beautyclubestetica\/?hl=it"]}]}},"_links":{"self":[{"href":"https:\/\/boutiquebeautyclub.ch\/fr\/wp-json\/wp\/v2\/pages\/2306","targetHints":{"allow":["GET"]}}],"collection":[{"href":"https:\/\/boutiquebeautyclub.ch\/fr\/wp-json\/wp\/v2\/pages"}],"about":[{"href":"https:\/\/boutiquebeautyclub.ch\/fr\/wp-json\/wp\/v2\/types\/page"}],"author":[{"embeddable":true,"href":"https:\/\/boutiquebeautyclub.ch\/fr\/wp-json\/wp\/v2\/users\/1"}],"replies":[{"embeddable":true,"href":"https:\/\/boutiquebeautyclub.ch\/fr\/wp-json\/wp\/v2\/comments?post=2306"}],"version-history":[{"count":0,"href":"https:\/\/boutiquebeautyclub.ch\/fr\/wp-json\/wp\/v2\/pages\/2306\/revisions"}],"wp:attachment":[{"href":"https:\/\/boutiquebeautyclub.ch\/fr\/wp-json\/wp\/v2\/media?parent=2306"}],"curies":[{"name":"wp","href":"https:\/\/api.w.org\/{rel}","templated":true}]}}