{"id":2506,"date":"2025-07-16T13:51:41","date_gmt":"2025-07-16T11:51:41","guid":{"rendered":"https:\/\/boutiquebeautyclub.ch\/conditions-generales\/"},"modified":"2026-04-10T19:33:55","modified_gmt":"2026-04-10T17:33:55","slug":"conditions-generales","status":"publish","type":"page","link":"https:\/\/boutiquebeautyclub.ch\/fr\/conditions-generales\/","title":{"rendered":"Conditions g\u00e9n\u00e9rales"},"content":{"rendered":"<div class=\"fusion-fullwidth fullwidth-box fusion-builder-row-1 fusion-flex-container has-pattern-background has-mask-background nonhundred-percent-fullwidth non-hundred-percent-height-scrolling text-normal\" style=\"--awb-border-radius-top-left:0px;--awb-border-radius-top-right:0px;--awb-border-radius-bottom-right:0px;--awb-border-radius-bottom-left:0px;--awb-padding-top:40px;--awb-padding-right:80px;--awb-padding-bottom:40px;--awb-padding-left:80px;--awb-padding-top-medium:35px;--awb-padding-right-medium:70px;--awb-padding-bottom-medium:35px;--awb-padding-left-medium:70px;--awb-padding-top-small:80px;--awb-padding-right-small:40px;--awb-padding-bottom-small:40px;--awb-padding-left-small:40px;--awb-flex-wrap:wrap;\" ><div class=\"fusion-builder-row fusion-row fusion-flex-align-items-center fusion-flex-justify-content-center fusion-flex-content-wrap\" style=\"max-width:2080px;margin-left: calc(-4% \/ 2 );margin-right: calc(-4% \/ 2 );\"><div class=\"fusion-layout-column fusion_builder_column fusion-builder-column-0 fusion_builder_column_3_4 3_4 fusion-flex-column\" style=\"--awb-bg-size:cover;--awb-width-large:75%;--awb-margin-top-large:0px;--awb-spacing-right-large:2.56%;--awb-margin-bottom-large:20px;--awb-spacing-left-large:2.56%;--awb-width-medium:100%;--awb-order-medium:0;--awb-spacing-right-medium:1.92%;--awb-spacing-left-medium:1.92%;--awb-width-small:100%;--awb-order-small:0;--awb-spacing-right-small:1.92%;--awb-spacing-left-small:1.92%;\" data-scroll-devices=\"small-visibility,medium-visibility,large-visibility\"><div class=\"fusion-column-wrapper fusion-column-has-shadow fusion-flex-justify-content-flex-start fusion-content-layout-column\"><div class=\"fusion-title title fusion-title-1 fusion-sep-none fusion-title-text fusion-title-size-two\" style=\"--awb-text-color:var(--awb-color8);--awb-margin-top:40px;--awb-margin-bottom:40px;--awb-margin-top-small:10px;--awb-margin-right-small:0px;--awb-margin-bottom-small:40px;--awb-margin-left-small:0px;--awb-margin-bottom-medium:20px;\"><h2 class=\"fusion-title-heading title-heading-left\" style=\"margin:0;\">Conditions g\u00e9n\u00e9rales<\/h2><\/div><div class=\"fusion-text fusion-text-1\" style=\"--awb-content-alignment:left;\"><p><strong>Conditions g\u00e9n\u00e9rales de vente<\/strong><\/p>\n<p>Les pr\u00e9sentes Conditions G\u00e9n\u00e9rales de Vente (CGV) s&rsquo;appliquent aux relations commerciales entre les acheteurs et Beauty Club Estetica. En commandant les produits et services propos\u00e9s par Beauty Club Estetica, le client d\u00e9clare avoir pris connaissance et accepter int\u00e9gralement les conditions ci-dessous, sans aucune modification. L&rsquo;acheteur des produits reconna\u00eet que la langue originale de ces conditions est l&rsquo;italien ; en cas de divergence ou de contradiction entre les traductions et le texte original en italien, ce dernier pr\u00e9vaudra.  <\/p>\n<p><strong>G\u00e9n\u00e9ralit\u00e9s<\/strong><\/p>\n<p>Beauty Club Estetica g\u00e8re la vente de produits et services du secteur esth\u00e9tique sur le territoire suisse. L&rsquo;objet des pr\u00e9sentes CGV est l&rsquo;achat de produits et services aupr\u00e8s de Beauty Club Estetica via le site internet Beauty Club Boutique (ci-apr\u00e8s : boutique en ligne). Par produits, on entend tous les produits cosm\u00e9tiques et \u00e9quipements en vente sur la boutique en ligne.  <\/p>\n<p><strong>Produits<\/strong><\/p>\n<p>Les conditions de Beauty Club Estetica, accessibles via la boutique en ligne, sont valables pour tous les produits qu&rsquo;elle vend. Beauty Club Estetica pourra \u00e0 tout moment modifier la gamme de produits propos\u00e9s ou en suspendre la fourniture. Les photographies et descriptions des produits et services figurant sur la boutique en ligne sont purement indicatives. Dans certains cas, Beauty Club Estetica se r\u00e9serve le droit de proposer des produits \u00e9quivalents pouvant diff\u00e9rer de ceux photographi\u00e9s ou d\u00e9crits sur la boutique en ligne.   <\/p>\n<p><strong>Conclusion de la vente<\/strong><\/p>\n<p>Le client effectue sa commande de produits via la boutique en ligne. Le choix effectu\u00e9 sera affich\u00e9 dans le panier avant d&rsquo;\u00eatre trait\u00e9. Le client est tenu de communiquer correctement et de mani\u00e8re v\u00e9ridique toutes les donn\u00e9es n\u00e9cessaires \u00e0 la proc\u00e9dure de commande ainsi que de signaler d&rsquo;\u00e9ventuelles modifications lors de futures commandes.  <\/p>\n<p>Pour effectuer une commande en ligne, le client devra saisir son adresse e-mail et ses donn\u00e9es personnelles pour l&rsquo;envoi du produit. \u00c0 la fin de la proc\u00e9dure de commande, il recevra par e-mail une confirmation de la commande. Le contrat est consid\u00e9r\u00e9 comme conclu avec l&rsquo;acceptation de la commande par Beauty Club Estetica.  <\/p>\n<p><strong>Livraison des produits<\/strong><\/p>\n<p>Les d\u00e9lais de livraison ont un caract\u00e8re purement informatif. La livraison des produits s&rsquo;effectue normalement par La Poste. Tout dommage de transport doit \u00eatre notifi\u00e9 imm\u00e9diatement par \u00e9crit au transporteur et \u00e0 Beauty Club Estetica. La force majeure ou d&rsquo;autres circonstances exceptionnelles ou impr\u00e9visibles survenant \u00e0 l&rsquo;\u00e9gard de Beauty Club Estetica ou de nos fournisseurs suspendent les d\u00e9lais de livraison, sans aucune responsabilit\u00e9 pour Beauty Club Estetica.   <\/p>\n<p>Aucun droit \u00e0 indemnisation et\/ou r\u00e9siliation ne peut en aucun cas \u00eatre fait valoir \u00e0 l&rsquo;encontre de Beauty Club Estetica pour d&rsquo;\u00e9ventuels dommages ou retards dans la livraison des produits dus \u00e0 des probl\u00e8mes de transport.<\/p>\n<p>Le client a la possibilit\u00e9, apr\u00e8s accord avec Beauty Club Estetica, de retirer la marchandise directement au si\u00e8ge de Beauty Club Estetica. Dans ce cas, la livraison est gratuite. <\/p>\n<p>Le client est tenu de contr\u00f4ler les produits d\u00e8s qu&rsquo;il les re\u00e7oit. Le client doit communiquer par \u00e9crit \u00e0 Beauty Club Estetica dans les 3 jours ouvrables suivant la date de r\u00e9ception tout vice cach\u00e9 des produits ou non-conformit\u00e9 avec la commande. Si le client ne proc\u00e8de pas comme indiqu\u00e9 ci-dessus, les produits livr\u00e9s sont consid\u00e9r\u00e9s comme accept\u00e9s et conformes.  <\/p>\n<p><strong>Prix<\/strong><\/p>\n<p>Les prix des produits sont \u00e0 comprendre en francs suisses (CHF), TVA incluse. Les frais d&rsquo;exp\u00e9dition des produits s&rsquo;\u00e9l\u00e8vent \u00e0 CHF 12,00 TVA incluse pour les commandes d&rsquo;un montant inf\u00e9rieur \u00e0 CHF 99,99. Au-del\u00e0 de CHF 100,00, les frais d&rsquo;exp\u00e9dition sont gratuits.  <\/p>\n<p>Le prix de vente affich\u00e9 sur la boutique en ligne inclut les \u00e9ventuels frais relatifs au type de paiement. Beauty Club Estetica se r\u00e9serve le droit d&rsquo;appliquer des r\u00e9ductions ou promotions particuli\u00e8res sur un produit ou service achet\u00e9 via la boutique en ligne. <\/p>\n<p><strong>Paiements<\/strong><\/p>\n<p>Les modalit\u00e9s de paiement sont express\u00e9ment indiqu\u00e9es lors de la commande, mais en principe le paiement doit \u00eatre effectu\u00e9 \u00e0 l&rsquo;avance dans les 10 jours suivant la confirmation de la commande sur le compte de Beauty Med Swiss shop indiqu\u00e9 sur la facture. Les paiements sont consid\u00e9r\u00e9s comme effectu\u00e9s uniquement lorsque le montant est d\u00e9finitivement disponible sur le compte. Les produits sont envoy\u00e9s uniquement apr\u00e8s que le montant aura \u00e9t\u00e9 cr\u00e9dit\u00e9.  <\/p>\n<p><strong>R\u00e9serve de propri\u00e9t\u00e9<\/strong><\/p>\n<p>La propri\u00e9t\u00e9 des produits reste \u00e0 Beauty Med Swiss jusqu&rsquo;au paiement complet de tous les montants d\u00e9coulant de l&rsquo;achat effectu\u00e9. Beauty Med Swiss a le droit d&rsquo;enregistrer la r\u00e9serve de propri\u00e9t\u00e9 au domicile du client conform\u00e9ment au Code civil suisse. <\/p>\n<p><strong>Garantie des produits<\/strong><\/p>\n<p>La garantie est donn\u00e9e sur les produits et est limit\u00e9e aux qualit\u00e9s et caract\u00e9ristiques garanties par le fabricant. La garantie n&rsquo;est pas applicable en cas de dommages caus\u00e9s par une utilisation incorrecte, une manipulation erron\u00e9e ou pour d&rsquo;autres causes imputables au client.<\/p>\n<p><strong>Responsabilit\u00e9<\/strong><\/p>\n<p>En cas de violation de ses obligations contractuelles d\u00e9coulant des pr\u00e9sentes CGV, Boutique Beauty Club est responsable, vis-\u00e0-vis du client, des dommages directs et prouv\u00e9s qui ont \u00e9t\u00e9 caus\u00e9s par Boutique Beauty Club avec des intentions contraires \u00e0 la loi ou par n\u00e9gligence grave.<\/p>\n<p>Le client b\u00e9n\u00e9ficie uniquement des droits indiqu\u00e9s express\u00e9ment au point 8. Toute autre pr\u00e9tention du client non express\u00e9ment indiqu\u00e9e est exclue.<\/p>\n<p>La responsabilit\u00e9 de Boutique Beauty Club pour n\u00e9gligence l\u00e9g\u00e8re et pour dommages indirects ou dommages cons\u00e9cutifs est express\u00e9ment exclue. Par dommages cons\u00e9cutifs, on entend en particulier le manque \u00e0 gagner, les dommages \u00e0 la r\u00e9putation et la perte de donn\u00e9es caus\u00e9s par une interruption temporaire de la disponibilit\u00e9 des produits Boutique Beauty Club ainsi que caus\u00e9s par des interruptions des canaux de distribution, des erreurs de transmission, une livraison retard\u00e9e de produits, des erreurs dans l&rsquo;indication des prix ou des descriptions des produits.<\/p>\n<p>Beauty Club Estetica n&rsquo;est pas responsable des liens vers d&rsquo;autres sites internet, du contenu des pages correspondantes, des produits, des services ou d&rsquo;autres offres qui y sont propos\u00e9s.<\/p>\n<p><strong>Dispositions finales<\/strong><\/p>\n<p>Beauty Club Estetica se r\u00e9serve le droit de modifier les pr\u00e9sentes CGV \u00e0 tout moment. Les modifications seront rendues accessibles sur la boutique en ligne de Boutique Beauty Club et entrent en vigueur au moment de leur publication en ligne.<\/p>\n<p><strong>Exp\u00e9dition<\/strong><\/p>\n<p>Les colis sont normalement livr\u00e9s 2 jours apr\u00e8s r\u00e9ception du paiement via UPS avec suivi de la commande et livraison sans signature. Si tu pr\u00e9f\u00e8res recevoir une exp\u00e9dition UPS en recommand\u00e9, des frais suppl\u00e9mentaires seront appliqu\u00e9s. Contacte-nous avant de choisir ce mode de livraison. Nous t&rsquo;enverrons un lien pour le suivi de la commande quel que soit le mode de livraison choisi.<\/p>\n<p>Les frais d&rsquo;exp\u00e9dition comprennent les frais de chargement et d&#8217;emballage ainsi que les frais d&rsquo;exp\u00e9dition. Les frais de chargement sont fixes, tandis que ceux de transport varient en fonction du poids total du colis. Nous te conseillons de combiner plusieurs articles en une seule commande. Il n&rsquo;est pas possible de combiner deux commandes diff\u00e9rentes et les frais d&rsquo;exp\u00e9dition sont calcul\u00e9s s\u00e9par\u00e9ment pour chaque commande. Ton colis sera exp\u00e9di\u00e9 \u00e0 tes risques et p\u00e9rils, mais les marchandises fragiles seront trait\u00e9es avec une attention particuli\u00e8re.<\/p>\n<p>Les cartons d&rsquo;exp\u00e9dition sont d\u00e9coup\u00e9s largement et tes marchandises sont emball\u00e9es de mani\u00e8re bien prot\u00e9g\u00e9e.<\/p>\n<p><u>Retour<\/u><\/p>\n<p>Boutique Beauty Club accorde un d\u00e9lai de 5 jours ouvrables \u00e0 compter de la date de r\u00e9ception de la marchandise pour faire valoir le droit de r\u00e9tractation. Il sera n\u00e9cessaire de demander le retour du produit achet\u00e9 en remplissant la demande appropri\u00e9e sur cette page en ligne : <a href=\"https:\/\/boutiquebeautyclub.ch\/fr\/demande-de-retour\/\"><i>demander le retour<\/i><\/a><\/p>\n<p>Le droit de r\u00e9tractation n&rsquo;est applicable que dans les d\u00e9lais mentionn\u00e9s et pour une marchandise parfaitement intacte dans toutes ses parties, inutilis\u00e9e, emball\u00e9e et revendable. Les \u00e9ventuels retours de marchandise pour d\u00e9fauts ou non-conformit\u00e9 sont \u00e0 convenir avec Boutique Beauty Club. Les retours de produits non autoris\u00e9s pr\u00e9alablement ne seront pas accept\u00e9s.<\/p>\n<p>En g\u00e9n\u00e9ral, ne peuvent pas \u00eatre retourn\u00e9s :<\/p>\n<ul>\n<li>les produits usag\u00e9s ou ouverts ;<\/li>\n<li>les produits en promotion ;<\/li>\n<li>les mat\u00e9riaux de consommation ouverts.<\/li>\n<\/ul>\n<p>Sauf en cas de responsabilit\u00e9 av\u00e9r\u00e9e de la part de Beauty Med Swiss, par exemple en cas d&rsquo;exp\u00e9dition erron\u00e9e, les frais de retour des produits sont \u00e0 la charge du client, m\u00eame en cas de r\u00e9tractation.<\/p>\n<p>En cas d&rsquo;acceptation d&rsquo;un retour par Boutique Beauty Club, une fois v\u00e9rifi\u00e9 que le produit est en parfait \u00e9tat et revendable, Boutique Beauty Club proc\u00e9dera au remboursement dans les 4 semaines de la somme correspondante sur le compte bancaire indiqu\u00e9 par le client.<\/p>\n<\/div><\/div><\/div><\/div><\/div>\n","protected":false},"excerpt":{"rendered":"","protected":false},"author":1,"featured_media":0,"parent":0,"menu_order":100,"comment_status":"closed","ping_status":"closed","template":"100-width.php","meta":{"footnotes":""},"class_list":["post-2506","page","type-page","status-publish","hentry"],"yoast_head":"<!-- This site is optimized with the Yoast SEO plugin v27.6 - https:\/\/yoast.com\/product\/yoast-seo-wordpress\/ -->\n<title>Conditions g\u00e9n\u00e9rales - Boutique Beauty Club<\/title>\n<meta name=\"description\" content=\"Consulte les conditions g\u00e9n\u00e9rales de Beauty Club Estetica : informations sur les achats, exp\u00e9ditions, retours et utilisation de notre boutique en ligne.\" \/>\n<meta name=\"robots\" content=\"index, follow, max-snippet:-1, max-image-preview:large, max-video-preview:-1\" \/>\n<link rel=\"canonical\" href=\"https:\/\/boutiquebeautyclub.ch\/fr\/conditions-generales\/\" \/>\n<meta property=\"og:locale\" content=\"fr_FR\" \/>\n<meta property=\"og:type\" content=\"article\" \/>\n<meta property=\"og:title\" content=\"Conditions g\u00e9n\u00e9rales - Boutique Beauty Club\" \/>\n<meta property=\"og:description\" content=\"Consulte les conditions g\u00e9n\u00e9rales de Beauty Club Estetica : informations sur les achats, exp\u00e9ditions, retours et utilisation de notre boutique en ligne.\" \/>\n<meta property=\"og:url\" content=\"https:\/\/boutiquebeautyclub.ch\/fr\/conditions-generales\/\" \/>\n<meta property=\"og:site_name\" content=\"Boutique Beauty Club\" \/>\n<meta property=\"article:publisher\" content=\"https:\/\/www.facebook.com\/beautyclubesteticalosone\/\" \/>\n<meta property=\"article:modified_time\" content=\"2026-04-10T17:33:55+00:00\" \/>\n<meta name=\"twitter:card\" content=\"summary_large_image\" \/>\n<meta name=\"twitter:label1\" content=\"Dur\u00e9e de lecture estim\u00e9e\" \/>\n\t<meta name=\"twitter:data1\" content=\"14 minutes\" \/>\n<script type=\"application\/ld+json\" class=\"yoast-schema-graph\">{\"@context\":\"https:\\\/\\\/schema.org\",\"@graph\":[{\"@type\":\"WebPage\",\"@id\":\"https:\\\/\\\/boutiquebeautyclub.ch\\\/fr\\\/conditions-generales\\\/\",\"url\":\"https:\\\/\\\/boutiquebeautyclub.ch\\\/fr\\\/conditions-generales\\\/\",\"name\":\"Conditions g\u00e9n\u00e9rales - Boutique Beauty Club\",\"isPartOf\":{\"@id\":\"https:\\\/\\\/boutiquebeautyclub.ch\\\/fr\\\/#website\"},\"datePublished\":\"2025-07-16T11:51:41+00:00\",\"dateModified\":\"2026-04-10T17:33:55+00:00\",\"description\":\"Consulte les conditions g\u00e9n\u00e9rales de Beauty Club Estetica : informations sur les achats, exp\u00e9ditions, retours et utilisation de notre boutique en ligne.\",\"breadcrumb\":{\"@id\":\"https:\\\/\\\/boutiquebeautyclub.ch\\\/fr\\\/conditions-generales\\\/#breadcrumb\"},\"inLanguage\":\"fr-FR\",\"potentialAction\":[{\"@type\":\"ReadAction\",\"target\":[\"https:\\\/\\\/boutiquebeautyclub.ch\\\/fr\\\/conditions-generales\\\/\"]}]},{\"@type\":\"BreadcrumbList\",\"@id\":\"https:\\\/\\\/boutiquebeautyclub.ch\\\/fr\\\/conditions-generales\\\/#breadcrumb\",\"itemListElement\":[{\"@type\":\"ListItem\",\"position\":1,\"name\":\"Home\",\"item\":\"https:\\\/\\\/boutiquebeautyclub.ch\\\/fr\\\/\"},{\"@type\":\"ListItem\",\"position\":2,\"name\":\"Conditions g\u00e9n\u00e9rales\"}]},{\"@type\":\"WebSite\",\"@id\":\"https:\\\/\\\/boutiquebeautyclub.ch\\\/fr\\\/#website\",\"url\":\"https:\\\/\\\/boutiquebeautyclub.ch\\\/fr\\\/\",\"name\":\"Boutique Beauty Club\",\"description\":\"Il tuo punto di riferimento per la bellezza e il benessere.\",\"publisher\":{\"@id\":\"https:\\\/\\\/boutiquebeautyclub.ch\\\/fr\\\/#organization\"},\"potentialAction\":[{\"@type\":\"SearchAction\",\"target\":{\"@type\":\"EntryPoint\",\"urlTemplate\":\"https:\\\/\\\/boutiquebeautyclub.ch\\\/fr\\\/?s={search_term_string}\"},\"query-input\":{\"@type\":\"PropertyValueSpecification\",\"valueRequired\":true,\"valueName\":\"search_term_string\"}}],\"inLanguage\":\"fr-FR\"},{\"@type\":\"Organization\",\"@id\":\"https:\\\/\\\/boutiquebeautyclub.ch\\\/fr\\\/#organization\",\"name\":\"Boutique Beauty Club\",\"url\":\"https:\\\/\\\/boutiquebeautyclub.ch\\\/fr\\\/\",\"logo\":{\"@type\":\"ImageObject\",\"inLanguage\":\"fr-FR\",\"@id\":\"https:\\\/\\\/boutiquebeautyclub.ch\\\/fr\\\/#\\\/schema\\\/logo\\\/image\\\/\",\"url\":\"https:\\\/\\\/boutiquebeautyclub.ch\\\/wp-content\\\/uploads\\\/2025\\\/07\\\/logo.png\",\"contentUrl\":\"https:\\\/\\\/boutiquebeautyclub.ch\\\/wp-content\\\/uploads\\\/2025\\\/07\\\/logo.png\",\"width\":600,\"height\":248,\"caption\":\"Boutique Beauty Club\"},\"image\":{\"@id\":\"https:\\\/\\\/boutiquebeautyclub.ch\\\/fr\\\/#\\\/schema\\\/logo\\\/image\\\/\"},\"sameAs\":[\"https:\\\/\\\/www.facebook.com\\\/beautyclubesteticalosone\\\/\",\"https:\\\/\\\/www.instagram.com\\\/beautyclubestetica\\\/?hl=it\"]}]}<\/script>\n<!-- \/ Yoast SEO plugin. -->","yoast_head_json":{"title":"Conditions g\u00e9n\u00e9rales - Boutique Beauty Club","description":"Consulte les conditions g\u00e9n\u00e9rales de Beauty Club Estetica : informations sur les achats, exp\u00e9ditions, retours et utilisation de notre boutique en ligne.","robots":{"index":"index","follow":"follow","max-snippet":"max-snippet:-1","max-image-preview":"max-image-preview:large","max-video-preview":"max-video-preview:-1"},"canonical":"https:\/\/boutiquebeautyclub.ch\/fr\/conditions-generales\/","og_locale":"fr_FR","og_type":"article","og_title":"Conditions g\u00e9n\u00e9rales - Boutique Beauty Club","og_description":"Consulte les conditions g\u00e9n\u00e9rales de Beauty Club Estetica : informations sur les achats, exp\u00e9ditions, retours et utilisation de notre boutique en ligne.","og_url":"https:\/\/boutiquebeautyclub.ch\/fr\/conditions-generales\/","og_site_name":"Boutique Beauty Club","article_publisher":"https:\/\/www.facebook.com\/beautyclubesteticalosone\/","article_modified_time":"2026-04-10T17:33:55+00:00","twitter_card":"summary_large_image","twitter_misc":{"Dur\u00e9e de lecture estim\u00e9e":"14 minutes"},"schema":{"@context":"https:\/\/schema.org","@graph":[{"@type":"WebPage","@id":"https:\/\/boutiquebeautyclub.ch\/fr\/conditions-generales\/","url":"https:\/\/boutiquebeautyclub.ch\/fr\/conditions-generales\/","name":"Conditions g\u00e9n\u00e9rales - Boutique Beauty Club","isPartOf":{"@id":"https:\/\/boutiquebeautyclub.ch\/fr\/#website"},"datePublished":"2025-07-16T11:51:41+00:00","dateModified":"2026-04-10T17:33:55+00:00","description":"Consulte les conditions g\u00e9n\u00e9rales de Beauty Club Estetica : informations sur les achats, exp\u00e9ditions, retours et utilisation de notre boutique en ligne.","breadcrumb":{"@id":"https:\/\/boutiquebeautyclub.ch\/fr\/conditions-generales\/#breadcrumb"},"inLanguage":"fr-FR","potentialAction":[{"@type":"ReadAction","target":["https:\/\/boutiquebeautyclub.ch\/fr\/conditions-generales\/"]}]},{"@type":"BreadcrumbList","@id":"https:\/\/boutiquebeautyclub.ch\/fr\/conditions-generales\/#breadcrumb","itemListElement":[{"@type":"ListItem","position":1,"name":"Home","item":"https:\/\/boutiquebeautyclub.ch\/fr\/"},{"@type":"ListItem","position":2,"name":"Conditions g\u00e9n\u00e9rales"}]},{"@type":"WebSite","@id":"https:\/\/boutiquebeautyclub.ch\/fr\/#website","url":"https:\/\/boutiquebeautyclub.ch\/fr\/","name":"Boutique Beauty Club","description":"Il tuo punto di riferimento per la bellezza e il benessere.","publisher":{"@id":"https:\/\/boutiquebeautyclub.ch\/fr\/#organization"},"potentialAction":[{"@type":"SearchAction","target":{"@type":"EntryPoint","urlTemplate":"https:\/\/boutiquebeautyclub.ch\/fr\/?s={search_term_string}"},"query-input":{"@type":"PropertyValueSpecification","valueRequired":true,"valueName":"search_term_string"}}],"inLanguage":"fr-FR"},{"@type":"Organization","@id":"https:\/\/boutiquebeautyclub.ch\/fr\/#organization","name":"Boutique Beauty Club","url":"https:\/\/boutiquebeautyclub.ch\/fr\/","logo":{"@type":"ImageObject","inLanguage":"fr-FR","@id":"https:\/\/boutiquebeautyclub.ch\/fr\/#\/schema\/logo\/image\/","url":"https:\/\/boutiquebeautyclub.ch\/wp-content\/uploads\/2025\/07\/logo.png","contentUrl":"https:\/\/boutiquebeautyclub.ch\/wp-content\/uploads\/2025\/07\/logo.png","width":600,"height":248,"caption":"Boutique Beauty Club"},"image":{"@id":"https:\/\/boutiquebeautyclub.ch\/fr\/#\/schema\/logo\/image\/"},"sameAs":["https:\/\/www.facebook.com\/beautyclubesteticalosone\/","https:\/\/www.instagram.com\/beautyclubestetica\/?hl=it"]}]}},"_links":{"self":[{"href":"https:\/\/boutiquebeautyclub.ch\/fr\/wp-json\/wp\/v2\/pages\/2506","targetHints":{"allow":["GET"]}}],"collection":[{"href":"https:\/\/boutiquebeautyclub.ch\/fr\/wp-json\/wp\/v2\/pages"}],"about":[{"href":"https:\/\/boutiquebeautyclub.ch\/fr\/wp-json\/wp\/v2\/types\/page"}],"author":[{"embeddable":true,"href":"https:\/\/boutiquebeautyclub.ch\/fr\/wp-json\/wp\/v2\/users\/1"}],"replies":[{"embeddable":true,"href":"https:\/\/boutiquebeautyclub.ch\/fr\/wp-json\/wp\/v2\/comments?post=2506"}],"version-history":[{"count":0,"href":"https:\/\/boutiquebeautyclub.ch\/fr\/wp-json\/wp\/v2\/pages\/2506\/revisions"}],"wp:attachment":[{"href":"https:\/\/boutiquebeautyclub.ch\/fr\/wp-json\/wp\/v2\/media?parent=2506"}],"curies":[{"name":"wp","href":"https:\/\/api.w.org\/{rel}","templated":true}]}}