{"id":1889,"date":"2025-10-21T14:52:45","date_gmt":"2025-10-21T12:52:45","guid":{"rendered":"https:\/\/boutiquebeautyclub.ch\/prodotto\/sublime-skin-intensive-serum\/"},"modified":"2025-10-21T14:52:45","modified_gmt":"2025-10-21T12:52:45","slug":"sublime-skin-intensive-serum","status":"publish","type":"product","link":"https:\/\/boutiquebeautyclub.ch\/fr\/prodotto\/sublime-skin-intensive-serum\/","title":{"rendered":"Sublime Skin Intensive Serum"},"content":{"rendered":"","protected":false},"excerpt":{"rendered":"<p>Issues des \u00e9tudes sur la s\u00e9nescence cellulaire, les laboratoires [ comfort zone ] ont formul\u00e9 SUBLIME SKIN INTENSIVE SERUM, un soin cosm\u00e9tique visage qui contient des ingr\u00e9dients sp\u00e9cifiques raffermissants et anti-rides tels que l&rsquo;hexapeptide \u00e0 effet tenseur, l&rsquo;acide hyaluronique* macro et l&rsquo;extrait botanique anti-\u00e2ge d&rsquo;Achill\u00e9e issue de l&rsquo;agriculture biologique r\u00e9g\u00e9n\u00e9rative.<br \/>\nCe produit se distingue par son EFFICACIT\u00c9 et sa DURABILIT\u00c9 : Test\u00e9 cliniquement pour r\u00e9duire de 25 % la profondeur des rides** et rendre la peau plus ferme, liss\u00e9e et compacte, formul\u00e9 avec 99 % d&rsquo;ingr\u00e9dients d&rsquo;origine naturelle et avec une texture biomim\u00e9tique qui imite la structure naturelle de la peau pour une absorption optimale.<br \/>\nL&#8217;emballage innovant r\u00e9utilisable avec recharge permet de g\u00e9n\u00e9rer un impact moindre sur l&rsquo;environnement, en r\u00e9duisant de 91 % l&rsquo;utilisation de mat\u00e9riaux en choisissant la recharge pour le r\u00e9achat.<\/p>\n<p>*Sodium hyaluronate **laboratoire ind\u00e9pendant, \u00e9valuation instrumentale, 40 femmes, 28 jours d&rsquo;utilisation.<\/p>\n","protected":false},"featured_media":753,"template":"","meta":[],"product_brand":[],"product_cat":[382,383],"product_tag":[564,702,418,490,685,542,438],"class_list":{"0":"post-1889","1":"product","2":"type-product","3":"status-publish","4":"has-post-thumbnail","6":"product_cat-cosmetiques","7":"product_cat-visage","8":"product_tag-anti-age-2","9":"product_tag-effet-tenseur","10":"product_tag-hydratant","11":"product_tag-regenerant","12":"product_tag-rides","13":"product_tag-serum","14":"product_tag-visage","16":"first","17":"instock","18":"shipping-taxable","19":"purchasable","20":"product-type-variable","21":"has-default-attributes"},"yoast_head":"<!-- This site is optimized with the Yoast SEO plugin v27.6 - https:\/\/yoast.com\/product\/yoast-seo-wordpress\/ -->\n<title>Sublime Skin Intensive Serum - Boutique Beauty Club<\/title>\n<meta name=\"robots\" content=\"index, follow, max-snippet:-1, max-image-preview:large, max-video-preview:-1\" \/>\n<link rel=\"canonical\" href=\"https:\/\/boutiquebeautyclub.ch\/fr\/prodotto\/sublime-skin-intensive-serum\/\" \/>\n<meta property=\"og:locale\" content=\"fr_FR\" \/>\n<meta property=\"og:type\" content=\"article\" \/>\n<meta property=\"og:title\" content=\"Sublime Skin Intensive Serum - Boutique Beauty Club\" \/>\n<meta property=\"og:description\" content=\"Issues des \u00e9tudes sur la s\u00e9nescence cellulaire, les laboratoires [ comfort zone ] ont formul\u00e9 SUBLIME SKIN INTENSIVE SERUM, un soin cosm\u00e9tique visage qui contient des ingr\u00e9dients sp\u00e9cifiques raffermissants et anti-rides tels que l&#039;hexapeptide \u00e0 effet tenseur, l&#039;acide hyaluronique* macro et l&#039;extrait botanique anti-\u00e2ge d&#039;Achill\u00e9e issue de l&#039;agriculture biologique r\u00e9g\u00e9n\u00e9rative. Ce produit se distingue par son EFFICACIT\u00c9 et sa DURABILIT\u00c9 : Test\u00e9 cliniquement pour r\u00e9duire de 25 % la profondeur des rides** et rendre la peau plus ferme, liss\u00e9e et compacte, formul\u00e9 avec 99 % d&#039;ingr\u00e9dients d&#039;origine naturelle et avec une texture biomim\u00e9tique qui imite la structure naturelle de la peau pour une absorption optimale. L&#039;emballage innovant r\u00e9utilisable avec recharge permet de g\u00e9n\u00e9rer un impact moindre sur l&#039;environnement, en r\u00e9duisant de 91 % l&#039;utilisation de mat\u00e9riaux en choisissant la recharge pour le r\u00e9achat. *Sodium hyaluronate **laboratoire ind\u00e9pendant, \u00e9valuation instrumentale, 40 femmes, 28 jours d&#039;utilisation.\" \/>\n<meta property=\"og:url\" content=\"https:\/\/boutiquebeautyclub.ch\/fr\/prodotto\/sublime-skin-intensive-serum\/\" \/>\n<meta property=\"og:site_name\" content=\"Boutique Beauty Club\" \/>\n<meta property=\"article:publisher\" content=\"https:\/\/www.facebook.com\/beautyclubesteticalosone\/\" \/>\n<meta property=\"og:image\" content=\"https:\/\/boutiquebeautyclub.ch\/wp-content\/uploads\/2025\/10\/CZ0030.jpg\" \/>\n\t<meta property=\"og:image:width\" content=\"1200\" \/>\n\t<meta property=\"og:image:height\" content=\"1200\" \/>\n\t<meta property=\"og:image:type\" content=\"image\/jpeg\" \/>\n<meta name=\"twitter:card\" content=\"summary_large_image\" \/>\n<script type=\"application\/ld+json\" class=\"yoast-schema-graph\">{\"@context\":\"https:\\\/\\\/schema.org\",\"@graph\":[{\"@type\":\"WebPage\",\"@id\":\"https:\\\/\\\/boutiquebeautyclub.ch\\\/fr\\\/prodotto\\\/sublime-skin-intensive-serum\\\/\",\"url\":\"https:\\\/\\\/boutiquebeautyclub.ch\\\/fr\\\/prodotto\\\/sublime-skin-intensive-serum\\\/\",\"name\":\"Sublime Skin Intensive Serum - Boutique Beauty Club\",\"isPartOf\":{\"@id\":\"https:\\\/\\\/boutiquebeautyclub.ch\\\/fr\\\/#website\"},\"primaryImageOfPage\":{\"@id\":\"https:\\\/\\\/boutiquebeautyclub.ch\\\/fr\\\/prodotto\\\/sublime-skin-intensive-serum\\\/#primaryimage\"},\"image\":{\"@id\":\"https:\\\/\\\/boutiquebeautyclub.ch\\\/fr\\\/prodotto\\\/sublime-skin-intensive-serum\\\/#primaryimage\"},\"thumbnailUrl\":\"https:\\\/\\\/boutiquebeautyclub.ch\\\/wp-content\\\/uploads\\\/2025\\\/10\\\/CZ0030.jpg\",\"datePublished\":\"2025-10-21T12:52:45+00:00\",\"breadcrumb\":{\"@id\":\"https:\\\/\\\/boutiquebeautyclub.ch\\\/fr\\\/prodotto\\\/sublime-skin-intensive-serum\\\/#breadcrumb\"},\"inLanguage\":\"fr-FR\",\"potentialAction\":[{\"@type\":\"ReadAction\",\"target\":[\"https:\\\/\\\/boutiquebeautyclub.ch\\\/fr\\\/prodotto\\\/sublime-skin-intensive-serum\\\/\"]}]},{\"@type\":\"ImageObject\",\"inLanguage\":\"fr-FR\",\"@id\":\"https:\\\/\\\/boutiquebeautyclub.ch\\\/fr\\\/prodotto\\\/sublime-skin-intensive-serum\\\/#primaryimage\",\"url\":\"https:\\\/\\\/boutiquebeautyclub.ch\\\/wp-content\\\/uploads\\\/2025\\\/10\\\/CZ0030.jpg\",\"contentUrl\":\"https:\\\/\\\/boutiquebeautyclub.ch\\\/wp-content\\\/uploads\\\/2025\\\/10\\\/CZ0030.jpg\",\"width\":1200,\"height\":1200},{\"@type\":\"BreadcrumbList\",\"@id\":\"https:\\\/\\\/boutiquebeautyclub.ch\\\/fr\\\/prodotto\\\/sublime-skin-intensive-serum\\\/#breadcrumb\",\"itemListElement\":[{\"@type\":\"ListItem\",\"position\":1,\"name\":\"Home\",\"item\":\"https:\\\/\\\/boutiquebeautyclub.ch\\\/fr\\\/\"},{\"@type\":\"ListItem\",\"position\":2,\"name\":\"Boutique\",\"item\":\"https:\\\/\\\/boutiquebeautyclub.ch\\\/fr\\\/boutique\\\/\"},{\"@type\":\"ListItem\",\"position\":3,\"name\":\"Sublime Skin Intensive Serum\"}]},{\"@type\":\"WebSite\",\"@id\":\"https:\\\/\\\/boutiquebeautyclub.ch\\\/fr\\\/#website\",\"url\":\"https:\\\/\\\/boutiquebeautyclub.ch\\\/fr\\\/\",\"name\":\"Boutique Beauty Club\",\"description\":\"Il tuo punto di riferimento per la bellezza e il benessere.\",\"publisher\":{\"@id\":\"https:\\\/\\\/boutiquebeautyclub.ch\\\/fr\\\/#organization\"},\"potentialAction\":[{\"@type\":\"SearchAction\",\"target\":{\"@type\":\"EntryPoint\",\"urlTemplate\":\"https:\\\/\\\/boutiquebeautyclub.ch\\\/fr\\\/?s={search_term_string}\"},\"query-input\":{\"@type\":\"PropertyValueSpecification\",\"valueRequired\":true,\"valueName\":\"search_term_string\"}}],\"inLanguage\":\"fr-FR\"},{\"@type\":\"Organization\",\"@id\":\"https:\\\/\\\/boutiquebeautyclub.ch\\\/fr\\\/#organization\",\"name\":\"Boutique Beauty Club\",\"url\":\"https:\\\/\\\/boutiquebeautyclub.ch\\\/fr\\\/\",\"logo\":{\"@type\":\"ImageObject\",\"inLanguage\":\"fr-FR\",\"@id\":\"https:\\\/\\\/boutiquebeautyclub.ch\\\/fr\\\/#\\\/schema\\\/logo\\\/image\\\/\",\"url\":\"https:\\\/\\\/boutiquebeautyclub.ch\\\/wp-content\\\/uploads\\\/2025\\\/07\\\/logo.png\",\"contentUrl\":\"https:\\\/\\\/boutiquebeautyclub.ch\\\/wp-content\\\/uploads\\\/2025\\\/07\\\/logo.png\",\"width\":600,\"height\":248,\"caption\":\"Boutique Beauty Club\"},\"image\":{\"@id\":\"https:\\\/\\\/boutiquebeautyclub.ch\\\/fr\\\/#\\\/schema\\\/logo\\\/image\\\/\"},\"sameAs\":[\"https:\\\/\\\/www.facebook.com\\\/beautyclubesteticalosone\\\/\",\"https:\\\/\\\/www.instagram.com\\\/beautyclubestetica\\\/?hl=it\"]}]}<\/script>\n<!-- \/ Yoast SEO plugin. -->","yoast_head_json":{"title":"Sublime Skin Intensive Serum - Boutique Beauty Club","robots":{"index":"index","follow":"follow","max-snippet":"max-snippet:-1","max-image-preview":"max-image-preview:large","max-video-preview":"max-video-preview:-1"},"canonical":"https:\/\/boutiquebeautyclub.ch\/fr\/prodotto\/sublime-skin-intensive-serum\/","og_locale":"fr_FR","og_type":"article","og_title":"Sublime Skin Intensive Serum - Boutique Beauty Club","og_description":"Issues des \u00e9tudes sur la s\u00e9nescence cellulaire, les laboratoires [ comfort zone ] ont formul\u00e9 SUBLIME SKIN INTENSIVE SERUM, un soin cosm\u00e9tique visage qui contient des ingr\u00e9dients sp\u00e9cifiques raffermissants et anti-rides tels que l'hexapeptide \u00e0 effet tenseur, l'acide hyaluronique* macro et l'extrait botanique anti-\u00e2ge d'Achill\u00e9e issue de l'agriculture biologique r\u00e9g\u00e9n\u00e9rative. Ce produit se distingue par son EFFICACIT\u00c9 et sa DURABILIT\u00c9 : Test\u00e9 cliniquement pour r\u00e9duire de 25 % la profondeur des rides** et rendre la peau plus ferme, liss\u00e9e et compacte, formul\u00e9 avec 99 % d'ingr\u00e9dients d'origine naturelle et avec une texture biomim\u00e9tique qui imite la structure naturelle de la peau pour une absorption optimale. L'emballage innovant r\u00e9utilisable avec recharge permet de g\u00e9n\u00e9rer un impact moindre sur l'environnement, en r\u00e9duisant de 91 % l'utilisation de mat\u00e9riaux en choisissant la recharge pour le r\u00e9achat. *Sodium hyaluronate **laboratoire ind\u00e9pendant, \u00e9valuation instrumentale, 40 femmes, 28 jours d'utilisation.","og_url":"https:\/\/boutiquebeautyclub.ch\/fr\/prodotto\/sublime-skin-intensive-serum\/","og_site_name":"Boutique Beauty Club","article_publisher":"https:\/\/www.facebook.com\/beautyclubesteticalosone\/","og_image":[{"width":1200,"height":1200,"url":"https:\/\/boutiquebeautyclub.ch\/wp-content\/uploads\/2025\/10\/CZ0030.jpg","type":"image\/jpeg"}],"twitter_card":"summary_large_image","schema":{"@context":"https:\/\/schema.org","@graph":[{"@type":"WebPage","@id":"https:\/\/boutiquebeautyclub.ch\/fr\/prodotto\/sublime-skin-intensive-serum\/","url":"https:\/\/boutiquebeautyclub.ch\/fr\/prodotto\/sublime-skin-intensive-serum\/","name":"Sublime Skin Intensive Serum - Boutique Beauty Club","isPartOf":{"@id":"https:\/\/boutiquebeautyclub.ch\/fr\/#website"},"primaryImageOfPage":{"@id":"https:\/\/boutiquebeautyclub.ch\/fr\/prodotto\/sublime-skin-intensive-serum\/#primaryimage"},"image":{"@id":"https:\/\/boutiquebeautyclub.ch\/fr\/prodotto\/sublime-skin-intensive-serum\/#primaryimage"},"thumbnailUrl":"https:\/\/boutiquebeautyclub.ch\/wp-content\/uploads\/2025\/10\/CZ0030.jpg","datePublished":"2025-10-21T12:52:45+00:00","breadcrumb":{"@id":"https:\/\/boutiquebeautyclub.ch\/fr\/prodotto\/sublime-skin-intensive-serum\/#breadcrumb"},"inLanguage":"fr-FR","potentialAction":[{"@type":"ReadAction","target":["https:\/\/boutiquebeautyclub.ch\/fr\/prodotto\/sublime-skin-intensive-serum\/"]}]},{"@type":"ImageObject","inLanguage":"fr-FR","@id":"https:\/\/boutiquebeautyclub.ch\/fr\/prodotto\/sublime-skin-intensive-serum\/#primaryimage","url":"https:\/\/boutiquebeautyclub.ch\/wp-content\/uploads\/2025\/10\/CZ0030.jpg","contentUrl":"https:\/\/boutiquebeautyclub.ch\/wp-content\/uploads\/2025\/10\/CZ0030.jpg","width":1200,"height":1200},{"@type":"BreadcrumbList","@id":"https:\/\/boutiquebeautyclub.ch\/fr\/prodotto\/sublime-skin-intensive-serum\/#breadcrumb","itemListElement":[{"@type":"ListItem","position":1,"name":"Home","item":"https:\/\/boutiquebeautyclub.ch\/fr\/"},{"@type":"ListItem","position":2,"name":"Boutique","item":"https:\/\/boutiquebeautyclub.ch\/fr\/boutique\/"},{"@type":"ListItem","position":3,"name":"Sublime Skin Intensive Serum"}]},{"@type":"WebSite","@id":"https:\/\/boutiquebeautyclub.ch\/fr\/#website","url":"https:\/\/boutiquebeautyclub.ch\/fr\/","name":"Boutique Beauty Club","description":"Il tuo punto di riferimento per la bellezza e il benessere.","publisher":{"@id":"https:\/\/boutiquebeautyclub.ch\/fr\/#organization"},"potentialAction":[{"@type":"SearchAction","target":{"@type":"EntryPoint","urlTemplate":"https:\/\/boutiquebeautyclub.ch\/fr\/?s={search_term_string}"},"query-input":{"@type":"PropertyValueSpecification","valueRequired":true,"valueName":"search_term_string"}}],"inLanguage":"fr-FR"},{"@type":"Organization","@id":"https:\/\/boutiquebeautyclub.ch\/fr\/#organization","name":"Boutique Beauty Club","url":"https:\/\/boutiquebeautyclub.ch\/fr\/","logo":{"@type":"ImageObject","inLanguage":"fr-FR","@id":"https:\/\/boutiquebeautyclub.ch\/fr\/#\/schema\/logo\/image\/","url":"https:\/\/boutiquebeautyclub.ch\/wp-content\/uploads\/2025\/07\/logo.png","contentUrl":"https:\/\/boutiquebeautyclub.ch\/wp-content\/uploads\/2025\/07\/logo.png","width":600,"height":248,"caption":"Boutique Beauty Club"},"image":{"@id":"https:\/\/boutiquebeautyclub.ch\/fr\/#\/schema\/logo\/image\/"},"sameAs":["https:\/\/www.facebook.com\/beautyclubesteticalosone\/","https:\/\/www.instagram.com\/beautyclubestetica\/?hl=it"]}]}},"_links":{"self":[{"href":"https:\/\/boutiquebeautyclub.ch\/fr\/wp-json\/wp\/v2\/product\/1889","targetHints":{"allow":["GET"]}}],"collection":[{"href":"https:\/\/boutiquebeautyclub.ch\/fr\/wp-json\/wp\/v2\/product"}],"about":[{"href":"https:\/\/boutiquebeautyclub.ch\/fr\/wp-json\/wp\/v2\/types\/product"}],"wp:featuredmedia":[{"embeddable":true,"href":"https:\/\/boutiquebeautyclub.ch\/fr\/wp-json\/wp\/v2\/media\/753"}],"wp:attachment":[{"href":"https:\/\/boutiquebeautyclub.ch\/fr\/wp-json\/wp\/v2\/media?parent=1889"}],"wp:term":[{"taxonomy":"product_brand","embeddable":true,"href":"https:\/\/boutiquebeautyclub.ch\/fr\/wp-json\/wp\/v2\/product_brand?post=1889"},{"taxonomy":"product_cat","embeddable":true,"href":"https:\/\/boutiquebeautyclub.ch\/fr\/wp-json\/wp\/v2\/product_cat?post=1889"},{"taxonomy":"product_tag","embeddable":true,"href":"https:\/\/boutiquebeautyclub.ch\/fr\/wp-json\/wp\/v2\/product_tag?post=1889"}],"curies":[{"name":"wp","href":"https:\/\/api.w.org\/{rel}","templated":true}]}}