{"id":1917,"date":"2025-10-21T14:52:43","date_gmt":"2025-10-21T12:52:43","guid":{"rendered":"https:\/\/boutiquebeautyclub.ch\/prodotto\/remedy-cream\/"},"modified":"2025-10-21T14:52:43","modified_gmt":"2025-10-21T12:52:43","slug":"remedy-cream","status":"publish","type":"product","link":"https:\/\/boutiquebeautyclub.ch\/fr\/prodotto\/remedy-cream\/","title":{"rendered":"Remedy Cream"},"content":{"rendered":"","protected":false},"excerpt":{"rendered":"<p>Si tu recherches une cr\u00e8me l\u00e9g\u00e8re \u00e0 l\u2019action apaisante et hydratante pour peaux d\u00e9licates et sensibles, essaie Remedy Cream. Elle renforce les d\u00e9fenses cutan\u00e9es en offrant une agr\u00e9able sensation de confort et d\u2019hydratation.<br \/>\nFormul\u00e9e avec un pr\u00e9biotique d\u2019origine naturelle et de l\u2019huile de marula pour une action qui soutient la fonction de la barri\u00e8re cutan\u00e9e, elle est id\u00e9ale pour les peaux sensibles, sensibilis\u00e9es et sujettes aux rougeurs.<br \/>\n90 % d\u2019ingr\u00e9dients d\u2019origine naturelle. Convient aux vegans. Sans parfum ni silicones.<br \/>\nTexture non grasse et non occlusive.<br \/>\nAction apaisante et hydratante.<br \/>\nId\u00e9ale pour les peaux sensibles, sensibilis\u00e9es et sujettes aux rougeurs.  <\/p>\n","protected":false},"featured_media":747,"template":"","meta":[],"product_brand":[],"product_cat":[382,383],"product_tag":[697,698,440,418,428,636,438],"class_list":{"0":"post-1917","1":"product","2":"type-product","3":"status-publish","4":"has-post-thumbnail","6":"product_cat-cosmetiques","7":"product_cat-visage","8":"product_tag-apaisante","9":"product_tag-barriere-cutanee","10":"product_tag-creme","11":"product_tag-hydratant","12":"product_tag-peau-sensible","13":"product_tag-rougeurs","14":"product_tag-visage","16":"first","17":"instock","18":"shipping-taxable","19":"purchasable","20":"product-type-variable","21":"has-default-attributes"},"yoast_head":"<!-- This site is optimized with the Yoast SEO plugin v27.6 - https:\/\/yoast.com\/product\/yoast-seo-wordpress\/ -->\n<title>Remedy Cream - Boutique Beauty Club<\/title>\n<meta name=\"robots\" content=\"index, follow, max-snippet:-1, max-image-preview:large, max-video-preview:-1\" \/>\n<link rel=\"canonical\" href=\"https:\/\/boutiquebeautyclub.ch\/fr\/prodotto\/remedy-cream\/\" \/>\n<meta property=\"og:locale\" content=\"fr_FR\" \/>\n<meta property=\"og:type\" content=\"article\" \/>\n<meta property=\"og:title\" content=\"Remedy Cream - Boutique Beauty Club\" \/>\n<meta property=\"og:description\" content=\"Si tu recherches une cr\u00e8me l\u00e9g\u00e8re \u00e0 l\u2019action apaisante et hydratante pour peaux d\u00e9licates et sensibles, essaie Remedy Cream. Elle renforce les d\u00e9fenses cutan\u00e9es en offrant une agr\u00e9able sensation de confort et d\u2019hydratation. Formul\u00e9e avec un pr\u00e9biotique d\u2019origine naturelle et de l\u2019huile de marula pour une action qui soutient la fonction de la barri\u00e8re cutan\u00e9e, elle est id\u00e9ale pour les peaux sensibles, sensibilis\u00e9es et sujettes aux rougeurs. 90 % d\u2019ingr\u00e9dients d\u2019origine naturelle. Convient aux vegans. Sans parfum ni silicones. Texture non grasse et non occlusive. Action apaisante et hydratante. Id\u00e9ale pour les peaux sensibles, sensibilis\u00e9es et sujettes aux rougeurs.\" \/>\n<meta property=\"og:url\" content=\"https:\/\/boutiquebeautyclub.ch\/fr\/prodotto\/remedy-cream\/\" \/>\n<meta property=\"og:site_name\" content=\"Boutique Beauty Club\" \/>\n<meta property=\"article:publisher\" content=\"https:\/\/www.facebook.com\/beautyclubesteticalosone\/\" \/>\n<meta property=\"og:image\" content=\"https:\/\/boutiquebeautyclub.ch\/wp-content\/uploads\/2025\/10\/CZ0024.jpg\" \/>\n\t<meta property=\"og:image:width\" content=\"1200\" \/>\n\t<meta property=\"og:image:height\" content=\"1200\" \/>\n\t<meta property=\"og:image:type\" content=\"image\/jpeg\" \/>\n<meta name=\"twitter:card\" content=\"summary_large_image\" \/>\n<script type=\"application\/ld+json\" class=\"yoast-schema-graph\">{\"@context\":\"https:\\\/\\\/schema.org\",\"@graph\":[{\"@type\":\"WebPage\",\"@id\":\"https:\\\/\\\/boutiquebeautyclub.ch\\\/fr\\\/prodotto\\\/remedy-cream\\\/\",\"url\":\"https:\\\/\\\/boutiquebeautyclub.ch\\\/fr\\\/prodotto\\\/remedy-cream\\\/\",\"name\":\"Remedy Cream - Boutique Beauty Club\",\"isPartOf\":{\"@id\":\"https:\\\/\\\/boutiquebeautyclub.ch\\\/fr\\\/#website\"},\"primaryImageOfPage\":{\"@id\":\"https:\\\/\\\/boutiquebeautyclub.ch\\\/fr\\\/prodotto\\\/remedy-cream\\\/#primaryimage\"},\"image\":{\"@id\":\"https:\\\/\\\/boutiquebeautyclub.ch\\\/fr\\\/prodotto\\\/remedy-cream\\\/#primaryimage\"},\"thumbnailUrl\":\"https:\\\/\\\/boutiquebeautyclub.ch\\\/wp-content\\\/uploads\\\/2025\\\/10\\\/CZ0024.jpg\",\"datePublished\":\"2025-10-21T12:52:43+00:00\",\"breadcrumb\":{\"@id\":\"https:\\\/\\\/boutiquebeautyclub.ch\\\/fr\\\/prodotto\\\/remedy-cream\\\/#breadcrumb\"},\"inLanguage\":\"fr-FR\",\"potentialAction\":[{\"@type\":\"ReadAction\",\"target\":[\"https:\\\/\\\/boutiquebeautyclub.ch\\\/fr\\\/prodotto\\\/remedy-cream\\\/\"]}]},{\"@type\":\"ImageObject\",\"inLanguage\":\"fr-FR\",\"@id\":\"https:\\\/\\\/boutiquebeautyclub.ch\\\/fr\\\/prodotto\\\/remedy-cream\\\/#primaryimage\",\"url\":\"https:\\\/\\\/boutiquebeautyclub.ch\\\/wp-content\\\/uploads\\\/2025\\\/10\\\/CZ0024.jpg\",\"contentUrl\":\"https:\\\/\\\/boutiquebeautyclub.ch\\\/wp-content\\\/uploads\\\/2025\\\/10\\\/CZ0024.jpg\",\"width\":1200,\"height\":1200},{\"@type\":\"BreadcrumbList\",\"@id\":\"https:\\\/\\\/boutiquebeautyclub.ch\\\/fr\\\/prodotto\\\/remedy-cream\\\/#breadcrumb\",\"itemListElement\":[{\"@type\":\"ListItem\",\"position\":1,\"name\":\"Home\",\"item\":\"https:\\\/\\\/boutiquebeautyclub.ch\\\/fr\\\/\"},{\"@type\":\"ListItem\",\"position\":2,\"name\":\"Boutique\",\"item\":\"https:\\\/\\\/boutiquebeautyclub.ch\\\/fr\\\/boutique\\\/\"},{\"@type\":\"ListItem\",\"position\":3,\"name\":\"Remedy Cream\"}]},{\"@type\":\"WebSite\",\"@id\":\"https:\\\/\\\/boutiquebeautyclub.ch\\\/fr\\\/#website\",\"url\":\"https:\\\/\\\/boutiquebeautyclub.ch\\\/fr\\\/\",\"name\":\"Boutique Beauty Club\",\"description\":\"Il tuo punto di riferimento per la bellezza e il benessere.\",\"publisher\":{\"@id\":\"https:\\\/\\\/boutiquebeautyclub.ch\\\/fr\\\/#organization\"},\"potentialAction\":[{\"@type\":\"SearchAction\",\"target\":{\"@type\":\"EntryPoint\",\"urlTemplate\":\"https:\\\/\\\/boutiquebeautyclub.ch\\\/fr\\\/?s={search_term_string}\"},\"query-input\":{\"@type\":\"PropertyValueSpecification\",\"valueRequired\":true,\"valueName\":\"search_term_string\"}}],\"inLanguage\":\"fr-FR\"},{\"@type\":\"Organization\",\"@id\":\"https:\\\/\\\/boutiquebeautyclub.ch\\\/fr\\\/#organization\",\"name\":\"Boutique Beauty Club\",\"url\":\"https:\\\/\\\/boutiquebeautyclub.ch\\\/fr\\\/\",\"logo\":{\"@type\":\"ImageObject\",\"inLanguage\":\"fr-FR\",\"@id\":\"https:\\\/\\\/boutiquebeautyclub.ch\\\/fr\\\/#\\\/schema\\\/logo\\\/image\\\/\",\"url\":\"https:\\\/\\\/boutiquebeautyclub.ch\\\/wp-content\\\/uploads\\\/2025\\\/07\\\/logo.png\",\"contentUrl\":\"https:\\\/\\\/boutiquebeautyclub.ch\\\/wp-content\\\/uploads\\\/2025\\\/07\\\/logo.png\",\"width\":600,\"height\":248,\"caption\":\"Boutique Beauty Club\"},\"image\":{\"@id\":\"https:\\\/\\\/boutiquebeautyclub.ch\\\/fr\\\/#\\\/schema\\\/logo\\\/image\\\/\"},\"sameAs\":[\"https:\\\/\\\/www.facebook.com\\\/beautyclubesteticalosone\\\/\",\"https:\\\/\\\/www.instagram.com\\\/beautyclubestetica\\\/?hl=it\"]}]}<\/script>\n<!-- \/ Yoast SEO plugin. -->","yoast_head_json":{"title":"Remedy Cream - Boutique Beauty Club","robots":{"index":"index","follow":"follow","max-snippet":"max-snippet:-1","max-image-preview":"max-image-preview:large","max-video-preview":"max-video-preview:-1"},"canonical":"https:\/\/boutiquebeautyclub.ch\/fr\/prodotto\/remedy-cream\/","og_locale":"fr_FR","og_type":"article","og_title":"Remedy Cream - Boutique Beauty Club","og_description":"Si tu recherches une cr\u00e8me l\u00e9g\u00e8re \u00e0 l\u2019action apaisante et hydratante pour peaux d\u00e9licates et sensibles, essaie Remedy Cream. Elle renforce les d\u00e9fenses cutan\u00e9es en offrant une agr\u00e9able sensation de confort et d\u2019hydratation. Formul\u00e9e avec un pr\u00e9biotique d\u2019origine naturelle et de l\u2019huile de marula pour une action qui soutient la fonction de la barri\u00e8re cutan\u00e9e, elle est id\u00e9ale pour les peaux sensibles, sensibilis\u00e9es et sujettes aux rougeurs. 90 % d\u2019ingr\u00e9dients d\u2019origine naturelle. Convient aux vegans. Sans parfum ni silicones. Texture non grasse et non occlusive. Action apaisante et hydratante. Id\u00e9ale pour les peaux sensibles, sensibilis\u00e9es et sujettes aux rougeurs.","og_url":"https:\/\/boutiquebeautyclub.ch\/fr\/prodotto\/remedy-cream\/","og_site_name":"Boutique Beauty Club","article_publisher":"https:\/\/www.facebook.com\/beautyclubesteticalosone\/","og_image":[{"width":1200,"height":1200,"url":"https:\/\/boutiquebeautyclub.ch\/wp-content\/uploads\/2025\/10\/CZ0024.jpg","type":"image\/jpeg"}],"twitter_card":"summary_large_image","schema":{"@context":"https:\/\/schema.org","@graph":[{"@type":"WebPage","@id":"https:\/\/boutiquebeautyclub.ch\/fr\/prodotto\/remedy-cream\/","url":"https:\/\/boutiquebeautyclub.ch\/fr\/prodotto\/remedy-cream\/","name":"Remedy Cream - Boutique Beauty Club","isPartOf":{"@id":"https:\/\/boutiquebeautyclub.ch\/fr\/#website"},"primaryImageOfPage":{"@id":"https:\/\/boutiquebeautyclub.ch\/fr\/prodotto\/remedy-cream\/#primaryimage"},"image":{"@id":"https:\/\/boutiquebeautyclub.ch\/fr\/prodotto\/remedy-cream\/#primaryimage"},"thumbnailUrl":"https:\/\/boutiquebeautyclub.ch\/wp-content\/uploads\/2025\/10\/CZ0024.jpg","datePublished":"2025-10-21T12:52:43+00:00","breadcrumb":{"@id":"https:\/\/boutiquebeautyclub.ch\/fr\/prodotto\/remedy-cream\/#breadcrumb"},"inLanguage":"fr-FR","potentialAction":[{"@type":"ReadAction","target":["https:\/\/boutiquebeautyclub.ch\/fr\/prodotto\/remedy-cream\/"]}]},{"@type":"ImageObject","inLanguage":"fr-FR","@id":"https:\/\/boutiquebeautyclub.ch\/fr\/prodotto\/remedy-cream\/#primaryimage","url":"https:\/\/boutiquebeautyclub.ch\/wp-content\/uploads\/2025\/10\/CZ0024.jpg","contentUrl":"https:\/\/boutiquebeautyclub.ch\/wp-content\/uploads\/2025\/10\/CZ0024.jpg","width":1200,"height":1200},{"@type":"BreadcrumbList","@id":"https:\/\/boutiquebeautyclub.ch\/fr\/prodotto\/remedy-cream\/#breadcrumb","itemListElement":[{"@type":"ListItem","position":1,"name":"Home","item":"https:\/\/boutiquebeautyclub.ch\/fr\/"},{"@type":"ListItem","position":2,"name":"Boutique","item":"https:\/\/boutiquebeautyclub.ch\/fr\/boutique\/"},{"@type":"ListItem","position":3,"name":"Remedy Cream"}]},{"@type":"WebSite","@id":"https:\/\/boutiquebeautyclub.ch\/fr\/#website","url":"https:\/\/boutiquebeautyclub.ch\/fr\/","name":"Boutique Beauty Club","description":"Il tuo punto di riferimento per la bellezza e il benessere.","publisher":{"@id":"https:\/\/boutiquebeautyclub.ch\/fr\/#organization"},"potentialAction":[{"@type":"SearchAction","target":{"@type":"EntryPoint","urlTemplate":"https:\/\/boutiquebeautyclub.ch\/fr\/?s={search_term_string}"},"query-input":{"@type":"PropertyValueSpecification","valueRequired":true,"valueName":"search_term_string"}}],"inLanguage":"fr-FR"},{"@type":"Organization","@id":"https:\/\/boutiquebeautyclub.ch\/fr\/#organization","name":"Boutique Beauty Club","url":"https:\/\/boutiquebeautyclub.ch\/fr\/","logo":{"@type":"ImageObject","inLanguage":"fr-FR","@id":"https:\/\/boutiquebeautyclub.ch\/fr\/#\/schema\/logo\/image\/","url":"https:\/\/boutiquebeautyclub.ch\/wp-content\/uploads\/2025\/07\/logo.png","contentUrl":"https:\/\/boutiquebeautyclub.ch\/wp-content\/uploads\/2025\/07\/logo.png","width":600,"height":248,"caption":"Boutique Beauty Club"},"image":{"@id":"https:\/\/boutiquebeautyclub.ch\/fr\/#\/schema\/logo\/image\/"},"sameAs":["https:\/\/www.facebook.com\/beautyclubesteticalosone\/","https:\/\/www.instagram.com\/beautyclubestetica\/?hl=it"]}]}},"_links":{"self":[{"href":"https:\/\/boutiquebeautyclub.ch\/fr\/wp-json\/wp\/v2\/product\/1917","targetHints":{"allow":["GET"]}}],"collection":[{"href":"https:\/\/boutiquebeautyclub.ch\/fr\/wp-json\/wp\/v2\/product"}],"about":[{"href":"https:\/\/boutiquebeautyclub.ch\/fr\/wp-json\/wp\/v2\/types\/product"}],"wp:featuredmedia":[{"embeddable":true,"href":"https:\/\/boutiquebeautyclub.ch\/fr\/wp-json\/wp\/v2\/media\/747"}],"wp:attachment":[{"href":"https:\/\/boutiquebeautyclub.ch\/fr\/wp-json\/wp\/v2\/media?parent=1917"}],"wp:term":[{"taxonomy":"product_brand","embeddable":true,"href":"https:\/\/boutiquebeautyclub.ch\/fr\/wp-json\/wp\/v2\/product_brand?post=1917"},{"taxonomy":"product_cat","embeddable":true,"href":"https:\/\/boutiquebeautyclub.ch\/fr\/wp-json\/wp\/v2\/product_cat?post=1917"},{"taxonomy":"product_tag","embeddable":true,"href":"https:\/\/boutiquebeautyclub.ch\/fr\/wp-json\/wp\/v2\/product_tag?post=1917"}],"curies":[{"name":"wp","href":"https:\/\/api.w.org\/{rel}","templated":true}]}}