{"id":1946,"date":"2025-10-21T14:52:42","date_gmt":"2025-10-21T12:52:42","guid":{"rendered":"https:\/\/boutiquebeautyclub.ch\/prodotto\/hydramemory-face-mist\/"},"modified":"2025-10-21T14:52:42","modified_gmt":"2025-10-21T12:52:42","slug":"hydramemory-face-mist","status":"publish","type":"product","link":"https:\/\/boutiquebeautyclub.ch\/fr\/prodotto\/hydramemory-face-mist\/","title":{"rendered":"Hydramemory Face Mist"},"content":{"rendered":"","protected":false},"excerpt":{"rendered":"<p>Rafra\u00eechis ta peau o\u00f9 que tu sois avec la nouvelle Hydramemory Face Mist. Cette brume ultra-fine sans alcool, test\u00e9e pour hydrater imm\u00e9diatement la peau, est la solution parfaite \u00e0 emporter partout avec toi. Sa formule v\u00e9gane, enrichie en extrait de figue de Barbarie issue de l\u2019agriculture biologique r\u00e9g\u00e9n\u00e9ratrice et en b\u00e9ta\u00efne, aide la peau \u00e0 para\u00eetre plus lumineuse et fra\u00eeche. 99,2 % d\u2019ingr\u00e9dients d\u2019origine naturelle   <\/p>\n","protected":false},"featured_media":743,"template":"","meta":[],"product_brand":[],"product_cat":[382,383],"product_tag":[418,561,426,718,438],"class_list":{"0":"post-1946","1":"product","2":"type-product","3":"status-publish","4":"has-post-thumbnail","6":"product_cat-cosmetiques","7":"product_cat-visage","8":"product_tag-hydratant","9":"product_tag-illuminateur","10":"product_tag-rafraichissant","11":"product_tag-spray","12":"product_tag-visage","14":"first","15":"instock","16":"shipping-taxable","17":"purchasable","18":"product-type-variable","19":"has-default-attributes"},"yoast_head":"<!-- This site is optimized with the Yoast SEO plugin v27.6 - https:\/\/yoast.com\/product\/yoast-seo-wordpress\/ -->\n<title>Hydramemory Face Mist - Boutique Beauty Club<\/title>\n<meta name=\"robots\" content=\"index, follow, max-snippet:-1, max-image-preview:large, max-video-preview:-1\" \/>\n<link rel=\"canonical\" href=\"https:\/\/boutiquebeautyclub.ch\/fr\/prodotto\/hydramemory-face-mist\/\" \/>\n<meta property=\"og:locale\" content=\"fr_FR\" \/>\n<meta property=\"og:type\" content=\"article\" \/>\n<meta property=\"og:title\" content=\"Hydramemory Face Mist - Boutique Beauty Club\" \/>\n<meta property=\"og:description\" content=\"Rafra\u00eechis ta peau o\u00f9 que tu sois avec la nouvelle Hydramemory Face Mist. Cette brume ultra-fine sans alcool, test\u00e9e pour hydrater imm\u00e9diatement la peau, est la solution parfaite \u00e0 emporter partout avec toi. Sa formule v\u00e9gane, enrichie en extrait de figue de Barbarie issue de l\u2019agriculture biologique r\u00e9g\u00e9n\u00e9ratrice et en b\u00e9ta\u00efne, aide la peau \u00e0 para\u00eetre plus lumineuse et fra\u00eeche. 99,2 % d\u2019ingr\u00e9dients d\u2019origine naturelle\" \/>\n<meta property=\"og:url\" content=\"https:\/\/boutiquebeautyclub.ch\/fr\/prodotto\/hydramemory-face-mist\/\" \/>\n<meta property=\"og:site_name\" content=\"Boutique Beauty Club\" \/>\n<meta property=\"article:publisher\" content=\"https:\/\/www.facebook.com\/beautyclubesteticalosone\/\" \/>\n<meta property=\"og:image\" content=\"https:\/\/boutiquebeautyclub.ch\/wp-content\/uploads\/2025\/10\/CZ0020.jpg\" \/>\n\t<meta property=\"og:image:width\" content=\"1200\" \/>\n\t<meta property=\"og:image:height\" content=\"1200\" \/>\n\t<meta property=\"og:image:type\" content=\"image\/jpeg\" \/>\n<meta name=\"twitter:card\" content=\"summary_large_image\" \/>\n<script type=\"application\/ld+json\" class=\"yoast-schema-graph\">{\"@context\":\"https:\\\/\\\/schema.org\",\"@graph\":[{\"@type\":\"WebPage\",\"@id\":\"https:\\\/\\\/boutiquebeautyclub.ch\\\/fr\\\/prodotto\\\/hydramemory-face-mist\\\/\",\"url\":\"https:\\\/\\\/boutiquebeautyclub.ch\\\/fr\\\/prodotto\\\/hydramemory-face-mist\\\/\",\"name\":\"Hydramemory Face Mist - Boutique Beauty Club\",\"isPartOf\":{\"@id\":\"https:\\\/\\\/boutiquebeautyclub.ch\\\/fr\\\/#website\"},\"primaryImageOfPage\":{\"@id\":\"https:\\\/\\\/boutiquebeautyclub.ch\\\/fr\\\/prodotto\\\/hydramemory-face-mist\\\/#primaryimage\"},\"image\":{\"@id\":\"https:\\\/\\\/boutiquebeautyclub.ch\\\/fr\\\/prodotto\\\/hydramemory-face-mist\\\/#primaryimage\"},\"thumbnailUrl\":\"https:\\\/\\\/boutiquebeautyclub.ch\\\/wp-content\\\/uploads\\\/2025\\\/10\\\/CZ0020.jpg\",\"datePublished\":\"2025-10-21T12:52:42+00:00\",\"breadcrumb\":{\"@id\":\"https:\\\/\\\/boutiquebeautyclub.ch\\\/fr\\\/prodotto\\\/hydramemory-face-mist\\\/#breadcrumb\"},\"inLanguage\":\"fr-FR\",\"potentialAction\":[{\"@type\":\"ReadAction\",\"target\":[\"https:\\\/\\\/boutiquebeautyclub.ch\\\/fr\\\/prodotto\\\/hydramemory-face-mist\\\/\"]}]},{\"@type\":\"ImageObject\",\"inLanguage\":\"fr-FR\",\"@id\":\"https:\\\/\\\/boutiquebeautyclub.ch\\\/fr\\\/prodotto\\\/hydramemory-face-mist\\\/#primaryimage\",\"url\":\"https:\\\/\\\/boutiquebeautyclub.ch\\\/wp-content\\\/uploads\\\/2025\\\/10\\\/CZ0020.jpg\",\"contentUrl\":\"https:\\\/\\\/boutiquebeautyclub.ch\\\/wp-content\\\/uploads\\\/2025\\\/10\\\/CZ0020.jpg\",\"width\":1200,\"height\":1200},{\"@type\":\"BreadcrumbList\",\"@id\":\"https:\\\/\\\/boutiquebeautyclub.ch\\\/fr\\\/prodotto\\\/hydramemory-face-mist\\\/#breadcrumb\",\"itemListElement\":[{\"@type\":\"ListItem\",\"position\":1,\"name\":\"Home\",\"item\":\"https:\\\/\\\/boutiquebeautyclub.ch\\\/fr\\\/\"},{\"@type\":\"ListItem\",\"position\":2,\"name\":\"Boutique\",\"item\":\"https:\\\/\\\/boutiquebeautyclub.ch\\\/fr\\\/boutique\\\/\"},{\"@type\":\"ListItem\",\"position\":3,\"name\":\"Hydramemory Face Mist\"}]},{\"@type\":\"WebSite\",\"@id\":\"https:\\\/\\\/boutiquebeautyclub.ch\\\/fr\\\/#website\",\"url\":\"https:\\\/\\\/boutiquebeautyclub.ch\\\/fr\\\/\",\"name\":\"Boutique Beauty Club\",\"description\":\"Il tuo punto di riferimento per la bellezza e il benessere.\",\"publisher\":{\"@id\":\"https:\\\/\\\/boutiquebeautyclub.ch\\\/fr\\\/#organization\"},\"potentialAction\":[{\"@type\":\"SearchAction\",\"target\":{\"@type\":\"EntryPoint\",\"urlTemplate\":\"https:\\\/\\\/boutiquebeautyclub.ch\\\/fr\\\/?s={search_term_string}\"},\"query-input\":{\"@type\":\"PropertyValueSpecification\",\"valueRequired\":true,\"valueName\":\"search_term_string\"}}],\"inLanguage\":\"fr-FR\"},{\"@type\":\"Organization\",\"@id\":\"https:\\\/\\\/boutiquebeautyclub.ch\\\/fr\\\/#organization\",\"name\":\"Boutique Beauty Club\",\"url\":\"https:\\\/\\\/boutiquebeautyclub.ch\\\/fr\\\/\",\"logo\":{\"@type\":\"ImageObject\",\"inLanguage\":\"fr-FR\",\"@id\":\"https:\\\/\\\/boutiquebeautyclub.ch\\\/fr\\\/#\\\/schema\\\/logo\\\/image\\\/\",\"url\":\"https:\\\/\\\/boutiquebeautyclub.ch\\\/wp-content\\\/uploads\\\/2025\\\/07\\\/logo.png\",\"contentUrl\":\"https:\\\/\\\/boutiquebeautyclub.ch\\\/wp-content\\\/uploads\\\/2025\\\/07\\\/logo.png\",\"width\":600,\"height\":248,\"caption\":\"Boutique Beauty Club\"},\"image\":{\"@id\":\"https:\\\/\\\/boutiquebeautyclub.ch\\\/fr\\\/#\\\/schema\\\/logo\\\/image\\\/\"},\"sameAs\":[\"https:\\\/\\\/www.facebook.com\\\/beautyclubesteticalosone\\\/\",\"https:\\\/\\\/www.instagram.com\\\/beautyclubestetica\\\/?hl=it\"]}]}<\/script>\n<!-- \/ Yoast SEO plugin. -->","yoast_head_json":{"title":"Hydramemory Face Mist - Boutique Beauty Club","robots":{"index":"index","follow":"follow","max-snippet":"max-snippet:-1","max-image-preview":"max-image-preview:large","max-video-preview":"max-video-preview:-1"},"canonical":"https:\/\/boutiquebeautyclub.ch\/fr\/prodotto\/hydramemory-face-mist\/","og_locale":"fr_FR","og_type":"article","og_title":"Hydramemory Face Mist - Boutique Beauty Club","og_description":"Rafra\u00eechis ta peau o\u00f9 que tu sois avec la nouvelle Hydramemory Face Mist. Cette brume ultra-fine sans alcool, test\u00e9e pour hydrater imm\u00e9diatement la peau, est la solution parfaite \u00e0 emporter partout avec toi. Sa formule v\u00e9gane, enrichie en extrait de figue de Barbarie issue de l\u2019agriculture biologique r\u00e9g\u00e9n\u00e9ratrice et en b\u00e9ta\u00efne, aide la peau \u00e0 para\u00eetre plus lumineuse et fra\u00eeche. 99,2 % d\u2019ingr\u00e9dients d\u2019origine naturelle","og_url":"https:\/\/boutiquebeautyclub.ch\/fr\/prodotto\/hydramemory-face-mist\/","og_site_name":"Boutique Beauty Club","article_publisher":"https:\/\/www.facebook.com\/beautyclubesteticalosone\/","og_image":[{"width":1200,"height":1200,"url":"https:\/\/boutiquebeautyclub.ch\/wp-content\/uploads\/2025\/10\/CZ0020.jpg","type":"image\/jpeg"}],"twitter_card":"summary_large_image","schema":{"@context":"https:\/\/schema.org","@graph":[{"@type":"WebPage","@id":"https:\/\/boutiquebeautyclub.ch\/fr\/prodotto\/hydramemory-face-mist\/","url":"https:\/\/boutiquebeautyclub.ch\/fr\/prodotto\/hydramemory-face-mist\/","name":"Hydramemory Face Mist - Boutique Beauty Club","isPartOf":{"@id":"https:\/\/boutiquebeautyclub.ch\/fr\/#website"},"primaryImageOfPage":{"@id":"https:\/\/boutiquebeautyclub.ch\/fr\/prodotto\/hydramemory-face-mist\/#primaryimage"},"image":{"@id":"https:\/\/boutiquebeautyclub.ch\/fr\/prodotto\/hydramemory-face-mist\/#primaryimage"},"thumbnailUrl":"https:\/\/boutiquebeautyclub.ch\/wp-content\/uploads\/2025\/10\/CZ0020.jpg","datePublished":"2025-10-21T12:52:42+00:00","breadcrumb":{"@id":"https:\/\/boutiquebeautyclub.ch\/fr\/prodotto\/hydramemory-face-mist\/#breadcrumb"},"inLanguage":"fr-FR","potentialAction":[{"@type":"ReadAction","target":["https:\/\/boutiquebeautyclub.ch\/fr\/prodotto\/hydramemory-face-mist\/"]}]},{"@type":"ImageObject","inLanguage":"fr-FR","@id":"https:\/\/boutiquebeautyclub.ch\/fr\/prodotto\/hydramemory-face-mist\/#primaryimage","url":"https:\/\/boutiquebeautyclub.ch\/wp-content\/uploads\/2025\/10\/CZ0020.jpg","contentUrl":"https:\/\/boutiquebeautyclub.ch\/wp-content\/uploads\/2025\/10\/CZ0020.jpg","width":1200,"height":1200},{"@type":"BreadcrumbList","@id":"https:\/\/boutiquebeautyclub.ch\/fr\/prodotto\/hydramemory-face-mist\/#breadcrumb","itemListElement":[{"@type":"ListItem","position":1,"name":"Home","item":"https:\/\/boutiquebeautyclub.ch\/fr\/"},{"@type":"ListItem","position":2,"name":"Boutique","item":"https:\/\/boutiquebeautyclub.ch\/fr\/boutique\/"},{"@type":"ListItem","position":3,"name":"Hydramemory Face Mist"}]},{"@type":"WebSite","@id":"https:\/\/boutiquebeautyclub.ch\/fr\/#website","url":"https:\/\/boutiquebeautyclub.ch\/fr\/","name":"Boutique Beauty Club","description":"Il tuo punto di riferimento per la bellezza e il benessere.","publisher":{"@id":"https:\/\/boutiquebeautyclub.ch\/fr\/#organization"},"potentialAction":[{"@type":"SearchAction","target":{"@type":"EntryPoint","urlTemplate":"https:\/\/boutiquebeautyclub.ch\/fr\/?s={search_term_string}"},"query-input":{"@type":"PropertyValueSpecification","valueRequired":true,"valueName":"search_term_string"}}],"inLanguage":"fr-FR"},{"@type":"Organization","@id":"https:\/\/boutiquebeautyclub.ch\/fr\/#organization","name":"Boutique Beauty Club","url":"https:\/\/boutiquebeautyclub.ch\/fr\/","logo":{"@type":"ImageObject","inLanguage":"fr-FR","@id":"https:\/\/boutiquebeautyclub.ch\/fr\/#\/schema\/logo\/image\/","url":"https:\/\/boutiquebeautyclub.ch\/wp-content\/uploads\/2025\/07\/logo.png","contentUrl":"https:\/\/boutiquebeautyclub.ch\/wp-content\/uploads\/2025\/07\/logo.png","width":600,"height":248,"caption":"Boutique Beauty Club"},"image":{"@id":"https:\/\/boutiquebeautyclub.ch\/fr\/#\/schema\/logo\/image\/"},"sameAs":["https:\/\/www.facebook.com\/beautyclubesteticalosone\/","https:\/\/www.instagram.com\/beautyclubestetica\/?hl=it"]}]}},"_links":{"self":[{"href":"https:\/\/boutiquebeautyclub.ch\/fr\/wp-json\/wp\/v2\/product\/1946","targetHints":{"allow":["GET"]}}],"collection":[{"href":"https:\/\/boutiquebeautyclub.ch\/fr\/wp-json\/wp\/v2\/product"}],"about":[{"href":"https:\/\/boutiquebeautyclub.ch\/fr\/wp-json\/wp\/v2\/types\/product"}],"wp:featuredmedia":[{"embeddable":true,"href":"https:\/\/boutiquebeautyclub.ch\/fr\/wp-json\/wp\/v2\/media\/743"}],"wp:attachment":[{"href":"https:\/\/boutiquebeautyclub.ch\/fr\/wp-json\/wp\/v2\/media?parent=1946"}],"wp:term":[{"taxonomy":"product_brand","embeddable":true,"href":"https:\/\/boutiquebeautyclub.ch\/fr\/wp-json\/wp\/v2\/product_brand?post=1946"},{"taxonomy":"product_cat","embeddable":true,"href":"https:\/\/boutiquebeautyclub.ch\/fr\/wp-json\/wp\/v2\/product_cat?post=1946"},{"taxonomy":"product_tag","embeddable":true,"href":"https:\/\/boutiquebeautyclub.ch\/fr\/wp-json\/wp\/v2\/product_tag?post=1946"}],"curies":[{"name":"wp","href":"https:\/\/api.w.org\/{rel}","templated":true}]}}