{"id":2106,"date":"2025-10-21T15:03:04","date_gmt":"2025-10-21T13:03:04","guid":{"rendered":"https:\/\/boutiquebeautyclub.ch\/prodotto\/creme-phyto-yeux-et-levres\/"},"modified":"2025-10-21T15:03:04","modified_gmt":"2025-10-21T13:03:04","slug":"creme-phyto-yeux-et-levres","status":"publish","type":"product","link":"https:\/\/boutiquebeautyclub.ch\/fr\/prodotto\/creme-phyto-yeux-et-levres\/","title":{"rendered":"Cr\u00e8me Phyto yeux et l\u00e8vres"},"content":{"rendered":"","protected":false},"excerpt":{"rendered":"<p>Vieillir en beaut\u00e9 gr\u00e2ce \u00e0 une tonicit\u00e9 et une \u00e9lasticit\u00e9 accrues, pour une peau affin\u00e9e du contour des yeux et des l\u00e8vres. Soin intensif sp\u00e9cial, protecteur et r\u00e9g\u00e9n\u00e9rant cellulaire aux actifs v\u00e9g\u00e9taux et probiotiques, pour une peau renforc\u00e9e. Les huiles et lipides v\u00e9g\u00e9taux favorisent l\u2019hydratation et garantissent fra\u00eecheur et \u00e9clat.  <\/p>\n","protected":false},"featured_media":2107,"template":"","meta":[],"product_brand":[],"product_cat":[382,383],"product_tag":[778,569,768,779,561,740,490,777,438,568],"class_list":{"0":"post-2106","1":"product","2":"type-product","3":"status-publish","4":"has-post-thumbnail","6":"product_cat-cosmetiques","7":"product_cat-visage","8":"product_tag-contour-des-levres","9":"product_tag-contour-des-yeux","10":"product_tag-elasticite-2","11":"product_tag-fortifiant-2","12":"product_tag-illuminateur","13":"product_tag-levres","14":"product_tag-regenerant","15":"product_tag-tonifiant","16":"product_tag-visage","17":"product_tag-yeux","19":"first","20":"instock","21":"shipping-taxable","22":"purchasable","23":"product-type-simple"},"yoast_head":"<!-- This site is optimized with the Yoast SEO plugin v27.6 - https:\/\/yoast.com\/product\/yoast-seo-wordpress\/ -->\n<title>Cr\u00e8me Phyto yeux et l\u00e8vres - Boutique Beauty Club<\/title>\n<meta name=\"robots\" content=\"index, follow, max-snippet:-1, max-image-preview:large, max-video-preview:-1\" \/>\n<link rel=\"canonical\" href=\"https:\/\/boutiquebeautyclub.ch\/fr\/prodotto\/creme-phyto-yeux-et-levres\/\" \/>\n<meta property=\"og:locale\" content=\"fr_FR\" \/>\n<meta property=\"og:type\" content=\"article\" \/>\n<meta property=\"og:title\" content=\"Cr\u00e8me Phyto yeux et l\u00e8vres - Boutique Beauty Club\" \/>\n<meta property=\"og:description\" content=\"Vieillir en beaut\u00e9 gr\u00e2ce \u00e0 une tonicit\u00e9 et une \u00e9lasticit\u00e9 accrues, pour une peau affin\u00e9e du contour des yeux et des l\u00e8vres. Soin intensif sp\u00e9cial, protecteur et r\u00e9g\u00e9n\u00e9rant cellulaire aux actifs v\u00e9g\u00e9taux et probiotiques, pour une peau renforc\u00e9e. Les huiles et lipides v\u00e9g\u00e9taux favorisent l\u2019hydratation et garantissent fra\u00eecheur et \u00e9clat.\" \/>\n<meta property=\"og:url\" content=\"https:\/\/boutiquebeautyclub.ch\/fr\/prodotto\/creme-phyto-yeux-et-levres\/\" \/>\n<meta property=\"og:site_name\" content=\"Boutique Beauty Club\" \/>\n<meta property=\"article:publisher\" content=\"https:\/\/www.facebook.com\/beautyclubesteticalosone\/\" \/>\n<meta property=\"og:image\" content=\"https:\/\/boutiquebeautyclub.ch\/wp-content\/uploads\/2025\/10\/DFL240.jpg\" \/>\n\t<meta property=\"og:image:width\" content=\"800\" \/>\n\t<meta property=\"og:image:height\" content=\"800\" \/>\n\t<meta property=\"og:image:type\" content=\"image\/jpeg\" \/>\n<meta name=\"twitter:card\" content=\"summary_large_image\" \/>\n<script type=\"application\/ld+json\" class=\"yoast-schema-graph\">{\"@context\":\"https:\\\/\\\/schema.org\",\"@graph\":[{\"@type\":\"WebPage\",\"@id\":\"https:\\\/\\\/boutiquebeautyclub.ch\\\/fr\\\/prodotto\\\/creme-phyto-yeux-et-levres\\\/\",\"url\":\"https:\\\/\\\/boutiquebeautyclub.ch\\\/fr\\\/prodotto\\\/creme-phyto-yeux-et-levres\\\/\",\"name\":\"Cr\u00e8me Phyto yeux et l\u00e8vres - Boutique Beauty Club\",\"isPartOf\":{\"@id\":\"https:\\\/\\\/boutiquebeautyclub.ch\\\/fr\\\/#website\"},\"primaryImageOfPage\":{\"@id\":\"https:\\\/\\\/boutiquebeautyclub.ch\\\/fr\\\/prodotto\\\/creme-phyto-yeux-et-levres\\\/#primaryimage\"},\"image\":{\"@id\":\"https:\\\/\\\/boutiquebeautyclub.ch\\\/fr\\\/prodotto\\\/creme-phyto-yeux-et-levres\\\/#primaryimage\"},\"thumbnailUrl\":\"https:\\\/\\\/boutiquebeautyclub.ch\\\/wp-content\\\/uploads\\\/2025\\\/10\\\/DFL240.jpg\",\"datePublished\":\"2025-10-21T13:03:04+00:00\",\"breadcrumb\":{\"@id\":\"https:\\\/\\\/boutiquebeautyclub.ch\\\/fr\\\/prodotto\\\/creme-phyto-yeux-et-levres\\\/#breadcrumb\"},\"inLanguage\":\"fr-FR\",\"potentialAction\":[{\"@type\":\"ReadAction\",\"target\":[\"https:\\\/\\\/boutiquebeautyclub.ch\\\/fr\\\/prodotto\\\/creme-phyto-yeux-et-levres\\\/\"]}]},{\"@type\":\"ImageObject\",\"inLanguage\":\"fr-FR\",\"@id\":\"https:\\\/\\\/boutiquebeautyclub.ch\\\/fr\\\/prodotto\\\/creme-phyto-yeux-et-levres\\\/#primaryimage\",\"url\":\"https:\\\/\\\/boutiquebeautyclub.ch\\\/wp-content\\\/uploads\\\/2025\\\/10\\\/DFL240.jpg\",\"contentUrl\":\"https:\\\/\\\/boutiquebeautyclub.ch\\\/wp-content\\\/uploads\\\/2025\\\/10\\\/DFL240.jpg\",\"width\":800,\"height\":800},{\"@type\":\"BreadcrumbList\",\"@id\":\"https:\\\/\\\/boutiquebeautyclub.ch\\\/fr\\\/prodotto\\\/creme-phyto-yeux-et-levres\\\/#breadcrumb\",\"itemListElement\":[{\"@type\":\"ListItem\",\"position\":1,\"name\":\"Home\",\"item\":\"https:\\\/\\\/boutiquebeautyclub.ch\\\/fr\\\/\"},{\"@type\":\"ListItem\",\"position\":2,\"name\":\"Boutique\",\"item\":\"https:\\\/\\\/boutiquebeautyclub.ch\\\/fr\\\/boutique\\\/\"},{\"@type\":\"ListItem\",\"position\":3,\"name\":\"Cr\u00e8me Phyto yeux et l\u00e8vres\"}]},{\"@type\":\"WebSite\",\"@id\":\"https:\\\/\\\/boutiquebeautyclub.ch\\\/fr\\\/#website\",\"url\":\"https:\\\/\\\/boutiquebeautyclub.ch\\\/fr\\\/\",\"name\":\"Boutique Beauty Club\",\"description\":\"Il tuo punto di riferimento per la bellezza e il benessere.\",\"publisher\":{\"@id\":\"https:\\\/\\\/boutiquebeautyclub.ch\\\/fr\\\/#organization\"},\"potentialAction\":[{\"@type\":\"SearchAction\",\"target\":{\"@type\":\"EntryPoint\",\"urlTemplate\":\"https:\\\/\\\/boutiquebeautyclub.ch\\\/fr\\\/?s={search_term_string}\"},\"query-input\":{\"@type\":\"PropertyValueSpecification\",\"valueRequired\":true,\"valueName\":\"search_term_string\"}}],\"inLanguage\":\"fr-FR\"},{\"@type\":\"Organization\",\"@id\":\"https:\\\/\\\/boutiquebeautyclub.ch\\\/fr\\\/#organization\",\"name\":\"Boutique Beauty Club\",\"url\":\"https:\\\/\\\/boutiquebeautyclub.ch\\\/fr\\\/\",\"logo\":{\"@type\":\"ImageObject\",\"inLanguage\":\"fr-FR\",\"@id\":\"https:\\\/\\\/boutiquebeautyclub.ch\\\/fr\\\/#\\\/schema\\\/logo\\\/image\\\/\",\"url\":\"https:\\\/\\\/boutiquebeautyclub.ch\\\/wp-content\\\/uploads\\\/2025\\\/07\\\/logo.png\",\"contentUrl\":\"https:\\\/\\\/boutiquebeautyclub.ch\\\/wp-content\\\/uploads\\\/2025\\\/07\\\/logo.png\",\"width\":600,\"height\":248,\"caption\":\"Boutique Beauty Club\"},\"image\":{\"@id\":\"https:\\\/\\\/boutiquebeautyclub.ch\\\/fr\\\/#\\\/schema\\\/logo\\\/image\\\/\"},\"sameAs\":[\"https:\\\/\\\/www.facebook.com\\\/beautyclubesteticalosone\\\/\",\"https:\\\/\\\/www.instagram.com\\\/beautyclubestetica\\\/?hl=it\"]}]}<\/script>\n<!-- \/ Yoast SEO plugin. -->","yoast_head_json":{"title":"Cr\u00e8me Phyto yeux et l\u00e8vres - Boutique Beauty Club","robots":{"index":"index","follow":"follow","max-snippet":"max-snippet:-1","max-image-preview":"max-image-preview:large","max-video-preview":"max-video-preview:-1"},"canonical":"https:\/\/boutiquebeautyclub.ch\/fr\/prodotto\/creme-phyto-yeux-et-levres\/","og_locale":"fr_FR","og_type":"article","og_title":"Cr\u00e8me Phyto yeux et l\u00e8vres - Boutique Beauty Club","og_description":"Vieillir en beaut\u00e9 gr\u00e2ce \u00e0 une tonicit\u00e9 et une \u00e9lasticit\u00e9 accrues, pour une peau affin\u00e9e du contour des yeux et des l\u00e8vres. Soin intensif sp\u00e9cial, protecteur et r\u00e9g\u00e9n\u00e9rant cellulaire aux actifs v\u00e9g\u00e9taux et probiotiques, pour une peau renforc\u00e9e. Les huiles et lipides v\u00e9g\u00e9taux favorisent l\u2019hydratation et garantissent fra\u00eecheur et \u00e9clat.","og_url":"https:\/\/boutiquebeautyclub.ch\/fr\/prodotto\/creme-phyto-yeux-et-levres\/","og_site_name":"Boutique Beauty Club","article_publisher":"https:\/\/www.facebook.com\/beautyclubesteticalosone\/","og_image":[{"width":800,"height":800,"url":"https:\/\/boutiquebeautyclub.ch\/wp-content\/uploads\/2025\/10\/DFL240.jpg","type":"image\/jpeg"}],"twitter_card":"summary_large_image","schema":{"@context":"https:\/\/schema.org","@graph":[{"@type":"WebPage","@id":"https:\/\/boutiquebeautyclub.ch\/fr\/prodotto\/creme-phyto-yeux-et-levres\/","url":"https:\/\/boutiquebeautyclub.ch\/fr\/prodotto\/creme-phyto-yeux-et-levres\/","name":"Cr\u00e8me Phyto yeux et l\u00e8vres - Boutique Beauty Club","isPartOf":{"@id":"https:\/\/boutiquebeautyclub.ch\/fr\/#website"},"primaryImageOfPage":{"@id":"https:\/\/boutiquebeautyclub.ch\/fr\/prodotto\/creme-phyto-yeux-et-levres\/#primaryimage"},"image":{"@id":"https:\/\/boutiquebeautyclub.ch\/fr\/prodotto\/creme-phyto-yeux-et-levres\/#primaryimage"},"thumbnailUrl":"https:\/\/boutiquebeautyclub.ch\/wp-content\/uploads\/2025\/10\/DFL240.jpg","datePublished":"2025-10-21T13:03:04+00:00","breadcrumb":{"@id":"https:\/\/boutiquebeautyclub.ch\/fr\/prodotto\/creme-phyto-yeux-et-levres\/#breadcrumb"},"inLanguage":"fr-FR","potentialAction":[{"@type":"ReadAction","target":["https:\/\/boutiquebeautyclub.ch\/fr\/prodotto\/creme-phyto-yeux-et-levres\/"]}]},{"@type":"ImageObject","inLanguage":"fr-FR","@id":"https:\/\/boutiquebeautyclub.ch\/fr\/prodotto\/creme-phyto-yeux-et-levres\/#primaryimage","url":"https:\/\/boutiquebeautyclub.ch\/wp-content\/uploads\/2025\/10\/DFL240.jpg","contentUrl":"https:\/\/boutiquebeautyclub.ch\/wp-content\/uploads\/2025\/10\/DFL240.jpg","width":800,"height":800},{"@type":"BreadcrumbList","@id":"https:\/\/boutiquebeautyclub.ch\/fr\/prodotto\/creme-phyto-yeux-et-levres\/#breadcrumb","itemListElement":[{"@type":"ListItem","position":1,"name":"Home","item":"https:\/\/boutiquebeautyclub.ch\/fr\/"},{"@type":"ListItem","position":2,"name":"Boutique","item":"https:\/\/boutiquebeautyclub.ch\/fr\/boutique\/"},{"@type":"ListItem","position":3,"name":"Cr\u00e8me Phyto yeux et l\u00e8vres"}]},{"@type":"WebSite","@id":"https:\/\/boutiquebeautyclub.ch\/fr\/#website","url":"https:\/\/boutiquebeautyclub.ch\/fr\/","name":"Boutique Beauty Club","description":"Il tuo punto di riferimento per la bellezza e il benessere.","publisher":{"@id":"https:\/\/boutiquebeautyclub.ch\/fr\/#organization"},"potentialAction":[{"@type":"SearchAction","target":{"@type":"EntryPoint","urlTemplate":"https:\/\/boutiquebeautyclub.ch\/fr\/?s={search_term_string}"},"query-input":{"@type":"PropertyValueSpecification","valueRequired":true,"valueName":"search_term_string"}}],"inLanguage":"fr-FR"},{"@type":"Organization","@id":"https:\/\/boutiquebeautyclub.ch\/fr\/#organization","name":"Boutique Beauty Club","url":"https:\/\/boutiquebeautyclub.ch\/fr\/","logo":{"@type":"ImageObject","inLanguage":"fr-FR","@id":"https:\/\/boutiquebeautyclub.ch\/fr\/#\/schema\/logo\/image\/","url":"https:\/\/boutiquebeautyclub.ch\/wp-content\/uploads\/2025\/07\/logo.png","contentUrl":"https:\/\/boutiquebeautyclub.ch\/wp-content\/uploads\/2025\/07\/logo.png","width":600,"height":248,"caption":"Boutique Beauty Club"},"image":{"@id":"https:\/\/boutiquebeautyclub.ch\/fr\/#\/schema\/logo\/image\/"},"sameAs":["https:\/\/www.facebook.com\/beautyclubesteticalosone\/","https:\/\/www.instagram.com\/beautyclubestetica\/?hl=it"]}]}},"_links":{"self":[{"href":"https:\/\/boutiquebeautyclub.ch\/fr\/wp-json\/wp\/v2\/product\/2106","targetHints":{"allow":["GET"]}}],"collection":[{"href":"https:\/\/boutiquebeautyclub.ch\/fr\/wp-json\/wp\/v2\/product"}],"about":[{"href":"https:\/\/boutiquebeautyclub.ch\/fr\/wp-json\/wp\/v2\/types\/product"}],"wp:featuredmedia":[{"embeddable":true,"href":"https:\/\/boutiquebeautyclub.ch\/fr\/wp-json\/wp\/v2\/media\/2107"}],"wp:attachment":[{"href":"https:\/\/boutiquebeautyclub.ch\/fr\/wp-json\/wp\/v2\/media?parent=2106"}],"wp:term":[{"taxonomy":"product_brand","embeddable":true,"href":"https:\/\/boutiquebeautyclub.ch\/fr\/wp-json\/wp\/v2\/product_brand?post=2106"},{"taxonomy":"product_cat","embeddable":true,"href":"https:\/\/boutiquebeautyclub.ch\/fr\/wp-json\/wp\/v2\/product_cat?post=2106"},{"taxonomy":"product_tag","embeddable":true,"href":"https:\/\/boutiquebeautyclub.ch\/fr\/wp-json\/wp\/v2\/product_tag?post=2106"}],"curies":[{"name":"wp","href":"https:\/\/api.w.org\/{rel}","templated":true}]}}