{"id":2238,"date":"2025-10-21T14:53:01","date_gmt":"2025-10-21T12:53:01","guid":{"rendered":"https:\/\/boutiquebeautyclub.ch\/prodotto\/sublime-skin-cou-et-decollete\/"},"modified":"2025-10-21T14:53:01","modified_gmt":"2025-10-21T12:53:01","slug":"sublime-skin-cou-et-decollete","status":"publish","type":"product","link":"https:\/\/boutiquebeautyclub.ch\/fr\/prodotto\/sublime-skin-cou-et-decollete\/","title":{"rendered":"Sublime Skin Cou et D\u00e9collet\u00e9"},"content":{"rendered":"","protected":false},"excerpt":{"rendered":"<p>Issue de la recherche scientifique innovante des laboratoires [ comfort zone ] sur les besoins sp\u00e9cifiques des zones d\u00e9licates du cou et du d\u00e9collet\u00e9, voici Sublime Skin Neck&amp;D\u00e9collet\u00e9 Fluid, un fluide lissant rides \u00e0 la formulation l\u00e9g\u00e8re et \u00e0 absorption rapide. D\u00e9velopp\u00e9 pour aider \u00e0 contrer le rel\u00e2chement cutan\u00e9 et corriger les microrides et les rides horizontales, gr\u00e2ce \u00e0 un puissant m\u00e9lange d\u2019ingr\u00e9dients cl\u00e9s, tels que l\u2019extrait tonifiant de graines de Jojoba et l\u2019extrait botanique anti-\u00e2ge d\u2019Achillea Millefolium issu de l\u2019agriculture r\u00e9g\u00e9n\u00e9ratrice. Avec une texture biomim\u00e9tique, qui imite la structure naturelle de la peau, il assure une absorption optimale, rend la peau plus tonique, \u00e9lastique et diminue la visibilit\u00e9 des rides.  <\/p>\n<p>98,9 % d\u2019ingr\u00e9dients d\u2019origine naturelle.<\/p>\n","protected":false},"featured_media":760,"template":"","meta":[],"product_brand":[],"product_cat":[382,383],"product_tag":[563,564,826,827,419,562,535,685,825,438],"class_list":{"0":"post-2238","1":"product","2":"type-product","3":"status-publish","4":"has-post-thumbnail","6":"product_cat-cosmetiques","7":"product_cat-visage","8":"product_tag-absorption-rapide","9":"product_tag-anti-age-2","10":"product_tag-cou","11":"product_tag-decollete","12":"product_tag-elasticite","13":"product_tag-fluide","14":"product_tag-lissant","15":"product_tag-rides","16":"product_tag-tonicite","17":"product_tag-visage","19":"first","20":"instock","21":"shipping-taxable","22":"purchasable","23":"product-type-variable"},"yoast_head":"<!-- This site is optimized with the Yoast SEO plugin v27.6 - https:\/\/yoast.com\/product\/yoast-seo-wordpress\/ -->\n<title>Sublime Skin Cou et D\u00e9collet\u00e9 - Boutique Beauty Club<\/title>\n<meta name=\"robots\" content=\"index, follow, max-snippet:-1, max-image-preview:large, max-video-preview:-1\" \/>\n<link rel=\"canonical\" href=\"https:\/\/boutiquebeautyclub.ch\/fr\/prodotto\/sublime-skin-cou-et-decollete\/\" \/>\n<meta property=\"og:locale\" content=\"fr_FR\" \/>\n<meta property=\"og:type\" content=\"article\" \/>\n<meta property=\"og:title\" content=\"Sublime Skin Cou et D\u00e9collet\u00e9 - Boutique Beauty Club\" \/>\n<meta property=\"og:description\" content=\"Issue de la recherche scientifique innovante des laboratoires [ comfort zone ] sur les besoins sp\u00e9cifiques des zones d\u00e9licates du cou et du d\u00e9collet\u00e9, voici Sublime Skin Neck&amp;D\u00e9collet\u00e9 Fluid, un fluide lissant rides \u00e0 la formulation l\u00e9g\u00e8re et \u00e0 absorption rapide. D\u00e9velopp\u00e9 pour aider \u00e0 contrer le rel\u00e2chement cutan\u00e9 et corriger les microrides et les rides horizontales, gr\u00e2ce \u00e0 un puissant m\u00e9lange d\u2019ingr\u00e9dients cl\u00e9s, tels que l\u2019extrait tonifiant de graines de Jojoba et l\u2019extrait botanique anti-\u00e2ge d\u2019Achillea Millefolium issu de l\u2019agriculture r\u00e9g\u00e9n\u00e9ratrice. Avec une texture biomim\u00e9tique, qui imite la structure naturelle de la peau, il assure une absorption optimale, rend la peau plus tonique, \u00e9lastique et diminue la visibilit\u00e9 des rides.  98,9 % d\u2019ingr\u00e9dients d\u2019origine naturelle.\" \/>\n<meta property=\"og:url\" content=\"https:\/\/boutiquebeautyclub.ch\/fr\/prodotto\/sublime-skin-cou-et-decollete\/\" \/>\n<meta property=\"og:site_name\" content=\"Boutique Beauty Club\" \/>\n<meta property=\"article:publisher\" content=\"https:\/\/www.facebook.com\/beautyclubesteticalosone\/\" \/>\n<meta property=\"og:image\" content=\"https:\/\/boutiquebeautyclub.ch\/wp-content\/uploads\/2025\/10\/CZ0037.jpg\" \/>\n\t<meta property=\"og:image:width\" content=\"1200\" \/>\n\t<meta property=\"og:image:height\" content=\"1200\" \/>\n\t<meta property=\"og:image:type\" content=\"image\/jpeg\" \/>\n<meta name=\"twitter:card\" content=\"summary_large_image\" \/>\n<script type=\"application\/ld+json\" class=\"yoast-schema-graph\">{\"@context\":\"https:\\\/\\\/schema.org\",\"@graph\":[{\"@type\":\"WebPage\",\"@id\":\"https:\\\/\\\/boutiquebeautyclub.ch\\\/fr\\\/prodotto\\\/sublime-skin-cou-et-decollete\\\/\",\"url\":\"https:\\\/\\\/boutiquebeautyclub.ch\\\/fr\\\/prodotto\\\/sublime-skin-cou-et-decollete\\\/\",\"name\":\"Sublime Skin Cou et D\u00e9collet\u00e9 - Boutique Beauty Club\",\"isPartOf\":{\"@id\":\"https:\\\/\\\/boutiquebeautyclub.ch\\\/fr\\\/#website\"},\"primaryImageOfPage\":{\"@id\":\"https:\\\/\\\/boutiquebeautyclub.ch\\\/fr\\\/prodotto\\\/sublime-skin-cou-et-decollete\\\/#primaryimage\"},\"image\":{\"@id\":\"https:\\\/\\\/boutiquebeautyclub.ch\\\/fr\\\/prodotto\\\/sublime-skin-cou-et-decollete\\\/#primaryimage\"},\"thumbnailUrl\":\"https:\\\/\\\/boutiquebeautyclub.ch\\\/wp-content\\\/uploads\\\/2025\\\/10\\\/CZ0037.jpg\",\"datePublished\":\"2025-10-21T12:53:01+00:00\",\"breadcrumb\":{\"@id\":\"https:\\\/\\\/boutiquebeautyclub.ch\\\/fr\\\/prodotto\\\/sublime-skin-cou-et-decollete\\\/#breadcrumb\"},\"inLanguage\":\"fr-FR\",\"potentialAction\":[{\"@type\":\"ReadAction\",\"target\":[\"https:\\\/\\\/boutiquebeautyclub.ch\\\/fr\\\/prodotto\\\/sublime-skin-cou-et-decollete\\\/\"]}]},{\"@type\":\"ImageObject\",\"inLanguage\":\"fr-FR\",\"@id\":\"https:\\\/\\\/boutiquebeautyclub.ch\\\/fr\\\/prodotto\\\/sublime-skin-cou-et-decollete\\\/#primaryimage\",\"url\":\"https:\\\/\\\/boutiquebeautyclub.ch\\\/wp-content\\\/uploads\\\/2025\\\/10\\\/CZ0037.jpg\",\"contentUrl\":\"https:\\\/\\\/boutiquebeautyclub.ch\\\/wp-content\\\/uploads\\\/2025\\\/10\\\/CZ0037.jpg\",\"width\":1200,\"height\":1200},{\"@type\":\"BreadcrumbList\",\"@id\":\"https:\\\/\\\/boutiquebeautyclub.ch\\\/fr\\\/prodotto\\\/sublime-skin-cou-et-decollete\\\/#breadcrumb\",\"itemListElement\":[{\"@type\":\"ListItem\",\"position\":1,\"name\":\"Home\",\"item\":\"https:\\\/\\\/boutiquebeautyclub.ch\\\/fr\\\/\"},{\"@type\":\"ListItem\",\"position\":2,\"name\":\"Boutique\",\"item\":\"https:\\\/\\\/boutiquebeautyclub.ch\\\/fr\\\/boutique\\\/\"},{\"@type\":\"ListItem\",\"position\":3,\"name\":\"Sublime Skin Cou et D\u00e9collet\u00e9\"}]},{\"@type\":\"WebSite\",\"@id\":\"https:\\\/\\\/boutiquebeautyclub.ch\\\/fr\\\/#website\",\"url\":\"https:\\\/\\\/boutiquebeautyclub.ch\\\/fr\\\/\",\"name\":\"Boutique Beauty Club\",\"description\":\"Il tuo punto di riferimento per la bellezza e il benessere.\",\"publisher\":{\"@id\":\"https:\\\/\\\/boutiquebeautyclub.ch\\\/fr\\\/#organization\"},\"potentialAction\":[{\"@type\":\"SearchAction\",\"target\":{\"@type\":\"EntryPoint\",\"urlTemplate\":\"https:\\\/\\\/boutiquebeautyclub.ch\\\/fr\\\/?s={search_term_string}\"},\"query-input\":{\"@type\":\"PropertyValueSpecification\",\"valueRequired\":true,\"valueName\":\"search_term_string\"}}],\"inLanguage\":\"fr-FR\"},{\"@type\":\"Organization\",\"@id\":\"https:\\\/\\\/boutiquebeautyclub.ch\\\/fr\\\/#organization\",\"name\":\"Boutique Beauty Club\",\"url\":\"https:\\\/\\\/boutiquebeautyclub.ch\\\/fr\\\/\",\"logo\":{\"@type\":\"ImageObject\",\"inLanguage\":\"fr-FR\",\"@id\":\"https:\\\/\\\/boutiquebeautyclub.ch\\\/fr\\\/#\\\/schema\\\/logo\\\/image\\\/\",\"url\":\"https:\\\/\\\/boutiquebeautyclub.ch\\\/wp-content\\\/uploads\\\/2025\\\/07\\\/logo.png\",\"contentUrl\":\"https:\\\/\\\/boutiquebeautyclub.ch\\\/wp-content\\\/uploads\\\/2025\\\/07\\\/logo.png\",\"width\":600,\"height\":248,\"caption\":\"Boutique Beauty Club\"},\"image\":{\"@id\":\"https:\\\/\\\/boutiquebeautyclub.ch\\\/fr\\\/#\\\/schema\\\/logo\\\/image\\\/\"},\"sameAs\":[\"https:\\\/\\\/www.facebook.com\\\/beautyclubesteticalosone\\\/\",\"https:\\\/\\\/www.instagram.com\\\/beautyclubestetica\\\/?hl=it\"]}]}<\/script>\n<!-- \/ Yoast SEO plugin. -->","yoast_head_json":{"title":"Sublime Skin Cou et D\u00e9collet\u00e9 - Boutique Beauty Club","robots":{"index":"index","follow":"follow","max-snippet":"max-snippet:-1","max-image-preview":"max-image-preview:large","max-video-preview":"max-video-preview:-1"},"canonical":"https:\/\/boutiquebeautyclub.ch\/fr\/prodotto\/sublime-skin-cou-et-decollete\/","og_locale":"fr_FR","og_type":"article","og_title":"Sublime Skin Cou et D\u00e9collet\u00e9 - Boutique Beauty Club","og_description":"Issue de la recherche scientifique innovante des laboratoires [ comfort zone ] sur les besoins sp\u00e9cifiques des zones d\u00e9licates du cou et du d\u00e9collet\u00e9, voici Sublime Skin Neck&amp;D\u00e9collet\u00e9 Fluid, un fluide lissant rides \u00e0 la formulation l\u00e9g\u00e8re et \u00e0 absorption rapide. D\u00e9velopp\u00e9 pour aider \u00e0 contrer le rel\u00e2chement cutan\u00e9 et corriger les microrides et les rides horizontales, gr\u00e2ce \u00e0 un puissant m\u00e9lange d\u2019ingr\u00e9dients cl\u00e9s, tels que l\u2019extrait tonifiant de graines de Jojoba et l\u2019extrait botanique anti-\u00e2ge d\u2019Achillea Millefolium issu de l\u2019agriculture r\u00e9g\u00e9n\u00e9ratrice. Avec une texture biomim\u00e9tique, qui imite la structure naturelle de la peau, il assure une absorption optimale, rend la peau plus tonique, \u00e9lastique et diminue la visibilit\u00e9 des rides.  98,9 % d\u2019ingr\u00e9dients d\u2019origine naturelle.","og_url":"https:\/\/boutiquebeautyclub.ch\/fr\/prodotto\/sublime-skin-cou-et-decollete\/","og_site_name":"Boutique Beauty Club","article_publisher":"https:\/\/www.facebook.com\/beautyclubesteticalosone\/","og_image":[{"width":1200,"height":1200,"url":"https:\/\/boutiquebeautyclub.ch\/wp-content\/uploads\/2025\/10\/CZ0037.jpg","type":"image\/jpeg"}],"twitter_card":"summary_large_image","schema":{"@context":"https:\/\/schema.org","@graph":[{"@type":"WebPage","@id":"https:\/\/boutiquebeautyclub.ch\/fr\/prodotto\/sublime-skin-cou-et-decollete\/","url":"https:\/\/boutiquebeautyclub.ch\/fr\/prodotto\/sublime-skin-cou-et-decollete\/","name":"Sublime Skin Cou et D\u00e9collet\u00e9 - Boutique Beauty Club","isPartOf":{"@id":"https:\/\/boutiquebeautyclub.ch\/fr\/#website"},"primaryImageOfPage":{"@id":"https:\/\/boutiquebeautyclub.ch\/fr\/prodotto\/sublime-skin-cou-et-decollete\/#primaryimage"},"image":{"@id":"https:\/\/boutiquebeautyclub.ch\/fr\/prodotto\/sublime-skin-cou-et-decollete\/#primaryimage"},"thumbnailUrl":"https:\/\/boutiquebeautyclub.ch\/wp-content\/uploads\/2025\/10\/CZ0037.jpg","datePublished":"2025-10-21T12:53:01+00:00","breadcrumb":{"@id":"https:\/\/boutiquebeautyclub.ch\/fr\/prodotto\/sublime-skin-cou-et-decollete\/#breadcrumb"},"inLanguage":"fr-FR","potentialAction":[{"@type":"ReadAction","target":["https:\/\/boutiquebeautyclub.ch\/fr\/prodotto\/sublime-skin-cou-et-decollete\/"]}]},{"@type":"ImageObject","inLanguage":"fr-FR","@id":"https:\/\/boutiquebeautyclub.ch\/fr\/prodotto\/sublime-skin-cou-et-decollete\/#primaryimage","url":"https:\/\/boutiquebeautyclub.ch\/wp-content\/uploads\/2025\/10\/CZ0037.jpg","contentUrl":"https:\/\/boutiquebeautyclub.ch\/wp-content\/uploads\/2025\/10\/CZ0037.jpg","width":1200,"height":1200},{"@type":"BreadcrumbList","@id":"https:\/\/boutiquebeautyclub.ch\/fr\/prodotto\/sublime-skin-cou-et-decollete\/#breadcrumb","itemListElement":[{"@type":"ListItem","position":1,"name":"Home","item":"https:\/\/boutiquebeautyclub.ch\/fr\/"},{"@type":"ListItem","position":2,"name":"Boutique","item":"https:\/\/boutiquebeautyclub.ch\/fr\/boutique\/"},{"@type":"ListItem","position":3,"name":"Sublime Skin Cou et D\u00e9collet\u00e9"}]},{"@type":"WebSite","@id":"https:\/\/boutiquebeautyclub.ch\/fr\/#website","url":"https:\/\/boutiquebeautyclub.ch\/fr\/","name":"Boutique Beauty Club","description":"Il tuo punto di riferimento per la bellezza e il benessere.","publisher":{"@id":"https:\/\/boutiquebeautyclub.ch\/fr\/#organization"},"potentialAction":[{"@type":"SearchAction","target":{"@type":"EntryPoint","urlTemplate":"https:\/\/boutiquebeautyclub.ch\/fr\/?s={search_term_string}"},"query-input":{"@type":"PropertyValueSpecification","valueRequired":true,"valueName":"search_term_string"}}],"inLanguage":"fr-FR"},{"@type":"Organization","@id":"https:\/\/boutiquebeautyclub.ch\/fr\/#organization","name":"Boutique Beauty Club","url":"https:\/\/boutiquebeautyclub.ch\/fr\/","logo":{"@type":"ImageObject","inLanguage":"fr-FR","@id":"https:\/\/boutiquebeautyclub.ch\/fr\/#\/schema\/logo\/image\/","url":"https:\/\/boutiquebeautyclub.ch\/wp-content\/uploads\/2025\/07\/logo.png","contentUrl":"https:\/\/boutiquebeautyclub.ch\/wp-content\/uploads\/2025\/07\/logo.png","width":600,"height":248,"caption":"Boutique Beauty Club"},"image":{"@id":"https:\/\/boutiquebeautyclub.ch\/fr\/#\/schema\/logo\/image\/"},"sameAs":["https:\/\/www.facebook.com\/beautyclubesteticalosone\/","https:\/\/www.instagram.com\/beautyclubestetica\/?hl=it"]}]}},"_links":{"self":[{"href":"https:\/\/boutiquebeautyclub.ch\/fr\/wp-json\/wp\/v2\/product\/2238","targetHints":{"allow":["GET"]}}],"collection":[{"href":"https:\/\/boutiquebeautyclub.ch\/fr\/wp-json\/wp\/v2\/product"}],"about":[{"href":"https:\/\/boutiquebeautyclub.ch\/fr\/wp-json\/wp\/v2\/types\/product"}],"wp:featuredmedia":[{"embeddable":true,"href":"https:\/\/boutiquebeautyclub.ch\/fr\/wp-json\/wp\/v2\/media\/760"}],"wp:attachment":[{"href":"https:\/\/boutiquebeautyclub.ch\/fr\/wp-json\/wp\/v2\/media?parent=2238"}],"wp:term":[{"taxonomy":"product_brand","embeddable":true,"href":"https:\/\/boutiquebeautyclub.ch\/fr\/wp-json\/wp\/v2\/product_brand?post=2238"},{"taxonomy":"product_cat","embeddable":true,"href":"https:\/\/boutiquebeautyclub.ch\/fr\/wp-json\/wp\/v2\/product_cat?post=2238"},{"taxonomy":"product_tag","embeddable":true,"href":"https:\/\/boutiquebeautyclub.ch\/fr\/wp-json\/wp\/v2\/product_tag?post=2238"}],"curies":[{"name":"wp","href":"https:\/\/api.w.org\/{rel}","templated":true}]}}