{"id":2332,"date":"2026-03-23T16:18:07","date_gmt":"2026-03-23T15:18:07","guid":{"rendered":"https:\/\/boutiquebeautyclub.ch\/prodotto\/pro-age-retin-serum\/"},"modified":"2026-03-23T16:18:07","modified_gmt":"2026-03-23T15:18:07","slug":"pro-age-retin-serum","status":"publish","type":"product","link":"https:\/\/boutiquebeautyclub.ch\/fr\/prodotto\/pro-age-retin-serum\/","title":{"rendered":"Pro Age &#8211; Retin Serum"},"content":{"rendered":"<p>Un s\u00e9rum l\u00e9ger et soyeux qui laisse la peau nourrie et merveilleusement douce apr\u00e8s l\u2019application. Compos\u00e9 d\u2019un complexe de divers principes actifs \u00e0 base de r\u00e9tinol d\u2019origine v\u00e9g\u00e9tale et de r\u00e9tinald\u00e9hyde liposomale, il offre un excellent effet raffermissant et antirides.<\/p>\n<p>L\u2019association de r\u00e9tinald\u00e9hyde liposomale et de principes actifs similaires au r\u00e9tinol issus de diff\u00e9rentes plantes contribue \u00e0 stimuler la production de collag\u00e8ne, \u00e0 r\u00e9duire les rides d\u2019expression, \u00e0 am\u00e9liorer l\u2019\u00e9lasticit\u00e9 et \u00e0 minimiser les imperfections. Le s\u00e9rum n\u2019est pas photosensible et ne provoque ni irritations ni rougeurs.<\/p>\n<p><strong>Indications :<\/strong><\/p>\n<p>&#8211; Traitement du processus de vieillissement cutan\u00e9 caus\u00e9 par des facteurs internes et externes<\/p>\n<p>&#8211; Pour les peaux ayant un \u00e2ge biologique compris entre 30 et 45 ans<\/p>\n<p><strong>Effets<\/strong><\/p>\n<p>&#8211; R\u00e9duction des rides<\/p>\n<p>&#8211; Effet lissant<\/p>\n<p>&#8211; Uniformise le teint<\/p>\n<p>&#8211; Raffermit la peau<\/p>\n<p><strong>Ingr\u00e9dients actifs<\/strong> :<\/p>\n<p>R\u00e9tinald\u00e9hyde (d\u00e9riv\u00e9 de la vitamine A similaire \u00e0 l\u2019acide r\u00e9tino\u00efque), r\u00e9tinol d\u2019origine v\u00e9g\u00e9tale obtenu \u00e0 partir de la plante Nicotiana benthamiana, bakuchiol (\u00e9galement d\u2019origine v\u00e9g\u00e9tale), extrait v\u00e9g\u00e9tal de tara et algues rouges<\/p>\n","protected":false},"excerpt":{"rendered":"<p>Un s\u00e9rum l\u00e9ger et soyeux qui laisse la peau nourrie et merveilleusement douce apr\u00e8s l\u2019application. Compos\u00e9 d\u2019un complexe de divers principes actifs \u00e0 base de r\u00e9tinol d\u2019origine v\u00e9g\u00e9tale et de r\u00e9tinald\u00e9hyde liposomale, il offre un excellent effet raffermissant et antirides.<\/p>\n<p>L\u2019association de r\u00e9tinald\u00e9hyde liposomale et de principes actifs similaires au r\u00e9tinol issus de diff\u00e9rentes plantes contribue \u00e0 stimuler la production de collag\u00e8ne, \u00e0 r\u00e9duire les rides d\u2019expression, \u00e0 am\u00e9liorer l\u2019\u00e9lasticit\u00e9 et \u00e0 minimiser les imperfections. Le s\u00e9rum n\u2019est pas photosensible et ne provoque ni irritations ni rougeurs.<\/p>\n<p><strong>Indications :<\/strong><\/p>\n<p>&#8211; Traitement du processus de vieillissement cutan\u00e9 caus\u00e9 par des facteurs internes et externes<\/p>\n<p>&#8211; Pour les peaux ayant un \u00e2ge biologique compris entre 30 et 45 ans<\/p>\n<p><strong>Effets<\/strong><\/p>\n<p>&#8211; R\u00e9duction des rides<\/p>\n<p>&#8211; Effet lissant<\/p>\n<p>&#8211; Uniformise le teint<\/p>\n<p>&#8211; Raffermit la peau<\/p>\n<p><strong>Ingr\u00e9dients actifs<\/strong> :<\/p>\n<p>R\u00e9tinald\u00e9hyde (d\u00e9riv\u00e9 de la vitamine A similaire \u00e0 l\u2019acide r\u00e9tino\u00efque), r\u00e9tinol d\u2019origine v\u00e9g\u00e9tale obtenu \u00e0 partir de la plante Nicotiana benthamiana, bakuchiol (\u00e9galement d\u2019origine v\u00e9g\u00e9tale), extrait v\u00e9g\u00e9tal de tara et algues rouges<\/p>\n","protected":false},"featured_media":1444,"template":"","meta":[],"product_brand":[],"product_cat":[383],"product_tag":[],"class_list":{"0":"post-2332","1":"product","2":"type-product","3":"status-publish","4":"has-post-thumbnail","6":"product_cat-visage","8":"first","9":"instock","10":"shipping-taxable","11":"purchasable","12":"product-type-simple"},"yoast_head":"<!-- This site is optimized with the Yoast SEO plugin v27.6 - https:\/\/yoast.com\/product\/yoast-seo-wordpress\/ -->\n<title>Pro Age - Retin Serum - Boutique Beauty Club<\/title>\n<meta name=\"robots\" content=\"index, follow, max-snippet:-1, max-image-preview:large, max-video-preview:-1\" \/>\n<link rel=\"canonical\" href=\"https:\/\/boutiquebeautyclub.ch\/fr\/prodotto\/pro-age-retin-serum\/\" \/>\n<meta property=\"og:locale\" content=\"fr_FR\" \/>\n<meta property=\"og:type\" content=\"article\" \/>\n<meta property=\"og:title\" content=\"Pro Age - Retin Serum - Boutique Beauty Club\" \/>\n<meta property=\"og:description\" content=\"Un s\u00e9rum l\u00e9ger et soyeux qui laisse la peau nourrie et merveilleusement douce apr\u00e8s l\u2019application. Compos\u00e9 d\u2019un complexe de divers principes actifs \u00e0 base de r\u00e9tinol d\u2019origine v\u00e9g\u00e9tale et de r\u00e9tinald\u00e9hyde liposomale, il offre un excellent effet raffermissant et antirides. L\u2019association de r\u00e9tinald\u00e9hyde liposomale et de principes actifs similaires au r\u00e9tinol issus de diff\u00e9rentes plantes contribue \u00e0 stimuler la production de collag\u00e8ne, \u00e0 r\u00e9duire les rides d\u2019expression, \u00e0 am\u00e9liorer l\u2019\u00e9lasticit\u00e9 et \u00e0 minimiser les imperfections. Le s\u00e9rum n\u2019est pas photosensible et ne provoque ni irritations ni rougeurs. Indications : - Traitement du processus de vieillissement cutan\u00e9 caus\u00e9 par des facteurs internes et externes - Pour les peaux ayant un \u00e2ge biologique compris entre 30 et 45 ans Effets - R\u00e9duction des rides - Effet lissant - Uniformise le teint - Raffermit la peau Ingr\u00e9dients actifs : R\u00e9tinald\u00e9hyde (d\u00e9riv\u00e9 de la vitamine A similaire \u00e0 l\u2019acide r\u00e9tino\u00efque), r\u00e9tinol d\u2019origine v\u00e9g\u00e9tale obtenu \u00e0 partir de la plante Nicotiana benthamiana, bakuchiol (\u00e9galement d\u2019origine v\u00e9g\u00e9tale), extrait v\u00e9g\u00e9tal de tara et algues rouges\" \/>\n<meta property=\"og:url\" content=\"https:\/\/boutiquebeautyclub.ch\/fr\/prodotto\/pro-age-retin-serum\/\" \/>\n<meta property=\"og:site_name\" content=\"Boutique Beauty Club\" \/>\n<meta property=\"article:publisher\" content=\"https:\/\/www.facebook.com\/beautyclubesteticalosone\/\" \/>\n<meta property=\"og:image\" content=\"https:\/\/boutiquebeautyclub.ch\/wp-content\/uploads\/2026\/03\/WhatsApp-Image-2026-03-23-at-15.02.31.jpeg\" \/>\n\t<meta property=\"og:image:width\" content=\"1600\" \/>\n\t<meta property=\"og:image:height\" content=\"1600\" \/>\n\t<meta property=\"og:image:type\" content=\"image\/jpeg\" \/>\n<meta name=\"twitter:card\" content=\"summary_large_image\" \/>\n<meta name=\"twitter:label1\" content=\"Dur\u00e9e de lecture estim\u00e9e\" \/>\n\t<meta name=\"twitter:data1\" content=\"1 minute\" \/>\n<script type=\"application\/ld+json\" class=\"yoast-schema-graph\">{\"@context\":\"https:\\\/\\\/schema.org\",\"@graph\":[{\"@type\":\"WebPage\",\"@id\":\"https:\\\/\\\/boutiquebeautyclub.ch\\\/fr\\\/prodotto\\\/pro-age-retin-serum\\\/\",\"url\":\"https:\\\/\\\/boutiquebeautyclub.ch\\\/fr\\\/prodotto\\\/pro-age-retin-serum\\\/\",\"name\":\"Pro Age - Retin Serum - Boutique Beauty Club\",\"isPartOf\":{\"@id\":\"https:\\\/\\\/boutiquebeautyclub.ch\\\/fr\\\/#website\"},\"primaryImageOfPage\":{\"@id\":\"https:\\\/\\\/boutiquebeautyclub.ch\\\/fr\\\/prodotto\\\/pro-age-retin-serum\\\/#primaryimage\"},\"image\":{\"@id\":\"https:\\\/\\\/boutiquebeautyclub.ch\\\/fr\\\/prodotto\\\/pro-age-retin-serum\\\/#primaryimage\"},\"thumbnailUrl\":\"https:\\\/\\\/boutiquebeautyclub.ch\\\/wp-content\\\/uploads\\\/2026\\\/03\\\/WhatsApp-Image-2026-03-23-at-15.02.31.jpeg\",\"datePublished\":\"2026-03-23T15:18:07+00:00\",\"breadcrumb\":{\"@id\":\"https:\\\/\\\/boutiquebeautyclub.ch\\\/fr\\\/prodotto\\\/pro-age-retin-serum\\\/#breadcrumb\"},\"inLanguage\":\"fr-FR\",\"potentialAction\":[{\"@type\":\"ReadAction\",\"target\":[\"https:\\\/\\\/boutiquebeautyclub.ch\\\/fr\\\/prodotto\\\/pro-age-retin-serum\\\/\"]}]},{\"@type\":\"ImageObject\",\"inLanguage\":\"fr-FR\",\"@id\":\"https:\\\/\\\/boutiquebeautyclub.ch\\\/fr\\\/prodotto\\\/pro-age-retin-serum\\\/#primaryimage\",\"url\":\"https:\\\/\\\/boutiquebeautyclub.ch\\\/wp-content\\\/uploads\\\/2026\\\/03\\\/WhatsApp-Image-2026-03-23-at-15.02.31.jpeg\",\"contentUrl\":\"https:\\\/\\\/boutiquebeautyclub.ch\\\/wp-content\\\/uploads\\\/2026\\\/03\\\/WhatsApp-Image-2026-03-23-at-15.02.31.jpeg\",\"width\":1600,\"height\":1600},{\"@type\":\"BreadcrumbList\",\"@id\":\"https:\\\/\\\/boutiquebeautyclub.ch\\\/fr\\\/prodotto\\\/pro-age-retin-serum\\\/#breadcrumb\",\"itemListElement\":[{\"@type\":\"ListItem\",\"position\":1,\"name\":\"Home\",\"item\":\"https:\\\/\\\/boutiquebeautyclub.ch\\\/fr\\\/\"},{\"@type\":\"ListItem\",\"position\":2,\"name\":\"Boutique\",\"item\":\"https:\\\/\\\/boutiquebeautyclub.ch\\\/fr\\\/boutique\\\/\"},{\"@type\":\"ListItem\",\"position\":3,\"name\":\"Pro Age &#8211; Retin Serum\"}]},{\"@type\":\"WebSite\",\"@id\":\"https:\\\/\\\/boutiquebeautyclub.ch\\\/fr\\\/#website\",\"url\":\"https:\\\/\\\/boutiquebeautyclub.ch\\\/fr\\\/\",\"name\":\"Boutique Beauty Club\",\"description\":\"Il tuo punto di riferimento per la bellezza e il benessere.\",\"publisher\":{\"@id\":\"https:\\\/\\\/boutiquebeautyclub.ch\\\/fr\\\/#organization\"},\"potentialAction\":[{\"@type\":\"SearchAction\",\"target\":{\"@type\":\"EntryPoint\",\"urlTemplate\":\"https:\\\/\\\/boutiquebeautyclub.ch\\\/fr\\\/?s={search_term_string}\"},\"query-input\":{\"@type\":\"PropertyValueSpecification\",\"valueRequired\":true,\"valueName\":\"search_term_string\"}}],\"inLanguage\":\"fr-FR\"},{\"@type\":\"Organization\",\"@id\":\"https:\\\/\\\/boutiquebeautyclub.ch\\\/fr\\\/#organization\",\"name\":\"Boutique Beauty Club\",\"url\":\"https:\\\/\\\/boutiquebeautyclub.ch\\\/fr\\\/\",\"logo\":{\"@type\":\"ImageObject\",\"inLanguage\":\"fr-FR\",\"@id\":\"https:\\\/\\\/boutiquebeautyclub.ch\\\/fr\\\/#\\\/schema\\\/logo\\\/image\\\/\",\"url\":\"https:\\\/\\\/boutiquebeautyclub.ch\\\/wp-content\\\/uploads\\\/2025\\\/07\\\/logo.png\",\"contentUrl\":\"https:\\\/\\\/boutiquebeautyclub.ch\\\/wp-content\\\/uploads\\\/2025\\\/07\\\/logo.png\",\"width\":600,\"height\":248,\"caption\":\"Boutique Beauty Club\"},\"image\":{\"@id\":\"https:\\\/\\\/boutiquebeautyclub.ch\\\/fr\\\/#\\\/schema\\\/logo\\\/image\\\/\"},\"sameAs\":[\"https:\\\/\\\/www.facebook.com\\\/beautyclubesteticalosone\\\/\",\"https:\\\/\\\/www.instagram.com\\\/beautyclubestetica\\\/?hl=it\"]}]}<\/script>\n<!-- \/ Yoast SEO plugin. -->","yoast_head_json":{"title":"Pro Age - Retin Serum - Boutique Beauty Club","robots":{"index":"index","follow":"follow","max-snippet":"max-snippet:-1","max-image-preview":"max-image-preview:large","max-video-preview":"max-video-preview:-1"},"canonical":"https:\/\/boutiquebeautyclub.ch\/fr\/prodotto\/pro-age-retin-serum\/","og_locale":"fr_FR","og_type":"article","og_title":"Pro Age - Retin Serum - Boutique Beauty Club","og_description":"Un s\u00e9rum l\u00e9ger et soyeux qui laisse la peau nourrie et merveilleusement douce apr\u00e8s l\u2019application. Compos\u00e9 d\u2019un complexe de divers principes actifs \u00e0 base de r\u00e9tinol d\u2019origine v\u00e9g\u00e9tale et de r\u00e9tinald\u00e9hyde liposomale, il offre un excellent effet raffermissant et antirides. L\u2019association de r\u00e9tinald\u00e9hyde liposomale et de principes actifs similaires au r\u00e9tinol issus de diff\u00e9rentes plantes contribue \u00e0 stimuler la production de collag\u00e8ne, \u00e0 r\u00e9duire les rides d\u2019expression, \u00e0 am\u00e9liorer l\u2019\u00e9lasticit\u00e9 et \u00e0 minimiser les imperfections. Le s\u00e9rum n\u2019est pas photosensible et ne provoque ni irritations ni rougeurs. Indications : - Traitement du processus de vieillissement cutan\u00e9 caus\u00e9 par des facteurs internes et externes - Pour les peaux ayant un \u00e2ge biologique compris entre 30 et 45 ans Effets - R\u00e9duction des rides - Effet lissant - Uniformise le teint - Raffermit la peau Ingr\u00e9dients actifs : R\u00e9tinald\u00e9hyde (d\u00e9riv\u00e9 de la vitamine A similaire \u00e0 l\u2019acide r\u00e9tino\u00efque), r\u00e9tinol d\u2019origine v\u00e9g\u00e9tale obtenu \u00e0 partir de la plante Nicotiana benthamiana, bakuchiol (\u00e9galement d\u2019origine v\u00e9g\u00e9tale), extrait v\u00e9g\u00e9tal de tara et algues rouges","og_url":"https:\/\/boutiquebeautyclub.ch\/fr\/prodotto\/pro-age-retin-serum\/","og_site_name":"Boutique Beauty Club","article_publisher":"https:\/\/www.facebook.com\/beautyclubesteticalosone\/","og_image":[{"width":1600,"height":1600,"url":"https:\/\/boutiquebeautyclub.ch\/wp-content\/uploads\/2026\/03\/WhatsApp-Image-2026-03-23-at-15.02.31.jpeg","type":"image\/jpeg"}],"twitter_card":"summary_large_image","twitter_misc":{"Dur\u00e9e de lecture estim\u00e9e":"1 minute"},"schema":{"@context":"https:\/\/schema.org","@graph":[{"@type":"WebPage","@id":"https:\/\/boutiquebeautyclub.ch\/fr\/prodotto\/pro-age-retin-serum\/","url":"https:\/\/boutiquebeautyclub.ch\/fr\/prodotto\/pro-age-retin-serum\/","name":"Pro Age - Retin Serum - Boutique Beauty Club","isPartOf":{"@id":"https:\/\/boutiquebeautyclub.ch\/fr\/#website"},"primaryImageOfPage":{"@id":"https:\/\/boutiquebeautyclub.ch\/fr\/prodotto\/pro-age-retin-serum\/#primaryimage"},"image":{"@id":"https:\/\/boutiquebeautyclub.ch\/fr\/prodotto\/pro-age-retin-serum\/#primaryimage"},"thumbnailUrl":"https:\/\/boutiquebeautyclub.ch\/wp-content\/uploads\/2026\/03\/WhatsApp-Image-2026-03-23-at-15.02.31.jpeg","datePublished":"2026-03-23T15:18:07+00:00","breadcrumb":{"@id":"https:\/\/boutiquebeautyclub.ch\/fr\/prodotto\/pro-age-retin-serum\/#breadcrumb"},"inLanguage":"fr-FR","potentialAction":[{"@type":"ReadAction","target":["https:\/\/boutiquebeautyclub.ch\/fr\/prodotto\/pro-age-retin-serum\/"]}]},{"@type":"ImageObject","inLanguage":"fr-FR","@id":"https:\/\/boutiquebeautyclub.ch\/fr\/prodotto\/pro-age-retin-serum\/#primaryimage","url":"https:\/\/boutiquebeautyclub.ch\/wp-content\/uploads\/2026\/03\/WhatsApp-Image-2026-03-23-at-15.02.31.jpeg","contentUrl":"https:\/\/boutiquebeautyclub.ch\/wp-content\/uploads\/2026\/03\/WhatsApp-Image-2026-03-23-at-15.02.31.jpeg","width":1600,"height":1600},{"@type":"BreadcrumbList","@id":"https:\/\/boutiquebeautyclub.ch\/fr\/prodotto\/pro-age-retin-serum\/#breadcrumb","itemListElement":[{"@type":"ListItem","position":1,"name":"Home","item":"https:\/\/boutiquebeautyclub.ch\/fr\/"},{"@type":"ListItem","position":2,"name":"Boutique","item":"https:\/\/boutiquebeautyclub.ch\/fr\/boutique\/"},{"@type":"ListItem","position":3,"name":"Pro Age &#8211; Retin Serum"}]},{"@type":"WebSite","@id":"https:\/\/boutiquebeautyclub.ch\/fr\/#website","url":"https:\/\/boutiquebeautyclub.ch\/fr\/","name":"Boutique Beauty Club","description":"Il tuo punto di riferimento per la bellezza e il benessere.","publisher":{"@id":"https:\/\/boutiquebeautyclub.ch\/fr\/#organization"},"potentialAction":[{"@type":"SearchAction","target":{"@type":"EntryPoint","urlTemplate":"https:\/\/boutiquebeautyclub.ch\/fr\/?s={search_term_string}"},"query-input":{"@type":"PropertyValueSpecification","valueRequired":true,"valueName":"search_term_string"}}],"inLanguage":"fr-FR"},{"@type":"Organization","@id":"https:\/\/boutiquebeautyclub.ch\/fr\/#organization","name":"Boutique Beauty Club","url":"https:\/\/boutiquebeautyclub.ch\/fr\/","logo":{"@type":"ImageObject","inLanguage":"fr-FR","@id":"https:\/\/boutiquebeautyclub.ch\/fr\/#\/schema\/logo\/image\/","url":"https:\/\/boutiquebeautyclub.ch\/wp-content\/uploads\/2025\/07\/logo.png","contentUrl":"https:\/\/boutiquebeautyclub.ch\/wp-content\/uploads\/2025\/07\/logo.png","width":600,"height":248,"caption":"Boutique Beauty Club"},"image":{"@id":"https:\/\/boutiquebeautyclub.ch\/fr\/#\/schema\/logo\/image\/"},"sameAs":["https:\/\/www.facebook.com\/beautyclubesteticalosone\/","https:\/\/www.instagram.com\/beautyclubestetica\/?hl=it"]}]}},"_links":{"self":[{"href":"https:\/\/boutiquebeautyclub.ch\/fr\/wp-json\/wp\/v2\/product\/2332","targetHints":{"allow":["GET"]}}],"collection":[{"href":"https:\/\/boutiquebeautyclub.ch\/fr\/wp-json\/wp\/v2\/product"}],"about":[{"href":"https:\/\/boutiquebeautyclub.ch\/fr\/wp-json\/wp\/v2\/types\/product"}],"wp:featuredmedia":[{"embeddable":true,"href":"https:\/\/boutiquebeautyclub.ch\/fr\/wp-json\/wp\/v2\/media\/1444"}],"wp:attachment":[{"href":"https:\/\/boutiquebeautyclub.ch\/fr\/wp-json\/wp\/v2\/media?parent=2332"}],"wp:term":[{"taxonomy":"product_brand","embeddable":true,"href":"https:\/\/boutiquebeautyclub.ch\/fr\/wp-json\/wp\/v2\/product_brand?post=2332"},{"taxonomy":"product_cat","embeddable":true,"href":"https:\/\/boutiquebeautyclub.ch\/fr\/wp-json\/wp\/v2\/product_cat?post=2332"},{"taxonomy":"product_tag","embeddable":true,"href":"https:\/\/boutiquebeautyclub.ch\/fr\/wp-json\/wp\/v2\/product_tag?post=2332"}],"curies":[{"name":"wp","href":"https:\/\/api.w.org\/{rel}","templated":true}]}}