{"id":2335,"date":"2026-03-23T16:19:46","date_gmt":"2026-03-23T15:19:46","guid":{"rendered":"https:\/\/boutiquebeautyclub.ch\/prodotto\/pro-age-retin-cream\/"},"modified":"2026-03-23T16:19:46","modified_gmt":"2026-03-23T15:19:46","slug":"pro-age-retin-cream","status":"publish","type":"product","link":"https:\/\/boutiquebeautyclub.ch\/fr\/prodotto\/pro-age-retin-cream\/","title":{"rendered":"Pro Age &#8211; Retin Cream"},"content":{"rendered":"<p>Une cr\u00e8me \u00e0 absorption rapide qui laisse la peau nourrie et merveilleusement douce. Contient un m\u00e9lange d&rsquo;acide hyaluronique et r\u00e9tino\u00efque, ainsi que des actifs d&rsquo;origine v\u00e9g\u00e9tale similaires au r\u00e9tinol et au collag\u00e8ne. Cela garantit un effet antirides, lisse les imperfections et unifie le teint.<\/p>\n<p>Il s&rsquo;agit d&rsquo;une combinaison de r\u00e9tinol d&rsquo;origine v\u00e9g\u00e9tale avec un m\u00e9lange d&rsquo;acide hyaluronique et d&rsquo;acide r\u00e9tino\u00efque, qui stimule la production de collag\u00e8ne, r\u00e9duit les rides d&rsquo;expression, am\u00e9liore l&rsquo;\u00e9lasticit\u00e9 et minimise les imperfections. La cr\u00e8me n&rsquo;est pas photosensible et ne provoque ni irritation ni rougeur.<\/p>\n<p><strong>Indications :<\/strong><\/p>\n<p>&#8211; Traitement du processus de vieillissement cutan\u00e9 caus\u00e9 par des facteurs internes et externes<\/p>\n<p>&#8211; Pour les peaux ayant un \u00e2ge biologique entre 30 et 45 ans<\/p>\n<p><strong>Effets<\/strong><\/p>\n<p>&#8211; R\u00e9duction des rides<\/p>\n<p>&#8211; Effet lissant<\/p>\n<p>&#8211; Unifie le teint<\/p>\n<p>&#8211; Raffermit la peau<\/p>\n<p><strong>Ingr\u00e9dients actifs<\/strong> :<\/p>\n<p>M\u00e9lange d&rsquo;acide hyaluronique et d&rsquo;acide r\u00e9tino\u00efque (plus efficace que le r\u00e9tinol pur), R\u00e9tinol d&rsquo;origine v\u00e9g\u00e9tale, d\u00e9riv\u00e9 de la plante Nicotiana benthamiana, Extrait v\u00e9g\u00e9tal de tara et d&rsquo;algues rouges, Similaire au collag\u00e8ne : Extrait v\u00e9g\u00e9tal d&rsquo;acacia (arbre africain)<\/p>\n","protected":false},"excerpt":{"rendered":"<p>Une cr\u00e8me \u00e0 absorption rapide qui laisse la peau nourrie et merveilleusement douce. Contient un m\u00e9lange d&rsquo;acide hyaluronique et r\u00e9tino\u00efque, ainsi que des actifs d&rsquo;origine v\u00e9g\u00e9tale similaires au r\u00e9tinol et au collag\u00e8ne. Cela garantit un effet antirides, lisse les imperfections et unifie le teint.<\/p>\n<p>Il s&rsquo;agit d&rsquo;une combinaison de r\u00e9tinol d&rsquo;origine v\u00e9g\u00e9tale avec un m\u00e9lange d&rsquo;acide hyaluronique et d&rsquo;acide r\u00e9tino\u00efque, qui stimule la production de collag\u00e8ne, r\u00e9duit les rides d&rsquo;expression, am\u00e9liore l&rsquo;\u00e9lasticit\u00e9 et minimise les imperfections. La cr\u00e8me n&rsquo;est pas photosensible et ne provoque ni irritation ni rougeur.<\/p>\n<p><strong>Indications :<\/strong><\/p>\n<p>&#8211; Traitement du processus de vieillissement cutan\u00e9 caus\u00e9 par des facteurs internes et externes<\/p>\n<p>&#8211; Pour les peaux ayant un \u00e2ge biologique entre 30 et 45 ans<\/p>\n<p><strong>Effets<\/strong><\/p>\n<p>&#8211; R\u00e9duction des rides<\/p>\n<p>&#8211; Effet lissant<\/p>\n<p>&#8211; Unifie le teint<\/p>\n<p>&#8211; Raffermit la peau<\/p>\n<p><strong>Ingr\u00e9dients actifs<\/strong> :<\/p>\n<p>M\u00e9lange d&rsquo;acide hyaluronique et d&rsquo;acide r\u00e9tino\u00efque (plus efficace que le r\u00e9tinol pur), R\u00e9tinol d&rsquo;origine v\u00e9g\u00e9tale, d\u00e9riv\u00e9 de la plante Nicotiana benthamiana, Extrait v\u00e9g\u00e9tal de tara et d&rsquo;algues rouges, Similaire au collag\u00e8ne : Extrait v\u00e9g\u00e9tal d&rsquo;acacia (arbre africain)<\/p>\n","protected":false},"featured_media":1445,"template":"","meta":[],"product_brand":[],"product_cat":[383],"product_tag":[],"class_list":{"0":"post-2335","1":"product","2":"type-product","3":"status-publish","4":"has-post-thumbnail","6":"product_cat-visage","8":"first","9":"instock","10":"shipping-taxable","11":"purchasable","12":"product-type-simple"},"yoast_head":"<!-- This site is optimized with the Yoast SEO plugin v27.6 - https:\/\/yoast.com\/product\/yoast-seo-wordpress\/ -->\n<title>Pro Age - Retin Cream - Boutique Beauty Club<\/title>\n<meta name=\"robots\" content=\"index, follow, max-snippet:-1, max-image-preview:large, max-video-preview:-1\" \/>\n<link rel=\"canonical\" href=\"https:\/\/boutiquebeautyclub.ch\/fr\/prodotto\/pro-age-retin-cream\/\" \/>\n<meta property=\"og:locale\" content=\"fr_FR\" \/>\n<meta property=\"og:type\" content=\"article\" \/>\n<meta property=\"og:title\" content=\"Pro Age - Retin Cream - Boutique Beauty Club\" \/>\n<meta property=\"og:description\" content=\"Une cr\u00e8me \u00e0 absorption rapide qui laisse la peau nourrie et merveilleusement douce. Contient un m\u00e9lange d&#039;acide hyaluronique et r\u00e9tino\u00efque, ainsi que des actifs d&#039;origine v\u00e9g\u00e9tale similaires au r\u00e9tinol et au collag\u00e8ne. Cela garantit un effet antirides, lisse les imperfections et unifie le teint. Il s&#039;agit d&#039;une combinaison de r\u00e9tinol d&#039;origine v\u00e9g\u00e9tale avec un m\u00e9lange d&#039;acide hyaluronique et d&#039;acide r\u00e9tino\u00efque, qui stimule la production de collag\u00e8ne, r\u00e9duit les rides d&#039;expression, am\u00e9liore l&#039;\u00e9lasticit\u00e9 et minimise les imperfections. La cr\u00e8me n&#039;est pas photosensible et ne provoque ni irritation ni rougeur. Indications : - Traitement du processus de vieillissement cutan\u00e9 caus\u00e9 par des facteurs internes et externes - Pour les peaux ayant un \u00e2ge biologique entre 30 et 45 ans Effets - R\u00e9duction des rides - Effet lissant - Unifie le teint - Raffermit la peau Ingr\u00e9dients actifs : M\u00e9lange d&#039;acide hyaluronique et d&#039;acide r\u00e9tino\u00efque (plus efficace que le r\u00e9tinol pur), R\u00e9tinol d&#039;origine v\u00e9g\u00e9tale, d\u00e9riv\u00e9 de la plante Nicotiana benthamiana, Extrait v\u00e9g\u00e9tal de tara et d&#039;algues rouges, Similaire au collag\u00e8ne : Extrait v\u00e9g\u00e9tal d&#039;acacia (arbre africain)\" \/>\n<meta property=\"og:url\" content=\"https:\/\/boutiquebeautyclub.ch\/fr\/prodotto\/pro-age-retin-cream\/\" \/>\n<meta property=\"og:site_name\" content=\"Boutique Beauty Club\" \/>\n<meta property=\"article:publisher\" content=\"https:\/\/www.facebook.com\/beautyclubesteticalosone\/\" \/>\n<meta property=\"og:image\" content=\"https:\/\/boutiquebeautyclub.ch\/wp-content\/uploads\/2026\/03\/WhatsApp-Image-2026-03-23-at-15.01.52.jpeg\" \/>\n\t<meta property=\"og:image:width\" content=\"1600\" \/>\n\t<meta property=\"og:image:height\" content=\"1600\" \/>\n\t<meta property=\"og:image:type\" content=\"image\/jpeg\" \/>\n<meta name=\"twitter:card\" content=\"summary_large_image\" \/>\n<meta name=\"twitter:label1\" content=\"Dur\u00e9e de lecture estim\u00e9e\" \/>\n\t<meta name=\"twitter:data1\" content=\"1 minute\" \/>\n<script type=\"application\/ld+json\" class=\"yoast-schema-graph\">{\"@context\":\"https:\\\/\\\/schema.org\",\"@graph\":[{\"@type\":\"WebPage\",\"@id\":\"https:\\\/\\\/boutiquebeautyclub.ch\\\/fr\\\/prodotto\\\/pro-age-retin-cream\\\/\",\"url\":\"https:\\\/\\\/boutiquebeautyclub.ch\\\/fr\\\/prodotto\\\/pro-age-retin-cream\\\/\",\"name\":\"Pro Age - Retin Cream - Boutique Beauty Club\",\"isPartOf\":{\"@id\":\"https:\\\/\\\/boutiquebeautyclub.ch\\\/fr\\\/#website\"},\"primaryImageOfPage\":{\"@id\":\"https:\\\/\\\/boutiquebeautyclub.ch\\\/fr\\\/prodotto\\\/pro-age-retin-cream\\\/#primaryimage\"},\"image\":{\"@id\":\"https:\\\/\\\/boutiquebeautyclub.ch\\\/fr\\\/prodotto\\\/pro-age-retin-cream\\\/#primaryimage\"},\"thumbnailUrl\":\"https:\\\/\\\/boutiquebeautyclub.ch\\\/wp-content\\\/uploads\\\/2026\\\/03\\\/WhatsApp-Image-2026-03-23-at-15.01.52.jpeg\",\"datePublished\":\"2026-03-23T15:19:46+00:00\",\"breadcrumb\":{\"@id\":\"https:\\\/\\\/boutiquebeautyclub.ch\\\/fr\\\/prodotto\\\/pro-age-retin-cream\\\/#breadcrumb\"},\"inLanguage\":\"fr-FR\",\"potentialAction\":[{\"@type\":\"ReadAction\",\"target\":[\"https:\\\/\\\/boutiquebeautyclub.ch\\\/fr\\\/prodotto\\\/pro-age-retin-cream\\\/\"]}]},{\"@type\":\"ImageObject\",\"inLanguage\":\"fr-FR\",\"@id\":\"https:\\\/\\\/boutiquebeautyclub.ch\\\/fr\\\/prodotto\\\/pro-age-retin-cream\\\/#primaryimage\",\"url\":\"https:\\\/\\\/boutiquebeautyclub.ch\\\/wp-content\\\/uploads\\\/2026\\\/03\\\/WhatsApp-Image-2026-03-23-at-15.01.52.jpeg\",\"contentUrl\":\"https:\\\/\\\/boutiquebeautyclub.ch\\\/wp-content\\\/uploads\\\/2026\\\/03\\\/WhatsApp-Image-2026-03-23-at-15.01.52.jpeg\",\"width\":1600,\"height\":1600},{\"@type\":\"BreadcrumbList\",\"@id\":\"https:\\\/\\\/boutiquebeautyclub.ch\\\/fr\\\/prodotto\\\/pro-age-retin-cream\\\/#breadcrumb\",\"itemListElement\":[{\"@type\":\"ListItem\",\"position\":1,\"name\":\"Home\",\"item\":\"https:\\\/\\\/boutiquebeautyclub.ch\\\/fr\\\/\"},{\"@type\":\"ListItem\",\"position\":2,\"name\":\"Boutique\",\"item\":\"https:\\\/\\\/boutiquebeautyclub.ch\\\/fr\\\/boutique\\\/\"},{\"@type\":\"ListItem\",\"position\":3,\"name\":\"Pro Age &#8211; Retin Cream\"}]},{\"@type\":\"WebSite\",\"@id\":\"https:\\\/\\\/boutiquebeautyclub.ch\\\/fr\\\/#website\",\"url\":\"https:\\\/\\\/boutiquebeautyclub.ch\\\/fr\\\/\",\"name\":\"Boutique Beauty Club\",\"description\":\"Il tuo punto di riferimento per la bellezza e il benessere.\",\"publisher\":{\"@id\":\"https:\\\/\\\/boutiquebeautyclub.ch\\\/fr\\\/#organization\"},\"potentialAction\":[{\"@type\":\"SearchAction\",\"target\":{\"@type\":\"EntryPoint\",\"urlTemplate\":\"https:\\\/\\\/boutiquebeautyclub.ch\\\/fr\\\/?s={search_term_string}\"},\"query-input\":{\"@type\":\"PropertyValueSpecification\",\"valueRequired\":true,\"valueName\":\"search_term_string\"}}],\"inLanguage\":\"fr-FR\"},{\"@type\":\"Organization\",\"@id\":\"https:\\\/\\\/boutiquebeautyclub.ch\\\/fr\\\/#organization\",\"name\":\"Boutique Beauty Club\",\"url\":\"https:\\\/\\\/boutiquebeautyclub.ch\\\/fr\\\/\",\"logo\":{\"@type\":\"ImageObject\",\"inLanguage\":\"fr-FR\",\"@id\":\"https:\\\/\\\/boutiquebeautyclub.ch\\\/fr\\\/#\\\/schema\\\/logo\\\/image\\\/\",\"url\":\"https:\\\/\\\/boutiquebeautyclub.ch\\\/wp-content\\\/uploads\\\/2025\\\/07\\\/logo.png\",\"contentUrl\":\"https:\\\/\\\/boutiquebeautyclub.ch\\\/wp-content\\\/uploads\\\/2025\\\/07\\\/logo.png\",\"width\":600,\"height\":248,\"caption\":\"Boutique Beauty Club\"},\"image\":{\"@id\":\"https:\\\/\\\/boutiquebeautyclub.ch\\\/fr\\\/#\\\/schema\\\/logo\\\/image\\\/\"},\"sameAs\":[\"https:\\\/\\\/www.facebook.com\\\/beautyclubesteticalosone\\\/\",\"https:\\\/\\\/www.instagram.com\\\/beautyclubestetica\\\/?hl=it\"]}]}<\/script>\n<!-- \/ Yoast SEO plugin. -->","yoast_head_json":{"title":"Pro Age - Retin Cream - Boutique Beauty Club","robots":{"index":"index","follow":"follow","max-snippet":"max-snippet:-1","max-image-preview":"max-image-preview:large","max-video-preview":"max-video-preview:-1"},"canonical":"https:\/\/boutiquebeautyclub.ch\/fr\/prodotto\/pro-age-retin-cream\/","og_locale":"fr_FR","og_type":"article","og_title":"Pro Age - Retin Cream - Boutique Beauty Club","og_description":"Une cr\u00e8me \u00e0 absorption rapide qui laisse la peau nourrie et merveilleusement douce. Contient un m\u00e9lange d'acide hyaluronique et r\u00e9tino\u00efque, ainsi que des actifs d'origine v\u00e9g\u00e9tale similaires au r\u00e9tinol et au collag\u00e8ne. Cela garantit un effet antirides, lisse les imperfections et unifie le teint. Il s'agit d'une combinaison de r\u00e9tinol d'origine v\u00e9g\u00e9tale avec un m\u00e9lange d'acide hyaluronique et d'acide r\u00e9tino\u00efque, qui stimule la production de collag\u00e8ne, r\u00e9duit les rides d'expression, am\u00e9liore l'\u00e9lasticit\u00e9 et minimise les imperfections. La cr\u00e8me n'est pas photosensible et ne provoque ni irritation ni rougeur. Indications : - Traitement du processus de vieillissement cutan\u00e9 caus\u00e9 par des facteurs internes et externes - Pour les peaux ayant un \u00e2ge biologique entre 30 et 45 ans Effets - R\u00e9duction des rides - Effet lissant - Unifie le teint - Raffermit la peau Ingr\u00e9dients actifs : M\u00e9lange d'acide hyaluronique et d'acide r\u00e9tino\u00efque (plus efficace que le r\u00e9tinol pur), R\u00e9tinol d'origine v\u00e9g\u00e9tale, d\u00e9riv\u00e9 de la plante Nicotiana benthamiana, Extrait v\u00e9g\u00e9tal de tara et d'algues rouges, Similaire au collag\u00e8ne : Extrait v\u00e9g\u00e9tal d'acacia (arbre africain)","og_url":"https:\/\/boutiquebeautyclub.ch\/fr\/prodotto\/pro-age-retin-cream\/","og_site_name":"Boutique Beauty Club","article_publisher":"https:\/\/www.facebook.com\/beautyclubesteticalosone\/","og_image":[{"width":1600,"height":1600,"url":"https:\/\/boutiquebeautyclub.ch\/wp-content\/uploads\/2026\/03\/WhatsApp-Image-2026-03-23-at-15.01.52.jpeg","type":"image\/jpeg"}],"twitter_card":"summary_large_image","twitter_misc":{"Dur\u00e9e de lecture estim\u00e9e":"1 minute"},"schema":{"@context":"https:\/\/schema.org","@graph":[{"@type":"WebPage","@id":"https:\/\/boutiquebeautyclub.ch\/fr\/prodotto\/pro-age-retin-cream\/","url":"https:\/\/boutiquebeautyclub.ch\/fr\/prodotto\/pro-age-retin-cream\/","name":"Pro Age - Retin Cream - Boutique Beauty Club","isPartOf":{"@id":"https:\/\/boutiquebeautyclub.ch\/fr\/#website"},"primaryImageOfPage":{"@id":"https:\/\/boutiquebeautyclub.ch\/fr\/prodotto\/pro-age-retin-cream\/#primaryimage"},"image":{"@id":"https:\/\/boutiquebeautyclub.ch\/fr\/prodotto\/pro-age-retin-cream\/#primaryimage"},"thumbnailUrl":"https:\/\/boutiquebeautyclub.ch\/wp-content\/uploads\/2026\/03\/WhatsApp-Image-2026-03-23-at-15.01.52.jpeg","datePublished":"2026-03-23T15:19:46+00:00","breadcrumb":{"@id":"https:\/\/boutiquebeautyclub.ch\/fr\/prodotto\/pro-age-retin-cream\/#breadcrumb"},"inLanguage":"fr-FR","potentialAction":[{"@type":"ReadAction","target":["https:\/\/boutiquebeautyclub.ch\/fr\/prodotto\/pro-age-retin-cream\/"]}]},{"@type":"ImageObject","inLanguage":"fr-FR","@id":"https:\/\/boutiquebeautyclub.ch\/fr\/prodotto\/pro-age-retin-cream\/#primaryimage","url":"https:\/\/boutiquebeautyclub.ch\/wp-content\/uploads\/2026\/03\/WhatsApp-Image-2026-03-23-at-15.01.52.jpeg","contentUrl":"https:\/\/boutiquebeautyclub.ch\/wp-content\/uploads\/2026\/03\/WhatsApp-Image-2026-03-23-at-15.01.52.jpeg","width":1600,"height":1600},{"@type":"BreadcrumbList","@id":"https:\/\/boutiquebeautyclub.ch\/fr\/prodotto\/pro-age-retin-cream\/#breadcrumb","itemListElement":[{"@type":"ListItem","position":1,"name":"Home","item":"https:\/\/boutiquebeautyclub.ch\/fr\/"},{"@type":"ListItem","position":2,"name":"Boutique","item":"https:\/\/boutiquebeautyclub.ch\/fr\/boutique\/"},{"@type":"ListItem","position":3,"name":"Pro Age &#8211; Retin Cream"}]},{"@type":"WebSite","@id":"https:\/\/boutiquebeautyclub.ch\/fr\/#website","url":"https:\/\/boutiquebeautyclub.ch\/fr\/","name":"Boutique Beauty Club","description":"Il tuo punto di riferimento per la bellezza e il benessere.","publisher":{"@id":"https:\/\/boutiquebeautyclub.ch\/fr\/#organization"},"potentialAction":[{"@type":"SearchAction","target":{"@type":"EntryPoint","urlTemplate":"https:\/\/boutiquebeautyclub.ch\/fr\/?s={search_term_string}"},"query-input":{"@type":"PropertyValueSpecification","valueRequired":true,"valueName":"search_term_string"}}],"inLanguage":"fr-FR"},{"@type":"Organization","@id":"https:\/\/boutiquebeautyclub.ch\/fr\/#organization","name":"Boutique Beauty Club","url":"https:\/\/boutiquebeautyclub.ch\/fr\/","logo":{"@type":"ImageObject","inLanguage":"fr-FR","@id":"https:\/\/boutiquebeautyclub.ch\/fr\/#\/schema\/logo\/image\/","url":"https:\/\/boutiquebeautyclub.ch\/wp-content\/uploads\/2025\/07\/logo.png","contentUrl":"https:\/\/boutiquebeautyclub.ch\/wp-content\/uploads\/2025\/07\/logo.png","width":600,"height":248,"caption":"Boutique Beauty Club"},"image":{"@id":"https:\/\/boutiquebeautyclub.ch\/fr\/#\/schema\/logo\/image\/"},"sameAs":["https:\/\/www.facebook.com\/beautyclubesteticalosone\/","https:\/\/www.instagram.com\/beautyclubestetica\/?hl=it"]}]}},"_links":{"self":[{"href":"https:\/\/boutiquebeautyclub.ch\/fr\/wp-json\/wp\/v2\/product\/2335","targetHints":{"allow":["GET"]}}],"collection":[{"href":"https:\/\/boutiquebeautyclub.ch\/fr\/wp-json\/wp\/v2\/product"}],"about":[{"href":"https:\/\/boutiquebeautyclub.ch\/fr\/wp-json\/wp\/v2\/types\/product"}],"wp:featuredmedia":[{"embeddable":true,"href":"https:\/\/boutiquebeautyclub.ch\/fr\/wp-json\/wp\/v2\/media\/1445"}],"wp:attachment":[{"href":"https:\/\/boutiquebeautyclub.ch\/fr\/wp-json\/wp\/v2\/media?parent=2335"}],"wp:term":[{"taxonomy":"product_brand","embeddable":true,"href":"https:\/\/boutiquebeautyclub.ch\/fr\/wp-json\/wp\/v2\/product_brand?post=2335"},{"taxonomy":"product_cat","embeddable":true,"href":"https:\/\/boutiquebeautyclub.ch\/fr\/wp-json\/wp\/v2\/product_cat?post=2335"},{"taxonomy":"product_tag","embeddable":true,"href":"https:\/\/boutiquebeautyclub.ch\/fr\/wp-json\/wp\/v2\/product_tag?post=2335"}],"curies":[{"name":"wp","href":"https:\/\/api.w.org\/{rel}","templated":true}]}}