{"id":2342,"date":"2026-03-23T16:30:37","date_gmt":"2026-03-23T15:30:37","guid":{"rendered":"https:\/\/boutiquebeautyclub.ch\/prodotto\/myotec-eye-lift-contour\/"},"modified":"2026-03-23T16:30:37","modified_gmt":"2026-03-23T15:30:37","slug":"myotec-eye-lift-contour","status":"publish","type":"product","link":"https:\/\/boutiquebeautyclub.ch\/fr\/prodotto\/myotec-eye-lift-contour\/","title":{"rendered":"Myotec Eye Lift Contour"},"content":{"rendered":"<p>Un produit qui traite les probl\u00e8mes de la peau du contour des yeux : r\u00e9duit les rides d&rsquo;expression, att\u00e9nue les cernes et les poches, raffermit et lisse les paupi\u00e8res. Myotec Eye Lift Contour offre un soin d\u00e9licat et cr\u00e9e un film velout\u00e9 sans laisser de r\u00e9sidus ni d&rsquo;effet collant.<\/p>\n<p><strong>Indications :<\/strong><\/p>\n<p>&#8211; Soin du contour des yeux avec effet Botox et raffermissement des paupi\u00e8res<\/p>\n<p>&#8211; Pour tous les types de peau<\/p>\n<p><strong>Effets<\/strong><\/p>\n<p>&#8211; Effet Botox<\/p>\n<p>&#8211; R\u00e9duit les rides d&rsquo;expression<\/p>\n<p>&#8211; Effet lifting des paupi\u00e8res<\/p>\n<p>&#8211; Combat les poches et les cernes<\/p>\n<p><strong>Ingr\u00e9dients actifs :<\/strong><\/p>\n<p>Actyl hexapeptide-1 (produit l&rsquo;effet Botox), complexe d&rsquo;arbre \u00e0 soie avec Siegesbeckia orientalis, complexe d&rsquo;acides amin\u00e9s de soja et de riz, beurre de karit\u00e9, huile de coco.<\/p>\n","protected":false},"excerpt":{"rendered":"<p>Un produit qui traite les probl\u00e8mes de la peau du contour des yeux : r\u00e9duit les rides d&rsquo;expression, att\u00e9nue les cernes et les poches, raffermit et lisse les paupi\u00e8res. Myotec Eye Lift Contour offre un soin d\u00e9licat et cr\u00e9e un film velout\u00e9 sans laisser de r\u00e9sidus ni d&rsquo;effet collant.<\/p>\n<p><strong>Indications :<\/strong><\/p>\n<p>&#8211; Soin du contour des yeux avec effet Botox et raffermissement des paupi\u00e8res<\/p>\n<p>&#8211; Pour tous les types de peau<\/p>\n<p><strong>Effets<\/strong><\/p>\n<p>&#8211; Effet Botox<\/p>\n<p>&#8211; R\u00e9duit les rides d&rsquo;expression<\/p>\n<p>&#8211; Effet lifting des paupi\u00e8res<\/p>\n<p>&#8211; Combat les poches et les cernes<\/p>\n<p><strong>Ingr\u00e9dients actifs :<\/strong><\/p>\n<p>Actyl hexapeptide-1 (produit l&rsquo;effet Botox), complexe d&rsquo;arbre \u00e0 soie avec Siegesbeckia orientalis, complexe d&rsquo;acides amin\u00e9s de soja et de riz, beurre de karit\u00e9, huile de coco.<\/p>\n","protected":false},"featured_media":1445,"template":"","meta":[],"product_brand":[],"product_cat":[383],"product_tag":[],"class_list":{"0":"post-2342","1":"product","2":"type-product","3":"status-publish","4":"has-post-thumbnail","6":"product_cat-visage","8":"first","9":"instock","10":"shipping-taxable","11":"purchasable","12":"product-type-simple"},"yoast_head":"<!-- This site is optimized with the Yoast SEO plugin v27.6 - https:\/\/yoast.com\/product\/yoast-seo-wordpress\/ -->\n<title>Myotec Eye Lift Contour - Boutique Beauty Club<\/title>\n<meta name=\"robots\" content=\"index, follow, max-snippet:-1, max-image-preview:large, max-video-preview:-1\" \/>\n<link rel=\"canonical\" href=\"https:\/\/boutiquebeautyclub.ch\/fr\/prodotto\/myotec-eye-lift-contour\/\" \/>\n<meta property=\"og:locale\" content=\"fr_FR\" \/>\n<meta property=\"og:type\" content=\"article\" \/>\n<meta property=\"og:title\" content=\"Myotec Eye Lift Contour - Boutique Beauty Club\" \/>\n<meta property=\"og:description\" content=\"Un produit qui traite les probl\u00e8mes de la peau du contour des yeux : r\u00e9duit les rides d&#039;expression, att\u00e9nue les cernes et les poches, raffermit et lisse les paupi\u00e8res. Myotec Eye Lift Contour offre un soin d\u00e9licat et cr\u00e9e un film velout\u00e9 sans laisser de r\u00e9sidus ni d&#039;effet collant. Indications : - Soin du contour des yeux avec effet Botox et raffermissement des paupi\u00e8res - Pour tous les types de peau Effets - Effet Botox - R\u00e9duit les rides d&#039;expression - Effet lifting des paupi\u00e8res - Combat les poches et les cernes Ingr\u00e9dients actifs : Actyl hexapeptide-1 (produit l&#039;effet Botox), complexe d&#039;arbre \u00e0 soie avec Siegesbeckia orientalis, complexe d&#039;acides amin\u00e9s de soja et de riz, beurre de karit\u00e9, huile de coco.\" \/>\n<meta property=\"og:url\" content=\"https:\/\/boutiquebeautyclub.ch\/fr\/prodotto\/myotec-eye-lift-contour\/\" \/>\n<meta property=\"og:site_name\" content=\"Boutique Beauty Club\" \/>\n<meta property=\"article:publisher\" content=\"https:\/\/www.facebook.com\/beautyclubesteticalosone\/\" \/>\n<meta property=\"og:image\" content=\"https:\/\/boutiquebeautyclub.ch\/wp-content\/uploads\/2026\/03\/WhatsApp-Image-2026-03-23-at-15.01.52.jpeg\" \/>\n\t<meta property=\"og:image:width\" content=\"1600\" \/>\n\t<meta property=\"og:image:height\" content=\"1600\" \/>\n\t<meta property=\"og:image:type\" content=\"image\/jpeg\" \/>\n<meta name=\"twitter:card\" content=\"summary_large_image\" \/>\n<meta name=\"twitter:label1\" content=\"Dur\u00e9e de lecture estim\u00e9e\" \/>\n\t<meta name=\"twitter:data1\" content=\"1 minute\" \/>\n<script type=\"application\/ld+json\" class=\"yoast-schema-graph\">{\"@context\":\"https:\\\/\\\/schema.org\",\"@graph\":[{\"@type\":\"WebPage\",\"@id\":\"https:\\\/\\\/boutiquebeautyclub.ch\\\/fr\\\/prodotto\\\/myotec-eye-lift-contour\\\/\",\"url\":\"https:\\\/\\\/boutiquebeautyclub.ch\\\/fr\\\/prodotto\\\/myotec-eye-lift-contour\\\/\",\"name\":\"Myotec Eye Lift Contour - Boutique Beauty Club\",\"isPartOf\":{\"@id\":\"https:\\\/\\\/boutiquebeautyclub.ch\\\/fr\\\/#website\"},\"primaryImageOfPage\":{\"@id\":\"https:\\\/\\\/boutiquebeautyclub.ch\\\/fr\\\/prodotto\\\/myotec-eye-lift-contour\\\/#primaryimage\"},\"image\":{\"@id\":\"https:\\\/\\\/boutiquebeautyclub.ch\\\/fr\\\/prodotto\\\/myotec-eye-lift-contour\\\/#primaryimage\"},\"thumbnailUrl\":\"https:\\\/\\\/boutiquebeautyclub.ch\\\/wp-content\\\/uploads\\\/2026\\\/03\\\/WhatsApp-Image-2026-03-23-at-15.01.52.jpeg\",\"datePublished\":\"2026-03-23T15:30:37+00:00\",\"breadcrumb\":{\"@id\":\"https:\\\/\\\/boutiquebeautyclub.ch\\\/fr\\\/prodotto\\\/myotec-eye-lift-contour\\\/#breadcrumb\"},\"inLanguage\":\"fr-FR\",\"potentialAction\":[{\"@type\":\"ReadAction\",\"target\":[\"https:\\\/\\\/boutiquebeautyclub.ch\\\/fr\\\/prodotto\\\/myotec-eye-lift-contour\\\/\"]}]},{\"@type\":\"ImageObject\",\"inLanguage\":\"fr-FR\",\"@id\":\"https:\\\/\\\/boutiquebeautyclub.ch\\\/fr\\\/prodotto\\\/myotec-eye-lift-contour\\\/#primaryimage\",\"url\":\"https:\\\/\\\/boutiquebeautyclub.ch\\\/wp-content\\\/uploads\\\/2026\\\/03\\\/WhatsApp-Image-2026-03-23-at-15.01.52.jpeg\",\"contentUrl\":\"https:\\\/\\\/boutiquebeautyclub.ch\\\/wp-content\\\/uploads\\\/2026\\\/03\\\/WhatsApp-Image-2026-03-23-at-15.01.52.jpeg\",\"width\":1600,\"height\":1600},{\"@type\":\"BreadcrumbList\",\"@id\":\"https:\\\/\\\/boutiquebeautyclub.ch\\\/fr\\\/prodotto\\\/myotec-eye-lift-contour\\\/#breadcrumb\",\"itemListElement\":[{\"@type\":\"ListItem\",\"position\":1,\"name\":\"Home\",\"item\":\"https:\\\/\\\/boutiquebeautyclub.ch\\\/fr\\\/\"},{\"@type\":\"ListItem\",\"position\":2,\"name\":\"Boutique\",\"item\":\"https:\\\/\\\/boutiquebeautyclub.ch\\\/fr\\\/boutique\\\/\"},{\"@type\":\"ListItem\",\"position\":3,\"name\":\"Myotec Eye Lift Contour\"}]},{\"@type\":\"WebSite\",\"@id\":\"https:\\\/\\\/boutiquebeautyclub.ch\\\/fr\\\/#website\",\"url\":\"https:\\\/\\\/boutiquebeautyclub.ch\\\/fr\\\/\",\"name\":\"Boutique Beauty Club\",\"description\":\"Il tuo punto di riferimento per la bellezza e il benessere.\",\"publisher\":{\"@id\":\"https:\\\/\\\/boutiquebeautyclub.ch\\\/fr\\\/#organization\"},\"potentialAction\":[{\"@type\":\"SearchAction\",\"target\":{\"@type\":\"EntryPoint\",\"urlTemplate\":\"https:\\\/\\\/boutiquebeautyclub.ch\\\/fr\\\/?s={search_term_string}\"},\"query-input\":{\"@type\":\"PropertyValueSpecification\",\"valueRequired\":true,\"valueName\":\"search_term_string\"}}],\"inLanguage\":\"fr-FR\"},{\"@type\":\"Organization\",\"@id\":\"https:\\\/\\\/boutiquebeautyclub.ch\\\/fr\\\/#organization\",\"name\":\"Boutique Beauty Club\",\"url\":\"https:\\\/\\\/boutiquebeautyclub.ch\\\/fr\\\/\",\"logo\":{\"@type\":\"ImageObject\",\"inLanguage\":\"fr-FR\",\"@id\":\"https:\\\/\\\/boutiquebeautyclub.ch\\\/fr\\\/#\\\/schema\\\/logo\\\/image\\\/\",\"url\":\"https:\\\/\\\/boutiquebeautyclub.ch\\\/wp-content\\\/uploads\\\/2025\\\/07\\\/logo.png\",\"contentUrl\":\"https:\\\/\\\/boutiquebeautyclub.ch\\\/wp-content\\\/uploads\\\/2025\\\/07\\\/logo.png\",\"width\":600,\"height\":248,\"caption\":\"Boutique Beauty Club\"},\"image\":{\"@id\":\"https:\\\/\\\/boutiquebeautyclub.ch\\\/fr\\\/#\\\/schema\\\/logo\\\/image\\\/\"},\"sameAs\":[\"https:\\\/\\\/www.facebook.com\\\/beautyclubesteticalosone\\\/\",\"https:\\\/\\\/www.instagram.com\\\/beautyclubestetica\\\/?hl=it\"]}]}<\/script>\n<!-- \/ Yoast SEO plugin. -->","yoast_head_json":{"title":"Myotec Eye Lift Contour - Boutique Beauty Club","robots":{"index":"index","follow":"follow","max-snippet":"max-snippet:-1","max-image-preview":"max-image-preview:large","max-video-preview":"max-video-preview:-1"},"canonical":"https:\/\/boutiquebeautyclub.ch\/fr\/prodotto\/myotec-eye-lift-contour\/","og_locale":"fr_FR","og_type":"article","og_title":"Myotec Eye Lift Contour - Boutique Beauty Club","og_description":"Un produit qui traite les probl\u00e8mes de la peau du contour des yeux : r\u00e9duit les rides d'expression, att\u00e9nue les cernes et les poches, raffermit et lisse les paupi\u00e8res. Myotec Eye Lift Contour offre un soin d\u00e9licat et cr\u00e9e un film velout\u00e9 sans laisser de r\u00e9sidus ni d'effet collant. Indications : - Soin du contour des yeux avec effet Botox et raffermissement des paupi\u00e8res - Pour tous les types de peau Effets - Effet Botox - R\u00e9duit les rides d'expression - Effet lifting des paupi\u00e8res - Combat les poches et les cernes Ingr\u00e9dients actifs : Actyl hexapeptide-1 (produit l'effet Botox), complexe d'arbre \u00e0 soie avec Siegesbeckia orientalis, complexe d'acides amin\u00e9s de soja et de riz, beurre de karit\u00e9, huile de coco.","og_url":"https:\/\/boutiquebeautyclub.ch\/fr\/prodotto\/myotec-eye-lift-contour\/","og_site_name":"Boutique Beauty Club","article_publisher":"https:\/\/www.facebook.com\/beautyclubesteticalosone\/","og_image":[{"width":1600,"height":1600,"url":"https:\/\/boutiquebeautyclub.ch\/wp-content\/uploads\/2026\/03\/WhatsApp-Image-2026-03-23-at-15.01.52.jpeg","type":"image\/jpeg"}],"twitter_card":"summary_large_image","twitter_misc":{"Dur\u00e9e de lecture estim\u00e9e":"1 minute"},"schema":{"@context":"https:\/\/schema.org","@graph":[{"@type":"WebPage","@id":"https:\/\/boutiquebeautyclub.ch\/fr\/prodotto\/myotec-eye-lift-contour\/","url":"https:\/\/boutiquebeautyclub.ch\/fr\/prodotto\/myotec-eye-lift-contour\/","name":"Myotec Eye Lift Contour - Boutique Beauty Club","isPartOf":{"@id":"https:\/\/boutiquebeautyclub.ch\/fr\/#website"},"primaryImageOfPage":{"@id":"https:\/\/boutiquebeautyclub.ch\/fr\/prodotto\/myotec-eye-lift-contour\/#primaryimage"},"image":{"@id":"https:\/\/boutiquebeautyclub.ch\/fr\/prodotto\/myotec-eye-lift-contour\/#primaryimage"},"thumbnailUrl":"https:\/\/boutiquebeautyclub.ch\/wp-content\/uploads\/2026\/03\/WhatsApp-Image-2026-03-23-at-15.01.52.jpeg","datePublished":"2026-03-23T15:30:37+00:00","breadcrumb":{"@id":"https:\/\/boutiquebeautyclub.ch\/fr\/prodotto\/myotec-eye-lift-contour\/#breadcrumb"},"inLanguage":"fr-FR","potentialAction":[{"@type":"ReadAction","target":["https:\/\/boutiquebeautyclub.ch\/fr\/prodotto\/myotec-eye-lift-contour\/"]}]},{"@type":"ImageObject","inLanguage":"fr-FR","@id":"https:\/\/boutiquebeautyclub.ch\/fr\/prodotto\/myotec-eye-lift-contour\/#primaryimage","url":"https:\/\/boutiquebeautyclub.ch\/wp-content\/uploads\/2026\/03\/WhatsApp-Image-2026-03-23-at-15.01.52.jpeg","contentUrl":"https:\/\/boutiquebeautyclub.ch\/wp-content\/uploads\/2026\/03\/WhatsApp-Image-2026-03-23-at-15.01.52.jpeg","width":1600,"height":1600},{"@type":"BreadcrumbList","@id":"https:\/\/boutiquebeautyclub.ch\/fr\/prodotto\/myotec-eye-lift-contour\/#breadcrumb","itemListElement":[{"@type":"ListItem","position":1,"name":"Home","item":"https:\/\/boutiquebeautyclub.ch\/fr\/"},{"@type":"ListItem","position":2,"name":"Boutique","item":"https:\/\/boutiquebeautyclub.ch\/fr\/boutique\/"},{"@type":"ListItem","position":3,"name":"Myotec Eye Lift Contour"}]},{"@type":"WebSite","@id":"https:\/\/boutiquebeautyclub.ch\/fr\/#website","url":"https:\/\/boutiquebeautyclub.ch\/fr\/","name":"Boutique Beauty Club","description":"Il tuo punto di riferimento per la bellezza e il benessere.","publisher":{"@id":"https:\/\/boutiquebeautyclub.ch\/fr\/#organization"},"potentialAction":[{"@type":"SearchAction","target":{"@type":"EntryPoint","urlTemplate":"https:\/\/boutiquebeautyclub.ch\/fr\/?s={search_term_string}"},"query-input":{"@type":"PropertyValueSpecification","valueRequired":true,"valueName":"search_term_string"}}],"inLanguage":"fr-FR"},{"@type":"Organization","@id":"https:\/\/boutiquebeautyclub.ch\/fr\/#organization","name":"Boutique Beauty Club","url":"https:\/\/boutiquebeautyclub.ch\/fr\/","logo":{"@type":"ImageObject","inLanguage":"fr-FR","@id":"https:\/\/boutiquebeautyclub.ch\/fr\/#\/schema\/logo\/image\/","url":"https:\/\/boutiquebeautyclub.ch\/wp-content\/uploads\/2025\/07\/logo.png","contentUrl":"https:\/\/boutiquebeautyclub.ch\/wp-content\/uploads\/2025\/07\/logo.png","width":600,"height":248,"caption":"Boutique Beauty Club"},"image":{"@id":"https:\/\/boutiquebeautyclub.ch\/fr\/#\/schema\/logo\/image\/"},"sameAs":["https:\/\/www.facebook.com\/beautyclubesteticalosone\/","https:\/\/www.instagram.com\/beautyclubestetica\/?hl=it"]}]}},"_links":{"self":[{"href":"https:\/\/boutiquebeautyclub.ch\/fr\/wp-json\/wp\/v2\/product\/2342","targetHints":{"allow":["GET"]}}],"collection":[{"href":"https:\/\/boutiquebeautyclub.ch\/fr\/wp-json\/wp\/v2\/product"}],"about":[{"href":"https:\/\/boutiquebeautyclub.ch\/fr\/wp-json\/wp\/v2\/types\/product"}],"wp:featuredmedia":[{"embeddable":true,"href":"https:\/\/boutiquebeautyclub.ch\/fr\/wp-json\/wp\/v2\/media\/1445"}],"wp:attachment":[{"href":"https:\/\/boutiquebeautyclub.ch\/fr\/wp-json\/wp\/v2\/media?parent=2342"}],"wp:term":[{"taxonomy":"product_brand","embeddable":true,"href":"https:\/\/boutiquebeautyclub.ch\/fr\/wp-json\/wp\/v2\/product_brand?post=2342"},{"taxonomy":"product_cat","embeddable":true,"href":"https:\/\/boutiquebeautyclub.ch\/fr\/wp-json\/wp\/v2\/product_cat?post=2342"},{"taxonomy":"product_tag","embeddable":true,"href":"https:\/\/boutiquebeautyclub.ch\/fr\/wp-json\/wp\/v2\/product_tag?post=2342"}],"curies":[{"name":"wp","href":"https:\/\/api.w.org\/{rel}","templated":true}]}}