{"id":2352,"date":"2026-02-03T14:50:11","date_gmt":"2026-02-03T13:50:11","guid":{"rendered":"https:\/\/boutiquebeautyclub.ch\/prodotto\/nature-candle-meditazione-rose-et-mures-sauvages\/"},"modified":"2026-02-03T14:50:11","modified_gmt":"2026-02-03T13:50:11","slug":"nature-candle-meditazione-rose-et-mures-sauvages","status":"publish","type":"product","link":"https:\/\/boutiquebeautyclub.ch\/fr\/prodotto\/nature-candle-meditazione-rose-et-mures-sauvages\/","title":{"rendered":"NATURE CANDLE &#8211; MEDITAZIONE (rose et m\u00fbres sauvages)"},"content":{"rendered":"<ul>\n<li>Bougie en cire 100 % v\u00e9g\u00e9tale : \u00e9cologique, durable et biod\u00e9gradable, elle ne lib\u00e8re aucune substance nocive dans l&rsquo;environnement.<\/li>\n<li>Made in Italy : les bougies de fabrication artisanale sont toutes travaill\u00e9es en Italie pour garantir une qualit\u00e9 maximale.<\/li>\n<li>Composants s\u00fbrs : colorants soigneusement s\u00e9lectionn\u00e9s pour garantir qualit\u00e9 et s\u00e9curit\u00e9 (certifi\u00e9 RAL). M\u00e8che en pur coton 100 % naturel, sans nickel ni plomb (certifi\u00e9 REACH). <\/li>\n<li>Fragrances : chaque bougie contient 10 % de fragrance concentr\u00e9e de tr\u00e8s haute qualit\u00e9, conforme aux normes de non-toxicit\u00e9 des parfums impos\u00e9es par l&rsquo;IFRA.<\/li>\n<li>S\u00e9curit\u00e9 maximale : la bougie s&rsquo;\u00e9teint automatiquement lorsqu&rsquo;il reste environ 1\/2 cm de cire au fond.<\/li>\n<\/ul>\n<p>PARFUM : ROSE ET M\u00dbRES SAUVAGES<\/p>\n","protected":false},"excerpt":{"rendered":"<ul>\n<li>Bougie en cire 100 % v\u00e9g\u00e9tale : \u00e9cologique, durable et biod\u00e9gradable, elle ne lib\u00e8re aucune substance nocive dans l&rsquo;environnement.<\/li>\n<li>Made in Italy : les bougies de fabrication artisanale sont toutes travaill\u00e9es en Italie pour garantir une qualit\u00e9 maximale.<\/li>\n<li>Composants s\u00fbrs : colorants soigneusement s\u00e9lectionn\u00e9s pour garantir qualit\u00e9 et s\u00e9curit\u00e9 (certifi\u00e9 RAL). M\u00e8che en pur coton 100 % naturel, sans nickel ni plomb (certifi\u00e9 REACH). <\/li>\n<li>Fragrances : chaque bougie contient 10 % de fragrance concentr\u00e9e de tr\u00e8s haute qualit\u00e9, conforme aux normes de non-toxicit\u00e9 des parfums impos\u00e9es par l&rsquo;IFRA.<\/li>\n<li>S\u00e9curit\u00e9 maximale : la bougie s&rsquo;\u00e9teint automatiquement lorsqu&rsquo;il reste environ 1\/2 cm de cire au fond.<\/li>\n<\/ul>\n<p>PARFUM : ROSE ET M\u00dbRES SAUVAGES<\/p>\n","protected":false},"featured_media":1384,"template":"","meta":[],"product_brand":[],"product_cat":[856,857,854],"product_tag":[],"class_list":{"0":"post-2352","1":"product","2":"type-product","3":"status-publish","4":"has-post-thumbnail","6":"product_cat-bien-etre","7":"product_cat-bougies","8":"product_cat-maison","10":"first","11":"instock","12":"shipping-taxable","13":"purchasable","14":"product-type-variable"},"yoast_head":"<!-- This site is optimized with the Yoast SEO plugin v27.6 - https:\/\/yoast.com\/product\/yoast-seo-wordpress\/ -->\n<title>NATURE CANDLE - MEDITAZIONE (rose et m\u00fbres sauvages) - Boutique Beauty Club<\/title>\n<meta name=\"robots\" content=\"index, follow, max-snippet:-1, max-image-preview:large, max-video-preview:-1\" \/>\n<link rel=\"canonical\" href=\"https:\/\/boutiquebeautyclub.ch\/fr\/prodotto\/nature-candle-meditazione-rose-et-mures-sauvages\/\" \/>\n<meta property=\"og:locale\" content=\"fr_FR\" \/>\n<meta property=\"og:type\" content=\"article\" \/>\n<meta property=\"og:title\" content=\"NATURE CANDLE - MEDITAZIONE (rose et m\u00fbres sauvages) - Boutique Beauty Club\" \/>\n<meta property=\"og:description\" content=\"Bougie en cire 100 % v\u00e9g\u00e9tale : \u00e9cologique, durable et biod\u00e9gradable, elle ne lib\u00e8re aucune substance nocive dans l&#039;environnement.  Made in Italy : les bougies de fabrication artisanale sont toutes travaill\u00e9es en Italie pour garantir une qualit\u00e9 maximale.  Composants s\u00fbrs : colorants soigneusement s\u00e9lectionn\u00e9s pour garantir qualit\u00e9 et s\u00e9curit\u00e9 (certifi\u00e9 RAL). M\u00e8che en pur coton 100 % naturel, sans nickel ni plomb (certifi\u00e9 REACH).  Fragrances : chaque bougie contient 10 % de fragrance concentr\u00e9e de tr\u00e8s haute qualit\u00e9, conforme aux normes de non-toxicit\u00e9 des parfums impos\u00e9es par l&#039;IFRA.  S\u00e9curit\u00e9 maximale : la bougie s&#039;\u00e9teint automatiquement lorsqu&#039;il reste environ 1\/2 cm de cire au fond. PARFUM : ROSE ET M\u00dbRES SAUVAGES\" \/>\n<meta property=\"og:url\" content=\"https:\/\/boutiquebeautyclub.ch\/fr\/prodotto\/nature-candle-meditazione-rose-et-mures-sauvages\/\" \/>\n<meta property=\"og:site_name\" content=\"Boutique Beauty Club\" \/>\n<meta property=\"article:publisher\" content=\"https:\/\/www.facebook.com\/beautyclubesteticalosone\/\" \/>\n<meta property=\"og:image\" content=\"https:\/\/boutiquebeautyclub.ch\/wp-content\/uploads\/2026\/01\/MEDITAZIONE-grande.jpg\" \/>\n\t<meta property=\"og:image:width\" content=\"517\" \/>\n\t<meta property=\"og:image:height\" content=\"552\" \/>\n\t<meta property=\"og:image:type\" content=\"image\/jpeg\" \/>\n<meta name=\"twitter:card\" content=\"summary_large_image\" \/>\n<meta name=\"twitter:label1\" content=\"Dur\u00e9e de lecture estim\u00e9e\" \/>\n\t<meta name=\"twitter:data1\" content=\"1 minute\" \/>\n<script type=\"application\/ld+json\" class=\"yoast-schema-graph\">{\"@context\":\"https:\\\/\\\/schema.org\",\"@graph\":[{\"@type\":\"WebPage\",\"@id\":\"https:\\\/\\\/boutiquebeautyclub.ch\\\/fr\\\/prodotto\\\/nature-candle-meditazione-rose-et-mures-sauvages\\\/\",\"url\":\"https:\\\/\\\/boutiquebeautyclub.ch\\\/fr\\\/prodotto\\\/nature-candle-meditazione-rose-et-mures-sauvages\\\/\",\"name\":\"NATURE CANDLE - MEDITAZIONE (rose et m\u00fbres sauvages) - Boutique Beauty Club\",\"isPartOf\":{\"@id\":\"https:\\\/\\\/boutiquebeautyclub.ch\\\/fr\\\/#website\"},\"primaryImageOfPage\":{\"@id\":\"https:\\\/\\\/boutiquebeautyclub.ch\\\/fr\\\/prodotto\\\/nature-candle-meditazione-rose-et-mures-sauvages\\\/#primaryimage\"},\"image\":{\"@id\":\"https:\\\/\\\/boutiquebeautyclub.ch\\\/fr\\\/prodotto\\\/nature-candle-meditazione-rose-et-mures-sauvages\\\/#primaryimage\"},\"thumbnailUrl\":\"https:\\\/\\\/boutiquebeautyclub.ch\\\/wp-content\\\/uploads\\\/2026\\\/01\\\/MEDITAZIONE-grande.jpg\",\"datePublished\":\"2026-02-03T13:50:11+00:00\",\"breadcrumb\":{\"@id\":\"https:\\\/\\\/boutiquebeautyclub.ch\\\/fr\\\/prodotto\\\/nature-candle-meditazione-rose-et-mures-sauvages\\\/#breadcrumb\"},\"inLanguage\":\"fr-FR\",\"potentialAction\":[{\"@type\":\"ReadAction\",\"target\":[\"https:\\\/\\\/boutiquebeautyclub.ch\\\/fr\\\/prodotto\\\/nature-candle-meditazione-rose-et-mures-sauvages\\\/\"]}]},{\"@type\":\"ImageObject\",\"inLanguage\":\"fr-FR\",\"@id\":\"https:\\\/\\\/boutiquebeautyclub.ch\\\/fr\\\/prodotto\\\/nature-candle-meditazione-rose-et-mures-sauvages\\\/#primaryimage\",\"url\":\"https:\\\/\\\/boutiquebeautyclub.ch\\\/wp-content\\\/uploads\\\/2026\\\/01\\\/MEDITAZIONE-grande.jpg\",\"contentUrl\":\"https:\\\/\\\/boutiquebeautyclub.ch\\\/wp-content\\\/uploads\\\/2026\\\/01\\\/MEDITAZIONE-grande.jpg\",\"width\":517,\"height\":552},{\"@type\":\"BreadcrumbList\",\"@id\":\"https:\\\/\\\/boutiquebeautyclub.ch\\\/fr\\\/prodotto\\\/nature-candle-meditazione-rose-et-mures-sauvages\\\/#breadcrumb\",\"itemListElement\":[{\"@type\":\"ListItem\",\"position\":1,\"name\":\"Home\",\"item\":\"https:\\\/\\\/boutiquebeautyclub.ch\\\/fr\\\/\"},{\"@type\":\"ListItem\",\"position\":2,\"name\":\"Boutique\",\"item\":\"https:\\\/\\\/boutiquebeautyclub.ch\\\/fr\\\/boutique\\\/\"},{\"@type\":\"ListItem\",\"position\":3,\"name\":\"NATURE CANDLE &#8211; MEDITAZIONE (rose et m\u00fbres sauvages)\"}]},{\"@type\":\"WebSite\",\"@id\":\"https:\\\/\\\/boutiquebeautyclub.ch\\\/fr\\\/#website\",\"url\":\"https:\\\/\\\/boutiquebeautyclub.ch\\\/fr\\\/\",\"name\":\"Boutique Beauty Club\",\"description\":\"Il tuo punto di riferimento per la bellezza e il benessere.\",\"publisher\":{\"@id\":\"https:\\\/\\\/boutiquebeautyclub.ch\\\/fr\\\/#organization\"},\"potentialAction\":[{\"@type\":\"SearchAction\",\"target\":{\"@type\":\"EntryPoint\",\"urlTemplate\":\"https:\\\/\\\/boutiquebeautyclub.ch\\\/fr\\\/?s={search_term_string}\"},\"query-input\":{\"@type\":\"PropertyValueSpecification\",\"valueRequired\":true,\"valueName\":\"search_term_string\"}}],\"inLanguage\":\"fr-FR\"},{\"@type\":\"Organization\",\"@id\":\"https:\\\/\\\/boutiquebeautyclub.ch\\\/fr\\\/#organization\",\"name\":\"Boutique Beauty Club\",\"url\":\"https:\\\/\\\/boutiquebeautyclub.ch\\\/fr\\\/\",\"logo\":{\"@type\":\"ImageObject\",\"inLanguage\":\"fr-FR\",\"@id\":\"https:\\\/\\\/boutiquebeautyclub.ch\\\/fr\\\/#\\\/schema\\\/logo\\\/image\\\/\",\"url\":\"https:\\\/\\\/boutiquebeautyclub.ch\\\/wp-content\\\/uploads\\\/2025\\\/07\\\/logo.png\",\"contentUrl\":\"https:\\\/\\\/boutiquebeautyclub.ch\\\/wp-content\\\/uploads\\\/2025\\\/07\\\/logo.png\",\"width\":600,\"height\":248,\"caption\":\"Boutique Beauty Club\"},\"image\":{\"@id\":\"https:\\\/\\\/boutiquebeautyclub.ch\\\/fr\\\/#\\\/schema\\\/logo\\\/image\\\/\"},\"sameAs\":[\"https:\\\/\\\/www.facebook.com\\\/beautyclubesteticalosone\\\/\",\"https:\\\/\\\/www.instagram.com\\\/beautyclubestetica\\\/?hl=it\"]}]}<\/script>\n<!-- \/ Yoast SEO plugin. -->","yoast_head_json":{"title":"NATURE CANDLE - MEDITAZIONE (rose et m\u00fbres sauvages) - Boutique Beauty Club","robots":{"index":"index","follow":"follow","max-snippet":"max-snippet:-1","max-image-preview":"max-image-preview:large","max-video-preview":"max-video-preview:-1"},"canonical":"https:\/\/boutiquebeautyclub.ch\/fr\/prodotto\/nature-candle-meditazione-rose-et-mures-sauvages\/","og_locale":"fr_FR","og_type":"article","og_title":"NATURE CANDLE - MEDITAZIONE (rose et m\u00fbres sauvages) - Boutique Beauty Club","og_description":"Bougie en cire 100 % v\u00e9g\u00e9tale : \u00e9cologique, durable et biod\u00e9gradable, elle ne lib\u00e8re aucune substance nocive dans l'environnement.  Made in Italy : les bougies de fabrication artisanale sont toutes travaill\u00e9es en Italie pour garantir une qualit\u00e9 maximale.  Composants s\u00fbrs : colorants soigneusement s\u00e9lectionn\u00e9s pour garantir qualit\u00e9 et s\u00e9curit\u00e9 (certifi\u00e9 RAL). M\u00e8che en pur coton 100 % naturel, sans nickel ni plomb (certifi\u00e9 REACH).  Fragrances : chaque bougie contient 10 % de fragrance concentr\u00e9e de tr\u00e8s haute qualit\u00e9, conforme aux normes de non-toxicit\u00e9 des parfums impos\u00e9es par l'IFRA.  S\u00e9curit\u00e9 maximale : la bougie s'\u00e9teint automatiquement lorsqu'il reste environ 1\/2 cm de cire au fond. PARFUM : ROSE ET M\u00dbRES SAUVAGES","og_url":"https:\/\/boutiquebeautyclub.ch\/fr\/prodotto\/nature-candle-meditazione-rose-et-mures-sauvages\/","og_site_name":"Boutique Beauty Club","article_publisher":"https:\/\/www.facebook.com\/beautyclubesteticalosone\/","og_image":[{"width":517,"height":552,"url":"https:\/\/boutiquebeautyclub.ch\/wp-content\/uploads\/2026\/01\/MEDITAZIONE-grande.jpg","type":"image\/jpeg"}],"twitter_card":"summary_large_image","twitter_misc":{"Dur\u00e9e de lecture estim\u00e9e":"1 minute"},"schema":{"@context":"https:\/\/schema.org","@graph":[{"@type":"WebPage","@id":"https:\/\/boutiquebeautyclub.ch\/fr\/prodotto\/nature-candle-meditazione-rose-et-mures-sauvages\/","url":"https:\/\/boutiquebeautyclub.ch\/fr\/prodotto\/nature-candle-meditazione-rose-et-mures-sauvages\/","name":"NATURE CANDLE - MEDITAZIONE (rose et m\u00fbres sauvages) - Boutique Beauty Club","isPartOf":{"@id":"https:\/\/boutiquebeautyclub.ch\/fr\/#website"},"primaryImageOfPage":{"@id":"https:\/\/boutiquebeautyclub.ch\/fr\/prodotto\/nature-candle-meditazione-rose-et-mures-sauvages\/#primaryimage"},"image":{"@id":"https:\/\/boutiquebeautyclub.ch\/fr\/prodotto\/nature-candle-meditazione-rose-et-mures-sauvages\/#primaryimage"},"thumbnailUrl":"https:\/\/boutiquebeautyclub.ch\/wp-content\/uploads\/2026\/01\/MEDITAZIONE-grande.jpg","datePublished":"2026-02-03T13:50:11+00:00","breadcrumb":{"@id":"https:\/\/boutiquebeautyclub.ch\/fr\/prodotto\/nature-candle-meditazione-rose-et-mures-sauvages\/#breadcrumb"},"inLanguage":"fr-FR","potentialAction":[{"@type":"ReadAction","target":["https:\/\/boutiquebeautyclub.ch\/fr\/prodotto\/nature-candle-meditazione-rose-et-mures-sauvages\/"]}]},{"@type":"ImageObject","inLanguage":"fr-FR","@id":"https:\/\/boutiquebeautyclub.ch\/fr\/prodotto\/nature-candle-meditazione-rose-et-mures-sauvages\/#primaryimage","url":"https:\/\/boutiquebeautyclub.ch\/wp-content\/uploads\/2026\/01\/MEDITAZIONE-grande.jpg","contentUrl":"https:\/\/boutiquebeautyclub.ch\/wp-content\/uploads\/2026\/01\/MEDITAZIONE-grande.jpg","width":517,"height":552},{"@type":"BreadcrumbList","@id":"https:\/\/boutiquebeautyclub.ch\/fr\/prodotto\/nature-candle-meditazione-rose-et-mures-sauvages\/#breadcrumb","itemListElement":[{"@type":"ListItem","position":1,"name":"Home","item":"https:\/\/boutiquebeautyclub.ch\/fr\/"},{"@type":"ListItem","position":2,"name":"Boutique","item":"https:\/\/boutiquebeautyclub.ch\/fr\/boutique\/"},{"@type":"ListItem","position":3,"name":"NATURE CANDLE &#8211; MEDITAZIONE (rose et m\u00fbres sauvages)"}]},{"@type":"WebSite","@id":"https:\/\/boutiquebeautyclub.ch\/fr\/#website","url":"https:\/\/boutiquebeautyclub.ch\/fr\/","name":"Boutique Beauty Club","description":"Il tuo punto di riferimento per la bellezza e il benessere.","publisher":{"@id":"https:\/\/boutiquebeautyclub.ch\/fr\/#organization"},"potentialAction":[{"@type":"SearchAction","target":{"@type":"EntryPoint","urlTemplate":"https:\/\/boutiquebeautyclub.ch\/fr\/?s={search_term_string}"},"query-input":{"@type":"PropertyValueSpecification","valueRequired":true,"valueName":"search_term_string"}}],"inLanguage":"fr-FR"},{"@type":"Organization","@id":"https:\/\/boutiquebeautyclub.ch\/fr\/#organization","name":"Boutique Beauty Club","url":"https:\/\/boutiquebeautyclub.ch\/fr\/","logo":{"@type":"ImageObject","inLanguage":"fr-FR","@id":"https:\/\/boutiquebeautyclub.ch\/fr\/#\/schema\/logo\/image\/","url":"https:\/\/boutiquebeautyclub.ch\/wp-content\/uploads\/2025\/07\/logo.png","contentUrl":"https:\/\/boutiquebeautyclub.ch\/wp-content\/uploads\/2025\/07\/logo.png","width":600,"height":248,"caption":"Boutique Beauty Club"},"image":{"@id":"https:\/\/boutiquebeautyclub.ch\/fr\/#\/schema\/logo\/image\/"},"sameAs":["https:\/\/www.facebook.com\/beautyclubesteticalosone\/","https:\/\/www.instagram.com\/beautyclubestetica\/?hl=it"]}]}},"_links":{"self":[{"href":"https:\/\/boutiquebeautyclub.ch\/fr\/wp-json\/wp\/v2\/product\/2352","targetHints":{"allow":["GET"]}}],"collection":[{"href":"https:\/\/boutiquebeautyclub.ch\/fr\/wp-json\/wp\/v2\/product"}],"about":[{"href":"https:\/\/boutiquebeautyclub.ch\/fr\/wp-json\/wp\/v2\/types\/product"}],"wp:featuredmedia":[{"embeddable":true,"href":"https:\/\/boutiquebeautyclub.ch\/fr\/wp-json\/wp\/v2\/media\/1384"}],"wp:attachment":[{"href":"https:\/\/boutiquebeautyclub.ch\/fr\/wp-json\/wp\/v2\/media?parent=2352"}],"wp:term":[{"taxonomy":"product_brand","embeddable":true,"href":"https:\/\/boutiquebeautyclub.ch\/fr\/wp-json\/wp\/v2\/product_brand?post=2352"},{"taxonomy":"product_cat","embeddable":true,"href":"https:\/\/boutiquebeautyclub.ch\/fr\/wp-json\/wp\/v2\/product_cat?post=2352"},{"taxonomy":"product_tag","embeddable":true,"href":"https:\/\/boutiquebeautyclub.ch\/fr\/wp-json\/wp\/v2\/product_tag?post=2352"}],"curies":[{"name":"wp","href":"https:\/\/api.w.org\/{rel}","templated":true}]}}