{"id":2510,"date":"2026-03-23T16:10:06","date_gmt":"2026-03-23T15:10:06","guid":{"rendered":"https:\/\/boutiquebeautyclub.ch\/prodotto\/pro-age-glacier-serum\/"},"modified":"2026-03-23T16:10:06","modified_gmt":"2026-03-23T15:10:06","slug":"pro-age-glacier-serum","status":"publish","type":"product","link":"https:\/\/boutiquebeautyclub.ch\/fr\/prodotto\/pro-age-glacier-serum\/","title":{"rendered":"Pro Age &#8211; Glacier Serum"},"content":{"rendered":"<p>Un s\u00e9rum l\u00e9ger qui procure une sensation de fra\u00eecheur \u00e0 la peau gr\u00e2ce \u00e0 ses ingr\u00e9dients hydratants. Contient de l&rsquo;eau thermale glaciaire et des extraits marins qui aident \u00e0 lisser les rides, en redonnant fermet\u00e9, hydratation et \u00e9lasticit\u00e9 \u00e0 la peau. <\/p>\n<p>Contient de l&rsquo;eau thermale glaciaire provenant des Alpes, enrichie en sels min\u00e9raux, principalement calcium et magn\u00e9sium, qui contribuent \u00e0 renforcer la barri\u00e8re cutan\u00e9e.<\/p>\n<p><strong>Indications :<\/strong><\/p>\n<p>&#8211; Pr\u00e9vention des premiers signes de vieillissement cutan\u00e9<\/p>\n<p>&#8211; Pour peaux jeunes et s\u00e8ches<\/p>\n<p><strong>Effets :<\/strong><\/p>\n<p>&#8211; Hydratation 24 h sur 24<\/p>\n<p>&#8211; Pr\u00e9vient les premiers signes du vieillissement cutan\u00e9<\/p>\n<p>&#8211; Renforce la barri\u00e8re cutan\u00e9e<\/p>\n<p>&#8211; Augmente la luminosit\u00e9<\/p>\n<p><strong>Ingr\u00e9dients actifs :<\/strong><\/p>\n<p>Eau thermale glaciaire, riche en calcium et magn\u00e9sium, qui renforce la barri\u00e8re cutan\u00e9e.<\/p>\n<p>Ingr\u00e9dients actifs d&rsquo;origine marine.<\/p>\n<p>Cocktail vitamin\u00e9 avec niacinamide (vitamine B3) et vitamine C.<\/p>\n<p>Cocktail hydratant pour une hydratation maximale.<\/p>\n","protected":false},"excerpt":{"rendered":"<p>Un s\u00e9rum l\u00e9ger qui procure une sensation de fra\u00eecheur \u00e0 la peau gr\u00e2ce \u00e0 ses ingr\u00e9dients hydratants. Contient de l&rsquo;eau thermale glaciaire et des extraits marins qui aident \u00e0 lisser les rides, en redonnant fermet\u00e9, hydratation et \u00e9lasticit\u00e9 \u00e0 la peau. <\/p>\n<p>Contient de l&rsquo;eau thermale glaciaire provenant des Alpes, enrichie en sels min\u00e9raux, principalement calcium et magn\u00e9sium, qui contribuent \u00e0 renforcer la barri\u00e8re cutan\u00e9e.<\/p>\n<p><strong>Indications :<\/strong><\/p>\n<p>&#8211; Pr\u00e9vention des premiers signes de vieillissement cutan\u00e9<\/p>\n<p>&#8211; Pour peaux jeunes et s\u00e8ches<\/p>\n<p><strong>Effets :<\/strong><\/p>\n<p>&#8211; Hydratation 24 h sur 24<\/p>\n<p>&#8211; Pr\u00e9vient les premiers signes du vieillissement cutan\u00e9<\/p>\n<p>&#8211; Renforce la barri\u00e8re cutan\u00e9e<\/p>\n<p>&#8211; Augmente la luminosit\u00e9<\/p>\n<p><strong>Ingr\u00e9dients actifs :<\/strong><\/p>\n<p>Eau thermale glaciaire, riche en calcium et magn\u00e9sium, qui renforce la barri\u00e8re cutan\u00e9e.<\/p>\n<p>Ingr\u00e9dients actifs d&rsquo;origine marine.<\/p>\n<p>Cocktail vitamin\u00e9 avec niacinamide (vitamine B3) et vitamine C.<\/p>\n<p>Cocktail hydratant pour une hydratation maximale.<\/p>\n","protected":false},"featured_media":1439,"template":"","meta":[],"product_brand":[],"product_cat":[383],"product_tag":[],"class_list":{"0":"post-2510","1":"product","2":"type-product","3":"status-publish","4":"has-post-thumbnail","6":"product_cat-visage","8":"first","9":"instock","10":"shipping-taxable","11":"purchasable","12":"product-type-simple"},"yoast_head":"<!-- This site is optimized with the Yoast SEO plugin v27.6 - https:\/\/yoast.com\/product\/yoast-seo-wordpress\/ -->\n<title>Pro Age - Glacier Serum - Boutique Beauty Club<\/title>\n<meta name=\"robots\" content=\"index, follow, max-snippet:-1, max-image-preview:large, max-video-preview:-1\" \/>\n<link rel=\"canonical\" href=\"https:\/\/boutiquebeautyclub.ch\/fr\/prodotto\/pro-age-glacier-serum\/\" \/>\n<meta property=\"og:locale\" content=\"fr_FR\" \/>\n<meta property=\"og:type\" content=\"article\" \/>\n<meta property=\"og:title\" content=\"Pro Age - Glacier Serum - Boutique Beauty Club\" \/>\n<meta property=\"og:description\" content=\"Un s\u00e9rum l\u00e9ger qui procure une sensation de fra\u00eecheur \u00e0 la peau gr\u00e2ce \u00e0 ses ingr\u00e9dients hydratants. Contient de l&#039;eau thermale glaciaire et des extraits marins qui aident \u00e0 lisser les rides, en redonnant fermet\u00e9, hydratation et \u00e9lasticit\u00e9 \u00e0 la peau.  Contient de l&#039;eau thermale glaciaire provenant des Alpes, enrichie en sels min\u00e9raux, principalement calcium et magn\u00e9sium, qui contribuent \u00e0 renforcer la barri\u00e8re cutan\u00e9e. Indications : - Pr\u00e9vention des premiers signes de vieillissement cutan\u00e9 - Pour peaux jeunes et s\u00e8ches Effets : - Hydratation 24 h sur 24 - Pr\u00e9vient les premiers signes du vieillissement cutan\u00e9 - Renforce la barri\u00e8re cutan\u00e9e - Augmente la luminosit\u00e9 Ingr\u00e9dients actifs : Eau thermale glaciaire, riche en calcium et magn\u00e9sium, qui renforce la barri\u00e8re cutan\u00e9e. Ingr\u00e9dients actifs d&#039;origine marine. Cocktail vitamin\u00e9 avec niacinamide (vitamine B3) et vitamine C. Cocktail hydratant pour une hydratation maximale.\" \/>\n<meta property=\"og:url\" content=\"https:\/\/boutiquebeautyclub.ch\/fr\/prodotto\/pro-age-glacier-serum\/\" \/>\n<meta property=\"og:site_name\" content=\"Boutique Beauty Club\" \/>\n<meta property=\"article:publisher\" content=\"https:\/\/www.facebook.com\/beautyclubesteticalosone\/\" \/>\n<meta property=\"og:image\" content=\"https:\/\/boutiquebeautyclub.ch\/wp-content\/uploads\/2026\/03\/WhatsApp-Image-2026-03-23-at-15.04.11.jpeg\" \/>\n\t<meta property=\"og:image:width\" content=\"1600\" \/>\n\t<meta property=\"og:image:height\" content=\"1600\" \/>\n\t<meta property=\"og:image:type\" content=\"image\/jpeg\" \/>\n<meta name=\"twitter:card\" content=\"summary_large_image\" \/>\n<meta name=\"twitter:label1\" content=\"Dur\u00e9e de lecture estim\u00e9e\" \/>\n\t<meta name=\"twitter:data1\" content=\"1 minute\" \/>\n<script type=\"application\/ld+json\" class=\"yoast-schema-graph\">{\"@context\":\"https:\\\/\\\/schema.org\",\"@graph\":[{\"@type\":\"WebPage\",\"@id\":\"https:\\\/\\\/boutiquebeautyclub.ch\\\/fr\\\/prodotto\\\/pro-age-glacier-serum\\\/\",\"url\":\"https:\\\/\\\/boutiquebeautyclub.ch\\\/fr\\\/prodotto\\\/pro-age-glacier-serum\\\/\",\"name\":\"Pro Age - Glacier Serum - Boutique Beauty Club\",\"isPartOf\":{\"@id\":\"https:\\\/\\\/boutiquebeautyclub.ch\\\/fr\\\/#website\"},\"primaryImageOfPage\":{\"@id\":\"https:\\\/\\\/boutiquebeautyclub.ch\\\/fr\\\/prodotto\\\/pro-age-glacier-serum\\\/#primaryimage\"},\"image\":{\"@id\":\"https:\\\/\\\/boutiquebeautyclub.ch\\\/fr\\\/prodotto\\\/pro-age-glacier-serum\\\/#primaryimage\"},\"thumbnailUrl\":\"https:\\\/\\\/boutiquebeautyclub.ch\\\/wp-content\\\/uploads\\\/2026\\\/03\\\/WhatsApp-Image-2026-03-23-at-15.04.11.jpeg\",\"datePublished\":\"2026-03-23T15:10:06+00:00\",\"breadcrumb\":{\"@id\":\"https:\\\/\\\/boutiquebeautyclub.ch\\\/fr\\\/prodotto\\\/pro-age-glacier-serum\\\/#breadcrumb\"},\"inLanguage\":\"fr-FR\",\"potentialAction\":[{\"@type\":\"ReadAction\",\"target\":[\"https:\\\/\\\/boutiquebeautyclub.ch\\\/fr\\\/prodotto\\\/pro-age-glacier-serum\\\/\"]}]},{\"@type\":\"ImageObject\",\"inLanguage\":\"fr-FR\",\"@id\":\"https:\\\/\\\/boutiquebeautyclub.ch\\\/fr\\\/prodotto\\\/pro-age-glacier-serum\\\/#primaryimage\",\"url\":\"https:\\\/\\\/boutiquebeautyclub.ch\\\/wp-content\\\/uploads\\\/2026\\\/03\\\/WhatsApp-Image-2026-03-23-at-15.04.11.jpeg\",\"contentUrl\":\"https:\\\/\\\/boutiquebeautyclub.ch\\\/wp-content\\\/uploads\\\/2026\\\/03\\\/WhatsApp-Image-2026-03-23-at-15.04.11.jpeg\",\"width\":1600,\"height\":1600},{\"@type\":\"BreadcrumbList\",\"@id\":\"https:\\\/\\\/boutiquebeautyclub.ch\\\/fr\\\/prodotto\\\/pro-age-glacier-serum\\\/#breadcrumb\",\"itemListElement\":[{\"@type\":\"ListItem\",\"position\":1,\"name\":\"Home\",\"item\":\"https:\\\/\\\/boutiquebeautyclub.ch\\\/fr\\\/\"},{\"@type\":\"ListItem\",\"position\":2,\"name\":\"Boutique\",\"item\":\"https:\\\/\\\/boutiquebeautyclub.ch\\\/fr\\\/boutique\\\/\"},{\"@type\":\"ListItem\",\"position\":3,\"name\":\"Pro Age &#8211; Glacier Serum\"}]},{\"@type\":\"WebSite\",\"@id\":\"https:\\\/\\\/boutiquebeautyclub.ch\\\/fr\\\/#website\",\"url\":\"https:\\\/\\\/boutiquebeautyclub.ch\\\/fr\\\/\",\"name\":\"Boutique Beauty Club\",\"description\":\"Il tuo punto di riferimento per la bellezza e il benessere.\",\"publisher\":{\"@id\":\"https:\\\/\\\/boutiquebeautyclub.ch\\\/fr\\\/#organization\"},\"potentialAction\":[{\"@type\":\"SearchAction\",\"target\":{\"@type\":\"EntryPoint\",\"urlTemplate\":\"https:\\\/\\\/boutiquebeautyclub.ch\\\/fr\\\/?s={search_term_string}\"},\"query-input\":{\"@type\":\"PropertyValueSpecification\",\"valueRequired\":true,\"valueName\":\"search_term_string\"}}],\"inLanguage\":\"fr-FR\"},{\"@type\":\"Organization\",\"@id\":\"https:\\\/\\\/boutiquebeautyclub.ch\\\/fr\\\/#organization\",\"name\":\"Boutique Beauty Club\",\"url\":\"https:\\\/\\\/boutiquebeautyclub.ch\\\/fr\\\/\",\"logo\":{\"@type\":\"ImageObject\",\"inLanguage\":\"fr-FR\",\"@id\":\"https:\\\/\\\/boutiquebeautyclub.ch\\\/fr\\\/#\\\/schema\\\/logo\\\/image\\\/\",\"url\":\"https:\\\/\\\/boutiquebeautyclub.ch\\\/wp-content\\\/uploads\\\/2025\\\/07\\\/logo.png\",\"contentUrl\":\"https:\\\/\\\/boutiquebeautyclub.ch\\\/wp-content\\\/uploads\\\/2025\\\/07\\\/logo.png\",\"width\":600,\"height\":248,\"caption\":\"Boutique Beauty Club\"},\"image\":{\"@id\":\"https:\\\/\\\/boutiquebeautyclub.ch\\\/fr\\\/#\\\/schema\\\/logo\\\/image\\\/\"},\"sameAs\":[\"https:\\\/\\\/www.facebook.com\\\/beautyclubesteticalosone\\\/\",\"https:\\\/\\\/www.instagram.com\\\/beautyclubestetica\\\/?hl=it\"]}]}<\/script>\n<!-- \/ Yoast SEO plugin. -->","yoast_head_json":{"title":"Pro Age - Glacier Serum - Boutique Beauty Club","robots":{"index":"index","follow":"follow","max-snippet":"max-snippet:-1","max-image-preview":"max-image-preview:large","max-video-preview":"max-video-preview:-1"},"canonical":"https:\/\/boutiquebeautyclub.ch\/fr\/prodotto\/pro-age-glacier-serum\/","og_locale":"fr_FR","og_type":"article","og_title":"Pro Age - Glacier Serum - Boutique Beauty Club","og_description":"Un s\u00e9rum l\u00e9ger qui procure une sensation de fra\u00eecheur \u00e0 la peau gr\u00e2ce \u00e0 ses ingr\u00e9dients hydratants. Contient de l'eau thermale glaciaire et des extraits marins qui aident \u00e0 lisser les rides, en redonnant fermet\u00e9, hydratation et \u00e9lasticit\u00e9 \u00e0 la peau.  Contient de l'eau thermale glaciaire provenant des Alpes, enrichie en sels min\u00e9raux, principalement calcium et magn\u00e9sium, qui contribuent \u00e0 renforcer la barri\u00e8re cutan\u00e9e. Indications : - Pr\u00e9vention des premiers signes de vieillissement cutan\u00e9 - Pour peaux jeunes et s\u00e8ches Effets : - Hydratation 24 h sur 24 - Pr\u00e9vient les premiers signes du vieillissement cutan\u00e9 - Renforce la barri\u00e8re cutan\u00e9e - Augmente la luminosit\u00e9 Ingr\u00e9dients actifs : Eau thermale glaciaire, riche en calcium et magn\u00e9sium, qui renforce la barri\u00e8re cutan\u00e9e. Ingr\u00e9dients actifs d'origine marine. Cocktail vitamin\u00e9 avec niacinamide (vitamine B3) et vitamine C. Cocktail hydratant pour une hydratation maximale.","og_url":"https:\/\/boutiquebeautyclub.ch\/fr\/prodotto\/pro-age-glacier-serum\/","og_site_name":"Boutique Beauty Club","article_publisher":"https:\/\/www.facebook.com\/beautyclubesteticalosone\/","og_image":[{"width":1600,"height":1600,"url":"https:\/\/boutiquebeautyclub.ch\/wp-content\/uploads\/2026\/03\/WhatsApp-Image-2026-03-23-at-15.04.11.jpeg","type":"image\/jpeg"}],"twitter_card":"summary_large_image","twitter_misc":{"Dur\u00e9e de lecture estim\u00e9e":"1 minute"},"schema":{"@context":"https:\/\/schema.org","@graph":[{"@type":"WebPage","@id":"https:\/\/boutiquebeautyclub.ch\/fr\/prodotto\/pro-age-glacier-serum\/","url":"https:\/\/boutiquebeautyclub.ch\/fr\/prodotto\/pro-age-glacier-serum\/","name":"Pro Age - Glacier Serum - Boutique Beauty Club","isPartOf":{"@id":"https:\/\/boutiquebeautyclub.ch\/fr\/#website"},"primaryImageOfPage":{"@id":"https:\/\/boutiquebeautyclub.ch\/fr\/prodotto\/pro-age-glacier-serum\/#primaryimage"},"image":{"@id":"https:\/\/boutiquebeautyclub.ch\/fr\/prodotto\/pro-age-glacier-serum\/#primaryimage"},"thumbnailUrl":"https:\/\/boutiquebeautyclub.ch\/wp-content\/uploads\/2026\/03\/WhatsApp-Image-2026-03-23-at-15.04.11.jpeg","datePublished":"2026-03-23T15:10:06+00:00","breadcrumb":{"@id":"https:\/\/boutiquebeautyclub.ch\/fr\/prodotto\/pro-age-glacier-serum\/#breadcrumb"},"inLanguage":"fr-FR","potentialAction":[{"@type":"ReadAction","target":["https:\/\/boutiquebeautyclub.ch\/fr\/prodotto\/pro-age-glacier-serum\/"]}]},{"@type":"ImageObject","inLanguage":"fr-FR","@id":"https:\/\/boutiquebeautyclub.ch\/fr\/prodotto\/pro-age-glacier-serum\/#primaryimage","url":"https:\/\/boutiquebeautyclub.ch\/wp-content\/uploads\/2026\/03\/WhatsApp-Image-2026-03-23-at-15.04.11.jpeg","contentUrl":"https:\/\/boutiquebeautyclub.ch\/wp-content\/uploads\/2026\/03\/WhatsApp-Image-2026-03-23-at-15.04.11.jpeg","width":1600,"height":1600},{"@type":"BreadcrumbList","@id":"https:\/\/boutiquebeautyclub.ch\/fr\/prodotto\/pro-age-glacier-serum\/#breadcrumb","itemListElement":[{"@type":"ListItem","position":1,"name":"Home","item":"https:\/\/boutiquebeautyclub.ch\/fr\/"},{"@type":"ListItem","position":2,"name":"Boutique","item":"https:\/\/boutiquebeautyclub.ch\/fr\/boutique\/"},{"@type":"ListItem","position":3,"name":"Pro Age &#8211; Glacier Serum"}]},{"@type":"WebSite","@id":"https:\/\/boutiquebeautyclub.ch\/fr\/#website","url":"https:\/\/boutiquebeautyclub.ch\/fr\/","name":"Boutique Beauty Club","description":"Il tuo punto di riferimento per la bellezza e il benessere.","publisher":{"@id":"https:\/\/boutiquebeautyclub.ch\/fr\/#organization"},"potentialAction":[{"@type":"SearchAction","target":{"@type":"EntryPoint","urlTemplate":"https:\/\/boutiquebeautyclub.ch\/fr\/?s={search_term_string}"},"query-input":{"@type":"PropertyValueSpecification","valueRequired":true,"valueName":"search_term_string"}}],"inLanguage":"fr-FR"},{"@type":"Organization","@id":"https:\/\/boutiquebeautyclub.ch\/fr\/#organization","name":"Boutique Beauty Club","url":"https:\/\/boutiquebeautyclub.ch\/fr\/","logo":{"@type":"ImageObject","inLanguage":"fr-FR","@id":"https:\/\/boutiquebeautyclub.ch\/fr\/#\/schema\/logo\/image\/","url":"https:\/\/boutiquebeautyclub.ch\/wp-content\/uploads\/2025\/07\/logo.png","contentUrl":"https:\/\/boutiquebeautyclub.ch\/wp-content\/uploads\/2025\/07\/logo.png","width":600,"height":248,"caption":"Boutique Beauty Club"},"image":{"@id":"https:\/\/boutiquebeautyclub.ch\/fr\/#\/schema\/logo\/image\/"},"sameAs":["https:\/\/www.facebook.com\/beautyclubesteticalosone\/","https:\/\/www.instagram.com\/beautyclubestetica\/?hl=it"]}]}},"_links":{"self":[{"href":"https:\/\/boutiquebeautyclub.ch\/fr\/wp-json\/wp\/v2\/product\/2510","targetHints":{"allow":["GET"]}}],"collection":[{"href":"https:\/\/boutiquebeautyclub.ch\/fr\/wp-json\/wp\/v2\/product"}],"about":[{"href":"https:\/\/boutiquebeautyclub.ch\/fr\/wp-json\/wp\/v2\/types\/product"}],"wp:featuredmedia":[{"embeddable":true,"href":"https:\/\/boutiquebeautyclub.ch\/fr\/wp-json\/wp\/v2\/media\/1439"}],"wp:attachment":[{"href":"https:\/\/boutiquebeautyclub.ch\/fr\/wp-json\/wp\/v2\/media?parent=2510"}],"wp:term":[{"taxonomy":"product_brand","embeddable":true,"href":"https:\/\/boutiquebeautyclub.ch\/fr\/wp-json\/wp\/v2\/product_brand?post=2510"},{"taxonomy":"product_cat","embeddable":true,"href":"https:\/\/boutiquebeautyclub.ch\/fr\/wp-json\/wp\/v2\/product_cat?post=2510"},{"taxonomy":"product_tag","embeddable":true,"href":"https:\/\/boutiquebeautyclub.ch\/fr\/wp-json\/wp\/v2\/product_tag?post=2510"}],"curies":[{"name":"wp","href":"https:\/\/api.w.org\/{rel}","templated":true}]}}