{"id":2515,"date":"2026-03-23T15:28:19","date_gmt":"2026-03-23T14:28:19","guid":{"rendered":"https:\/\/boutiquebeautyclub.ch\/prodotto\/body-contour\/"},"modified":"2026-03-23T15:28:19","modified_gmt":"2026-03-23T14:28:19","slug":"body-contour","status":"publish","type":"product","link":"https:\/\/boutiquebeautyclub.ch\/fr\/prodotto\/body-contour\/","title":{"rendered":"Body Contour"},"content":{"rendered":"<p><strong>MEDSPA BODY CONTOUR :<\/strong><\/p>\n<p>Les actifs cibl\u00e9s de swiss medSpa BODY CONTOUR, con\u00e7us pour s\u2019adapter aux cycles hormonaux f\u00e9minins, contribuent \u00e0 obtenir des r\u00e9sultats visibles.<\/p>\n<p>Swiss medSpa a d\u00e9velopp\u00e9 les quatre produits coordonn\u00e9s suivants pour les diff\u00e9rentes phases du cycle f\u00e9minin, qui peuvent \u00e9videmment aussi \u00eatre utilis\u00e9s par les hommes, ind\u00e9pendamment de leur cycle.<\/p>\n<p>Le concentr\u00e9 pr\u00e9vient le d\u00e9p\u00f4t de d\u00e9chets dans les parois intercellulaires de l\u2019hypoderme, ainsi que l\u2019hypertrophie des cellules adipeuses elles-m\u00eames.<\/p>\n<p>Lors de la deuxi\u00e8me phase du cycle menstruel, le corps commence \u00e0 retenir les liquides, provoquant une congestion et une l\u00e9g\u00e8re augmentation du poids et de la circonf\u00e9rence. Les changements hormonaux entra\u00eenent souvent une sensibilit\u00e9 et une tendance \u00e0 manger pour des raisons \u00e9motionnelles. <\/p>\n<p>Le refroidissement progressif des zones probl\u00e9matiques comme les cuisses et l\u2019abdomen stimule le m\u00e9tabolisme et le syst\u00e8me lymphatique. Il d\u00e9congestionne et tonifie les jambes fatigu\u00e9es. <\/p>\n<p><strong>Effet et utilisation<\/strong><\/p>\n<p>Il est important de pr\u00e9venir la r\u00e9tention d\u2019eau dans le tissu conjonctif et d\u2019activer le m\u00e9tabolisme des graisses.<\/p>\n<p>Si une femme n\u2019a pas de cycle menstruel r\u00e9gulier, ou est en m\u00e9nopause\/post-m\u00e9nopause, il est conseill\u00e9 de commencer par la Phase II, \u00e0 savoir le REMODELAGE DU CORPS.<\/p>\n<p>Jambes lourdes et douloureuses : BODY CONTOUR est aussi parfait pendant la grossesse.<\/p>\n<p>Pieds qui br\u00fblent, mollets douloureux, chevilles gonfl\u00e9es le soir : BODY CONTOUR fonctionne et te permet de dormir plus confortablement.<\/p>\n<p>Contre la lipogen\u00e8se<\/p>\n<p>&nbsp;<\/p>\n<p><strong>Ingr\u00e9dients actifs<\/strong> : Menthol, Camphre, Glyc\u00e9rine v\u00e9g\u00e9tale<\/p>\n","protected":false},"excerpt":{"rendered":"<p><strong>MEDSPA BODY CONTOUR :<\/strong><\/p>\n<p>Les actifs cibl\u00e9s de swiss medSpa BODY CONTOUR, con\u00e7us pour s\u2019adapter aux cycles hormonaux f\u00e9minins, contribuent \u00e0 obtenir des r\u00e9sultats visibles.<\/p>\n<p>Swiss medSpa a d\u00e9velopp\u00e9 les quatre produits coordonn\u00e9s suivants pour les diff\u00e9rentes phases du cycle f\u00e9minin, qui peuvent \u00e9videmment aussi \u00eatre utilis\u00e9s par les hommes, ind\u00e9pendamment de leur cycle.<\/p>\n<p>Le concentr\u00e9 pr\u00e9vient le d\u00e9p\u00f4t de d\u00e9chets dans les parois intercellulaires de l\u2019hypoderme, ainsi que l\u2019hypertrophie des cellules adipeuses elles-m\u00eames.<\/p>\n<p>Lors de la deuxi\u00e8me phase du cycle menstruel, le corps commence \u00e0 retenir les liquides, provoquant une congestion et une l\u00e9g\u00e8re augmentation du poids et de la circonf\u00e9rence. Les changements hormonaux entra\u00eenent souvent une sensibilit\u00e9 et une tendance \u00e0 manger pour des raisons \u00e9motionnelles. <\/p>\n<p>Le refroidissement progressif des zones probl\u00e9matiques comme les cuisses et l\u2019abdomen stimule le m\u00e9tabolisme et le syst\u00e8me lymphatique. Il d\u00e9congestionne et tonifie les jambes fatigu\u00e9es. <\/p>\n<p><strong>Effet et utilisation<\/strong><\/p>\n<p>Il est important de pr\u00e9venir la r\u00e9tention d\u2019eau dans le tissu conjonctif et d\u2019activer le m\u00e9tabolisme des graisses.<\/p>\n<p>Si une femme n\u2019a pas de cycle menstruel r\u00e9gulier, ou est en m\u00e9nopause\/post-m\u00e9nopause, il est conseill\u00e9 de commencer par la Phase II, \u00e0 savoir le REMODELAGE DU CORPS.<\/p>\n<p>Jambes lourdes et douloureuses : BODY CONTOUR est aussi parfait pendant la grossesse.<\/p>\n<p>Pieds qui br\u00fblent, mollets douloureux, chevilles gonfl\u00e9es le soir : BODY CONTOUR fonctionne et te permet de dormir plus confortablement.<\/p>\n<p>Contre la lipogen\u00e8se<\/p>\n<p>&nbsp;<\/p>\n<p><strong>Ingr\u00e9dients actifs<\/strong> : Menthol, Camphre, Glyc\u00e9rine v\u00e9g\u00e9tale<\/p>\n","protected":false},"featured_media":1430,"template":"","meta":[],"product_brand":[],"product_cat":[417],"product_tag":[],"class_list":{"0":"post-2515","1":"product","2":"type-product","3":"status-publish","4":"has-post-thumbnail","6":"product_cat-corps","8":"first","9":"instock","10":"shipping-taxable","11":"purchasable","12":"product-type-simple"},"yoast_head":"<!-- This site is optimized with the Yoast SEO plugin v27.6 - https:\/\/yoast.com\/product\/yoast-seo-wordpress\/ -->\n<title>Body Contour - Boutique Beauty Club<\/title>\n<meta name=\"robots\" content=\"index, follow, max-snippet:-1, max-image-preview:large, max-video-preview:-1\" \/>\n<link rel=\"canonical\" href=\"https:\/\/boutiquebeautyclub.ch\/fr\/prodotto\/body-contour\/\" \/>\n<meta property=\"og:locale\" content=\"fr_FR\" \/>\n<meta property=\"og:type\" content=\"article\" \/>\n<meta property=\"og:title\" content=\"Body Contour - Boutique Beauty Club\" \/>\n<meta property=\"og:description\" content=\"MEDSPA BODY CONTOUR : Les actifs cibl\u00e9s de swiss medSpa BODY CONTOUR, con\u00e7us pour s\u2019adapter aux cycles hormonaux f\u00e9minins, contribuent \u00e0 obtenir des r\u00e9sultats visibles. Swiss medSpa a d\u00e9velopp\u00e9 les quatre produits coordonn\u00e9s suivants pour les diff\u00e9rentes phases du cycle f\u00e9minin, qui peuvent \u00e9videmment aussi \u00eatre utilis\u00e9s par les hommes, ind\u00e9pendamment de leur cycle. Le concentr\u00e9 pr\u00e9vient le d\u00e9p\u00f4t de d\u00e9chets dans les parois intercellulaires de l\u2019hypoderme, ainsi que l\u2019hypertrophie des cellules adipeuses elles-m\u00eames. Lors de la deuxi\u00e8me phase du cycle menstruel, le corps commence \u00e0 retenir les liquides, provoquant une congestion et une l\u00e9g\u00e8re augmentation du poids et de la circonf\u00e9rence. Les changements hormonaux entra\u00eenent souvent une sensibilit\u00e9 et une tendance \u00e0 manger pour des raisons \u00e9motionnelles.  Le refroidissement progressif des zones probl\u00e9matiques comme les cuisses et l\u2019abdomen stimule le m\u00e9tabolisme et le syst\u00e8me lymphatique. Il d\u00e9congestionne et tonifie les jambes fatigu\u00e9es.  Effet et utilisation Il est important de pr\u00e9venir la r\u00e9tention d\u2019eau dans le tissu conjonctif et d\u2019activer le m\u00e9tabolisme des graisses. Si une femme n\u2019a pas de cycle menstruel r\u00e9gulier, ou est en m\u00e9nopause\/post-m\u00e9nopause, il est conseill\u00e9 de commencer par la Phase II, \u00e0 savoir le REMODELAGE DU CORPS. Jambes lourdes et douloureuses : BODY CONTOUR est aussi parfait pendant la grossesse. Pieds qui br\u00fblent, mollets douloureux, chevilles gonfl\u00e9es le soir : BODY CONTOUR fonctionne et te permet de dormir plus confortablement. Contre la lipogen\u00e8se &nbsp; Ingr\u00e9dients actifs : Menthol, Camphre, Glyc\u00e9rine v\u00e9g\u00e9tale\" \/>\n<meta property=\"og:url\" content=\"https:\/\/boutiquebeautyclub.ch\/fr\/prodotto\/body-contour\/\" \/>\n<meta property=\"og:site_name\" content=\"Boutique Beauty Club\" \/>\n<meta property=\"article:publisher\" content=\"https:\/\/www.facebook.com\/beautyclubesteticalosone\/\" \/>\n<meta property=\"og:image\" content=\"https:\/\/boutiquebeautyclub.ch\/wp-content\/uploads\/2026\/03\/WhatsApp-Image-2026-03-23-at-14.59.37.jpeg\" \/>\n\t<meta property=\"og:image:width\" content=\"1080\" \/>\n\t<meta property=\"og:image:height\" content=\"1080\" \/>\n\t<meta property=\"og:image:type\" content=\"image\/jpeg\" \/>\n<meta name=\"twitter:card\" content=\"summary_large_image\" \/>\n<meta name=\"twitter:label1\" content=\"Dur\u00e9e de lecture estim\u00e9e\" \/>\n\t<meta name=\"twitter:data1\" content=\"1 minute\" \/>\n<script type=\"application\/ld+json\" class=\"yoast-schema-graph\">{\"@context\":\"https:\\\/\\\/schema.org\",\"@graph\":[{\"@type\":\"WebPage\",\"@id\":\"https:\\\/\\\/boutiquebeautyclub.ch\\\/fr\\\/prodotto\\\/body-contour\\\/\",\"url\":\"https:\\\/\\\/boutiquebeautyclub.ch\\\/fr\\\/prodotto\\\/body-contour\\\/\",\"name\":\"Body Contour - Boutique Beauty Club\",\"isPartOf\":{\"@id\":\"https:\\\/\\\/boutiquebeautyclub.ch\\\/fr\\\/#website\"},\"primaryImageOfPage\":{\"@id\":\"https:\\\/\\\/boutiquebeautyclub.ch\\\/fr\\\/prodotto\\\/body-contour\\\/#primaryimage\"},\"image\":{\"@id\":\"https:\\\/\\\/boutiquebeautyclub.ch\\\/fr\\\/prodotto\\\/body-contour\\\/#primaryimage\"},\"thumbnailUrl\":\"https:\\\/\\\/boutiquebeautyclub.ch\\\/wp-content\\\/uploads\\\/2026\\\/03\\\/WhatsApp-Image-2026-03-23-at-14.59.37.jpeg\",\"datePublished\":\"2026-03-23T14:28:19+00:00\",\"breadcrumb\":{\"@id\":\"https:\\\/\\\/boutiquebeautyclub.ch\\\/fr\\\/prodotto\\\/body-contour\\\/#breadcrumb\"},\"inLanguage\":\"fr-FR\",\"potentialAction\":[{\"@type\":\"ReadAction\",\"target\":[\"https:\\\/\\\/boutiquebeautyclub.ch\\\/fr\\\/prodotto\\\/body-contour\\\/\"]}]},{\"@type\":\"ImageObject\",\"inLanguage\":\"fr-FR\",\"@id\":\"https:\\\/\\\/boutiquebeautyclub.ch\\\/fr\\\/prodotto\\\/body-contour\\\/#primaryimage\",\"url\":\"https:\\\/\\\/boutiquebeautyclub.ch\\\/wp-content\\\/uploads\\\/2026\\\/03\\\/WhatsApp-Image-2026-03-23-at-14.59.37.jpeg\",\"contentUrl\":\"https:\\\/\\\/boutiquebeautyclub.ch\\\/wp-content\\\/uploads\\\/2026\\\/03\\\/WhatsApp-Image-2026-03-23-at-14.59.37.jpeg\",\"width\":1080,\"height\":1080},{\"@type\":\"BreadcrumbList\",\"@id\":\"https:\\\/\\\/boutiquebeautyclub.ch\\\/fr\\\/prodotto\\\/body-contour\\\/#breadcrumb\",\"itemListElement\":[{\"@type\":\"ListItem\",\"position\":1,\"name\":\"Home\",\"item\":\"https:\\\/\\\/boutiquebeautyclub.ch\\\/fr\\\/\"},{\"@type\":\"ListItem\",\"position\":2,\"name\":\"Boutique\",\"item\":\"https:\\\/\\\/boutiquebeautyclub.ch\\\/fr\\\/boutique\\\/\"},{\"@type\":\"ListItem\",\"position\":3,\"name\":\"Body Contour\"}]},{\"@type\":\"WebSite\",\"@id\":\"https:\\\/\\\/boutiquebeautyclub.ch\\\/fr\\\/#website\",\"url\":\"https:\\\/\\\/boutiquebeautyclub.ch\\\/fr\\\/\",\"name\":\"Boutique Beauty Club\",\"description\":\"Il tuo punto di riferimento per la bellezza e il benessere.\",\"publisher\":{\"@id\":\"https:\\\/\\\/boutiquebeautyclub.ch\\\/fr\\\/#organization\"},\"potentialAction\":[{\"@type\":\"SearchAction\",\"target\":{\"@type\":\"EntryPoint\",\"urlTemplate\":\"https:\\\/\\\/boutiquebeautyclub.ch\\\/fr\\\/?s={search_term_string}\"},\"query-input\":{\"@type\":\"PropertyValueSpecification\",\"valueRequired\":true,\"valueName\":\"search_term_string\"}}],\"inLanguage\":\"fr-FR\"},{\"@type\":\"Organization\",\"@id\":\"https:\\\/\\\/boutiquebeautyclub.ch\\\/fr\\\/#organization\",\"name\":\"Boutique Beauty Club\",\"url\":\"https:\\\/\\\/boutiquebeautyclub.ch\\\/fr\\\/\",\"logo\":{\"@type\":\"ImageObject\",\"inLanguage\":\"fr-FR\",\"@id\":\"https:\\\/\\\/boutiquebeautyclub.ch\\\/fr\\\/#\\\/schema\\\/logo\\\/image\\\/\",\"url\":\"https:\\\/\\\/boutiquebeautyclub.ch\\\/wp-content\\\/uploads\\\/2025\\\/07\\\/logo.png\",\"contentUrl\":\"https:\\\/\\\/boutiquebeautyclub.ch\\\/wp-content\\\/uploads\\\/2025\\\/07\\\/logo.png\",\"width\":600,\"height\":248,\"caption\":\"Boutique Beauty Club\"},\"image\":{\"@id\":\"https:\\\/\\\/boutiquebeautyclub.ch\\\/fr\\\/#\\\/schema\\\/logo\\\/image\\\/\"},\"sameAs\":[\"https:\\\/\\\/www.facebook.com\\\/beautyclubesteticalosone\\\/\",\"https:\\\/\\\/www.instagram.com\\\/beautyclubestetica\\\/?hl=it\"]}]}<\/script>\n<!-- \/ Yoast SEO plugin. -->","yoast_head_json":{"title":"Body Contour - Boutique Beauty Club","robots":{"index":"index","follow":"follow","max-snippet":"max-snippet:-1","max-image-preview":"max-image-preview:large","max-video-preview":"max-video-preview:-1"},"canonical":"https:\/\/boutiquebeautyclub.ch\/fr\/prodotto\/body-contour\/","og_locale":"fr_FR","og_type":"article","og_title":"Body Contour - Boutique Beauty Club","og_description":"MEDSPA BODY CONTOUR : Les actifs cibl\u00e9s de swiss medSpa BODY CONTOUR, con\u00e7us pour s\u2019adapter aux cycles hormonaux f\u00e9minins, contribuent \u00e0 obtenir des r\u00e9sultats visibles. Swiss medSpa a d\u00e9velopp\u00e9 les quatre produits coordonn\u00e9s suivants pour les diff\u00e9rentes phases du cycle f\u00e9minin, qui peuvent \u00e9videmment aussi \u00eatre utilis\u00e9s par les hommes, ind\u00e9pendamment de leur cycle. Le concentr\u00e9 pr\u00e9vient le d\u00e9p\u00f4t de d\u00e9chets dans les parois intercellulaires de l\u2019hypoderme, ainsi que l\u2019hypertrophie des cellules adipeuses elles-m\u00eames. Lors de la deuxi\u00e8me phase du cycle menstruel, le corps commence \u00e0 retenir les liquides, provoquant une congestion et une l\u00e9g\u00e8re augmentation du poids et de la circonf\u00e9rence. Les changements hormonaux entra\u00eenent souvent une sensibilit\u00e9 et une tendance \u00e0 manger pour des raisons \u00e9motionnelles.  Le refroidissement progressif des zones probl\u00e9matiques comme les cuisses et l\u2019abdomen stimule le m\u00e9tabolisme et le syst\u00e8me lymphatique. Il d\u00e9congestionne et tonifie les jambes fatigu\u00e9es.  Effet et utilisation Il est important de pr\u00e9venir la r\u00e9tention d\u2019eau dans le tissu conjonctif et d\u2019activer le m\u00e9tabolisme des graisses. Si une femme n\u2019a pas de cycle menstruel r\u00e9gulier, ou est en m\u00e9nopause\/post-m\u00e9nopause, il est conseill\u00e9 de commencer par la Phase II, \u00e0 savoir le REMODELAGE DU CORPS. Jambes lourdes et douloureuses : BODY CONTOUR est aussi parfait pendant la grossesse. Pieds qui br\u00fblent, mollets douloureux, chevilles gonfl\u00e9es le soir : BODY CONTOUR fonctionne et te permet de dormir plus confortablement. Contre la lipogen\u00e8se &nbsp; Ingr\u00e9dients actifs : Menthol, Camphre, Glyc\u00e9rine v\u00e9g\u00e9tale","og_url":"https:\/\/boutiquebeautyclub.ch\/fr\/prodotto\/body-contour\/","og_site_name":"Boutique Beauty Club","article_publisher":"https:\/\/www.facebook.com\/beautyclubesteticalosone\/","og_image":[{"width":1080,"height":1080,"url":"https:\/\/boutiquebeautyclub.ch\/wp-content\/uploads\/2026\/03\/WhatsApp-Image-2026-03-23-at-14.59.37.jpeg","type":"image\/jpeg"}],"twitter_card":"summary_large_image","twitter_misc":{"Dur\u00e9e de lecture estim\u00e9e":"1 minute"},"schema":{"@context":"https:\/\/schema.org","@graph":[{"@type":"WebPage","@id":"https:\/\/boutiquebeautyclub.ch\/fr\/prodotto\/body-contour\/","url":"https:\/\/boutiquebeautyclub.ch\/fr\/prodotto\/body-contour\/","name":"Body Contour - Boutique Beauty Club","isPartOf":{"@id":"https:\/\/boutiquebeautyclub.ch\/fr\/#website"},"primaryImageOfPage":{"@id":"https:\/\/boutiquebeautyclub.ch\/fr\/prodotto\/body-contour\/#primaryimage"},"image":{"@id":"https:\/\/boutiquebeautyclub.ch\/fr\/prodotto\/body-contour\/#primaryimage"},"thumbnailUrl":"https:\/\/boutiquebeautyclub.ch\/wp-content\/uploads\/2026\/03\/WhatsApp-Image-2026-03-23-at-14.59.37.jpeg","datePublished":"2026-03-23T14:28:19+00:00","breadcrumb":{"@id":"https:\/\/boutiquebeautyclub.ch\/fr\/prodotto\/body-contour\/#breadcrumb"},"inLanguage":"fr-FR","potentialAction":[{"@type":"ReadAction","target":["https:\/\/boutiquebeautyclub.ch\/fr\/prodotto\/body-contour\/"]}]},{"@type":"ImageObject","inLanguage":"fr-FR","@id":"https:\/\/boutiquebeautyclub.ch\/fr\/prodotto\/body-contour\/#primaryimage","url":"https:\/\/boutiquebeautyclub.ch\/wp-content\/uploads\/2026\/03\/WhatsApp-Image-2026-03-23-at-14.59.37.jpeg","contentUrl":"https:\/\/boutiquebeautyclub.ch\/wp-content\/uploads\/2026\/03\/WhatsApp-Image-2026-03-23-at-14.59.37.jpeg","width":1080,"height":1080},{"@type":"BreadcrumbList","@id":"https:\/\/boutiquebeautyclub.ch\/fr\/prodotto\/body-contour\/#breadcrumb","itemListElement":[{"@type":"ListItem","position":1,"name":"Home","item":"https:\/\/boutiquebeautyclub.ch\/fr\/"},{"@type":"ListItem","position":2,"name":"Boutique","item":"https:\/\/boutiquebeautyclub.ch\/fr\/boutique\/"},{"@type":"ListItem","position":3,"name":"Body Contour"}]},{"@type":"WebSite","@id":"https:\/\/boutiquebeautyclub.ch\/fr\/#website","url":"https:\/\/boutiquebeautyclub.ch\/fr\/","name":"Boutique Beauty Club","description":"Il tuo punto di riferimento per la bellezza e il benessere.","publisher":{"@id":"https:\/\/boutiquebeautyclub.ch\/fr\/#organization"},"potentialAction":[{"@type":"SearchAction","target":{"@type":"EntryPoint","urlTemplate":"https:\/\/boutiquebeautyclub.ch\/fr\/?s={search_term_string}"},"query-input":{"@type":"PropertyValueSpecification","valueRequired":true,"valueName":"search_term_string"}}],"inLanguage":"fr-FR"},{"@type":"Organization","@id":"https:\/\/boutiquebeautyclub.ch\/fr\/#organization","name":"Boutique Beauty Club","url":"https:\/\/boutiquebeautyclub.ch\/fr\/","logo":{"@type":"ImageObject","inLanguage":"fr-FR","@id":"https:\/\/boutiquebeautyclub.ch\/fr\/#\/schema\/logo\/image\/","url":"https:\/\/boutiquebeautyclub.ch\/wp-content\/uploads\/2025\/07\/logo.png","contentUrl":"https:\/\/boutiquebeautyclub.ch\/wp-content\/uploads\/2025\/07\/logo.png","width":600,"height":248,"caption":"Boutique Beauty Club"},"image":{"@id":"https:\/\/boutiquebeautyclub.ch\/fr\/#\/schema\/logo\/image\/"},"sameAs":["https:\/\/www.facebook.com\/beautyclubesteticalosone\/","https:\/\/www.instagram.com\/beautyclubestetica\/?hl=it"]}]}},"_links":{"self":[{"href":"https:\/\/boutiquebeautyclub.ch\/fr\/wp-json\/wp\/v2\/product\/2515","targetHints":{"allow":["GET"]}}],"collection":[{"href":"https:\/\/boutiquebeautyclub.ch\/fr\/wp-json\/wp\/v2\/product"}],"about":[{"href":"https:\/\/boutiquebeautyclub.ch\/fr\/wp-json\/wp\/v2\/types\/product"}],"wp:featuredmedia":[{"embeddable":true,"href":"https:\/\/boutiquebeautyclub.ch\/fr\/wp-json\/wp\/v2\/media\/1430"}],"wp:attachment":[{"href":"https:\/\/boutiquebeautyclub.ch\/fr\/wp-json\/wp\/v2\/media?parent=2515"}],"wp:term":[{"taxonomy":"product_brand","embeddable":true,"href":"https:\/\/boutiquebeautyclub.ch\/fr\/wp-json\/wp\/v2\/product_brand?post=2515"},{"taxonomy":"product_cat","embeddable":true,"href":"https:\/\/boutiquebeautyclub.ch\/fr\/wp-json\/wp\/v2\/product_cat?post=2515"},{"taxonomy":"product_tag","embeddable":true,"href":"https:\/\/boutiquebeautyclub.ch\/fr\/wp-json\/wp\/v2\/product_tag?post=2515"}],"curies":[{"name":"wp","href":"https:\/\/api.w.org\/{rel}","templated":true}]}}