{"id":2517,"date":"2026-03-23T15:41:12","date_gmt":"2026-03-23T14:41:12","guid":{"rendered":"https:\/\/boutiquebeautyclub.ch\/prodotto\/body-detox\/"},"modified":"2026-03-23T15:41:12","modified_gmt":"2026-03-23T14:41:12","slug":"body-detox","status":"publish","type":"product","link":"https:\/\/boutiquebeautyclub.ch\/fr\/prodotto\/body-detox\/","title":{"rendered":"Body Detox"},"content":{"rendered":"<p><strong>MEDSPA BODY DETOX :<\/strong><\/p>\n<p>Un pack efficace avec deux combinaisons diff\u00e9rentes de principes actifs. Swiss medSpa a d\u00e9velopp\u00e9 les quatre produits coordonn\u00e9s suivants pour les diff\u00e9rentes phases du cycle f\u00e9minin, qui peuvent \u00e9videmment aussi \u00eatre utilis\u00e9s par les hommes ind\u00e9pendamment de la phase de leur cycle. <\/p>\n<p>Seuls les liposomes en gel sans gras et sans \u00e9mulsifiants sont stables et capables de transporter les principes actifs dans les couches les plus profondes de la peau. Comme notre recherche est issue du domaine m\u00e9dical, cela a toujours \u00e9t\u00e9 un principe fondamental pour l\u2019efficacit\u00e9 des s\u00e9rums Swiss medSpa. BODY DETOX peut \u00eatre utilis\u00e9 comme produit de base ou par des personnes plus jeunes. Il peut \u00eatre utilis\u00e9 en combinaison avec d\u2019autres programmes d\u00e9tox et minceur au printemps ou en synergie avec d\u2019autres produits Swiss medSpa.   <\/p>\n<p>Le concentr\u00e9 de principe actif 1<\/p>\n<p>contient des ingr\u00e9dients qui inhibent la croissance des cellules adipeuses et renforcent le tissu conjonctif. Il active l\u2019enzyme ATGL (lipase adipocytaire des triglyc\u00e9rides), responsable de la d\u00e9composition des graisses. Cela se traduit par une peau et des tissus plus toniques.  <\/p>\n<p>Concentr\u00e9 de principe actif 2 :<\/p>\n<p>celui-ci augmente progressivement le flux sanguin, accroissant ainsi la concentration d\u2019oxyg\u00e8ne et favorisant significativement l\u2019\u00e9limination des d\u00e9chets m\u00e9taboliques. Ces concentr\u00e9s agissent en synergie. L\u2019activit\u00e9 dans le tissu sous-cutan\u00e9 est renforc\u00e9e, stimulant les mitochondries.  <\/p>\n<p><strong>Texture<\/strong> :<\/p>\n<p>la peau est visiblement plus douce et tonique d\u00e8s les premi\u00e8res applications.<\/p>\n<p><strong>Ingr\u00e9dients actifs :<\/strong><\/p>\n<p>La g\u00e9nist\u00e9ine s\u2019oppose \u00e0 l\u2019adipogen\u00e8se et \u00e0 la lipolyse. La g\u00e9nist\u00e9ine est un collag\u00e8ne d\u2019origine v\u00e9g\u00e9tale et renforce le tissu conjonctif. <\/p>\n<p>L\u2019extrait de Spirulina platensis est une algue d\u2019eau douce qui poss\u00e8de un effet diur\u00e9tique et alcalinisant. Il raffermit et restructure les tissus. <\/p>\n<p>La carnitine agit comme antioxydant et est r\u00e9put\u00e9e pour r\u00e9duire les cellules adipeuses.<\/p>\n<p>La caf\u00e9ine favorise la circulation sanguine et aide \u00e0 d\u00e9composer les cellules adipeuses.<\/p>\n<p>Les principes actifs sont transport\u00e9s dans les couches les plus profondes de la peau au moyen de vecteurs (liposomes).<\/p>\n<p>Contre-indications \/ Informations compl\u00e9mentaires :<\/p>\n<p>Comme les complexes de principes actifs sont intensifs, les peaux tr\u00e8s sensibles pourraient r\u00e9agir de mani\u00e8re plus marqu\u00e9e. Cette r\u00e9action est normale et s\u2019att\u00e9nuera apr\u00e8s quelques applications. Les femmes m\u00e9nopaus\u00e9es ayant des bouff\u00e9es de chaleur prononc\u00e9es pourraient r\u00e9agir plus intens\u00e9ment. Appliquer uniquement localement.   <\/p>\n<p>Le traitement BODY DETOX peut \u00eatre appliqu\u00e9 sur des zones sp\u00e9cifiques : bras (int\u00e9rieur et ext\u00e9rieur), abdomen, fessiers et cuisses (int\u00e9rieur et ext\u00e9rieur). La circulation sanguine varie d\u2019une personne \u00e0 l\u2019autre. \u00c9viter les zones pr\u00e9sentant des varices apparentes.  <\/p>\n","protected":false},"excerpt":{"rendered":"<p><strong>MEDSPA BODY DETOX :<\/strong><\/p>\n<p>Un pack efficace avec deux combinaisons diff\u00e9rentes de principes actifs. Swiss medSpa a d\u00e9velopp\u00e9 les quatre produits coordonn\u00e9s suivants pour les diff\u00e9rentes phases du cycle f\u00e9minin, qui peuvent \u00e9videmment aussi \u00eatre utilis\u00e9s par les hommes ind\u00e9pendamment de la phase de leur cycle. <\/p>\n<p>Seuls les liposomes en gel sans gras et sans \u00e9mulsifiants sont stables et capables de transporter les principes actifs dans les couches les plus profondes de la peau. Comme notre recherche est issue du domaine m\u00e9dical, cela a toujours \u00e9t\u00e9 un principe fondamental pour l\u2019efficacit\u00e9 des s\u00e9rums Swiss medSpa. BODY DETOX peut \u00eatre utilis\u00e9 comme produit de base ou par des personnes plus jeunes. Il peut \u00eatre utilis\u00e9 en combinaison avec d\u2019autres programmes d\u00e9tox et minceur au printemps ou en synergie avec d\u2019autres produits Swiss medSpa.   <\/p>\n<p>Le concentr\u00e9 de principe actif 1<\/p>\n<p>contient des ingr\u00e9dients qui inhibent la croissance des cellules adipeuses et renforcent le tissu conjonctif. Il active l\u2019enzyme ATGL (lipase adipocytaire des triglyc\u00e9rides), responsable de la d\u00e9composition des graisses. Cela se traduit par une peau et des tissus plus toniques.  <\/p>\n<p>Concentr\u00e9 de principe actif 2 :<\/p>\n<p>celui-ci augmente progressivement le flux sanguin, accroissant ainsi la concentration d\u2019oxyg\u00e8ne et favorisant significativement l\u2019\u00e9limination des d\u00e9chets m\u00e9taboliques. Ces concentr\u00e9s agissent en synergie. L\u2019activit\u00e9 dans le tissu sous-cutan\u00e9 est renforc\u00e9e, stimulant les mitochondries.  <\/p>\n<p><strong>Texture<\/strong> :<\/p>\n<p>la peau est visiblement plus douce et tonique d\u00e8s les premi\u00e8res applications.<\/p>\n<p><strong>Ingr\u00e9dients actifs :<\/strong><\/p>\n<p>La g\u00e9nist\u00e9ine s\u2019oppose \u00e0 l\u2019adipogen\u00e8se et \u00e0 la lipolyse. La g\u00e9nist\u00e9ine est un collag\u00e8ne d\u2019origine v\u00e9g\u00e9tale et renforce le tissu conjonctif. <\/p>\n<p>L\u2019extrait de Spirulina platensis est une algue d\u2019eau douce qui poss\u00e8de un effet diur\u00e9tique et alcalinisant. Il raffermit et restructure les tissus. <\/p>\n<p>La carnitine agit comme antioxydant et est r\u00e9put\u00e9e pour r\u00e9duire les cellules adipeuses.<\/p>\n<p>La caf\u00e9ine favorise la circulation sanguine et aide \u00e0 d\u00e9composer les cellules adipeuses.<\/p>\n<p>Les principes actifs sont transport\u00e9s dans les couches les plus profondes de la peau au moyen de vecteurs (liposomes).<\/p>\n<p>Contre-indications \/ Informations compl\u00e9mentaires :<\/p>\n<p>Comme les complexes de principes actifs sont intensifs, les peaux tr\u00e8s sensibles pourraient r\u00e9agir de mani\u00e8re plus marqu\u00e9e. Cette r\u00e9action est normale et s\u2019att\u00e9nuera apr\u00e8s quelques applications. Les femmes m\u00e9nopaus\u00e9es ayant des bouff\u00e9es de chaleur prononc\u00e9es pourraient r\u00e9agir plus intens\u00e9ment. Appliquer uniquement localement.   <\/p>\n<p>Le traitement BODY DETOX peut \u00eatre appliqu\u00e9 sur des zones sp\u00e9cifiques : bras (int\u00e9rieur et ext\u00e9rieur), abdomen, fessiers et cuisses (int\u00e9rieur et ext\u00e9rieur). La circulation sanguine varie d\u2019une personne \u00e0 l\u2019autre. \u00c9viter les zones pr\u00e9sentant des varices apparentes.  <\/p>\n","protected":false},"featured_media":1433,"template":"","meta":[],"product_brand":[],"product_cat":[417],"product_tag":[],"class_list":{"0":"post-2517","1":"product","2":"type-product","3":"status-publish","4":"has-post-thumbnail","6":"product_cat-corps","8":"first","9":"instock","10":"shipping-taxable","11":"purchasable","12":"product-type-simple"},"yoast_head":"<!-- This site is optimized with the Yoast SEO plugin v27.6 - https:\/\/yoast.com\/product\/yoast-seo-wordpress\/ -->\n<title>Body Detox - Boutique Beauty Club<\/title>\n<meta name=\"robots\" content=\"index, follow, max-snippet:-1, max-image-preview:large, max-video-preview:-1\" \/>\n<link rel=\"canonical\" href=\"https:\/\/boutiquebeautyclub.ch\/fr\/prodotto\/body-detox\/\" \/>\n<meta property=\"og:locale\" content=\"fr_FR\" \/>\n<meta property=\"og:type\" content=\"article\" \/>\n<meta property=\"og:title\" content=\"Body Detox - Boutique Beauty Club\" \/>\n<meta property=\"og:description\" content=\"MEDSPA BODY DETOX : Un pack efficace avec deux combinaisons diff\u00e9rentes de principes actifs. Swiss medSpa a d\u00e9velopp\u00e9 les quatre produits coordonn\u00e9s suivants pour les diff\u00e9rentes phases du cycle f\u00e9minin, qui peuvent \u00e9videmment aussi \u00eatre utilis\u00e9s par les hommes ind\u00e9pendamment de la phase de leur cycle.  Seuls les liposomes en gel sans gras et sans \u00e9mulsifiants sont stables et capables de transporter les principes actifs dans les couches les plus profondes de la peau. Comme notre recherche est issue du domaine m\u00e9dical, cela a toujours \u00e9t\u00e9 un principe fondamental pour l\u2019efficacit\u00e9 des s\u00e9rums Swiss medSpa. BODY DETOX peut \u00eatre utilis\u00e9 comme produit de base ou par des personnes plus jeunes. Il peut \u00eatre utilis\u00e9 en combinaison avec d\u2019autres programmes d\u00e9tox et minceur au printemps ou en synergie avec d\u2019autres produits Swiss medSpa.   Le concentr\u00e9 de principe actif 1 contient des ingr\u00e9dients qui inhibent la croissance des cellules adipeuses et renforcent le tissu conjonctif. Il active l\u2019enzyme ATGL (lipase adipocytaire des triglyc\u00e9rides), responsable de la d\u00e9composition des graisses. Cela se traduit par une peau et des tissus plus toniques.  Concentr\u00e9 de principe actif 2 : celui-ci augmente progressivement le flux sanguin, accroissant ainsi la concentration d\u2019oxyg\u00e8ne et favorisant significativement l\u2019\u00e9limination des d\u00e9chets m\u00e9taboliques. Ces concentr\u00e9s agissent en synergie. L\u2019activit\u00e9 dans le tissu sous-cutan\u00e9 est renforc\u00e9e, stimulant les mitochondries.  Texture : la peau est visiblement plus douce et tonique d\u00e8s les premi\u00e8res applications. Ingr\u00e9dients actifs : La g\u00e9nist\u00e9ine s\u2019oppose \u00e0 l\u2019adipogen\u00e8se et \u00e0 la lipolyse. La g\u00e9nist\u00e9ine est un collag\u00e8ne d\u2019origine v\u00e9g\u00e9tale et renforce le tissu conjonctif.  L\u2019extrait de Spirulina platensis est une algue d\u2019eau douce qui poss\u00e8de un effet diur\u00e9tique et alcalinisant. Il raffermit et restructure les tissus.  La carnitine agit comme antioxydant et est r\u00e9put\u00e9e pour r\u00e9duire les cellules adipeuses. La caf\u00e9ine favorise la circulation sanguine et aide \u00e0 d\u00e9composer les cellules adipeuses. Les principes actifs sont transport\u00e9s dans les couches les plus profondes de la peau au moyen de vecteurs (liposomes). Contre-indications \/ Informations compl\u00e9mentaires : Comme les complexes de principes actifs sont intensifs, les peaux tr\u00e8s sensibles pourraient r\u00e9agir de mani\u00e8re plus marqu\u00e9e. Cette r\u00e9action est normale et s\u2019att\u00e9nuera apr\u00e8s quelques applications. Les femmes m\u00e9nopaus\u00e9es ayant des bouff\u00e9es de chaleur prononc\u00e9es pourraient r\u00e9agir plus intens\u00e9ment. Appliquer uniquement localement.   Le traitement BODY DETOX peut \u00eatre appliqu\u00e9 sur des zones sp\u00e9cifiques : bras (int\u00e9rieur et ext\u00e9rieur), abdomen, fessiers et cuisses (int\u00e9rieur et ext\u00e9rieur). La circulation sanguine varie d\u2019une personne \u00e0 l\u2019autre. \u00c9viter les zones pr\u00e9sentant des varices apparentes.\" \/>\n<meta property=\"og:url\" content=\"https:\/\/boutiquebeautyclub.ch\/fr\/prodotto\/body-detox\/\" \/>\n<meta property=\"og:site_name\" content=\"Boutique Beauty Club\" \/>\n<meta property=\"article:publisher\" content=\"https:\/\/www.facebook.com\/beautyclubesteticalosone\/\" \/>\n<meta property=\"og:image\" content=\"https:\/\/boutiquebeautyclub.ch\/wp-content\/uploads\/2026\/03\/WhatsApp-Image-2026-03-23-at-14.57.24.jpeg\" \/>\n\t<meta property=\"og:image:width\" content=\"1165\" \/>\n\t<meta property=\"og:image:height\" content=\"1284\" \/>\n\t<meta property=\"og:image:type\" content=\"image\/jpeg\" \/>\n<meta name=\"twitter:card\" content=\"summary_large_image\" \/>\n<meta name=\"twitter:label1\" content=\"Dur\u00e9e de lecture estim\u00e9e\" \/>\n\t<meta name=\"twitter:data1\" content=\"2 minutes\" \/>\n<script type=\"application\/ld+json\" class=\"yoast-schema-graph\">{\"@context\":\"https:\\\/\\\/schema.org\",\"@graph\":[{\"@type\":\"WebPage\",\"@id\":\"https:\\\/\\\/boutiquebeautyclub.ch\\\/fr\\\/prodotto\\\/body-detox\\\/\",\"url\":\"https:\\\/\\\/boutiquebeautyclub.ch\\\/fr\\\/prodotto\\\/body-detox\\\/\",\"name\":\"Body Detox - Boutique Beauty Club\",\"isPartOf\":{\"@id\":\"https:\\\/\\\/boutiquebeautyclub.ch\\\/fr\\\/#website\"},\"primaryImageOfPage\":{\"@id\":\"https:\\\/\\\/boutiquebeautyclub.ch\\\/fr\\\/prodotto\\\/body-detox\\\/#primaryimage\"},\"image\":{\"@id\":\"https:\\\/\\\/boutiquebeautyclub.ch\\\/fr\\\/prodotto\\\/body-detox\\\/#primaryimage\"},\"thumbnailUrl\":\"https:\\\/\\\/boutiquebeautyclub.ch\\\/wp-content\\\/uploads\\\/2026\\\/03\\\/WhatsApp-Image-2026-03-23-at-14.57.24.jpeg\",\"datePublished\":\"2026-03-23T14:41:12+00:00\",\"breadcrumb\":{\"@id\":\"https:\\\/\\\/boutiquebeautyclub.ch\\\/fr\\\/prodotto\\\/body-detox\\\/#breadcrumb\"},\"inLanguage\":\"fr-FR\",\"potentialAction\":[{\"@type\":\"ReadAction\",\"target\":[\"https:\\\/\\\/boutiquebeautyclub.ch\\\/fr\\\/prodotto\\\/body-detox\\\/\"]}]},{\"@type\":\"ImageObject\",\"inLanguage\":\"fr-FR\",\"@id\":\"https:\\\/\\\/boutiquebeautyclub.ch\\\/fr\\\/prodotto\\\/body-detox\\\/#primaryimage\",\"url\":\"https:\\\/\\\/boutiquebeautyclub.ch\\\/wp-content\\\/uploads\\\/2026\\\/03\\\/WhatsApp-Image-2026-03-23-at-14.57.24.jpeg\",\"contentUrl\":\"https:\\\/\\\/boutiquebeautyclub.ch\\\/wp-content\\\/uploads\\\/2026\\\/03\\\/WhatsApp-Image-2026-03-23-at-14.57.24.jpeg\",\"width\":1165,\"height\":1284},{\"@type\":\"BreadcrumbList\",\"@id\":\"https:\\\/\\\/boutiquebeautyclub.ch\\\/fr\\\/prodotto\\\/body-detox\\\/#breadcrumb\",\"itemListElement\":[{\"@type\":\"ListItem\",\"position\":1,\"name\":\"Home\",\"item\":\"https:\\\/\\\/boutiquebeautyclub.ch\\\/fr\\\/\"},{\"@type\":\"ListItem\",\"position\":2,\"name\":\"Boutique\",\"item\":\"https:\\\/\\\/boutiquebeautyclub.ch\\\/fr\\\/boutique\\\/\"},{\"@type\":\"ListItem\",\"position\":3,\"name\":\"Body Detox\"}]},{\"@type\":\"WebSite\",\"@id\":\"https:\\\/\\\/boutiquebeautyclub.ch\\\/fr\\\/#website\",\"url\":\"https:\\\/\\\/boutiquebeautyclub.ch\\\/fr\\\/\",\"name\":\"Boutique Beauty Club\",\"description\":\"Il tuo punto di riferimento per la bellezza e il benessere.\",\"publisher\":{\"@id\":\"https:\\\/\\\/boutiquebeautyclub.ch\\\/fr\\\/#organization\"},\"potentialAction\":[{\"@type\":\"SearchAction\",\"target\":{\"@type\":\"EntryPoint\",\"urlTemplate\":\"https:\\\/\\\/boutiquebeautyclub.ch\\\/fr\\\/?s={search_term_string}\"},\"query-input\":{\"@type\":\"PropertyValueSpecification\",\"valueRequired\":true,\"valueName\":\"search_term_string\"}}],\"inLanguage\":\"fr-FR\"},{\"@type\":\"Organization\",\"@id\":\"https:\\\/\\\/boutiquebeautyclub.ch\\\/fr\\\/#organization\",\"name\":\"Boutique Beauty Club\",\"url\":\"https:\\\/\\\/boutiquebeautyclub.ch\\\/fr\\\/\",\"logo\":{\"@type\":\"ImageObject\",\"inLanguage\":\"fr-FR\",\"@id\":\"https:\\\/\\\/boutiquebeautyclub.ch\\\/fr\\\/#\\\/schema\\\/logo\\\/image\\\/\",\"url\":\"https:\\\/\\\/boutiquebeautyclub.ch\\\/wp-content\\\/uploads\\\/2025\\\/07\\\/logo.png\",\"contentUrl\":\"https:\\\/\\\/boutiquebeautyclub.ch\\\/wp-content\\\/uploads\\\/2025\\\/07\\\/logo.png\",\"width\":600,\"height\":248,\"caption\":\"Boutique Beauty Club\"},\"image\":{\"@id\":\"https:\\\/\\\/boutiquebeautyclub.ch\\\/fr\\\/#\\\/schema\\\/logo\\\/image\\\/\"},\"sameAs\":[\"https:\\\/\\\/www.facebook.com\\\/beautyclubesteticalosone\\\/\",\"https:\\\/\\\/www.instagram.com\\\/beautyclubestetica\\\/?hl=it\"]}]}<\/script>\n<!-- \/ Yoast SEO plugin. -->","yoast_head_json":{"title":"Body Detox - Boutique Beauty Club","robots":{"index":"index","follow":"follow","max-snippet":"max-snippet:-1","max-image-preview":"max-image-preview:large","max-video-preview":"max-video-preview:-1"},"canonical":"https:\/\/boutiquebeautyclub.ch\/fr\/prodotto\/body-detox\/","og_locale":"fr_FR","og_type":"article","og_title":"Body Detox - Boutique Beauty Club","og_description":"MEDSPA BODY DETOX : Un pack efficace avec deux combinaisons diff\u00e9rentes de principes actifs. Swiss medSpa a d\u00e9velopp\u00e9 les quatre produits coordonn\u00e9s suivants pour les diff\u00e9rentes phases du cycle f\u00e9minin, qui peuvent \u00e9videmment aussi \u00eatre utilis\u00e9s par les hommes ind\u00e9pendamment de la phase de leur cycle.  Seuls les liposomes en gel sans gras et sans \u00e9mulsifiants sont stables et capables de transporter les principes actifs dans les couches les plus profondes de la peau. Comme notre recherche est issue du domaine m\u00e9dical, cela a toujours \u00e9t\u00e9 un principe fondamental pour l\u2019efficacit\u00e9 des s\u00e9rums Swiss medSpa. BODY DETOX peut \u00eatre utilis\u00e9 comme produit de base ou par des personnes plus jeunes. Il peut \u00eatre utilis\u00e9 en combinaison avec d\u2019autres programmes d\u00e9tox et minceur au printemps ou en synergie avec d\u2019autres produits Swiss medSpa.   Le concentr\u00e9 de principe actif 1 contient des ingr\u00e9dients qui inhibent la croissance des cellules adipeuses et renforcent le tissu conjonctif. Il active l\u2019enzyme ATGL (lipase adipocytaire des triglyc\u00e9rides), responsable de la d\u00e9composition des graisses. Cela se traduit par une peau et des tissus plus toniques.  Concentr\u00e9 de principe actif 2 : celui-ci augmente progressivement le flux sanguin, accroissant ainsi la concentration d\u2019oxyg\u00e8ne et favorisant significativement l\u2019\u00e9limination des d\u00e9chets m\u00e9taboliques. Ces concentr\u00e9s agissent en synergie. L\u2019activit\u00e9 dans le tissu sous-cutan\u00e9 est renforc\u00e9e, stimulant les mitochondries.  Texture : la peau est visiblement plus douce et tonique d\u00e8s les premi\u00e8res applications. Ingr\u00e9dients actifs : La g\u00e9nist\u00e9ine s\u2019oppose \u00e0 l\u2019adipogen\u00e8se et \u00e0 la lipolyse. La g\u00e9nist\u00e9ine est un collag\u00e8ne d\u2019origine v\u00e9g\u00e9tale et renforce le tissu conjonctif.  L\u2019extrait de Spirulina platensis est une algue d\u2019eau douce qui poss\u00e8de un effet diur\u00e9tique et alcalinisant. Il raffermit et restructure les tissus.  La carnitine agit comme antioxydant et est r\u00e9put\u00e9e pour r\u00e9duire les cellules adipeuses. La caf\u00e9ine favorise la circulation sanguine et aide \u00e0 d\u00e9composer les cellules adipeuses. Les principes actifs sont transport\u00e9s dans les couches les plus profondes de la peau au moyen de vecteurs (liposomes). Contre-indications \/ Informations compl\u00e9mentaires : Comme les complexes de principes actifs sont intensifs, les peaux tr\u00e8s sensibles pourraient r\u00e9agir de mani\u00e8re plus marqu\u00e9e. Cette r\u00e9action est normale et s\u2019att\u00e9nuera apr\u00e8s quelques applications. Les femmes m\u00e9nopaus\u00e9es ayant des bouff\u00e9es de chaleur prononc\u00e9es pourraient r\u00e9agir plus intens\u00e9ment. Appliquer uniquement localement.   Le traitement BODY DETOX peut \u00eatre appliqu\u00e9 sur des zones sp\u00e9cifiques : bras (int\u00e9rieur et ext\u00e9rieur), abdomen, fessiers et cuisses (int\u00e9rieur et ext\u00e9rieur). La circulation sanguine varie d\u2019une personne \u00e0 l\u2019autre. \u00c9viter les zones pr\u00e9sentant des varices apparentes.","og_url":"https:\/\/boutiquebeautyclub.ch\/fr\/prodotto\/body-detox\/","og_site_name":"Boutique Beauty Club","article_publisher":"https:\/\/www.facebook.com\/beautyclubesteticalosone\/","og_image":[{"width":1165,"height":1284,"url":"https:\/\/boutiquebeautyclub.ch\/wp-content\/uploads\/2026\/03\/WhatsApp-Image-2026-03-23-at-14.57.24.jpeg","type":"image\/jpeg"}],"twitter_card":"summary_large_image","twitter_misc":{"Dur\u00e9e de lecture estim\u00e9e":"2 minutes"},"schema":{"@context":"https:\/\/schema.org","@graph":[{"@type":"WebPage","@id":"https:\/\/boutiquebeautyclub.ch\/fr\/prodotto\/body-detox\/","url":"https:\/\/boutiquebeautyclub.ch\/fr\/prodotto\/body-detox\/","name":"Body Detox - Boutique Beauty Club","isPartOf":{"@id":"https:\/\/boutiquebeautyclub.ch\/fr\/#website"},"primaryImageOfPage":{"@id":"https:\/\/boutiquebeautyclub.ch\/fr\/prodotto\/body-detox\/#primaryimage"},"image":{"@id":"https:\/\/boutiquebeautyclub.ch\/fr\/prodotto\/body-detox\/#primaryimage"},"thumbnailUrl":"https:\/\/boutiquebeautyclub.ch\/wp-content\/uploads\/2026\/03\/WhatsApp-Image-2026-03-23-at-14.57.24.jpeg","datePublished":"2026-03-23T14:41:12+00:00","breadcrumb":{"@id":"https:\/\/boutiquebeautyclub.ch\/fr\/prodotto\/body-detox\/#breadcrumb"},"inLanguage":"fr-FR","potentialAction":[{"@type":"ReadAction","target":["https:\/\/boutiquebeautyclub.ch\/fr\/prodotto\/body-detox\/"]}]},{"@type":"ImageObject","inLanguage":"fr-FR","@id":"https:\/\/boutiquebeautyclub.ch\/fr\/prodotto\/body-detox\/#primaryimage","url":"https:\/\/boutiquebeautyclub.ch\/wp-content\/uploads\/2026\/03\/WhatsApp-Image-2026-03-23-at-14.57.24.jpeg","contentUrl":"https:\/\/boutiquebeautyclub.ch\/wp-content\/uploads\/2026\/03\/WhatsApp-Image-2026-03-23-at-14.57.24.jpeg","width":1165,"height":1284},{"@type":"BreadcrumbList","@id":"https:\/\/boutiquebeautyclub.ch\/fr\/prodotto\/body-detox\/#breadcrumb","itemListElement":[{"@type":"ListItem","position":1,"name":"Home","item":"https:\/\/boutiquebeautyclub.ch\/fr\/"},{"@type":"ListItem","position":2,"name":"Boutique","item":"https:\/\/boutiquebeautyclub.ch\/fr\/boutique\/"},{"@type":"ListItem","position":3,"name":"Body Detox"}]},{"@type":"WebSite","@id":"https:\/\/boutiquebeautyclub.ch\/fr\/#website","url":"https:\/\/boutiquebeautyclub.ch\/fr\/","name":"Boutique Beauty Club","description":"Il tuo punto di riferimento per la bellezza e il benessere.","publisher":{"@id":"https:\/\/boutiquebeautyclub.ch\/fr\/#organization"},"potentialAction":[{"@type":"SearchAction","target":{"@type":"EntryPoint","urlTemplate":"https:\/\/boutiquebeautyclub.ch\/fr\/?s={search_term_string}"},"query-input":{"@type":"PropertyValueSpecification","valueRequired":true,"valueName":"search_term_string"}}],"inLanguage":"fr-FR"},{"@type":"Organization","@id":"https:\/\/boutiquebeautyclub.ch\/fr\/#organization","name":"Boutique Beauty Club","url":"https:\/\/boutiquebeautyclub.ch\/fr\/","logo":{"@type":"ImageObject","inLanguage":"fr-FR","@id":"https:\/\/boutiquebeautyclub.ch\/fr\/#\/schema\/logo\/image\/","url":"https:\/\/boutiquebeautyclub.ch\/wp-content\/uploads\/2025\/07\/logo.png","contentUrl":"https:\/\/boutiquebeautyclub.ch\/wp-content\/uploads\/2025\/07\/logo.png","width":600,"height":248,"caption":"Boutique Beauty Club"},"image":{"@id":"https:\/\/boutiquebeautyclub.ch\/fr\/#\/schema\/logo\/image\/"},"sameAs":["https:\/\/www.facebook.com\/beautyclubesteticalosone\/","https:\/\/www.instagram.com\/beautyclubestetica\/?hl=it"]}]}},"_links":{"self":[{"href":"https:\/\/boutiquebeautyclub.ch\/fr\/wp-json\/wp\/v2\/product\/2517","targetHints":{"allow":["GET"]}}],"collection":[{"href":"https:\/\/boutiquebeautyclub.ch\/fr\/wp-json\/wp\/v2\/product"}],"about":[{"href":"https:\/\/boutiquebeautyclub.ch\/fr\/wp-json\/wp\/v2\/types\/product"}],"wp:featuredmedia":[{"embeddable":true,"href":"https:\/\/boutiquebeautyclub.ch\/fr\/wp-json\/wp\/v2\/media\/1433"}],"wp:attachment":[{"href":"https:\/\/boutiquebeautyclub.ch\/fr\/wp-json\/wp\/v2\/media?parent=2517"}],"wp:term":[{"taxonomy":"product_brand","embeddable":true,"href":"https:\/\/boutiquebeautyclub.ch\/fr\/wp-json\/wp\/v2\/product_brand?post=2517"},{"taxonomy":"product_cat","embeddable":true,"href":"https:\/\/boutiquebeautyclub.ch\/fr\/wp-json\/wp\/v2\/product_cat?post=2517"},{"taxonomy":"product_tag","embeddable":true,"href":"https:\/\/boutiquebeautyclub.ch\/fr\/wp-json\/wp\/v2\/product_tag?post=2517"}],"curies":[{"name":"wp","href":"https:\/\/api.w.org\/{rel}","templated":true}]}}