{"id":2519,"date":"2026-03-23T15:19:53","date_gmt":"2026-03-23T14:19:53","guid":{"rendered":"https:\/\/boutiquebeautyclub.ch\/prodotto\/body-relift\/"},"modified":"2026-03-23T15:19:53","modified_gmt":"2026-03-23T14:19:53","slug":"body-relift","status":"publish","type":"product","link":"https:\/\/boutiquebeautyclub.ch\/fr\/prodotto\/body-relift\/","title":{"rendered":"Body Relift"},"content":{"rendered":"<p><strong>MEDSPA BODY RE LIFT :<\/strong><\/p>\n<p>Hautement efficace, avec une exp\u00e9rience et un succ\u00e8s tangibles. Swiss medSpa a d\u00e9velopp\u00e9 les quatre produits coordonn\u00e9s suivants pour les diff\u00e9rentes phases du cycle f\u00e9minin, qui peuvent bien entendu \u00eatre utilis\u00e9s par les hommes ind\u00e9pendamment de leur cycle. <\/p>\n<p>Les principes actifs ont \u00e9t\u00e9 encapsul\u00e9s dans des v\u00e9sicules de transport aqueux techniquement innovantes et de taille minuscule, \u00e0 savoir des liposomes naturels semblables \u00e0 la peau.<\/p>\n<p>Pendant la premi\u00e8re phase du cycle menstruel, la cellulite, les vergetures et le rel\u00e2chement cutan\u00e9 sont bien visibles. La peau est particuli\u00e8rement r\u00e9ceptive durant cette phase. BODY RE LIFT a une texture agr\u00e9able et s\u2019absorbe rapidement.  <\/p>\n<p>BODY RE LIFT est con\u00e7u pour r\u00e9pondre aux besoins les plus complexes des femmes :<\/p>\n<p>Le produit favorise la lipolyse biochimique, ce qui acc\u00e9l\u00e8re le m\u00e9tabolisme.<\/p>\n<p>Les imperfections caus\u00e9es par la cellulite, les vergetures et le rel\u00e2chement cutan\u00e9 (d\u00fb \u00e0 la grossesse ou \u00e0 la perte de poids) sont r\u00e9duites.<\/p>\n<p>Rel\u00e2chement cutan\u00e9 li\u00e9 \u00e0 l\u2019\u00e2ge ou pr\u00e9coce ; les principes actifs r\u00e9g\u00e9n\u00e8rent et raffermissent la peau.<\/p>\n<p>La production de collag\u00e8ne est activ\u00e9e<\/p>\n<p>Effet :<\/p>\n<p>Des r\u00e9sultats visibles et tangibles rapidement. La cellulite et l\u2019aspect peau d\u2019orange sont r\u00e9duits. Le raffermissement de la peau et la production de collag\u00e8ne sont favoris\u00e9s. Stimule le m\u00e9tabolisme. Les vergetures sont att\u00e9nu\u00e9es. La perte de graisse est stimul\u00e9e. Les r\u00e9actions cutan\u00e9es initiales peuvent varier. Certaines personnes ressentent une augmentation du flux sanguin et des rougeurs imm\u00e9diatement apr\u00e8s l\u2019application, mais ces effets disparaissent rapidement. Avec une utilisation r\u00e9guli\u00e8re, l\u2019\u00e9piderme ne rougit plus. Cependant, le tissu sous-cutan\u00e9 continue de subir une activation de longue dur\u00e9e. C\u2019est la cl\u00e9 du succ\u00e8s.          <\/p>\n<p>Ingr\u00e9dients actifs : Fucus vesiculosus, Laminaria Digitata, Spirulina Platensis, Genistein, Carnitine, Ur\u00e9e, Caf\u00e9ine, Vitamine C<\/p>\n","protected":false},"excerpt":{"rendered":"<p><strong>MEDSPA BODY RE LIFT :<\/strong><\/p>\n<p>Hautement efficace, avec une exp\u00e9rience et un succ\u00e8s tangibles. Swiss medSpa a d\u00e9velopp\u00e9 les quatre produits coordonn\u00e9s suivants pour les diff\u00e9rentes phases du cycle f\u00e9minin, qui peuvent bien entendu \u00eatre utilis\u00e9s par les hommes ind\u00e9pendamment de leur cycle. <\/p>\n<p>Les principes actifs ont \u00e9t\u00e9 encapsul\u00e9s dans des v\u00e9sicules de transport aqueux techniquement innovantes et de taille minuscule, \u00e0 savoir des liposomes naturels semblables \u00e0 la peau.<\/p>\n<p>Pendant la premi\u00e8re phase du cycle menstruel, la cellulite, les vergetures et le rel\u00e2chement cutan\u00e9 sont bien visibles. La peau est particuli\u00e8rement r\u00e9ceptive durant cette phase. BODY RE LIFT a une texture agr\u00e9able et s\u2019absorbe rapidement.  <\/p>\n<p>BODY RE LIFT est con\u00e7u pour r\u00e9pondre aux besoins les plus complexes des femmes :<\/p>\n<p>Le produit favorise la lipolyse biochimique, ce qui acc\u00e9l\u00e8re le m\u00e9tabolisme.<\/p>\n<p>Les imperfections caus\u00e9es par la cellulite, les vergetures et le rel\u00e2chement cutan\u00e9 (d\u00fb \u00e0 la grossesse ou \u00e0 la perte de poids) sont r\u00e9duites.<\/p>\n<p>Rel\u00e2chement cutan\u00e9 li\u00e9 \u00e0 l\u2019\u00e2ge ou pr\u00e9coce ; les principes actifs r\u00e9g\u00e9n\u00e8rent et raffermissent la peau.<\/p>\n<p>La production de collagene est activ\u00e9e<\/p>\n<p>Effet :<\/p>\n<p>Des r\u00e9sultats visibles et tangibles rapidement. La cellulite et l\u2019aspect peau d\u2019orange sont r\u00e9duits. Le raffermissement de la peau et la production de collag\u00e8ne sont favoris\u00e9s. Stimule le m\u00e9tabolisme. Les vergetures sont att\u00e9nu\u00e9es. La perte de graisse est stimul\u00e9e. Les r\u00e9actions cutan\u00e9es initiales peuvent varier. Certaines personnes ressentent une augmentation du flux sanguin et des rougeurs imm\u00e9diatement apr\u00e8s l\u2019application, mais ces effets disparaissent rapidement. Avec une utilisation r\u00e9guli\u00e8re, l\u2019\u00e9piderme ne rougit plus. Cependant, le tissu sous-cutan\u00e9 continue de subir une activation de longue dur\u00e9e. C\u2019est la cl\u00e9 du succ\u00e8s.          <\/p>\n<p>Ingr\u00e9dients actifs : Fucus vesiculosus, Laminaria Digitata, Spirulina Platensis, Genistein, Carnitine, Ur\u00e9e, Caf\u00e9ine, Vitamine C<\/p>\n","protected":false},"featured_media":1431,"template":"","meta":[],"product_brand":[],"product_cat":[417],"product_tag":[],"class_list":{"0":"post-2519","1":"product","2":"type-product","3":"status-publish","4":"has-post-thumbnail","6":"product_cat-corps","8":"first","9":"instock","10":"shipping-taxable","11":"purchasable","12":"product-type-simple"},"yoast_head":"<!-- This site is optimized with the Yoast SEO plugin v27.6 - https:\/\/yoast.com\/product\/yoast-seo-wordpress\/ -->\n<title>Body Relift - Boutique Beauty Club<\/title>\n<meta name=\"robots\" content=\"index, follow, max-snippet:-1, max-image-preview:large, max-video-preview:-1\" \/>\n<link rel=\"canonical\" href=\"https:\/\/boutiquebeautyclub.ch\/fr\/prodotto\/body-relift\/\" \/>\n<meta property=\"og:locale\" content=\"fr_FR\" \/>\n<meta property=\"og:type\" content=\"article\" \/>\n<meta property=\"og:title\" content=\"Body Relift - Boutique Beauty Club\" \/>\n<meta property=\"og:description\" content=\"MEDSPA BODY RE LIFT : Hautement efficace, avec une exp\u00e9rience et un succ\u00e8s tangibles. Swiss medSpa a d\u00e9velopp\u00e9 les quatre produits coordonn\u00e9s suivants pour les diff\u00e9rentes phases du cycle f\u00e9minin, qui peuvent bien entendu \u00eatre utilis\u00e9s par les hommes ind\u00e9pendamment de leur cycle.  Les principes actifs ont \u00e9t\u00e9 encapsul\u00e9s dans des v\u00e9sicules de transport aqueux techniquement innovantes et de taille minuscule, \u00e0 savoir des liposomes naturels semblables \u00e0 la peau. Pendant la premi\u00e8re phase du cycle menstruel, la cellulite, les vergetures et le rel\u00e2chement cutan\u00e9 sont bien visibles. La peau est particuli\u00e8rement r\u00e9ceptive durant cette phase. BODY RE LIFT a une texture agr\u00e9able et s\u2019absorbe rapidement.  BODY RE LIFT est con\u00e7u pour r\u00e9pondre aux besoins les plus complexes des femmes : Le produit favorise la lipolyse biochimique, ce qui acc\u00e9l\u00e8re le m\u00e9tabolisme. Les imperfections caus\u00e9es par la cellulite, les vergetures et le rel\u00e2chement cutan\u00e9 (d\u00fb \u00e0 la grossesse ou \u00e0 la perte de poids) sont r\u00e9duites. Rel\u00e2chement cutan\u00e9 li\u00e9 \u00e0 l\u2019\u00e2ge ou pr\u00e9coce ; les principes actifs r\u00e9g\u00e9n\u00e8rent et raffermissent la peau. La production de collagene est activ\u00e9e Effet : Des r\u00e9sultats visibles et tangibles rapidement. La cellulite et l\u2019aspect peau d\u2019orange sont r\u00e9duits. Le raffermissement de la peau et la production de collag\u00e8ne sont favoris\u00e9s. Stimule le m\u00e9tabolisme. Les vergetures sont att\u00e9nu\u00e9es. La perte de graisse est stimul\u00e9e. Les r\u00e9actions cutan\u00e9es initiales peuvent varier. Certaines personnes ressentent une augmentation du flux sanguin et des rougeurs imm\u00e9diatement apr\u00e8s l\u2019application, mais ces effets disparaissent rapidement. Avec une utilisation r\u00e9guli\u00e8re, l\u2019\u00e9piderme ne rougit plus. Cependant, le tissu sous-cutan\u00e9 continue de subir une activation de longue dur\u00e9e. C\u2019est la cl\u00e9 du succ\u00e8s.      Ingr\u00e9dients actifs : Fucus vesiculosus, Laminaria Digitata, Spirulina Platensis, Genistein, Carnitine, Ur\u00e9e, Caf\u00e9ine, Vitamine C\" \/>\n<meta property=\"og:url\" content=\"https:\/\/boutiquebeautyclub.ch\/fr\/prodotto\/body-relift\/\" \/>\n<meta property=\"og:site_name\" content=\"Boutique Beauty Club\" \/>\n<meta property=\"article:publisher\" content=\"https:\/\/www.facebook.com\/beautyclubesteticalosone\/\" \/>\n<meta property=\"og:image\" content=\"https:\/\/boutiquebeautyclub.ch\/wp-content\/uploads\/2026\/03\/WhatsApp-Image-2026-03-23-at-14.59.00.jpeg\" \/>\n\t<meta property=\"og:image:width\" content=\"1165\" \/>\n\t<meta property=\"og:image:height\" content=\"1284\" \/>\n\t<meta property=\"og:image:type\" content=\"image\/jpeg\" \/>\n<meta name=\"twitter:card\" content=\"summary_large_image\" \/>\n<meta name=\"twitter:label1\" content=\"Dur\u00e9e de lecture estim\u00e9e\" \/>\n\t<meta name=\"twitter:data1\" content=\"2 minutes\" \/>\n<script type=\"application\/ld+json\" class=\"yoast-schema-graph\">{\"@context\":\"https:\\\/\\\/schema.org\",\"@graph\":[{\"@type\":\"WebPage\",\"@id\":\"https:\\\/\\\/boutiquebeautyclub.ch\\\/fr\\\/prodotto\\\/body-relift\\\/\",\"url\":\"https:\\\/\\\/boutiquebeautyclub.ch\\\/fr\\\/prodotto\\\/body-relift\\\/\",\"name\":\"Body Relift - Boutique Beauty Club\",\"isPartOf\":{\"@id\":\"https:\\\/\\\/boutiquebeautyclub.ch\\\/fr\\\/#website\"},\"primaryImageOfPage\":{\"@id\":\"https:\\\/\\\/boutiquebeautyclub.ch\\\/fr\\\/prodotto\\\/body-relift\\\/#primaryimage\"},\"image\":{\"@id\":\"https:\\\/\\\/boutiquebeautyclub.ch\\\/fr\\\/prodotto\\\/body-relift\\\/#primaryimage\"},\"thumbnailUrl\":\"https:\\\/\\\/boutiquebeautyclub.ch\\\/wp-content\\\/uploads\\\/2026\\\/03\\\/WhatsApp-Image-2026-03-23-at-14.59.00.jpeg\",\"datePublished\":\"2026-03-23T14:19:53+00:00\",\"breadcrumb\":{\"@id\":\"https:\\\/\\\/boutiquebeautyclub.ch\\\/fr\\\/prodotto\\\/body-relift\\\/#breadcrumb\"},\"inLanguage\":\"fr-FR\",\"potentialAction\":[{\"@type\":\"ReadAction\",\"target\":[\"https:\\\/\\\/boutiquebeautyclub.ch\\\/fr\\\/prodotto\\\/body-relift\\\/\"]}]},{\"@type\":\"ImageObject\",\"inLanguage\":\"fr-FR\",\"@id\":\"https:\\\/\\\/boutiquebeautyclub.ch\\\/fr\\\/prodotto\\\/body-relift\\\/#primaryimage\",\"url\":\"https:\\\/\\\/boutiquebeautyclub.ch\\\/wp-content\\\/uploads\\\/2026\\\/03\\\/WhatsApp-Image-2026-03-23-at-14.59.00.jpeg\",\"contentUrl\":\"https:\\\/\\\/boutiquebeautyclub.ch\\\/wp-content\\\/uploads\\\/2026\\\/03\\\/WhatsApp-Image-2026-03-23-at-14.59.00.jpeg\",\"width\":1165,\"height\":1284},{\"@type\":\"BreadcrumbList\",\"@id\":\"https:\\\/\\\/boutiquebeautyclub.ch\\\/fr\\\/prodotto\\\/body-relift\\\/#breadcrumb\",\"itemListElement\":[{\"@type\":\"ListItem\",\"position\":1,\"name\":\"Home\",\"item\":\"https:\\\/\\\/boutiquebeautyclub.ch\\\/fr\\\/\"},{\"@type\":\"ListItem\",\"position\":2,\"name\":\"Boutique\",\"item\":\"https:\\\/\\\/boutiquebeautyclub.ch\\\/fr\\\/boutique\\\/\"},{\"@type\":\"ListItem\",\"position\":3,\"name\":\"Body Relift\"}]},{\"@type\":\"WebSite\",\"@id\":\"https:\\\/\\\/boutiquebeautyclub.ch\\\/fr\\\/#website\",\"url\":\"https:\\\/\\\/boutiquebeautyclub.ch\\\/fr\\\/\",\"name\":\"Boutique Beauty Club\",\"description\":\"Il tuo punto di riferimento per la bellezza e il benessere.\",\"publisher\":{\"@id\":\"https:\\\/\\\/boutiquebeautyclub.ch\\\/fr\\\/#organization\"},\"potentialAction\":[{\"@type\":\"SearchAction\",\"target\":{\"@type\":\"EntryPoint\",\"urlTemplate\":\"https:\\\/\\\/boutiquebeautyclub.ch\\\/fr\\\/?s={search_term_string}\"},\"query-input\":{\"@type\":\"PropertyValueSpecification\",\"valueRequired\":true,\"valueName\":\"search_term_string\"}}],\"inLanguage\":\"fr-FR\"},{\"@type\":\"Organization\",\"@id\":\"https:\\\/\\\/boutiquebeautyclub.ch\\\/fr\\\/#organization\",\"name\":\"Boutique Beauty Club\",\"url\":\"https:\\\/\\\/boutiquebeautyclub.ch\\\/fr\\\/\",\"logo\":{\"@type\":\"ImageObject\",\"inLanguage\":\"fr-FR\",\"@id\":\"https:\\\/\\\/boutiquebeautyclub.ch\\\/fr\\\/#\\\/schema\\\/logo\\\/image\\\/\",\"url\":\"https:\\\/\\\/boutiquebeautyclub.ch\\\/wp-content\\\/uploads\\\/2025\\\/07\\\/logo.png\",\"contentUrl\":\"https:\\\/\\\/boutiquebeautyclub.ch\\\/wp-content\\\/uploads\\\/2025\\\/07\\\/logo.png\",\"width\":600,\"height\":248,\"caption\":\"Boutique Beauty Club\"},\"image\":{\"@id\":\"https:\\\/\\\/boutiquebeautyclub.ch\\\/fr\\\/#\\\/schema\\\/logo\\\/image\\\/\"},\"sameAs\":[\"https:\\\/\\\/www.facebook.com\\\/beautyclubesteticalosone\\\/\",\"https:\\\/\\\/www.instagram.com\\\/beautyclubestetica\\\/?hl=it\"]}]}<\/script>\n<!-- \/ Yoast SEO plugin. -->","yoast_head_json":{"title":"Body Relift - Boutique Beauty Club","robots":{"index":"index","follow":"follow","max-snippet":"max-snippet:-1","max-image-preview":"max-image-preview:large","max-video-preview":"max-video-preview:-1"},"canonical":"https:\/\/boutiquebeautyclub.ch\/fr\/prodotto\/body-relift\/","og_locale":"fr_FR","og_type":"article","og_title":"Body Relift - Boutique Beauty Club","og_description":"MEDSPA BODY RE LIFT : Hautement efficace, avec une exp\u00e9rience et un succ\u00e8s tangibles. Swiss medSpa a d\u00e9velopp\u00e9 les quatre produits coordonn\u00e9s suivants pour les diff\u00e9rentes phases du cycle f\u00e9minin, qui peuvent bien entendu \u00eatre utilis\u00e9s par les hommes ind\u00e9pendamment de leur cycle.  Les principes actifs ont \u00e9t\u00e9 encapsul\u00e9s dans des v\u00e9sicules de transport aqueux techniquement innovantes et de taille minuscule, \u00e0 savoir des liposomes naturels semblables \u00e0 la peau. Pendant la premi\u00e8re phase du cycle menstruel, la cellulite, les vergetures et le rel\u00e2chement cutan\u00e9 sont bien visibles. La peau est particuli\u00e8rement r\u00e9ceptive durant cette phase. BODY RE LIFT a une texture agr\u00e9able et s\u2019absorbe rapidement.  BODY RE LIFT est con\u00e7u pour r\u00e9pondre aux besoins les plus complexes des femmes : Le produit favorise la lipolyse biochimique, ce qui acc\u00e9l\u00e8re le m\u00e9tabolisme. Les imperfections caus\u00e9es par la cellulite, les vergetures et le rel\u00e2chement cutan\u00e9 (d\u00fb \u00e0 la grossesse ou \u00e0 la perte de poids) sont r\u00e9duites. Rel\u00e2chement cutan\u00e9 li\u00e9 \u00e0 l\u2019\u00e2ge ou pr\u00e9coce ; les principes actifs r\u00e9g\u00e9n\u00e8rent et raffermissent la peau. La production de collagene est activ\u00e9e Effet : Des r\u00e9sultats visibles et tangibles rapidement. La cellulite et l\u2019aspect peau d\u2019orange sont r\u00e9duits. Le raffermissement de la peau et la production de collag\u00e8ne sont favoris\u00e9s. Stimule le m\u00e9tabolisme. Les vergetures sont att\u00e9nu\u00e9es. La perte de graisse est stimul\u00e9e. Les r\u00e9actions cutan\u00e9es initiales peuvent varier. Certaines personnes ressentent une augmentation du flux sanguin et des rougeurs imm\u00e9diatement apr\u00e8s l\u2019application, mais ces effets disparaissent rapidement. Avec une utilisation r\u00e9guli\u00e8re, l\u2019\u00e9piderme ne rougit plus. Cependant, le tissu sous-cutan\u00e9 continue de subir une activation de longue dur\u00e9e. C\u2019est la cl\u00e9 du succ\u00e8s.      Ingr\u00e9dients actifs : Fucus vesiculosus, Laminaria Digitata, Spirulina Platensis, Genistein, Carnitine, Ur\u00e9e, Caf\u00e9ine, Vitamine C","og_url":"https:\/\/boutiquebeautyclub.ch\/fr\/prodotto\/body-relift\/","og_site_name":"Boutique Beauty Club","article_publisher":"https:\/\/www.facebook.com\/beautyclubesteticalosone\/","og_image":[{"width":1165,"height":1284,"url":"https:\/\/boutiquebeautyclub.ch\/wp-content\/uploads\/2026\/03\/WhatsApp-Image-2026-03-23-at-14.59.00.jpeg","type":"image\/jpeg"}],"twitter_card":"summary_large_image","twitter_misc":{"Dur\u00e9e de lecture estim\u00e9e":"2 minutes"},"schema":{"@context":"https:\/\/schema.org","@graph":[{"@type":"WebPage","@id":"https:\/\/boutiquebeautyclub.ch\/fr\/prodotto\/body-relift\/","url":"https:\/\/boutiquebeautyclub.ch\/fr\/prodotto\/body-relift\/","name":"Body Relift - Boutique Beauty Club","isPartOf":{"@id":"https:\/\/boutiquebeautyclub.ch\/fr\/#website"},"primaryImageOfPage":{"@id":"https:\/\/boutiquebeautyclub.ch\/fr\/prodotto\/body-relift\/#primaryimage"},"image":{"@id":"https:\/\/boutiquebeautyclub.ch\/fr\/prodotto\/body-relift\/#primaryimage"},"thumbnailUrl":"https:\/\/boutiquebeautyclub.ch\/wp-content\/uploads\/2026\/03\/WhatsApp-Image-2026-03-23-at-14.59.00.jpeg","datePublished":"2026-03-23T14:19:53+00:00","breadcrumb":{"@id":"https:\/\/boutiquebeautyclub.ch\/fr\/prodotto\/body-relift\/#breadcrumb"},"inLanguage":"fr-FR","potentialAction":[{"@type":"ReadAction","target":["https:\/\/boutiquebeautyclub.ch\/fr\/prodotto\/body-relift\/"]}]},{"@type":"ImageObject","inLanguage":"fr-FR","@id":"https:\/\/boutiquebeautyclub.ch\/fr\/prodotto\/body-relift\/#primaryimage","url":"https:\/\/boutiquebeautyclub.ch\/wp-content\/uploads\/2026\/03\/WhatsApp-Image-2026-03-23-at-14.59.00.jpeg","contentUrl":"https:\/\/boutiquebeautyclub.ch\/wp-content\/uploads\/2026\/03\/WhatsApp-Image-2026-03-23-at-14.59.00.jpeg","width":1165,"height":1284},{"@type":"BreadcrumbList","@id":"https:\/\/boutiquebeautyclub.ch\/fr\/prodotto\/body-relift\/#breadcrumb","itemListElement":[{"@type":"ListItem","position":1,"name":"Home","item":"https:\/\/boutiquebeautyclub.ch\/fr\/"},{"@type":"ListItem","position":2,"name":"Boutique","item":"https:\/\/boutiquebeautyclub.ch\/fr\/boutique\/"},{"@type":"ListItem","position":3,"name":"Body Relift"}]},{"@type":"WebSite","@id":"https:\/\/boutiquebeautyclub.ch\/fr\/#website","url":"https:\/\/boutiquebeautyclub.ch\/fr\/","name":"Boutique Beauty Club","description":"Il tuo punto di riferimento per la bellezza e il benessere.","publisher":{"@id":"https:\/\/boutiquebeautyclub.ch\/fr\/#organization"},"potentialAction":[{"@type":"SearchAction","target":{"@type":"EntryPoint","urlTemplate":"https:\/\/boutiquebeautyclub.ch\/fr\/?s={search_term_string}"},"query-input":{"@type":"PropertyValueSpecification","valueRequired":true,"valueName":"search_term_string"}}],"inLanguage":"fr-FR"},{"@type":"Organization","@id":"https:\/\/boutiquebeautyclub.ch\/fr\/#organization","name":"Boutique Beauty Club","url":"https:\/\/boutiquebeautyclub.ch\/fr\/","logo":{"@type":"ImageObject","inLanguage":"fr-FR","@id":"https:\/\/boutiquebeautyclub.ch\/fr\/#\/schema\/logo\/image\/","url":"https:\/\/boutiquebeautyclub.ch\/wp-content\/uploads\/2025\/07\/logo.png","contentUrl":"https:\/\/boutiquebeautyclub.ch\/wp-content\/uploads\/2025\/07\/logo.png","width":600,"height":248,"caption":"Boutique Beauty Club"},"image":{"@id":"https:\/\/boutiquebeautyclub.ch\/fr\/#\/schema\/logo\/image\/"},"sameAs":["https:\/\/www.facebook.com\/beautyclubesteticalosone\/","https:\/\/www.instagram.com\/beautyclubestetica\/?hl=it"]}]}},"_links":{"self":[{"href":"https:\/\/boutiquebeautyclub.ch\/fr\/wp-json\/wp\/v2\/product\/2519","targetHints":{"allow":["GET"]}}],"collection":[{"href":"https:\/\/boutiquebeautyclub.ch\/fr\/wp-json\/wp\/v2\/product"}],"about":[{"href":"https:\/\/boutiquebeautyclub.ch\/fr\/wp-json\/wp\/v2\/types\/product"}],"wp:featuredmedia":[{"embeddable":true,"href":"https:\/\/boutiquebeautyclub.ch\/fr\/wp-json\/wp\/v2\/media\/1431"}],"wp:attachment":[{"href":"https:\/\/boutiquebeautyclub.ch\/fr\/wp-json\/wp\/v2\/media?parent=2519"}],"wp:term":[{"taxonomy":"product_brand","embeddable":true,"href":"https:\/\/boutiquebeautyclub.ch\/fr\/wp-json\/wp\/v2\/product_brand?post=2519"},{"taxonomy":"product_cat","embeddable":true,"href":"https:\/\/boutiquebeautyclub.ch\/fr\/wp-json\/wp\/v2\/product_cat?post=2519"},{"taxonomy":"product_tag","embeddable":true,"href":"https:\/\/boutiquebeautyclub.ch\/fr\/wp-json\/wp\/v2\/product_tag?post=2519"}],"curies":[{"name":"wp","href":"https:\/\/api.w.org\/{rel}","templated":true}]}}