{"id":2554,"date":"2026-03-23T15:33:37","date_gmt":"2026-03-23T14:33:37","guid":{"rendered":"https:\/\/boutiquebeautyclub.ch\/prodotto\/body-slim\/"},"modified":"2026-03-23T15:33:37","modified_gmt":"2026-03-23T14:33:37","slug":"body-slim","status":"publish","type":"product","link":"https:\/\/boutiquebeautyclub.ch\/fr\/prodotto\/body-slim\/","title":{"rendered":"Body Slim"},"content":{"rendered":"<p><strong>MED SPA BODY SLIM<\/strong> :<\/p>\n<p>Cette cr\u00e8me pour le corps favorise la r\u00e9duction de la cellulite et raffermit la peau :<\/p>\n<p>La forte concentration de principes actifs exclusifs revitalise la peau, quel que soit le cycle menstruel. En m\u00eame temps, ce soin anti-\u00e2ge lutte contre le vieillissement cutan\u00e9 pr\u00e9coce. En cas de perte de circonf\u00e9rence et\/ou de poids, BODY SLIM aide \u00e0 restaurer l\u2019\u00e9lasticit\u00e9 de la peau. Elle peut \u00eatre utilis\u00e9e comme cr\u00e8me hydratante quotidienne en association avec DETOX, RE LIFT ou CONTOUR.   <\/p>\n<p>Offre-toi une peau douce comme de la soie !<\/p>\n<p>BODY SLIM est une cr\u00e8me de jour pour tout le corps, con\u00e7ue pour les femmes qui recherchent plus qu\u2019une simple hydratation.<\/p>\n<p>Applications :<\/p>\n<p>Pour r\u00e9duire la cellulite \u00e0 ses d\u00e9buts<\/p>\n<p>Soin id\u00e9al aussi pour la poitrine, les bras, etc.<\/p>\n<p>Convient \u00e0 tous les types de peau, m\u00eame les plus s\u00e8ches.<\/p>\n<p>Sans huiles min\u00e9rales, parab\u00e8nes ni PEG, elle est id\u00e9ale pour les peaux sensibles.<\/p>\n<p>Id\u00e9al pour :<\/p>\n<p>\u00c9tape finale du traitement de la cellulite. Cr\u00e8me de base pour la pr\u00e9vention de la cellulite. Soin final apr\u00e8s un gommage complet du corps. Enveloppement corporel d\u00e9tox r\u00e9\u00e9quilibrant. Soin quotidien pour les peaux sensibles comme celles souffrant de psoriasis. Le marron d\u2019Inde peut renforcer les parois veineuses.     <\/p>\n<p>Effet :<\/p>\n<p>Effet revitalisant, r\u00e9duit la cellulite, favorise le raffermissement de la peau, peut \u00eatre utilis\u00e9 pendant l\u2019allaitement. Pr\u00e9vient les vergetures, important avant la grossesse. Pr\u00e9vient le vieillissement cutan\u00e9 pr\u00e9coce.  <\/p>\n<p>Ingr\u00e9dients actifs : Extrait de graines d\u2019Aesculus Hippocastanum, extrait d\u2019algues, pullulane, tocoph\u00e9rol, huiles de soja<\/p>\n<p>&nbsp;<\/p>\n<p>Informations g\u00e9n\u00e9rales :<\/p>\n<p>Id\u00e9alement, tu devrais commencer \u00e0 utiliser les principes actifs de Swiss medSpa par un soin dans l\u2019un de nos centres d\u2019esth\u00e9tique certifi\u00e9s, o\u00f9 nous te montrerons comment optimiser les effets avec la m\u00e9thode de l\u2019enveloppement. De plus, l\u2019institut peut te garantir les meilleurs r\u00e9sultats gr\u00e2ce au drainage lymphatique, manuel ou avec des bottes de drainage. <\/p>\n","protected":false},"excerpt":{"rendered":"<p><strong>MED SPA BODY SLIM<\/strong> :<\/p>\n<p>Cette cr\u00e8me pour le corps favorise la r\u00e9duction de la cellulite et raffermit la peau :<\/p>\n<p>La forte concentration de principes actifs exclusifs revitalise la peau, quel que soit le cycle menstruel. En m\u00eame temps, ce soin anti-\u00e2ge lutte contre le vieillissement cutan\u00e9 pr\u00e9coce. En cas de perte de circonf\u00e9rence et\/ou de poids, BODY SLIM aide \u00e0 restaurer l\u2019\u00e9lasticit\u00e9 de la peau. Elle peut \u00eatre utilis\u00e9e comme cr\u00e8me hydratante quotidienne en association avec DETOX, RE LIFT ou CONTOUR.   <\/p>\n<p>Offre-toi une peau douce comme de la soie !<\/p>\n<p>BODY SLIM est une cr\u00e8me de jour pour tout le corps, con\u00e7ue pour les femmes qui recherchent plus qu\u2019une simple hydratation.<\/p>\n<p>Applications :<\/p>\n<p>Pour r\u00e9duire la cellulite \u00e0 ses d\u00e9buts<\/p>\n<p>Soin id\u00e9al aussi pour la poitrine, les bras, etc.<\/p>\n<p>Convient \u00e0 tous les types de peau, m\u00eame les plus s\u00e8ches.<\/p>\n<p>Sans huiles min\u00e9rales, parab\u00e8nes ni PEG, elle est id\u00e9ale pour les peaux sensibles.<\/p>\n<p>Id\u00e9al pour :<\/p>\n<p>\u00c9tape finale du traitement de la cellulite. Cr\u00e8me de base pour la pr\u00e9vention de la cellulite. Soin final apr\u00e8s un gommage complet du corps. Enveloppement corporel d\u00e9tox r\u00e9\u00e9quilibrant. Soin quotidien pour les peaux sensibles comme celles souffrant de psoriasis. Le marron d\u2019Inde peut renforcer les parois veineuses.     <\/p>\n<p>Effet :<\/p>\n<p>Effet revitalisant, r\u00e9duit la cellulite, favorise le raffermissement de la peau, peut \u00eatre utilis\u00e9 pendant l\u2019allaitement. Pr\u00e9vient les vergetures, important avant la grossesse. Pr\u00e9vient le vieillissement cutan\u00e9 pr\u00e9coce.  <\/p>\n<p>Ingr\u00e9dients actifs : Extrait de graines d\u2019Aesculus Hippocastanum, extrait d\u2019algues, pullulane, tocoph\u00e9rol, huiles de soja<\/p>\n<p>Informations g\u00e9n\u00e9rales :<\/p>\n<p>Id\u00e9alement, tu devrais commencer \u00e0 utiliser les principes actifs de Swiss medSpa par un soin dans l\u2019un de nos centres d\u2019esth\u00e9tique certifi\u00e9s, o\u00f9 nous te montrerons comment optimiser les effets avec la m\u00e9thode de l\u2019enveloppement. De plus, l\u2019institut peut te garantir les meilleurs r\u00e9sultats gr\u00e2ce au drainage lymphatique, manuel ou avec des bottes de drainage. <\/p>\n","protected":false},"featured_media":1432,"template":"","meta":[],"product_brand":[],"product_cat":[417],"product_tag":[],"class_list":{"0":"post-2554","1":"product","2":"type-product","3":"status-publish","4":"has-post-thumbnail","6":"product_cat-corps","8":"first","9":"instock","10":"shipping-taxable","11":"purchasable","12":"product-type-simple"},"yoast_head":"<!-- This site is optimized with the Yoast SEO plugin v27.6 - https:\/\/yoast.com\/product\/yoast-seo-wordpress\/ -->\n<title>Body Slim - Boutique Beauty Club<\/title>\n<meta name=\"robots\" content=\"index, follow, max-snippet:-1, max-image-preview:large, max-video-preview:-1\" \/>\n<link rel=\"canonical\" href=\"https:\/\/boutiquebeautyclub.ch\/fr\/prodotto\/body-slim\/\" \/>\n<meta property=\"og:locale\" content=\"fr_FR\" \/>\n<meta property=\"og:type\" content=\"article\" \/>\n<meta property=\"og:title\" content=\"Body Slim - Boutique Beauty Club\" \/>\n<meta property=\"og:description\" content=\"MED SPA BODY SLIM : Cette cr\u00e8me pour le corps favorise la r\u00e9duction de la cellulite et raffermit la peau : La forte concentration de principes actifs exclusifs revitalise la peau, quel que soit le cycle menstruel. En m\u00eame temps, ce soin anti-\u00e2ge lutte contre le vieillissement cutan\u00e9 pr\u00e9coce. En cas de perte de circonf\u00e9rence et\/ou de poids, BODY SLIM aide \u00e0 restaurer l\u2019\u00e9lasticit\u00e9 de la peau. Elle peut \u00eatre utilis\u00e9e comme cr\u00e8me hydratante quotidienne en association avec DETOX, RE LIFT ou CONTOUR.   Offre-toi une peau douce comme de la soie ! BODY SLIM est une cr\u00e8me de jour pour tout le corps, con\u00e7ue pour les femmes qui recherchent plus qu\u2019une simple hydratation. Applications : Pour r\u00e9duire la cellulite \u00e0 ses d\u00e9buts Soin id\u00e9al aussi pour la poitrine, les bras, etc. Convient \u00e0 tous les types de peau, m\u00eame les plus s\u00e8ches. Sans huiles min\u00e9rales, parab\u00e8nes ni PEG, elle est id\u00e9ale pour les peaux sensibles. Id\u00e9al pour : \u00c9tape finale du traitement de la cellulite. Cr\u00e8me de base pour la pr\u00e9vention de la cellulite. Soin final apr\u00e8s un gommage complet du corps. Enveloppement corporel d\u00e9tox r\u00e9\u00e9quilibrant. Soin quotidien pour les peaux sensibles comme celles souffrant de psoriasis. Le marron d\u2019Inde peut renforcer les parois veineuses.    Effet : Effet revitalisant, r\u00e9duit la cellulite, favorise le raffermissement de la peau, peut \u00eatre utilis\u00e9 pendant l\u2019allaitement. Pr\u00e9vient les vergetures, important avant la grossesse. Pr\u00e9vient le vieillissement cutan\u00e9 pr\u00e9coce.  Ingr\u00e9dients actifs : Extrait de graines d\u2019Aesculus Hippocastanum, extrait d\u2019algues, pullulane, tocoph\u00e9rol, huiles de soja Informations g\u00e9n\u00e9rales : Id\u00e9alement, tu devrais commencer \u00e0 utiliser les principes actifs de Swiss medSpa par un soin dans l\u2019un de nos centres d\u2019esth\u00e9tique certifi\u00e9s, o\u00f9 nous te montrerons comment optimiser les effets avec la m\u00e9thode de l\u2019enveloppement. De plus, l\u2019institut peut te garantir les meilleurs r\u00e9sultats gr\u00e2ce au drainage lymphatique, manuel ou avec des bottes de drainage.\" \/>\n<meta property=\"og:url\" content=\"https:\/\/boutiquebeautyclub.ch\/fr\/prodotto\/body-slim\/\" \/>\n<meta property=\"og:site_name\" content=\"Boutique Beauty Club\" \/>\n<meta property=\"article:publisher\" content=\"https:\/\/www.facebook.com\/beautyclubesteticalosone\/\" \/>\n<meta property=\"og:image\" content=\"https:\/\/boutiquebeautyclub.ch\/wp-content\/uploads\/2026\/03\/WhatsApp-Image-2026-03-23-at-14.58.12.jpeg\" \/>\n\t<meta property=\"og:image:width\" content=\"1165\" \/>\n\t<meta property=\"og:image:height\" content=\"1284\" \/>\n\t<meta property=\"og:image:type\" content=\"image\/jpeg\" \/>\n<meta name=\"twitter:card\" content=\"summary_large_image\" \/>\n<meta name=\"twitter:label1\" content=\"Dur\u00e9e de lecture estim\u00e9e\" \/>\n\t<meta name=\"twitter:data1\" content=\"2 minutes\" \/>\n<script type=\"application\/ld+json\" class=\"yoast-schema-graph\">{\"@context\":\"https:\\\/\\\/schema.org\",\"@graph\":[{\"@type\":\"WebPage\",\"@id\":\"https:\\\/\\\/boutiquebeautyclub.ch\\\/fr\\\/prodotto\\\/body-slim\\\/\",\"url\":\"https:\\\/\\\/boutiquebeautyclub.ch\\\/fr\\\/prodotto\\\/body-slim\\\/\",\"name\":\"Body Slim - Boutique Beauty Club\",\"isPartOf\":{\"@id\":\"https:\\\/\\\/boutiquebeautyclub.ch\\\/fr\\\/#website\"},\"primaryImageOfPage\":{\"@id\":\"https:\\\/\\\/boutiquebeautyclub.ch\\\/fr\\\/prodotto\\\/body-slim\\\/#primaryimage\"},\"image\":{\"@id\":\"https:\\\/\\\/boutiquebeautyclub.ch\\\/fr\\\/prodotto\\\/body-slim\\\/#primaryimage\"},\"thumbnailUrl\":\"https:\\\/\\\/boutiquebeautyclub.ch\\\/wp-content\\\/uploads\\\/2026\\\/03\\\/WhatsApp-Image-2026-03-23-at-14.58.12.jpeg\",\"datePublished\":\"2026-03-23T14:33:37+00:00\",\"breadcrumb\":{\"@id\":\"https:\\\/\\\/boutiquebeautyclub.ch\\\/fr\\\/prodotto\\\/body-slim\\\/#breadcrumb\"},\"inLanguage\":\"fr-FR\",\"potentialAction\":[{\"@type\":\"ReadAction\",\"target\":[\"https:\\\/\\\/boutiquebeautyclub.ch\\\/fr\\\/prodotto\\\/body-slim\\\/\"]}]},{\"@type\":\"ImageObject\",\"inLanguage\":\"fr-FR\",\"@id\":\"https:\\\/\\\/boutiquebeautyclub.ch\\\/fr\\\/prodotto\\\/body-slim\\\/#primaryimage\",\"url\":\"https:\\\/\\\/boutiquebeautyclub.ch\\\/wp-content\\\/uploads\\\/2026\\\/03\\\/WhatsApp-Image-2026-03-23-at-14.58.12.jpeg\",\"contentUrl\":\"https:\\\/\\\/boutiquebeautyclub.ch\\\/wp-content\\\/uploads\\\/2026\\\/03\\\/WhatsApp-Image-2026-03-23-at-14.58.12.jpeg\",\"width\":1165,\"height\":1284},{\"@type\":\"BreadcrumbList\",\"@id\":\"https:\\\/\\\/boutiquebeautyclub.ch\\\/fr\\\/prodotto\\\/body-slim\\\/#breadcrumb\",\"itemListElement\":[{\"@type\":\"ListItem\",\"position\":1,\"name\":\"Home\",\"item\":\"https:\\\/\\\/boutiquebeautyclub.ch\\\/fr\\\/\"},{\"@type\":\"ListItem\",\"position\":2,\"name\":\"Boutique\",\"item\":\"https:\\\/\\\/boutiquebeautyclub.ch\\\/fr\\\/boutique\\\/\"},{\"@type\":\"ListItem\",\"position\":3,\"name\":\"Body Slim\"}]},{\"@type\":\"WebSite\",\"@id\":\"https:\\\/\\\/boutiquebeautyclub.ch\\\/fr\\\/#website\",\"url\":\"https:\\\/\\\/boutiquebeautyclub.ch\\\/fr\\\/\",\"name\":\"Boutique Beauty Club\",\"description\":\"Il tuo punto di riferimento per la bellezza e il benessere.\",\"publisher\":{\"@id\":\"https:\\\/\\\/boutiquebeautyclub.ch\\\/fr\\\/#organization\"},\"potentialAction\":[{\"@type\":\"SearchAction\",\"target\":{\"@type\":\"EntryPoint\",\"urlTemplate\":\"https:\\\/\\\/boutiquebeautyclub.ch\\\/fr\\\/?s={search_term_string}\"},\"query-input\":{\"@type\":\"PropertyValueSpecification\",\"valueRequired\":true,\"valueName\":\"search_term_string\"}}],\"inLanguage\":\"fr-FR\"},{\"@type\":\"Organization\",\"@id\":\"https:\\\/\\\/boutiquebeautyclub.ch\\\/fr\\\/#organization\",\"name\":\"Boutique Beauty Club\",\"url\":\"https:\\\/\\\/boutiquebeautyclub.ch\\\/fr\\\/\",\"logo\":{\"@type\":\"ImageObject\",\"inLanguage\":\"fr-FR\",\"@id\":\"https:\\\/\\\/boutiquebeautyclub.ch\\\/fr\\\/#\\\/schema\\\/logo\\\/image\\\/\",\"url\":\"https:\\\/\\\/boutiquebeautyclub.ch\\\/wp-content\\\/uploads\\\/2025\\\/07\\\/logo.png\",\"contentUrl\":\"https:\\\/\\\/boutiquebeautyclub.ch\\\/wp-content\\\/uploads\\\/2025\\\/07\\\/logo.png\",\"width\":600,\"height\":248,\"caption\":\"Boutique Beauty Club\"},\"image\":{\"@id\":\"https:\\\/\\\/boutiquebeautyclub.ch\\\/fr\\\/#\\\/schema\\\/logo\\\/image\\\/\"},\"sameAs\":[\"https:\\\/\\\/www.facebook.com\\\/beautyclubesteticalosone\\\/\",\"https:\\\/\\\/www.instagram.com\\\/beautyclubestetica\\\/?hl=it\"]}]}<\/script>\n<!-- \/ Yoast SEO plugin. -->","yoast_head_json":{"title":"Body Slim - Boutique Beauty Club","robots":{"index":"index","follow":"follow","max-snippet":"max-snippet:-1","max-image-preview":"max-image-preview:large","max-video-preview":"max-video-preview:-1"},"canonical":"https:\/\/boutiquebeautyclub.ch\/fr\/prodotto\/body-slim\/","og_locale":"fr_FR","og_type":"article","og_title":"Body Slim - Boutique Beauty Club","og_description":"MED SPA BODY SLIM : Cette cr\u00e8me pour le corps favorise la r\u00e9duction de la cellulite et raffermit la peau : La forte concentration de principes actifs exclusifs revitalise la peau, quel que soit le cycle menstruel. En m\u00eame temps, ce soin anti-\u00e2ge lutte contre le vieillissement cutan\u00e9 pr\u00e9coce. En cas de perte de circonf\u00e9rence et\/ou de poids, BODY SLIM aide \u00e0 restaurer l\u2019\u00e9lasticit\u00e9 de la peau. Elle peut \u00eatre utilis\u00e9e comme cr\u00e8me hydratante quotidienne en association avec DETOX, RE LIFT ou CONTOUR.   Offre-toi une peau douce comme de la soie ! BODY SLIM est une cr\u00e8me de jour pour tout le corps, con\u00e7ue pour les femmes qui recherchent plus qu\u2019une simple hydratation. Applications : Pour r\u00e9duire la cellulite \u00e0 ses d\u00e9buts Soin id\u00e9al aussi pour la poitrine, les bras, etc. Convient \u00e0 tous les types de peau, m\u00eame les plus s\u00e8ches. Sans huiles min\u00e9rales, parab\u00e8nes ni PEG, elle est id\u00e9ale pour les peaux sensibles. Id\u00e9al pour : \u00c9tape finale du traitement de la cellulite. Cr\u00e8me de base pour la pr\u00e9vention de la cellulite. Soin final apr\u00e8s un gommage complet du corps. Enveloppement corporel d\u00e9tox r\u00e9\u00e9quilibrant. Soin quotidien pour les peaux sensibles comme celles souffrant de psoriasis. Le marron d\u2019Inde peut renforcer les parois veineuses.    Effet : Effet revitalisant, r\u00e9duit la cellulite, favorise le raffermissement de la peau, peut \u00eatre utilis\u00e9 pendant l\u2019allaitement. Pr\u00e9vient les vergetures, important avant la grossesse. Pr\u00e9vient le vieillissement cutan\u00e9 pr\u00e9coce.  Ingr\u00e9dients actifs : Extrait de graines d\u2019Aesculus Hippocastanum, extrait d\u2019algues, pullulane, tocoph\u00e9rol, huiles de soja Informations g\u00e9n\u00e9rales : Id\u00e9alement, tu devrais commencer \u00e0 utiliser les principes actifs de Swiss medSpa par un soin dans l\u2019un de nos centres d\u2019esth\u00e9tique certifi\u00e9s, o\u00f9 nous te montrerons comment optimiser les effets avec la m\u00e9thode de l\u2019enveloppement. De plus, l\u2019institut peut te garantir les meilleurs r\u00e9sultats gr\u00e2ce au drainage lymphatique, manuel ou avec des bottes de drainage.","og_url":"https:\/\/boutiquebeautyclub.ch\/fr\/prodotto\/body-slim\/","og_site_name":"Boutique Beauty Club","article_publisher":"https:\/\/www.facebook.com\/beautyclubesteticalosone\/","og_image":[{"width":1165,"height":1284,"url":"https:\/\/boutiquebeautyclub.ch\/wp-content\/uploads\/2026\/03\/WhatsApp-Image-2026-03-23-at-14.58.12.jpeg","type":"image\/jpeg"}],"twitter_card":"summary_large_image","twitter_misc":{"Dur\u00e9e de lecture estim\u00e9e":"2 minutes"},"schema":{"@context":"https:\/\/schema.org","@graph":[{"@type":"WebPage","@id":"https:\/\/boutiquebeautyclub.ch\/fr\/prodotto\/body-slim\/","url":"https:\/\/boutiquebeautyclub.ch\/fr\/prodotto\/body-slim\/","name":"Body Slim - Boutique Beauty Club","isPartOf":{"@id":"https:\/\/boutiquebeautyclub.ch\/fr\/#website"},"primaryImageOfPage":{"@id":"https:\/\/boutiquebeautyclub.ch\/fr\/prodotto\/body-slim\/#primaryimage"},"image":{"@id":"https:\/\/boutiquebeautyclub.ch\/fr\/prodotto\/body-slim\/#primaryimage"},"thumbnailUrl":"https:\/\/boutiquebeautyclub.ch\/wp-content\/uploads\/2026\/03\/WhatsApp-Image-2026-03-23-at-14.58.12.jpeg","datePublished":"2026-03-23T14:33:37+00:00","breadcrumb":{"@id":"https:\/\/boutiquebeautyclub.ch\/fr\/prodotto\/body-slim\/#breadcrumb"},"inLanguage":"fr-FR","potentialAction":[{"@type":"ReadAction","target":["https:\/\/boutiquebeautyclub.ch\/fr\/prodotto\/body-slim\/"]}]},{"@type":"ImageObject","inLanguage":"fr-FR","@id":"https:\/\/boutiquebeautyclub.ch\/fr\/prodotto\/body-slim\/#primaryimage","url":"https:\/\/boutiquebeautyclub.ch\/wp-content\/uploads\/2026\/03\/WhatsApp-Image-2026-03-23-at-14.58.12.jpeg","contentUrl":"https:\/\/boutiquebeautyclub.ch\/wp-content\/uploads\/2026\/03\/WhatsApp-Image-2026-03-23-at-14.58.12.jpeg","width":1165,"height":1284},{"@type":"BreadcrumbList","@id":"https:\/\/boutiquebeautyclub.ch\/fr\/prodotto\/body-slim\/#breadcrumb","itemListElement":[{"@type":"ListItem","position":1,"name":"Home","item":"https:\/\/boutiquebeautyclub.ch\/fr\/"},{"@type":"ListItem","position":2,"name":"Boutique","item":"https:\/\/boutiquebeautyclub.ch\/fr\/boutique\/"},{"@type":"ListItem","position":3,"name":"Body Slim"}]},{"@type":"WebSite","@id":"https:\/\/boutiquebeautyclub.ch\/fr\/#website","url":"https:\/\/boutiquebeautyclub.ch\/fr\/","name":"Boutique Beauty Club","description":"Il tuo punto di riferimento per la bellezza e il benessere.","publisher":{"@id":"https:\/\/boutiquebeautyclub.ch\/fr\/#organization"},"potentialAction":[{"@type":"SearchAction","target":{"@type":"EntryPoint","urlTemplate":"https:\/\/boutiquebeautyclub.ch\/fr\/?s={search_term_string}"},"query-input":{"@type":"PropertyValueSpecification","valueRequired":true,"valueName":"search_term_string"}}],"inLanguage":"fr-FR"},{"@type":"Organization","@id":"https:\/\/boutiquebeautyclub.ch\/fr\/#organization","name":"Boutique Beauty Club","url":"https:\/\/boutiquebeautyclub.ch\/fr\/","logo":{"@type":"ImageObject","inLanguage":"fr-FR","@id":"https:\/\/boutiquebeautyclub.ch\/fr\/#\/schema\/logo\/image\/","url":"https:\/\/boutiquebeautyclub.ch\/wp-content\/uploads\/2025\/07\/logo.png","contentUrl":"https:\/\/boutiquebeautyclub.ch\/wp-content\/uploads\/2025\/07\/logo.png","width":600,"height":248,"caption":"Boutique Beauty Club"},"image":{"@id":"https:\/\/boutiquebeautyclub.ch\/fr\/#\/schema\/logo\/image\/"},"sameAs":["https:\/\/www.facebook.com\/beautyclubesteticalosone\/","https:\/\/www.instagram.com\/beautyclubestetica\/?hl=it"]}]}},"_links":{"self":[{"href":"https:\/\/boutiquebeautyclub.ch\/fr\/wp-json\/wp\/v2\/product\/2554","targetHints":{"allow":["GET"]}}],"collection":[{"href":"https:\/\/boutiquebeautyclub.ch\/fr\/wp-json\/wp\/v2\/product"}],"about":[{"href":"https:\/\/boutiquebeautyclub.ch\/fr\/wp-json\/wp\/v2\/types\/product"}],"wp:featuredmedia":[{"embeddable":true,"href":"https:\/\/boutiquebeautyclub.ch\/fr\/wp-json\/wp\/v2\/media\/1432"}],"wp:attachment":[{"href":"https:\/\/boutiquebeautyclub.ch\/fr\/wp-json\/wp\/v2\/media?parent=2554"}],"wp:term":[{"taxonomy":"product_brand","embeddable":true,"href":"https:\/\/boutiquebeautyclub.ch\/fr\/wp-json\/wp\/v2\/product_brand?post=2554"},{"taxonomy":"product_cat","embeddable":true,"href":"https:\/\/boutiquebeautyclub.ch\/fr\/wp-json\/wp\/v2\/product_cat?post=2554"},{"taxonomy":"product_tag","embeddable":true,"href":"https:\/\/boutiquebeautyclub.ch\/fr\/wp-json\/wp\/v2\/product_tag?post=2554"}],"curies":[{"name":"wp","href":"https:\/\/api.w.org\/{rel}","templated":true}]}}