{"id":2579,"date":"2025-10-21T14:53:41","date_gmt":"2025-10-21T12:53:41","guid":{"rendered":"https:\/\/boutiquebeautyclub.ch\/prodotto\/bougie-tranquillity\/"},"modified":"2025-10-21T14:53:41","modified_gmt":"2025-10-21T12:53:41","slug":"bougie-tranquillity","status":"publish","type":"product","link":"https:\/\/boutiquebeautyclub.ch\/fr\/prodotto\/bougie-tranquillity\/","title":{"rendered":"Bougie Tranquillity"},"content":{"rendered":"","protected":false},"excerpt":{"rendered":"<p>Abandonne-toi \u00e0 l\u2019iconique fragrance de [ comfort zone ] avec la bougie TRANQUILLITY\u2122 qui diffuse dans la pi\u00e8ce le parfum exclusif et pr\u00e9cieux de la ligne pour cr\u00e9er une ambiance relaxante et agr\u00e9able. Les notes florales intenses et les notes enveloppantes d\u2019orange douce et de bois de c\u00e8dre favorisent une sensation imm\u00e9diate de bien-\u00eatre et de d\u00e9tente. <\/p>\n","protected":false},"featured_media":800,"template":"","meta":[],"product_brand":[],"product_cat":[856,855,883],"product_tag":[888,886,896,889,890,887,885],"class_list":{"0":"post-2579","1":"product","2":"type-product","3":"status-publish","4":"has-post-thumbnail","6":"product_cat-bien-etre","7":"product_cat-bougies-parfumees","8":"product_cat-relax","9":"product_tag-ambiance","10":"product_tag-bien-etre","11":"product_tag-bougie","12":"product_tag-fragrance","13":"product_tag-maison","14":"product_tag-parfum","15":"product_tag-relax","17":"first","18":"instock","19":"shipping-taxable","20":"purchasable","21":"product-type-variable"},"yoast_head":"<!-- This site is optimized with the Yoast SEO plugin v27.6 - https:\/\/yoast.com\/product\/yoast-seo-wordpress\/ -->\n<title>Bougie Tranquillity - Boutique Beauty Club<\/title>\n<meta name=\"robots\" content=\"index, follow, max-snippet:-1, max-image-preview:large, max-video-preview:-1\" \/>\n<link rel=\"canonical\" href=\"https:\/\/boutiquebeautyclub.ch\/fr\/prodotto\/bougie-tranquillity\/\" \/>\n<meta property=\"og:locale\" content=\"fr_FR\" \/>\n<meta property=\"og:type\" content=\"article\" \/>\n<meta property=\"og:title\" content=\"Bougie Tranquillity - Boutique Beauty Club\" \/>\n<meta property=\"og:description\" content=\"Abandonne-toi \u00e0 l\u2019iconique fragrance de [ comfort zone ] avec la bougie TRANQUILLITY\u2122 qui diffuse dans la pi\u00e8ce le parfum exclusif et pr\u00e9cieux de la ligne pour cr\u00e9er une ambiance relaxante et agr\u00e9able. Les notes florales intenses et les notes enveloppantes d\u2019orange douce et de bois de c\u00e8dre favorisent une sensation imm\u00e9diate de bien-\u00eatre et de d\u00e9tente.\" \/>\n<meta property=\"og:url\" content=\"https:\/\/boutiquebeautyclub.ch\/fr\/prodotto\/bougie-tranquillity\/\" \/>\n<meta property=\"og:site_name\" content=\"Boutique Beauty Club\" \/>\n<meta property=\"article:publisher\" content=\"https:\/\/www.facebook.com\/beautyclubesteticalosone\/\" \/>\n<meta property=\"og:image\" content=\"https:\/\/boutiquebeautyclub.ch\/wp-content\/uploads\/2025\/10\/CZ0075.jpg\" \/>\n\t<meta property=\"og:image:width\" content=\"1200\" \/>\n\t<meta property=\"og:image:height\" content=\"1200\" \/>\n\t<meta property=\"og:image:type\" content=\"image\/jpeg\" \/>\n<meta name=\"twitter:card\" content=\"summary_large_image\" \/>\n<script type=\"application\/ld+json\" class=\"yoast-schema-graph\">{\"@context\":\"https:\\\/\\\/schema.org\",\"@graph\":[{\"@type\":\"WebPage\",\"@id\":\"https:\\\/\\\/boutiquebeautyclub.ch\\\/fr\\\/prodotto\\\/bougie-tranquillity\\\/\",\"url\":\"https:\\\/\\\/boutiquebeautyclub.ch\\\/fr\\\/prodotto\\\/bougie-tranquillity\\\/\",\"name\":\"Bougie Tranquillity - Boutique Beauty Club\",\"isPartOf\":{\"@id\":\"https:\\\/\\\/boutiquebeautyclub.ch\\\/fr\\\/#website\"},\"primaryImageOfPage\":{\"@id\":\"https:\\\/\\\/boutiquebeautyclub.ch\\\/fr\\\/prodotto\\\/bougie-tranquillity\\\/#primaryimage\"},\"image\":{\"@id\":\"https:\\\/\\\/boutiquebeautyclub.ch\\\/fr\\\/prodotto\\\/bougie-tranquillity\\\/#primaryimage\"},\"thumbnailUrl\":\"https:\\\/\\\/boutiquebeautyclub.ch\\\/wp-content\\\/uploads\\\/2025\\\/10\\\/CZ0075.jpg\",\"datePublished\":\"2025-10-21T12:53:41+00:00\",\"breadcrumb\":{\"@id\":\"https:\\\/\\\/boutiquebeautyclub.ch\\\/fr\\\/prodotto\\\/bougie-tranquillity\\\/#breadcrumb\"},\"inLanguage\":\"fr-FR\",\"potentialAction\":[{\"@type\":\"ReadAction\",\"target\":[\"https:\\\/\\\/boutiquebeautyclub.ch\\\/fr\\\/prodotto\\\/bougie-tranquillity\\\/\"]}]},{\"@type\":\"ImageObject\",\"inLanguage\":\"fr-FR\",\"@id\":\"https:\\\/\\\/boutiquebeautyclub.ch\\\/fr\\\/prodotto\\\/bougie-tranquillity\\\/#primaryimage\",\"url\":\"https:\\\/\\\/boutiquebeautyclub.ch\\\/wp-content\\\/uploads\\\/2025\\\/10\\\/CZ0075.jpg\",\"contentUrl\":\"https:\\\/\\\/boutiquebeautyclub.ch\\\/wp-content\\\/uploads\\\/2025\\\/10\\\/CZ0075.jpg\",\"width\":1200,\"height\":1200},{\"@type\":\"BreadcrumbList\",\"@id\":\"https:\\\/\\\/boutiquebeautyclub.ch\\\/fr\\\/prodotto\\\/bougie-tranquillity\\\/#breadcrumb\",\"itemListElement\":[{\"@type\":\"ListItem\",\"position\":1,\"name\":\"Home\",\"item\":\"https:\\\/\\\/boutiquebeautyclub.ch\\\/fr\\\/\"},{\"@type\":\"ListItem\",\"position\":2,\"name\":\"Boutique\",\"item\":\"https:\\\/\\\/boutiquebeautyclub.ch\\\/fr\\\/boutique\\\/\"},{\"@type\":\"ListItem\",\"position\":3,\"name\":\"Bougie Tranquillity\"}]},{\"@type\":\"WebSite\",\"@id\":\"https:\\\/\\\/boutiquebeautyclub.ch\\\/fr\\\/#website\",\"url\":\"https:\\\/\\\/boutiquebeautyclub.ch\\\/fr\\\/\",\"name\":\"Boutique Beauty Club\",\"description\":\"Il tuo punto di riferimento per la bellezza e il benessere.\",\"publisher\":{\"@id\":\"https:\\\/\\\/boutiquebeautyclub.ch\\\/fr\\\/#organization\"},\"potentialAction\":[{\"@type\":\"SearchAction\",\"target\":{\"@type\":\"EntryPoint\",\"urlTemplate\":\"https:\\\/\\\/boutiquebeautyclub.ch\\\/fr\\\/?s={search_term_string}\"},\"query-input\":{\"@type\":\"PropertyValueSpecification\",\"valueRequired\":true,\"valueName\":\"search_term_string\"}}],\"inLanguage\":\"fr-FR\"},{\"@type\":\"Organization\",\"@id\":\"https:\\\/\\\/boutiquebeautyclub.ch\\\/fr\\\/#organization\",\"name\":\"Boutique Beauty Club\",\"url\":\"https:\\\/\\\/boutiquebeautyclub.ch\\\/fr\\\/\",\"logo\":{\"@type\":\"ImageObject\",\"inLanguage\":\"fr-FR\",\"@id\":\"https:\\\/\\\/boutiquebeautyclub.ch\\\/fr\\\/#\\\/schema\\\/logo\\\/image\\\/\",\"url\":\"https:\\\/\\\/boutiquebeautyclub.ch\\\/wp-content\\\/uploads\\\/2025\\\/07\\\/logo.png\",\"contentUrl\":\"https:\\\/\\\/boutiquebeautyclub.ch\\\/wp-content\\\/uploads\\\/2025\\\/07\\\/logo.png\",\"width\":600,\"height\":248,\"caption\":\"Boutique Beauty Club\"},\"image\":{\"@id\":\"https:\\\/\\\/boutiquebeautyclub.ch\\\/fr\\\/#\\\/schema\\\/logo\\\/image\\\/\"},\"sameAs\":[\"https:\\\/\\\/www.facebook.com\\\/beautyclubesteticalosone\\\/\",\"https:\\\/\\\/www.instagram.com\\\/beautyclubestetica\\\/?hl=it\"]}]}<\/script>\n<!-- \/ Yoast SEO plugin. -->","yoast_head_json":{"title":"Bougie Tranquillity - Boutique Beauty Club","robots":{"index":"index","follow":"follow","max-snippet":"max-snippet:-1","max-image-preview":"max-image-preview:large","max-video-preview":"max-video-preview:-1"},"canonical":"https:\/\/boutiquebeautyclub.ch\/fr\/prodotto\/bougie-tranquillity\/","og_locale":"fr_FR","og_type":"article","og_title":"Bougie Tranquillity - Boutique Beauty Club","og_description":"Abandonne-toi \u00e0 l\u2019iconique fragrance de [ comfort zone ] avec la bougie TRANQUILLITY\u2122 qui diffuse dans la pi\u00e8ce le parfum exclusif et pr\u00e9cieux de la ligne pour cr\u00e9er une ambiance relaxante et agr\u00e9able. Les notes florales intenses et les notes enveloppantes d\u2019orange douce et de bois de c\u00e8dre favorisent une sensation imm\u00e9diate de bien-\u00eatre et de d\u00e9tente.","og_url":"https:\/\/boutiquebeautyclub.ch\/fr\/prodotto\/bougie-tranquillity\/","og_site_name":"Boutique Beauty Club","article_publisher":"https:\/\/www.facebook.com\/beautyclubesteticalosone\/","og_image":[{"width":1200,"height":1200,"url":"https:\/\/boutiquebeautyclub.ch\/wp-content\/uploads\/2025\/10\/CZ0075.jpg","type":"image\/jpeg"}],"twitter_card":"summary_large_image","schema":{"@context":"https:\/\/schema.org","@graph":[{"@type":"WebPage","@id":"https:\/\/boutiquebeautyclub.ch\/fr\/prodotto\/bougie-tranquillity\/","url":"https:\/\/boutiquebeautyclub.ch\/fr\/prodotto\/bougie-tranquillity\/","name":"Bougie Tranquillity - Boutique Beauty Club","isPartOf":{"@id":"https:\/\/boutiquebeautyclub.ch\/fr\/#website"},"primaryImageOfPage":{"@id":"https:\/\/boutiquebeautyclub.ch\/fr\/prodotto\/bougie-tranquillity\/#primaryimage"},"image":{"@id":"https:\/\/boutiquebeautyclub.ch\/fr\/prodotto\/bougie-tranquillity\/#primaryimage"},"thumbnailUrl":"https:\/\/boutiquebeautyclub.ch\/wp-content\/uploads\/2025\/10\/CZ0075.jpg","datePublished":"2025-10-21T12:53:41+00:00","breadcrumb":{"@id":"https:\/\/boutiquebeautyclub.ch\/fr\/prodotto\/bougie-tranquillity\/#breadcrumb"},"inLanguage":"fr-FR","potentialAction":[{"@type":"ReadAction","target":["https:\/\/boutiquebeautyclub.ch\/fr\/prodotto\/bougie-tranquillity\/"]}]},{"@type":"ImageObject","inLanguage":"fr-FR","@id":"https:\/\/boutiquebeautyclub.ch\/fr\/prodotto\/bougie-tranquillity\/#primaryimage","url":"https:\/\/boutiquebeautyclub.ch\/wp-content\/uploads\/2025\/10\/CZ0075.jpg","contentUrl":"https:\/\/boutiquebeautyclub.ch\/wp-content\/uploads\/2025\/10\/CZ0075.jpg","width":1200,"height":1200},{"@type":"BreadcrumbList","@id":"https:\/\/boutiquebeautyclub.ch\/fr\/prodotto\/bougie-tranquillity\/#breadcrumb","itemListElement":[{"@type":"ListItem","position":1,"name":"Home","item":"https:\/\/boutiquebeautyclub.ch\/fr\/"},{"@type":"ListItem","position":2,"name":"Boutique","item":"https:\/\/boutiquebeautyclub.ch\/fr\/boutique\/"},{"@type":"ListItem","position":3,"name":"Bougie Tranquillity"}]},{"@type":"WebSite","@id":"https:\/\/boutiquebeautyclub.ch\/fr\/#website","url":"https:\/\/boutiquebeautyclub.ch\/fr\/","name":"Boutique Beauty Club","description":"Il tuo punto di riferimento per la bellezza e il benessere.","publisher":{"@id":"https:\/\/boutiquebeautyclub.ch\/fr\/#organization"},"potentialAction":[{"@type":"SearchAction","target":{"@type":"EntryPoint","urlTemplate":"https:\/\/boutiquebeautyclub.ch\/fr\/?s={search_term_string}"},"query-input":{"@type":"PropertyValueSpecification","valueRequired":true,"valueName":"search_term_string"}}],"inLanguage":"fr-FR"},{"@type":"Organization","@id":"https:\/\/boutiquebeautyclub.ch\/fr\/#organization","name":"Boutique Beauty Club","url":"https:\/\/boutiquebeautyclub.ch\/fr\/","logo":{"@type":"ImageObject","inLanguage":"fr-FR","@id":"https:\/\/boutiquebeautyclub.ch\/fr\/#\/schema\/logo\/image\/","url":"https:\/\/boutiquebeautyclub.ch\/wp-content\/uploads\/2025\/07\/logo.png","contentUrl":"https:\/\/boutiquebeautyclub.ch\/wp-content\/uploads\/2025\/07\/logo.png","width":600,"height":248,"caption":"Boutique Beauty Club"},"image":{"@id":"https:\/\/boutiquebeautyclub.ch\/fr\/#\/schema\/logo\/image\/"},"sameAs":["https:\/\/www.facebook.com\/beautyclubesteticalosone\/","https:\/\/www.instagram.com\/beautyclubestetica\/?hl=it"]}]}},"_links":{"self":[{"href":"https:\/\/boutiquebeautyclub.ch\/fr\/wp-json\/wp\/v2\/product\/2579","targetHints":{"allow":["GET"]}}],"collection":[{"href":"https:\/\/boutiquebeautyclub.ch\/fr\/wp-json\/wp\/v2\/product"}],"about":[{"href":"https:\/\/boutiquebeautyclub.ch\/fr\/wp-json\/wp\/v2\/types\/product"}],"wp:featuredmedia":[{"embeddable":true,"href":"https:\/\/boutiquebeautyclub.ch\/fr\/wp-json\/wp\/v2\/media\/800"}],"wp:attachment":[{"href":"https:\/\/boutiquebeautyclub.ch\/fr\/wp-json\/wp\/v2\/media?parent=2579"}],"wp:term":[{"taxonomy":"product_brand","embeddable":true,"href":"https:\/\/boutiquebeautyclub.ch\/fr\/wp-json\/wp\/v2\/product_brand?post=2579"},{"taxonomy":"product_cat","embeddable":true,"href":"https:\/\/boutiquebeautyclub.ch\/fr\/wp-json\/wp\/v2\/product_cat?post=2579"},{"taxonomy":"product_tag","embeddable":true,"href":"https:\/\/boutiquebeautyclub.ch\/fr\/wp-json\/wp\/v2\/product_tag?post=2579"}],"curies":[{"name":"wp","href":"https:\/\/api.w.org\/{rel}","templated":true}]}}