{"id":2640,"date":"2025-10-21T14:53:21","date_gmt":"2025-10-21T12:53:21","guid":{"rendered":"https:\/\/boutiquebeautyclub.ch\/prodotto\/sun-soul-protective-mist-spf-50\/"},"modified":"2025-10-21T14:53:21","modified_gmt":"2025-10-21T12:53:21","slug":"sun-soul-protective-mist-spf-50","status":"publish","type":"product","link":"https:\/\/boutiquebeautyclub.ch\/fr\/prodotto\/sun-soul-protective-mist-spf-50\/","title":{"rendered":"Sun Soul Protective Mist SPF 50+"},"content":{"rendered":"","protected":false},"excerpt":{"rendered":"<p>SUN SOUL Protective Mist SPF50+ est la nouvelle protection solaire de [ comfort zone ] qui offre une application rapide et un toucher ultra-l\u00e9ger sur la peau ! Une texture \u00e0 absorption rapide, r\u00e9sistante \u00e0 l\u2019eau, avec une s\u00e9lection rigoureuse de filtres pour r\u00e9duire l\u2019impact sur l\u2019\u00e9cosyst\u00e8me aquatique. La formule est enrichie du parfum embl\u00e9matique de la gamme SUN SOUL et offre une tr\u00e8s haute protection contre les rayons UVA\/UVB \u00e0 large spectre qui aide \u00e0 lutter contre les signes du photo-vieillissement cutan\u00e9, pour une exp\u00e9rience inoubliable sous le soleil.<br \/>\nLe syst\u00e8me de diffusion spray non-stop innovant, qui garantit de vider totalement le flacon et donc d\u2019utiliser tout le produit, est activ\u00e9 uniquement par air comprim\u00e9, ce qui contribue \u00e0 r\u00e9duire l\u2019impact environnemental.<br \/>\nD\u00e9couvre Sun Soul Protective Mist SPF50+, la protection cutan\u00e9e pratique, rapide et efficace !  <\/p>\n<p>67 % d\u2019ingr\u00e9dients d\u2019origine naturelle.<\/p>\n","protected":false},"featured_media":778,"template":"","meta":[],"product_brand":[],"product_cat":[417,382,383],"product_tag":[563,421,604,718,455,456,438],"class_list":{"0":"post-2640","1":"product","2":"type-product","3":"status-publish","4":"has-post-thumbnail","6":"product_cat-corps","7":"product_cat-cosmetiques","8":"product_cat-visage","9":"product_tag-absorption-rapide","10":"product_tag-corps","11":"product_tag-protection-solaire","12":"product_tag-spray","13":"product_tag-uva","14":"product_tag-uvb","15":"product_tag-visage","17":"first","18":"instock","19":"shipping-taxable","20":"purchasable","21":"product-type-variable","22":"has-default-attributes"},"yoast_head":"<!-- This site is optimized with the Yoast SEO plugin v27.6 - https:\/\/yoast.com\/product\/yoast-seo-wordpress\/ -->\n<title>Sun Soul Protective Mist SPF 50+ - Boutique Beauty Club<\/title>\n<meta name=\"robots\" content=\"index, follow, max-snippet:-1, max-image-preview:large, max-video-preview:-1\" \/>\n<link rel=\"canonical\" href=\"https:\/\/boutiquebeautyclub.ch\/fr\/prodotto\/sun-soul-protective-mist-spf-50\/\" \/>\n<meta property=\"og:locale\" content=\"fr_FR\" \/>\n<meta property=\"og:type\" content=\"article\" \/>\n<meta property=\"og:title\" content=\"Sun Soul Protective Mist SPF 50+ - Boutique Beauty Club\" \/>\n<meta property=\"og:description\" content=\"SUN SOUL Protective Mist SPF50+ est la nouvelle protection solaire de [ comfort zone ] qui offre une application rapide et un toucher ultra-l\u00e9ger sur la peau ! Une texture \u00e0 absorption rapide, r\u00e9sistante \u00e0 l\u2019eau, avec une s\u00e9lection rigoureuse de filtres pour r\u00e9duire l\u2019impact sur l\u2019\u00e9cosyst\u00e8me aquatique. La formule est enrichie du parfum embl\u00e9matique de la gamme SUN SOUL et offre une tr\u00e8s haute protection contre les rayons UVA\/UVB \u00e0 large spectre qui aide \u00e0 lutter contre les signes du photo-vieillissement cutan\u00e9, pour une exp\u00e9rience inoubliable sous le soleil. Le syst\u00e8me de diffusion spray non-stop innovant, qui garantit de vider totalement le flacon et donc d\u2019utiliser tout le produit, est activ\u00e9 uniquement par air comprim\u00e9, ce qui contribue \u00e0 r\u00e9duire l\u2019impact environnemental. D\u00e9couvre Sun Soul Protective Mist SPF50+, la protection cutan\u00e9e pratique, rapide et efficace !  67 % d\u2019ingr\u00e9dients d\u2019origine naturelle.\" \/>\n<meta property=\"og:url\" content=\"https:\/\/boutiquebeautyclub.ch\/fr\/prodotto\/sun-soul-protective-mist-spf-50\/\" \/>\n<meta property=\"og:site_name\" content=\"Boutique Beauty Club\" \/>\n<meta property=\"article:publisher\" content=\"https:\/\/www.facebook.com\/beautyclubesteticalosone\/\" \/>\n<meta property=\"og:image\" content=\"https:\/\/boutiquebeautyclub.ch\/wp-content\/uploads\/2025\/10\/CZ0054.jpg\" \/>\n\t<meta property=\"og:image:width\" content=\"1200\" \/>\n\t<meta property=\"og:image:height\" content=\"1200\" \/>\n\t<meta property=\"og:image:type\" content=\"image\/jpeg\" \/>\n<meta name=\"twitter:card\" content=\"summary_large_image\" \/>\n<script type=\"application\/ld+json\" class=\"yoast-schema-graph\">{\"@context\":\"https:\\\/\\\/schema.org\",\"@graph\":[{\"@type\":\"WebPage\",\"@id\":\"https:\\\/\\\/boutiquebeautyclub.ch\\\/fr\\\/prodotto\\\/sun-soul-protective-mist-spf-50\\\/\",\"url\":\"https:\\\/\\\/boutiquebeautyclub.ch\\\/fr\\\/prodotto\\\/sun-soul-protective-mist-spf-50\\\/\",\"name\":\"Sun Soul Protective Mist SPF 50+ - Boutique Beauty Club\",\"isPartOf\":{\"@id\":\"https:\\\/\\\/boutiquebeautyclub.ch\\\/fr\\\/#website\"},\"primaryImageOfPage\":{\"@id\":\"https:\\\/\\\/boutiquebeautyclub.ch\\\/fr\\\/prodotto\\\/sun-soul-protective-mist-spf-50\\\/#primaryimage\"},\"image\":{\"@id\":\"https:\\\/\\\/boutiquebeautyclub.ch\\\/fr\\\/prodotto\\\/sun-soul-protective-mist-spf-50\\\/#primaryimage\"},\"thumbnailUrl\":\"https:\\\/\\\/boutiquebeautyclub.ch\\\/wp-content\\\/uploads\\\/2025\\\/10\\\/CZ0054.jpg\",\"datePublished\":\"2025-10-21T12:53:21+00:00\",\"breadcrumb\":{\"@id\":\"https:\\\/\\\/boutiquebeautyclub.ch\\\/fr\\\/prodotto\\\/sun-soul-protective-mist-spf-50\\\/#breadcrumb\"},\"inLanguage\":\"fr-FR\",\"potentialAction\":[{\"@type\":\"ReadAction\",\"target\":[\"https:\\\/\\\/boutiquebeautyclub.ch\\\/fr\\\/prodotto\\\/sun-soul-protective-mist-spf-50\\\/\"]}]},{\"@type\":\"ImageObject\",\"inLanguage\":\"fr-FR\",\"@id\":\"https:\\\/\\\/boutiquebeautyclub.ch\\\/fr\\\/prodotto\\\/sun-soul-protective-mist-spf-50\\\/#primaryimage\",\"url\":\"https:\\\/\\\/boutiquebeautyclub.ch\\\/wp-content\\\/uploads\\\/2025\\\/10\\\/CZ0054.jpg\",\"contentUrl\":\"https:\\\/\\\/boutiquebeautyclub.ch\\\/wp-content\\\/uploads\\\/2025\\\/10\\\/CZ0054.jpg\",\"width\":1200,\"height\":1200},{\"@type\":\"BreadcrumbList\",\"@id\":\"https:\\\/\\\/boutiquebeautyclub.ch\\\/fr\\\/prodotto\\\/sun-soul-protective-mist-spf-50\\\/#breadcrumb\",\"itemListElement\":[{\"@type\":\"ListItem\",\"position\":1,\"name\":\"Home\",\"item\":\"https:\\\/\\\/boutiquebeautyclub.ch\\\/fr\\\/\"},{\"@type\":\"ListItem\",\"position\":2,\"name\":\"Boutique\",\"item\":\"https:\\\/\\\/boutiquebeautyclub.ch\\\/fr\\\/boutique\\\/\"},{\"@type\":\"ListItem\",\"position\":3,\"name\":\"Sun Soul Protective Mist SPF 50+\"}]},{\"@type\":\"WebSite\",\"@id\":\"https:\\\/\\\/boutiquebeautyclub.ch\\\/fr\\\/#website\",\"url\":\"https:\\\/\\\/boutiquebeautyclub.ch\\\/fr\\\/\",\"name\":\"Boutique Beauty Club\",\"description\":\"Il tuo punto di riferimento per la bellezza e il benessere.\",\"publisher\":{\"@id\":\"https:\\\/\\\/boutiquebeautyclub.ch\\\/fr\\\/#organization\"},\"potentialAction\":[{\"@type\":\"SearchAction\",\"target\":{\"@type\":\"EntryPoint\",\"urlTemplate\":\"https:\\\/\\\/boutiquebeautyclub.ch\\\/fr\\\/?s={search_term_string}\"},\"query-input\":{\"@type\":\"PropertyValueSpecification\",\"valueRequired\":true,\"valueName\":\"search_term_string\"}}],\"inLanguage\":\"fr-FR\"},{\"@type\":\"Organization\",\"@id\":\"https:\\\/\\\/boutiquebeautyclub.ch\\\/fr\\\/#organization\",\"name\":\"Boutique Beauty Club\",\"url\":\"https:\\\/\\\/boutiquebeautyclub.ch\\\/fr\\\/\",\"logo\":{\"@type\":\"ImageObject\",\"inLanguage\":\"fr-FR\",\"@id\":\"https:\\\/\\\/boutiquebeautyclub.ch\\\/fr\\\/#\\\/schema\\\/logo\\\/image\\\/\",\"url\":\"https:\\\/\\\/boutiquebeautyclub.ch\\\/wp-content\\\/uploads\\\/2025\\\/07\\\/logo.png\",\"contentUrl\":\"https:\\\/\\\/boutiquebeautyclub.ch\\\/wp-content\\\/uploads\\\/2025\\\/07\\\/logo.png\",\"width\":600,\"height\":248,\"caption\":\"Boutique Beauty Club\"},\"image\":{\"@id\":\"https:\\\/\\\/boutiquebeautyclub.ch\\\/fr\\\/#\\\/schema\\\/logo\\\/image\\\/\"},\"sameAs\":[\"https:\\\/\\\/www.facebook.com\\\/beautyclubesteticalosone\\\/\",\"https:\\\/\\\/www.instagram.com\\\/beautyclubestetica\\\/?hl=it\"]}]}<\/script>\n<!-- \/ Yoast SEO plugin. -->","yoast_head_json":{"title":"Sun Soul Protective Mist SPF 50+ - Boutique Beauty Club","robots":{"index":"index","follow":"follow","max-snippet":"max-snippet:-1","max-image-preview":"max-image-preview:large","max-video-preview":"max-video-preview:-1"},"canonical":"https:\/\/boutiquebeautyclub.ch\/fr\/prodotto\/sun-soul-protective-mist-spf-50\/","og_locale":"fr_FR","og_type":"article","og_title":"Sun Soul Protective Mist SPF 50+ - Boutique Beauty Club","og_description":"SUN SOUL Protective Mist SPF50+ est la nouvelle protection solaire de [ comfort zone ] qui offre une application rapide et un toucher ultra-l\u00e9ger sur la peau ! Une texture \u00e0 absorption rapide, r\u00e9sistante \u00e0 l\u2019eau, avec une s\u00e9lection rigoureuse de filtres pour r\u00e9duire l\u2019impact sur l\u2019\u00e9cosyst\u00e8me aquatique. La formule est enrichie du parfum embl\u00e9matique de la gamme SUN SOUL et offre une tr\u00e8s haute protection contre les rayons UVA\/UVB \u00e0 large spectre qui aide \u00e0 lutter contre les signes du photo-vieillissement cutan\u00e9, pour une exp\u00e9rience inoubliable sous le soleil. Le syst\u00e8me de diffusion spray non-stop innovant, qui garantit de vider totalement le flacon et donc d\u2019utiliser tout le produit, est activ\u00e9 uniquement par air comprim\u00e9, ce qui contribue \u00e0 r\u00e9duire l\u2019impact environnemental. D\u00e9couvre Sun Soul Protective Mist SPF50+, la protection cutan\u00e9e pratique, rapide et efficace !  67 % d\u2019ingr\u00e9dients d\u2019origine naturelle.","og_url":"https:\/\/boutiquebeautyclub.ch\/fr\/prodotto\/sun-soul-protective-mist-spf-50\/","og_site_name":"Boutique Beauty Club","article_publisher":"https:\/\/www.facebook.com\/beautyclubesteticalosone\/","og_image":[{"width":1200,"height":1200,"url":"https:\/\/boutiquebeautyclub.ch\/wp-content\/uploads\/2025\/10\/CZ0054.jpg","type":"image\/jpeg"}],"twitter_card":"summary_large_image","schema":{"@context":"https:\/\/schema.org","@graph":[{"@type":"WebPage","@id":"https:\/\/boutiquebeautyclub.ch\/fr\/prodotto\/sun-soul-protective-mist-spf-50\/","url":"https:\/\/boutiquebeautyclub.ch\/fr\/prodotto\/sun-soul-protective-mist-spf-50\/","name":"Sun Soul Protective Mist SPF 50+ - Boutique Beauty Club","isPartOf":{"@id":"https:\/\/boutiquebeautyclub.ch\/fr\/#website"},"primaryImageOfPage":{"@id":"https:\/\/boutiquebeautyclub.ch\/fr\/prodotto\/sun-soul-protective-mist-spf-50\/#primaryimage"},"image":{"@id":"https:\/\/boutiquebeautyclub.ch\/fr\/prodotto\/sun-soul-protective-mist-spf-50\/#primaryimage"},"thumbnailUrl":"https:\/\/boutiquebeautyclub.ch\/wp-content\/uploads\/2025\/10\/CZ0054.jpg","datePublished":"2025-10-21T12:53:21+00:00","breadcrumb":{"@id":"https:\/\/boutiquebeautyclub.ch\/fr\/prodotto\/sun-soul-protective-mist-spf-50\/#breadcrumb"},"inLanguage":"fr-FR","potentialAction":[{"@type":"ReadAction","target":["https:\/\/boutiquebeautyclub.ch\/fr\/prodotto\/sun-soul-protective-mist-spf-50\/"]}]},{"@type":"ImageObject","inLanguage":"fr-FR","@id":"https:\/\/boutiquebeautyclub.ch\/fr\/prodotto\/sun-soul-protective-mist-spf-50\/#primaryimage","url":"https:\/\/boutiquebeautyclub.ch\/wp-content\/uploads\/2025\/10\/CZ0054.jpg","contentUrl":"https:\/\/boutiquebeautyclub.ch\/wp-content\/uploads\/2025\/10\/CZ0054.jpg","width":1200,"height":1200},{"@type":"BreadcrumbList","@id":"https:\/\/boutiquebeautyclub.ch\/fr\/prodotto\/sun-soul-protective-mist-spf-50\/#breadcrumb","itemListElement":[{"@type":"ListItem","position":1,"name":"Home","item":"https:\/\/boutiquebeautyclub.ch\/fr\/"},{"@type":"ListItem","position":2,"name":"Boutique","item":"https:\/\/boutiquebeautyclub.ch\/fr\/boutique\/"},{"@type":"ListItem","position":3,"name":"Sun Soul Protective Mist SPF 50+"}]},{"@type":"WebSite","@id":"https:\/\/boutiquebeautyclub.ch\/fr\/#website","url":"https:\/\/boutiquebeautyclub.ch\/fr\/","name":"Boutique Beauty Club","description":"Il tuo punto di riferimento per la bellezza e il benessere.","publisher":{"@id":"https:\/\/boutiquebeautyclub.ch\/fr\/#organization"},"potentialAction":[{"@type":"SearchAction","target":{"@type":"EntryPoint","urlTemplate":"https:\/\/boutiquebeautyclub.ch\/fr\/?s={search_term_string}"},"query-input":{"@type":"PropertyValueSpecification","valueRequired":true,"valueName":"search_term_string"}}],"inLanguage":"fr-FR"},{"@type":"Organization","@id":"https:\/\/boutiquebeautyclub.ch\/fr\/#organization","name":"Boutique Beauty Club","url":"https:\/\/boutiquebeautyclub.ch\/fr\/","logo":{"@type":"ImageObject","inLanguage":"fr-FR","@id":"https:\/\/boutiquebeautyclub.ch\/fr\/#\/schema\/logo\/image\/","url":"https:\/\/boutiquebeautyclub.ch\/wp-content\/uploads\/2025\/07\/logo.png","contentUrl":"https:\/\/boutiquebeautyclub.ch\/wp-content\/uploads\/2025\/07\/logo.png","width":600,"height":248,"caption":"Boutique Beauty Club"},"image":{"@id":"https:\/\/boutiquebeautyclub.ch\/fr\/#\/schema\/logo\/image\/"},"sameAs":["https:\/\/www.facebook.com\/beautyclubesteticalosone\/","https:\/\/www.instagram.com\/beautyclubestetica\/?hl=it"]}]}},"_links":{"self":[{"href":"https:\/\/boutiquebeautyclub.ch\/fr\/wp-json\/wp\/v2\/product\/2640","targetHints":{"allow":["GET"]}}],"collection":[{"href":"https:\/\/boutiquebeautyclub.ch\/fr\/wp-json\/wp\/v2\/product"}],"about":[{"href":"https:\/\/boutiquebeautyclub.ch\/fr\/wp-json\/wp\/v2\/types\/product"}],"wp:featuredmedia":[{"embeddable":true,"href":"https:\/\/boutiquebeautyclub.ch\/fr\/wp-json\/wp\/v2\/media\/778"}],"wp:attachment":[{"href":"https:\/\/boutiquebeautyclub.ch\/fr\/wp-json\/wp\/v2\/media?parent=2640"}],"wp:term":[{"taxonomy":"product_brand","embeddable":true,"href":"https:\/\/boutiquebeautyclub.ch\/fr\/wp-json\/wp\/v2\/product_brand?post=2640"},{"taxonomy":"product_cat","embeddable":true,"href":"https:\/\/boutiquebeautyclub.ch\/fr\/wp-json\/wp\/v2\/product_cat?post=2640"},{"taxonomy":"product_tag","embeddable":true,"href":"https:\/\/boutiquebeautyclub.ch\/fr\/wp-json\/wp\/v2\/product_tag?post=2640"}],"curies":[{"name":"wp","href":"https:\/\/api.w.org\/{rel}","templated":true}]}}