{"id":2692,"date":"2026-01-23T14:27:25","date_gmt":"2026-01-23T13:27:25","guid":{"rendered":"https:\/\/boutiquebeautyclub.ch\/prodotto\/tisane-21-en-ligne-homme\/"},"modified":"2026-01-23T14:27:25","modified_gmt":"2026-01-23T13:27:25","slug":"tisane-21-en-ligne-homme","status":"publish","type":"product","link":"https:\/\/boutiquebeautyclub.ch\/fr\/prodotto\/tisane-21-en-ligne-homme\/","title":{"rendered":"Tisane #21 EN LIGNE HOMME"},"content":{"rendered":"<p>Indiqu\u00e9e comme adjuvant pour le maintien du poids id\u00e9al pendant et apr\u00e8s un r\u00e9gime. Adapt\u00e9e aussi pour contrer la fatigue physique et mentale typique des p\u00e9riodes de restriction alimentaire. Recommand\u00e9e en association avec la Tisane n\u00b0   28<\/p>\n<p>Actifs et bienfaits : LE THALLE DE FUCUS FAVORISE L\u2019\u00c9QUILIBRE DU POIDS CORPOREL<\/p>\n","protected":false},"excerpt":{"rendered":"<p>Indiqu\u00e9e comme adjuvant pour le maintien du poids id\u00e9al pendant et apr\u00e8s un r\u00e9gime. Adapt\u00e9e aussi pour contrer la fatigue physique et mentale typique des p\u00e9riodes de restriction alimentaire. Recommand\u00e9e en association avec la Tisane n\u00b0 28 Actifs et bienfaits : LE THALLE DE FUCUS FAVORISE L\u2019\u00c9QUILIBRE DU POIDS CORPOREL<\/p>\n","protected":false},"featured_media":1348,"template":"","meta":[],"product_brand":[],"product_cat":[856,417,958],"product_tag":[],"class_list":{"0":"post-2692","1":"product","2":"type-product","3":"status-publish","4":"has-post-thumbnail","6":"product_cat-bien-etre","7":"product_cat-corps","8":"product_cat-tisanes","10":"first","11":"instock","12":"shipping-taxable","13":"purchasable","14":"product-type-simple"},"yoast_head":"<!-- This site is optimized with the Yoast SEO plugin v27.6 - https:\/\/yoast.com\/product\/yoast-seo-wordpress\/ -->\n<title>Tisane #21 EN LIGNE HOMME - Boutique Beauty Club<\/title>\n<meta name=\"description\" content=\"Indiqu\u00e9e comme adjuvant pour le maintien du poids id\u00e9al pendant et apr\u00e8s un r\u00e9gime. Adapt\u00e9e aussi pour contrer la fatigue physique et mentale typique des p\u00e9riodes de restriction alimentaire. Recommand\u00e9e en association avec la Tisane n\u00b0 28. Actifs et bienfaits : LE THALLE DE FUCUS FAVORISE L\u2019\u00c9QUILIBRE DU POIDS CORPOREL\" \/>\n<meta name=\"robots\" content=\"index, follow, max-snippet:-1, max-image-preview:large, max-video-preview:-1\" \/>\n<link rel=\"canonical\" href=\"https:\/\/boutiquebeautyclub.ch\/fr\/prodotto\/tisane-21-en-ligne-homme\/\" \/>\n<meta property=\"og:locale\" content=\"fr_FR\" \/>\n<meta property=\"og:type\" content=\"article\" \/>\n<meta property=\"og:title\" content=\"Tisane #21 EN LIGNE HOMME - Boutique Beauty Club\" \/>\n<meta property=\"og:description\" content=\"Indiqu\u00e9e comme adjuvant pour le maintien du poids id\u00e9al pendant et apr\u00e8s un r\u00e9gime. Adapt\u00e9e aussi pour contrer la fatigue physique et mentale typique des p\u00e9riodes de restriction alimentaire. Recommand\u00e9e en association avec la Tisane n\u00b0 28. Actifs et bienfaits : LE THALLE DE FUCUS FAVORISE L\u2019\u00c9QUILIBRE DU POIDS CORPOREL\" \/>\n<meta property=\"og:url\" content=\"https:\/\/boutiquebeautyclub.ch\/fr\/prodotto\/tisane-21-en-ligne-homme\/\" \/>\n<meta property=\"og:site_name\" content=\"Boutique Beauty Club\" \/>\n<meta property=\"article:publisher\" content=\"https:\/\/www.facebook.com\/beautyclubesteticalosone\/\" \/>\n<meta property=\"og:image\" content=\"https:\/\/boutiquebeautyclub.ch\/wp-content\/uploads\/2026\/01\/Tisana-21-uomo.jpg\" \/>\n\t<meta property=\"og:image:width\" content=\"707\" \/>\n\t<meta property=\"og:image:height\" content=\"741\" \/>\n\t<meta property=\"og:image:type\" content=\"image\/jpeg\" \/>\n<meta name=\"twitter:card\" content=\"summary_large_image\" \/>\n<script type=\"application\/ld+json\" class=\"yoast-schema-graph\">{\"@context\":\"https:\\\/\\\/schema.org\",\"@graph\":[{\"@type\":\"WebPage\",\"@id\":\"https:\\\/\\\/boutiquebeautyclub.ch\\\/fr\\\/prodotto\\\/tisane-21-en-ligne-homme\\\/\",\"url\":\"https:\\\/\\\/boutiquebeautyclub.ch\\\/fr\\\/prodotto\\\/tisane-21-en-ligne-homme\\\/\",\"name\":\"Tisane #21 EN LIGNE HOMME - Boutique Beauty Club\",\"isPartOf\":{\"@id\":\"https:\\\/\\\/boutiquebeautyclub.ch\\\/fr\\\/#website\"},\"primaryImageOfPage\":{\"@id\":\"https:\\\/\\\/boutiquebeautyclub.ch\\\/fr\\\/prodotto\\\/tisane-21-en-ligne-homme\\\/#primaryimage\"},\"image\":{\"@id\":\"https:\\\/\\\/boutiquebeautyclub.ch\\\/fr\\\/prodotto\\\/tisane-21-en-ligne-homme\\\/#primaryimage\"},\"thumbnailUrl\":\"https:\\\/\\\/boutiquebeautyclub.ch\\\/wp-content\\\/uploads\\\/2026\\\/01\\\/Tisana-21-uomo.jpg\",\"datePublished\":\"2026-01-23T13:27:25+00:00\",\"description\":\"Indiqu\u00e9e comme adjuvant pour le maintien du poids id\u00e9al pendant et apr\u00e8s un r\u00e9gime. Adapt\u00e9e aussi pour contrer la fatigue physique et mentale typique des p\u00e9riodes de restriction alimentaire. Recommand\u00e9e en association avec la Tisane n\u00b0 28. Actifs et bienfaits : LE THALLE DE FUCUS FAVORISE L\u2019\u00c9QUILIBRE DU POIDS CORPOREL\",\"breadcrumb\":{\"@id\":\"https:\\\/\\\/boutiquebeautyclub.ch\\\/fr\\\/prodotto\\\/tisane-21-en-ligne-homme\\\/#breadcrumb\"},\"inLanguage\":\"fr-FR\",\"potentialAction\":[{\"@type\":\"ReadAction\",\"target\":[\"https:\\\/\\\/boutiquebeautyclub.ch\\\/fr\\\/prodotto\\\/tisane-21-en-ligne-homme\\\/\"]}]},{\"@type\":\"ImageObject\",\"inLanguage\":\"fr-FR\",\"@id\":\"https:\\\/\\\/boutiquebeautyclub.ch\\\/fr\\\/prodotto\\\/tisane-21-en-ligne-homme\\\/#primaryimage\",\"url\":\"https:\\\/\\\/boutiquebeautyclub.ch\\\/wp-content\\\/uploads\\\/2026\\\/01\\\/Tisana-21-uomo.jpg\",\"contentUrl\":\"https:\\\/\\\/boutiquebeautyclub.ch\\\/wp-content\\\/uploads\\\/2026\\\/01\\\/Tisana-21-uomo.jpg\",\"width\":707,\"height\":741},{\"@type\":\"BreadcrumbList\",\"@id\":\"https:\\\/\\\/boutiquebeautyclub.ch\\\/fr\\\/prodotto\\\/tisane-21-en-ligne-homme\\\/#breadcrumb\",\"itemListElement\":[{\"@type\":\"ListItem\",\"position\":1,\"name\":\"Home\",\"item\":\"https:\\\/\\\/boutiquebeautyclub.ch\\\/fr\\\/\"},{\"@type\":\"ListItem\",\"position\":2,\"name\":\"Boutique\",\"item\":\"https:\\\/\\\/boutiquebeautyclub.ch\\\/fr\\\/boutique\\\/\"},{\"@type\":\"ListItem\",\"position\":3,\"name\":\"Tisane #21 EN LIGNE HOMME\"}]},{\"@type\":\"WebSite\",\"@id\":\"https:\\\/\\\/boutiquebeautyclub.ch\\\/fr\\\/#website\",\"url\":\"https:\\\/\\\/boutiquebeautyclub.ch\\\/fr\\\/\",\"name\":\"Boutique Beauty Club\",\"description\":\"Il tuo punto di riferimento per la bellezza e il benessere.\",\"publisher\":{\"@id\":\"https:\\\/\\\/boutiquebeautyclub.ch\\\/fr\\\/#organization\"},\"potentialAction\":[{\"@type\":\"SearchAction\",\"target\":{\"@type\":\"EntryPoint\",\"urlTemplate\":\"https:\\\/\\\/boutiquebeautyclub.ch\\\/fr\\\/?s={search_term_string}\"},\"query-input\":{\"@type\":\"PropertyValueSpecification\",\"valueRequired\":true,\"valueName\":\"search_term_string\"}}],\"inLanguage\":\"fr-FR\"},{\"@type\":\"Organization\",\"@id\":\"https:\\\/\\\/boutiquebeautyclub.ch\\\/fr\\\/#organization\",\"name\":\"Boutique Beauty Club\",\"url\":\"https:\\\/\\\/boutiquebeautyclub.ch\\\/fr\\\/\",\"logo\":{\"@type\":\"ImageObject\",\"inLanguage\":\"fr-FR\",\"@id\":\"https:\\\/\\\/boutiquebeautyclub.ch\\\/fr\\\/#\\\/schema\\\/logo\\\/image\\\/\",\"url\":\"https:\\\/\\\/boutiquebeautyclub.ch\\\/wp-content\\\/uploads\\\/2025\\\/07\\\/logo.png\",\"contentUrl\":\"https:\\\/\\\/boutiquebeautyclub.ch\\\/wp-content\\\/uploads\\\/2025\\\/07\\\/logo.png\",\"width\":600,\"height\":248,\"caption\":\"Boutique Beauty Club\"},\"image\":{\"@id\":\"https:\\\/\\\/boutiquebeautyclub.ch\\\/fr\\\/#\\\/schema\\\/logo\\\/image\\\/\"},\"sameAs\":[\"https:\\\/\\\/www.facebook.com\\\/beautyclubesteticalosone\\\/\",\"https:\\\/\\\/www.instagram.com\\\/beautyclubestetica\\\/?hl=it\"]}]}<\/script>\n<!-- \/ Yoast SEO plugin. -->","yoast_head_json":{"title":"Tisane #21 EN LIGNE HOMME - Boutique Beauty Club","description":"Indiqu\u00e9e comme adjuvant pour le maintien du poids id\u00e9al pendant et apr\u00e8s un r\u00e9gime. Adapt\u00e9e aussi pour contrer la fatigue physique et mentale typique des p\u00e9riodes de restriction alimentaire. Recommand\u00e9e en association avec la Tisane n\u00b0 28. Actifs et bienfaits : LE THALLE DE FUCUS FAVORISE L\u2019\u00c9QUILIBRE DU POIDS CORPOREL","robots":{"index":"index","follow":"follow","max-snippet":"max-snippet:-1","max-image-preview":"max-image-preview:large","max-video-preview":"max-video-preview:-1"},"canonical":"https:\/\/boutiquebeautyclub.ch\/fr\/prodotto\/tisane-21-en-ligne-homme\/","og_locale":"fr_FR","og_type":"article","og_title":"Tisane #21 EN LIGNE HOMME - Boutique Beauty Club","og_description":"Indiqu\u00e9e comme adjuvant pour le maintien du poids id\u00e9al pendant et apr\u00e8s un r\u00e9gime. Adapt\u00e9e aussi pour contrer la fatigue physique et mentale typique des p\u00e9riodes de restriction alimentaire. Recommand\u00e9e en association avec la Tisane n\u00b0 28. Actifs et bienfaits : LE THALLE DE FUCUS FAVORISE L\u2019\u00c9QUILIBRE DU POIDS CORPOREL","og_url":"https:\/\/boutiquebeautyclub.ch\/fr\/prodotto\/tisane-21-en-ligne-homme\/","og_site_name":"Boutique Beauty Club","article_publisher":"https:\/\/www.facebook.com\/beautyclubesteticalosone\/","og_image":[{"width":707,"height":741,"url":"https:\/\/boutiquebeautyclub.ch\/wp-content\/uploads\/2026\/01\/Tisana-21-uomo.jpg","type":"image\/jpeg"}],"twitter_card":"summary_large_image","schema":{"@context":"https:\/\/schema.org","@graph":[{"@type":"WebPage","@id":"https:\/\/boutiquebeautyclub.ch\/fr\/prodotto\/tisane-21-en-ligne-homme\/","url":"https:\/\/boutiquebeautyclub.ch\/fr\/prodotto\/tisane-21-en-ligne-homme\/","name":"Tisane #21 EN LIGNE HOMME - Boutique Beauty Club","isPartOf":{"@id":"https:\/\/boutiquebeautyclub.ch\/fr\/#website"},"primaryImageOfPage":{"@id":"https:\/\/boutiquebeautyclub.ch\/fr\/prodotto\/tisane-21-en-ligne-homme\/#primaryimage"},"image":{"@id":"https:\/\/boutiquebeautyclub.ch\/fr\/prodotto\/tisane-21-en-ligne-homme\/#primaryimage"},"thumbnailUrl":"https:\/\/boutiquebeautyclub.ch\/wp-content\/uploads\/2026\/01\/Tisana-21-uomo.jpg","datePublished":"2026-01-23T13:27:25+00:00","description":"Indiqu\u00e9e comme adjuvant pour le maintien du poids id\u00e9al pendant et apr\u00e8s un r\u00e9gime. Adapt\u00e9e aussi pour contrer la fatigue physique et mentale typique des p\u00e9riodes de restriction alimentaire. Recommand\u00e9e en association avec la Tisane n\u00b0 28. Actifs et bienfaits : LE THALLE DE FUCUS FAVORISE L\u2019\u00c9QUILIBRE DU POIDS CORPOREL","breadcrumb":{"@id":"https:\/\/boutiquebeautyclub.ch\/fr\/prodotto\/tisane-21-en-ligne-homme\/#breadcrumb"},"inLanguage":"fr-FR","potentialAction":[{"@type":"ReadAction","target":["https:\/\/boutiquebeautyclub.ch\/fr\/prodotto\/tisane-21-en-ligne-homme\/"]}]},{"@type":"ImageObject","inLanguage":"fr-FR","@id":"https:\/\/boutiquebeautyclub.ch\/fr\/prodotto\/tisane-21-en-ligne-homme\/#primaryimage","url":"https:\/\/boutiquebeautyclub.ch\/wp-content\/uploads\/2026\/01\/Tisana-21-uomo.jpg","contentUrl":"https:\/\/boutiquebeautyclub.ch\/wp-content\/uploads\/2026\/01\/Tisana-21-uomo.jpg","width":707,"height":741},{"@type":"BreadcrumbList","@id":"https:\/\/boutiquebeautyclub.ch\/fr\/prodotto\/tisane-21-en-ligne-homme\/#breadcrumb","itemListElement":[{"@type":"ListItem","position":1,"name":"Home","item":"https:\/\/boutiquebeautyclub.ch\/fr\/"},{"@type":"ListItem","position":2,"name":"Boutique","item":"https:\/\/boutiquebeautyclub.ch\/fr\/boutique\/"},{"@type":"ListItem","position":3,"name":"Tisane #21 EN LIGNE HOMME"}]},{"@type":"WebSite","@id":"https:\/\/boutiquebeautyclub.ch\/fr\/#website","url":"https:\/\/boutiquebeautyclub.ch\/fr\/","name":"Boutique Beauty Club","description":"Il tuo punto di riferimento per la bellezza e il benessere.","publisher":{"@id":"https:\/\/boutiquebeautyclub.ch\/fr\/#organization"},"potentialAction":[{"@type":"SearchAction","target":{"@type":"EntryPoint","urlTemplate":"https:\/\/boutiquebeautyclub.ch\/fr\/?s={search_term_string}"},"query-input":{"@type":"PropertyValueSpecification","valueRequired":true,"valueName":"search_term_string"}}],"inLanguage":"fr-FR"},{"@type":"Organization","@id":"https:\/\/boutiquebeautyclub.ch\/fr\/#organization","name":"Boutique Beauty Club","url":"https:\/\/boutiquebeautyclub.ch\/fr\/","logo":{"@type":"ImageObject","inLanguage":"fr-FR","@id":"https:\/\/boutiquebeautyclub.ch\/fr\/#\/schema\/logo\/image\/","url":"https:\/\/boutiquebeautyclub.ch\/wp-content\/uploads\/2025\/07\/logo.png","contentUrl":"https:\/\/boutiquebeautyclub.ch\/wp-content\/uploads\/2025\/07\/logo.png","width":600,"height":248,"caption":"Boutique Beauty Club"},"image":{"@id":"https:\/\/boutiquebeautyclub.ch\/fr\/#\/schema\/logo\/image\/"},"sameAs":["https:\/\/www.facebook.com\/beautyclubesteticalosone\/","https:\/\/www.instagram.com\/beautyclubestetica\/?hl=it"]}]}},"_links":{"self":[{"href":"https:\/\/boutiquebeautyclub.ch\/fr\/wp-json\/wp\/v2\/product\/2692","targetHints":{"allow":["GET"]}}],"collection":[{"href":"https:\/\/boutiquebeautyclub.ch\/fr\/wp-json\/wp\/v2\/product"}],"about":[{"href":"https:\/\/boutiquebeautyclub.ch\/fr\/wp-json\/wp\/v2\/types\/product"}],"wp:featuredmedia":[{"embeddable":true,"href":"https:\/\/boutiquebeautyclub.ch\/fr\/wp-json\/wp\/v2\/media\/1348"}],"wp:attachment":[{"href":"https:\/\/boutiquebeautyclub.ch\/fr\/wp-json\/wp\/v2\/media?parent=2692"}],"wp:term":[{"taxonomy":"product_brand","embeddable":true,"href":"https:\/\/boutiquebeautyclub.ch\/fr\/wp-json\/wp\/v2\/product_brand?post=2692"},{"taxonomy":"product_cat","embeddable":true,"href":"https:\/\/boutiquebeautyclub.ch\/fr\/wp-json\/wp\/v2\/product_cat?post=2692"},{"taxonomy":"product_tag","embeddable":true,"href":"https:\/\/boutiquebeautyclub.ch\/fr\/wp-json\/wp\/v2\/product_tag?post=2692"}],"curies":[{"name":"wp","href":"https:\/\/api.w.org\/{rel}","templated":true}]}}