{"id":2737,"date":"2026-01-23T14:20:43","date_gmt":"2026-01-23T13:20:43","guid":{"rendered":"https:\/\/boutiquebeautyclub.ch\/prodotto\/infusion-n11-belles-jambes\/"},"modified":"2026-01-23T14:20:43","modified_gmt":"2026-01-23T13:20:43","slug":"infusion-n11-belles-jambes","status":"publish","type":"product","link":"https:\/\/boutiquebeautyclub.ch\/fr\/prodotto\/infusion-n11-belles-jambes\/","title":{"rendered":"Infusion n\u00b011 BELLES JAMBES"},"content":{"rendered":"<p>Indiqu\u00e9e en cas de cellulite, de jambes et chevilles lourdes et gonfl\u00e9es, de capillaires apparents, de couperose. Convient aussi pour faciliter le drainage des liquides en exc\u00e8s et pour lutter contre les fourmillements des membres.<\/p>\n<p>Actifs et bienfaits : LES FEUILLES DE VIGNE ROUGE FAVORISENT LES FONCTIONS DE LA MICROCIRCULATION.<\/p>\n","protected":false},"excerpt":{"rendered":"<p>Indiqu\u00e9e en cas de cellulite, de jambes et chevilles lourdes et gonfl\u00e9es, de capillaires apparents, de couperose. Convient aussi pour faciliter le drainage des liquides en exc\u00e8s et pour lutter contre les fourmillements des membres. Actifs et bienfaits : LES FEUILLES DE VIGNE ROUGE FAVORISENT LES FONCTIONS DE LA MICROCIRCULATION.<\/p>\n","protected":false},"featured_media":1343,"template":"","meta":[],"product_brand":[],"product_cat":[856,417,958],"product_tag":[],"class_list":{"0":"post-2737","1":"product","2":"type-product","3":"status-publish","4":"has-post-thumbnail","6":"product_cat-bien-etre","7":"product_cat-corps","8":"product_cat-tisanes","10":"first","11":"instock","12":"shipping-taxable","13":"purchasable","14":"product-type-simple"},"yoast_head":"<!-- This site is optimized with the Yoast SEO plugin v27.6 - https:\/\/yoast.com\/product\/yoast-seo-wordpress\/ -->\n<title>Infusion n\u00b011 BELLES JAMBES - Boutique Beauty Club<\/title>\n<meta name=\"description\" content=\"Indiqu\u00e9e en cas de cellulite, de jambes et chevilles lourdes et gonfl\u00e9es, de capillaires apparents, de couperose. Convient aussi pour faciliter le drainage des liquides en exc\u00e8s et pour lutter contre les fourmillements des membres. Actifs et bienfaits : LES FEUILLES DE VIGNE ROUGE FAVORISENT LES FONCTIONS DE LA MICROCIRCULATION.\" \/>\n<meta name=\"robots\" content=\"index, follow, max-snippet:-1, max-image-preview:large, max-video-preview:-1\" \/>\n<link rel=\"canonical\" href=\"https:\/\/boutiquebeautyclub.ch\/fr\/prodotto\/infusion-n11-belles-jambes\/\" \/>\n<meta property=\"og:locale\" content=\"fr_FR\" \/>\n<meta property=\"og:type\" content=\"article\" \/>\n<meta property=\"og:title\" content=\"Infusion n\u00b011 BELLES JAMBES - Boutique Beauty Club\" \/>\n<meta property=\"og:description\" content=\"Indiqu\u00e9e en cas de cellulite, de jambes et chevilles lourdes et gonfl\u00e9es, de capillaires apparents, de couperose. Convient aussi pour faciliter le drainage des liquides en exc\u00e8s et pour lutter contre les fourmillements des membres. Actifs et bienfaits : LES FEUILLES DE VIGNE ROUGE FAVORISENT LES FONCTIONS DE LA MICROCIRCULATION.\" \/>\n<meta property=\"og:url\" content=\"https:\/\/boutiquebeautyclub.ch\/fr\/prodotto\/infusion-n11-belles-jambes\/\" \/>\n<meta property=\"og:site_name\" content=\"Boutique Beauty Club\" \/>\n<meta property=\"article:publisher\" content=\"https:\/\/www.facebook.com\/beautyclubesteticalosone\/\" \/>\n<meta property=\"og:image\" content=\"https:\/\/boutiquebeautyclub.ch\/wp-content\/uploads\/2026\/01\/Tisana-11.jpg\" \/>\n\t<meta property=\"og:image:width\" content=\"720\" \/>\n\t<meta property=\"og:image:height\" content=\"725\" \/>\n\t<meta property=\"og:image:type\" content=\"image\/jpeg\" \/>\n<meta name=\"twitter:card\" content=\"summary_large_image\" \/>\n<script type=\"application\/ld+json\" class=\"yoast-schema-graph\">{\"@context\":\"https:\\\/\\\/schema.org\",\"@graph\":[{\"@type\":\"WebPage\",\"@id\":\"https:\\\/\\\/boutiquebeautyclub.ch\\\/fr\\\/prodotto\\\/infusion-n11-belles-jambes\\\/\",\"url\":\"https:\\\/\\\/boutiquebeautyclub.ch\\\/fr\\\/prodotto\\\/infusion-n11-belles-jambes\\\/\",\"name\":\"Infusion n\u00b011 BELLES JAMBES - Boutique Beauty Club\",\"isPartOf\":{\"@id\":\"https:\\\/\\\/boutiquebeautyclub.ch\\\/fr\\\/#website\"},\"primaryImageOfPage\":{\"@id\":\"https:\\\/\\\/boutiquebeautyclub.ch\\\/fr\\\/prodotto\\\/infusion-n11-belles-jambes\\\/#primaryimage\"},\"image\":{\"@id\":\"https:\\\/\\\/boutiquebeautyclub.ch\\\/fr\\\/prodotto\\\/infusion-n11-belles-jambes\\\/#primaryimage\"},\"thumbnailUrl\":\"https:\\\/\\\/boutiquebeautyclub.ch\\\/wp-content\\\/uploads\\\/2026\\\/01\\\/Tisana-11.jpg\",\"datePublished\":\"2026-01-23T13:20:43+00:00\",\"description\":\"Indiqu\u00e9e en cas de cellulite, de jambes et chevilles lourdes et gonfl\u00e9es, de capillaires apparents, de couperose. Convient aussi pour faciliter le drainage des liquides en exc\u00e8s et pour lutter contre les fourmillements des membres. Actifs et bienfaits : LES FEUILLES DE VIGNE ROUGE FAVORISENT LES FONCTIONS DE LA MICROCIRCULATION.\",\"breadcrumb\":{\"@id\":\"https:\\\/\\\/boutiquebeautyclub.ch\\\/fr\\\/prodotto\\\/infusion-n11-belles-jambes\\\/#breadcrumb\"},\"inLanguage\":\"fr-FR\",\"potentialAction\":[{\"@type\":\"ReadAction\",\"target\":[\"https:\\\/\\\/boutiquebeautyclub.ch\\\/fr\\\/prodotto\\\/infusion-n11-belles-jambes\\\/\"]}]},{\"@type\":\"ImageObject\",\"inLanguage\":\"fr-FR\",\"@id\":\"https:\\\/\\\/boutiquebeautyclub.ch\\\/fr\\\/prodotto\\\/infusion-n11-belles-jambes\\\/#primaryimage\",\"url\":\"https:\\\/\\\/boutiquebeautyclub.ch\\\/wp-content\\\/uploads\\\/2026\\\/01\\\/Tisana-11.jpg\",\"contentUrl\":\"https:\\\/\\\/boutiquebeautyclub.ch\\\/wp-content\\\/uploads\\\/2026\\\/01\\\/Tisana-11.jpg\",\"width\":720,\"height\":725},{\"@type\":\"BreadcrumbList\",\"@id\":\"https:\\\/\\\/boutiquebeautyclub.ch\\\/fr\\\/prodotto\\\/infusion-n11-belles-jambes\\\/#breadcrumb\",\"itemListElement\":[{\"@type\":\"ListItem\",\"position\":1,\"name\":\"Home\",\"item\":\"https:\\\/\\\/boutiquebeautyclub.ch\\\/fr\\\/\"},{\"@type\":\"ListItem\",\"position\":2,\"name\":\"Boutique\",\"item\":\"https:\\\/\\\/boutiquebeautyclub.ch\\\/fr\\\/boutique\\\/\"},{\"@type\":\"ListItem\",\"position\":3,\"name\":\"Infusion n\u00b011 BELLES JAMBES\"}]},{\"@type\":\"WebSite\",\"@id\":\"https:\\\/\\\/boutiquebeautyclub.ch\\\/fr\\\/#website\",\"url\":\"https:\\\/\\\/boutiquebeautyclub.ch\\\/fr\\\/\",\"name\":\"Boutique Beauty Club\",\"description\":\"Il tuo punto di riferimento per la bellezza e il benessere.\",\"publisher\":{\"@id\":\"https:\\\/\\\/boutiquebeautyclub.ch\\\/fr\\\/#organization\"},\"potentialAction\":[{\"@type\":\"SearchAction\",\"target\":{\"@type\":\"EntryPoint\",\"urlTemplate\":\"https:\\\/\\\/boutiquebeautyclub.ch\\\/fr\\\/?s={search_term_string}\"},\"query-input\":{\"@type\":\"PropertyValueSpecification\",\"valueRequired\":true,\"valueName\":\"search_term_string\"}}],\"inLanguage\":\"fr-FR\"},{\"@type\":\"Organization\",\"@id\":\"https:\\\/\\\/boutiquebeautyclub.ch\\\/fr\\\/#organization\",\"name\":\"Boutique Beauty Club\",\"url\":\"https:\\\/\\\/boutiquebeautyclub.ch\\\/fr\\\/\",\"logo\":{\"@type\":\"ImageObject\",\"inLanguage\":\"fr-FR\",\"@id\":\"https:\\\/\\\/boutiquebeautyclub.ch\\\/fr\\\/#\\\/schema\\\/logo\\\/image\\\/\",\"url\":\"https:\\\/\\\/boutiquebeautyclub.ch\\\/wp-content\\\/uploads\\\/2025\\\/07\\\/logo.png\",\"contentUrl\":\"https:\\\/\\\/boutiquebeautyclub.ch\\\/wp-content\\\/uploads\\\/2025\\\/07\\\/logo.png\",\"width\":600,\"height\":248,\"caption\":\"Boutique Beauty Club\"},\"image\":{\"@id\":\"https:\\\/\\\/boutiquebeautyclub.ch\\\/fr\\\/#\\\/schema\\\/logo\\\/image\\\/\"},\"sameAs\":[\"https:\\\/\\\/www.facebook.com\\\/beautyclubesteticalosone\\\/\",\"https:\\\/\\\/www.instagram.com\\\/beautyclubestetica\\\/?hl=it\"]}]}<\/script>\n<!-- \/ Yoast SEO plugin. -->","yoast_head_json":{"title":"Infusion n\u00b011 BELLES JAMBES - Boutique Beauty Club","description":"Indiqu\u00e9e en cas de cellulite, de jambes et chevilles lourdes et gonfl\u00e9es, de capillaires apparents, de couperose. Convient aussi pour faciliter le drainage des liquides en exc\u00e8s et pour lutter contre les fourmillements des membres. Actifs et bienfaits : LES FEUILLES DE VIGNE ROUGE FAVORISENT LES FONCTIONS DE LA MICROCIRCULATION.","robots":{"index":"index","follow":"follow","max-snippet":"max-snippet:-1","max-image-preview":"max-image-preview:large","max-video-preview":"max-video-preview:-1"},"canonical":"https:\/\/boutiquebeautyclub.ch\/fr\/prodotto\/infusion-n11-belles-jambes\/","og_locale":"fr_FR","og_type":"article","og_title":"Infusion n\u00b011 BELLES JAMBES - Boutique Beauty Club","og_description":"Indiqu\u00e9e en cas de cellulite, de jambes et chevilles lourdes et gonfl\u00e9es, de capillaires apparents, de couperose. Convient aussi pour faciliter le drainage des liquides en exc\u00e8s et pour lutter contre les fourmillements des membres. Actifs et bienfaits : LES FEUILLES DE VIGNE ROUGE FAVORISENT LES FONCTIONS DE LA MICROCIRCULATION.","og_url":"https:\/\/boutiquebeautyclub.ch\/fr\/prodotto\/infusion-n11-belles-jambes\/","og_site_name":"Boutique Beauty Club","article_publisher":"https:\/\/www.facebook.com\/beautyclubesteticalosone\/","og_image":[{"width":720,"height":725,"url":"https:\/\/boutiquebeautyclub.ch\/wp-content\/uploads\/2026\/01\/Tisana-11.jpg","type":"image\/jpeg"}],"twitter_card":"summary_large_image","schema":{"@context":"https:\/\/schema.org","@graph":[{"@type":"WebPage","@id":"https:\/\/boutiquebeautyclub.ch\/fr\/prodotto\/infusion-n11-belles-jambes\/","url":"https:\/\/boutiquebeautyclub.ch\/fr\/prodotto\/infusion-n11-belles-jambes\/","name":"Infusion n\u00b011 BELLES JAMBES - Boutique Beauty Club","isPartOf":{"@id":"https:\/\/boutiquebeautyclub.ch\/fr\/#website"},"primaryImageOfPage":{"@id":"https:\/\/boutiquebeautyclub.ch\/fr\/prodotto\/infusion-n11-belles-jambes\/#primaryimage"},"image":{"@id":"https:\/\/boutiquebeautyclub.ch\/fr\/prodotto\/infusion-n11-belles-jambes\/#primaryimage"},"thumbnailUrl":"https:\/\/boutiquebeautyclub.ch\/wp-content\/uploads\/2026\/01\/Tisana-11.jpg","datePublished":"2026-01-23T13:20:43+00:00","description":"Indiqu\u00e9e en cas de cellulite, de jambes et chevilles lourdes et gonfl\u00e9es, de capillaires apparents, de couperose. Convient aussi pour faciliter le drainage des liquides en exc\u00e8s et pour lutter contre les fourmillements des membres. Actifs et bienfaits : LES FEUILLES DE VIGNE ROUGE FAVORISENT LES FONCTIONS DE LA MICROCIRCULATION.","breadcrumb":{"@id":"https:\/\/boutiquebeautyclub.ch\/fr\/prodotto\/infusion-n11-belles-jambes\/#breadcrumb"},"inLanguage":"fr-FR","potentialAction":[{"@type":"ReadAction","target":["https:\/\/boutiquebeautyclub.ch\/fr\/prodotto\/infusion-n11-belles-jambes\/"]}]},{"@type":"ImageObject","inLanguage":"fr-FR","@id":"https:\/\/boutiquebeautyclub.ch\/fr\/prodotto\/infusion-n11-belles-jambes\/#primaryimage","url":"https:\/\/boutiquebeautyclub.ch\/wp-content\/uploads\/2026\/01\/Tisana-11.jpg","contentUrl":"https:\/\/boutiquebeautyclub.ch\/wp-content\/uploads\/2026\/01\/Tisana-11.jpg","width":720,"height":725},{"@type":"BreadcrumbList","@id":"https:\/\/boutiquebeautyclub.ch\/fr\/prodotto\/infusion-n11-belles-jambes\/#breadcrumb","itemListElement":[{"@type":"ListItem","position":1,"name":"Home","item":"https:\/\/boutiquebeautyclub.ch\/fr\/"},{"@type":"ListItem","position":2,"name":"Boutique","item":"https:\/\/boutiquebeautyclub.ch\/fr\/boutique\/"},{"@type":"ListItem","position":3,"name":"Infusion n\u00b011 BELLES JAMBES"}]},{"@type":"WebSite","@id":"https:\/\/boutiquebeautyclub.ch\/fr\/#website","url":"https:\/\/boutiquebeautyclub.ch\/fr\/","name":"Boutique Beauty Club","description":"Il tuo punto di riferimento per la bellezza e il benessere.","publisher":{"@id":"https:\/\/boutiquebeautyclub.ch\/fr\/#organization"},"potentialAction":[{"@type":"SearchAction","target":{"@type":"EntryPoint","urlTemplate":"https:\/\/boutiquebeautyclub.ch\/fr\/?s={search_term_string}"},"query-input":{"@type":"PropertyValueSpecification","valueRequired":true,"valueName":"search_term_string"}}],"inLanguage":"fr-FR"},{"@type":"Organization","@id":"https:\/\/boutiquebeautyclub.ch\/fr\/#organization","name":"Boutique Beauty Club","url":"https:\/\/boutiquebeautyclub.ch\/fr\/","logo":{"@type":"ImageObject","inLanguage":"fr-FR","@id":"https:\/\/boutiquebeautyclub.ch\/fr\/#\/schema\/logo\/image\/","url":"https:\/\/boutiquebeautyclub.ch\/wp-content\/uploads\/2025\/07\/logo.png","contentUrl":"https:\/\/boutiquebeautyclub.ch\/wp-content\/uploads\/2025\/07\/logo.png","width":600,"height":248,"caption":"Boutique Beauty Club"},"image":{"@id":"https:\/\/boutiquebeautyclub.ch\/fr\/#\/schema\/logo\/image\/"},"sameAs":["https:\/\/www.facebook.com\/beautyclubesteticalosone\/","https:\/\/www.instagram.com\/beautyclubestetica\/?hl=it"]}]}},"_links":{"self":[{"href":"https:\/\/boutiquebeautyclub.ch\/fr\/wp-json\/wp\/v2\/product\/2737","targetHints":{"allow":["GET"]}}],"collection":[{"href":"https:\/\/boutiquebeautyclub.ch\/fr\/wp-json\/wp\/v2\/product"}],"about":[{"href":"https:\/\/boutiquebeautyclub.ch\/fr\/wp-json\/wp\/v2\/types\/product"}],"wp:featuredmedia":[{"embeddable":true,"href":"https:\/\/boutiquebeautyclub.ch\/fr\/wp-json\/wp\/v2\/media\/1343"}],"wp:attachment":[{"href":"https:\/\/boutiquebeautyclub.ch\/fr\/wp-json\/wp\/v2\/media?parent=2737"}],"wp:term":[{"taxonomy":"product_brand","embeddable":true,"href":"https:\/\/boutiquebeautyclub.ch\/fr\/wp-json\/wp\/v2\/product_brand?post=2737"},{"taxonomy":"product_cat","embeddable":true,"href":"https:\/\/boutiquebeautyclub.ch\/fr\/wp-json\/wp\/v2\/product_cat?post=2737"},{"taxonomy":"product_tag","embeddable":true,"href":"https:\/\/boutiquebeautyclub.ch\/fr\/wp-json\/wp\/v2\/product_tag?post=2737"}],"curies":[{"name":"wp","href":"https:\/\/api.w.org\/{rel}","templated":true}]}}