{"id":2743,"date":"2026-01-23T14:28:47","date_gmt":"2026-01-23T13:28:47","guid":{"rendered":"https:\/\/boutiquebeautyclub.ch\/prodotto\/tisane-28-menokal\/"},"modified":"2026-01-23T14:28:47","modified_gmt":"2026-01-23T13:28:47","slug":"tisane-28-menokal","status":"publish","type":"product","link":"https:\/\/boutiquebeautyclub.ch\/fr\/prodotto\/tisane-28-menokal\/","title":{"rendered":"Tisane #28 MENOKAL"},"content":{"rendered":"<p>Indiqu\u00e9e pour le maintien du poids corporel pendant et apr\u00e8s le r\u00e9gime, de pr\u00e9f\u00e9rence en association avec la tisane n\u00b021. Adapt\u00e9e en phase digestive apr\u00e8s des repas un peu copieux. <\/p>\n<p>Actifs et bienfaits : LE THALLE DE FUCUS FAVORISE L&rsquo;\u00c9QUILIBRE DU POIDS CORPOREL. LA RACINE D&rsquo;ASPERGE ET L&rsquo;HERBE DE PR\u00caLE FAVORISENT LE DRAINAGE DES LIQUIDES CORPORELS. <\/p>\n","protected":false},"excerpt":{"rendered":"<p>Indiqu\u00e9e pour le maintien du poids corporel pendant et apr\u00e8s le r\u00e9gime, de pr\u00e9f\u00e9rence en association avec la tisane n\u00b021. Adapt\u00e9e en phase digestive apr\u00e8s des repas un peu copieux. Actifs et bienfaits : LE THALLE DE FUCUS FAVORISE L&rsquo;\u00c9QUILIBRE DU POIDS CORPOREL. LA RACINE D&rsquo;ASPERGE ET L&rsquo;HERBE DE PR\u00caLE FAVORISENT LE DRAINAGE DES LIQUIDES CORPORELS.<\/p>\n","protected":false},"featured_media":1349,"template":"","meta":[],"product_brand":[],"product_cat":[856,417,958],"product_tag":[],"class_list":{"0":"post-2743","1":"product","2":"type-product","3":"status-publish","4":"has-post-thumbnail","6":"product_cat-bien-etre","7":"product_cat-corps","8":"product_cat-tisanes","10":"first","11":"instock","12":"shipping-taxable","13":"purchasable","14":"product-type-simple"},"yoast_head":"<!-- This site is optimized with the Yoast SEO plugin v27.6 - https:\/\/yoast.com\/product\/yoast-seo-wordpress\/ -->\n<title>Tisane #28 MENOKAL - Boutique Beauty Club<\/title>\n<meta name=\"description\" content=\"Indiqu\u00e9e pour le maintien du poids corporel pendant et apr\u00e8s le r\u00e9gime, de pr\u00e9f\u00e9rence en association avec la tisane n\u00b021. Adapt\u00e9e en phase digestive apr\u00e8s des repas un peu copieux. Actifs et bienfaits : LE THALLE DE FUCUS FAVORISE L&#039;\u00c9QUILIBRE DU POIDS CORPOREL. LA RACINE D&#039;ASPERGE ET L&#039;HERBE DE PR\u00caLE FAVORISENT LE DRAINAGE DES LIQUIDES CORPORELS.\" \/>\n<meta name=\"robots\" content=\"index, follow, max-snippet:-1, max-image-preview:large, max-video-preview:-1\" \/>\n<link rel=\"canonical\" href=\"https:\/\/boutiquebeautyclub.ch\/fr\/prodotto\/tisane-28-menokal\/\" \/>\n<meta property=\"og:locale\" content=\"fr_FR\" \/>\n<meta property=\"og:type\" content=\"article\" \/>\n<meta property=\"og:title\" content=\"Tisane #28 MENOKAL - Boutique Beauty Club\" \/>\n<meta property=\"og:description\" content=\"Indiqu\u00e9e pour le maintien du poids corporel pendant et apr\u00e8s le r\u00e9gime, de pr\u00e9f\u00e9rence en association avec la tisane n\u00b021. Adapt\u00e9e en phase digestive apr\u00e8s des repas un peu copieux. Actifs et bienfaits : LE THALLE DE FUCUS FAVORISE L&#039;\u00c9QUILIBRE DU POIDS CORPOREL. LA RACINE D&#039;ASPERGE ET L&#039;HERBE DE PR\u00caLE FAVORISENT LE DRAINAGE DES LIQUIDES CORPORELS.\" \/>\n<meta property=\"og:url\" content=\"https:\/\/boutiquebeautyclub.ch\/fr\/prodotto\/tisane-28-menokal\/\" \/>\n<meta property=\"og:site_name\" content=\"Boutique Beauty Club\" \/>\n<meta property=\"article:publisher\" content=\"https:\/\/www.facebook.com\/beautyclubesteticalosone\/\" \/>\n<meta property=\"og:image\" content=\"https:\/\/boutiquebeautyclub.ch\/wp-content\/uploads\/2026\/01\/Tisana-28.jpg\" \/>\n\t<meta property=\"og:image:width\" content=\"753\" \/>\n\t<meta property=\"og:image:height\" content=\"755\" \/>\n\t<meta property=\"og:image:type\" content=\"image\/jpeg\" \/>\n<meta name=\"twitter:card\" content=\"summary_large_image\" \/>\n<script type=\"application\/ld+json\" class=\"yoast-schema-graph\">{\"@context\":\"https:\\\/\\\/schema.org\",\"@graph\":[{\"@type\":\"WebPage\",\"@id\":\"https:\\\/\\\/boutiquebeautyclub.ch\\\/fr\\\/prodotto\\\/tisane-28-menokal\\\/\",\"url\":\"https:\\\/\\\/boutiquebeautyclub.ch\\\/fr\\\/prodotto\\\/tisane-28-menokal\\\/\",\"name\":\"Tisane #28 MENOKAL - Boutique Beauty Club\",\"isPartOf\":{\"@id\":\"https:\\\/\\\/boutiquebeautyclub.ch\\\/fr\\\/#website\"},\"primaryImageOfPage\":{\"@id\":\"https:\\\/\\\/boutiquebeautyclub.ch\\\/fr\\\/prodotto\\\/tisane-28-menokal\\\/#primaryimage\"},\"image\":{\"@id\":\"https:\\\/\\\/boutiquebeautyclub.ch\\\/fr\\\/prodotto\\\/tisane-28-menokal\\\/#primaryimage\"},\"thumbnailUrl\":\"https:\\\/\\\/boutiquebeautyclub.ch\\\/wp-content\\\/uploads\\\/2026\\\/01\\\/Tisana-28.jpg\",\"datePublished\":\"2026-01-23T13:28:47+00:00\",\"description\":\"Indiqu\u00e9e pour le maintien du poids corporel pendant et apr\u00e8s le r\u00e9gime, de pr\u00e9f\u00e9rence en association avec la tisane n\u00b021. Adapt\u00e9e en phase digestive apr\u00e8s des repas un peu copieux. Actifs et bienfaits : LE THALLE DE FUCUS FAVORISE L'\u00c9QUILIBRE DU POIDS CORPOREL. LA RACINE D'ASPERGE ET L'HERBE DE PR\u00caLE FAVORISENT LE DRAINAGE DES LIQUIDES CORPORELS.\",\"breadcrumb\":{\"@id\":\"https:\\\/\\\/boutiquebeautyclub.ch\\\/fr\\\/prodotto\\\/tisane-28-menokal\\\/#breadcrumb\"},\"inLanguage\":\"fr-FR\",\"potentialAction\":[{\"@type\":\"ReadAction\",\"target\":[\"https:\\\/\\\/boutiquebeautyclub.ch\\\/fr\\\/prodotto\\\/tisane-28-menokal\\\/\"]}]},{\"@type\":\"ImageObject\",\"inLanguage\":\"fr-FR\",\"@id\":\"https:\\\/\\\/boutiquebeautyclub.ch\\\/fr\\\/prodotto\\\/tisane-28-menokal\\\/#primaryimage\",\"url\":\"https:\\\/\\\/boutiquebeautyclub.ch\\\/wp-content\\\/uploads\\\/2026\\\/01\\\/Tisana-28.jpg\",\"contentUrl\":\"https:\\\/\\\/boutiquebeautyclub.ch\\\/wp-content\\\/uploads\\\/2026\\\/01\\\/Tisana-28.jpg\",\"width\":753,\"height\":755},{\"@type\":\"BreadcrumbList\",\"@id\":\"https:\\\/\\\/boutiquebeautyclub.ch\\\/fr\\\/prodotto\\\/tisane-28-menokal\\\/#breadcrumb\",\"itemListElement\":[{\"@type\":\"ListItem\",\"position\":1,\"name\":\"Home\",\"item\":\"https:\\\/\\\/boutiquebeautyclub.ch\\\/fr\\\/\"},{\"@type\":\"ListItem\",\"position\":2,\"name\":\"Boutique\",\"item\":\"https:\\\/\\\/boutiquebeautyclub.ch\\\/fr\\\/boutique\\\/\"},{\"@type\":\"ListItem\",\"position\":3,\"name\":\"Tisane #28 MENOKAL\"}]},{\"@type\":\"WebSite\",\"@id\":\"https:\\\/\\\/boutiquebeautyclub.ch\\\/fr\\\/#website\",\"url\":\"https:\\\/\\\/boutiquebeautyclub.ch\\\/fr\\\/\",\"name\":\"Boutique Beauty Club\",\"description\":\"Il tuo punto di riferimento per la bellezza e il benessere.\",\"publisher\":{\"@id\":\"https:\\\/\\\/boutiquebeautyclub.ch\\\/fr\\\/#organization\"},\"potentialAction\":[{\"@type\":\"SearchAction\",\"target\":{\"@type\":\"EntryPoint\",\"urlTemplate\":\"https:\\\/\\\/boutiquebeautyclub.ch\\\/fr\\\/?s={search_term_string}\"},\"query-input\":{\"@type\":\"PropertyValueSpecification\",\"valueRequired\":true,\"valueName\":\"search_term_string\"}}],\"inLanguage\":\"fr-FR\"},{\"@type\":\"Organization\",\"@id\":\"https:\\\/\\\/boutiquebeautyclub.ch\\\/fr\\\/#organization\",\"name\":\"Boutique Beauty Club\",\"url\":\"https:\\\/\\\/boutiquebeautyclub.ch\\\/fr\\\/\",\"logo\":{\"@type\":\"ImageObject\",\"inLanguage\":\"fr-FR\",\"@id\":\"https:\\\/\\\/boutiquebeautyclub.ch\\\/fr\\\/#\\\/schema\\\/logo\\\/image\\\/\",\"url\":\"https:\\\/\\\/boutiquebeautyclub.ch\\\/wp-content\\\/uploads\\\/2025\\\/07\\\/logo.png\",\"contentUrl\":\"https:\\\/\\\/boutiquebeautyclub.ch\\\/wp-content\\\/uploads\\\/2025\\\/07\\\/logo.png\",\"width\":600,\"height\":248,\"caption\":\"Boutique Beauty Club\"},\"image\":{\"@id\":\"https:\\\/\\\/boutiquebeautyclub.ch\\\/fr\\\/#\\\/schema\\\/logo\\\/image\\\/\"},\"sameAs\":[\"https:\\\/\\\/www.facebook.com\\\/beautyclubesteticalosone\\\/\",\"https:\\\/\\\/www.instagram.com\\\/beautyclubestetica\\\/?hl=it\"]}]}<\/script>\n<!-- \/ Yoast SEO plugin. -->","yoast_head_json":{"title":"Tisane #28 MENOKAL - Boutique Beauty Club","description":"Indiqu\u00e9e pour le maintien du poids corporel pendant et apr\u00e8s le r\u00e9gime, de pr\u00e9f\u00e9rence en association avec la tisane n\u00b021. Adapt\u00e9e en phase digestive apr\u00e8s des repas un peu copieux. Actifs et bienfaits : LE THALLE DE FUCUS FAVORISE L'\u00c9QUILIBRE DU POIDS CORPOREL. LA RACINE D'ASPERGE ET L'HERBE DE PR\u00caLE FAVORISENT LE DRAINAGE DES LIQUIDES CORPORELS.","robots":{"index":"index","follow":"follow","max-snippet":"max-snippet:-1","max-image-preview":"max-image-preview:large","max-video-preview":"max-video-preview:-1"},"canonical":"https:\/\/boutiquebeautyclub.ch\/fr\/prodotto\/tisane-28-menokal\/","og_locale":"fr_FR","og_type":"article","og_title":"Tisane #28 MENOKAL - Boutique Beauty Club","og_description":"Indiqu\u00e9e pour le maintien du poids corporel pendant et apr\u00e8s le r\u00e9gime, de pr\u00e9f\u00e9rence en association avec la tisane n\u00b021. Adapt\u00e9e en phase digestive apr\u00e8s des repas un peu copieux. Actifs et bienfaits : LE THALLE DE FUCUS FAVORISE L'\u00c9QUILIBRE DU POIDS CORPOREL. LA RACINE D'ASPERGE ET L'HERBE DE PR\u00caLE FAVORISENT LE DRAINAGE DES LIQUIDES CORPORELS.","og_url":"https:\/\/boutiquebeautyclub.ch\/fr\/prodotto\/tisane-28-menokal\/","og_site_name":"Boutique Beauty Club","article_publisher":"https:\/\/www.facebook.com\/beautyclubesteticalosone\/","og_image":[{"width":753,"height":755,"url":"https:\/\/boutiquebeautyclub.ch\/wp-content\/uploads\/2026\/01\/Tisana-28.jpg","type":"image\/jpeg"}],"twitter_card":"summary_large_image","schema":{"@context":"https:\/\/schema.org","@graph":[{"@type":"WebPage","@id":"https:\/\/boutiquebeautyclub.ch\/fr\/prodotto\/tisane-28-menokal\/","url":"https:\/\/boutiquebeautyclub.ch\/fr\/prodotto\/tisane-28-menokal\/","name":"Tisane #28 MENOKAL - Boutique Beauty Club","isPartOf":{"@id":"https:\/\/boutiquebeautyclub.ch\/fr\/#website"},"primaryImageOfPage":{"@id":"https:\/\/boutiquebeautyclub.ch\/fr\/prodotto\/tisane-28-menokal\/#primaryimage"},"image":{"@id":"https:\/\/boutiquebeautyclub.ch\/fr\/prodotto\/tisane-28-menokal\/#primaryimage"},"thumbnailUrl":"https:\/\/boutiquebeautyclub.ch\/wp-content\/uploads\/2026\/01\/Tisana-28.jpg","datePublished":"2026-01-23T13:28:47+00:00","description":"Indiqu\u00e9e pour le maintien du poids corporel pendant et apr\u00e8s le r\u00e9gime, de pr\u00e9f\u00e9rence en association avec la tisane n\u00b021. Adapt\u00e9e en phase digestive apr\u00e8s des repas un peu copieux. Actifs et bienfaits : LE THALLE DE FUCUS FAVORISE L'\u00c9QUILIBRE DU POIDS CORPOREL. LA RACINE D'ASPERGE ET L'HERBE DE PR\u00caLE FAVORISENT LE DRAINAGE DES LIQUIDES CORPORELS.","breadcrumb":{"@id":"https:\/\/boutiquebeautyclub.ch\/fr\/prodotto\/tisane-28-menokal\/#breadcrumb"},"inLanguage":"fr-FR","potentialAction":[{"@type":"ReadAction","target":["https:\/\/boutiquebeautyclub.ch\/fr\/prodotto\/tisane-28-menokal\/"]}]},{"@type":"ImageObject","inLanguage":"fr-FR","@id":"https:\/\/boutiquebeautyclub.ch\/fr\/prodotto\/tisane-28-menokal\/#primaryimage","url":"https:\/\/boutiquebeautyclub.ch\/wp-content\/uploads\/2026\/01\/Tisana-28.jpg","contentUrl":"https:\/\/boutiquebeautyclub.ch\/wp-content\/uploads\/2026\/01\/Tisana-28.jpg","width":753,"height":755},{"@type":"BreadcrumbList","@id":"https:\/\/boutiquebeautyclub.ch\/fr\/prodotto\/tisane-28-menokal\/#breadcrumb","itemListElement":[{"@type":"ListItem","position":1,"name":"Home","item":"https:\/\/boutiquebeautyclub.ch\/fr\/"},{"@type":"ListItem","position":2,"name":"Boutique","item":"https:\/\/boutiquebeautyclub.ch\/fr\/boutique\/"},{"@type":"ListItem","position":3,"name":"Tisane #28 MENOKAL"}]},{"@type":"WebSite","@id":"https:\/\/boutiquebeautyclub.ch\/fr\/#website","url":"https:\/\/boutiquebeautyclub.ch\/fr\/","name":"Boutique Beauty Club","description":"Il tuo punto di riferimento per la bellezza e il benessere.","publisher":{"@id":"https:\/\/boutiquebeautyclub.ch\/fr\/#organization"},"potentialAction":[{"@type":"SearchAction","target":{"@type":"EntryPoint","urlTemplate":"https:\/\/boutiquebeautyclub.ch\/fr\/?s={search_term_string}"},"query-input":{"@type":"PropertyValueSpecification","valueRequired":true,"valueName":"search_term_string"}}],"inLanguage":"fr-FR"},{"@type":"Organization","@id":"https:\/\/boutiquebeautyclub.ch\/fr\/#organization","name":"Boutique Beauty Club","url":"https:\/\/boutiquebeautyclub.ch\/fr\/","logo":{"@type":"ImageObject","inLanguage":"fr-FR","@id":"https:\/\/boutiquebeautyclub.ch\/fr\/#\/schema\/logo\/image\/","url":"https:\/\/boutiquebeautyclub.ch\/wp-content\/uploads\/2025\/07\/logo.png","contentUrl":"https:\/\/boutiquebeautyclub.ch\/wp-content\/uploads\/2025\/07\/logo.png","width":600,"height":248,"caption":"Boutique Beauty Club"},"image":{"@id":"https:\/\/boutiquebeautyclub.ch\/fr\/#\/schema\/logo\/image\/"},"sameAs":["https:\/\/www.facebook.com\/beautyclubesteticalosone\/","https:\/\/www.instagram.com\/beautyclubestetica\/?hl=it"]}]}},"_links":{"self":[{"href":"https:\/\/boutiquebeautyclub.ch\/fr\/wp-json\/wp\/v2\/product\/2743","targetHints":{"allow":["GET"]}}],"collection":[{"href":"https:\/\/boutiquebeautyclub.ch\/fr\/wp-json\/wp\/v2\/product"}],"about":[{"href":"https:\/\/boutiquebeautyclub.ch\/fr\/wp-json\/wp\/v2\/types\/product"}],"wp:featuredmedia":[{"embeddable":true,"href":"https:\/\/boutiquebeautyclub.ch\/fr\/wp-json\/wp\/v2\/media\/1349"}],"wp:attachment":[{"href":"https:\/\/boutiquebeautyclub.ch\/fr\/wp-json\/wp\/v2\/media?parent=2743"}],"wp:term":[{"taxonomy":"product_brand","embeddable":true,"href":"https:\/\/boutiquebeautyclub.ch\/fr\/wp-json\/wp\/v2\/product_brand?post=2743"},{"taxonomy":"product_cat","embeddable":true,"href":"https:\/\/boutiquebeautyclub.ch\/fr\/wp-json\/wp\/v2\/product_cat?post=2743"},{"taxonomy":"product_tag","embeddable":true,"href":"https:\/\/boutiquebeautyclub.ch\/fr\/wp-json\/wp\/v2\/product_tag?post=2743"}],"curies":[{"name":"wp","href":"https:\/\/api.w.org\/{rel}","templated":true}]}}