{"id":2748,"date":"2026-01-23T14:23:50","date_gmt":"2026-01-23T13:23:50","guid":{"rendered":"https:\/\/boutiquebeautyclub.ch\/prodotto\/tisane-13-energie\/"},"modified":"2026-01-23T14:23:50","modified_gmt":"2026-01-23T13:23:50","slug":"tisane-13-energie","status":"publish","type":"product","link":"https:\/\/boutiquebeautyclub.ch\/fr\/prodotto\/tisane-13-energie\/","title":{"rendered":"Tisane #13 \u00c9NERGIE"},"content":{"rendered":"<p>Indiqu\u00e9e en cas de fatigue, rel\u00e2chement musculaire et tissulaire, difficult\u00e9s au r\u00e9veil, manque d&rsquo;entrain. Tr\u00e8s adapt\u00e9e aussi lors des changements de saison, pendant les p\u00e9riodes d&rsquo;activit\u00e9 intense physique ou mentale, pour les sportifs qui veulent se r\u00e9hydrater avec une boisson tr\u00e8s peu calorique <\/p>\n<p>Actifs et bienfaits : LES FEUILLES DE DAMIANA, LA RACINE DE GINSENG, L&rsquo;\u00c9CORCE DES RACINES DE MUIRA PUAMA ET LES FEUILLES DE SAUGE SONT UTILES EN CAS DE FATIGUE PHYSIQUE ET MENTALE<\/p>\n","protected":false},"excerpt":{"rendered":"<p>Indiqu\u00e9e en cas de fatigue, rel\u00e2chement musculaire et tissulaire, difficult\u00e9s au r\u00e9veil, manque d&rsquo;entrain. Tr\u00e8s adapt\u00e9e aussi lors des changements de saison, pendant les p\u00e9riodes d&rsquo;activit\u00e9 intense physique ou mentale, pour les sportifs qui veulent se r\u00e9hydrater avec une boisson tr\u00e8s peu calorique Actifs et bienfaits : LES FEUILLES DE DAMIANA, LA RACINE DE GINSENG, L&rsquo;\u00c9CORCE DES RACINES DE MUIRA  [&#8230;]<\/p>\n","protected":false},"featured_media":1345,"template":"","meta":[],"product_brand":[],"product_cat":[856,417,958],"product_tag":[],"class_list":{"0":"post-2748","1":"product","2":"type-product","3":"status-publish","4":"has-post-thumbnail","6":"product_cat-bien-etre","7":"product_cat-corps","8":"product_cat-tisanes","10":"first","11":"instock","12":"shipping-taxable","13":"purchasable","14":"product-type-simple"},"yoast_head":"<!-- This site is optimized with the Yoast SEO plugin v27.6 - https:\/\/yoast.com\/product\/yoast-seo-wordpress\/ -->\n<title>Tisane #13 \u00c9NERGIE - Boutique Beauty Club<\/title>\n<meta name=\"description\" content=\"Indiqu\u00e9e en cas de fatigue, rel\u00e2chement musculaire et tissulaire, difficult\u00e9s au r\u00e9veil, manque d&#039;entrain. Tr\u00e8s adapt\u00e9e aussi lors des changements de saison, pendant les p\u00e9riodes d&#039;activit\u00e9 intense physique ou mentale, pour les sportifs qui veulent se r\u00e9hydrater avec une boisson tr\u00e8s peu calorique Actifs et bienfaits : LES FEUILLES DE DAMIANA, LA RACINE DE GINSENG, L&#039;\u00c9CORCE DES RACINES DE MUIRA PUAMA ET LES FEUILLES DE SAUGE SONT UTILES EN CAS DE FATIGUE PHYSIQUE ET MENTALE\" \/>\n<meta name=\"robots\" content=\"index, follow, max-snippet:-1, max-image-preview:large, max-video-preview:-1\" \/>\n<link rel=\"canonical\" href=\"https:\/\/boutiquebeautyclub.ch\/fr\/prodotto\/tisane-13-energie\/\" \/>\n<meta property=\"og:locale\" content=\"fr_FR\" \/>\n<meta property=\"og:type\" content=\"article\" \/>\n<meta property=\"og:title\" content=\"Tisane #13 \u00c9NERGIE - Boutique Beauty Club\" \/>\n<meta property=\"og:description\" content=\"Indiqu\u00e9e en cas de fatigue, rel\u00e2chement musculaire et tissulaire, difficult\u00e9s au r\u00e9veil, manque d&#039;entrain. Tr\u00e8s adapt\u00e9e aussi lors des changements de saison, pendant les p\u00e9riodes d&#039;activit\u00e9 intense physique ou mentale, pour les sportifs qui veulent se r\u00e9hydrater avec une boisson tr\u00e8s peu calorique Actifs et bienfaits : LES FEUILLES DE DAMIANA, LA RACINE DE GINSENG, L&#039;\u00c9CORCE DES RACINES DE MUIRA PUAMA ET LES FEUILLES DE SAUGE SONT UTILES EN CAS DE FATIGUE PHYSIQUE ET MENTALE\" \/>\n<meta property=\"og:url\" content=\"https:\/\/boutiquebeautyclub.ch\/fr\/prodotto\/tisane-13-energie\/\" \/>\n<meta property=\"og:site_name\" content=\"Boutique Beauty Club\" \/>\n<meta property=\"article:publisher\" content=\"https:\/\/www.facebook.com\/beautyclubesteticalosone\/\" \/>\n<meta property=\"og:image\" content=\"https:\/\/boutiquebeautyclub.ch\/wp-content\/uploads\/2026\/01\/Tisana-13.jpg\" \/>\n\t<meta property=\"og:image:width\" content=\"797\" \/>\n\t<meta property=\"og:image:height\" content=\"723\" \/>\n\t<meta property=\"og:image:type\" content=\"image\/jpeg\" \/>\n<meta name=\"twitter:card\" content=\"summary_large_image\" \/>\n<script type=\"application\/ld+json\" class=\"yoast-schema-graph\">{\"@context\":\"https:\\\/\\\/schema.org\",\"@graph\":[{\"@type\":\"WebPage\",\"@id\":\"https:\\\/\\\/boutiquebeautyclub.ch\\\/fr\\\/prodotto\\\/tisane-13-energie\\\/\",\"url\":\"https:\\\/\\\/boutiquebeautyclub.ch\\\/fr\\\/prodotto\\\/tisane-13-energie\\\/\",\"name\":\"Tisane #13 \u00c9NERGIE - Boutique Beauty Club\",\"isPartOf\":{\"@id\":\"https:\\\/\\\/boutiquebeautyclub.ch\\\/fr\\\/#website\"},\"primaryImageOfPage\":{\"@id\":\"https:\\\/\\\/boutiquebeautyclub.ch\\\/fr\\\/prodotto\\\/tisane-13-energie\\\/#primaryimage\"},\"image\":{\"@id\":\"https:\\\/\\\/boutiquebeautyclub.ch\\\/fr\\\/prodotto\\\/tisane-13-energie\\\/#primaryimage\"},\"thumbnailUrl\":\"https:\\\/\\\/boutiquebeautyclub.ch\\\/wp-content\\\/uploads\\\/2026\\\/01\\\/Tisana-13.jpg\",\"datePublished\":\"2026-01-23T13:23:50+00:00\",\"description\":\"Indiqu\u00e9e en cas de fatigue, rel\u00e2chement musculaire et tissulaire, difficult\u00e9s au r\u00e9veil, manque d'entrain. Tr\u00e8s adapt\u00e9e aussi lors des changements de saison, pendant les p\u00e9riodes d'activit\u00e9 intense physique ou mentale, pour les sportifs qui veulent se r\u00e9hydrater avec une boisson tr\u00e8s peu calorique Actifs et bienfaits : LES FEUILLES DE DAMIANA, LA RACINE DE GINSENG, L'\u00c9CORCE DES RACINES DE MUIRA PUAMA ET LES FEUILLES DE SAUGE SONT UTILES EN CAS DE FATIGUE PHYSIQUE ET MENTALE\",\"breadcrumb\":{\"@id\":\"https:\\\/\\\/boutiquebeautyclub.ch\\\/fr\\\/prodotto\\\/tisane-13-energie\\\/#breadcrumb\"},\"inLanguage\":\"fr-FR\",\"potentialAction\":[{\"@type\":\"ReadAction\",\"target\":[\"https:\\\/\\\/boutiquebeautyclub.ch\\\/fr\\\/prodotto\\\/tisane-13-energie\\\/\"]}]},{\"@type\":\"ImageObject\",\"inLanguage\":\"fr-FR\",\"@id\":\"https:\\\/\\\/boutiquebeautyclub.ch\\\/fr\\\/prodotto\\\/tisane-13-energie\\\/#primaryimage\",\"url\":\"https:\\\/\\\/boutiquebeautyclub.ch\\\/wp-content\\\/uploads\\\/2026\\\/01\\\/Tisana-13.jpg\",\"contentUrl\":\"https:\\\/\\\/boutiquebeautyclub.ch\\\/wp-content\\\/uploads\\\/2026\\\/01\\\/Tisana-13.jpg\",\"width\":797,\"height\":723},{\"@type\":\"BreadcrumbList\",\"@id\":\"https:\\\/\\\/boutiquebeautyclub.ch\\\/fr\\\/prodotto\\\/tisane-13-energie\\\/#breadcrumb\",\"itemListElement\":[{\"@type\":\"ListItem\",\"position\":1,\"name\":\"Home\",\"item\":\"https:\\\/\\\/boutiquebeautyclub.ch\\\/fr\\\/\"},{\"@type\":\"ListItem\",\"position\":2,\"name\":\"Boutique\",\"item\":\"https:\\\/\\\/boutiquebeautyclub.ch\\\/fr\\\/boutique\\\/\"},{\"@type\":\"ListItem\",\"position\":3,\"name\":\"Tisane #13 \u00c9NERGIE\"}]},{\"@type\":\"WebSite\",\"@id\":\"https:\\\/\\\/boutiquebeautyclub.ch\\\/fr\\\/#website\",\"url\":\"https:\\\/\\\/boutiquebeautyclub.ch\\\/fr\\\/\",\"name\":\"Boutique Beauty Club\",\"description\":\"Il tuo punto di riferimento per la bellezza e il benessere.\",\"publisher\":{\"@id\":\"https:\\\/\\\/boutiquebeautyclub.ch\\\/fr\\\/#organization\"},\"potentialAction\":[{\"@type\":\"SearchAction\",\"target\":{\"@type\":\"EntryPoint\",\"urlTemplate\":\"https:\\\/\\\/boutiquebeautyclub.ch\\\/fr\\\/?s={search_term_string}\"},\"query-input\":{\"@type\":\"PropertyValueSpecification\",\"valueRequired\":true,\"valueName\":\"search_term_string\"}}],\"inLanguage\":\"fr-FR\"},{\"@type\":\"Organization\",\"@id\":\"https:\\\/\\\/boutiquebeautyclub.ch\\\/fr\\\/#organization\",\"name\":\"Boutique Beauty Club\",\"url\":\"https:\\\/\\\/boutiquebeautyclub.ch\\\/fr\\\/\",\"logo\":{\"@type\":\"ImageObject\",\"inLanguage\":\"fr-FR\",\"@id\":\"https:\\\/\\\/boutiquebeautyclub.ch\\\/fr\\\/#\\\/schema\\\/logo\\\/image\\\/\",\"url\":\"https:\\\/\\\/boutiquebeautyclub.ch\\\/wp-content\\\/uploads\\\/2025\\\/07\\\/logo.png\",\"contentUrl\":\"https:\\\/\\\/boutiquebeautyclub.ch\\\/wp-content\\\/uploads\\\/2025\\\/07\\\/logo.png\",\"width\":600,\"height\":248,\"caption\":\"Boutique Beauty Club\"},\"image\":{\"@id\":\"https:\\\/\\\/boutiquebeautyclub.ch\\\/fr\\\/#\\\/schema\\\/logo\\\/image\\\/\"},\"sameAs\":[\"https:\\\/\\\/www.facebook.com\\\/beautyclubesteticalosone\\\/\",\"https:\\\/\\\/www.instagram.com\\\/beautyclubestetica\\\/?hl=it\"]}]}<\/script>\n<!-- \/ Yoast SEO plugin. -->","yoast_head_json":{"title":"Tisane #13 \u00c9NERGIE - Boutique Beauty Club","description":"Indiqu\u00e9e en cas de fatigue, rel\u00e2chement musculaire et tissulaire, difficult\u00e9s au r\u00e9veil, manque d'entrain. Tr\u00e8s adapt\u00e9e aussi lors des changements de saison, pendant les p\u00e9riodes d'activit\u00e9 intense physique ou mentale, pour les sportifs qui veulent se r\u00e9hydrater avec une boisson tr\u00e8s peu calorique Actifs et bienfaits : LES FEUILLES DE DAMIANA, LA RACINE DE GINSENG, L'\u00c9CORCE DES RACINES DE MUIRA PUAMA ET LES FEUILLES DE SAUGE SONT UTILES EN CAS DE FATIGUE PHYSIQUE ET MENTALE","robots":{"index":"index","follow":"follow","max-snippet":"max-snippet:-1","max-image-preview":"max-image-preview:large","max-video-preview":"max-video-preview:-1"},"canonical":"https:\/\/boutiquebeautyclub.ch\/fr\/prodotto\/tisane-13-energie\/","og_locale":"fr_FR","og_type":"article","og_title":"Tisane #13 \u00c9NERGIE - Boutique Beauty Club","og_description":"Indiqu\u00e9e en cas de fatigue, rel\u00e2chement musculaire et tissulaire, difficult\u00e9s au r\u00e9veil, manque d'entrain. Tr\u00e8s adapt\u00e9e aussi lors des changements de saison, pendant les p\u00e9riodes d'activit\u00e9 intense physique ou mentale, pour les sportifs qui veulent se r\u00e9hydrater avec une boisson tr\u00e8s peu calorique Actifs et bienfaits : LES FEUILLES DE DAMIANA, LA RACINE DE GINSENG, L'\u00c9CORCE DES RACINES DE MUIRA PUAMA ET LES FEUILLES DE SAUGE SONT UTILES EN CAS DE FATIGUE PHYSIQUE ET MENTALE","og_url":"https:\/\/boutiquebeautyclub.ch\/fr\/prodotto\/tisane-13-energie\/","og_site_name":"Boutique Beauty Club","article_publisher":"https:\/\/www.facebook.com\/beautyclubesteticalosone\/","og_image":[{"width":797,"height":723,"url":"https:\/\/boutiquebeautyclub.ch\/wp-content\/uploads\/2026\/01\/Tisana-13.jpg","type":"image\/jpeg"}],"twitter_card":"summary_large_image","schema":{"@context":"https:\/\/schema.org","@graph":[{"@type":"WebPage","@id":"https:\/\/boutiquebeautyclub.ch\/fr\/prodotto\/tisane-13-energie\/","url":"https:\/\/boutiquebeautyclub.ch\/fr\/prodotto\/tisane-13-energie\/","name":"Tisane #13 \u00c9NERGIE - Boutique Beauty Club","isPartOf":{"@id":"https:\/\/boutiquebeautyclub.ch\/fr\/#website"},"primaryImageOfPage":{"@id":"https:\/\/boutiquebeautyclub.ch\/fr\/prodotto\/tisane-13-energie\/#primaryimage"},"image":{"@id":"https:\/\/boutiquebeautyclub.ch\/fr\/prodotto\/tisane-13-energie\/#primaryimage"},"thumbnailUrl":"https:\/\/boutiquebeautyclub.ch\/wp-content\/uploads\/2026\/01\/Tisana-13.jpg","datePublished":"2026-01-23T13:23:50+00:00","description":"Indiqu\u00e9e en cas de fatigue, rel\u00e2chement musculaire et tissulaire, difficult\u00e9s au r\u00e9veil, manque d'entrain. Tr\u00e8s adapt\u00e9e aussi lors des changements de saison, pendant les p\u00e9riodes d'activit\u00e9 intense physique ou mentale, pour les sportifs qui veulent se r\u00e9hydrater avec une boisson tr\u00e8s peu calorique Actifs et bienfaits : LES FEUILLES DE DAMIANA, LA RACINE DE GINSENG, L'\u00c9CORCE DES RACINES DE MUIRA PUAMA ET LES FEUILLES DE SAUGE SONT UTILES EN CAS DE FATIGUE PHYSIQUE ET MENTALE","breadcrumb":{"@id":"https:\/\/boutiquebeautyclub.ch\/fr\/prodotto\/tisane-13-energie\/#breadcrumb"},"inLanguage":"fr-FR","potentialAction":[{"@type":"ReadAction","target":["https:\/\/boutiquebeautyclub.ch\/fr\/prodotto\/tisane-13-energie\/"]}]},{"@type":"ImageObject","inLanguage":"fr-FR","@id":"https:\/\/boutiquebeautyclub.ch\/fr\/prodotto\/tisane-13-energie\/#primaryimage","url":"https:\/\/boutiquebeautyclub.ch\/wp-content\/uploads\/2026\/01\/Tisana-13.jpg","contentUrl":"https:\/\/boutiquebeautyclub.ch\/wp-content\/uploads\/2026\/01\/Tisana-13.jpg","width":797,"height":723},{"@type":"BreadcrumbList","@id":"https:\/\/boutiquebeautyclub.ch\/fr\/prodotto\/tisane-13-energie\/#breadcrumb","itemListElement":[{"@type":"ListItem","position":1,"name":"Home","item":"https:\/\/boutiquebeautyclub.ch\/fr\/"},{"@type":"ListItem","position":2,"name":"Boutique","item":"https:\/\/boutiquebeautyclub.ch\/fr\/boutique\/"},{"@type":"ListItem","position":3,"name":"Tisane #13 \u00c9NERGIE"}]},{"@type":"WebSite","@id":"https:\/\/boutiquebeautyclub.ch\/fr\/#website","url":"https:\/\/boutiquebeautyclub.ch\/fr\/","name":"Boutique Beauty Club","description":"Il tuo punto di riferimento per la bellezza e il benessere.","publisher":{"@id":"https:\/\/boutiquebeautyclub.ch\/fr\/#organization"},"potentialAction":[{"@type":"SearchAction","target":{"@type":"EntryPoint","urlTemplate":"https:\/\/boutiquebeautyclub.ch\/fr\/?s={search_term_string}"},"query-input":{"@type":"PropertyValueSpecification","valueRequired":true,"valueName":"search_term_string"}}],"inLanguage":"fr-FR"},{"@type":"Organization","@id":"https:\/\/boutiquebeautyclub.ch\/fr\/#organization","name":"Boutique Beauty Club","url":"https:\/\/boutiquebeautyclub.ch\/fr\/","logo":{"@type":"ImageObject","inLanguage":"fr-FR","@id":"https:\/\/boutiquebeautyclub.ch\/fr\/#\/schema\/logo\/image\/","url":"https:\/\/boutiquebeautyclub.ch\/wp-content\/uploads\/2025\/07\/logo.png","contentUrl":"https:\/\/boutiquebeautyclub.ch\/wp-content\/uploads\/2025\/07\/logo.png","width":600,"height":248,"caption":"Boutique Beauty Club"},"image":{"@id":"https:\/\/boutiquebeautyclub.ch\/fr\/#\/schema\/logo\/image\/"},"sameAs":["https:\/\/www.facebook.com\/beautyclubesteticalosone\/","https:\/\/www.instagram.com\/beautyclubestetica\/?hl=it"]}]}},"_links":{"self":[{"href":"https:\/\/boutiquebeautyclub.ch\/fr\/wp-json\/wp\/v2\/product\/2748","targetHints":{"allow":["GET"]}}],"collection":[{"href":"https:\/\/boutiquebeautyclub.ch\/fr\/wp-json\/wp\/v2\/product"}],"about":[{"href":"https:\/\/boutiquebeautyclub.ch\/fr\/wp-json\/wp\/v2\/types\/product"}],"wp:featuredmedia":[{"embeddable":true,"href":"https:\/\/boutiquebeautyclub.ch\/fr\/wp-json\/wp\/v2\/media\/1345"}],"wp:attachment":[{"href":"https:\/\/boutiquebeautyclub.ch\/fr\/wp-json\/wp\/v2\/media?parent=2748"}],"wp:term":[{"taxonomy":"product_brand","embeddable":true,"href":"https:\/\/boutiquebeautyclub.ch\/fr\/wp-json\/wp\/v2\/product_brand?post=2748"},{"taxonomy":"product_cat","embeddable":true,"href":"https:\/\/boutiquebeautyclub.ch\/fr\/wp-json\/wp\/v2\/product_cat?post=2748"},{"taxonomy":"product_tag","embeddable":true,"href":"https:\/\/boutiquebeautyclub.ch\/fr\/wp-json\/wp\/v2\/product_tag?post=2748"}],"curies":[{"name":"wp","href":"https:\/\/api.w.org\/{rel}","templated":true}]}}