{"id":2793,"date":"2026-01-23T14:11:22","date_gmt":"2026-01-23T13:11:22","guid":{"rendered":"https:\/\/boutiquebeautyclub.ch\/prodotto\/tisane-2-depurative\/"},"modified":"2026-01-23T14:11:22","modified_gmt":"2026-01-23T13:11:22","slug":"tisane-2-depurative","status":"publish","type":"product","link":"https:\/\/boutiquebeautyclub.ch\/fr\/prodotto\/tisane-2-depurative\/","title":{"rendered":"Tisane #2 D\u00c9PURATIVE"},"content":{"rendered":"<p>Indiqu\u00e9e en cas de fatigue, de sensation de ballonnement ou de digestion lente. Conseill\u00e9e aussi aux fumeurs, lors des changements de saison et pendant les r\u00e9gimes. <\/p>\n<p>CONTIENT DES FEUILLES D\u2019ARTICHAUT ET DES FRUITS DE CHARDON-MARIE QUI FAVORISENT LES FONCTIONS D\u00c9PURATIVES ET DIGESTIVES DE L\u2019ORGANISME.<\/p>\n","protected":false},"excerpt":{"rendered":"<p>Indiqu\u00e9e en cas de fatigue, de sensation de ballonnement ou de digestion lente. Conseill\u00e9e aussi aux fumeurs, lors des changements de saison et pendant les r\u00e9gimes. <\/p>\n<p>CONTIENT DES FEUILLES D\u2019ARTICHAUT ET DES FRUITS DE CHARDON-MARIE QUI FAVORISENT LES FONCTIONS D\u00c9PURATIVES ET DIGESTIVES DE L\u2019ORGANISME.<\/p>\n","protected":false},"featured_media":1339,"template":"","meta":[],"product_brand":[],"product_cat":[856,417,958],"product_tag":[421,978],"class_list":{"0":"post-2793","1":"product","2":"type-product","3":"status-publish","4":"has-post-thumbnail","6":"product_cat-bien-etre","7":"product_cat-corps","8":"product_cat-tisanes","9":"product_tag-corps","10":"product_tag-tisane","12":"first","13":"instock","14":"shipping-taxable","15":"purchasable","16":"product-type-simple"},"yoast_head":"<!-- This site is optimized with the Yoast SEO plugin v27.6 - https:\/\/yoast.com\/product\/yoast-seo-wordpress\/ -->\n<title>Tisane #2 D\u00c9PURATIVE - Boutique Beauty Club<\/title>\n<meta name=\"description\" content=\"Indiqu\u00e9e en cas de fatigue, de sensation de ballonnement ou de digestion lente. Conseill\u00e9e aussi aux fumeurs, lors des changements de saison et pendant les r\u00e9gimes. CONTIENT DES FEUILLES D\u2019ARTICHAUT ET DES FRUITS DE CHARDON-MARIE QUI FAVORISENT LES FONCTIONS D\u00c9PURATIVES ET DIGESTIVES DE L\u2019ORGANISME.\" \/>\n<meta name=\"robots\" content=\"index, follow, max-snippet:-1, max-image-preview:large, max-video-preview:-1\" \/>\n<link rel=\"canonical\" href=\"https:\/\/boutiquebeautyclub.ch\/fr\/prodotto\/tisane-2-depurative\/\" \/>\n<meta property=\"og:locale\" content=\"fr_FR\" \/>\n<meta property=\"og:type\" content=\"article\" \/>\n<meta property=\"og:title\" content=\"Tisane #2 D\u00c9PURATIVE - Boutique Beauty Club\" \/>\n<meta property=\"og:description\" content=\"Indiqu\u00e9e en cas de fatigue, de sensation de ballonnement ou de digestion lente. Conseill\u00e9e aussi aux fumeurs, lors des changements de saison et pendant les r\u00e9gimes. CONTIENT DES FEUILLES D\u2019ARTICHAUT ET DES FRUITS DE CHARDON-MARIE QUI FAVORISENT LES FONCTIONS D\u00c9PURATIVES ET DIGESTIVES DE L\u2019ORGANISME.\" \/>\n<meta property=\"og:url\" content=\"https:\/\/boutiquebeautyclub.ch\/fr\/prodotto\/tisane-2-depurative\/\" \/>\n<meta property=\"og:site_name\" content=\"Boutique Beauty Club\" \/>\n<meta property=\"article:publisher\" content=\"https:\/\/www.facebook.com\/beautyclubesteticalosone\/\" \/>\n<meta property=\"og:image\" content=\"https:\/\/boutiquebeautyclub.ch\/wp-content\/uploads\/2026\/01\/Tisana-2.jpg\" \/>\n\t<meta property=\"og:image:width\" content=\"731\" \/>\n\t<meta property=\"og:image:height\" content=\"746\" \/>\n\t<meta property=\"og:image:type\" content=\"image\/jpeg\" \/>\n<meta name=\"twitter:card\" content=\"summary_large_image\" \/>\n<script type=\"application\/ld+json\" class=\"yoast-schema-graph\">{\"@context\":\"https:\\\/\\\/schema.org\",\"@graph\":[{\"@type\":\"WebPage\",\"@id\":\"https:\\\/\\\/boutiquebeautyclub.ch\\\/fr\\\/prodotto\\\/tisane-2-depurative\\\/\",\"url\":\"https:\\\/\\\/boutiquebeautyclub.ch\\\/fr\\\/prodotto\\\/tisane-2-depurative\\\/\",\"name\":\"Tisane #2 D\u00c9PURATIVE - Boutique Beauty Club\",\"isPartOf\":{\"@id\":\"https:\\\/\\\/boutiquebeautyclub.ch\\\/fr\\\/#website\"},\"primaryImageOfPage\":{\"@id\":\"https:\\\/\\\/boutiquebeautyclub.ch\\\/fr\\\/prodotto\\\/tisane-2-depurative\\\/#primaryimage\"},\"image\":{\"@id\":\"https:\\\/\\\/boutiquebeautyclub.ch\\\/fr\\\/prodotto\\\/tisane-2-depurative\\\/#primaryimage\"},\"thumbnailUrl\":\"https:\\\/\\\/boutiquebeautyclub.ch\\\/wp-content\\\/uploads\\\/2026\\\/01\\\/Tisana-2.jpg\",\"datePublished\":\"2026-01-23T13:11:22+00:00\",\"description\":\"Indiqu\u00e9e en cas de fatigue, de sensation de ballonnement ou de digestion lente. Conseill\u00e9e aussi aux fumeurs, lors des changements de saison et pendant les r\u00e9gimes. CONTIENT DES FEUILLES D\u2019ARTICHAUT ET DES FRUITS DE CHARDON-MARIE QUI FAVORISENT LES FONCTIONS D\u00c9PURATIVES ET DIGESTIVES DE L\u2019ORGANISME.\",\"breadcrumb\":{\"@id\":\"https:\\\/\\\/boutiquebeautyclub.ch\\\/fr\\\/prodotto\\\/tisane-2-depurative\\\/#breadcrumb\"},\"inLanguage\":\"fr-FR\",\"potentialAction\":[{\"@type\":\"ReadAction\",\"target\":[\"https:\\\/\\\/boutiquebeautyclub.ch\\\/fr\\\/prodotto\\\/tisane-2-depurative\\\/\"]}]},{\"@type\":\"ImageObject\",\"inLanguage\":\"fr-FR\",\"@id\":\"https:\\\/\\\/boutiquebeautyclub.ch\\\/fr\\\/prodotto\\\/tisane-2-depurative\\\/#primaryimage\",\"url\":\"https:\\\/\\\/boutiquebeautyclub.ch\\\/wp-content\\\/uploads\\\/2026\\\/01\\\/Tisana-2.jpg\",\"contentUrl\":\"https:\\\/\\\/boutiquebeautyclub.ch\\\/wp-content\\\/uploads\\\/2026\\\/01\\\/Tisana-2.jpg\",\"width\":731,\"height\":746,\"caption\":\"#2 Tisane d\u00e9purative\"},{\"@type\":\"BreadcrumbList\",\"@id\":\"https:\\\/\\\/boutiquebeautyclub.ch\\\/fr\\\/prodotto\\\/tisane-2-depurative\\\/#breadcrumb\",\"itemListElement\":[{\"@type\":\"ListItem\",\"position\":1,\"name\":\"Home\",\"item\":\"https:\\\/\\\/boutiquebeautyclub.ch\\\/fr\\\/\"},{\"@type\":\"ListItem\",\"position\":2,\"name\":\"Boutique\",\"item\":\"https:\\\/\\\/boutiquebeautyclub.ch\\\/fr\\\/boutique\\\/\"},{\"@type\":\"ListItem\",\"position\":3,\"name\":\"Tisane #2 D\u00c9PURATIVE\"}]},{\"@type\":\"WebSite\",\"@id\":\"https:\\\/\\\/boutiquebeautyclub.ch\\\/fr\\\/#website\",\"url\":\"https:\\\/\\\/boutiquebeautyclub.ch\\\/fr\\\/\",\"name\":\"Boutique Beauty Club\",\"description\":\"Il tuo punto di riferimento per la bellezza e il benessere.\",\"publisher\":{\"@id\":\"https:\\\/\\\/boutiquebeautyclub.ch\\\/fr\\\/#organization\"},\"potentialAction\":[{\"@type\":\"SearchAction\",\"target\":{\"@type\":\"EntryPoint\",\"urlTemplate\":\"https:\\\/\\\/boutiquebeautyclub.ch\\\/fr\\\/?s={search_term_string}\"},\"query-input\":{\"@type\":\"PropertyValueSpecification\",\"valueRequired\":true,\"valueName\":\"search_term_string\"}}],\"inLanguage\":\"fr-FR\"},{\"@type\":\"Organization\",\"@id\":\"https:\\\/\\\/boutiquebeautyclub.ch\\\/fr\\\/#organization\",\"name\":\"Boutique Beauty Club\",\"url\":\"https:\\\/\\\/boutiquebeautyclub.ch\\\/fr\\\/\",\"logo\":{\"@type\":\"ImageObject\",\"inLanguage\":\"fr-FR\",\"@id\":\"https:\\\/\\\/boutiquebeautyclub.ch\\\/fr\\\/#\\\/schema\\\/logo\\\/image\\\/\",\"url\":\"https:\\\/\\\/boutiquebeautyclub.ch\\\/wp-content\\\/uploads\\\/2025\\\/07\\\/logo.png\",\"contentUrl\":\"https:\\\/\\\/boutiquebeautyclub.ch\\\/wp-content\\\/uploads\\\/2025\\\/07\\\/logo.png\",\"width\":600,\"height\":248,\"caption\":\"Boutique Beauty Club\"},\"image\":{\"@id\":\"https:\\\/\\\/boutiquebeautyclub.ch\\\/fr\\\/#\\\/schema\\\/logo\\\/image\\\/\"},\"sameAs\":[\"https:\\\/\\\/www.facebook.com\\\/beautyclubesteticalosone\\\/\",\"https:\\\/\\\/www.instagram.com\\\/beautyclubestetica\\\/?hl=it\"]}]}<\/script>\n<!-- \/ Yoast SEO plugin. -->","yoast_head_json":{"title":"Tisane #2 D\u00c9PURATIVE - Boutique Beauty Club","description":"Indiqu\u00e9e en cas de fatigue, de sensation de ballonnement ou de digestion lente. Conseill\u00e9e aussi aux fumeurs, lors des changements de saison et pendant les r\u00e9gimes. CONTIENT DES FEUILLES D\u2019ARTICHAUT ET DES FRUITS DE CHARDON-MARIE QUI FAVORISENT LES FONCTIONS D\u00c9PURATIVES ET DIGESTIVES DE L\u2019ORGANISME.","robots":{"index":"index","follow":"follow","max-snippet":"max-snippet:-1","max-image-preview":"max-image-preview:large","max-video-preview":"max-video-preview:-1"},"canonical":"https:\/\/boutiquebeautyclub.ch\/fr\/prodotto\/tisane-2-depurative\/","og_locale":"fr_FR","og_type":"article","og_title":"Tisane #2 D\u00c9PURATIVE - Boutique Beauty Club","og_description":"Indiqu\u00e9e en cas de fatigue, de sensation de ballonnement ou de digestion lente. Conseill\u00e9e aussi aux fumeurs, lors des changements de saison et pendant les r\u00e9gimes. CONTIENT DES FEUILLES D\u2019ARTICHAUT ET DES FRUITS DE CHARDON-MARIE QUI FAVORISENT LES FONCTIONS D\u00c9PURATIVES ET DIGESTIVES DE L\u2019ORGANISME.","og_url":"https:\/\/boutiquebeautyclub.ch\/fr\/prodotto\/tisane-2-depurative\/","og_site_name":"Boutique Beauty Club","article_publisher":"https:\/\/www.facebook.com\/beautyclubesteticalosone\/","og_image":[{"width":731,"height":746,"url":"https:\/\/boutiquebeautyclub.ch\/wp-content\/uploads\/2026\/01\/Tisana-2.jpg","type":"image\/jpeg"}],"twitter_card":"summary_large_image","schema":{"@context":"https:\/\/schema.org","@graph":[{"@type":"WebPage","@id":"https:\/\/boutiquebeautyclub.ch\/fr\/prodotto\/tisane-2-depurative\/","url":"https:\/\/boutiquebeautyclub.ch\/fr\/prodotto\/tisane-2-depurative\/","name":"Tisane #2 D\u00c9PURATIVE - Boutique Beauty Club","isPartOf":{"@id":"https:\/\/boutiquebeautyclub.ch\/fr\/#website"},"primaryImageOfPage":{"@id":"https:\/\/boutiquebeautyclub.ch\/fr\/prodotto\/tisane-2-depurative\/#primaryimage"},"image":{"@id":"https:\/\/boutiquebeautyclub.ch\/fr\/prodotto\/tisane-2-depurative\/#primaryimage"},"thumbnailUrl":"https:\/\/boutiquebeautyclub.ch\/wp-content\/uploads\/2026\/01\/Tisana-2.jpg","datePublished":"2026-01-23T13:11:22+00:00","description":"Indiqu\u00e9e en cas de fatigue, de sensation de ballonnement ou de digestion lente. Conseill\u00e9e aussi aux fumeurs, lors des changements de saison et pendant les r\u00e9gimes. CONTIENT DES FEUILLES D\u2019ARTICHAUT ET DES FRUITS DE CHARDON-MARIE QUI FAVORISENT LES FONCTIONS D\u00c9PURATIVES ET DIGESTIVES DE L\u2019ORGANISME.","breadcrumb":{"@id":"https:\/\/boutiquebeautyclub.ch\/fr\/prodotto\/tisane-2-depurative\/#breadcrumb"},"inLanguage":"fr-FR","potentialAction":[{"@type":"ReadAction","target":["https:\/\/boutiquebeautyclub.ch\/fr\/prodotto\/tisane-2-depurative\/"]}]},{"@type":"ImageObject","inLanguage":"fr-FR","@id":"https:\/\/boutiquebeautyclub.ch\/fr\/prodotto\/tisane-2-depurative\/#primaryimage","url":"https:\/\/boutiquebeautyclub.ch\/wp-content\/uploads\/2026\/01\/Tisana-2.jpg","contentUrl":"https:\/\/boutiquebeautyclub.ch\/wp-content\/uploads\/2026\/01\/Tisana-2.jpg","width":731,"height":746,"caption":"#2 Tisane d\u00e9purative"},{"@type":"BreadcrumbList","@id":"https:\/\/boutiquebeautyclub.ch\/fr\/prodotto\/tisane-2-depurative\/#breadcrumb","itemListElement":[{"@type":"ListItem","position":1,"name":"Home","item":"https:\/\/boutiquebeautyclub.ch\/fr\/"},{"@type":"ListItem","position":2,"name":"Boutique","item":"https:\/\/boutiquebeautyclub.ch\/fr\/boutique\/"},{"@type":"ListItem","position":3,"name":"Tisane #2 D\u00c9PURATIVE"}]},{"@type":"WebSite","@id":"https:\/\/boutiquebeautyclub.ch\/fr\/#website","url":"https:\/\/boutiquebeautyclub.ch\/fr\/","name":"Boutique Beauty Club","description":"Il tuo punto di riferimento per la bellezza e il benessere.","publisher":{"@id":"https:\/\/boutiquebeautyclub.ch\/fr\/#organization"},"potentialAction":[{"@type":"SearchAction","target":{"@type":"EntryPoint","urlTemplate":"https:\/\/boutiquebeautyclub.ch\/fr\/?s={search_term_string}"},"query-input":{"@type":"PropertyValueSpecification","valueRequired":true,"valueName":"search_term_string"}}],"inLanguage":"fr-FR"},{"@type":"Organization","@id":"https:\/\/boutiquebeautyclub.ch\/fr\/#organization","name":"Boutique Beauty Club","url":"https:\/\/boutiquebeautyclub.ch\/fr\/","logo":{"@type":"ImageObject","inLanguage":"fr-FR","@id":"https:\/\/boutiquebeautyclub.ch\/fr\/#\/schema\/logo\/image\/","url":"https:\/\/boutiquebeautyclub.ch\/wp-content\/uploads\/2025\/07\/logo.png","contentUrl":"https:\/\/boutiquebeautyclub.ch\/wp-content\/uploads\/2025\/07\/logo.png","width":600,"height":248,"caption":"Boutique Beauty Club"},"image":{"@id":"https:\/\/boutiquebeautyclub.ch\/fr\/#\/schema\/logo\/image\/"},"sameAs":["https:\/\/www.facebook.com\/beautyclubesteticalosone\/","https:\/\/www.instagram.com\/beautyclubestetica\/?hl=it"]}]}},"_links":{"self":[{"href":"https:\/\/boutiquebeautyclub.ch\/fr\/wp-json\/wp\/v2\/product\/2793","targetHints":{"allow":["GET"]}}],"collection":[{"href":"https:\/\/boutiquebeautyclub.ch\/fr\/wp-json\/wp\/v2\/product"}],"about":[{"href":"https:\/\/boutiquebeautyclub.ch\/fr\/wp-json\/wp\/v2\/types\/product"}],"wp:featuredmedia":[{"embeddable":true,"href":"https:\/\/boutiquebeautyclub.ch\/fr\/wp-json\/wp\/v2\/media\/1339"}],"wp:attachment":[{"href":"https:\/\/boutiquebeautyclub.ch\/fr\/wp-json\/wp\/v2\/media?parent=2793"}],"wp:term":[{"taxonomy":"product_brand","embeddable":true,"href":"https:\/\/boutiquebeautyclub.ch\/fr\/wp-json\/wp\/v2\/product_brand?post=2793"},{"taxonomy":"product_cat","embeddable":true,"href":"https:\/\/boutiquebeautyclub.ch\/fr\/wp-json\/wp\/v2\/product_cat?post=2793"},{"taxonomy":"product_tag","embeddable":true,"href":"https:\/\/boutiquebeautyclub.ch\/fr\/wp-json\/wp\/v2\/product_tag?post=2793"}],"curies":[{"name":"wp","href":"https:\/\/api.w.org\/{rel}","templated":true}]}}