{"id":2848,"date":"2026-01-23T14:14:47","date_gmt":"2026-01-23T13:14:47","guid":{"rendered":"https:\/\/boutiquebeautyclub.ch\/prodotto\/tisane-6-regulatrice\/"},"modified":"2026-01-23T14:14:47","modified_gmt":"2026-01-23T13:14:47","slug":"tisane-6-regulatrice","status":"publish","type":"product","link":"https:\/\/boutiquebeautyclub.ch\/fr\/prodotto\/tisane-6-regulatrice\/","title":{"rendered":"Tisane #6 R\u00c9GULATRICE"},"content":{"rendered":"<p>Indiqu\u00e9e pour les imperfections d&rsquo;origine hormonale comme la peau acn\u00e9ique ou grasse, la perte excessive de cheveux, la cellulite, \u00e9galement indiqu\u00e9e en cas d&rsquo;irritabilit\u00e9 ou de changements d&rsquo;humeur (pendant les r\u00e8gles ou la m\u00e9nopause)<\/p>\n<p>Actifs et bienfaits : LES SOMMIT\u00c9S D&rsquo;ASP\u00c9RULE ET L&rsquo;HERBE FLEURIE DE PASSIFLORE FAVORISENT LA RELAXATION, LES FLEURS DE SUREAU LES D\u00c9FENSES NATURELLES DE L&rsquo;ORGANISME.<\/p>\n","protected":false},"excerpt":{"rendered":"<p>Indiqu\u00e9e pour les imperfections d&rsquo;origine hormonale comme la peau acn\u00e9ique ou grasse, la perte excessive de cheveux, la cellulite, \u00e9galement indiqu\u00e9e en cas d&rsquo;irritabilit\u00e9 ou de changements d&rsquo;humeur (pendant les r\u00e8gles ou la m\u00e9nopause)<\/p>\n<p>Actifs et bienfaits : LES SOMMIT\u00c9S D&rsquo;ASP\u00c9RULE ET L&rsquo;HERBE FLEURIE DE PASSIFLORE FAVORISENT LA RELAXATION, LES FLEURS DE SUREAU LES D\u00c9FENSES NATURELLES DE L&rsquo;ORGANISME.<\/p>\n","protected":false},"featured_media":1340,"template":"","meta":[],"product_brand":[],"product_cat":[856,417,958],"product_tag":[],"class_list":{"0":"post-2848","1":"product","2":"type-product","3":"status-publish","4":"has-post-thumbnail","6":"product_cat-bien-etre","7":"product_cat-corps","8":"product_cat-tisanes","10":"first","11":"instock","12":"shipping-taxable","13":"purchasable","14":"product-type-simple"},"yoast_head":"<!-- This site is optimized with the Yoast SEO plugin v27.6 - https:\/\/yoast.com\/product\/yoast-seo-wordpress\/ -->\n<title>Tisane #6 R\u00c9GULATRICE - Boutique Beauty Club<\/title>\n<meta name=\"description\" content=\"Indiqu\u00e9e pour les imperfections d&#039;origine hormonale comme la peau acn\u00e9ique ou grasse, la perte excessive de cheveux, la cellulite, \u00e9galement indiqu\u00e9e en cas d&#039;irritabilit\u00e9 ou de changements d&#039;humeur (pendant les r\u00e8gles ou la m\u00e9nopause)Actifs et bienfaits : LES SOMMIT\u00c9S D&#039;ASP\u00c9RULE ET L&#039;HERBE FLEURIE DE PASSIFLORE FAVORISENT LA RELAXATION, LES FLEURS DE SUREAU LES D\u00c9FENSES NATURELLES DE L&#039;ORGANISME.\" \/>\n<meta name=\"robots\" content=\"index, follow, max-snippet:-1, max-image-preview:large, max-video-preview:-1\" \/>\n<link rel=\"canonical\" href=\"https:\/\/boutiquebeautyclub.ch\/fr\/prodotto\/tisane-6-regulatrice\/\" \/>\n<meta property=\"og:locale\" content=\"fr_FR\" \/>\n<meta property=\"og:type\" content=\"article\" \/>\n<meta property=\"og:title\" content=\"Tisane #6 R\u00c9GULATRICE - Boutique Beauty Club\" \/>\n<meta property=\"og:description\" content=\"Indiqu\u00e9e pour les imperfections d&#039;origine hormonale comme la peau acn\u00e9ique ou grasse, la perte excessive de cheveux, la cellulite, \u00e9galement indiqu\u00e9e en cas d&#039;irritabilit\u00e9 ou de changements d&#039;humeur (pendant les r\u00e8gles ou la m\u00e9nopause)Actifs et bienfaits : LES SOMMIT\u00c9S D&#039;ASP\u00c9RULE ET L&#039;HERBE FLEURIE DE PASSIFLORE FAVORISENT LA RELAXATION, LES FLEURS DE SUREAU LES D\u00c9FENSES NATURELLES DE L&#039;ORGANISME.\" \/>\n<meta property=\"og:url\" content=\"https:\/\/boutiquebeautyclub.ch\/fr\/prodotto\/tisane-6-regulatrice\/\" \/>\n<meta property=\"og:site_name\" content=\"Boutique Beauty Club\" \/>\n<meta property=\"article:publisher\" content=\"https:\/\/www.facebook.com\/beautyclubesteticalosone\/\" \/>\n<meta property=\"og:image\" content=\"https:\/\/boutiquebeautyclub.ch\/wp-content\/uploads\/2026\/01\/Tisana-6.jpg\" \/>\n\t<meta property=\"og:image:width\" content=\"757\" \/>\n\t<meta property=\"og:image:height\" content=\"740\" \/>\n\t<meta property=\"og:image:type\" content=\"image\/jpeg\" \/>\n<meta name=\"twitter:card\" content=\"summary_large_image\" \/>\n<script type=\"application\/ld+json\" class=\"yoast-schema-graph\">{\"@context\":\"https:\\\/\\\/schema.org\",\"@graph\":[{\"@type\":\"WebPage\",\"@id\":\"https:\\\/\\\/boutiquebeautyclub.ch\\\/fr\\\/prodotto\\\/tisane-6-regulatrice\\\/\",\"url\":\"https:\\\/\\\/boutiquebeautyclub.ch\\\/fr\\\/prodotto\\\/tisane-6-regulatrice\\\/\",\"name\":\"Tisane #6 R\u00c9GULATRICE - Boutique Beauty Club\",\"isPartOf\":{\"@id\":\"https:\\\/\\\/boutiquebeautyclub.ch\\\/fr\\\/#website\"},\"primaryImageOfPage\":{\"@id\":\"https:\\\/\\\/boutiquebeautyclub.ch\\\/fr\\\/prodotto\\\/tisane-6-regulatrice\\\/#primaryimage\"},\"image\":{\"@id\":\"https:\\\/\\\/boutiquebeautyclub.ch\\\/fr\\\/prodotto\\\/tisane-6-regulatrice\\\/#primaryimage\"},\"thumbnailUrl\":\"https:\\\/\\\/boutiquebeautyclub.ch\\\/wp-content\\\/uploads\\\/2026\\\/01\\\/Tisana-6.jpg\",\"datePublished\":\"2026-01-23T13:14:47+00:00\",\"description\":\"Indiqu\u00e9e pour les imperfections d'origine hormonale comme la peau acn\u00e9ique ou grasse, la perte excessive de cheveux, la cellulite, \u00e9galement indiqu\u00e9e en cas d'irritabilit\u00e9 ou de changements d'humeur (pendant les r\u00e8gles ou la m\u00e9nopause)Actifs et bienfaits : LES SOMMIT\u00c9S D'ASP\u00c9RULE ET L'HERBE FLEURIE DE PASSIFLORE FAVORISENT LA RELAXATION, LES FLEURS DE SUREAU LES D\u00c9FENSES NATURELLES DE L'ORGANISME.\",\"breadcrumb\":{\"@id\":\"https:\\\/\\\/boutiquebeautyclub.ch\\\/fr\\\/prodotto\\\/tisane-6-regulatrice\\\/#breadcrumb\"},\"inLanguage\":\"fr-FR\",\"potentialAction\":[{\"@type\":\"ReadAction\",\"target\":[\"https:\\\/\\\/boutiquebeautyclub.ch\\\/fr\\\/prodotto\\\/tisane-6-regulatrice\\\/\"]}]},{\"@type\":\"ImageObject\",\"inLanguage\":\"fr-FR\",\"@id\":\"https:\\\/\\\/boutiquebeautyclub.ch\\\/fr\\\/prodotto\\\/tisane-6-regulatrice\\\/#primaryimage\",\"url\":\"https:\\\/\\\/boutiquebeautyclub.ch\\\/wp-content\\\/uploads\\\/2026\\\/01\\\/Tisana-6.jpg\",\"contentUrl\":\"https:\\\/\\\/boutiquebeautyclub.ch\\\/wp-content\\\/uploads\\\/2026\\\/01\\\/Tisana-6.jpg\",\"width\":757,\"height\":740},{\"@type\":\"BreadcrumbList\",\"@id\":\"https:\\\/\\\/boutiquebeautyclub.ch\\\/fr\\\/prodotto\\\/tisane-6-regulatrice\\\/#breadcrumb\",\"itemListElement\":[{\"@type\":\"ListItem\",\"position\":1,\"name\":\"Home\",\"item\":\"https:\\\/\\\/boutiquebeautyclub.ch\\\/fr\\\/\"},{\"@type\":\"ListItem\",\"position\":2,\"name\":\"Boutique\",\"item\":\"https:\\\/\\\/boutiquebeautyclub.ch\\\/fr\\\/boutique\\\/\"},{\"@type\":\"ListItem\",\"position\":3,\"name\":\"Tisane #6 R\u00c9GULATRICE\"}]},{\"@type\":\"WebSite\",\"@id\":\"https:\\\/\\\/boutiquebeautyclub.ch\\\/fr\\\/#website\",\"url\":\"https:\\\/\\\/boutiquebeautyclub.ch\\\/fr\\\/\",\"name\":\"Boutique Beauty Club\",\"description\":\"Il tuo punto di riferimento per la bellezza e il benessere.\",\"publisher\":{\"@id\":\"https:\\\/\\\/boutiquebeautyclub.ch\\\/fr\\\/#organization\"},\"potentialAction\":[{\"@type\":\"SearchAction\",\"target\":{\"@type\":\"EntryPoint\",\"urlTemplate\":\"https:\\\/\\\/boutiquebeautyclub.ch\\\/fr\\\/?s={search_term_string}\"},\"query-input\":{\"@type\":\"PropertyValueSpecification\",\"valueRequired\":true,\"valueName\":\"search_term_string\"}}],\"inLanguage\":\"fr-FR\"},{\"@type\":\"Organization\",\"@id\":\"https:\\\/\\\/boutiquebeautyclub.ch\\\/fr\\\/#organization\",\"name\":\"Boutique Beauty Club\",\"url\":\"https:\\\/\\\/boutiquebeautyclub.ch\\\/fr\\\/\",\"logo\":{\"@type\":\"ImageObject\",\"inLanguage\":\"fr-FR\",\"@id\":\"https:\\\/\\\/boutiquebeautyclub.ch\\\/fr\\\/#\\\/schema\\\/logo\\\/image\\\/\",\"url\":\"https:\\\/\\\/boutiquebeautyclub.ch\\\/wp-content\\\/uploads\\\/2025\\\/07\\\/logo.png\",\"contentUrl\":\"https:\\\/\\\/boutiquebeautyclub.ch\\\/wp-content\\\/uploads\\\/2025\\\/07\\\/logo.png\",\"width\":600,\"height\":248,\"caption\":\"Boutique Beauty Club\"},\"image\":{\"@id\":\"https:\\\/\\\/boutiquebeautyclub.ch\\\/fr\\\/#\\\/schema\\\/logo\\\/image\\\/\"},\"sameAs\":[\"https:\\\/\\\/www.facebook.com\\\/beautyclubesteticalosone\\\/\",\"https:\\\/\\\/www.instagram.com\\\/beautyclubestetica\\\/?hl=it\"]}]}<\/script>\n<!-- \/ Yoast SEO plugin. -->","yoast_head_json":{"title":"Tisane #6 R\u00c9GULATRICE - Boutique Beauty Club","description":"Indiqu\u00e9e pour les imperfections d'origine hormonale comme la peau acn\u00e9ique ou grasse, la perte excessive de cheveux, la cellulite, \u00e9galement indiqu\u00e9e en cas d'irritabilit\u00e9 ou de changements d'humeur (pendant les r\u00e8gles ou la m\u00e9nopause)Actifs et bienfaits : LES SOMMIT\u00c9S D'ASP\u00c9RULE ET L'HERBE FLEURIE DE PASSIFLORE FAVORISENT LA RELAXATION, LES FLEURS DE SUREAU LES D\u00c9FENSES NATURELLES DE L'ORGANISME.","robots":{"index":"index","follow":"follow","max-snippet":"max-snippet:-1","max-image-preview":"max-image-preview:large","max-video-preview":"max-video-preview:-1"},"canonical":"https:\/\/boutiquebeautyclub.ch\/fr\/prodotto\/tisane-6-regulatrice\/","og_locale":"fr_FR","og_type":"article","og_title":"Tisane #6 R\u00c9GULATRICE - Boutique Beauty Club","og_description":"Indiqu\u00e9e pour les imperfections d'origine hormonale comme la peau acn\u00e9ique ou grasse, la perte excessive de cheveux, la cellulite, \u00e9galement indiqu\u00e9e en cas d'irritabilit\u00e9 ou de changements d'humeur (pendant les r\u00e8gles ou la m\u00e9nopause)Actifs et bienfaits : LES SOMMIT\u00c9S D'ASP\u00c9RULE ET L'HERBE FLEURIE DE PASSIFLORE FAVORISENT LA RELAXATION, LES FLEURS DE SUREAU LES D\u00c9FENSES NATURELLES DE L'ORGANISME.","og_url":"https:\/\/boutiquebeautyclub.ch\/fr\/prodotto\/tisane-6-regulatrice\/","og_site_name":"Boutique Beauty Club","article_publisher":"https:\/\/www.facebook.com\/beautyclubesteticalosone\/","og_image":[{"width":757,"height":740,"url":"https:\/\/boutiquebeautyclub.ch\/wp-content\/uploads\/2026\/01\/Tisana-6.jpg","type":"image\/jpeg"}],"twitter_card":"summary_large_image","schema":{"@context":"https:\/\/schema.org","@graph":[{"@type":"WebPage","@id":"https:\/\/boutiquebeautyclub.ch\/fr\/prodotto\/tisane-6-regulatrice\/","url":"https:\/\/boutiquebeautyclub.ch\/fr\/prodotto\/tisane-6-regulatrice\/","name":"Tisane #6 R\u00c9GULATRICE - Boutique Beauty Club","isPartOf":{"@id":"https:\/\/boutiquebeautyclub.ch\/fr\/#website"},"primaryImageOfPage":{"@id":"https:\/\/boutiquebeautyclub.ch\/fr\/prodotto\/tisane-6-regulatrice\/#primaryimage"},"image":{"@id":"https:\/\/boutiquebeautyclub.ch\/fr\/prodotto\/tisane-6-regulatrice\/#primaryimage"},"thumbnailUrl":"https:\/\/boutiquebeautyclub.ch\/wp-content\/uploads\/2026\/01\/Tisana-6.jpg","datePublished":"2026-01-23T13:14:47+00:00","description":"Indiqu\u00e9e pour les imperfections d'origine hormonale comme la peau acn\u00e9ique ou grasse, la perte excessive de cheveux, la cellulite, \u00e9galement indiqu\u00e9e en cas d'irritabilit\u00e9 ou de changements d'humeur (pendant les r\u00e8gles ou la m\u00e9nopause)Actifs et bienfaits : LES SOMMIT\u00c9S D'ASP\u00c9RULE ET L'HERBE FLEURIE DE PASSIFLORE FAVORISENT LA RELAXATION, LES FLEURS DE SUREAU LES D\u00c9FENSES NATURELLES DE L'ORGANISME.","breadcrumb":{"@id":"https:\/\/boutiquebeautyclub.ch\/fr\/prodotto\/tisane-6-regulatrice\/#breadcrumb"},"inLanguage":"fr-FR","potentialAction":[{"@type":"ReadAction","target":["https:\/\/boutiquebeautyclub.ch\/fr\/prodotto\/tisane-6-regulatrice\/"]}]},{"@type":"ImageObject","inLanguage":"fr-FR","@id":"https:\/\/boutiquebeautyclub.ch\/fr\/prodotto\/tisane-6-regulatrice\/#primaryimage","url":"https:\/\/boutiquebeautyclub.ch\/wp-content\/uploads\/2026\/01\/Tisana-6.jpg","contentUrl":"https:\/\/boutiquebeautyclub.ch\/wp-content\/uploads\/2026\/01\/Tisana-6.jpg","width":757,"height":740},{"@type":"BreadcrumbList","@id":"https:\/\/boutiquebeautyclub.ch\/fr\/prodotto\/tisane-6-regulatrice\/#breadcrumb","itemListElement":[{"@type":"ListItem","position":1,"name":"Home","item":"https:\/\/boutiquebeautyclub.ch\/fr\/"},{"@type":"ListItem","position":2,"name":"Boutique","item":"https:\/\/boutiquebeautyclub.ch\/fr\/boutique\/"},{"@type":"ListItem","position":3,"name":"Tisane #6 R\u00c9GULATRICE"}]},{"@type":"WebSite","@id":"https:\/\/boutiquebeautyclub.ch\/fr\/#website","url":"https:\/\/boutiquebeautyclub.ch\/fr\/","name":"Boutique Beauty Club","description":"Il tuo punto di riferimento per la bellezza e il benessere.","publisher":{"@id":"https:\/\/boutiquebeautyclub.ch\/fr\/#organization"},"potentialAction":[{"@type":"SearchAction","target":{"@type":"EntryPoint","urlTemplate":"https:\/\/boutiquebeautyclub.ch\/fr\/?s={search_term_string}"},"query-input":{"@type":"PropertyValueSpecification","valueRequired":true,"valueName":"search_term_string"}}],"inLanguage":"fr-FR"},{"@type":"Organization","@id":"https:\/\/boutiquebeautyclub.ch\/fr\/#organization","name":"Boutique Beauty Club","url":"https:\/\/boutiquebeautyclub.ch\/fr\/","logo":{"@type":"ImageObject","inLanguage":"fr-FR","@id":"https:\/\/boutiquebeautyclub.ch\/fr\/#\/schema\/logo\/image\/","url":"https:\/\/boutiquebeautyclub.ch\/wp-content\/uploads\/2025\/07\/logo.png","contentUrl":"https:\/\/boutiquebeautyclub.ch\/wp-content\/uploads\/2025\/07\/logo.png","width":600,"height":248,"caption":"Boutique Beauty Club"},"image":{"@id":"https:\/\/boutiquebeautyclub.ch\/fr\/#\/schema\/logo\/image\/"},"sameAs":["https:\/\/www.facebook.com\/beautyclubesteticalosone\/","https:\/\/www.instagram.com\/beautyclubestetica\/?hl=it"]}]}},"_links":{"self":[{"href":"https:\/\/boutiquebeautyclub.ch\/fr\/wp-json\/wp\/v2\/product\/2848","targetHints":{"allow":["GET"]}}],"collection":[{"href":"https:\/\/boutiquebeautyclub.ch\/fr\/wp-json\/wp\/v2\/product"}],"about":[{"href":"https:\/\/boutiquebeautyclub.ch\/fr\/wp-json\/wp\/v2\/types\/product"}],"wp:featuredmedia":[{"embeddable":true,"href":"https:\/\/boutiquebeautyclub.ch\/fr\/wp-json\/wp\/v2\/media\/1340"}],"wp:attachment":[{"href":"https:\/\/boutiquebeautyclub.ch\/fr\/wp-json\/wp\/v2\/media?parent=2848"}],"wp:term":[{"taxonomy":"product_brand","embeddable":true,"href":"https:\/\/boutiquebeautyclub.ch\/fr\/wp-json\/wp\/v2\/product_brand?post=2848"},{"taxonomy":"product_cat","embeddable":true,"href":"https:\/\/boutiquebeautyclub.ch\/fr\/wp-json\/wp\/v2\/product_cat?post=2848"},{"taxonomy":"product_tag","embeddable":true,"href":"https:\/\/boutiquebeautyclub.ch\/fr\/wp-json\/wp\/v2\/product_tag?post=2848"}],"curies":[{"name":"wp","href":"https:\/\/api.w.org\/{rel}","templated":true}]}}